{"id":9308,"date":"2022-05-30T10:50:19","date_gmt":"2022-05-30T09:50:19","guid":{"rendered":"https:\/\/admit-one.co.uk\/?page_id=9308"},"modified":"2025-11-13T09:36:30","modified_gmt":"2025-11-13T09:36:30","slug":"cookie-policy","status":"publish","type":"page","link":"https:\/\/admit-one.eu\/sv\/cookiepolicy\/","title":{"rendered":"Cookiepolicy"},"content":{"rendered":"<section id=\"wp-block-themeisle-blocks-advanced-columns-faf6acdf\" class=\"wp-block-themeisle-blocks-advanced-columns alignfull has-1-columns has-desktop-equal-layout has-tablet-equal-layout has-mobile-equal-layout has-vertical-center clip-btm-up has-dark-bg\"><div class=\"wp-block-themeisle-blocks-advanced-columns-overlay\"><\/div><div class=\"innerblocks-wrap\">\n<div id=\"wp-block-themeisle-blocks-advanced-column-7ec5acd4\" class=\"wp-block-themeisle-blocks-advanced-column\">\n<h1 id=\"wp-block-themeisle-blocks-advanced-heading-13ce2b13\" class=\"wp-block-themeisle-blocks-advanced-heading wp-block-themeisle-blocks-advanced-heading-13ce2b13\">Cookiepolicy<\/h1>\n<\/div>\n<\/div><\/section>\n\n\n\n<div style=\"height:20px\" aria-hidden=\"true\" class=\"wp-block-spacer\"><\/div>\n\n\n\n<p>Denna cookiepolicy f\u00f6rklarar hur samarbetande programvara begr\u00e4nsas (\u201c<strong>f\u00f6retag<\/strong>&#8220;, &#8220;<strong>vi<\/strong>&#8220;, &#8220;<strong>oss<\/strong>&quot;, och &quot;<strong>v\u00e5r<\/strong>&quot;) anv\u00e4nder cookies och liknande tekniker f\u00f6r att k\u00e4nna igen dig n\u00e4r du bes\u00f6ker v\u00e5ra webbplatser p\u00e5&nbsp;<a href=\"https:\/\/admit-one.co.uk\/\" target=\"_blank\" rel=\"noreferrer noopener\">https:\/\/admit-one.co.uk<\/a>, (\u201c<strong>webbplatser<\/strong>\u201c). Den f\u00f6rklarar vad dessa teknologier \u00e4r och varf\u00f6r vi anv\u00e4nder dem, samt dina r\u00e4ttigheter att kontrollera v\u00e5r anv\u00e4ndning av dem.<\/p>\n\n\n\n<p>I vissa fall kan vi anv\u00e4nda cookies f\u00f6r att samla in personlig information, eller som blir personlig information om vi kombinerar den med annan information.<\/p>\n\n\n\n<h4>Vad \u00e4r cookies?<\/h4>\n\n\n\n<p>Cookies \u00e4r sm\u00e5 datafiler som placeras p\u00e5 din dator eller mobila enhet n\u00e4r du bes\u00f6ker en webbplats. Cookies anv\u00e4nds i stor utstr\u00e4ckning av webbplats\u00e4gare f\u00f6r att f\u00e5 deras webbplatser att fungera, eller f\u00f6r att fungera mer effektivt, samt f\u00f6r att tillhandah\u00e5lla rapporteringsinformation.<\/p>\n\n\n\n<p>Cookies som st\u00e4llts in av webbplats\u00e4garen (i detta fall, kollaborativ programvara begr\u00e4nsad) kallas &quot;f\u00f6rstapartscookies&quot;. Cookies som s\u00e4tts av andra parter \u00e4n webbplats\u00e4garen kallas &quot;tredjepartscookies&quot;. Tredjepartscookies g\u00f6r det m\u00f6jligt f\u00f6r tredje parts funktioner eller funktionalitet att tillhandah\u00e5llas p\u00e5 eller via webbplatsen (t.ex. reklam, interaktivt inneh\u00e5ll och analyser). Parterna som st\u00e4ller in dessa tredjepartscookies kan k\u00e4nna igen din dator b\u00e5de n\u00e4r den bes\u00f6ker den aktuella webbplatsen och \u00e4ven n\u00e4r den bes\u00f6ker vissa andra webbplatser.<\/p>\n\n\n\n<h4><strong>Varf\u00f6r anv\u00e4nder vi cookies?<\/strong><\/h4>\n\n\n\n<p>Vi anv\u00e4nder cookies fr\u00e5n f\u00f6rsta och tredje part av flera sk\u00e4l. Vissa cookies kr\u00e4vs av tekniska sk\u00e4l f\u00f6r att v\u00e5ra webbplatser ska fungera, och vi h\u00e4nvisar till dessa som &quot;n\u00f6dv\u00e4ndiga&quot; eller &quot;strikt n\u00f6dv\u00e4ndiga&quot; cookies. Andra cookies g\u00f6r det ocks\u00e5 m\u00f6jligt f\u00f6r oss att sp\u00e5ra och rikta in v\u00e5ra anv\u00e4ndares intressen f\u00f6r att f\u00f6rb\u00e4ttra upplevelsen p\u00e5 v\u00e5ra onlinefastigheter. Tredje part serverar cookies via v\u00e5ra webbplatser f\u00f6r reklam, analys och andra \u00e4ndam\u00e5l. Detta beskrivs mer i detalj nedan.<\/p>\n\n\n\n<p>De specifika typerna av f\u00f6rsta- och tredjepartscookies som serveras via v\u00e5ra webbplatser och de syften de utf\u00f6r beskrivs nedan (observera att de specifika cookies som serveras kan variera beroende p\u00e5 de specifika onlineegenskaper du bes\u00f6ker):<\/p>\n\n\n\n<h4><strong>Hur kan jag kontrollera cookies?<\/strong><\/h4>\n\n\n\n<p>Du har r\u00e4tt att best\u00e4mma om du vill acceptera eller avvisa cookies. Du kan ut\u00f6va dina cookier\u00e4ttigheter genom att st\u00e4lla in dina preferenser i cookie consent manager. Cookie-samtyckeshanteraren l\u00e5ter dig v\u00e4lja vilka kategorier av cookies du accepterar eller avvisar. Viktiga cookies kan inte avvisas eftersom de \u00e4r absolut n\u00f6dv\u00e4ndiga f\u00f6r att ge dig tj\u00e4nster.<\/p>\n\n\n\n<p>Cookie-samtyckshanteraren finns i meddelandebannern och p\u00e5 v\u00e5r webbplats. Om du v\u00e4ljer att avvisa cookies kan du fortfarande anv\u00e4nda v\u00e5r webbplats \u00e4ven om din tillg\u00e5ng till vissa funktioner och delar av v\u00e5r webbplats kan vara begr\u00e4nsad. Du kan ocks\u00e5 st\u00e4lla in eller \u00e4ndra din webbl\u00e4sares kontroller f\u00f6r att acceptera eller v\u00e4gra cookies. Eftersom det s\u00e4tt p\u00e5 vilket du kan v\u00e4gra cookies via din webbl\u00e4sares kontroller varierar fr\u00e5n webbl\u00e4sare till webbl\u00e4sare, b\u00f6r du bes\u00f6ka din webbl\u00e4sares hj\u00e4lpmeny f\u00f6r mer information.<\/p>\n\n\n\n<p>Dessutom erbjuder de flesta annonsn\u00e4tverk dig ett s\u00e4tt att v\u00e4lja bort riktad annonsering. Om du vill ta reda p\u00e5 mer information, v\u00e4nligen bes\u00f6k&nbsp;<a href=\"http:\/\/www.aboutads.info\/choices\/\" target=\"_blank\" rel=\"noreferrer noopener\">http:\/\/www.aboutads.info\/choices\/<\/a>&nbsp;eller&nbsp;<a href=\"http:\/\/www.youronlinechoices.com\/\" target=\"_blank\" rel=\"noreferrer noopener\">http:\/\/www.youronlinechoices.com<\/a>.<\/p>\n\n\n\n<p>De specifika typerna av f\u00f6rsta- och tredjepartscookies som serveras via v\u00e5ra webbplatser och de syften de utf\u00f6r beskrivs i tabellen nedan (observera att de specifika cookies som serveras kan variera beroende p\u00e5 de specifika onlineegenskaper du bes\u00f6ker):<strong>viktiga webbplatscookies:<\/strong><\/p>\n\n\n\n<p>Dessa cookies \u00e4r absolut n\u00f6dv\u00e4ndiga f\u00f6r att ge dig tj\u00e4nster som \u00e4r tillg\u00e4ngliga via v\u00e5ra webbplatser och f\u00f6r att anv\u00e4nda vissa av dess funktioner, s\u00e5som \u00e5tkomst till s\u00e4kra omr\u00e5den.<\/p>\n\n\n\n<h4><strong>Analytics och anpassningscookies:<\/strong><\/h4>\n\n\n\n<p>Dessa cookies samlar in information som antingen anv\u00e4nds i aggregerad form f\u00f6r att hj\u00e4lpa oss f\u00f6rst\u00e5 hur v\u00e5ra webbplatser anv\u00e4nds eller hur effektiva v\u00e5ra marknadsf\u00f6ringskampanjer \u00e4r, eller f\u00f6r att hj\u00e4lpa oss att anpassa v\u00e5ra webbplatser f\u00f6r dig.<\/p>\n\n\n\n<figure class=\"wp-block-table\"><table><tbody><tr><td>Namn:<\/td><td>_ga<\/td><\/tr><tr><td>\u00c4ndam\u00e5l:<\/td><td>Den registrerar ett s\u00e4rskilt id som anv\u00e4nds f\u00f6r att komma med data om anv\u00e4ndarens webbplatsanv\u00e4ndning. Det \u00e4r en http-cookie som upph\u00f6r efter 2 \u00e5r.<\/td><\/tr><tr><td>Leverant\u00f6r:<\/td><td>.admit-one.eu<\/td><\/tr><tr><td>Service:<\/td><td>Google Analytics&nbsp;<a href=\"https:\/\/policies.google.com\/privacy\" target=\"_blank\" rel=\"noreferrer noopener\">se tj\u00e4nstens sekretesspolicy<\/a>&nbsp;&nbsp;<\/td><\/tr><tr><td>Land:<\/td><td>Storbritannien<\/td><\/tr><tr><td>Typ:<\/td><td>Http_cookie<\/td><\/tr><tr><td>G\u00e5r ut om:<\/td><td>1 \u00e5r 11 m\u00e5nader 29 dagar<\/td><\/tr><tr><td>Namn:<\/td><td>#samla<\/td><\/tr><tr><td>\u00c4ndam\u00e5l:<\/td><td>Skickar data som bes\u00f6kares beteende och enhet till google analytics. Den kan h\u00e5lla koll p\u00e5 bes\u00f6karen \u00f6ver marknadsf\u00f6ringskanaler och enheter. Det \u00e4r en cookie av pixeltrackertyp vars aktivitet varar under surfsessionen.<\/td><\/tr><tr><td>Leverant\u00f6r:<\/td><td>Admit-one.eu<\/td><\/tr><tr><td>Service:<\/td><td>Google Analytics&nbsp;<a href=\"https:\/\/policies.google.com\/privacy\" target=\"_blank\" rel=\"noreferrer noopener\">se tj\u00e4nstens sekretesspolicy<\/a>&nbsp;&nbsp;<\/td><\/tr><tr><td>Land:<\/td><td>F\u00f6renta staterna<\/td><\/tr><tr><td>Typ:<\/td><td>Pixel_tracker<\/td><\/tr><tr><td>G\u00e5r ut om:<\/td><td>Session<\/td><\/tr><tr><td><\/td><td><\/td><td><\/td><\/tr><\/tbody><\/table><\/figure>\n\n\n\n<figure class=\"wp-block-table\"><table><tbody><tr><td>Namn:<\/td><td>_gid<\/td><\/tr><tr><td>\u00c4ndam\u00e5l:<\/td><td>Beh\u00e5ller en post med unikt id som sedan anv\u00e4nds f\u00f6r att komma med statistiska uppgifter om webbplatsanv\u00e4ndning av bes\u00f6kare. Det \u00e4r en http-cookietyp och upph\u00f6r efter en surfsession.<\/td><\/tr><tr><td>Leverant\u00f6r:<\/td><td>.admit-one.eu<\/td><\/tr><tr><td>Service:<\/td><td>Google Analytics&nbsp;<a href=\"https:\/\/policies.google.com\/privacy\" target=\"_blank\" rel=\"noreferrer noopener\">se tj\u00e4nstens sekretesspolicy<\/a>&nbsp;&nbsp;<\/td><\/tr><tr><td>Land:<\/td><td>Storbritannien<\/td><\/tr><tr><td>Typ:<\/td><td>Http_cookie<\/td><\/tr><tr><td>G\u00e5r ut om:<\/td><td>1 dag<\/td><\/tr><tr><td>Namn:<\/td><td>_gat#<\/td><\/tr><tr><td>\u00c4ndam\u00e5l:<\/td><td>G\u00f6r det m\u00f6jligt f\u00f6r Google Analytics att reglera antalet f\u00f6rfr\u00e5gningar. Det \u00e4r en http-cookietyp som varar under en session.<\/td><\/tr><tr><td>Leverant\u00f6r:<\/td><td>.admit-one.eu<\/td><\/tr><tr><td>Service:<\/td><td>Google Analytics&nbsp;<a href=\"https:\/\/policies.google.com\/privacy\" target=\"_blank\" rel=\"noreferrer noopener\">se tj\u00e4nstens sekretesspolicy<\/a>&nbsp;&nbsp;<\/td><\/tr><tr><td>Land:<\/td><td>Storbritannien<\/td><\/tr><tr><td>Typ:<\/td><td>Http_cookie<\/td><\/tr><tr><td>G\u00e5r ut om:<\/td><td>1 minut<\/td><\/tr><tr><td><\/td><td><\/td><td><\/td><\/tr><\/tbody><\/table><\/figure>\n\n\n\n<h4>Oklassificerade cookies:<\/h4>\n\n\n\n<p>Det h\u00e4r \u00e4r cookies som \u00e4nnu inte har kategoriserats. Vi h\u00e5ller p\u00e5 att klassificera dessa cookies med hj\u00e4lp av deras leverant\u00f6rer.<\/p>\n\n\n\n<figure class=\"wp-block-table\"><table><tbody><tr><td>Namn:<\/td><td>Uuid<\/td><\/tr><tr><td>\u00c4ndam\u00e5l:<\/td><td>__________<\/td><\/tr><tr><td>Leverant\u00f6r:<\/td><td>Sibautomation.com<\/td><\/tr><tr><td>Service:<\/td><td>__________ &nbsp;<\/td><\/tr><tr><td>Land:<\/td><td>F\u00f6renta staterna<\/td><\/tr><tr><td>Typ:<\/td><td>Http_cookie<\/td><\/tr><tr><td>G\u00e5r ut om:<\/td><td>1 \u00e5r 29 dagar<\/td><\/tr><tr><td>Namn:<\/td><td>Sib_cuid<\/td><\/tr><tr><td>\u00c4ndam\u00e5l:<\/td><td>__________<\/td><\/tr><tr><td>Leverant\u00f6r:<\/td><td>.admit-one.eu<\/td><\/tr><tr><td>Service:<\/td><td>__________ &nbsp;<\/td><\/tr><tr><td>Land:<\/td><td>Storbritannien<\/td><\/tr><tr><td>Typ:<\/td><td>Http_cookie<\/td><\/tr><tr><td>G\u00e5r ut om:<\/td><td>1 \u00e5r 29 dagar<\/td><\/tr><\/tbody><\/table><\/figure>\n\n\n\n<h4><strong>Hur \u00e4r det med andra sp\u00e5rningstekniker, som webbfyrar?<\/strong><\/h4>\n\n\n\n<p>Cookies \u00e4r inte det enda s\u00e4ttet att k\u00e4nna igen eller sp\u00e5ra bes\u00f6kare p\u00e5 en webbplats. Vi kan anv\u00e4nda andra liknande tekniker d\u00e5 och d\u00e5, som webbfyrar (ibland kallade &quot;sp\u00e5rningspixlar&quot; eller &quot;clear gifs&quot;). Dessa \u00e4r sm\u00e5 grafikfiler som inneh\u00e5ller en unik identifierare som g\u00f6r att vi kan k\u00e4nna igen n\u00e4r n\u00e5gon har bes\u00f6kt v\u00e5ra webbplatser eller \u00f6ppnat ett e-postmeddelande inklusive dem. Detta till\u00e5ter oss till exempel att \u00f6vervaka trafikm\u00f6nster f\u00f6r anv\u00e4ndare fr\u00e5n en sida p\u00e5 en webbplats till en annan, att leverera eller kommunicera med cookies, f\u00f6r att f\u00f6rst\u00e5 om du har kommit till webbplatsen fr\u00e5n en onlineannons som visas p\u00e5 en tredje parts webbplats , f\u00f6r att f\u00f6rb\u00e4ttra webbplatsens prestanda och f\u00f6r att m\u00e4ta framg\u00e5ngen f\u00f6r e-postmarknadsf\u00f6ringskampanjer. I m\u00e5nga fall \u00e4r dessa tekniker beroende av cookies f\u00f6r att fungera korrekt, och d\u00e4rf\u00f6r kommer att avvisa cookies f\u00f6rs\u00e4mra deras funktion.<\/p>\n\n\n\n<h4><strong>Anv\u00e4nder du flash-cookies eller lokala delade objekt?<\/strong><\/h4>\n\n\n\n<p>Webbplatser kan ocks\u00e5 anv\u00e4nda s\u00e5 kallade &quot;flash-cookies&quot; (\u00e4ven k\u00e4nd som lokala delade objekt eller &quot;lsos&quot;) f\u00f6r att bland annat samla in och lagra information om din anv\u00e4ndning av v\u00e5ra tj\u00e4nster, bedr\u00e4gerif\u00f6rebyggande och f\u00f6r annan webbplatsdrift.<\/p>\n\n\n\n<p>Om du inte vill att flash-cookies lagras p\u00e5 din dator kan du justera inst\u00e4llningarna f\u00f6r din flash-spelare f\u00f6r att blockera flash-cookies med hj\u00e4lp av verktygen i&nbsp;<a href=\"http:\/\/www.macromedia.com\/support\/documentation\/en\/flashplayer\/help\/settings_manager07.html#_blank\">panel f\u00f6r inst\u00e4llningar f\u00f6r webbplatslagring<\/a>. Du kan ocks\u00e5 kontrollera flash-cookies genom att g\u00e5 till&nbsp;<a href=\"http:\/\/www.macromedia.com\/support\/documentation\/en\/flashplayer\/help\/settings_manager03.html#_blank\">panelen f\u00f6r globala lagringsinst\u00e4llningar<\/a>&nbsp;och f\u00f6lja instruktionerna (som kan inkludera instruktioner som f\u00f6rklarar till exempel hur man tar bort befintliga flash-cookies (refereras till &quot;information&quot; p\u00e5 makromediasidan), hur man f\u00f6rhindrar att flash lsos placeras p\u00e5 din dator utan att du blir tillfr\u00e5gad, och (f\u00f6r flash player 8 och senare) hur man blockerar flash-cookies som inte levereras av operat\u00f6ren f\u00f6r sidan du \u00e4r p\u00e5 vid tillf\u00e4llet).<\/p>\n\n\n\n<p>Observera att om du st\u00e4ller in flash-spelaren f\u00f6r att begr\u00e4nsa eller begr\u00e4nsa acceptansen av flash-cookies kan det minska eller f\u00f6rsv\u00e5ra funktionen hos vissa flash-applikationer, inklusive, potentiellt, flash-applikationer som anv\u00e4nds i samband med v\u00e5ra tj\u00e4nster eller onlineinneh\u00e5ll.<\/p>\n\n\n\n<h4><strong>Levererar du riktad reklam?<\/strong><\/h4>\n\n\n\n<p>Tredje parter kan visa cookies p\u00e5 din dator eller mobila enhet f\u00f6r att visa reklam via v\u00e5ra webbplatser. Dessa f\u00f6retag kan anv\u00e4nda information om dina bes\u00f6k p\u00e5 denna och andra webbplatser f\u00f6r att tillhandah\u00e5lla relevanta annonser om varor och tj\u00e4nster som du kan vara intresserad av. De kan ocks\u00e5 anv\u00e4nda teknik som anv\u00e4nds f\u00f6r att m\u00e4ta effektiviteten av annonser. Detta kan \u00e5stadkommas genom att de anv\u00e4nder cookies eller webbsignaler f\u00f6r att samla in information om dina bes\u00f6k p\u00e5 denna och andra webbplatser f\u00f6r att tillhandah\u00e5lla relevanta annonser om varor och tj\u00e4nster av potentiellt intresse f\u00f6r dig. Informationen som samlas in genom denna process g\u00f6r det inte m\u00f6jligt f\u00f6r oss eller dem att identifiera ditt namn, kontaktuppgifter eller andra detaljer som direkt identifierar dig om du inte v\u00e4ljer att tillhandah\u00e5lla dessa.<\/p>\n\n\n\n<h4><strong>Hur ofta kommer du att uppdatera denna cookiepolicy?<\/strong><\/h4>\n\n\n\n<p>Vi kan komma att uppdatera denna cookiepolicy d\u00e5 och d\u00e5 f\u00f6r att reflektera till exempel \u00e4ndringar av de cookies vi anv\u00e4nder eller av andra operativa, juridiska eller regulatoriska sk\u00e4l. V\u00e4nligen bes\u00f6k d\u00e4rf\u00f6r denna cookiepolicy igen regelbundet f\u00f6r att h\u00e5lla dig informerad om v\u00e5r anv\u00e4ndning av cookies och relaterade teknologier.<\/p>\n\n\n\n<p>Datumet \u00f6verst i denna cookiepolicy anger n\u00e4r den senast uppdaterades.<\/p>\n\n\n\n<h4><strong>Var kan jag f\u00e5 mer information?<\/strong><\/h4>\n\n\n\n<p>Om du har n\u00e5gra fr\u00e5gor om v\u00e5r anv\u00e4ndning av cookies eller annan teknik, v\u00e4nligen maila oss p\u00e5\u00a0<a href=\"mailto:info@admit-one.co.uk.local\">info@admit-one.co.uk<\/a>\u00a0eller per post till:<\/p>\n\n\n\n<p>Collaborative Software Limited<br>Unit 9 Albany Park<br>Cabot Lane<br>Poole BH17 7BX<br>Telefon: 01929 551356<\/p>","protected":false},"excerpt":{"rendered":"<p>Denna cookiepolicy f\u00f6rklarar hur kollaborativ programvara begr\u00e4nsad (&quot;f\u00f6retag&quot;, &quot;vi&quot;, &quot;oss&quot;, och &quot;v\u00e5r&quot;) anv\u00e4nder cookies och liknande tekniker f\u00f6r att k\u00e4nna igen dig n\u00e4r du bes\u00f6ker v\u00e5ra webbplatser p\u00e5 https:\/\/admit-one.co. uk, (&quot;webbplatser&quot;). Den f\u00f6rklarar vad dessa teknologier \u00e4r och varf\u00f6r vi anv\u00e4nder dem, samt dina r\u00e4ttigheter att kontrollera v\u00e5r anv\u00e4ndning av dem. I vissa fall kan vi anv\u00e4nda cookies f\u00f6r att...&nbsp;<a href=\"https:\/\/admit-one.eu\/sv\/cookiepolicy\/\" rel=\"bookmark\">L\u00e4s mer &quot;<span class=\"screen-reader-text\">Cookiepolicy<\/span><\/a><\/p>","protected":false},"author":1,"featured_media":0,"parent":0,"menu_order":0,"comment_status":"closed","ping_status":"closed","template":"","meta":{"om_disable_all_campaigns":false,"_uag_custom_page_level_css":"","_mi_skip_tracking":false,"neve_meta_sidebar":"","neve_meta_container":"","neve_meta_enable_content_width":"","neve_meta_content_width":0,"neve_meta_title_alignment":"","neve_meta_author_avatar":"","neve_post_elements_order":"","neve_meta_disable_header":"","neve_meta_disable_footer":"","neve_meta_disable_title":"on","neve_meta_reading_time":"","_themeisle_gutenberg_block_has_review":false},"categories":[],"tags":[],"folder":[91],"aioseo_notices":[],"uagb_featured_image_src":{"full":false,"thumbnail":false,"medium":false,"medium_large":false,"large":false,"1536x1536":false,"2048x2048":false,"trp-custom-language-flag":false,"neve-blog":false,"xl":false,"xxl":false,"xxxl":false,"xxxxl":false,"xxxxxl":false},"uagb_author_info":{"display_name":"James Gibson","author_link":"https:\/\/admit-one.eu\/sv\/blog\/author\/james-gibson\/"},"uagb_comment_info":0,"uagb_excerpt":"This cookie policy explains how&nbsp;collaborative software limited&nbsp;(&#8220;company&#8220;, &#8220;we&#8220;, &#8220;us&#8220;, and &#8220;our&#8220;) uses cookies and similar technologies to recognize you when you visit our websites at&nbsp;https:\/\/admit-one.co.uk,&nbsp;(&#8220;websites&#8220;). It explains what these technologies are and why we use them, as well as your rights to control our use of them. In some cases we may use cookies to&hellip;&nbsp;Read&hellip;","_links":{"self":[{"href":"https:\/\/admit-one.eu\/sv\/wp-json\/wp\/v2\/pages\/9308"}],"collection":[{"href":"https:\/\/admit-one.eu\/sv\/wp-json\/wp\/v2\/pages"}],"about":[{"href":"https:\/\/admit-one.eu\/sv\/wp-json\/wp\/v2\/types\/page"}],"author":[{"embeddable":true,"href":"https:\/\/admit-one.eu\/sv\/wp-json\/wp\/v2\/users\/1"}],"replies":[{"embeddable":true,"href":"https:\/\/admit-one.eu\/sv\/wp-json\/wp\/v2\/comments?post=9308"}],"version-history":[{"count":1,"href":"https:\/\/admit-one.eu\/sv\/wp-json\/wp\/v2\/pages\/9308\/revisions"}],"predecessor-version":[{"id":15627,"href":"https:\/\/admit-one.eu\/sv\/wp-json\/wp\/v2\/pages\/9308\/revisions\/15627"}],"wp:attachment":[{"href":"https:\/\/admit-one.eu\/sv\/wp-json\/wp\/v2\/media?parent=9308"}],"wp:term":[{"taxonomy":"category","embeddable":true,"href":"https:\/\/admit-one.eu\/sv\/wp-json\/wp\/v2\/categories?post=9308"},{"taxonomy":"post_tag","embeddable":true,"href":"https:\/\/admit-one.eu\/sv\/wp-json\/wp\/v2\/tags?post=9308"},{"taxonomy":"folder","embeddable":true,"href":"https:\/\/admit-one.eu\/sv\/wp-json\/wp\/v2\/folder?post=9308"}],"curies":[{"name":"wp","href":"https:\/\/api.w.org\/{rel}","templated":true}]}}