{"id":15034,"date":"2024-02-06T08:44:59","date_gmt":"2024-02-06T08:44:59","guid":{"rendered":"https:\/\/admit-one.co.uk\/?page_id=15034"},"modified":"2024-02-06T09:16:07","modified_gmt":"2024-02-06T09:16:07","slug":"updates","status":"publish","type":"page","link":"https:\/\/admit-one.eu\/sv\/blogg\/uppdateringar\/","title":{"rendered":"Uppdateringar"},"content":{"rendered":"<div id=\"wp-block-themeisle-blocks-advanced-columns-f3534b6f\" class=\"wp-block-themeisle-blocks-advanced-columns alignfull has-2-columns has-desktop-equal-layout has-tablet-equal-layout has-mobile-collapsedRows-layout has-vertical-unset has-vertical-undefined page-header\"><div class=\"wp-block-themeisle-blocks-advanced-columns-overlay\"><\/div><div class=\"innerblocks-wrap\">\n<div id=\"wp-block-themeisle-blocks-advanced-column-49529f4b\" class=\"wp-block-themeisle-blocks-advanced-column\">\n<h1 class=\"has-text-align-left wp-block-heading headingLink\"><a href=\"https:\/\/admit-one.co.uk\/blog\/\" rel=\"nofollow\" title=\"Blogg\">Blogg<\/a><\/h1>\n<\/div>\n\n\n\n<div id=\"wp-block-themeisle-blocks-advanced-column-27c8e090\" class=\"wp-block-themeisle-blocks-advanced-column\">\n<div class=\"is-content-justification-right is-nowrap is-layout-flex wp-container-1 wp-block-buttons\">\n<div class=\"wp-block-button is-style-secondary\"><a class=\"wp-block-button__link wp-element-button\" href=\"https:\/\/admit-one.eu\/sv\/blogg\/produkt\/\">Produkt<\/a><\/div>\n\n\n\n<div class=\"wp-block-button is-style-secondary\"><a class=\"wp-block-button__link wp-element-button\" href=\"https:\/\/admit-one.eu\/sv\/blogg\/nyheter\/\">Nyheter<\/a><\/div>\n\n\n\n<div class=\"wp-block-button is-style-primary\"><a class=\"wp-block-button__link wp-element-button\" href=\"https:\/\/admit-one.eu\/sv\/blogg\/uppdateringar\/\">Uppdateringar<\/a><\/div>\n<\/div>\n<\/div>\n<\/div><div class=\"wp-block-themeisle-blocks-advanced-columns-separators bottom\"><svg id=\"slant\" fill=\"var(--nv-site-bg)\" viewbox=\"0 0 100 100\" width=\"100%\" height=\"100\" preserveaspectratio=\"none\" xmlns=\"http:\/\/www.w3.org\/2000\/svg\" class=\"rotate\"><path d=\"M0 0 L0 100 L100 0 Z\"><\/path><\/svg><\/div><\/div>\n\n\n\n<div id=\"wp-block-themeisle-blocks-advanced-columns-5c389b0b\" class=\"wp-block-themeisle-blocks-advanced-columns alignfull has-1-columns has-desktop-equal-layout has-tablet-equal-layout has-mobile-collapsedRows-layout has-reverse-columns-mobile has-vertical-unset has-vertical-undefined page-header\"><div class=\"wp-block-themeisle-blocks-advanced-columns-overlay\"><\/div><div class=\"innerblocks-wrap\">\n<div id=\"wp-block-themeisle-blocks-advanced-column-5763269e\" class=\"wp-block-themeisle-blocks-advanced-column postGrid\" data-aos=\"fade\" data-aos-duration=\"1200\">\n\t\t\t<div class=\"wp-block-uagb-post-grid uagb-post-grid  uagb-post__image-position-top uagb-post__image-enabled uagb-block-a444bdf7     uagb-post__items uagb-post__columns-3 is-grid uagb-post__columns-tablet-2 uagb-post__columns-mobile-1 uagb-post__equal-height uagb-equal_height_inline-read-more-buttons\" data-total=\"1\" style=\"\">\n\n\t\t\t\t\t\t\t\t\t\t\t\t<article class=\"uagb-post__inner-wrap\">\t\t\t\t\t\t\t\t<div class='uagb-post__image'>\n\t\t\t\t\t\t\t\t\t<a href=\"https:\/\/admit-one.eu\/sv\/blog\/uppdateringar\/pdj-launches-new-site-the-lockworks-to-the-wolverhampton-community\/\" target=\"_self\" rel=\"bookmark noopener noreferrer\" class='uagb-image-ratio-inherit'><img width=\"1024\" height=\"538\" src=\"https:\/\/admit-one.eu\/wp-content\/uploads\/2025\/07\/blog_news_mobile-app_header.png\" class=\"attachment-large size-large\" alt=\"\" decoding=\"async\" loading=\"lazy\" \/>\t\t\t\t\t<\/a>\n\t\t\t\t\t\t\t<\/div>\n\t\t\t\t\t\t<h5 class=\"uagb-post__title uagb-post__text\">\n\t\t\t\t<a href=\"https:\/\/admit-one.eu\/sv\/blog\/uppdateringar\/pdj-launches-new-site-the-lockworks-to-the-wolverhampton-community\/\" target=\"_self\" rel=\"bookmark noopener noreferrer\">PDJ launches new site The Lockworks to the Wolverhampton community.<\/a>\n\t\t\t<\/h5>\n\t\t\t\t\t\t<div class='uagb-post__text uagb-post-grid-byline'>\n\t\t\t\t\t\t\t\t<time datetime=\"2025-07-29T12:02:51+01:00\" class=\"uagb-post__date\">\n\t\t\t\t\t\t\t\t\t29 juli 2025\t\t\t\t<\/time>\n\t\t\t\t\t\t<\/div>\n\t\t\t\t\t\t\t<div class='uagb-post__text uagb-post__excerpt'>\n\t\t\t\t\t<p>PDJ launches new site The Lockworks to the Wolverhampton community. PDJ&#8217;s brand new venue &#8216;The&#8230;\t\t\t\t<\/div>\n\t\t\t\t\t\t<div class=\"uagb-post__text uagb-post__cta wp-block-button\">\n\t\t\t\t<a class=\"wp-block-button__link uagb-text-link\" href=\"https:\/\/admit-one.eu\/sv\/blog\/uppdateringar\/pdj-launches-new-site-the-lockworks-to-the-wolverhampton-community\/\" target=\"_self\" rel=\"bookmark noopener noreferrer\">L\u00e4s mer<\/a>\n\t\t\t<\/div>\n\t\t\t\t\t\t\t\t\t\t\t\t<\/article>\n\t\t\t\t\t\t\t\t\t\t\t\t\t\t\t\t<article class=\"uagb-post__inner-wrap\">\t\t\t\t\t\t\t\t<div class='uagb-post__image'>\n\t\t\t\t\t\t\t\t\t<a href=\"https:\/\/admit-one.eu\/sv\/blog\/uppdateringar\/erkann-en-och-showtime-analytics-gar-samman-under-showtime-group-solutions-som-tillkannager-cinemex-som-forsta-kund\/\" target=\"_self\" rel=\"bookmark noopener noreferrer\" class='uagb-image-ratio-inherit'><img width=\"1024\" height=\"538\" src=\"https:\/\/admit-one.eu\/wp-content\/uploads\/2024\/02\/blog_news_drip-pricing_featured_result.webp\" class=\"attachment-large size-large\" alt=\"Uppdatering \u2013 Lagstiftning om dropppriss\u00e4ttning inf\u00f6rdes\" decoding=\"async\" loading=\"lazy\" \/>\t\t\t\t\t<\/a>\n\t\t\t\t\t\t\t<\/div>\n\t\t\t\t\t\t<h5 class=\"uagb-post__title uagb-post__text\">\n\t\t\t\t<a href=\"https:\/\/admit-one.eu\/sv\/blog\/uppdateringar\/erkann-en-och-showtime-analytics-gar-samman-under-showtime-group-solutions-som-tillkannager-cinemex-som-forsta-kund\/\" target=\"_self\" rel=\"bookmark noopener noreferrer\">Lagstiftning om dropppriss\u00e4ttning inf\u00f6rdes<\/a>\n\t\t\t<\/h5>\n\t\t\t\t\t\t<div class='uagb-post__text uagb-post-grid-byline'>\n\t\t\t\t\t\t\t\t<time datetime=\"2024-02-22T09:48:24+00:00\" class=\"uagb-post__date\">\n\t\t\t\t\t\t\t\t\t22 februari 2024\t\t\t\t<\/time>\n\t\t\t\t\t\t<\/div>\n\t\t\t\t\t\t\t<div class='uagb-post__text uagb-post__excerpt'>\n\t\t\t\t\tStorbritanniens lagstiftning om &quot;drop-pricing&quot; kommer att inf\u00f6ras i v\u00e5r. F\u00f6r biografer betyder det...\t\t\t\t<\/div>\n\t\t\t\t\t\t<div class=\"uagb-post__text uagb-post__cta wp-block-button\">\n\t\t\t\t<a class=\"wp-block-button__link uagb-text-link\" href=\"https:\/\/admit-one.eu\/sv\/blog\/uppdateringar\/erkann-en-och-showtime-analytics-gar-samman-under-showtime-group-solutions-som-tillkannager-cinemex-som-forsta-kund\/\" target=\"_self\" rel=\"bookmark noopener noreferrer\">L\u00e4s mer<\/a>\n\t\t\t<\/div>\n\t\t\t\t\t\t\t\t\t\t\t\t<\/article>\n\t\t\t\t\t\t\t\t\t\t\t\t\t\t\t\t<article class=\"uagb-post__inner-wrap\">\t\t\t\t\t\t\t\t<div class='uagb-post__image'>\n\t\t\t\t\t\t\t\t\t<a href=\"https:\/\/admit-one.eu\/sv\/blog\/uppdateringar\/erkann-en-och-showtime-analytics-gar-samman-under-showtime-group-solutions-som-tillkannager-cinemex-som-forsta-kund\/\" target=\"_self\" rel=\"bookmark noopener noreferrer\" class='uagb-image-ratio-inherit'><img width=\"1024\" height=\"538\" src=\"https:\/\/admit-one.eu\/wp-content\/uploads\/2024\/02\/blog_news_deposit-return-scheme_result1.webp\" class=\"attachment-large size-large\" alt=\"Uppdatering - Irlands retursystem f\u00f6r ins\u00e4ttning har implementerats\" decoding=\"async\" loading=\"lazy\" \/>\t\t\t\t\t<\/a>\n\t\t\t\t\t\t\t<\/div>\n\t\t\t\t\t\t<h5 class=\"uagb-post__title uagb-post__text\">\n\t\t\t\t<a href=\"https:\/\/admit-one.eu\/sv\/blog\/uppdateringar\/erkann-en-och-showtime-analytics-gar-samman-under-showtime-group-solutions-som-tillkannager-cinemex-som-forsta-kund\/\" target=\"_self\" rel=\"bookmark noopener noreferrer\">Republic Of Ireland Deposit Return Scheme har implementerats<\/a>\n\t\t\t<\/h5>\n\t\t\t\t\t\t<div class='uagb-post__text uagb-post-grid-byline'>\n\t\t\t\t\t\t\t\t<time datetime=\"2024-02-01T10:57:17+00:00\" class=\"uagb-post__date\">\n\t\t\t\t\t\t\t\t\t1 februari 2024\t\t\t\t<\/time>\n\t\t\t\t\t\t<\/div>\n\t\t\t\t\t\t\t<div class='uagb-post__text uagb-post__excerpt'>\n\t\t\t\t\tI Irland tr\u00e4der ins\u00e4ttningsretursystemet (DRS) i kraft den 1 februari 2024...\t\t\t\t<\/div>\n\t\t\t\t\t\t<div class=\"uagb-post__text uagb-post__cta wp-block-button\">\n\t\t\t\t<a class=\"wp-block-button__link uagb-text-link\" href=\"https:\/\/admit-one.eu\/sv\/blog\/uppdateringar\/erkann-en-och-showtime-analytics-gar-samman-under-showtime-group-solutions-som-tillkannager-cinemex-som-forsta-kund\/\" target=\"_self\" rel=\"bookmark noopener noreferrer\">L\u00e4s mer<\/a>\n\t\t\t<\/div>\n\t\t\t\t\t\t\t\t\t\t\t\t<\/article>\n\t\t\t\t\t\t\t\t\t\t\t<\/div>\n\t\t\t<\/div>\n<\/div><\/div>","protected":false},"excerpt":{"rendered":"","protected":false},"author":1,"featured_media":0,"parent":13090,"menu_order":0,"comment_status":"closed","ping_status":"closed","template":"","meta":{"om_disable_all_campaigns":false,"_uag_custom_page_level_css":"","_mi_skip_tracking":false,"neve_meta_sidebar":"","neve_meta_container":"","neve_meta_enable_content_width":"","neve_meta_content_width":0,"neve_meta_title_alignment":"","neve_meta_author_avatar":"","neve_post_elements_order":"","neve_meta_disable_header":"off","neve_meta_disable_footer":"","neve_meta_disable_title":"on","neve_meta_reading_time":"","_themeisle_gutenberg_block_has_review":false},"categories":[],"tags":[],"folder":[107],"aioseo_notices":[],"uagb_featured_image_src":{"full":false,"thumbnail":false,"medium":false,"medium_large":false,"large":false,"1536x1536":false,"2048x2048":false,"trp-custom-language-flag":false,"neve-blog":false,"xl":false,"xxl":false,"xxxl":false,"xxxxl":false,"xxxxxl":false},"uagb_author_info":{"display_name":"James Gibson","author_link":"https:\/\/admit-one.eu\/sv\/blog\/author\/james-gibson\/"},"uagb_comment_info":0,"uagb_excerpt":null,"_links":{"self":[{"href":"https:\/\/admit-one.eu\/sv\/wp-json\/wp\/v2\/pages\/15034"}],"collection":[{"href":"https:\/\/admit-one.eu\/sv\/wp-json\/wp\/v2\/pages"}],"about":[{"href":"https:\/\/admit-one.eu\/sv\/wp-json\/wp\/v2\/types\/page"}],"author":[{"embeddable":true,"href":"https:\/\/admit-one.eu\/sv\/wp-json\/wp\/v2\/users\/1"}],"replies":[{"embeddable":true,"href":"https:\/\/admit-one.eu\/sv\/wp-json\/wp\/v2\/comments?post=15034"}],"version-history":[{"count":5,"href":"https:\/\/admit-one.eu\/sv\/wp-json\/wp\/v2\/pages\/15034\/revisions"}],"predecessor-version":[{"id":15043,"href":"https:\/\/admit-one.eu\/sv\/wp-json\/wp\/v2\/pages\/15034\/revisions\/15043"}],"up":[{"embeddable":true,"href":"https:\/\/admit-one.eu\/sv\/wp-json\/wp\/v2\/pages\/13090"}],"wp:attachment":[{"href":"https:\/\/admit-one.eu\/sv\/wp-json\/wp\/v2\/media?parent=15034"}],"wp:term":[{"taxonomy":"category","embeddable":true,"href":"https:\/\/admit-one.eu\/sv\/wp-json\/wp\/v2\/categories?post=15034"},{"taxonomy":"post_tag","embeddable":true,"href":"https:\/\/admit-one.eu\/sv\/wp-json\/wp\/v2\/tags?post=15034"},{"taxonomy":"folder","embeddable":true,"href":"https:\/\/admit-one.eu\/sv\/wp-json\/wp\/v2\/folder?post=15034"}],"curies":[{"name":"wp","href":"https:\/\/api.w.org\/{rel}","templated":true}]}}