{"id":12345,"date":"2023-01-23T12:03:29","date_gmt":"2023-01-23T12:03:29","guid":{"rendered":"https:\/\/admit-one.co.uk\/?page_id=12345"},"modified":"2024-02-22T16:28:37","modified_gmt":"2024-02-22T16:28:37","slug":"client-services","status":"publish","type":"page","link":"https:\/\/admit-one.eu\/sv\/kundtjanster\/","title":{"rendered":"Kundtj\u00e4nster"},"content":{"rendered":"<div id=\"wp-block-themeisle-blocks-advanced-columns-f3534b6f\" class=\"wp-block-themeisle-blocks-advanced-columns alignfull has-1-columns has-desktop-twoOne-layout has-tablet-equal-layout has-mobile-collapsedRows-layout has-reverse-columns-mobile has-vertical-unset has-vertical-undefined\"><div class=\"wp-block-themeisle-blocks-advanced-columns-overlay\"><\/div><div class=\"innerblocks-wrap\">\n<div id=\"wp-block-themeisle-blocks-advanced-column-49529f4b\" class=\"wp-block-themeisle-blocks-advanced-column\" data-aos=\"fade\" data-aos-duration=\"1200\">\n<h1 class=\"has-text-align-center\">Kundtj\u00e4nster<\/h1>\n\n\n\n<h3 class=\"has-text-align-center\">Som leverant\u00f6rer av helhetsl\u00f6sningar vet vi hur viktigt det \u00e4r att ha en teknikpartner som tillgodoser alla aspekter av din v\u00e4xande verksamhet. <\/h3>\n\n\n\n<p class=\"has-text-align-center\">Medan Admit Ones k\u00e4rnplattform f\u00f6rbereder dig f\u00f6r framg\u00e5ng inom alla omr\u00e5den av din platsledning, erbjuder v\u00e5rt team av experter ett omfattande utbud av tj\u00e4nster f\u00f6r att s\u00e4kerst\u00e4lla att varje f\u00f6rl\u00e4ngning av ditt POS-erbjudande kan levereras.<\/p>\n<\/div>\n<\/div><div class=\"wp-block-themeisle-blocks-advanced-columns-separators bottom\"><svg id=\"slant\" fill=\"var(--nv-light-bg)\" viewbox=\"0 0 100 100\" width=\"100%\" height=\"100\" preserveaspectratio=\"none\" xmlns=\"http:\/\/www.w3.org\/2000\/svg\" class=\"rotate\"><path d=\"M0 0 L0 100 L100 0 Z\"><\/path><\/svg><\/div><\/div>\n\n\n\n<div class=\"is-layout-constrained wp-block-group alignfull panels-overlay\"><div class=\"wp-block-group__inner-container\">\n<section id=\"wp-block-themeisle-blocks-advanced-columns-652f49fc\" class=\"wp-block-themeisle-blocks-advanced-columns alignfull has-1-columns has-desktop-equal-layout has-tablet-equal-layout has-mobile-collapsedRows-layout has-vertical-center\"><div class=\"wp-block-themeisle-blocks-advanced-columns-overlay\"><\/div><div class=\"innerblocks-wrap\">\n<div id=\"wp-block-themeisle-blocks-advanced-column-251adaeb\" class=\"wp-block-themeisle-blocks-advanced-column\" data-aos=\"fade-up\" data-aos-duration=\"1200\">\n<h5 class=\"has-text-align-left has-neve-link-color-color has-text-color\">A1 Edge<\/h5>\n\n\n\n<h4 class=\"has-text-align-left\">Avancerad skr\u00e4ddarsydd utveckling<\/h4>\n\n\n\n<p class=\"has-text-align-left\">Konsulttj\u00e4nster och tj\u00e4nster fr\u00e5n v\u00e5rt team av teknikexperter f\u00f6r att st\u00f6dja anpassade produktutvecklingar och tredjepartsintegrationer p\u00e5 alla niv\u00e5er, vilket s\u00e4kerst\u00e4ller en helt uppkopplad och s\u00f6ml\u00f6s upplevelse f\u00f6r personal och kunder.<\/p>\n<\/div>\n<\/div><\/section>\n\n\n\n<section id=\"wp-block-themeisle-blocks-advanced-columns-7cfa4517\" class=\"wp-block-themeisle-blocks-advanced-columns alignfull has-1-columns has-desktop-equal-layout has-tablet-equal-layout has-mobile-collapsedRows-layout has-vertical-center\"><div class=\"wp-block-themeisle-blocks-advanced-columns-overlay\"><\/div><div class=\"innerblocks-wrap\">\n<div id=\"wp-block-themeisle-blocks-advanced-column-41019e11\" class=\"wp-block-themeisle-blocks-advanced-column\" data-aos=\"fade-up\" data-aos-duration=\"1200\">\n<h5 class=\"has-text-align-left has-neve-link-color-color has-text-color\">A1 Design<\/h5>\n\n\n\n<h4 class=\"has-text-align-left\">Webb- och mobilapp UX\/UI<\/h4>\n\n\n\n<p class=\"has-text-align-left\">F\u00f6rb\u00e4ttra din varum\u00e4rkesupplevelse med anpassade webbplats- och designtj\u00e4nster fr\u00e5n v\u00e5rt dedikerade team av frontend-utvecklare, vilket s\u00e4kerst\u00e4ller innovativa id\u00e9er och l\u00f6sningar f\u00f6r att ytterligare engagera dina kunder.<\/p>\n<\/div>\n<\/div><\/section>\n\n\n\n<section id=\"wp-block-themeisle-blocks-advanced-columns-96d34b63\" class=\"wp-block-themeisle-blocks-advanced-columns alignfull has-1-columns has-desktop-equal-layout has-tablet-equal-layout has-mobile-collapsedRows-layout has-vertical-center\"><div class=\"wp-block-themeisle-blocks-advanced-columns-overlay\"><\/div><div class=\"innerblocks-wrap\">\n<div id=\"wp-block-themeisle-blocks-advanced-column-f42c79d0\" class=\"wp-block-themeisle-blocks-advanced-column\" data-aos=\"fade-up\" data-aos-duration=\"1200\">\n<h5 class=\"has-text-align-left has-neve-link-color-color has-text-color\">A1 Support<\/h5>\n\n\n\n<h4 class=\"has-text-align-left\"><strong>Support p\u00e5 och utanf\u00f6r webbplatsen<\/strong><\/h4>\n\n\n\n<p class=\"has-text-align-left\">V\u00e5ra engagerade ingenj\u00f6rer ser till att du alltid har hj\u00e4lp n\u00e4r du beh\u00f6ver det, vilket g\u00f6r v\u00e5rt team till en f\u00f6rl\u00e4ngning av ditt. Fr\u00e5n 24\/7 uppdragskritisk virtuell support, till installationer och uppgraderingar p\u00e5 plats, v\u00e5rt team \u00e4r tillg\u00e4ngligt i vilken kapacitet du \u00e4n beh\u00f6ver f\u00f6r att s\u00e4kerst\u00e4lla att du alltid \u00e4r ig\u00e5ng.<\/p>\n<\/div>\n<\/div><\/section>\n<\/div><\/div>\n\n\n\n<div id=\"wp-block-themeisle-blocks-advanced-columns-01c14de9\" class=\"wp-block-themeisle-blocks-advanced-columns has-2-columns has-desktop-equal-layout has-tablet-collapsedRows-layout has-mobile-collapsedRows-layout has-vertical-unset call-to-action has-dark-bg\" data-aos=\"fade\" data-aos-duration=\"1200\"><div class=\"wp-block-themeisle-blocks-advanced-columns-overlay\"><\/div><div class=\"innerblocks-wrap\">\n<div id=\"wp-block-themeisle-blocks-advanced-column-aed9b021\" class=\"wp-block-themeisle-blocks-advanced-column\">\n<h2 class=\"wp-block-heading has-nv-site-bg-color has-text-color\">\u00c4r du redo att b\u00f6rja med Admit One?<\/h2>\n\n\n\n<p class=\"has-nv-site-bg-color has-text-color\">L\u00e5t oss b\u00f6rja&nbsp;<i class=\"icon-forward\"><\/i><\/p>\n<\/div>\n\n\n\n<div id=\"wp-block-themeisle-blocks-advanced-column-01e8791e\" class=\"wp-block-themeisle-blocks-advanced-column column-right\">\n<h4 class=\"wp-block-heading has-neve-text-color-color has-text-color\">Hj\u00e4lp oss f\u00f6rst\u00e5 dina behov<\/h4>\n\n\n\n<p class=\"has-neve-text-color-color has-text-color\">Vi vet att alla f\u00f6retag \u00e4r olika. Oavsett dina unika krav, Admit One \u00e4r h\u00e4r f\u00f6r att erbjuda ett anpassat POS-system som fungerar f\u00f6r dig, varje steg p\u00e5 v\u00e4gen.<\/p>\n\n\n\n<ul class=\"a1_tick-list has-neve-text-color-color has-text-color\">\n<li>Flexibel<\/li>\n\n\n\n<li>Prisv\u00e4rd<\/li>\n\n\n\n<li>Skalbar<\/li>\n<\/ul>\n\n\n\n<div id=\"wp-block-themeisle-blocks-button-group-5e1b0e52\" class=\"wp-block-themeisle-blocks-button-group wp-block-buttons\">\n<div id=\"wp-block-themeisle-blocks-button-bdaccee1\" class=\"wp-block-themeisle-blocks-button wp-block-button is-style-primary\"><a href=\"https:\/\/admit-one.eu\/sv\/komma-i-kontakt\/\" target=\"_self\" rel=\"noopener noreferrer\" class=\"wp-block-button__link\"><span>L\u00e5t oss prata<\/span><\/a><\/div>\n<\/div>\n<\/div>\n<\/div><\/div>","protected":false},"excerpt":{"rendered":"","protected":false},"author":1,"featured_media":0,"parent":0,"menu_order":0,"comment_status":"closed","ping_status":"closed","template":"","meta":{"om_disable_all_campaigns":false,"_uag_custom_page_level_css":"","_mi_skip_tracking":false,"neve_meta_sidebar":"","neve_meta_container":"full-width","neve_meta_enable_content_width":"","neve_meta_content_width":0,"neve_meta_title_alignment":"","neve_meta_author_avatar":"","neve_post_elements_order":"","neve_meta_disable_header":"","neve_meta_disable_footer":"","neve_meta_disable_title":"on","neve_meta_reading_time":"","_themeisle_gutenberg_block_has_review":false},"categories":[],"tags":[],"folder":[],"aioseo_notices":[],"uagb_featured_image_src":{"full":false,"thumbnail":false,"medium":false,"medium_large":false,"large":false,"1536x1536":false,"2048x2048":false,"trp-custom-language-flag":false,"neve-blog":false,"xl":false,"xxl":false,"xxxl":false,"xxxxl":false,"xxxxxl":false},"uagb_author_info":{"display_name":"James Gibson","author_link":"https:\/\/admit-one.eu\/sv\/blog\/author\/james-gibson\/"},"uagb_comment_info":0,"uagb_excerpt":null,"_links":{"self":[{"href":"https:\/\/admit-one.eu\/sv\/wp-json\/wp\/v2\/pages\/12345"}],"collection":[{"href":"https:\/\/admit-one.eu\/sv\/wp-json\/wp\/v2\/pages"}],"about":[{"href":"https:\/\/admit-one.eu\/sv\/wp-json\/wp\/v2\/types\/page"}],"author":[{"embeddable":true,"href":"https:\/\/admit-one.eu\/sv\/wp-json\/wp\/v2\/users\/1"}],"replies":[{"embeddable":true,"href":"https:\/\/admit-one.eu\/sv\/wp-json\/wp\/v2\/comments?post=12345"}],"version-history":[{"count":5,"href":"https:\/\/admit-one.eu\/sv\/wp-json\/wp\/v2\/pages\/12345\/revisions"}],"predecessor-version":[{"id":15565,"href":"https:\/\/admit-one.eu\/sv\/wp-json\/wp\/v2\/pages\/12345\/revisions\/15565"}],"wp:attachment":[{"href":"https:\/\/admit-one.eu\/sv\/wp-json\/wp\/v2\/media?parent=12345"}],"wp:term":[{"taxonomy":"category","embeddable":true,"href":"https:\/\/admit-one.eu\/sv\/wp-json\/wp\/v2\/categories?post=12345"},{"taxonomy":"post_tag","embeddable":true,"href":"https:\/\/admit-one.eu\/sv\/wp-json\/wp\/v2\/tags?post=12345"},{"taxonomy":"folder","embeddable":true,"href":"https:\/\/admit-one.eu\/sv\/wp-json\/wp\/v2\/folder?post=12345"}],"curies":[{"name":"wp","href":"https:\/\/api.w.org\/{rel}","templated":true}]}}