{"id":12338,"date":"2023-01-23T12:01:18","date_gmt":"2023-01-23T12:01:18","guid":{"rendered":"https:\/\/admit-one.co.uk\/?page_id=12338"},"modified":"2024-02-22T16:28:39","modified_gmt":"2024-02-22T16:28:39","slug":"about-us","status":"publish","type":"page","link":"https:\/\/admit-one.eu\/sv\/om-oss\/","title":{"rendered":"Om oss"},"content":{"rendered":"<div id=\"wp-block-themeisle-blocks-advanced-columns-dff4b542\" class=\"wp-block-themeisle-blocks-advanced-columns alignfull has-1-columns has-desktop-twoOne-layout has-tablet-equal-layout has-mobile-collapsedRows-layout has-reverse-columns-mobile has-vertical-unset has-vertical-undefined\"><div class=\"wp-block-themeisle-blocks-advanced-columns-overlay\"><\/div><div class=\"innerblocks-wrap\">\n<div id=\"wp-block-themeisle-blocks-advanced-column-eee0d37b\" class=\"wp-block-themeisle-blocks-advanced-column\" data-aos=\"fade\" data-aos-duration=\"1200\">\n<h1 class=\"has-text-align-center wp-block-heading\">Om oss<\/h1>\n\n\n\n<h3 class=\"has-text-align-center wp-block-heading\">25 \u00e5r tillhandah\u00e5llit POS till ledande europeiska kretsar och stora m\u00f6tesplatser och turistattraktioner<\/h3>\n<\/div>\n<\/div><\/div>\n\n\n\n<div id=\"wp-block-themeisle-blocks-advanced-columns-76e9b26c\" class=\"wp-block-themeisle-blocks-advanced-columns alignfull has-2-columns has-desktop-oneTwo-layout has-tablet-oneTwo-layout has-mobile-collapsedRows-layout has-reverse-columns-mobile has-vertical-unset has-vertical-undefined\"><div class=\"wp-block-themeisle-blocks-advanced-columns-overlay\"><\/div><div class=\"innerblocks-wrap\">\n<div id=\"wp-block-themeisle-blocks-advanced-column-d2e3e2dd\" class=\"wp-block-themeisle-blocks-advanced-column\" data-aos=\"fade-right\" data-aos-duration=\"1200\"><div class=\"wp-block-image\">\n<figure class=\"aligncenter size-full is-resized\"><img decoding=\"async\" loading=\"lazy\" src=\"https:\/\/admit-one.co.uk\/wp-content\/uploads\/2023\/01\/image_f-and-b_result.webp\" alt=\"\" class=\"wp-image-12260\" width=\"300\" height=\"300\" srcset=\"https:\/\/admit-one.eu\/wp-content\/uploads\/2023\/01\/image_f-and-b_result.webp 400w, https:\/\/admit-one.eu\/wp-content\/uploads\/2023\/01\/image_f-and-b_result-300x300.webp 300w, https:\/\/admit-one.eu\/wp-content\/uploads\/2023\/01\/image_f-and-b_result-150x150.webp 150w, https:\/\/admit-one.eu\/wp-content\/uploads\/2023\/01\/image_f-and-b_result-12x12.webp 12w\" sizes=\"(max-width: 300px) 100vw, 300px\" \/><\/figure><\/div><\/div>\n\n\n\n<div id=\"wp-block-themeisle-blocks-advanced-column-0efe64cf\" class=\"wp-block-themeisle-blocks-advanced-column\" data-aos=\"fade\" data-aos-duration=\"1200\">\n<h4 class=\"has-text-align-left wp-block-heading\">Byggd av utst\u00e4llare f\u00f6r utst\u00e4llare<\/h4>\n\n\n\n<p>Vi har en djup historia som m\u00e4ssoperat\u00f6rer, vilket ger oss en unik f\u00f6rm\u00e5ga att f\u00f6rst\u00e5 behoven hos dig som utst\u00e4llare och att tillsammans bygga l\u00f6sningar f\u00f6r att m\u00f6ta dina strategiska behov.<\/p>\n\n\n\n<p>Vi vet vikten av att ha p\u00e5litlig teknik som g\u00f6r att du kan driva ditt f\u00f6retag och betj\u00e4na dina kunder, vilket \u00e4r anledningen till att v\u00e5rt uppdrag alltid har varit att ge v\u00e5ra kunder p\u00e5litliga, intuitiva och flexibla verktyg f\u00f6r att hantera deras st\u00e4ndigt f\u00f6r\u00e4nderliga milj\u00f6.<\/p>\n\n\n\n<p>Med huvudkontor i Storbritannien och med kontor i Europa, utvecklar v\u00e5rt beg\u00e5vade och innovativa team konsekvent id\u00e9er f\u00f6r att s\u00e4kerst\u00e4lla att vi levererar p\u00e5 denna vision. Efter 25 \u00e5r p\u00e5 den europeiska marknaden fattade vi beslutet 2021 att ta v\u00e5r teknologi och v\u00e5r verksamhetsmodell till marknaderna i USA och LATAM. Med en 7-siffrig investering och ett nytt Enterprise Team p\u00e5 plats betyder v\u00e5r globala expansion att vi kan tillhandah\u00e5lla lokal 24\/7 support, utveckling och lansering till v\u00e5ra nya inhemska kunder.<\/p>\n<\/div>\n<\/div><div class=\"wp-block-themeisle-blocks-advanced-columns-separators bottom\"><svg id=\"slant\" fill=\"var(--nv-text-dark-bg)\" viewbox=\"0 0 100 100\" width=\"100%\" height=\"100\" preserveaspectratio=\"none\" xmlns=\"http:\/\/www.w3.org\/2000\/svg\" class=\"rotate\"><path d=\"M0 0 L0 100 L100 0 Z\"><\/path><\/svg><\/div><\/div>\n\n\n\n<div id=\"wp-block-themeisle-blocks-advanced-columns-0d911272\" class=\"wp-block-themeisle-blocks-advanced-columns has-1-columns has-desktop-equal-layout has-tablet-equal-layout has-mobile-equal-layout has-vertical-unset\"><div class=\"wp-block-themeisle-blocks-advanced-columns-overlay\"><\/div><div class=\"innerblocks-wrap\">\n<div id=\"wp-block-themeisle-blocks-advanced-column-c826e310\" class=\"wp-block-themeisle-blocks-advanced-column\" data-aos=\"fade\" data-aos-duration=\"1200\">\n<h2 class=\"has-text-align-center wp-block-heading\"><strong>M\u00f6t ledarteamet<\/strong><\/h2>\n<\/div>\n<\/div><\/div>\n\n\n\n<section id=\"wp-block-themeisle-blocks-advanced-columns-b06ccfb5\" class=\"wp-block-themeisle-blocks-advanced-columns alignfull has-2-columns has-desktop-equal-layout has-tablet-equal-layout has-mobile-collapsedRows-layout has-vertical-center panels-overlay\"><div class=\"wp-block-themeisle-blocks-advanced-columns-overlay\"><\/div><div class=\"wp-block-themeisle-blocks-advanced-columns-separators top\"><svg id=\"slant\" fill=\"var(--nv-text-dark-bg)\" viewbox=\"0 0 100 100\" width=\"100%\" height=\"100\" preserveaspectratio=\"none\" xmlns=\"http:\/\/www.w3.org\/2000\/svg\" class=\"\"><path d=\"M0 0 L0 100 L100 0 Z\"><\/path><\/svg><\/div><div class=\"innerblocks-wrap\">\n<div id=\"wp-block-themeisle-blocks-advanced-column-3125067c\" class=\"wp-block-themeisle-blocks-advanced-column\" data-aos=\"fade-right\" data-aos-duration=\"1200\"><div class=\"wp-block-image is-style-rounded\">\n<figure class=\"aligncenter size-full is-resized\"><img decoding=\"async\" loading=\"lazy\" src=\"https:\/\/admit-one.co.uk\/wp-content\/uploads\/2023\/01\/Pete_result.webp\" alt=\"Peter Morton\" class=\"wp-image-12607\" width=\"180\" height=\"180\" srcset=\"https:\/\/admit-one.eu\/wp-content\/uploads\/2023\/01\/Pete_result.webp 240w, https:\/\/admit-one.eu\/wp-content\/uploads\/2023\/01\/Pete_result-150x150.webp 150w, https:\/\/admit-one.eu\/wp-content\/uploads\/2023\/01\/Pete_result-12x12.webp 12w\" sizes=\"(max-width: 180px) 100vw, 180px\" \/><\/figure><\/div>\n\n\n<div style=\"height:20px\" aria-hidden=\"true\" class=\"wp-block-spacer\"><\/div>\n\n\n\n<div class=\"is-layout-constrained wp-block-group noTranslate\" data-no-translation=\"\"><div class=\"wp-block-group__inner-container\">\n<h4 class=\"has-text-align-center wp-block-heading noTranslate\" data-no-translation=\"\">Peter Morton<\/h4>\n\n\n\n<h5 class=\"has-text-align-center wp-block-heading\">Founder &amp; CEO<\/h5>\n<\/div><\/div>\n\n\n\n<p>Grundat av Peter Morton, Admit Ones verkst\u00e4llande direkt\u00f6r \u00e4r ansvarig f\u00f6r den \u00f6vergripande ledningen av f\u00f6retaget samt f\u00f6r att p\u00e5verka produktriktningen. Med \u00f6ver 35 \u00e5rs erfarenhet av mjukvaruutveckling, med \u00f6ver 25 av dem som specifikt relaterar till att till\u00e4mpa teknologi p\u00e5 m\u00e4ssmarknaden, \u00e4r han v\u00e4l bevandrad i att \u00f6vers\u00e4tta kunders m\u00e5l och behov till p\u00e5litliga, robusta l\u00f6sningar som uppfyller deras m\u00e5l.<\/p>\n<\/div>\n\n\n\n<div id=\"wp-block-themeisle-blocks-advanced-column-148ce39f\" class=\"wp-block-themeisle-blocks-advanced-column\" data-aos=\"fade-left\" data-aos-duration=\"1200\"><div class=\"wp-block-image is-style-rounded\">\n<figure class=\"aligncenter size-full is-resized\"><img decoding=\"async\" loading=\"lazy\" src=\"https:\/\/admit-one.co.uk\/wp-content\/uploads\/2023\/01\/matt_result.webp\" alt=\"Matthew Voss\" class=\"wp-image-12609\" width=\"180\" height=\"180\" srcset=\"https:\/\/admit-one.eu\/wp-content\/uploads\/2023\/01\/matt_result.webp 240w, https:\/\/admit-one.eu\/wp-content\/uploads\/2023\/01\/matt_result-150x150.webp 150w, https:\/\/admit-one.eu\/wp-content\/uploads\/2023\/01\/matt_result-12x12.webp 12w\" sizes=\"(max-width: 180px) 100vw, 180px\" \/><\/figure><\/div>\n\n\n<div style=\"height:20px\" aria-hidden=\"true\" class=\"wp-block-spacer\"><\/div>\n\n\n\n<div class=\"is-layout-constrained wp-block-group noTranslate\" data-no-translation=\"\"><div class=\"wp-block-group__inner-container\">\n<h4 class=\"has-text-align-center wp-block-heading noTranslate\" data-no-translation=\"\">Matthew Voss<\/h4>\n\n\n\n<h5 class=\"has-text-align-center wp-block-heading\">CTO<\/h5>\n<\/div><\/div>\n\n\n\n<p class=\"has-text-align-left\">En Admit One-veteran med \u00f6ver 10 \u00e5r under sitt b\u00e4lte, Matt \u00e4r ansvarig f\u00f6r den kvalitet och det tekniska tillv\u00e4gag\u00e5ngss\u00e4ttet som teammedlemmarna tar, f\u00f6r att s\u00e4kerst\u00e4lla att deras projekt levereras i tid och inom budget. Hans rikedom av kunskap om v\u00e5ra k\u00e4rnsystem \u00e4r ov\u00e4rderlig f\u00f6r v\u00e5ra kunder b\u00e5de nya och befintliga n\u00e4r de beh\u00f6ver skr\u00e4ddarsydd funktionalitet.<\/p>\n<\/div>\n<\/div><\/section>\n\n\n\n<section id=\"wp-block-themeisle-blocks-advanced-columns-90947d6e\" class=\"wp-block-themeisle-blocks-advanced-columns alignfull has-2-columns has-desktop-equal-layout has-tablet-equal-layout has-mobile-collapsedRows-layout has-vertical-center panels-overlay\"><div class=\"wp-block-themeisle-blocks-advanced-columns-overlay\"><\/div><div class=\"innerblocks-wrap\">\n<div id=\"wp-block-themeisle-blocks-advanced-column-824d6b28\" class=\"wp-block-themeisle-blocks-advanced-column\" data-aos=\"fade-right\" data-aos-duration=\"1200\"><div class=\"wp-block-image is-style-rounded\">\n<figure class=\"aligncenter size-full is-resized\"><img decoding=\"async\" loading=\"lazy\" src=\"https:\/\/admit-one.co.uk\/wp-content\/uploads\/2023\/01\/paul_result.webp\" alt=\"Paul kalvk\u00f6tt\" class=\"wp-image-12610\" width=\"180\" height=\"180\" srcset=\"https:\/\/admit-one.eu\/wp-content\/uploads\/2023\/01\/paul_result.webp 240w, https:\/\/admit-one.eu\/wp-content\/uploads\/2023\/01\/paul_result-150x150.webp 150w, https:\/\/admit-one.eu\/wp-content\/uploads\/2023\/01\/paul_result-12x12.webp 12w\" sizes=\"(max-width: 180px) 100vw, 180px\" \/><\/figure><\/div>\n\n\n<div style=\"height:20px\" aria-hidden=\"true\" class=\"wp-block-spacer\"><\/div>\n\n\n\n<div class=\"is-layout-constrained wp-block-group noTranslate\" data-no-translation=\"\"><div class=\"wp-block-group__inner-container\">\n<h4 class=\"has-text-align-center wp-block-heading noTranslate\" data-no-translation=\"\">Paul Veal<\/h4>\n\n\n\n<h5 class=\"has-text-align-center wp-block-heading\">COO<\/h5>\n<\/div><\/div>\n\n\n\n<p class=\"has-text-align-left\">Sedan han b\u00f6rjade p\u00e5 Admit One 2014 har Paul blivit knutpunkten mellan avdelningarna, f\u00f6rb\u00e4ttrat arbetss\u00e4tt och uppr\u00e4tth\u00e5llit harmoni i teamet. Med sin djupa kunskap om branschen \u00e4r han ocks\u00e5 ansvarig f\u00f6r att \u00f6vervaka marknadsf\u00f6ringsfunktionen i f\u00f6retaget d\u00e4r hans \u00e5r av erfarenhet har blivit ov\u00e4rderlig f\u00f6r att kommunicera Admit Ones v\u00e4rdeerbjudande till v\u00e5ra kunder och potentiella kunder.<\/p>\n<\/div>\n\n\n\n<div id=\"wp-block-themeisle-blocks-advanced-column-e491dd6f\" class=\"wp-block-themeisle-blocks-advanced-column\" data-aos=\"fade-left\" data-aos-duration=\"1200\"><div class=\"wp-block-image is-style-rounded\">\n<figure class=\"aligncenter size-full is-resized\"><img decoding=\"async\" loading=\"lazy\" src=\"https:\/\/admit-one.co.uk\/wp-content\/uploads\/2023\/01\/daniel_result.webp\" alt=\"Daniel Tristan\" class=\"wp-image-12608\" width=\"180\" height=\"180\" srcset=\"https:\/\/admit-one.eu\/wp-content\/uploads\/2023\/01\/daniel_result.webp 240w, https:\/\/admit-one.eu\/wp-content\/uploads\/2023\/01\/daniel_result-150x150.webp 150w, https:\/\/admit-one.eu\/wp-content\/uploads\/2023\/01\/daniel_result-12x12.webp 12w\" sizes=\"(max-width: 180px) 100vw, 180px\" \/><\/figure><\/div>\n\n\n<div style=\"height:20px\" aria-hidden=\"true\" class=\"wp-block-spacer\"><\/div>\n\n\n\n<div class=\"is-layout-constrained wp-block-group noTranslate\" data-no-translation=\"\"><div class=\"wp-block-group__inner-container\">\n<h4 class=\"has-text-align-center wp-block-heading\">Daniel Tristan<\/h4>\n\n\n\n<h5 class=\"has-text-align-center wp-block-heading\">CTO US &amp; LATAM<\/h5>\n<\/div><\/div>\n\n\n\n<p class=\"has-text-align-left\">Som f\u00f6re detta IT-chef f\u00f6r Cinemex, en av de fem st\u00f6rsta multiplexkedjorna globalt med \u00f6ver 380 sajter i Mexiko och USA, och senast chef f\u00f6r integrationsteamet p\u00e5 Showtime Analytics, en global f\u00f6retagsakt\u00f6r inom dataanalys f\u00f6r biografer och Underh\u00e5llningsindustrin \u00e4r Daniel ansvarig f\u00f6r v\u00e5rt nya dedikerade Enterprise Team i USA och Latinamerika, som t\u00e4cker alla traditionella biografer och multi-purpose arenor.<\/p>\n<\/div>\n<\/div><\/section>\n\n\n\n<div id=\"wp-block-themeisle-blocks-advanced-columns-01c14de9\" class=\"wp-block-themeisle-blocks-advanced-columns has-2-columns has-desktop-equal-layout has-tablet-collapsedRows-layout has-mobile-collapsedRows-layout has-vertical-unset call-to-action has-dark-bg\" data-aos=\"fade\" data-aos-duration=\"1200\"><div class=\"wp-block-themeisle-blocks-advanced-columns-overlay\"><\/div><div class=\"innerblocks-wrap\">\n<div id=\"wp-block-themeisle-blocks-advanced-column-aed9b021\" class=\"wp-block-themeisle-blocks-advanced-column\">\n<h2 class=\"wp-block-heading has-nv-site-bg-color has-text-color\">\u00c4r du redo att b\u00f6rja med Admit One?<\/h2>\n\n\n\n<p class=\"has-nv-site-bg-color has-text-color\">L\u00e5t oss b\u00f6rja&nbsp;<i class=\"icon-forward\"><\/i><\/p>\n<\/div>\n\n\n\n<div id=\"wp-block-themeisle-blocks-advanced-column-01e8791e\" class=\"wp-block-themeisle-blocks-advanced-column column-right\">\n<h4 class=\"wp-block-heading has-neve-text-color-color has-text-color\">Hj\u00e4lp oss f\u00f6rst\u00e5 dina behov<\/h4>\n\n\n\n<p class=\"has-neve-text-color-color has-text-color\">Vi vet att alla f\u00f6retag \u00e4r olika. Oavsett dina unika krav, Admit One \u00e4r h\u00e4r f\u00f6r att erbjuda ett anpassat POS-system som fungerar f\u00f6r dig, varje steg p\u00e5 v\u00e4gen.<\/p>\n\n\n\n<ul class=\"a1_tick-list has-neve-text-color-color has-text-color\">\n<li>Flexibel<\/li>\n\n\n\n<li>Prisv\u00e4rd<\/li>\n\n\n\n<li>Skalbar<\/li>\n<\/ul>\n\n\n\n<div id=\"wp-block-themeisle-blocks-button-group-5e1b0e52\" class=\"wp-block-themeisle-blocks-button-group wp-block-buttons\">\n<div id=\"wp-block-themeisle-blocks-button-bdaccee1\" class=\"wp-block-themeisle-blocks-button wp-block-button is-style-primary\"><a href=\"https:\/\/admit-one.eu\/sv\/komma-i-kontakt\/\" target=\"_self\" rel=\"noopener noreferrer\" class=\"wp-block-button__link\"><span>L\u00e5t oss prata<\/span><\/a><\/div>\n<\/div>\n<\/div>\n<\/div><\/div>","protected":false},"excerpt":{"rendered":"","protected":false},"author":1,"featured_media":0,"parent":0,"menu_order":0,"comment_status":"closed","ping_status":"closed","template":"","meta":{"om_disable_all_campaigns":false,"_uag_custom_page_level_css":"","_mi_skip_tracking":false,"neve_meta_sidebar":"","neve_meta_container":"full-width","neve_meta_enable_content_width":"","neve_meta_content_width":0,"neve_meta_title_alignment":"","neve_meta_author_avatar":"","neve_post_elements_order":"","neve_meta_disable_header":"","neve_meta_disable_footer":"","neve_meta_disable_title":"on","neve_meta_reading_time":"","_themeisle_gutenberg_block_has_review":false},"categories":[],"tags":[],"folder":[],"aioseo_notices":[],"uagb_featured_image_src":{"full":false,"thumbnail":false,"medium":false,"medium_large":false,"large":false,"1536x1536":false,"2048x2048":false,"trp-custom-language-flag":false,"neve-blog":false,"xl":false,"xxl":false,"xxxl":false,"xxxxl":false,"xxxxxl":false},"uagb_author_info":{"display_name":"James Gibson","author_link":"https:\/\/admit-one.eu\/sv\/blog\/author\/james-gibson\/"},"uagb_comment_info":0,"uagb_excerpt":null,"_links":{"self":[{"href":"https:\/\/admit-one.eu\/sv\/wp-json\/wp\/v2\/pages\/12338"}],"collection":[{"href":"https:\/\/admit-one.eu\/sv\/wp-json\/wp\/v2\/pages"}],"about":[{"href":"https:\/\/admit-one.eu\/sv\/wp-json\/wp\/v2\/types\/page"}],"author":[{"embeddable":true,"href":"https:\/\/admit-one.eu\/sv\/wp-json\/wp\/v2\/users\/1"}],"replies":[{"embeddable":true,"href":"https:\/\/admit-one.eu\/sv\/wp-json\/wp\/v2\/comments?post=12338"}],"version-history":[{"count":3,"href":"https:\/\/admit-one.eu\/sv\/wp-json\/wp\/v2\/pages\/12338\/revisions"}],"predecessor-version":[{"id":15106,"href":"https:\/\/admit-one.eu\/sv\/wp-json\/wp\/v2\/pages\/12338\/revisions\/15106"}],"wp:attachment":[{"href":"https:\/\/admit-one.eu\/sv\/wp-json\/wp\/v2\/media?parent=12338"}],"wp:term":[{"taxonomy":"category","embeddable":true,"href":"https:\/\/admit-one.eu\/sv\/wp-json\/wp\/v2\/categories?post=12338"},{"taxonomy":"post_tag","embeddable":true,"href":"https:\/\/admit-one.eu\/sv\/wp-json\/wp\/v2\/tags?post=12338"},{"taxonomy":"folder","embeddable":true,"href":"https:\/\/admit-one.eu\/sv\/wp-json\/wp\/v2\/folder?post=12338"}],"curies":[{"name":"wp","href":"https:\/\/api.w.org\/{rel}","templated":true}]}}