{"id":11988,"date":"2023-01-09T13:02:38","date_gmt":"2023-01-09T13:02:38","guid":{"rendered":"https:\/\/admit-one.co.uk\/?page_id=11988"},"modified":"2024-02-22T16:31:45","modified_gmt":"2024-02-22T16:31:45","slug":"guest-experience","status":"publish","type":"page","link":"https:\/\/admit-one.eu\/sv\/losningar\/gastupplevelse\/","title":{"rendered":"G\u00e4stupplevelse"},"content":{"rendered":"<div id=\"wp-block-themeisle-blocks-advanced-columns-f3534b6f\" class=\"wp-block-themeisle-blocks-advanced-columns has-2-columns has-desktop-twoOne-layout has-tablet-equal-layout has-mobile-collapsedRows-layout has-reverse-columns-mobile has-vertical-unset has-vertical-undefined page-header\"><div class=\"wp-block-themeisle-blocks-advanced-columns-overlay\"><\/div><div class=\"innerblocks-wrap\">\n<div id=\"wp-block-themeisle-blocks-advanced-column-49529f4b\" class=\"wp-block-themeisle-blocks-advanced-column\" data-aos=\"fade\" data-aos-duration=\"1200\">\n<h1>G\u00e4stupplevelse<\/h1>\n\n\n\n<p>Se till att dina kunder kommer tillbaka med anpassningsbara bel\u00f6ningsprogram och personliga incitament, utformade f\u00f6r att v\u00e4xa ditt f\u00f6retag och gl\u00e4dja dina kunder.<\/p>\n\n\n\n<div id=\"wp-block-themeisle-blocks-button-group-74f45ab7\" class=\"wp-block-themeisle-blocks-button-group wp-block-buttons\">\n<div id=\"wp-block-themeisle-blocks-button-6461b3a4\" class=\"wp-block-themeisle-blocks-button wp-block-button is-style-primary\"><a href=\"https:\/\/www.admit-one.co.uk\/request-demo\/\" target=\"_self\" rel=\"noopener noreferrer\" class=\"wp-block-button__link\"><span>Beg\u00e4r en demo <\/span><\/a><\/div>\n<\/div>\n<\/div>\n\n\n\n<div id=\"wp-block-themeisle-blocks-advanced-column-27c8e090\" class=\"wp-block-themeisle-blocks-advanced-column\" data-aos=\"fade-up\" data-aos-duration=\"1200\"><div class=\"wp-block-image is-style-default\">\n<figure class=\"aligncenter size-full\"><img decoding=\"async\" src=\"https:\/\/admit-one.co.uk\/wp-content\/uploads\/2023\/01\/image_guest-experience_result-1.webp\" alt=\"G\u00e4stupplevelse\" class=\"wp-image-12116\"\/><\/figure><\/div><\/div>\n<\/div><\/div>\n\n\n\n<div id=\"wp-block-themeisle-blocks-advanced-columns-2074d916\" class=\"wp-block-themeisle-blocks-advanced-columns has-2-columns has-desktop-equal-layout has-tablet-equal-layout has-mobile-collapsedRows-layout has-vertical-unset feature-block\"><div class=\"wp-block-themeisle-blocks-advanced-columns-overlay\"><\/div><div class=\"innerblocks-wrap\">\n<div id=\"wp-block-themeisle-blocks-advanced-column-945ee192\" class=\"wp-block-themeisle-blocks-advanced-column\" data-aos=\"fade-right\" data-aos-duration=\"1200\"><div class=\"wp-block-image is-style-default\">\n<figure class=\"alignleft size-full\"><img decoding=\"async\" src=\"https:\/\/admit-one.co.uk\/wp-content\/uploads\/2023\\01\/products_guest-experience_loyalty-membership_result.webp\" alt=\"Lojalitet och medlemskap\" class=\"wp-image-12243\"\/><\/figure><\/div><\/div>\n\n\n\n<div id=\"wp-block-themeisle-blocks-advanced-column-03cad4bb\" class=\"wp-block-themeisle-blocks-advanced-column\" data-aos=\"fade\" data-aos-duration=\"1200\">\n<h3>Lojalitet och medlemskap<\/h3>\n\n\n\n<p>Oavsett om du utvecklar ett nytt program eller integrerar ett befintligt, har det aldrig varit enklare att bel\u00f6na dina kunder med v\u00e5ra flexibla funktionsrika lojalitets- och medlemsmoduler. \u00d6ka g\u00e4stfrekvensen och spendera med ett lojalitetsprogram som \u00e4r skr\u00e4ddarsytt f\u00f6r att fungera f\u00f6r ditt f\u00f6retag, fr\u00e5n det grundl\u00e4ggande till det skr\u00e4ddarsydda och allt d\u00e4remellan.<\/p>\n\n\n\n<div class=\"is-layout-flex wp-container-3 wp-block-columns are-vertically-aligned-top\">\n<div class=\"is-layout-flow wp-block-column is-vertically-aligned-top\">\n<ul class=\"a1_tick-list\">\n<li>Po\u00e4ng, rabatter, pengarbaserade erbjudanden<\/li>\n\n\n\n<li>Flerniv\u00e5program med flexibla bel\u00f6ningar<\/li>\n\n\n\n<li>Integration med befintlig 3<sup>rd<\/sup> partisystem<\/li>\n\n\n\n<li>Kundkonto\u00e5tkomst f\u00f6r att granska medlemsstatus, po\u00e4ngsaldo och kampanjer<\/li>\n\n\n\n<li>Full transaktionsassociation \u00f6ver alla kanaler<\/li>\n<\/ul>\n<\/div>\n\n\n\n<div class=\"is-layout-flow wp-block-column is-vertically-aligned-top\">\n<ul class=\"a1_tick-list\">\n<li>Digitala och fysiska medlems- och lojalitetskort<\/li>\n\n\n\n<li>Medlemskap och lojalitetsdata synkroniseras med ditt marknadsf\u00f6ringsverktyg med v\u00e5rt avancerade API, s\u00e5 att du kan utl\u00f6sa kampanjer baserade p\u00e5 realtidsdata<\/li>\n\n\n\n<li>St\u00e4ng slingan med dina kunder med \u00e5terskrivning fr\u00e5n marknadsf\u00f6ringsverktyg till POS, inklusive transaktioner, po\u00e4ngsaldon och marknadsf\u00f6ringsstatus<\/li>\n<\/ul>\n<\/div>\n<\/div>\n<\/div>\n<\/div><\/div>\n\n\n\n<div id=\"wp-block-themeisle-blocks-advanced-columns-adedf2b1\" class=\"wp-block-themeisle-blocks-advanced-columns has-2-columns has-desktop-equal-layout has-tablet-equal-layout has-mobile-collapsedRows-layout has-vertical-unset feature-block\"><div class=\"wp-block-themeisle-blocks-advanced-columns-overlay\"><\/div><div class=\"innerblocks-wrap\">\n<div id=\"wp-block-themeisle-blocks-advanced-column-c85a1b5a\" class=\"wp-block-themeisle-blocks-advanced-column\" data-aos=\"fade-right\" data-aos-duration=\"1200\"><div class=\"wp-block-image is-style-default\">\n<figure class=\"alignleft size-full\"><img decoding=\"async\" src=\"https:\/\/admit-one.co.uk\/wp-content\/uploads\/2023\\01\/products_guest-experience_gift-cards-vouchers_result.webp\" alt=\"Presentkort och kuponger\" class=\"wp-image-12242\"\/><\/figure><\/div><\/div>\n\n\n\n<div id=\"wp-block-themeisle-blocks-advanced-column-d67ecbfb\" class=\"wp-block-themeisle-blocks-advanced-column\" data-aos=\"fade\" data-aos-duration=\"1200\">\n<h3>Presentkort och kuponger<\/h3>\n\n\n\n<p>Att s\u00e4lja presentkort och kuponger \u00e4r ett utm\u00e4rkt s\u00e4tt f\u00f6r dina kunder att bjuda in v\u00e4nner och familj till din biograf och f\u00f6r dig att \u00f6ka dina int\u00e4kter, kundbas och marknadsf\u00f6ra ditt varum\u00e4rke.<\/p>\n\n\n\n<div class=\"is-layout-flex wp-container-6 wp-block-columns are-vertically-aligned-top\">\n<div class=\"is-layout-flow wp-block-column is-vertically-aligned-top\">\n<ul class=\"a1_tick-list\">\n<li>St\u00f6der digitala och fysiska kuponger och presentkort<\/li>\n\n\n\n<li>Enkel inl\u00f6sen f\u00f6r kunder vid bokning via valfri f\u00f6rs\u00e4ljningskanal<\/li>\n<\/ul>\n<\/div>\n\n\n\n<div class=\"is-layout-flow wp-block-column is-vertically-aligned-top\">\n<ul class=\"a1_tick-list\">\n<li>Kunder kan enkelt kontrollera sitt e-presentkortssaldo online, fr\u00e5n din webbplats eller fr\u00e5n din app<\/li>\n\n\n\n<li>Sp\u00e5ra all f\u00f6rs\u00e4ljning av kuponger och presentkort via huvudkontoret med full synlighet och hantering av oinl\u00f6sta och utg\u00e5ngna tokens<\/li>\n<\/ul>\n<\/div>\n<\/div>\n<\/div>\n<\/div><\/div>\n\n\n\n<div id=\"wp-block-themeisle-blocks-advanced-columns-f87949f2\" class=\"wp-block-themeisle-blocks-advanced-columns has-2-columns has-desktop-equal-layout has-tablet-equal-layout has-mobile-collapsedRows-layout has-vertical-unset feature-block\"><div class=\"wp-block-themeisle-blocks-advanced-columns-overlay\"><\/div><div class=\"innerblocks-wrap\">\n<div id=\"wp-block-themeisle-blocks-advanced-column-03609fad\" class=\"wp-block-themeisle-blocks-advanced-column\" data-aos=\"fade-right\" data-aos-duration=\"1200\"><div class=\"wp-block-image is-style-default\">\n<figure class=\"alignleft size-full\"><img decoding=\"async\" src=\"https:\/\/admit-one.co.uk\/wp-content\/uploads\/2023\\01\/products_guest-experience_promos-discounts_result.webp\" alt=\"Kampanjer och rabatter\" class=\"wp-image-12245\"\/><\/figure><\/div><\/div>\n\n\n\n<div id=\"wp-block-themeisle-blocks-advanced-column-968956cf\" class=\"wp-block-themeisle-blocks-advanced-column\" data-aos=\"fade\" data-aos-duration=\"1200\">\n<h3>Kampanjer och rabatter<\/h3>\n\n\n\n<p>V\u00e5rt system l\u00e5ter dig enkelt till\u00e4mpa och hantera kampanjer och rabatter f\u00f6r att f\u00e5 fler bokningar och merf\u00f6rs\u00e4ljningar.<\/p>\n\n\n\n<div class=\"is-layout-flex wp-container-9 wp-block-columns are-vertically-aligned-top\">\n<div class=\"is-layout-flow wp-block-column is-vertically-aligned-top\">\n<ul class=\"a1_tick-list\">\n<li>Eng\u00e5ngs- och Multierbjudande-koder<\/li>\n\n\n\n<li>Erbjud rabatter, gratis till\u00e4gg eller l\u00e5s upp specialerbjudanden med koder<\/li>\n<\/ul>\n<\/div>\n\n\n\n<div class=\"is-layout-flow wp-block-column is-vertically-aligned-top\">\n<ul class=\"a1_tick-list\">\n<li>Ange plats och utg\u00e5ngsregler&nbsp;<\/li>\n\n\n\n<li>St\u00e4ll in skr\u00e4ddarsydda regler f\u00f6r att utl\u00f6sa bel\u00f6ningar till dina kunder, som vid f\u00f6rnyelse\u00e5rsdagar eller f\u00f6delsedagar<\/li>\n<\/ul>\n<\/div>\n<\/div>\n<\/div>\n<\/div><\/div>\n\n\n\n<div id=\"wp-block-themeisle-blocks-advanced-columns-64c1c2f4\" class=\"wp-block-themeisle-blocks-advanced-columns has-2-columns has-desktop-equal-layout has-tablet-equal-layout has-mobile-collapsedRows-layout has-vertical-unset feature-block\"><div class=\"wp-block-themeisle-blocks-advanced-columns-overlay\"><\/div><div class=\"innerblocks-wrap\">\n<div id=\"wp-block-themeisle-blocks-advanced-column-6c41a377\" class=\"wp-block-themeisle-blocks-advanced-column\" data-aos=\"fade-right\" data-aos-duration=\"1200\"><div class=\"wp-block-image is-style-default\">\n<figure class=\"alignleft size-full\"><img decoding=\"async\" loading=\"lazy\" width=\"600\" height=\"600\" src=\"https:\/\/admit-one.co.uk\/wp-content\/uploads\/2023\/01\/products_guest-experience_marketing-integrations_result-1.webp\" alt=\"Marknadsf\u00f6ringsintegrationer\" class=\"wp-image-12494\" srcset=\"https:\/\/admit-one.eu\/wp-content\/uploads\/2023\/01\/products_guest-experience_marketing-integrations_result-1.webp 600w, https:\/\/admit-one.eu\/wp-content\/uploads\/2023\/01\/products_guest-experience_marketing-integrations_result-1-300x300.webp 300w, https:\/\/admit-one.eu\/wp-content\/uploads\/2023\/01\/products_guest-experience_marketing-integrations_result-1-150x150.webp 150w, https:\/\/admit-one.eu\/wp-content\/uploads\/2023\/01\/products_guest-experience_marketing-integrations_result-1-12x12.webp 12w, https:\/\/admit-one.eu\/wp-content\/uploads\/2023\/01\/products_guest-experience_marketing-integrations_result-1-400x400.webp 400w\" sizes=\"(max-width: 600px) 100vw, 600px\" \/><\/figure><\/div><\/div>\n\n\n\n<div id=\"wp-block-themeisle-blocks-advanced-column-d3e90953\" class=\"wp-block-themeisle-blocks-advanced-column\" data-aos=\"fade\" data-aos-duration=\"1200\">\n<h3>Marknadsf\u00f6ringsintegrationer<\/h3>\n\n\n\n<p>V\u00e5rt flexibla API s\u00e4kerst\u00e4ller att du har friheten att integrera med din valfria CRM- och digitala marknadsf\u00f6ringsplattform, vilket s\u00e4kerst\u00e4ller en s\u00f6ml\u00f6s, sluten loop-upplevelse f\u00f6r alla. Alternativt kan du dra full nytta av v\u00e5r djupa integration med Engage fr\u00e5n branschledande Showtime Analytics, och aktivera din publik genom beteendedatamodeller som driver personliga, automatiserade och engagerande upplevelser.<\/p>\n\n\n\n<div class=\"is-layout-flex wp-container-12 wp-block-columns are-vertically-aligned-top\">\n<div class=\"is-layout-flow wp-block-column is-vertically-aligned-top\">\n<ul class=\"a1_tick-list\">\n<li>Alla individuella kundbeteenden, ber\u00f6ringspunkter och k\u00f6paktivitet integrerade tillsammans f\u00f6r att skapa en enda kundvy av dina identifierbara filmbes\u00f6kare<\/li>\n\n\n\n<li>Anv\u00e4ndarv\u00e4nligt kundsegmenteringsverktyg g\u00f6r att du kan identifiera grupper av filmbes\u00f6kare som delar gemensamma beteenden<\/li>\n\n\n\n<li>Realtid end-to-end kampanjrapportering och h\u00f6jning av ROI<\/li>\n<\/ul>\n<\/div>\n\n\n\n<div class=\"is-layout-flow wp-block-column is-vertically-aligned-top\">\n<ul class=\"a1_tick-list\">\n<li>Segment baserat p\u00e5: kunddemografi, sedda filmer, k\u00f6pta eftergifter, setta trailers, bes\u00f6kta sidor, k\u00f6pta biljetttyper och m\u00e5nga fler attribut f\u00f6r att identifiera din perfekta m\u00e5lgrupp f\u00f6r en kampanj<\/li>\n\n\n\n<li>Campaign Creation Builder f\u00f6r enkel, vacker, personlig design av inneh\u00e5ll<\/li>\n\n\n\n<li>Analys av aktualitet, frekvens och monet\u00e4rt v\u00e4rde f\u00f6r din kundbas<\/li>\n<\/ul>\n<\/div>\n<\/div>\n<\/div>\n<\/div><\/div>\n\n\n\n<div id=\"wp-block-themeisle-blocks-advanced-columns-01c14de9\" class=\"wp-block-themeisle-blocks-advanced-columns has-2-columns has-desktop-equal-layout has-tablet-collapsedRows-layout has-mobile-collapsedRows-layout has-vertical-unset call-to-action has-dark-bg\" data-aos=\"fade\" data-aos-duration=\"1200\"><div class=\"wp-block-themeisle-blocks-advanced-columns-overlay\"><\/div><div class=\"innerblocks-wrap\">\n<div id=\"wp-block-themeisle-blocks-advanced-column-aed9b021\" class=\"wp-block-themeisle-blocks-advanced-column\">\n<h2 class=\"wp-block-heading has-nv-site-bg-color has-text-color\">\u00c4r du redo att b\u00f6rja med Admit One?<\/h2>\n\n\n\n<p class=\"has-nv-site-bg-color has-text-color\">L\u00e5t oss b\u00f6rja&nbsp;<i class=\"icon-forward\"><\/i><\/p>\n<\/div>\n\n\n\n<div id=\"wp-block-themeisle-blocks-advanced-column-01e8791e\" class=\"wp-block-themeisle-blocks-advanced-column column-right\">\n<h4 class=\"wp-block-heading has-neve-text-color-color has-text-color\">Hj\u00e4lp oss f\u00f6rst\u00e5 dina behov<\/h4>\n\n\n\n<p class=\"has-neve-text-color-color has-text-color\">Vi vet att alla f\u00f6retag \u00e4r olika. Oavsett dina unika krav, Admit One \u00e4r h\u00e4r f\u00f6r att erbjuda ett anpassat POS-system som fungerar f\u00f6r dig, varje steg p\u00e5 v\u00e4gen.<\/p>\n\n\n\n<ul class=\"a1_tick-list has-neve-text-color-color has-text-color\">\n<li>Flexibel<\/li>\n\n\n\n<li>Prisv\u00e4rd<\/li>\n\n\n\n<li>Skalbar<\/li>\n<\/ul>\n\n\n\n<div id=\"wp-block-themeisle-blocks-button-group-5e1b0e52\" class=\"wp-block-themeisle-blocks-button-group wp-block-buttons\">\n<div id=\"wp-block-themeisle-blocks-button-bdaccee1\" class=\"wp-block-themeisle-blocks-button wp-block-button is-style-primary\"><a href=\"https:\/\/admit-one.eu\/sv\/komma-i-kontakt\/\" target=\"_self\" rel=\"noopener noreferrer\" class=\"wp-block-button__link\"><span>L\u00e5t oss prata<\/span><\/a><\/div>\n<\/div>\n<\/div>\n<\/div><\/div>","protected":false},"excerpt":{"rendered":"","protected":false},"author":1,"featured_media":0,"parent":14814,"menu_order":0,"comment_status":"closed","ping_status":"closed","template":"","meta":{"om_disable_all_campaigns":false,"_uag_custom_page_level_css":"","_mi_skip_tracking":false,"neve_meta_sidebar":"","neve_meta_container":"full-width","neve_meta_enable_content_width":"","neve_meta_content_width":0,"neve_meta_title_alignment":"center","neve_meta_author_avatar":"","neve_post_elements_order":"","neve_meta_disable_header":"off","neve_meta_disable_footer":"","neve_meta_disable_title":"on","neve_meta_reading_time":"","_themeisle_gutenberg_block_has_review":false},"categories":[],"tags":[],"folder":[90],"aioseo_notices":[],"uagb_featured_image_src":{"full":false,"thumbnail":false,"medium":false,"medium_large":false,"large":false,"1536x1536":false,"2048x2048":false,"trp-custom-language-flag":false,"neve-blog":false,"xl":false,"xxl":false,"xxxl":false,"xxxxl":false,"xxxxxl":false},"uagb_author_info":{"display_name":"James Gibson","author_link":"https:\/\/admit-one.eu\/sv\/blog\/author\/james-gibson\/"},"uagb_comment_info":0,"uagb_excerpt":null,"_links":{"self":[{"href":"https:\/\/admit-one.eu\/sv\/wp-json\/wp\/v2\/pages\/11988"}],"collection":[{"href":"https:\/\/admit-one.eu\/sv\/wp-json\/wp\/v2\/pages"}],"about":[{"href":"https:\/\/admit-one.eu\/sv\/wp-json\/wp\/v2\/types\/page"}],"author":[{"embeddable":true,"href":"https:\/\/admit-one.eu\/sv\/wp-json\/wp\/v2\/users\/1"}],"replies":[{"embeddable":true,"href":"https:\/\/admit-one.eu\/sv\/wp-json\/wp\/v2\/comments?post=11988"}],"version-history":[{"count":6,"href":"https:\/\/admit-one.eu\/sv\/wp-json\/wp\/v2\/pages\/11988\/revisions"}],"predecessor-version":[{"id":15116,"href":"https:\/\/admit-one.eu\/sv\/wp-json\/wp\/v2\/pages\/11988\/revisions\/15116"}],"up":[{"embeddable":true,"href":"https:\/\/admit-one.eu\/sv\/wp-json\/wp\/v2\/pages\/14814"}],"wp:attachment":[{"href":"https:\/\/admit-one.eu\/sv\/wp-json\/wp\/v2\/media?parent=11988"}],"wp:term":[{"taxonomy":"category","embeddable":true,"href":"https:\/\/admit-one.eu\/sv\/wp-json\/wp\/v2\/categories?post=11988"},{"taxonomy":"post_tag","embeddable":true,"href":"https:\/\/admit-one.eu\/sv\/wp-json\/wp\/v2\/tags?post=11988"},{"taxonomy":"folder","embeddable":true,"href":"https:\/\/admit-one.eu\/sv\/wp-json\/wp\/v2\/folder?post=11988"}],"curies":[{"name":"wp","href":"https:\/\/api.w.org\/{rel}","templated":true}]}}