{"id":11986,"date":"2023-01-09T13:02:04","date_gmt":"2023-01-09T13:02:04","guid":{"rendered":"https:\/\/admit-one.co.uk\/?page_id=11986"},"modified":"2024-02-22T16:31:23","modified_gmt":"2024-02-22T16:31:23","slug":"digital-sales","status":"publish","type":"page","link":"https:\/\/admit-one.eu\/sv\/losningar\/digital-forsaljning\/","title":{"rendered":"Digital f\u00f6rs\u00e4ljning"},"content":{"rendered":"<div id=\"wp-block-themeisle-blocks-advanced-columns-f3534b6f\" class=\"wp-block-themeisle-blocks-advanced-columns has-2-columns has-desktop-twoOne-layout has-tablet-equal-layout has-mobile-collapsedRows-layout has-reverse-columns-mobile has-vertical-unset has-vertical-undefined page-header\"><div class=\"wp-block-themeisle-blocks-advanced-columns-overlay\"><\/div><div class=\"innerblocks-wrap\">\n<div id=\"wp-block-themeisle-blocks-advanced-column-49529f4b\" class=\"wp-block-themeisle-blocks-advanced-column\" data-aos=\"fade\" data-aos-duration=\"1200\">\n<h1 class=\"wp-block-heading\">Digital f\u00f6rs\u00e4ljning<\/h1>\n\n\n\n<p>Allt du beh\u00f6ver f\u00f6r att s\u00e4kerst\u00e4lla att dina kunder enkelt kan surfa och k\u00f6pa biljetter och extramaterial, n\u00e4r de vill och \u00f6ver alla digitala kanaler. Admit One l\u00e5ter dig maximera f\u00f6rhandsf\u00f6rs\u00e4ljning utanf\u00f6r lokalen samtidigt som du levererar en konsekvent och s\u00f6ml\u00f6s upplevelse genom alla ink\u00f6psv\u00e4gar. &nbsp;<\/p>\n\n\n\n<div id=\"wp-block-themeisle-blocks-button-group-74f45ab7\" class=\"wp-block-themeisle-blocks-button-group wp-block-buttons\">\n<div id=\"wp-block-themeisle-blocks-button-6461b3a4\" class=\"wp-block-themeisle-blocks-button wp-block-button is-style-primary\"><a href=\"https:\/\/www.admit-one.co.uk\/request-demo\/\" target=\"_self\" rel=\"noopener noreferrer\" class=\"wp-block-button__link\"><span>Beg\u00e4r en demo <\/span><\/a><\/div>\n<\/div>\n<\/div>\n\n\n\n<div id=\"wp-block-themeisle-blocks-advanced-column-27c8e090\" class=\"wp-block-themeisle-blocks-advanced-column\" data-aos=\"fade-up\" data-aos-duration=\"1200\"><div class=\"wp-block-image is-style-default\">\n<figure class=\"aligncenter size-full\"><img decoding=\"async\" src=\"https:\/\/admit-one.co.uk\/wp-content\/uploads\/2023\/01\/image_advanced-sales_result-1.webp\" alt=\"Avancerad f\u00f6rs\u00e4ljning\" class=\"wp-image-12114\"\/><\/figure><\/div><\/div>\n<\/div><\/div>\n\n\n\n<div id=\"wp-block-themeisle-blocks-advanced-columns-2074d916\" class=\"wp-block-themeisle-blocks-advanced-columns has-2-columns has-desktop-equal-layout has-tablet-equal-layout has-mobile-collapsedRows-layout has-vertical-unset feature-block\"><div class=\"wp-block-themeisle-blocks-advanced-columns-overlay\"><\/div><div class=\"innerblocks-wrap\">\n<div id=\"wp-block-themeisle-blocks-advanced-column-945ee192\" class=\"wp-block-themeisle-blocks-advanced-column\" data-aos=\"fade-right\" data-aos-duration=\"1200\"><div class=\"wp-block-image is-style-default\">\n<figure class=\"alignleft size-full\"><img decoding=\"async\" src=\"https:\/\/admit-one.co.uk\/wp-content\/uploads\/2023\\01\/products_advanced-sales_web_result.webp\" alt=\"webb\" class=\"wp-image-12236\"\/><\/figure><\/div><\/div>\n\n\n\n<div id=\"wp-block-themeisle-blocks-advanced-column-03cad4bb\" class=\"wp-block-themeisle-blocks-advanced-column\" data-aos=\"fade\" data-aos-duration=\"1200\">\n<h3 class=\"wp-block-heading\">Hemsida<\/h3>\n\n\n\n<p>Ett modernt tillv\u00e4gag\u00e5ngss\u00e4tt f\u00f6r onlinebokning, v\u00e5r k\u00e4rnwebbplattform f\u00f6rser ditt f\u00f6retag med en anpassad, mobilanpassad webbplats och bokningsmotor. Enkelt och s\u00f6ml\u00f6st k\u00f6pfl\u00f6de med fullst\u00e4ndigt s\u00e4kerhetsf\u00f6rtroende, den integrerade bokningsmotorn hj\u00e4lper dig att \u00f6ka onlinef\u00f6rs\u00e4ljningen och spara tid och pengar p\u00e5 3<sup>rd<\/sup> partiintegrationer. Vi tar hand om allt, s\u00e5 du beh\u00f6ver inte.<\/p>\n\n\n\n<div class=\"is-layout-flex wp-container-3 wp-block-columns are-vertically-aligned-top\">\n<div class=\"is-layout-flow wp-block-column is-vertically-aligned-top\">\n<ul class=\"a1_tick-list\">\n<li>Dynamiskt inneh\u00e5ll i realtid med full anpassning och kontroll<\/li>\n\n\n\n<li>Flexibelt bokningsfl\u00f6de med flera konfigurationsalternativ<\/li>\n\n\n\n<li>Sittplaner med flera visnings- och anpassningsalternativ<\/li>\n\n\n\n<li>Koncessioner \u2013 erbjuder enkla merf\u00f6rs\u00e4ljningar f\u00f6r kunder och \u00f6ka dina utgifter per person<\/li>\n<\/ul>\n<\/div>\n\n\n\n<div class=\"is-layout-flow wp-block-column is-vertically-aligned-top\">\n<ul class=\"a1_tick-list\">\n<li>Betalningshantering inklusive Payment Redirect och Card Capture, med st\u00f6d f\u00f6r flera betalningsleverant\u00f6rer<\/li>\n\n\n\n<li>H\u00e5ll kunderna anslutna med medlemskap \u2013 uppmuntra enkelt kundkontoregistreringar och inloggningar<\/li>\n\n\n\n<li>S\u00e4lj presentkort och kuponger f\u00f6r att \u00f6ka din r\u00e4ckvidd och int\u00e4kter<\/li>\n<\/ul>\n<\/div>\n<\/div>\n<\/div>\n<\/div><\/div>\n\n\n\n<div id=\"wp-block-themeisle-blocks-advanced-columns-7c8d14a1\" class=\"wp-block-themeisle-blocks-advanced-columns has-2-columns has-desktop-equal-layout has-tablet-equal-layout has-mobile-collapsedRows-layout has-vertical-unset feature-block\"><div class=\"wp-block-themeisle-blocks-advanced-columns-overlay\"><\/div><div class=\"innerblocks-wrap\">\n<div id=\"wp-block-themeisle-blocks-advanced-column-6480c00f\" class=\"wp-block-themeisle-blocks-advanced-column\" data-aos=\"fade-right\" data-aos-duration=\"1200\"><div class=\"wp-block-image is-style-default\">\n<figure class=\"alignleft size-full\"><img decoding=\"async\" src=\"https:\/\/admit-one.co.uk\/wp-content\/uploads\/2023\\01\/products_advanced-sales_mobile-app_result.webp\" alt=\"Mobil app\" class=\"wp-image-12235\"\/><\/figure><\/div><\/div>\n\n\n\n<div id=\"wp-block-themeisle-blocks-advanced-column-ed341c03\" class=\"wp-block-themeisle-blocks-advanced-column\" data-aos=\"fade\" data-aos-duration=\"1200\">\n<h3 class=\"wp-block-heading\">Mobil app<\/h3>\n\n\n\n<p>Ut\u00f6ka din anv\u00e4ndarbas med den ultimata mobilupplevelsen och l\u00e5t dina kunder planera sin n\u00e4sta storbildsresa var som helst; titta p\u00e5 trailers, bl\u00e4ddra i speltider och boka och f\u00e5 tillg\u00e5ng till biljetter och extramaterial, allt fr\u00e5n din egen Circuits anpassade app. &nbsp;<\/p>\n\n\n\n<div class=\"is-layout-flex wp-container-6 wp-block-columns are-vertically-aligned-top\">\n<div class=\"is-layout-flow wp-block-column is-vertically-aligned-top\">\n<ul class=\"a1_tick-list\">\n<li>Android- och Apple-specifika appar<\/li>\n\n\n\n<li>S\u00f6ml\u00f6s och konsekvent anv\u00e4ndarupplevelse \u00f6ver webb och app<\/li>\n\n\n\n<li>Biljett- och medlemskaps-\/lojalitetslagring via en praktisk pl\u00e5nbok i appen<\/li>\n\n\n\n<li>Inbyggda merf\u00f6rs\u00e4ljningsm\u00f6jligheter med f\u00f6rbest\u00e4llning av F&amp;B-alternativ<\/li>\n<\/ul>\n<\/div>\n\n\n\n<div class=\"is-layout-flow wp-block-column is-vertically-aligned-top\">\n<ul class=\"a1_tick-list\">\n<li>E-biljettstreckkoder f\u00f6r kontaktl\u00f6st intr\u00e4de<\/li>\n\n\n\n<li>Push-meddelanden f\u00f6r meddelanden och marknadsf\u00f6ring i appen<\/li>\n\n\n\n<li>Analytics rapportering<\/li>\n<\/ul>\n<\/div>\n<\/div>\n<\/div>\n<\/div><\/div>\n\n\n\n<div id=\"wp-block-themeisle-blocks-advanced-columns-adedf2b1\" class=\"wp-block-themeisle-blocks-advanced-columns has-2-columns has-desktop-equal-layout has-tablet-equal-layout has-mobile-collapsedRows-layout has-vertical-unset feature-block\"><div class=\"wp-block-themeisle-blocks-advanced-columns-overlay\"><\/div><div class=\"innerblocks-wrap\">\n<div id=\"wp-block-themeisle-blocks-advanced-column-c85a1b5a\" class=\"wp-block-themeisle-blocks-advanced-column\" data-aos=\"fade-right\" data-aos-duration=\"1200\"><div class=\"wp-block-image is-style-default\">\n<figure class=\"alignleft size-full\"><img decoding=\"async\" src=\"https:\/\/admit-one.co.uk\/wp-content\/uploads\/2023\/01\/products_advanced-sales_api_result.webp\" alt=\"API\" class=\"wp-image-12265\"\/><\/figure><\/div><\/div>\n\n\n\n<div id=\"wp-block-themeisle-blocks-advanced-column-d67ecbfb\" class=\"wp-block-themeisle-blocks-advanced-column\" data-aos=\"fade\" data-aos-duration=\"1200\">\n<h3 class=\"wp-block-heading\">Tredje parts webbplats-API:er<\/h3>\n\n\n\n<p>Se till att du maximerar alla biljettk\u00f6pskanaler och ger en s\u00f6ml\u00f6s upplevelse f\u00f6r kunder med Admit One&#039;s 3<sup>rd<\/sup> integrationer av partiwebbplatser. Med realtidsskrivning till din POS kan du se till att biljetttillg\u00e4nglighet och sittplatser h\u00e5lls uppdaterade.&nbsp;<\/p>\n\n\n\n<div class=\"is-layout-flex wp-container-9 wp-block-columns are-vertically-aligned-top\">\n<div class=\"is-layout-flow wp-block-column is-vertically-aligned-top\">\n<ul class=\"a1_tick-list\">\n<li>Meerkat-filmer&nbsp;&nbsp;<\/li>\n\n\n\n<li>Viator&nbsp;<\/li>\n<\/ul>\n<\/div>\n\n\n\n<div class=\"is-layout-flow wp-block-column is-vertically-aligned-top\">\n<ul class=\"a1_tick-list\">\n<li>Qubica&nbsp;<\/li>\n\n\n\n<li>Fandango<\/li>\n<\/ul>\n<\/div>\n<\/div>\n<\/div>\n<\/div><\/div>\n\n\n\n<div id=\"wp-block-themeisle-blocks-advanced-columns-01c14de9\" class=\"wp-block-themeisle-blocks-advanced-columns has-2-columns has-desktop-equal-layout has-tablet-collapsedRows-layout has-mobile-collapsedRows-layout has-vertical-unset call-to-action has-dark-bg\" data-aos=\"fade\" data-aos-duration=\"1200\"><div class=\"wp-block-themeisle-blocks-advanced-columns-overlay\"><\/div><div class=\"innerblocks-wrap\">\n<div id=\"wp-block-themeisle-blocks-advanced-column-aed9b021\" class=\"wp-block-themeisle-blocks-advanced-column\">\n<h2 class=\"wp-block-heading has-nv-site-bg-color has-text-color\">\u00c4r du redo att b\u00f6rja med Admit One?<\/h2>\n\n\n\n<p class=\"has-nv-site-bg-color has-text-color\">L\u00e5t oss b\u00f6rja&nbsp;<i class=\"icon-forward\"><\/i><\/p>\n<\/div>\n\n\n\n<div id=\"wp-block-themeisle-blocks-advanced-column-01e8791e\" class=\"wp-block-themeisle-blocks-advanced-column column-right\">\n<h4 class=\"wp-block-heading has-neve-text-color-color has-text-color\">Hj\u00e4lp oss f\u00f6rst\u00e5 dina behov<\/h4>\n\n\n\n<p class=\"has-neve-text-color-color has-text-color\">Vi vet att alla f\u00f6retag \u00e4r olika. Oavsett dina unika krav, Admit One \u00e4r h\u00e4r f\u00f6r att erbjuda ett anpassat POS-system som fungerar f\u00f6r dig, varje steg p\u00e5 v\u00e4gen.<\/p>\n\n\n\n<ul class=\"a1_tick-list has-neve-text-color-color has-text-color\">\n<li>Flexibel<\/li>\n\n\n\n<li>Prisv\u00e4rd<\/li>\n\n\n\n<li>Skalbar<\/li>\n<\/ul>\n\n\n\n<div id=\"wp-block-themeisle-blocks-button-group-5e1b0e52\" class=\"wp-block-themeisle-blocks-button-group wp-block-buttons\">\n<div id=\"wp-block-themeisle-blocks-button-bdaccee1\" class=\"wp-block-themeisle-blocks-button wp-block-button is-style-primary\"><a href=\"https:\/\/admit-one.eu\/sv\/komma-i-kontakt\/\" target=\"_self\" rel=\"noopener noreferrer\" class=\"wp-block-button__link\"><span>L\u00e5t oss prata<\/span><\/a><\/div>\n<\/div>\n<\/div>\n<\/div><\/div>","protected":false},"excerpt":{"rendered":"","protected":false},"author":1,"featured_media":0,"parent":14814,"menu_order":0,"comment_status":"closed","ping_status":"closed","template":"","meta":{"om_disable_all_campaigns":false,"_uag_custom_page_level_css":"","_mi_skip_tracking":false,"neve_meta_sidebar":"default","neve_meta_container":"full-width","neve_meta_enable_content_width":"","neve_meta_content_width":0,"neve_meta_title_alignment":"center","neve_meta_author_avatar":"","neve_post_elements_order":"","neve_meta_disable_header":"","neve_meta_disable_footer":"","neve_meta_disable_title":"on","neve_meta_reading_time":"","_themeisle_gutenberg_block_has_review":false},"categories":[],"tags":[],"folder":[90],"aioseo_notices":[],"uagb_featured_image_src":{"full":false,"thumbnail":false,"medium":false,"medium_large":false,"large":false,"1536x1536":false,"2048x2048":false,"trp-custom-language-flag":false,"neve-blog":false,"xl":false,"xxl":false,"xxxl":false,"xxxxl":false,"xxxxxl":false},"uagb_author_info":{"display_name":"James Gibson","author_link":"https:\/\/admit-one.eu\/sv\/blog\/author\/james-gibson\/"},"uagb_comment_info":0,"uagb_excerpt":null,"_links":{"self":[{"href":"https:\/\/admit-one.eu\/sv\/wp-json\/wp\/v2\/pages\/11986"}],"collection":[{"href":"https:\/\/admit-one.eu\/sv\/wp-json\/wp\/v2\/pages"}],"about":[{"href":"https:\/\/admit-one.eu\/sv\/wp-json\/wp\/v2\/types\/page"}],"author":[{"embeddable":true,"href":"https:\/\/admit-one.eu\/sv\/wp-json\/wp\/v2\/users\/1"}],"replies":[{"embeddable":true,"href":"https:\/\/admit-one.eu\/sv\/wp-json\/wp\/v2\/comments?post=11986"}],"version-history":[{"count":7,"href":"https:\/\/admit-one.eu\/sv\/wp-json\/wp\/v2\/pages\/11986\/revisions"}],"predecessor-version":[{"id":15114,"href":"https:\/\/admit-one.eu\/sv\/wp-json\/wp\/v2\/pages\/11986\/revisions\/15114"}],"up":[{"embeddable":true,"href":"https:\/\/admit-one.eu\/sv\/wp-json\/wp\/v2\/pages\/14814"}],"wp:attachment":[{"href":"https:\/\/admit-one.eu\/sv\/wp-json\/wp\/v2\/media?parent=11986"}],"wp:term":[{"taxonomy":"category","embeddable":true,"href":"https:\/\/admit-one.eu\/sv\/wp-json\/wp\/v2\/categories?post=11986"},{"taxonomy":"post_tag","embeddable":true,"href":"https:\/\/admit-one.eu\/sv\/wp-json\/wp\/v2\/tags?post=11986"},{"taxonomy":"folder","embeddable":true,"href":"https:\/\/admit-one.eu\/sv\/wp-json\/wp\/v2\/folder?post=11986"}],"curies":[{"name":"wp","href":"https:\/\/api.w.org\/{rel}","templated":true}]}}