{"id":11984,"date":"2023-01-09T11:53:03","date_gmt":"2023-01-09T11:53:03","guid":{"rendered":"https:\/\/admit-one.co.uk\/?page_id=11984"},"modified":"2024-02-22T16:31:18","modified_gmt":"2024-02-22T16:31:18","slug":"back-office","status":"publish","type":"page","link":"https:\/\/admit-one.eu\/sv\/losningar\/back-office\/","title":{"rendered":"Back Office"},"content":{"rendered":"<div id=\"wp-block-themeisle-blocks-advanced-columns-f3534b6f\" class=\"wp-block-themeisle-blocks-advanced-columns has-2-columns has-desktop-twoOne-layout has-tablet-equal-layout has-mobile-collapsedRows-layout has-reverse-columns-mobile has-vertical-unset has-vertical-undefined page-header\"><div class=\"wp-block-themeisle-blocks-advanced-columns-overlay\"><\/div><div class=\"innerblocks-wrap\">\n<div id=\"wp-block-themeisle-blocks-advanced-column-49529f4b\" class=\"wp-block-themeisle-blocks-advanced-column\" data-aos=\"fade\" data-aos-duration=\"1200\">\n<h1 class=\"wp-block-heading\">Back Office<\/h1>\n\n\n\n<p>Ditt centrala hanteringssystem som l\u00e5ter dig st\u00e4lla in och se alla dina webbplatser i en l\u00e4ttanv\u00e4nd applikation. Schemal\u00e4gg framtr\u00e4danden, hantera lager, k\u00f6r rapporter, st\u00e4ll in biljetter, hantera medlemsprogram, presentkort, kuponger och mycket mer... samtidigt som du kommunicerar utan anstr\u00e4ngning med dina anst\u00e4llda.&nbsp;<\/p>\n\n\n\n<div id=\"wp-block-themeisle-blocks-button-group-644da4ec\" class=\"wp-block-themeisle-blocks-button-group wp-block-buttons\">\n<div id=\"wp-block-themeisle-blocks-button-450150d0\" class=\"wp-block-themeisle-blocks-button wp-block-button is-style-primary\"><a href=\"https:\/\/www.admit-one.co.uk\/request-demo\/\" target=\"_self\" rel=\"noopener noreferrer\" class=\"wp-block-button__link\"><span>Beg\u00e4r en demo <\/span><\/a><\/div>\n<\/div>\n<\/div>\n\n\n\n<div id=\"wp-block-themeisle-blocks-advanced-column-27c8e090\" class=\"wp-block-themeisle-blocks-advanced-column\" data-aos=\"fade-up\" data-aos-duration=\"1200\"><div class=\"wp-block-image is-style-default\">\n<figure class=\"aligncenter size-full\"><img decoding=\"async\" loading=\"lazy\" width=\"400\" height=\"400\" src=\"https:\/\/admit-one.co.uk\/wp-content\/uploads\/2023\/01\/image_local-and-ho_result.webp\" alt=\"Back Office\" class=\"wp-image-12263\" srcset=\"https:\/\/admit-one.eu\/wp-content\/uploads\/2023\/01\/image_local-and-ho_result.webp 400w, https:\/\/admit-one.eu\/wp-content\/uploads\/2023\/01\/image_local-and-ho_result-300x300.webp 300w, https:\/\/admit-one.eu\/wp-content\/uploads\/2023\/01\/image_local-and-ho_result-150x150.webp 150w, https:\/\/admit-one.eu\/wp-content\/uploads\/2023\/01\/image_local-and-ho_result-12x12.webp 12w\" sizes=\"(max-width: 400px) 100vw, 400px\" \/><\/figure><\/div><\/div>\n<\/div><\/div>\n\n\n\n<div id=\"wp-block-themeisle-blocks-advanced-columns-2074d916\" class=\"wp-block-themeisle-blocks-advanced-columns has-2-columns has-desktop-equal-layout has-tablet-equal-layout has-mobile-collapsedRows-layout has-vertical-unset feature-block\"><div class=\"wp-block-themeisle-blocks-advanced-columns-overlay\"><\/div><div class=\"innerblocks-wrap\">\n<div id=\"wp-block-themeisle-blocks-advanced-column-945ee192\" class=\"wp-block-themeisle-blocks-advanced-column\" data-aos=\"fade-right\" data-aos-duration=\"1200\"><div class=\"wp-block-image is-style-default\">\n<figure class=\"alignleft size-full\"><img decoding=\"async\" loading=\"lazy\" width=\"600\" height=\"600\" src=\"https:\/\/admit-one.co.uk\/wp-content\/uploads\/2023\/01\/products_local-and-ho_stock_result.webp\" alt=\"Lagerhantering\" class=\"wp-image-12253\" srcset=\"https:\/\/admit-one.eu\/wp-content\/uploads\/2023\/01\/products_local-and-ho_stock_result.webp 600w, https:\/\/admit-one.eu\/wp-content\/uploads\/2023\/01\/products_local-and-ho_stock_result-300x300.webp 300w, https:\/\/admit-one.eu\/wp-content\/uploads\/2023\/01\/products_local-and-ho_stock_result-150x150.webp 150w, https:\/\/admit-one.eu\/wp-content\/uploads\/2023\/01\/products_local-and-ho_stock_result-12x12.webp 12w, https:\/\/admit-one.eu\/wp-content\/uploads\/2023\/01\/products_local-and-ho_stock_result-400x400.webp 400w\" sizes=\"(max-width: 600px) 100vw, 600px\" \/><\/figure><\/div><\/div>\n\n\n\n<div id=\"wp-block-themeisle-blocks-advanced-column-03cad4bb\" class=\"wp-block-themeisle-blocks-advanced-column\" data-aos=\"fade\" data-aos-duration=\"1200\">\n<h3 class=\"wp-block-heading\">Aktief\u00f6rvaltare<\/h3>\n\n\n\n<p>F\u00f6renkla din lagerhantering och minska hanteringskostnaderna med Admit Ones lager- och leveransl\u00f6sning.<\/p>\n\n\n\n<div class=\"is-layout-flex wp-container-3 wp-block-columns are-vertically-aligned-top\">\n<div class=\"is-layout-flow wp-block-column is-vertically-aligned-top\">\n<ul class=\"a1_tick-list\">\n<li>Inventering och gruppering<\/li>\n\n\n\n<li>Produktinstruktioner f\u00f6r att m\u00f6jligg\u00f6ra extra val p\u00e5 mat\/dryck<\/li>\n\n\n\n<li>Ny produktkonstruktion<\/li>\n<\/ul>\n<\/div>\n\n\n\n<div class=\"is-layout-flow wp-block-column is-vertically-aligned-top\">\n<ul class=\"a1_tick-list\">\n<li>Best\u00e4llning<\/li>\n\n\n\n<li>Kombinerade produkter f\u00f6r merf\u00f6rs\u00e4ljning<\/li>\n\n\n\n<li>Leveranssp\u00e5rning<\/li>\n<\/ul>\n<\/div>\n<\/div>\n<\/div>\n<\/div><\/div>\n\n\n\n<div id=\"wp-block-themeisle-blocks-advanced-columns-7c8d14a1\" class=\"wp-block-themeisle-blocks-advanced-columns has-2-columns has-desktop-equal-layout has-tablet-equal-layout has-mobile-collapsedRows-layout has-vertical-unset feature-block\"><div class=\"wp-block-themeisle-blocks-advanced-columns-overlay\"><\/div><div class=\"innerblocks-wrap\">\n<div id=\"wp-block-themeisle-blocks-advanced-column-6480c00f\" class=\"wp-block-themeisle-blocks-advanced-column\" data-aos=\"fade-right\" data-aos-duration=\"1200\"><div class=\"wp-block-image is-style-default\">\n<figure class=\"alignleft size-full\"><img decoding=\"async\" loading=\"lazy\" width=\"600\" height=\"600\" src=\"https:\/\/admit-one.co.uk\/wp-content\/uploads\/2023\/01\/products_local-and-ho_event-manager_result.webp\" alt=\"Schemal\u00e4ggning &amp; Event Manager\" class=\"wp-image-12251\" srcset=\"https:\/\/admit-one.eu\/wp-content\/uploads\/2023\/01\/products_local-and-ho_event-manager_result.webp 600w, https:\/\/admit-one.eu\/wp-content\/uploads\/2023\/01\/products_local-and-ho_event-manager_result-300x300.webp 300w, https:\/\/admit-one.eu\/wp-content\/uploads\/2023\/01\/products_local-and-ho_event-manager_result-150x150.webp 150w, https:\/\/admit-one.eu\/wp-content\/uploads\/2023\/01\/products_local-and-ho_event-manager_result-12x12.webp 12w, https:\/\/admit-one.eu\/wp-content\/uploads\/2023\/01\/products_local-and-ho_event-manager_result-400x400.webp 400w\" sizes=\"(max-width: 600px) 100vw, 600px\" \/><\/figure><\/div><\/div>\n\n\n\n<div id=\"wp-block-themeisle-blocks-advanced-column-ed341c03\" class=\"wp-block-themeisle-blocks-advanced-column\" data-aos=\"fade\" data-aos-duration=\"1200\">\n<h3 class=\"wp-block-heading\">Schemal\u00e4ggning &amp; Event Manager<\/h3>\n\n\n\n<p>Spara tid och g\u00f6r livet enkelt genom att schemal\u00e4gga filmer f\u00f6r alla kretsar fr\u00e5n ditt enda centraliserade system. St\u00e4ll enkelt in \u00e5terkommande och individuella evenemang och f\u00f6rest\u00e4llningar samtidigt som du automatiserar planeringspolicyer och regler bakom kulisserna.<\/p>\n\n\n\n<div class=\"is-layout-flex wp-container-6 wp-block-columns are-vertically-aligned-top\">\n<div class=\"is-layout-flow wp-block-column is-vertically-aligned-top\">\n<ul class=\"a1_tick-list\">\n<li>Allm\u00e4nna antagnings- och kampanjkoder<\/li>\n\n\n\n<li>Uthyrning av privat evenemang<\/li>\n\n\n\n<li>Schemal\u00e4ggningsperioder<\/li>\n<\/ul>\n<\/div>\n\n\n\n<div class=\"is-layout-flow wp-block-column is-vertically-aligned-top\">\n<ul class=\"a1_tick-list\">\n<li>Biljett- och kvittodesigner<\/li>\n\n\n\n<li>Biljettpriskort<\/li>\n\n\n\n<li>Sittplaner<\/li>\n<\/ul>\n<\/div>\n<\/div>\n<\/div>\n<\/div><\/div>\n\n\n\n<div id=\"wp-block-themeisle-blocks-advanced-columns-2fdd48c5\" class=\"wp-block-themeisle-blocks-advanced-columns has-2-columns has-desktop-equal-layout has-tablet-equal-layout has-mobile-collapsedRows-layout has-vertical-unset feature-block\"><div class=\"wp-block-themeisle-blocks-advanced-columns-overlay\"><\/div><div class=\"innerblocks-wrap\">\n<div id=\"wp-block-themeisle-blocks-advanced-column-16b7b8fc\" class=\"wp-block-themeisle-blocks-advanced-column\" data-aos=\"fade-right\" data-aos-duration=\"1200\"><div class=\"wp-block-image is-style-default\">\n<figure class=\"alignleft size-full\"><img decoding=\"async\" src=\"https:\/\/admit-one.co.uk\/wp-content\/uploads\/2023\\01\/products_local-and-ho_head-office_result.webp\" alt=\"Huvudkontor Admin\" class=\"wp-image-12252\"\/><\/figure><\/div><\/div>\n\n\n\n<div id=\"wp-block-themeisle-blocks-advanced-column-4cd9b594\" class=\"wp-block-themeisle-blocks-advanced-column\" data-aos=\"fade\" data-aos-duration=\"1200\">\n<h3 class=\"wp-block-heading\">Huvudkontorschef<\/h3>\n\n\n\n<p>Standardisera driften och bibeh\u00e5ll konsekvens med enkel konfiguration av webbplatser med ett centraliserat system, samtidigt som friheten och flexibiliteten hos specifika lokaliserade inst\u00e4llningar bibeh\u00e5lls.<\/p>\n\n\n\n<p>Sp\u00e5ra alla finansiella poster, hantera anv\u00e4ndarkonton, fj\u00e4rrstyra terminaler och st\u00e4lla in lojalitetssystem, allt fr\u00e5n en l\u00e4ttkontrollerad huvudnav.<\/p>\n\n\n\n<div class=\"is-layout-flex wp-container-9 wp-block-columns are-vertically-aligned-top\">\n<div class=\"is-layout-flow wp-block-column is-vertically-aligned-top\">\n<ul class=\"a1_tick-list\">\n<li>Hantering av flera platser<\/li>\n\n\n\n<li>Anv\u00e4ndarspecifika roller<\/li>\n\n\n\n<li>Kontanthantering och transaktionssp\u00e5rning<\/li>\n<\/ul>\n<\/div>\n\n\n\n<div class=\"is-layout-flow wp-block-column is-vertically-aligned-top\">\n<ul class=\"a1_tick-list\">\n<li>Fakturor, betalningar och utdrag<\/li>\n\n\n\n<li>Kunddatabas och lojalitetshantering<\/li>\n\n\n\n<li>Standard och anpassade rapporteringsalternativ<\/li>\n<\/ul>\n<\/div>\n<\/div>\n<\/div>\n<\/div><\/div>\n\n\n\n<div id=\"wp-block-themeisle-blocks-advanced-columns-2d05bb4c\" class=\"wp-block-themeisle-blocks-advanced-columns has-2-columns has-desktop-equal-layout has-tablet-equal-layout has-mobile-collapsedRows-layout has-vertical-unset feature-block\"><div class=\"wp-block-themeisle-blocks-advanced-columns-overlay\"><\/div><div class=\"innerblocks-wrap\">\n<div id=\"wp-block-themeisle-blocks-advanced-column-2a5f445e\" class=\"wp-block-themeisle-blocks-advanced-column\" data-aos=\"fade-right\" data-aos-duration=\"1200\"><div class=\"wp-block-image is-style-default\">\n<figure class=\"alignleft size-full\"><img decoding=\"async\" loading=\"lazy\" width=\"600\" height=\"600\" src=\"https:\/\/admit-one.co.uk\/wp-content\/uploads\/2023\/01\/products_back-office_operational-reports_result.webp\" alt=\"Verksamhetsrapporter\" class=\"wp-image-12495\" srcset=\"https:\/\/admit-one.eu\/wp-content\/uploads\/2023\/01\/products_back-office_operational-reports_result.webp 600w, https:\/\/admit-one.eu\/wp-content\/uploads\/2023\/01\/products_back-office_operational-reports_result-300x300.webp 300w, https:\/\/admit-one.eu\/wp-content\/uploads\/2023\/01\/products_back-office_operational-reports_result-150x150.webp 150w, https:\/\/admit-one.eu\/wp-content\/uploads\/2023\/01\/products_back-office_operational-reports_result-12x12.webp 12w, https:\/\/admit-one.eu\/wp-content\/uploads\/2023\/01\/products_back-office_operational-reports_result-400x400.webp 400w\" sizes=\"(max-width: 600px) 100vw, 600px\" \/><\/figure><\/div><\/div>\n\n\n\n<div id=\"wp-block-themeisle-blocks-advanced-column-d6dd0e4f\" class=\"wp-block-themeisle-blocks-advanced-column\" data-aos=\"fade\" data-aos-duration=\"1200\">\n<h3 class=\"wp-block-heading\">Verksamhetsrapporter<\/h3>\n\n\n\n<p>Som en viktig del av att analysera din krets eller plats prestanda ger v\u00e5r standardupps\u00e4ttning rapporter dig den exakta information du beh\u00f6ver f\u00f6r att f\u00f6rst\u00e5 alla verksamhetsomr\u00e5den i din verksamhet, i ett l\u00e4ttillg\u00e4ngligt, l\u00e4ttl\u00e4st format. Vi erbjuder ocks\u00e5 skr\u00e4ddarsydda rapporter f\u00f6r att passa dina individuella krav som v\u00e5rt team g\u00e4rna tillhandah\u00e5ller som ett extra paket p\u00e5 beg\u00e4ran.&nbsp;<\/p>\n\n\n\n<div class=\"is-layout-flex wp-container-12 wp-block-columns are-vertically-aligned-top\">\n<div class=\"is-layout-flow wp-block-column is-vertically-aligned-top\">\n<ul class=\"a1_tick-list\">\n<li>Anv\u00e4ndarrapporter f\u00f6r att sp\u00e5ra bemanningsstatistik&nbsp;<\/li>\n\n\n\n<li>Lagerrapporter f\u00f6r effektiv lagerhantering&nbsp;<\/li>\n\n\n\n<li>Kassarapporter med fullst\u00e4ndig revisionssp\u00e5r av transaktioner f\u00f6r s\u00e4ker f\u00f6rs\u00e4ljningsavst\u00e4mning&nbsp;<\/li>\n<\/ul>\n<\/div>\n\n\n\n<div class=\"is-layout-flow wp-block-column is-vertically-aligned-top\">\n<ul class=\"a1_tick-list\">\n<li>Webbplatsrapporter f\u00f6r en helhetsbild av var och en av dina platser&nbsp;<\/li>\n\n\n\n<li>Prestanda- och n\u00e4rvarorapporter som hj\u00e4lper dig att hantera schemal\u00e4ggning&nbsp;&nbsp;<\/li>\n<\/ul>\n<\/div>\n<\/div>\n<\/div>\n<\/div><\/div>\n\n\n\n<div id=\"wp-block-themeisle-blocks-advanced-columns-3f859f01\" class=\"wp-block-themeisle-blocks-advanced-columns has-2-columns has-desktop-equal-layout has-tablet-equal-layout has-mobile-collapsedRows-layout has-vertical-unset feature-block\"><div class=\"wp-block-themeisle-blocks-advanced-columns-overlay\"><\/div><div class=\"innerblocks-wrap\">\n<div id=\"wp-block-themeisle-blocks-advanced-column-b05911cf\" class=\"wp-block-themeisle-blocks-advanced-column\" data-aos=\"fade-right\" data-aos-duration=\"1200\"><div class=\"wp-block-image is-style-default\">\n<figure class=\"alignleft size-full\"><img decoding=\"async\" loading=\"lazy\" width=\"600\" height=\"600\" src=\"https:\/\/admit-one.co.uk\/wp-content\/uploads\/2023\/01\/products_local-and-ho_analytics_result.webp\" alt=\"Analytics\" class=\"wp-image-12496\" srcset=\"https:\/\/admit-one.eu\/wp-content\/uploads\/2023\/01\/products_local-and-ho_analytics_result.webp 600w, https:\/\/admit-one.eu\/wp-content\/uploads\/2023\/01\/products_local-and-ho_analytics_result-300x300.webp 300w, https:\/\/admit-one.eu\/wp-content\/uploads\/2023\/01\/products_local-and-ho_analytics_result-150x150.webp 150w, https:\/\/admit-one.eu\/wp-content\/uploads\/2023\/01\/products_local-and-ho_analytics_result-12x12.webp 12w, https:\/\/admit-one.eu\/wp-content\/uploads\/2023\/01\/products_local-and-ho_analytics_result-400x400.webp 400w\" sizes=\"(max-width: 600px) 100vw, 600px\" \/><\/figure><\/div><\/div>\n\n\n\n<div id=\"wp-block-themeisle-blocks-advanced-column-9551051d\" class=\"wp-block-themeisle-blocks-advanced-column\" data-aos=\"fade\" data-aos-duration=\"1200\">\n<h3 class=\"wp-block-heading\">Analytics<\/h3>\n\n\n\n<p>N\u00e4r ditt f\u00f6retag beh\u00f6ver mer \u00e4n bara driftsrapportering l\u00e5ter v\u00e5rt flexibla API dig direkt mata ditt datalager eller befintliga BI-verktyg. Alternativt kan du dra full nytta av v\u00e5r djupa integration med Insights fr\u00e5n branschledande Showtime Analytics, f\u00f6r datadrivet beslutsfattande i realtid f\u00f6r att optimera ditt f\u00f6retags resultat.&nbsp;<\/p>\n\n\n\n<div class=\"is-layout-flex wp-container-15 wp-block-columns are-vertically-aligned-top\">\n<div class=\"is-layout-flow wp-block-column is-vertically-aligned-top\">\n<ul class=\"a1_tick-list\">\n<li>Biljettf\u00f6rs\u00e4ljning, koncessioner, bel\u00e4ggning, bemanning, bedr\u00e4gerier, sk\u00e4rmar&nbsp;<\/li>\n\n\n\n<li>Drill-down, Bokm\u00e4rk, Exportera, J\u00e4mf\u00f6r, Trend&nbsp;<\/li>\n<\/ul>\n<\/div>\n\n\n\n<div class=\"is-layout-flow wp-block-column is-vertically-aligned-top\">\n<ul class=\"a1_tick-list\">\n<li>Filmtitel Automatisk kartl\u00e4ggning till Comscore Global ID&nbsp;<\/li>\n\n\n\n<li>Definiera dina egna kretsniv\u00e5m\u00e5tt och aktiekategorisering&nbsp;<\/li>\n<\/ul>\n<\/div>\n<\/div>\n<\/div>\n<\/div><\/div>\n\n\n\n<div id=\"wp-block-themeisle-blocks-advanced-columns-01c14de9\" class=\"wp-block-themeisle-blocks-advanced-columns has-2-columns has-desktop-equal-layout has-tablet-collapsedRows-layout has-mobile-collapsedRows-layout has-vertical-unset call-to-action has-dark-bg\" data-aos=\"fade\" data-aos-duration=\"1200\"><div class=\"wp-block-themeisle-blocks-advanced-columns-overlay\"><\/div><div class=\"innerblocks-wrap\">\n<div id=\"wp-block-themeisle-blocks-advanced-column-aed9b021\" class=\"wp-block-themeisle-blocks-advanced-column\">\n<h2 class=\"wp-block-heading has-nv-site-bg-color has-text-color\">\u00c4r du redo att b\u00f6rja med Admit One?<\/h2>\n\n\n\n<p class=\"has-nv-site-bg-color has-text-color\">L\u00e5t oss b\u00f6rja&nbsp;<i class=\"icon-forward\"><\/i><\/p>\n<\/div>\n\n\n\n<div id=\"wp-block-themeisle-blocks-advanced-column-01e8791e\" class=\"wp-block-themeisle-blocks-advanced-column column-right\">\n<h4 class=\"wp-block-heading has-neve-text-color-color has-text-color\">Hj\u00e4lp oss f\u00f6rst\u00e5 dina behov<\/h4>\n\n\n\n<p class=\"has-neve-text-color-color has-text-color\">Vi vet att alla f\u00f6retag \u00e4r olika. Oavsett dina unika krav, Admit One \u00e4r h\u00e4r f\u00f6r att erbjuda ett anpassat POS-system som fungerar f\u00f6r dig, varje steg p\u00e5 v\u00e4gen.<\/p>\n\n\n\n<ul class=\"a1_tick-list has-neve-text-color-color has-text-color\">\n<li>Flexibel<\/li>\n\n\n\n<li>Prisv\u00e4rd<\/li>\n\n\n\n<li>Skalbar<\/li>\n<\/ul>\n\n\n\n<div id=\"wp-block-themeisle-blocks-button-group-5e1b0e52\" class=\"wp-block-themeisle-blocks-button-group wp-block-buttons\">\n<div id=\"wp-block-themeisle-blocks-button-bdaccee1\" class=\"wp-block-themeisle-blocks-button wp-block-button is-style-primary\"><a href=\"https:\/\/admit-one.eu\/sv\/komma-i-kontakt\/\" target=\"_self\" rel=\"noopener noreferrer\" class=\"wp-block-button__link\"><span>L\u00e5t oss prata<\/span><\/a><\/div>\n<\/div>\n<\/div>\n<\/div><\/div>","protected":false},"excerpt":{"rendered":"","protected":false},"author":1,"featured_media":0,"parent":14814,"menu_order":0,"comment_status":"closed","ping_status":"closed","template":"","meta":{"om_disable_all_campaigns":false,"_uag_custom_page_level_css":"","_mi_skip_tracking":false,"neve_meta_sidebar":"","neve_meta_container":"full-width","neve_meta_enable_content_width":"off","neve_meta_content_width":70,"neve_meta_title_alignment":"center","neve_meta_author_avatar":"","neve_post_elements_order":"","neve_meta_disable_header":"","neve_meta_disable_footer":"","neve_meta_disable_title":"on","neve_meta_reading_time":"","_themeisle_gutenberg_block_has_review":false},"categories":[],"tags":[],"folder":[90],"aioseo_notices":[],"uagb_featured_image_src":{"full":false,"thumbnail":false,"medium":false,"medium_large":false,"large":false,"1536x1536":false,"2048x2048":false,"trp-custom-language-flag":false,"neve-blog":false,"xl":false,"xxl":false,"xxxl":false,"xxxxl":false,"xxxxxl":false},"uagb_author_info":{"display_name":"James Gibson","author_link":"https:\/\/admit-one.eu\/sv\/blog\/author\/james-gibson\/"},"uagb_comment_info":0,"uagb_excerpt":null,"_links":{"self":[{"href":"https:\/\/admit-one.eu\/sv\/wp-json\/wp\/v2\/pages\/11984"}],"collection":[{"href":"https:\/\/admit-one.eu\/sv\/wp-json\/wp\/v2\/pages"}],"about":[{"href":"https:\/\/admit-one.eu\/sv\/wp-json\/wp\/v2\/types\/page"}],"author":[{"embeddable":true,"href":"https:\/\/admit-one.eu\/sv\/wp-json\/wp\/v2\/users\/1"}],"replies":[{"embeddable":true,"href":"https:\/\/admit-one.eu\/sv\/wp-json\/wp\/v2\/comments?post=11984"}],"version-history":[{"count":8,"href":"https:\/\/admit-one.eu\/sv\/wp-json\/wp\/v2\/pages\/11984\/revisions"}],"predecessor-version":[{"id":15113,"href":"https:\/\/admit-one.eu\/sv\/wp-json\/wp\/v2\/pages\/11984\/revisions\/15113"}],"up":[{"embeddable":true,"href":"https:\/\/admit-one.eu\/sv\/wp-json\/wp\/v2\/pages\/14814"}],"wp:attachment":[{"href":"https:\/\/admit-one.eu\/sv\/wp-json\/wp\/v2\/media?parent=11984"}],"wp:term":[{"taxonomy":"category","embeddable":true,"href":"https:\/\/admit-one.eu\/sv\/wp-json\/wp\/v2\/categories?post=11984"},{"taxonomy":"post_tag","embeddable":true,"href":"https:\/\/admit-one.eu\/sv\/wp-json\/wp\/v2\/tags?post=11984"},{"taxonomy":"folder","embeddable":true,"href":"https:\/\/admit-one.eu\/sv\/wp-json\/wp\/v2\/folder?post=11984"}],"curies":[{"name":"wp","href":"https:\/\/api.w.org\/{rel}","templated":true}]}}