{"id":11808,"date":"2023-01-04T15:33:17","date_gmt":"2023-01-04T15:33:17","guid":{"rendered":"https:\/\/admit-one.co.uk\/?page_id=11808"},"modified":"2026-03-12T15:35:55","modified_gmt":"2026-03-12T15:35:55","slug":"lobby","status":"publish","type":"page","link":"https:\/\/admit-one.eu\/sv\/losningar\/lobby\/","title":{"rendered":"Lobby"},"content":{"rendered":"<div id=\"wp-block-themeisle-blocks-advanced-columns-f3534b6f\" class=\"wp-block-themeisle-blocks-advanced-columns has-2-columns has-desktop-twoOne-layout has-tablet-equal-layout has-mobile-collapsedRows-layout has-reverse-columns-mobile has-vertical-unset has-vertical-undefined page-header\"><div class=\"wp-block-themeisle-blocks-advanced-columns-overlay\"><\/div><div class=\"innerblocks-wrap\">\n<div id=\"wp-block-themeisle-blocks-advanced-column-49529f4b\" class=\"wp-block-themeisle-blocks-advanced-column\" data-aos=\"fade\" data-aos-duration=\"1200\">\n<h1 class=\"wp-block-heading\">Lobby<\/h1>\n\n\n\n<p>Leverera den ultimata kundupplevelsen med din egen automatiserade lobby. Enkel sj\u00e4lvbetj\u00e4ning f\u00f6r kunder och intuitiva operativa verktyg f\u00f6r personalen, Admit One ger dig full flexibilitet \u00f6ver lokalens layout och kundhantering.<\/p>\n\n\n\n<div id=\"wp-block-themeisle-blocks-button-group-74f45ab7\" class=\"wp-block-themeisle-blocks-button-group wp-block-buttons\">\n<div id=\"wp-block-themeisle-blocks-button-6461b3a4\" class=\"wp-block-themeisle-blocks-button wp-block-button is-style-primary\"><a href=\"https:\/\/www.admit-one.co.uk\/request-demo\/\" target=\"_self\" rel=\"noopener noreferrer\" class=\"wp-block-button__link\"><span>Beg\u00e4r en demo <\/span><\/a><\/div>\n<\/div>\n<\/div>\n\n\n\n<div id=\"wp-block-themeisle-blocks-advanced-column-27c8e090\" class=\"wp-block-themeisle-blocks-advanced-column\" data-aos=\"fade-up\" data-aos-duration=\"1200\"><div class=\"wp-block-image is-style-default\">\n<figure class=\"aligncenter size-full\"><img decoding=\"async\" src=\"https:\/\/admit-one.co.uk\/wp-content\/uploads\/2023\/01\/image_lobby_result-1.webp\" alt=\"Lobby\" class=\"wp-image-12117\"\/><\/figure><\/div><\/div>\n<\/div><\/div>\n\n\n\n<div id=\"wp-block-themeisle-blocks-advanced-columns-1fb622c0\" class=\"wp-block-themeisle-blocks-advanced-columns has-1-columns has-desktop-equal-layout has-tablet-equal-layout has-mobile-equal-layout has-vertical-unset\"><div class=\"wp-block-themeisle-blocks-advanced-columns-overlay\"><\/div><div class=\"innerblocks-wrap\">\n<div id=\"wp-block-themeisle-blocks-advanced-column-3cab767c\" class=\"wp-block-themeisle-blocks-advanced-column\">\n<div style=\"height:1px\" aria-hidden=\"true\" id=\"self-service-kiosks\" class=\"wp-block-spacer id-spacer\"><\/div>\n<\/div>\n<\/div><\/div>\n\n\n\n<div id=\"wp-block-themeisle-blocks-advanced-columns-2074d916\" class=\"wp-block-themeisle-blocks-advanced-columns has-2-columns has-desktop-equal-layout has-tablet-oneTwo-layout has-mobile-collapsedRows-layout has-vertical-unset feature-block\"><div class=\"wp-block-themeisle-blocks-advanced-columns-overlay\"><\/div><div class=\"innerblocks-wrap\">\n<div id=\"wp-block-themeisle-blocks-advanced-column-945ee192\" class=\"wp-block-themeisle-blocks-advanced-column\" data-aos=\"fade-right\" data-aos-duration=\"1200\"><div class=\"wp-block-image is-style-default\">\n<figure class=\"alignleft size-full\"><img decoding=\"async\" src=\"https:\/\/admit-one.co.uk\/wp-content\/uploads\/2023\\01\/products_lobby_kiosk_result.webp\" alt=\"Kiosk\" class=\"wp-image-12103\"\/><\/figure><\/div><\/div>\n\n\n\n<div id=\"wp-block-themeisle-blocks-advanced-column-03cad4bb\" class=\"wp-block-themeisle-blocks-advanced-column\" data-aos=\"fade\" data-aos-duration=\"1200\">\n<h3 class=\"wp-block-heading\">Sj\u00e4lvbetj\u00e4ningskiosker<\/h3>\n\n\n\n<p>Optimera trafikfl\u00f6det och driva effektiv biljett- och koncessionsf\u00f6rs\u00e4ljning med v\u00e5ra sj\u00e4lvbetj\u00e4ningskiosker.<\/p>\n\n\n\n<div class=\"is-layout-flex wp-container-3 wp-block-columns are-vertically-aligned-top\">\n<div class=\"is-layout-flow wp-block-column is-vertically-aligned-top\">\n<ul class=\"a1_tick-list\">\n<li>K\u00f6p av biljett och f\u00f6rm\u00e5ner p\u00e5 plats<\/li>\n\n\n\n<li>F\u00f6rbokad biljett- och koncessionssamling<\/li>\n\n\n\n<li>In-built pin pad and scanner supporting gift cards, QR codes or barcodes<\/li>\n<\/ul>\n<\/div>\n\n\n\n<div class=\"is-layout-flow wp-block-column is-vertically-aligned-top\">\n<ul class=\"a1_tick-list\">\n<li>Livevisningstider och affischbildvisning<\/li>\n\n\n\n<li>Utbud av Windows-baserad h\u00e5rdvara, inklusive storskaliga frist\u00e5ende kiosker och mindre bordsbaserade sj\u00e4lvbetj\u00e4ningsmaskiner<\/li>\n\n\n\n<li>S\u00f6ml\u00f6s konsekvent upplevelse \u00f6ver alla biljettk\u00f6pskanaler inklusive kiosk, webb, appar, sj\u00e4lvbetj\u00e4ning<\/li>\n<\/ul>\n<\/div>\n<\/div>\n<\/div>\n<\/div><\/div>\n\n\n\n<div id=\"wp-block-themeisle-blocks-advanced-columns-c05b25a2\" class=\"wp-block-themeisle-blocks-advanced-columns has-1-columns has-desktop-equal-layout has-tablet-equal-layout has-mobile-equal-layout has-vertical-unset\"><div class=\"wp-block-themeisle-blocks-advanced-columns-overlay\"><\/div><div class=\"innerblocks-wrap\">\n<div id=\"wp-block-themeisle-blocks-advanced-column-3a15c499\" class=\"wp-block-themeisle-blocks-advanced-column\">\n<div style=\"height:1px\" aria-hidden=\"true\" id=\"point-of-sale\" class=\"wp-block-spacer id-spacer\"><\/div>\n<\/div>\n<\/div><\/div>\n\n\n\n<div id=\"wp-block-themeisle-blocks-advanced-columns-c27efc0f\" class=\"wp-block-themeisle-blocks-advanced-columns has-2-columns has-desktop-equal-layout has-tablet-oneTwo-layout has-mobile-collapsedRows-layout has-vertical-unset feature-block\"><div class=\"wp-block-themeisle-blocks-advanced-columns-overlay\"><\/div><div class=\"innerblocks-wrap\">\n<div id=\"wp-block-themeisle-blocks-advanced-column-9b4ef16b\" class=\"wp-block-themeisle-blocks-advanced-column\" data-aos=\"fade-right\" data-aos-duration=\"1200\"><div class=\"wp-block-image is-style-default\">\n<figure class=\"alignleft size-full\"><img decoding=\"async\" src=\"https:\/\/admit-one.co.uk\/wp-content\/uploads\/2023\/01\/products_lobby_pos_result.webp\" alt=\"F\u00f6rs\u00e4ljningsst\u00e4llet\" class=\"wp-image-12104\"\/><\/figure><\/div><\/div>\n\n\n\n<div id=\"wp-block-themeisle-blocks-advanced-column-ed341c03\" class=\"wp-block-themeisle-blocks-advanced-column\" data-aos=\"fade\" data-aos-duration=\"1200\">\n<h3 class=\"wp-block-heading\">F\u00f6rs\u00e4ljningsst\u00e4llet<\/h3>\n\n\n\n<p>V\u00e5r Point-Of-Sale (POS) \u00e4r din huvudsakliga f\u00f6rs\u00e4ljningskanal till dina kunder. med funktionsrik och tillf\u00f6rlitlig programvara kombinerat med modern och robust h\u00e5rdvara, ger v\u00e5r anpassningsbara l\u00f6sning dig ett smidigt och intuitivt helhetssystem f\u00f6r \u00f6verl\u00e4gsen kundservice.<\/p>\n\n\n\n<div class=\"is-layout-flex wp-container-6 wp-block-columns are-vertically-aligned-top\">\n<div class=\"is-layout-flow wp-block-column is-vertically-aligned-top\">\n<ul class=\"a1_tick-list\">\n<li>Snabb biljett- och koncessionsf\u00f6rs\u00e4ljning<\/li>\n\n\n\n<li>Integrerad lagerhantering f\u00f6r operativ effektivitet<\/li>\n\n\n\n<li>Seamless integration with Membership\/Loyalty schemes facilitating Gift Cards, Vouchers, Discounts and Complimentary Tickets<\/li>\n<\/ul>\n<\/div>\n\n\n\n<div class=\"is-layout-flow wp-block-column is-vertically-aligned-top\">\n<ul class=\"a1_tick-list\">\n<li>\u00d6verladda din tj\u00e4nst p\u00e5 plats med ut\u00f6kade betalningsalternativ som Split-Bill, Bar Tab och Exchange Order<\/li>\n\n\n\n<li>Hantera personal och optimera kassaeffektiviteten med fullt fungerande tr\u00e4ningsl\u00e4ge, pauschef och rollprofiler<\/li>\n\n\n\n<li>Brett utbud av h\u00e5rdvarualternativ inklusive ny och eftermontering<\/li>\n<\/ul>\n<\/div>\n<\/div>\n<\/div>\n<\/div><\/div>\n\n\n\n<div id=\"wp-block-themeisle-blocks-advanced-columns-2fdd48c5\" class=\"wp-block-themeisle-blocks-advanced-columns has-2-columns has-desktop-equal-layout has-tablet-oneTwo-layout has-mobile-collapsedRows-layout has-vertical-unset feature-block\"><div class=\"wp-block-themeisle-blocks-advanced-columns-overlay\"><\/div><div class=\"innerblocks-wrap\">\n<div id=\"wp-block-themeisle-blocks-advanced-column-16b7b8fc\" class=\"wp-block-themeisle-blocks-advanced-column\" data-aos=\"fade-right\" data-aos-duration=\"1200\"><div class=\"wp-block-image is-style-default\">\n<figure class=\"alignleft size-full\"><img decoding=\"async\" src=\"https:\/\/admit-one.co.uk\/wp-content\/uploads\/2023\\01\/products_lobby_digital-signage_result.webp\" alt=\"Digital skyltning\" class=\"wp-image-12101\"\/><\/figure><\/div><\/div>\n\n\n\n<div id=\"wp-block-themeisle-blocks-advanced-column-4cd9b594\" class=\"wp-block-themeisle-blocks-advanced-column\" data-aos=\"fade\" data-aos-duration=\"1200\">\n<h3 class=\"wp-block-heading\">Digital skyltning<\/h3>\n\n\n\n<p>Locka kunder med fantastiska visuella sk\u00e4rmar \u00f6ver alla digitala skyltar, med helt anpassningsbart inneh\u00e5ll, realtidsinformation och dynamiska media. Oavsett om du anv\u00e4nder Admit One&#039;s out of the box-l\u00f6sning eller ansluter till dina befintliga digitala skyltverktyg via v\u00e5ra avancerade API:er, t\u00e4cker vi dig f\u00f6r alla scenarier.&nbsp;<\/p>\n\n\n\n<div class=\"is-layout-flex wp-container-9 wp-block-columns are-vertically-aligned-top\">\n<div class=\"is-layout-flow wp-block-column is-vertically-aligned-top\">\n<ul class=\"a1_tick-list\">\n<li>Showtimes, Trailers, Countdowns, Takeovers, Menu Boards, Order Status and more<\/li>\n\n\n\n<li>Anpassa inneh\u00e5llet s\u00e5 att det passar alla digitala filmdukar i din biograf<\/li>\n<\/ul>\n<\/div>\n\n\n\n<div class=\"is-layout-flow wp-block-column is-vertically-aligned-top\">\n<ul class=\"a1_tick-list\">\n<li>Dynamisk produktpriss\u00e4ttning genom integration med A1 Stock<\/li>\n\n\n\n<li>Automatisk inneh\u00e5llsh\u00e4mtning inneb\u00e4r inga fler manuella uppdateringar<\/li>\n<\/ul>\n<\/div>\n<\/div>\n<\/div>\n<\/div><\/div>\n\n\n\n<div id=\"wp-block-themeisle-blocks-advanced-columns-44fa43b9\" class=\"wp-block-themeisle-blocks-advanced-columns has-2-columns has-desktop-equal-layout has-tablet-oneTwo-layout has-mobile-collapsedRows-layout has-vertical-unset feature-block\"><div class=\"wp-block-themeisle-blocks-advanced-columns-overlay\"><\/div><div class=\"innerblocks-wrap\">\n<div id=\"wp-block-themeisle-blocks-advanced-column-55f282f4\" class=\"wp-block-themeisle-blocks-advanced-column\" data-aos=\"fade-right\" data-aos-duration=\"1200\"><div class=\"wp-block-image is-style-default\">\n<figure class=\"alignleft size-full\"><img decoding=\"async\" src=\"https:\/\/admit-one.co.uk\/wp-content\/uploads\/2023\/01\/products_lobby_usher-tools_result.webp\" alt=\"Usher Tools\" class=\"wp-image-12105\"\/><\/figure><\/div><\/div>\n\n\n\n<div id=\"wp-block-themeisle-blocks-advanced-column-01f29e66\" class=\"wp-block-themeisle-blocks-advanced-column\" data-aos=\"fade\" data-aos-duration=\"1200\">\n<h3 class=\"wp-block-heading\">Usher Tools<\/h3>\n\n\n\n<p>Leverera snabbare och s\u00e4krare service och h\u00e5ll dina vaktm\u00e4stare uppdaterade med &quot;Scan and Go&quot; A1 Usher-appen. Denna Android-baserade applikation \u00e4r tillg\u00e4nglig f\u00f6r anv\u00e4ndning p\u00e5 de flesta Android-telefoner och surfplattor, vilket inneb\u00e4r att du inte \u00e4r begr\u00e4nsad till de b\u00e4sta Datalogic\/Honeywell-enheterna.<\/p>\n\n\n\n<div class=\"is-layout-flex wp-container-12 wp-block-columns are-vertically-aligned-top\">\n<div class=\"is-layout-flow wp-block-column is-vertically-aligned-top\">\n<ul class=\"a1_tick-list\">\n<li>Biljettvalidering<\/li>\n\n\n\n<li>Hall och f\u00f6rest\u00e4llningsinformation<\/li>\n\n\n\n<li>St\u00f6der QR och streckkoder<\/li>\n<\/ul>\n<\/div>\n\n\n\n<div class=\"is-layout-flow wp-block-column is-vertically-aligned-top\">\n<ul class=\"a1_tick-list\">\n<li>Usher-inst\u00e4llningar<\/li>\n\n\n\n<li>Skapa loggfiler<\/li>\n\n\n\n<li>Inloggnings-\/utloggningsm\u00f6jlighet och anv\u00e4ndarprofiler f\u00f6r \u00f6kad s\u00e4kerhet<\/li>\n<\/ul>\n<\/div>\n<\/div>\n<\/div>\n<\/div><\/div>\n\n\n\n<div id=\"wp-block-themeisle-blocks-advanced-columns-3ecc4437\" class=\"wp-block-themeisle-blocks-advanced-columns has-2-columns has-desktop-equal-layout has-tablet-oneTwo-layout has-mobile-collapsedRows-layout has-vertical-unset feature-block\"><div class=\"wp-block-themeisle-blocks-advanced-columns-overlay\"><\/div><div class=\"innerblocks-wrap\">\n<div id=\"wp-block-themeisle-blocks-advanced-column-d81315e0\" class=\"wp-block-themeisle-blocks-advanced-column\" data-aos=\"fade-right\" data-aos-duration=\"1200\"><div class=\"wp-block-image is-style-default\">\n<figure class=\"alignleft size-full\"><img decoding=\"async\" loading=\"lazy\" width=\"600\" height=\"600\" src=\"https:\/\/admit-one.co.uk\/wp-content\/uploads\/2023\/01\/products_lobby_gates_result.webp\" alt=\"Portar\" class=\"wp-image-12247\" srcset=\"https:\/\/admit-one.eu\/wp-content\/uploads\/2023\/01\/products_lobby_gates_result.webp 600w, https:\/\/admit-one.eu\/wp-content\/uploads\/2023\/01\/products_lobby_gates_result-300x300.webp 300w, https:\/\/admit-one.eu\/wp-content\/uploads\/2023\/01\/products_lobby_gates_result-150x150.webp 150w, https:\/\/admit-one.eu\/wp-content\/uploads\/2023\/01\/products_lobby_gates_result-12x12.webp 12w, https:\/\/admit-one.eu\/wp-content\/uploads\/2023\/01\/products_lobby_gates_result-400x400.webp 400w\" sizes=\"(max-width: 600px) 100vw, 600px\" \/><\/figure><\/div><\/div>\n\n\n\n<div id=\"wp-block-themeisle-blocks-advanced-column-bb795422\" class=\"wp-block-themeisle-blocks-advanced-column\" data-aos=\"fade\" data-aos-duration=\"1200\">\n<h3 class=\"wp-block-heading\">Automatiserat intr\u00e4de<\/h3>\n\n\n\n<p>Friheten att kontrollera fl\u00f6det av kunder runt din plats, vilket ger snabb och enkel friktionsfri intr\u00e4de samtidigt som du minskar dina personalkostnader. Oavsett om du vill anv\u00e4nda dina befintliga grindar med v\u00e5r integrerade mjukvara, eller beh\u00f6ver en komplett h\u00e5rd- och mjukvarul\u00f6sning som ska implementeras, har Admit One dig t\u00e4ckt.<strong>&nbsp;<\/strong><\/p>\n\n\n\n<div class=\"is-layout-flex wp-container-15 wp-block-columns are-vertically-aligned-top\">\n<div class=\"is-layout-flow wp-block-column is-vertically-aligned-top\">\n<ul class=\"a1_tick-list\">\n<li>Automationsprogramvara f\u00f6r att styra och hantera \u00e5tkomst, antingen med befintliga fastigheter eller med full maskinvara<\/li>\n\n\n\n<li>Enkel- eller dubbelfiliga grindar<\/li>\n\n\n\n<li>Snygg och modern design med glasfront&nbsp;&nbsp;<\/li>\n<\/ul>\n<\/div>\n\n\n\n<div class=\"is-layout-flow wp-block-column is-vertically-aligned-top\">\n<ul class=\"a1_tick-list\">\n<li>F\u00e4rgkodade LED-lampor f\u00f6r att skilja biljetttyper \u00e5t<\/li>\n\n\n\n<li>Konsultation av arkitektonisk platsplan f\u00f6r att maximera fl\u00f6det&nbsp;<\/li>\n<\/ul>\n<\/div>\n<\/div>\n<\/div>\n<\/div><\/div>\n\n\n\n<div id=\"wp-block-themeisle-blocks-advanced-columns-01c14de9\" class=\"wp-block-themeisle-blocks-advanced-columns has-2-columns has-desktop-equal-layout has-tablet-collapsedRows-layout has-mobile-collapsedRows-layout has-vertical-unset call-to-action has-dark-bg\" data-aos=\"fade\" data-aos-duration=\"1200\"><div class=\"wp-block-themeisle-blocks-advanced-columns-overlay\"><\/div><div class=\"innerblocks-wrap\">\n<div id=\"wp-block-themeisle-blocks-advanced-column-aed9b021\" class=\"wp-block-themeisle-blocks-advanced-column\">\n<h2 class=\"wp-block-heading has-nv-site-bg-color has-text-color\">\u00c4r du redo att b\u00f6rja med Admit One?<\/h2>\n\n\n\n<p class=\"has-nv-site-bg-color has-text-color\">L\u00e5t oss b\u00f6rja&nbsp;<i class=\"icon-forward\"><\/i><\/p>\n<\/div>\n\n\n\n<div id=\"wp-block-themeisle-blocks-advanced-column-01e8791e\" class=\"wp-block-themeisle-blocks-advanced-column column-right\">\n<h4 class=\"wp-block-heading has-neve-text-color-color has-text-color\">Hj\u00e4lp oss f\u00f6rst\u00e5 dina behov<\/h4>\n\n\n\n<p class=\"has-neve-text-color-color has-text-color\">Vi vet att alla f\u00f6retag \u00e4r olika. Oavsett dina unika krav, Admit One \u00e4r h\u00e4r f\u00f6r att erbjuda ett anpassat POS-system som fungerar f\u00f6r dig, varje steg p\u00e5 v\u00e4gen.<\/p>\n\n\n\n<ul class=\"a1_tick-list has-neve-text-color-color has-text-color\">\n<li>Flexibel<\/li>\n\n\n\n<li>Prisv\u00e4rd<\/li>\n\n\n\n<li>Skalbar<\/li>\n<\/ul>\n\n\n\n<div id=\"wp-block-themeisle-blocks-button-group-5e1b0e52\" class=\"wp-block-themeisle-blocks-button-group wp-block-buttons\">\n<div id=\"wp-block-themeisle-blocks-button-bdaccee1\" class=\"wp-block-themeisle-blocks-button wp-block-button is-style-primary\"><a href=\"https:\/\/admit-one.eu\/sv\/komma-i-kontakt\/\" target=\"_self\" rel=\"noopener noreferrer\" class=\"wp-block-button__link\"><span>L\u00e5t oss prata<\/span><\/a><\/div>\n<\/div>\n<\/div>\n<\/div><\/div>","protected":false},"excerpt":{"rendered":"","protected":false},"author":1,"featured_media":0,"parent":14814,"menu_order":0,"comment_status":"closed","ping_status":"closed","template":"","meta":{"om_disable_all_campaigns":false,"_uag_custom_page_level_css":"","_mi_skip_tracking":false,"neve_meta_sidebar":"","neve_meta_container":"full-width","neve_meta_enable_content_width":"on","neve_meta_content_width":100,"neve_meta_title_alignment":"","neve_meta_author_avatar":"","neve_post_elements_order":"","neve_meta_disable_header":"","neve_meta_disable_footer":"","neve_meta_disable_title":"on","neve_meta_reading_time":"","_themeisle_gutenberg_block_has_review":false},"categories":[],"tags":[],"folder":[90],"aioseo_notices":[],"uagb_featured_image_src":{"full":false,"thumbnail":false,"medium":false,"medium_large":false,"large":false,"1536x1536":false,"2048x2048":false,"trp-custom-language-flag":false,"neve-blog":false,"xl":false,"xxl":false,"xxxl":false,"xxxxl":false,"xxxxxl":false},"uagb_author_info":{"display_name":"James Gibson","author_link":"https:\/\/admit-one.eu\/sv\/blog\/author\/james-gibson\/"},"uagb_comment_info":0,"uagb_excerpt":null,"_links":{"self":[{"href":"https:\/\/admit-one.eu\/sv\/wp-json\/wp\/v2\/pages\/11808"}],"collection":[{"href":"https:\/\/admit-one.eu\/sv\/wp-json\/wp\/v2\/pages"}],"about":[{"href":"https:\/\/admit-one.eu\/sv\/wp-json\/wp\/v2\/types\/page"}],"author":[{"embeddable":true,"href":"https:\/\/admit-one.eu\/sv\/wp-json\/wp\/v2\/users\/1"}],"replies":[{"embeddable":true,"href":"https:\/\/admit-one.eu\/sv\/wp-json\/wp\/v2\/comments?post=11808"}],"version-history":[{"count":10,"href":"https:\/\/admit-one.eu\/sv\/wp-json\/wp\/v2\/pages\/11808\/revisions"}],"predecessor-version":[{"id":15729,"href":"https:\/\/admit-one.eu\/sv\/wp-json\/wp\/v2\/pages\/11808\/revisions\/15729"}],"up":[{"embeddable":true,"href":"https:\/\/admit-one.eu\/sv\/wp-json\/wp\/v2\/pages\/14814"}],"wp:attachment":[{"href":"https:\/\/admit-one.eu\/sv\/wp-json\/wp\/v2\/media?parent=11808"}],"wp:term":[{"taxonomy":"category","embeddable":true,"href":"https:\/\/admit-one.eu\/sv\/wp-json\/wp\/v2\/categories?post=11808"},{"taxonomy":"post_tag","embeddable":true,"href":"https:\/\/admit-one.eu\/sv\/wp-json\/wp\/v2\/tags?post=11808"},{"taxonomy":"folder","embeddable":true,"href":"https:\/\/admit-one.eu\/sv\/wp-json\/wp\/v2\/folder?post=11808"}],"curies":[{"name":"wp","href":"https:\/\/api.w.org\/{rel}","templated":true}]}}