{"id":9308,"date":"2022-05-30T10:50:19","date_gmt":"2022-05-30T09:50:19","guid":{"rendered":"https:\/\/admit-one.co.uk\/?page_id=9308"},"modified":"2025-11-13T09:36:30","modified_gmt":"2025-11-13T09:36:30","slug":"cookie-policy","status":"publish","type":"page","link":"https:\/\/admit-one.eu\/pt\/politica-de-cookies\/","title":{"rendered":"Pol\u00edtica de cookies"},"content":{"rendered":"<section id=\"wp-block-themeisle-blocks-advanced-columns-faf6acdf\" class=\"wp-block-themeisle-blocks-advanced-columns alignfull has-1-columns has-desktop-equal-layout has-tablet-equal-layout has-mobile-equal-layout has-vertical-center clip-btm-up has-dark-bg\"><div class=\"wp-block-themeisle-blocks-advanced-columns-overlay\"><\/div><div class=\"innerblocks-wrap\">\n<div id=\"wp-block-themeisle-blocks-advanced-column-7ec5acd4\" class=\"wp-block-themeisle-blocks-advanced-column\">\n<h1 id=\"wp-block-themeisle-blocks-advanced-heading-13ce2b13\" class=\"wp-block-themeisle-blocks-advanced-heading wp-block-themeisle-blocks-advanced-heading-13ce2b13\">Pol\u00edtica de cookies<\/h1>\n<\/div>\n<\/div><\/section>\n\n\n\n<div style=\"height:20px\" aria-hidden=\"true\" class=\"wp-block-spacer\"><\/div>\n\n\n\n<p>Esta pol\u00edtica de cookies explica como o software colaborativo limitado (\u201c<strong>companhia<\/strong>&#8220;, &#8220;<strong>n\u00f3s<\/strong>&#8220;, &#8220;<strong>n\u00f3s<\/strong>&quot;, e &quot;<strong>nosso<\/strong>\u201c) usa cookies e tecnologias semelhantes para reconhec\u00ea-lo quando voc\u00ea visita nossos sites em&nbsp;<a href=\"https:\/\/admit-one.co.uk\/\" target=\"_blank\" rel=\"noreferrer noopener\">https:\/\/admit-one.co.uk<\/a>, (\u201c<strong>sites<\/strong>\u201c). Ele explica o que s\u00e3o essas tecnologias e por que as usamos, bem como seus direitos de controlar nosso uso delas.<\/p>\n\n\n\n<p>Em alguns casos, podemos usar cookies para coletar informa\u00e7\u00f5es pessoais ou que se tornam informa\u00e7\u00f5es pessoais se as combinarmos com outras informa\u00e7\u00f5es.<\/p>\n\n\n\n<h4>O que s\u00e3o biscoitos?<\/h4>\n\n\n\n<p>Cookies s\u00e3o pequenos arquivos de dados que s\u00e3o colocados em seu computador ou dispositivo m\u00f3vel quando voc\u00ea visita um site. Os cookies s\u00e3o amplamente utilizados pelos propriet\u00e1rios de sites para que seus sites funcionem ou funcionem de forma mais eficiente, bem como para fornecer informa\u00e7\u00f5es de relat\u00f3rios.<\/p>\n\n\n\n<p>Os cookies definidos pelo propriet\u00e1rio do site (neste caso, software colaborativo limitado) s\u00e3o chamados de \u201ccookies prim\u00e1rios\u201d. Os cookies definidos por terceiros que n\u00e3o o propriet\u00e1rio do site s\u00e3o chamados de \u201ccookies de terceiros\u201d. Os cookies de terceiros permitem que recursos ou funcionalidades de terceiros sejam fornecidos no ou atrav\u00e9s do site (por exemplo, publicidade, conte\u00fado interativo e an\u00e1lises). As partes que definem esses cookies de terceiros podem reconhecer seu computador quando visita o site em quest\u00e3o e tamb\u00e9m quando visita outros sites.<\/p>\n\n\n\n<h4><strong>Por que usamos cookies?<\/strong><\/h4>\n\n\n\n<p>Usamos cookies pr\u00f3prios e de terceiros por v\u00e1rios motivos. Alguns cookies s\u00e3o necess\u00e1rios por motivos t\u00e9cnicos para que nossos sites funcionem, e nos referimos a eles como cookies \u201cessenciais\u201d ou \u201cestritamente necess\u00e1rios\u201d. Outros cookies tamb\u00e9m nos permitem rastrear e direcionar os interesses de nossos usu\u00e1rios para aprimorar a experi\u00eancia em nossas propriedades online. Terceiros servem cookies por meio de nossos sites para publicidade, an\u00e1lise e outros fins. Isso \u00e9 descrito com mais detalhes abaixo.<\/p>\n\n\n\n<p>Os tipos espec\u00edficos de cookies prim\u00e1rios e de terceiros veiculados por meio de nossos sites e as finalidades que eles realizam est\u00e3o descritos abaixo (observe que os cookies espec\u00edficos veiculados podem variar dependendo das propriedades online espec\u00edficas que voc\u00ea visita):<\/p>\n\n\n\n<h4><strong>Como posso controlar os cookies?<\/strong><\/h4>\n\n\n\n<p>Voc\u00ea tem o direito de decidir se aceita ou rejeita cookies. Voc\u00ea pode exercer seus direitos de cookies configurando suas prefer\u00eancias no gerenciador de consentimento de cookies. O gerenciador de consentimento de cookies permite que voc\u00ea selecione quais categorias de cookies voc\u00ea aceita ou rejeita. Os cookies essenciais n\u00e3o podem ser rejeitados, pois s\u00e3o estritamente necess\u00e1rios para fornecer servi\u00e7os.<\/p>\n\n\n\n<p>O gerenciador de consentimento de cookies pode ser encontrado no banner de notifica\u00e7\u00e3o e em nosso site. Se voc\u00ea optar por rejeitar cookies, ainda poder\u00e1 usar nosso site, embora seu acesso a algumas funcionalidades e \u00e1reas do nosso site possa ser restrito. Voc\u00ea tamb\u00e9m pode definir ou alterar os controles do seu navegador da web para aceitar ou recusar cookies. Como os meios pelos quais voc\u00ea pode recusar cookies por meio dos controles do navegador da Web variam de navegador para navegador, voc\u00ea deve visitar o menu de ajuda do navegador para obter mais informa\u00e7\u00f5es.<\/p>\n\n\n\n<p>Al\u00e9m disso, a maioria das redes de publicidade oferece uma maneira de desativar a publicidade direcionada. Se voc\u00ea quiser saber mais informa\u00e7\u00f5es, visite&nbsp;<a href=\"http:\/\/www.aboutads.info\/choices\/\" target=\"_blank\" rel=\"noreferrer noopener\">http:\/\/www.aboutads.info\/choices\/<\/a>&nbsp;ou&nbsp;<a href=\"http:\/\/www.youronlinechoices.com\/\" target=\"_blank\" rel=\"noreferrer noopener\">http:\/\/www.youronlinechoices.com<\/a>.<\/p>\n\n\n\n<p>Os tipos espec\u00edficos de cookies prim\u00e1rios e de terceiros veiculados por meio de nossos sites e as finalidades que eles realizam est\u00e3o descritos na tabela abaixo (observe que os cookies espec\u00edficos veiculados podem variar dependendo das propriedades online espec\u00edficas que voc\u00ea visita):<strong>cookies essenciais do site:<\/strong><\/p>\n\n\n\n<p>Estes cookies s\u00e3o estritamente necess\u00e1rios para lhe fornecer servi\u00e7os dispon\u00edveis atrav\u00e9s dos nossos websites e para utilizar algumas das suas funcionalidades, como o acesso a \u00e1reas seguras.<\/p>\n\n\n\n<h4><strong>Cookies de an\u00e1lise e personaliza\u00e7\u00e3o:<\/strong><\/h4>\n\n\n\n<p>Esses cookies coletam informa\u00e7\u00f5es que s\u00e3o usadas de forma agregada para nos ajudar a entender como nossos sites est\u00e3o sendo usados ou a efic\u00e1cia de nossas campanhas de marketing, ou para nos ajudar a personalizar nossos sites para voc\u00ea.<\/p>\n\n\n\n<figure class=\"wp-block-table\"><table><tbody><tr><td>Nome:<\/td><td>_ga<\/td><\/tr><tr><td>Prop\u00f3sito:<\/td><td>Ele registra um ID espec\u00edfico usado para obter dados sobre o uso do site pelo usu\u00e1rio. \u00c9 um cookie http que expira ap\u00f3s 2 anos.<\/td><\/tr><tr><td>Fornecedor:<\/td><td>.admit-one.eu<\/td><\/tr><tr><td>Servi\u00e7o:<\/td><td>an\u00e1lise do Google&nbsp;<a href=\"https:\/\/policies.google.com\/privacy\" target=\"_blank\" rel=\"noreferrer noopener\">ver pol\u00edtica de privacidade do servi\u00e7o<\/a>&nbsp;&nbsp;<\/td><\/tr><tr><td>Pa\u00eds:<\/td><td>Reino Unido<\/td><\/tr><tr><td>Modelo:<\/td><td>Http_cookie<\/td><\/tr><tr><td>Expira em:<\/td><td>1 ano 11 meses 29 dias<\/td><\/tr><tr><td>Nome:<\/td><td># coletar<\/td><\/tr><tr><td>Prop\u00f3sito:<\/td><td>Envia dados como comportamento e dispositivo do visitante para o google analytics. \u00c9 capaz de acompanhar o visitante em todos os canais e dispositivos de marketing. \u00c9 um cookie do tipo pixel tracker cuja atividade dura dentro da sess\u00e3o de navega\u00e7\u00e3o.<\/td><\/tr><tr><td>Fornecedor:<\/td><td>Admit-one.eu<\/td><\/tr><tr><td>Servi\u00e7o:<\/td><td>an\u00e1lise do Google&nbsp;<a href=\"https:\/\/policies.google.com\/privacy\" target=\"_blank\" rel=\"noreferrer noopener\">ver pol\u00edtica de privacidade do servi\u00e7o<\/a>&nbsp;&nbsp;<\/td><\/tr><tr><td>Pa\u00eds:<\/td><td>Estados Unidos<\/td><\/tr><tr><td>Modelo:<\/td><td>Pixel_tracker<\/td><\/tr><tr><td>Expira em:<\/td><td>Sess\u00e3o<\/td><\/tr><tr><td><\/td><td><\/td><td><\/td><\/tr><\/tbody><\/table><\/figure>\n\n\n\n<figure class=\"wp-block-table\"><table><tbody><tr><td>Nome:<\/td><td>_gid<\/td><\/tr><tr><td>Prop\u00f3sito:<\/td><td>Mant\u00e9m uma entrada de identifica\u00e7\u00e3o \u00fanica que \u00e9 usada para gerar dados estat\u00edsticos sobre o uso do site pelos visitantes. \u00c9 um tipo de cookie http e expira ap\u00f3s uma sess\u00e3o de navega\u00e7\u00e3o.<\/td><\/tr><tr><td>Fornecedor:<\/td><td>.admit-one.eu<\/td><\/tr><tr><td>Servi\u00e7o:<\/td><td>an\u00e1lise do Google&nbsp;<a href=\"https:\/\/policies.google.com\/privacy\" target=\"_blank\" rel=\"noreferrer noopener\">ver pol\u00edtica de privacidade do servi\u00e7o<\/a>&nbsp;&nbsp;<\/td><\/tr><tr><td>Pa\u00eds:<\/td><td>Reino Unido<\/td><\/tr><tr><td>Modelo:<\/td><td>Http_cookie<\/td><\/tr><tr><td>Expira em:<\/td><td>1 dia<\/td><\/tr><tr><td>Nome:<\/td><td>_gat#<\/td><\/tr><tr><td>Prop\u00f3sito:<\/td><td>Permite que o google analytics regule a taxa de solicita\u00e7\u00e3o. \u00c9 um tipo de cookie http que dura uma sess\u00e3o.<\/td><\/tr><tr><td>Fornecedor:<\/td><td>.admit-one.eu<\/td><\/tr><tr><td>Servi\u00e7o:<\/td><td>an\u00e1lise do Google&nbsp;<a href=\"https:\/\/policies.google.com\/privacy\" target=\"_blank\" rel=\"noreferrer noopener\">ver pol\u00edtica de privacidade do servi\u00e7o<\/a>&nbsp;&nbsp;<\/td><\/tr><tr><td>Pa\u00eds:<\/td><td>Reino Unido<\/td><\/tr><tr><td>Modelo:<\/td><td>Http_cookie<\/td><\/tr><tr><td>Expira em:<\/td><td>1 minuto<\/td><\/tr><tr><td><\/td><td><\/td><td><\/td><\/tr><\/tbody><\/table><\/figure>\n\n\n\n<h4>Cookies n\u00e3o classificados:<\/h4>\n\n\n\n<p>Estes s\u00e3o cookies que ainda n\u00e3o foram categorizados. Estamos no processo de classifica\u00e7\u00e3o desses cookies com a ajuda de seus provedores.<\/p>\n\n\n\n<figure class=\"wp-block-table\"><table><tbody><tr><td>Nome:<\/td><td>Uuid<\/td><\/tr><tr><td>Prop\u00f3sito:<\/td><td>__________<\/td><\/tr><tr><td>Fornecedor:<\/td><td>Sibautomation. com<\/td><\/tr><tr><td>Servi\u00e7o:<\/td><td>__________ &nbsp;<\/td><\/tr><tr><td>Pa\u00eds:<\/td><td>Estados Unidos<\/td><\/tr><tr><td>Modelo:<\/td><td>Http_cookie<\/td><\/tr><tr><td>Expira em:<\/td><td>1 ano 29 dias<\/td><\/tr><tr><td>Nome:<\/td><td>Sib_cuid<\/td><\/tr><tr><td>Prop\u00f3sito:<\/td><td>__________<\/td><\/tr><tr><td>Fornecedor:<\/td><td>.admit-one.eu<\/td><\/tr><tr><td>Servi\u00e7o:<\/td><td>__________ &nbsp;<\/td><\/tr><tr><td>Pa\u00eds:<\/td><td>Reino Unido<\/td><\/tr><tr><td>Modelo:<\/td><td>Http_cookie<\/td><\/tr><tr><td>Expira em:<\/td><td>1 ano 29 dias<\/td><\/tr><\/tbody><\/table><\/figure>\n\n\n\n<h4><strong>E quanto a outras tecnologias de rastreamento, como web beacons?<\/strong><\/h4>\n\n\n\n<p>Os cookies n\u00e3o s\u00e3o a \u00fanica maneira de reconhecer ou rastrear os visitantes de um site. Podemos usar outras tecnologias semelhantes de tempos em tempos, como web beacons (\u00e0s vezes chamados de \u201cpixels de rastreamento\u201d ou \u201cclear gifs\u201d). Estes s\u00e3o pequenos arquivos gr\u00e1ficos que cont\u00eam um identificador \u00fanico que nos permite reconhecer quando algu\u00e9m visitou nossos sites ou abriu um e-mail incluindo eles. Isso nos permite, por exemplo, monitorar os padr\u00f5es de tr\u00e1fego dos usu\u00e1rios de uma p\u00e1gina dentro de um site para outro, entregar ou se comunicar com cookies, entender se voc\u00ea chegou ao site a partir de um an\u00fancio online exibido em um site de terceiros , para melhorar o desempenho do site e medir o sucesso das campanhas de marketing por e-mail. Em muitos casos, essas tecnologias dependem de cookies para funcionar corretamente e, portanto, recusar cookies prejudicar\u00e1 seu funcionamento.<\/p>\n\n\n\n<h4><strong>Voc\u00ea usa cookies flash ou objetos compartilhados locais?<\/strong><\/h4>\n\n\n\n<p>Os sites tamb\u00e9m podem usar os chamados \u201cflash cookies\u201d (tamb\u00e9m conhecidos como objetos compartilhados locais ou \u201clsos\u201d) para, entre outras coisas, coletar e armazenar informa\u00e7\u00f5es sobre o uso de nossos servi\u00e7os, preven\u00e7\u00e3o de fraudes e outras opera\u00e7\u00f5es do site.<\/p>\n\n\n\n<p>Se voc\u00ea n\u00e3o deseja armazenar cookies em flash em seu computador, voc\u00ea pode ajustar as configura\u00e7\u00f5es do seu flash player para bloquear o armazenamento de cookies em flash usando as ferramentas contidas no&nbsp;<a href=\"http:\/\/www.macromedia.com\/support\/documentation\/en\/flashplayer\/help\/settings_manager07.html#_blank\">painel de configura\u00e7\u00f5es de armazenamento do site<\/a>. Voc\u00ea tamb\u00e9m pode controlar os cookies flash acessando o&nbsp;<a href=\"http:\/\/www.macromedia.com\/support\/documentation\/en\/flashplayer\/help\/settings_manager03.html#_blank\">painel de configura\u00e7\u00f5es de armazenamento global<\/a>&nbsp;e seguindo as instru\u00e7\u00f5es (que podem incluir instru\u00e7\u00f5es que explicam, por exemplo, como excluir cookies flash existentes (referidos como \u201cinforma\u00e7\u00f5es\u201d no site da macromedia), como impedir que lsos flash sejam colocados em seu computador sem que voc\u00ea seja solicitado e (para flash player 8 e posterior) como bloquear cookies flash que n\u00e3o est\u00e3o sendo entregues pelo operador da p\u00e1gina em que voc\u00ea est\u00e1 no momento).<\/p>\n\n\n\n<p>Observe que configurar o flash player para restringir ou limitar a aceita\u00e7\u00e3o de cookies flash pode reduzir ou impedir a funcionalidade de alguns aplicativos flash, incluindo, potencialmente, aplicativos flash usados em conex\u00e3o com nossos servi\u00e7os ou conte\u00fado online.<\/p>\n\n\n\n<h4><strong>Voc\u00ea veicula publicidade direcionada?<\/strong><\/h4>\n\n\n\n<p>Terceiros podem veicular cookies em seu computador ou dispositivo m\u00f3vel para veicular publicidade em nossos sites. Essas empresas podem usar informa\u00e7\u00f5es sobre suas visitas a este e a outros sites para fornecer an\u00fancios relevantes sobre bens e servi\u00e7os nos quais voc\u00ea possa estar interessado. Elas tamb\u00e9m podem empregar tecnologia usada para medir a efic\u00e1cia dos an\u00fancios. Isso pode ser feito por eles usando cookies ou web beacons para coletar informa\u00e7\u00f5es sobre suas visitas a este e a outros sites, a fim de fornecer an\u00fancios relevantes sobre bens e servi\u00e7os de seu interesse potencial. As informa\u00e7\u00f5es coletadas por meio deste processo n\u00e3o permitem que n\u00f3s ou eles identifiquem seu nome, detalhes de contato ou outros detalhes que o identifiquem diretamente, a menos que voc\u00ea opte por fornec\u00ea-los.<\/p>\n\n\n\n<h4><strong>Com que frequ\u00eancia voc\u00ea atualizar\u00e1 esta pol\u00edtica de cookies?<\/strong><\/h4>\n\n\n\n<p>Podemos atualizar esta pol\u00edtica de cookies de tempos em tempos para refletir, por exemplo, altera\u00e7\u00f5es nos cookies que usamos ou por outros motivos operacionais, legais ou regulat\u00f3rios. Por isso, reveja esta pol\u00edtica de cookies regularmente para se manter informado sobre o uso de cookies e tecnologias relacionadas.<\/p>\n\n\n\n<p>A data no topo desta pol\u00edtica de cookies indica quando foi a \u00faltima atualiza\u00e7\u00e3o.<\/p>\n\n\n\n<h4><strong>Onde posso obter mais informa\u00e7\u00f5es?<\/strong><\/h4>\n\n\n\n<p>Se voc\u00ea tiver alguma d\u00favida sobre o uso de cookies ou outras tecnologias, envie um e-mail para\u00a0<a href=\"mailto:info@admit-one.co.uk.local\">info@admit-one.co.uk<\/a>\u00a0ou por correio para:<\/p>\n\n\n\n<p>Software colaborativo limitado<br>Unit 9 Albany Park<br>Cabot Lane<br>Poole BH17 7BX<br>Telefone: 01929 551356<\/p>","protected":false},"excerpt":{"rendered":"<p>Esta pol\u00edtica de cookies explica como software colaborativo limitado (&quot;empresa&quot;, &quot;n\u00f3s&quot;, &quot;n\u00f3s&quot; e &quot;nosso&quot;) usa cookies e tecnologias semelhantes para reconhec\u00ea-lo quando voc\u00ea visita nossos sites em https:\/\/admit-one.co. Reino Unido, (\u201cwebsites\u201c). Ele explica o que s\u00e3o essas tecnologias e por que as usamos, bem como seus direitos de controlar nosso uso delas. Em alguns casos, podemos usar cookies para\u2026&nbsp;<a href=\"https:\/\/admit-one.eu\/pt\/politica-de-cookies\/\" rel=\"bookmark\">Consulte Mais informa\u00e7\u00e3o &quot;<span class=\"screen-reader-text\">Pol\u00edtica de cookies<\/span><\/a><\/p>","protected":false},"author":1,"featured_media":0,"parent":0,"menu_order":0,"comment_status":"closed","ping_status":"closed","template":"","meta":{"om_disable_all_campaigns":false,"_uag_custom_page_level_css":"","_mi_skip_tracking":false,"neve_meta_sidebar":"","neve_meta_container":"","neve_meta_enable_content_width":"","neve_meta_content_width":0,"neve_meta_title_alignment":"","neve_meta_author_avatar":"","neve_post_elements_order":"","neve_meta_disable_header":"","neve_meta_disable_footer":"","neve_meta_disable_title":"on","neve_meta_reading_time":"","_themeisle_gutenberg_block_has_review":false},"categories":[],"tags":[],"folder":[91],"aioseo_notices":[],"uagb_featured_image_src":{"full":false,"thumbnail":false,"medium":false,"medium_large":false,"large":false,"1536x1536":false,"2048x2048":false,"trp-custom-language-flag":false,"neve-blog":false,"xl":false,"xxl":false,"xxxl":false,"xxxxl":false,"xxxxxl":false},"uagb_author_info":{"display_name":"James Gibson","author_link":"https:\/\/admit-one.eu\/pt\/blog\/author\/james-gibson\/"},"uagb_comment_info":0,"uagb_excerpt":"This cookie policy explains how&nbsp;collaborative software limited&nbsp;(&#8220;company&#8220;, &#8220;we&#8220;, &#8220;us&#8220;, and &#8220;our&#8220;) uses cookies and similar technologies to recognize you when you visit our websites at&nbsp;https:\/\/admit-one.co.uk,&nbsp;(&#8220;websites&#8220;). It explains what these technologies are and why we use them, as well as your rights to control our use of them. In some cases we may use cookies to&hellip;&nbsp;Read&hellip;","_links":{"self":[{"href":"https:\/\/admit-one.eu\/pt\/wp-json\/wp\/v2\/pages\/9308"}],"collection":[{"href":"https:\/\/admit-one.eu\/pt\/wp-json\/wp\/v2\/pages"}],"about":[{"href":"https:\/\/admit-one.eu\/pt\/wp-json\/wp\/v2\/types\/page"}],"author":[{"embeddable":true,"href":"https:\/\/admit-one.eu\/pt\/wp-json\/wp\/v2\/users\/1"}],"replies":[{"embeddable":true,"href":"https:\/\/admit-one.eu\/pt\/wp-json\/wp\/v2\/comments?post=9308"}],"version-history":[{"count":1,"href":"https:\/\/admit-one.eu\/pt\/wp-json\/wp\/v2\/pages\/9308\/revisions"}],"predecessor-version":[{"id":15627,"href":"https:\/\/admit-one.eu\/pt\/wp-json\/wp\/v2\/pages\/9308\/revisions\/15627"}],"wp:attachment":[{"href":"https:\/\/admit-one.eu\/pt\/wp-json\/wp\/v2\/media?parent=9308"}],"wp:term":[{"taxonomy":"category","embeddable":true,"href":"https:\/\/admit-one.eu\/pt\/wp-json\/wp\/v2\/categories?post=9308"},{"taxonomy":"post_tag","embeddable":true,"href":"https:\/\/admit-one.eu\/pt\/wp-json\/wp\/v2\/tags?post=9308"},{"taxonomy":"folder","embeddable":true,"href":"https:\/\/admit-one.eu\/pt\/wp-json\/wp\/v2\/folder?post=9308"}],"curies":[{"name":"wp","href":"https:\/\/api.w.org\/{rel}","templated":true}]}}