{"id":9298,"date":"2022-05-30T10:41:17","date_gmt":"2022-05-30T09:41:17","guid":{"rendered":"https:\/\/admit-one.co.uk\/?page_id=9298"},"modified":"2022-10-27T08:22:56","modified_gmt":"2022-10-27T07:22:56","slug":"faqs","status":"publish","type":"page","link":"https:\/\/admit-one.eu\/pt\/perguntas-frequentes\/","title":{"rendered":"Perguntas frequentes"},"content":{"rendered":"<section id=\"wp-block-themeisle-blocks-advanced-columns-faf6acdf\" class=\"wp-block-themeisle-blocks-advanced-columns alignfull has-1-columns has-desktop-equal-layout has-tablet-equal-layout has-mobile-equal-layout has-vertical-center clip-btm-up\"><div class=\"wp-block-themeisle-blocks-advanced-columns-overlay\"><\/div><div class=\"innerblocks-wrap\">\n<div id=\"wp-block-themeisle-blocks-advanced-column-7ec5acd4\" class=\"wp-block-themeisle-blocks-advanced-column\">\n<h1 id=\"wp-block-themeisle-blocks-advanced-heading-13ce2b13\" class=\"wp-block-themeisle-blocks-advanced-heading wp-block-themeisle-blocks-advanced-heading-13ce2b13\">Perguntas frequentes<\/h1>\n<\/div>\n<\/div><\/section>\n\n\n\n<div id=\"wp-block-themeisle-blocks-accordion-2e85123d\" class=\"wp-block-themeisle-blocks-accordion\">\n<details class=\"wp-block-themeisle-blocks-accordion-item\"><summary class=\"wp-block-themeisle-blocks-accordion-item__title\"><div>Tenho que comprar cada m\u00f3dulo individualmente?<\/div><\/summary><div class=\"wp-block-themeisle-blocks-accordion-item__content\">\n<p>N\u00e3o, A1 Suite \u00e9 um pacote completo que acreditamos ser tudo o que voc\u00ea precisa para administrar seu local com sucesso. Use tanto ou t\u00e3o pouco quanto voc\u00ea gosta.<\/p>\n<\/div><\/details>\n\n\n\n<details class=\"wp-block-themeisle-blocks-accordion-item\"><summary class=\"wp-block-themeisle-blocks-accordion-item__title\"><div>Quanto custa usar o A1 Suite?<\/div><\/summary><div class=\"wp-block-themeisle-blocks-accordion-item__content\">\n<p>Uma modesta cobran\u00e7a mensal fixa \u00e9 aplicada por site pelo uso do Al Suite, juntamente com uma taxa de escalabilidade* cobrada de cada transa\u00e7\u00e3o remota. Nossa pol\u00edtica de pre\u00e7os \u00e9 voltada para tornar o Al Suite o mais neutro poss\u00edvel em termos de custos.<\/p>\n\n\n\n<p>*A taxa de escalabilidade \u00e9 projetada para distinguir usu\u00e1rios de grande escala de operadoras menores e \u00e9 aplicada por transa\u00e7\u00e3o em transa\u00e7\u00f5es remotas processadas a partir da Web, App e APl&#039;s apenas com exce\u00e7\u00e3o da Al Shop.<\/p>\n<\/div><\/details>\n\n\n\n<details class=\"wp-block-themeisle-blocks-accordion-item\"><summary class=\"wp-block-themeisle-blocks-accordion-item__title\"><div>Voc\u00ea oferece treinamento?<\/div><\/summary><div class=\"wp-block-themeisle-blocks-accordion-item__content\">\n<p>Sim, o treinamento no local ou fora do local est\u00e1 dispon\u00edvel mediante solicita\u00e7\u00e3o.<\/p>\n<\/div><\/details>\n\n\n\n<details class=\"wp-block-themeisle-blocks-accordion-item\"><summary class=\"wp-block-themeisle-blocks-accordion-item__title\"><div>N\u00e3o estou sediado no Reino Unido, ainda posso usar o A1 Suite?<\/div><\/summary><div class=\"wp-block-themeisle-blocks-accordion-item__content\">\n<p>Sim, nossa equipe de suporte dedicada pode se conectar ao seu site e ajud\u00e1-lo em qualquer lugar do mundo.<\/p>\n<\/div><\/details>\n\n\n\n<details class=\"wp-block-themeisle-blocks-accordion-item\"><summary class=\"wp-block-themeisle-blocks-accordion-item__title\"><div>Se eu tiver uma d\u00favida, posso falar com algu\u00e9m?<\/div><\/summary><div class=\"wp-block-themeisle-blocks-accordion-item__content\">\n<p>Sim, \u00e0s vezes entendemos que voc\u00ea s\u00f3 precisa falar com algu\u00e9m, nossa equipe est\u00e1 aqui para voc\u00ea.<\/p>\n<\/div><\/details>\n\n\n\n<details class=\"wp-block-themeisle-blocks-accordion-item\"><summary class=\"wp-block-themeisle-blocks-accordion-item__title\"><div>O que acontece se tivermos problemas t\u00e9cnicos?<\/div><\/summary><div class=\"wp-block-themeisle-blocks-accordion-item__content\">\n<p>Nossa equipe est\u00e1 sempre monitorando uma s\u00e9rie de telem\u00e1tica em segundo plano para garantir que tudo esteja funcionando corretamente para voc\u00ea.<\/p>\n<\/div><\/details>\n<\/div>","protected":false},"excerpt":{"rendered":"","protected":false},"author":1,"featured_media":0,"parent":0,"menu_order":0,"comment_status":"closed","ping_status":"closed","template":"","meta":{"om_disable_all_campaigns":false,"_uag_custom_page_level_css":"","_mi_skip_tracking":false,"neve_meta_sidebar":"","neve_meta_container":"","neve_meta_enable_content_width":"","neve_meta_content_width":0,"neve_meta_title_alignment":"","neve_meta_author_avatar":"","neve_post_elements_order":"","neve_meta_disable_header":"","neve_meta_disable_footer":"","neve_meta_disable_title":"on","neve_meta_reading_time":"","_themeisle_gutenberg_block_has_review":false},"categories":[],"tags":[],"folder":[],"aioseo_notices":[],"uagb_featured_image_src":{"full":false,"thumbnail":false,"medium":false,"medium_large":false,"large":false,"1536x1536":false,"2048x2048":false,"trp-custom-language-flag":false,"neve-blog":false,"xl":false,"xxl":false,"xxxl":false,"xxxxl":false,"xxxxxl":false},"uagb_author_info":{"display_name":"James Gibson","author_link":"https:\/\/admit-one.eu\/pt\/blog\/author\/james-gibson\/"},"uagb_comment_info":0,"uagb_excerpt":null,"_links":{"self":[{"href":"https:\/\/admit-one.eu\/pt\/wp-json\/wp\/v2\/pages\/9298"}],"collection":[{"href":"https:\/\/admit-one.eu\/pt\/wp-json\/wp\/v2\/pages"}],"about":[{"href":"https:\/\/admit-one.eu\/pt\/wp-json\/wp\/v2\/types\/page"}],"author":[{"embeddable":true,"href":"https:\/\/admit-one.eu\/pt\/wp-json\/wp\/v2\/users\/1"}],"replies":[{"embeddable":true,"href":"https:\/\/admit-one.eu\/pt\/wp-json\/wp\/v2\/comments?post=9298"}],"version-history":[{"count":0,"href":"https:\/\/admit-one.eu\/pt\/wp-json\/wp\/v2\/pages\/9298\/revisions"}],"wp:attachment":[{"href":"https:\/\/admit-one.eu\/pt\/wp-json\/wp\/v2\/media?parent=9298"}],"wp:term":[{"taxonomy":"category","embeddable":true,"href":"https:\/\/admit-one.eu\/pt\/wp-json\/wp\/v2\/categories?post=9298"},{"taxonomy":"post_tag","embeddable":true,"href":"https:\/\/admit-one.eu\/pt\/wp-json\/wp\/v2\/tags?post=9298"},{"taxonomy":"folder","embeddable":true,"href":"https:\/\/admit-one.eu\/pt\/wp-json\/wp\/v2\/folder?post=9298"}],"curies":[{"name":"wp","href":"https:\/\/api.w.org\/{rel}","templated":true}]}}