{"id":13219,"date":"2023-06-15T15:08:43","date_gmt":"2023-06-15T14:08:43","guid":{"rendered":"https:\/\/admit-one.co.uk\/?page_id=13219"},"modified":"2024-02-06T08:45:52","modified_gmt":"2024-02-06T08:45:52","slug":"product","status":"publish","type":"page","link":"https:\/\/admit-one.eu\/pt\/blog\/produtos\/","title":{"rendered":"produtos"},"content":{"rendered":"<div id=\"wp-block-themeisle-blocks-advanced-columns-f3534b6f\" class=\"wp-block-themeisle-blocks-advanced-columns alignfull has-2-columns has-desktop-equal-layout has-tablet-equal-layout has-mobile-collapsedRows-layout has-vertical-unset has-vertical-undefined page-header\"><div class=\"wp-block-themeisle-blocks-advanced-columns-overlay\"><\/div><div class=\"innerblocks-wrap\">\n<div id=\"wp-block-themeisle-blocks-advanced-column-49529f4b\" class=\"wp-block-themeisle-blocks-advanced-column\">\n<h1 class=\"has-text-align-left wp-block-heading headingLink\"><a href=\"https:\/\/admit-one.co.uk\/blog\/\" rel=\"nofollow\" title=\"Blogue\">Blogue<\/a><\/h1>\n<\/div>\n\n\n\n<div id=\"wp-block-themeisle-blocks-advanced-column-27c8e090\" class=\"wp-block-themeisle-blocks-advanced-column\">\n<div class=\"is-content-justification-right is-nowrap is-layout-flex wp-container-1 wp-block-buttons\">\n<div class=\"wp-block-button is-style-primary\"><a class=\"wp-block-button__link wp-element-button\" href=\"https:\/\/admit-one.eu\/pt\/blog\/produtos\/\">produtos<\/a><\/div>\n\n\n\n<div class=\"wp-block-button is-style-secondary\"><a class=\"wp-block-button__link wp-element-button\" href=\"https:\/\/admit-one.eu\/pt\/blog\/noticias\/\">Not\u00edcias<\/a><\/div>\n\n\n\n<div class=\"wp-block-button is-style-secondary\"><a class=\"wp-block-button__link wp-element-button\" href=\"https:\/\/admit-one.eu\/pt\/blog\/atualizacoes\/\">Atualiza\u00e7\u00f5es<\/a><\/div>\n<\/div>\n<\/div>\n<\/div><div class=\"wp-block-themeisle-blocks-advanced-columns-separators bottom\"><svg id=\"slant\" fill=\"var(--nv-site-bg)\" viewbox=\"0 0 100 100\" width=\"100%\" height=\"100\" preserveaspectratio=\"none\" xmlns=\"http:\/\/www.w3.org\/2000\/svg\" class=\"rotate\"><path d=\"M0 0 L0 100 L100 0 Z\"><\/path><\/svg><\/div><\/div>\n\n\n\n<div id=\"wp-block-themeisle-blocks-advanced-columns-5c389b0b\" class=\"wp-block-themeisle-blocks-advanced-columns alignfull has-1-columns has-desktop-equal-layout has-tablet-equal-layout has-mobile-collapsedRows-layout has-reverse-columns-mobile has-vertical-unset has-vertical-undefined page-header\"><div class=\"wp-block-themeisle-blocks-advanced-columns-overlay\"><\/div><div class=\"innerblocks-wrap\">\n<div id=\"wp-block-themeisle-blocks-advanced-column-5763269e\" class=\"wp-block-themeisle-blocks-advanced-column postGrid\" data-aos=\"fade\" data-aos-duration=\"1200\">\n\t\t\t<div class=\"wp-block-uagb-post-grid uagb-post-grid  uagb-post__image-position-top uagb-post__image-enabled uagb-block-dc221228     uagb-post__items uagb-post__columns-3 is-grid uagb-post__columns-tablet-2 uagb-post__columns-mobile-1 uagb-post__equal-height uagb-equal_height_inline-read-more-buttons\" data-total=\"1\" style=\"\">\n\n\t\t\t\t\t\t\t\t\t\t\t\t<article class=\"uagb-post__inner-wrap\">\t\t\t\t\t\t\t\t<div class='uagb-post__image'>\n\t\t\t\t\t\t\t\t\t<a href=\"https:\/\/admit-one.eu\/pt\/blog\/produtos\/em-breve-a-mais-recente-inovacao-em-pedidos-via-facebook-no-local-movel\/\" target=\"_self\" rel=\"bookmark noopener noreferrer\" class='uagb-image-ratio-inherit'><img width=\"1024\" height=\"538\" src=\"https:\/\/admit-one.eu\/wp-content\/uploads\/2023\/11\/blog_news_a1-shop-launch_featured2_result.webp\" class=\"attachment-large size-large\" alt=\"Descubra pedidos m\u00f3veis de alimentos e bebidas no local\" decoding=\"async\" loading=\"lazy\" \/>\t\t\t\t\t<\/a>\n\t\t\t\t\t\t\t<\/div>\n\t\t\t\t\t\t<h5 class=\"uagb-post__title uagb-post__text\">\n\t\t\t\t<a href=\"https:\/\/admit-one.eu\/pt\/blog\/produtos\/em-breve-a-mais-recente-inovacao-em-pedidos-via-facebook-no-local-movel\/\" target=\"_self\" rel=\"bookmark noopener noreferrer\">Descubra hoje mesmo os pedidos m\u00f3veis de alimentos e bebidas no local<\/a>\n\t\t\t<\/h5>\n\t\t\t\t\t\t<div class='uagb-post__text uagb-post-grid-byline'>\n\t\t\t\t\t\t\t\t<time datetime=\"2023-10-23T08:56:52+01:00\" class=\"uagb-post__date\">\n\t\t\t\t\t\t\t\t\t23 de outubro de 2023\t\t\t\t<\/time>\n\t\t\t\t\t\t<\/div>\n\t\t\t\t\t\t\t<div class='uagb-post__text uagb-post__excerpt'>\n\t\t\t\t\tTrabalhamos com cinemas de todos os formatos e tamanhos h\u00e1 mais de 25 anos, ent\u00e3o\u2026\t\t\t\t<\/div>\n\t\t\t\t\t\t<div class=\"uagb-post__text uagb-post__cta wp-block-button\">\n\t\t\t\t<a class=\"wp-block-button__link uagb-text-link\" href=\"https:\/\/admit-one.eu\/pt\/blog\/produtos\/em-breve-a-mais-recente-inovacao-em-pedidos-via-facebook-no-local-movel\/\" target=\"_self\" rel=\"bookmark noopener noreferrer\">consulte Mais informa\u00e7\u00e3o<\/a>\n\t\t\t<\/div>\n\t\t\t\t\t\t\t\t\t\t\t\t<\/article>\n\t\t\t\t\t\t\t\t\t\t\t\t\t\t\t\t<article class=\"uagb-post__inner-wrap\">\t\t\t\t\t\t\t\t<div class='uagb-post__image'>\n\t\t\t\t\t\t\t\t\t<a href=\"https:\/\/admit-one.eu\/pt\/blog\/produtos\/em-breve-a-mais-recente-inovacao-em-pedidos-via-facebook-no-local-movel\/\" target=\"_self\" rel=\"bookmark noopener noreferrer\" class='uagb-image-ratio-inherit'><img width=\"1024\" height=\"538\" src=\"https:\/\/admit-one.eu\/wp-content\/uploads\/2023\/08\/blog_news_a1-shop_featured_result-1024x538.webp\" class=\"attachment-large size-large\" alt=\"Loja A1 em breve\" decoding=\"async\" loading=\"lazy\" srcset=\"https:\/\/admit-one.eu\/wp-content\/uploads\/2023\/08\/blog_news_a1-shop_featured_result-1024x538.webp 1024w, https:\/\/admit-one.eu\/wp-content\/uploads\/2023\/08\/blog_news_a1-shop_featured_result-300x158.webp 300w, https:\/\/admit-one.eu\/wp-content\/uploads\/2023\/08\/blog_news_a1-shop_featured_result-768x403.webp 768w, https:\/\/admit-one.eu\/wp-content\/uploads\/2023\/08\/blog_news_a1-shop_featured_result-18x9.webp 18w, https:\/\/admit-one.eu\/wp-content\/uploads\/2023\/08\/blog_news_a1-shop_featured_result.webp 1200w\" sizes=\"(max-width: 1024px) 100vw, 1024px\" \/>\t\t\t\t\t<\/a>\n\t\t\t\t\t\t\t<\/div>\n\t\t\t\t\t\t<h5 class=\"uagb-post__title uagb-post__text\">\n\t\t\t\t<a href=\"https:\/\/admit-one.eu\/pt\/blog\/produtos\/em-breve-a-mais-recente-inovacao-em-pedidos-via-facebook-no-local-movel\/\" target=\"_self\" rel=\"bookmark noopener noreferrer\">Em breve - a mais recente inova\u00e7\u00e3o em pedidos m\u00f3veis de alimentos e bebidas no local<\/a>\n\t\t\t<\/h5>\n\t\t\t\t\t\t<div class='uagb-post__text uagb-post-grid-byline'>\n\t\t\t\t\t\t\t\t<time datetime=\"2023-08-21T10:44:43+01:00\" class=\"uagb-post__date\">\n\t\t\t\t\t\t\t\t\t21 de agosto de 2023\t\t\t\t<\/time>\n\t\t\t\t\t\t<\/div>\n\t\t\t\t\t\t\t<div class='uagb-post__text uagb-post__excerpt'>\n\t\t\t\t\tTrabalhamos com cinemas de todos os formatos e tamanhos h\u00e1 mais de 25 anos, ent\u00e3o\u2026\t\t\t\t<\/div>\n\t\t\t\t\t\t<div class=\"uagb-post__text uagb-post__cta wp-block-button\">\n\t\t\t\t<a class=\"wp-block-button__link uagb-text-link\" href=\"https:\/\/admit-one.eu\/pt\/blog\/produtos\/em-breve-a-mais-recente-inovacao-em-pedidos-via-facebook-no-local-movel\/\" target=\"_self\" rel=\"bookmark noopener noreferrer\">consulte Mais informa\u00e7\u00e3o<\/a>\n\t\t\t<\/div>\n\t\t\t\t\t\t\t\t\t\t\t\t<\/article>\n\t\t\t\t\t\t\t\t\t\t\t<\/div>\n\t\t\t<\/div>\n<\/div><\/div>","protected":false},"excerpt":{"rendered":"","protected":false},"author":1,"featured_media":0,"parent":13090,"menu_order":0,"comment_status":"closed","ping_status":"closed","template":"","meta":{"om_disable_all_campaigns":false,"_uag_custom_page_level_css":"","_mi_skip_tracking":false,"neve_meta_sidebar":"","neve_meta_container":"","neve_meta_enable_content_width":"","neve_meta_content_width":0,"neve_meta_title_alignment":"","neve_meta_author_avatar":"","neve_post_elements_order":"","neve_meta_disable_header":"","neve_meta_disable_footer":"","neve_meta_disable_title":"on","neve_meta_reading_time":"","_themeisle_gutenberg_block_has_review":false},"categories":[],"tags":[],"folder":[107],"aioseo_notices":[],"uagb_featured_image_src":{"full":false,"thumbnail":false,"medium":false,"medium_large":false,"large":false,"1536x1536":false,"2048x2048":false,"trp-custom-language-flag":false,"neve-blog":false,"xl":false,"xxl":false,"xxxl":false,"xxxxl":false,"xxxxxl":false},"uagb_author_info":{"display_name":"James Gibson","author_link":"https:\/\/admit-one.eu\/pt\/blog\/author\/james-gibson\/"},"uagb_comment_info":0,"uagb_excerpt":null,"_links":{"self":[{"href":"https:\/\/admit-one.eu\/pt\/wp-json\/wp\/v2\/pages\/13219"}],"collection":[{"href":"https:\/\/admit-one.eu\/pt\/wp-json\/wp\/v2\/pages"}],"about":[{"href":"https:\/\/admit-one.eu\/pt\/wp-json\/wp\/v2\/types\/page"}],"author":[{"embeddable":true,"href":"https:\/\/admit-one.eu\/pt\/wp-json\/wp\/v2\/users\/1"}],"replies":[{"embeddable":true,"href":"https:\/\/admit-one.eu\/pt\/wp-json\/wp\/v2\/comments?post=13219"}],"version-history":[{"count":1,"href":"https:\/\/admit-one.eu\/pt\/wp-json\/wp\/v2\/pages\/13219\/revisions"}],"predecessor-version":[{"id":15037,"href":"https:\/\/admit-one.eu\/pt\/wp-json\/wp\/v2\/pages\/13219\/revisions\/15037"}],"up":[{"embeddable":true,"href":"https:\/\/admit-one.eu\/pt\/wp-json\/wp\/v2\/pages\/13090"}],"wp:attachment":[{"href":"https:\/\/admit-one.eu\/pt\/wp-json\/wp\/v2\/media?parent=13219"}],"wp:term":[{"taxonomy":"category","embeddable":true,"href":"https:\/\/admit-one.eu\/pt\/wp-json\/wp\/v2\/categories?post=13219"},{"taxonomy":"post_tag","embeddable":true,"href":"https:\/\/admit-one.eu\/pt\/wp-json\/wp\/v2\/tags?post=13219"},{"taxonomy":"folder","embeddable":true,"href":"https:\/\/admit-one.eu\/pt\/wp-json\/wp\/v2\/folder?post=13219"}],"curies":[{"name":"wp","href":"https:\/\/api.w.org\/{rel}","templated":true}]}}