{"id":11988,"date":"2023-01-09T13:02:38","date_gmt":"2023-01-09T13:02:38","guid":{"rendered":"https:\/\/admit-one.co.uk\/?page_id=11988"},"modified":"2024-02-22T16:31:45","modified_gmt":"2024-02-22T16:31:45","slug":"guest-experience","status":"publish","type":"page","link":"https:\/\/admit-one.eu\/pt\/solucoes\/experiencia-do-hospede\/","title":{"rendered":"Experi\u00eancia do H\u00f3spede"},"content":{"rendered":"<div id=\"wp-block-themeisle-blocks-advanced-columns-f3534b6f\" class=\"wp-block-themeisle-blocks-advanced-columns has-2-columns has-desktop-twoOne-layout has-tablet-equal-layout has-mobile-collapsedRows-layout has-reverse-columns-mobile has-vertical-unset has-vertical-undefined page-header\"><div class=\"wp-block-themeisle-blocks-advanced-columns-overlay\"><\/div><div class=\"innerblocks-wrap\">\n<div id=\"wp-block-themeisle-blocks-advanced-column-49529f4b\" class=\"wp-block-themeisle-blocks-advanced-column\" data-aos=\"fade\" data-aos-duration=\"1200\">\n<h1>Experi\u00eancia do H\u00f3spede<\/h1>\n\n\n\n<p>Mantenha seus clientes retornando com programas de recompensa personaliz\u00e1veis e incentivos personalizados, projetados para expandir seus neg\u00f3cios e encantar seus clientes.<\/p>\n\n\n\n<div id=\"wp-block-themeisle-blocks-button-group-74f45ab7\" class=\"wp-block-themeisle-blocks-button-group wp-block-buttons\">\n<div id=\"wp-block-themeisle-blocks-button-6461b3a4\" class=\"wp-block-themeisle-blocks-button wp-block-button is-style-primary\"><a href=\"https:\/\/www.admit-one.co.uk\/request-demo\/\" target=\"_self\" rel=\"noopener noreferrer\" class=\"wp-block-button__link\"><span>Solicite uma demonstra\u00e7\u00e3o <\/span><\/a><\/div>\n<\/div>\n<\/div>\n\n\n\n<div id=\"wp-block-themeisle-blocks-advanced-column-27c8e090\" class=\"wp-block-themeisle-blocks-advanced-column\" data-aos=\"fade-up\" data-aos-duration=\"1200\"><div class=\"wp-block-image is-style-default\">\n<figure class=\"aligncenter size-full\"><img decoding=\"async\" src=\"https:\/\/admit-one.co.uk\/wp-content\/uploads\/2023\/01\/image_guest-experience_result-1.webp\" alt=\"Experi\u00eancia do H\u00f3spede\" class=\"wp-image-12116\"\/><\/figure><\/div><\/div>\n<\/div><\/div>\n\n\n\n<div id=\"wp-block-themeisle-blocks-advanced-columns-2074d916\" class=\"wp-block-themeisle-blocks-advanced-columns has-2-columns has-desktop-equal-layout has-tablet-equal-layout has-mobile-collapsedRows-layout has-vertical-unset feature-block\"><div class=\"wp-block-themeisle-blocks-advanced-columns-overlay\"><\/div><div class=\"innerblocks-wrap\">\n<div id=\"wp-block-themeisle-blocks-advanced-column-945ee192\" class=\"wp-block-themeisle-blocks-advanced-column\" data-aos=\"fade-right\" data-aos-duration=\"1200\"><div class=\"wp-block-image is-style-default\">\n<figure class=\"alignleft size-full\"><img decoding=\"async\" src=\"https:\/\/admit-one.co.uk\/wp-content\/uploads\/2023\\01\/products_guest-experience_loyalty-membership_result.webp\" alt=\"Lealdade e Associa\u00e7\u00e3o\" class=\"wp-image-12243\"\/><\/figure><\/div><\/div>\n\n\n\n<div id=\"wp-block-themeisle-blocks-advanced-column-03cad4bb\" class=\"wp-block-themeisle-blocks-advanced-column\" data-aos=\"fade\" data-aos-duration=\"1200\">\n<h3>Lealdade e Associa\u00e7\u00e3o<\/h3>\n\n\n\n<p>Seja desenvolvendo um novo programa ou integrando um existente, recompensar seus clientes nunca foi t\u00e3o f\u00e1cil com nossos m\u00f3dulos flex\u00edveis de fidelidade e associa\u00e7\u00e3o ricos em recursos. Aumente a frequ\u00eancia de h\u00f3spedes e gaste com um Programa de Fidelidade feito sob medida para trabalhar para o seu neg\u00f3cio, do b\u00e1sico ao personalizado e tudo mais.<\/p>\n\n\n\n<div class=\"is-layout-flex wp-container-3 wp-block-columns are-vertically-aligned-top\">\n<div class=\"is-layout-flow wp-block-column is-vertically-aligned-top\">\n<ul class=\"a1_tick-list\">\n<li>Pontos, descontos, ofertas baseadas em dinheiro<\/li>\n\n\n\n<li>Programas multicamadas com recompensas flex\u00edveis<\/li>\n\n\n\n<li>Integra\u00e7\u00e3o com 3 existentes<sup>terceiro<\/sup> sistemas partid\u00e1rios<\/li>\n\n\n\n<li>Acesso \u00e0 conta do cliente para revisar o status da associa\u00e7\u00e3o, saldos de pontos e promo\u00e7\u00f5es<\/li>\n\n\n\n<li>Associa\u00e7\u00e3o transacional completa em todos os canais<\/li>\n<\/ul>\n<\/div>\n\n\n\n<div class=\"is-layout-flow wp-block-column is-vertically-aligned-top\">\n<ul class=\"a1_tick-list\">\n<li>Cart\u00f5es de ades\u00e3o e fidelidade digitais e f\u00edsicos<\/li>\n\n\n\n<li>Dados de associa\u00e7\u00e3o e fidelidade sincronizados com sua ferramenta de marketing com nossa API avan\u00e7ada, permitindo que voc\u00ea acione campanhas com base em dados em tempo real<\/li>\n\n\n\n<li>Feche o ciclo com seus clientes com write-back de ferramentas de marketing para PDV, incluindo transa\u00e7\u00f5es, saldos de pontos e status de marketing<\/li>\n<\/ul>\n<\/div>\n<\/div>\n<\/div>\n<\/div><\/div>\n\n\n\n<div id=\"wp-block-themeisle-blocks-advanced-columns-adedf2b1\" class=\"wp-block-themeisle-blocks-advanced-columns has-2-columns has-desktop-equal-layout has-tablet-equal-layout has-mobile-collapsedRows-layout has-vertical-unset feature-block\"><div class=\"wp-block-themeisle-blocks-advanced-columns-overlay\"><\/div><div class=\"innerblocks-wrap\">\n<div id=\"wp-block-themeisle-blocks-advanced-column-c85a1b5a\" class=\"wp-block-themeisle-blocks-advanced-column\" data-aos=\"fade-right\" data-aos-duration=\"1200\"><div class=\"wp-block-image is-style-default\">\n<figure class=\"alignleft size-full\"><img decoding=\"async\" src=\"https:\/\/admit-one.co.uk\/wp-content\/uploads\/2023\\01\/products_guest-experience_gift-cards-vouchers_result.webp\" alt=\"Vales-presente e vales-presente\" class=\"wp-image-12242\"\/><\/figure><\/div><\/div>\n\n\n\n<div id=\"wp-block-themeisle-blocks-advanced-column-d67ecbfb\" class=\"wp-block-themeisle-blocks-advanced-column\" data-aos=\"fade\" data-aos-duration=\"1200\">\n<h3>Vales-presente e vales-presente<\/h3>\n\n\n\n<p>A venda de vales-presente e vouchers \u00e9 uma \u00f3tima maneira de seus clientes convidarem amigos e familiares para o seu cinema e de aumentar suas receitas, base de clientes e promover sua marca.<\/p>\n\n\n\n<div class=\"is-layout-flex wp-container-6 wp-block-columns are-vertically-aligned-top\">\n<div class=\"is-layout-flow wp-block-column is-vertically-aligned-top\">\n<ul class=\"a1_tick-list\">\n<li>Suporta vouchers digitais e f\u00edsicos e vales-presente<\/li>\n\n\n\n<li>Resgate f\u00e1cil para os clientes ao fazer a reserva por meio de qualquer canal de vendas<\/li>\n<\/ul>\n<\/div>\n\n\n\n<div class=\"is-layout-flow wp-block-column is-vertically-aligned-top\">\n<ul class=\"a1_tick-list\">\n<li>Os clientes podem verificar facilmente o saldo do cart\u00e3o-presente online, no seu site ou no seu aplicativo<\/li>\n\n\n\n<li>Rastreie todas as vendas de vouchers e cart\u00f5es-presente atrav\u00e9s da Sede com total visibilidade e gerenciamento de tokens n\u00e3o resgatados e expirados<\/li>\n<\/ul>\n<\/div>\n<\/div>\n<\/div>\n<\/div><\/div>\n\n\n\n<div id=\"wp-block-themeisle-blocks-advanced-columns-f87949f2\" class=\"wp-block-themeisle-blocks-advanced-columns has-2-columns has-desktop-equal-layout has-tablet-equal-layout has-mobile-collapsedRows-layout has-vertical-unset feature-block\"><div class=\"wp-block-themeisle-blocks-advanced-columns-overlay\"><\/div><div class=\"innerblocks-wrap\">\n<div id=\"wp-block-themeisle-blocks-advanced-column-03609fad\" class=\"wp-block-themeisle-blocks-advanced-column\" data-aos=\"fade-right\" data-aos-duration=\"1200\"><div class=\"wp-block-image is-style-default\">\n<figure class=\"alignleft size-full\"><img decoding=\"async\" src=\"https:\/\/admit-one.co.uk\/wp-content\/uploads\/2023\\01\/products_guest-experience_promos-discounts_result.webp\" alt=\"Promo\u00e7\u00f5es e descontos\" class=\"wp-image-12245\"\/><\/figure><\/div><\/div>\n\n\n\n<div id=\"wp-block-themeisle-blocks-advanced-column-968956cf\" class=\"wp-block-themeisle-blocks-advanced-column\" data-aos=\"fade\" data-aos-duration=\"1200\">\n<h3>Promo\u00e7\u00f5es e descontos<\/h3>\n\n\n\n<p>Nosso sistema permite que voc\u00ea aplique e gerencie facilmente promo\u00e7\u00f5es e descontos para gerar reservas adicionais e vendas adicionais.<\/p>\n\n\n\n<div class=\"is-layout-flex wp-container-9 wp-block-columns are-vertically-aligned-top\">\n<div class=\"is-layout-flow wp-block-column is-vertically-aligned-top\">\n<ul class=\"a1_tick-list\">\n<li>C\u00f3digos de oferta \u00fanica e m\u00faltipla<\/li>\n\n\n\n<li>Ofere\u00e7a descontos, complementos gratuitos ou desbloqueie promo\u00e7\u00f5es especiais com c\u00f3digos<\/li>\n<\/ul>\n<\/div>\n\n\n\n<div class=\"is-layout-flow wp-block-column is-vertically-aligned-top\">\n<ul class=\"a1_tick-list\">\n<li>Definir regras de localiza\u00e7\u00e3o e expira\u00e7\u00e3o&nbsp;<\/li>\n\n\n\n<li>Defina regras personalizadas para acionar recompensas para seus clientes, como em anivers\u00e1rios de renova\u00e7\u00e3o ou anivers\u00e1rios<\/li>\n<\/ul>\n<\/div>\n<\/div>\n<\/div>\n<\/div><\/div>\n\n\n\n<div id=\"wp-block-themeisle-blocks-advanced-columns-64c1c2f4\" class=\"wp-block-themeisle-blocks-advanced-columns has-2-columns has-desktop-equal-layout has-tablet-equal-layout has-mobile-collapsedRows-layout has-vertical-unset feature-block\"><div class=\"wp-block-themeisle-blocks-advanced-columns-overlay\"><\/div><div class=\"innerblocks-wrap\">\n<div id=\"wp-block-themeisle-blocks-advanced-column-6c41a377\" class=\"wp-block-themeisle-blocks-advanced-column\" data-aos=\"fade-right\" data-aos-duration=\"1200\"><div class=\"wp-block-image is-style-default\">\n<figure class=\"alignleft size-full\"><img decoding=\"async\" loading=\"lazy\" width=\"600\" height=\"600\" src=\"https:\/\/admit-one.co.uk\/wp-content\/uploads\/2023\/01\/products_guest-experience_marketing-integrations_result-1.webp\" alt=\"Integra\u00e7\u00f5es de marketing\" class=\"wp-image-12494\" srcset=\"https:\/\/admit-one.eu\/wp-content\/uploads\/2023\/01\/products_guest-experience_marketing-integrations_result-1.webp 600w, https:\/\/admit-one.eu\/wp-content\/uploads\/2023\/01\/products_guest-experience_marketing-integrations_result-1-300x300.webp 300w, https:\/\/admit-one.eu\/wp-content\/uploads\/2023\/01\/products_guest-experience_marketing-integrations_result-1-150x150.webp 150w, https:\/\/admit-one.eu\/wp-content\/uploads\/2023\/01\/products_guest-experience_marketing-integrations_result-1-12x12.webp 12w, https:\/\/admit-one.eu\/wp-content\/uploads\/2023\/01\/products_guest-experience_marketing-integrations_result-1-400x400.webp 400w\" sizes=\"(max-width: 600px) 100vw, 600px\" \/><\/figure><\/div><\/div>\n\n\n\n<div id=\"wp-block-themeisle-blocks-advanced-column-d3e90953\" class=\"wp-block-themeisle-blocks-advanced-column\" data-aos=\"fade\" data-aos-duration=\"1200\">\n<h3>Integra\u00e7\u00f5es de marketing<\/h3>\n\n\n\n<p>Nossa API flex\u00edvel garante que voc\u00ea tenha a liberdade de se integrar ao CRM e \u00e0 plataforma de marketing digital de sua escolha, garantindo uma experi\u00eancia de loop fechado perfeita para todos. Como alternativa, voc\u00ea pode aproveitar ao m\u00e1ximo nossa profunda integra\u00e7\u00e3o com o Engage dos l\u00edderes do setor, Showtime Analytics, e ativar seu p\u00fablico por meio de modelos de dados comportamentais que conduzem experi\u00eancias personalizadas, automatizadas e envolventes.<\/p>\n\n\n\n<div class=\"is-layout-flex wp-container-12 wp-block-columns are-vertically-aligned-top\">\n<div class=\"is-layout-flow wp-block-column is-vertically-aligned-top\">\n<ul class=\"a1_tick-list\">\n<li>Todos os comportamentos individuais do cliente, pontos de contato e atividades de compra integrados para criar uma vis\u00e3o \u00fanica do cliente de seus frequentadores de cinema identific\u00e1veis<\/li>\n\n\n\n<li>A ferramenta de segmenta\u00e7\u00e3o de clientes f\u00e1cil de usar permite identificar grupos de frequentadores de cinema que compartilham comportamentos comuns<\/li>\n\n\n\n<li>Relat\u00f3rios de campanha de ponta a ponta em tempo real e aumento do ROI<\/li>\n<\/ul>\n<\/div>\n\n\n\n<div class=\"is-layout-flow wp-block-column is-vertically-aligned-top\">\n<ul class=\"a1_tick-list\">\n<li>Segmento baseado em: dados demogr\u00e1ficos do cliente, filmes vistos, concess\u00f5es compradas, trailers vistos, sites visitados, tipos de ingressos comprados e muitos outros atributos para identificar seu p\u00fablico perfeito para uma campanha<\/li>\n\n\n\n<li>Criador de cria\u00e7\u00e3o de campanha para um design de conte\u00fado simples, bonito e personalizado<\/li>\n\n\n\n<li>An\u00e1lise de Rec\u00eancia, Frequ\u00eancia e Valor Monet\u00e1rio da sua base de clientes<\/li>\n<\/ul>\n<\/div>\n<\/div>\n<\/div>\n<\/div><\/div>\n\n\n\n<div id=\"wp-block-themeisle-blocks-advanced-columns-01c14de9\" class=\"wp-block-themeisle-blocks-advanced-columns has-2-columns has-desktop-equal-layout has-tablet-collapsedRows-layout has-mobile-collapsedRows-layout has-vertical-unset call-to-action has-dark-bg\" data-aos=\"fade\" data-aos-duration=\"1200\"><div class=\"wp-block-themeisle-blocks-advanced-columns-overlay\"><\/div><div class=\"innerblocks-wrap\">\n<div id=\"wp-block-themeisle-blocks-advanced-column-aed9b021\" class=\"wp-block-themeisle-blocks-advanced-column\">\n<h2 class=\"wp-block-heading has-nv-site-bg-color has-text-color\">Pronto para come\u00e7ar com o Admit One?<\/h2>\n\n\n\n<p class=\"has-nv-site-bg-color has-text-color\">Vamos come\u00e7ar&nbsp;<i class=\"icon-forward\"><\/i><\/p>\n<\/div>\n\n\n\n<div id=\"wp-block-themeisle-blocks-advanced-column-01e8791e\" class=\"wp-block-themeisle-blocks-advanced-column column-right\">\n<h4 class=\"wp-block-heading has-neve-text-color-color has-text-color\">Ajude-nos a entender suas necessidades<\/h4>\n\n\n\n<p class=\"has-neve-text-color-color has-text-color\">Sabemos que cada neg\u00f3cio \u00e9 diferente. Quaisquer que sejam seus requisitos exclusivos, o Admit One est\u00e1 aqui para oferecer um sistema de PDV personalizado que funcione para voc\u00ea, a cada passo do caminho.<\/p>\n\n\n\n<ul class=\"a1_tick-list has-neve-text-color-color has-text-color\">\n<li>Flex\u00edvel<\/li>\n\n\n\n<li>Pre\u00e7os acess\u00edveis<\/li>\n\n\n\n<li>Escal\u00e1vel<\/li>\n<\/ul>\n\n\n\n<div id=\"wp-block-themeisle-blocks-button-group-5e1b0e52\" class=\"wp-block-themeisle-blocks-button-group wp-block-buttons\">\n<div id=\"wp-block-themeisle-blocks-button-bdaccee1\" class=\"wp-block-themeisle-blocks-button wp-block-button is-style-primary\"><a href=\"https:\/\/admit-one.eu\/pt\/entrar-em-contato\/\" target=\"_self\" rel=\"noopener noreferrer\" class=\"wp-block-button__link\"><span>Vamos conversar<\/span><\/a><\/div>\n<\/div>\n<\/div>\n<\/div><\/div>","protected":false},"excerpt":{"rendered":"","protected":false},"author":1,"featured_media":0,"parent":14814,"menu_order":0,"comment_status":"closed","ping_status":"closed","template":"","meta":{"om_disable_all_campaigns":false,"_uag_custom_page_level_css":"","_mi_skip_tracking":false,"neve_meta_sidebar":"","neve_meta_container":"full-width","neve_meta_enable_content_width":"","neve_meta_content_width":0,"neve_meta_title_alignment":"center","neve_meta_author_avatar":"","neve_post_elements_order":"","neve_meta_disable_header":"off","neve_meta_disable_footer":"","neve_meta_disable_title":"on","neve_meta_reading_time":"","_themeisle_gutenberg_block_has_review":false},"categories":[],"tags":[],"folder":[90],"aioseo_notices":[],"uagb_featured_image_src":{"full":false,"thumbnail":false,"medium":false,"medium_large":false,"large":false,"1536x1536":false,"2048x2048":false,"trp-custom-language-flag":false,"neve-blog":false,"xl":false,"xxl":false,"xxxl":false,"xxxxl":false,"xxxxxl":false},"uagb_author_info":{"display_name":"James Gibson","author_link":"https:\/\/admit-one.eu\/pt\/blog\/author\/james-gibson\/"},"uagb_comment_info":0,"uagb_excerpt":null,"_links":{"self":[{"href":"https:\/\/admit-one.eu\/pt\/wp-json\/wp\/v2\/pages\/11988"}],"collection":[{"href":"https:\/\/admit-one.eu\/pt\/wp-json\/wp\/v2\/pages"}],"about":[{"href":"https:\/\/admit-one.eu\/pt\/wp-json\/wp\/v2\/types\/page"}],"author":[{"embeddable":true,"href":"https:\/\/admit-one.eu\/pt\/wp-json\/wp\/v2\/users\/1"}],"replies":[{"embeddable":true,"href":"https:\/\/admit-one.eu\/pt\/wp-json\/wp\/v2\/comments?post=11988"}],"version-history":[{"count":6,"href":"https:\/\/admit-one.eu\/pt\/wp-json\/wp\/v2\/pages\/11988\/revisions"}],"predecessor-version":[{"id":15116,"href":"https:\/\/admit-one.eu\/pt\/wp-json\/wp\/v2\/pages\/11988\/revisions\/15116"}],"up":[{"embeddable":true,"href":"https:\/\/admit-one.eu\/pt\/wp-json\/wp\/v2\/pages\/14814"}],"wp:attachment":[{"href":"https:\/\/admit-one.eu\/pt\/wp-json\/wp\/v2\/media?parent=11988"}],"wp:term":[{"taxonomy":"category","embeddable":true,"href":"https:\/\/admit-one.eu\/pt\/wp-json\/wp\/v2\/categories?post=11988"},{"taxonomy":"post_tag","embeddable":true,"href":"https:\/\/admit-one.eu\/pt\/wp-json\/wp\/v2\/tags?post=11988"},{"taxonomy":"folder","embeddable":true,"href":"https:\/\/admit-one.eu\/pt\/wp-json\/wp\/v2\/folder?post=11988"}],"curies":[{"name":"wp","href":"https:\/\/api.w.org\/{rel}","templated":true}]}}