{"id":11986,"date":"2023-01-09T13:02:04","date_gmt":"2023-01-09T13:02:04","guid":{"rendered":"https:\/\/admit-one.co.uk\/?page_id=11986"},"modified":"2024-02-22T16:31:23","modified_gmt":"2024-02-22T16:31:23","slug":"digital-sales","status":"publish","type":"page","link":"https:\/\/admit-one.eu\/pt\/solucoes\/vendas-digitais\/","title":{"rendered":"Vendas Digitais"},"content":{"rendered":"<div id=\"wp-block-themeisle-blocks-advanced-columns-f3534b6f\" class=\"wp-block-themeisle-blocks-advanced-columns has-2-columns has-desktop-twoOne-layout has-tablet-equal-layout has-mobile-collapsedRows-layout has-reverse-columns-mobile has-vertical-unset has-vertical-undefined page-header\"><div class=\"wp-block-themeisle-blocks-advanced-columns-overlay\"><\/div><div class=\"innerblocks-wrap\">\n<div id=\"wp-block-themeisle-blocks-advanced-column-49529f4b\" class=\"wp-block-themeisle-blocks-advanced-column\" data-aos=\"fade\" data-aos-duration=\"1200\">\n<h1 class=\"wp-block-heading\">Vendas Digitais<\/h1>\n\n\n\n<p>Tudo o que voc\u00ea precisa para garantir que seus clientes possam navegar e comprar ingressos e extras com facilidade, quando quiserem e em todos os canais digitais. O Admit One permite que voc\u00ea maximize as vendas externas antecipadas enquanto oferece uma experi\u00eancia consistente e perfeita em todas as rotas de compra. &nbsp;<\/p>\n\n\n\n<div id=\"wp-block-themeisle-blocks-button-group-74f45ab7\" class=\"wp-block-themeisle-blocks-button-group wp-block-buttons\">\n<div id=\"wp-block-themeisle-blocks-button-6461b3a4\" class=\"wp-block-themeisle-blocks-button wp-block-button is-style-primary\"><a href=\"https:\/\/www.admit-one.co.uk\/request-demo\/\" target=\"_self\" rel=\"noopener noreferrer\" class=\"wp-block-button__link\"><span>Solicite uma demonstra\u00e7\u00e3o <\/span><\/a><\/div>\n<\/div>\n<\/div>\n\n\n\n<div id=\"wp-block-themeisle-blocks-advanced-column-27c8e090\" class=\"wp-block-themeisle-blocks-advanced-column\" data-aos=\"fade-up\" data-aos-duration=\"1200\"><div class=\"wp-block-image is-style-default\">\n<figure class=\"aligncenter size-full\"><img decoding=\"async\" src=\"https:\/\/admit-one.co.uk\/wp-content\/uploads\/2023\/01\/image_advanced-sales_result-1.webp\" alt=\"Vendas Avan\u00e7adas\" class=\"wp-image-12114\"\/><\/figure><\/div><\/div>\n<\/div><\/div>\n\n\n\n<div id=\"wp-block-themeisle-blocks-advanced-columns-2074d916\" class=\"wp-block-themeisle-blocks-advanced-columns has-2-columns has-desktop-equal-layout has-tablet-equal-layout has-mobile-collapsedRows-layout has-vertical-unset feature-block\"><div class=\"wp-block-themeisle-blocks-advanced-columns-overlay\"><\/div><div class=\"innerblocks-wrap\">\n<div id=\"wp-block-themeisle-blocks-advanced-column-945ee192\" class=\"wp-block-themeisle-blocks-advanced-column\" data-aos=\"fade-right\" data-aos-duration=\"1200\"><div class=\"wp-block-image is-style-default\">\n<figure class=\"alignleft size-full\"><img decoding=\"async\" src=\"https:\/\/admit-one.co.uk\/wp-content\/uploads\/2023\\01\/products_advanced-sales_web_result.webp\" alt=\"Rede\" class=\"wp-image-12236\"\/><\/figure><\/div><\/div>\n\n\n\n<div id=\"wp-block-themeisle-blocks-advanced-column-03cad4bb\" class=\"wp-block-themeisle-blocks-advanced-column\" data-aos=\"fade\" data-aos-duration=\"1200\">\n<h3 class=\"wp-block-heading\">Local na rede Internet<\/h3>\n\n\n\n<p>Uma abordagem moderna para reservas on-line, nossa plataforma principal da Web fornece \u00e0 sua empresa um site e um mecanismo de reservas personalizados e responsivos a dispositivos m\u00f3veis. Fluxo de compras simples e cont\u00ednuo com total seguran\u00e7a e confian\u00e7a, o mecanismo de reservas integrado ajuda voc\u00ea a aumentar as vendas online e economizar tempo e dinheiro em 3<sup>terceiro<\/sup> integra\u00e7\u00f5es partid\u00e1rias. N\u00f3s cuidamos de tudo, para que voc\u00ea n\u00e3o precise.<\/p>\n\n\n\n<div class=\"is-layout-flex wp-container-3 wp-block-columns are-vertically-aligned-top\">\n<div class=\"is-layout-flow wp-block-column is-vertically-aligned-top\">\n<ul class=\"a1_tick-list\">\n<li>Conte\u00fado din\u00e2mico e em tempo real com total personaliza\u00e7\u00e3o e controle<\/li>\n\n\n\n<li>Fluxo de reserva flex\u00edvel com v\u00e1rias op\u00e7\u00f5es de configura\u00e7\u00e3o<\/li>\n\n\n\n<li>Planos de assentos com v\u00e1rias op\u00e7\u00f5es de exibi\u00e7\u00e3o e personaliza\u00e7\u00e3o<\/li>\n\n\n\n<li>Concess\u00f5es \u2013 ofere\u00e7a vendas adicionais f\u00e1ceis para os clientes e aumente seu gasto per capita<\/li>\n<\/ul>\n<\/div>\n\n\n\n<div class=\"is-layout-flow wp-block-column is-vertically-aligned-top\">\n<ul class=\"a1_tick-list\">\n<li>Processamento de pagamento, incluindo redirecionamento de pagamento e captura de cart\u00e3o, com suporte a v\u00e1rios provedores de pagamento<\/li>\n\n\n\n<li>Mantenha os clientes conectados com o Membership \u2013 incentive facilmente as inscri\u00e7\u00f5es e logins da conta do cliente<\/li>\n\n\n\n<li>Venda vales-presente e vouchers para aumentar seu alcance e receita<\/li>\n<\/ul>\n<\/div>\n<\/div>\n<\/div>\n<\/div><\/div>\n\n\n\n<div id=\"wp-block-themeisle-blocks-advanced-columns-7c8d14a1\" class=\"wp-block-themeisle-blocks-advanced-columns has-2-columns has-desktop-equal-layout has-tablet-equal-layout has-mobile-collapsedRows-layout has-vertical-unset feature-block\"><div class=\"wp-block-themeisle-blocks-advanced-columns-overlay\"><\/div><div class=\"innerblocks-wrap\">\n<div id=\"wp-block-themeisle-blocks-advanced-column-6480c00f\" class=\"wp-block-themeisle-blocks-advanced-column\" data-aos=\"fade-right\" data-aos-duration=\"1200\"><div class=\"wp-block-image is-style-default\">\n<figure class=\"alignleft size-full\"><img decoding=\"async\" src=\"https:\/\/admit-one.co.uk\/wp-content\/uploads\/2023\\01\/products_advanced-sales_mobile-app_result.webp\" alt=\"Aplicativo m\u00f3vel\" class=\"wp-image-12235\"\/><\/figure><\/div><\/div>\n\n\n\n<div id=\"wp-block-themeisle-blocks-advanced-column-ed341c03\" class=\"wp-block-themeisle-blocks-advanced-column\" data-aos=\"fade\" data-aos-duration=\"1200\">\n<h3 class=\"wp-block-heading\">Aplicativo m\u00f3vel<\/h3>\n\n\n\n<p>Aumente sua base de usu\u00e1rios com a melhor experi\u00eancia m\u00f3vel e permita que seus clientes planejem sua pr\u00f3xima viagem \u00e0 tela grande de qualquer lugar; assista a trailers, navegue pelos hor\u00e1rios de exibi\u00e7\u00e3o e reserve e acesse ingressos e extras, tudo no aplicativo personalizado do seu pr\u00f3prio Circuit. &nbsp;<\/p>\n\n\n\n<div class=\"is-layout-flex wp-container-6 wp-block-columns are-vertically-aligned-top\">\n<div class=\"is-layout-flow wp-block-column is-vertically-aligned-top\">\n<ul class=\"a1_tick-list\">\n<li>Aplicativos espec\u00edficos para Android e Apple<\/li>\n\n\n\n<li>Experi\u00eancia do usu\u00e1rio perfeita e consistente na Web e no aplicativo<\/li>\n\n\n\n<li>Armazenamento de ingressos e associa\u00e7\u00e3o\/fidelidade por meio de uma carteira pr\u00e1tica no aplicativo<\/li>\n\n\n\n<li>Crie oportunidades de upsell com op\u00e7\u00f5es de pr\u00e9-encomenda de F&amp;B<\/li>\n<\/ul>\n<\/div>\n\n\n\n<div class=\"is-layout-flow wp-block-column is-vertically-aligned-top\">\n<ul class=\"a1_tick-list\">\n<li>C\u00f3digos de barras do bilhete eletr\u00f4nico para entrada sem contato<\/li>\n\n\n\n<li>Notifica\u00e7\u00f5es push para mensagens e marketing no aplicativo<\/li>\n\n\n\n<li>Relat\u00f3rios anal\u00edticos<\/li>\n<\/ul>\n<\/div>\n<\/div>\n<\/div>\n<\/div><\/div>\n\n\n\n<div id=\"wp-block-themeisle-blocks-advanced-columns-adedf2b1\" class=\"wp-block-themeisle-blocks-advanced-columns has-2-columns has-desktop-equal-layout has-tablet-equal-layout has-mobile-collapsedRows-layout has-vertical-unset feature-block\"><div class=\"wp-block-themeisle-blocks-advanced-columns-overlay\"><\/div><div class=\"innerblocks-wrap\">\n<div id=\"wp-block-themeisle-blocks-advanced-column-c85a1b5a\" class=\"wp-block-themeisle-blocks-advanced-column\" data-aos=\"fade-right\" data-aos-duration=\"1200\"><div class=\"wp-block-image is-style-default\">\n<figure class=\"alignleft size-full\"><img decoding=\"async\" src=\"https:\/\/admit-one.co.uk\/wp-content\/uploads\/2023\/01\/products_advanced-sales_api_result.webp\" alt=\"API\" class=\"wp-image-12265\"\/><\/figure><\/div><\/div>\n\n\n\n<div id=\"wp-block-themeisle-blocks-advanced-column-d67ecbfb\" class=\"wp-block-themeisle-blocks-advanced-column\" data-aos=\"fade\" data-aos-duration=\"1200\">\n<h3 class=\"wp-block-heading\">APIs de sites de terceiros<\/h3>\n\n\n\n<p>Certifique-se de maximizar todos os canais de compra de ingressos e fornecer uma experi\u00eancia perfeita para os clientes com o Admit One&#039;s 3<sup>terceiro<\/sup> integra\u00e7\u00f5es de sites de festas. Com write-back em tempo real para o seu PDV, voc\u00ea pode garantir que a disponibilidade de ingressos e as op\u00e7\u00f5es de assentos sejam mantidas atualizadas.&nbsp;<\/p>\n\n\n\n<div class=\"is-layout-flex wp-container-9 wp-block-columns are-vertically-aligned-top\">\n<div class=\"is-layout-flow wp-block-column is-vertically-aligned-top\">\n<ul class=\"a1_tick-list\">\n<li>Filmes de suricatos&nbsp;&nbsp;<\/li>\n\n\n\n<li>viator&nbsp;<\/li>\n<\/ul>\n<\/div>\n\n\n\n<div class=\"is-layout-flow wp-block-column is-vertically-aligned-top\">\n<ul class=\"a1_tick-list\">\n<li>Qubica&nbsp;<\/li>\n\n\n\n<li>fandango<\/li>\n<\/ul>\n<\/div>\n<\/div>\n<\/div>\n<\/div><\/div>\n\n\n\n<div id=\"wp-block-themeisle-blocks-advanced-columns-01c14de9\" class=\"wp-block-themeisle-blocks-advanced-columns has-2-columns has-desktop-equal-layout has-tablet-collapsedRows-layout has-mobile-collapsedRows-layout has-vertical-unset call-to-action has-dark-bg\" data-aos=\"fade\" data-aos-duration=\"1200\"><div class=\"wp-block-themeisle-blocks-advanced-columns-overlay\"><\/div><div class=\"innerblocks-wrap\">\n<div id=\"wp-block-themeisle-blocks-advanced-column-aed9b021\" class=\"wp-block-themeisle-blocks-advanced-column\">\n<h2 class=\"wp-block-heading has-nv-site-bg-color has-text-color\">Pronto para come\u00e7ar com o Admit One?<\/h2>\n\n\n\n<p class=\"has-nv-site-bg-color has-text-color\">Vamos come\u00e7ar&nbsp;<i class=\"icon-forward\"><\/i><\/p>\n<\/div>\n\n\n\n<div id=\"wp-block-themeisle-blocks-advanced-column-01e8791e\" class=\"wp-block-themeisle-blocks-advanced-column column-right\">\n<h4 class=\"wp-block-heading has-neve-text-color-color has-text-color\">Ajude-nos a entender suas necessidades<\/h4>\n\n\n\n<p class=\"has-neve-text-color-color has-text-color\">Sabemos que cada neg\u00f3cio \u00e9 diferente. Quaisquer que sejam seus requisitos exclusivos, o Admit One est\u00e1 aqui para oferecer um sistema de PDV personalizado que funcione para voc\u00ea, a cada passo do caminho.<\/p>\n\n\n\n<ul class=\"a1_tick-list has-neve-text-color-color has-text-color\">\n<li>Flex\u00edvel<\/li>\n\n\n\n<li>Pre\u00e7os acess\u00edveis<\/li>\n\n\n\n<li>Escal\u00e1vel<\/li>\n<\/ul>\n\n\n\n<div id=\"wp-block-themeisle-blocks-button-group-5e1b0e52\" class=\"wp-block-themeisle-blocks-button-group wp-block-buttons\">\n<div id=\"wp-block-themeisle-blocks-button-bdaccee1\" class=\"wp-block-themeisle-blocks-button wp-block-button is-style-primary\"><a href=\"https:\/\/admit-one.eu\/pt\/entrar-em-contato\/\" target=\"_self\" rel=\"noopener noreferrer\" class=\"wp-block-button__link\"><span>Vamos conversar<\/span><\/a><\/div>\n<\/div>\n<\/div>\n<\/div><\/div>","protected":false},"excerpt":{"rendered":"","protected":false},"author":1,"featured_media":0,"parent":14814,"menu_order":0,"comment_status":"closed","ping_status":"closed","template":"","meta":{"om_disable_all_campaigns":false,"_uag_custom_page_level_css":"","_mi_skip_tracking":false,"neve_meta_sidebar":"default","neve_meta_container":"full-width","neve_meta_enable_content_width":"","neve_meta_content_width":0,"neve_meta_title_alignment":"center","neve_meta_author_avatar":"","neve_post_elements_order":"","neve_meta_disable_header":"","neve_meta_disable_footer":"","neve_meta_disable_title":"on","neve_meta_reading_time":"","_themeisle_gutenberg_block_has_review":false},"categories":[],"tags":[],"folder":[90],"aioseo_notices":[],"uagb_featured_image_src":{"full":false,"thumbnail":false,"medium":false,"medium_large":false,"large":false,"1536x1536":false,"2048x2048":false,"trp-custom-language-flag":false,"neve-blog":false,"xl":false,"xxl":false,"xxxl":false,"xxxxl":false,"xxxxxl":false},"uagb_author_info":{"display_name":"James Gibson","author_link":"https:\/\/admit-one.eu\/pt\/blog\/author\/james-gibson\/"},"uagb_comment_info":0,"uagb_excerpt":null,"_links":{"self":[{"href":"https:\/\/admit-one.eu\/pt\/wp-json\/wp\/v2\/pages\/11986"}],"collection":[{"href":"https:\/\/admit-one.eu\/pt\/wp-json\/wp\/v2\/pages"}],"about":[{"href":"https:\/\/admit-one.eu\/pt\/wp-json\/wp\/v2\/types\/page"}],"author":[{"embeddable":true,"href":"https:\/\/admit-one.eu\/pt\/wp-json\/wp\/v2\/users\/1"}],"replies":[{"embeddable":true,"href":"https:\/\/admit-one.eu\/pt\/wp-json\/wp\/v2\/comments?post=11986"}],"version-history":[{"count":7,"href":"https:\/\/admit-one.eu\/pt\/wp-json\/wp\/v2\/pages\/11986\/revisions"}],"predecessor-version":[{"id":15114,"href":"https:\/\/admit-one.eu\/pt\/wp-json\/wp\/v2\/pages\/11986\/revisions\/15114"}],"up":[{"embeddable":true,"href":"https:\/\/admit-one.eu\/pt\/wp-json\/wp\/v2\/pages\/14814"}],"wp:attachment":[{"href":"https:\/\/admit-one.eu\/pt\/wp-json\/wp\/v2\/media?parent=11986"}],"wp:term":[{"taxonomy":"category","embeddable":true,"href":"https:\/\/admit-one.eu\/pt\/wp-json\/wp\/v2\/categories?post=11986"},{"taxonomy":"post_tag","embeddable":true,"href":"https:\/\/admit-one.eu\/pt\/wp-json\/wp\/v2\/tags?post=11986"},{"taxonomy":"folder","embeddable":true,"href":"https:\/\/admit-one.eu\/pt\/wp-json\/wp\/v2\/folder?post=11986"}],"curies":[{"name":"wp","href":"https:\/\/api.w.org\/{rel}","templated":true}]}}