{"id":11984,"date":"2023-01-09T11:53:03","date_gmt":"2023-01-09T11:53:03","guid":{"rendered":"https:\/\/admit-one.co.uk\/?page_id=11984"},"modified":"2024-02-22T16:31:18","modified_gmt":"2024-02-22T16:31:18","slug":"back-office","status":"publish","type":"page","link":"https:\/\/admit-one.eu\/pt\/solucoes\/back-office\/","title":{"rendered":"Back Office"},"content":{"rendered":"<div id=\"wp-block-themeisle-blocks-advanced-columns-f3534b6f\" class=\"wp-block-themeisle-blocks-advanced-columns has-2-columns has-desktop-twoOne-layout has-tablet-equal-layout has-mobile-collapsedRows-layout has-reverse-columns-mobile has-vertical-unset has-vertical-undefined page-header\"><div class=\"wp-block-themeisle-blocks-advanced-columns-overlay\"><\/div><div class=\"innerblocks-wrap\">\n<div id=\"wp-block-themeisle-blocks-advanced-column-49529f4b\" class=\"wp-block-themeisle-blocks-advanced-column\" data-aos=\"fade\" data-aos-duration=\"1200\">\n<h1 class=\"wp-block-heading\">Back Office<\/h1>\n\n\n\n<p>Seu sistema de gerenciamento central permitindo que voc\u00ea configure e visualize todos os seus sites em um aplicativo f\u00e1cil de usar. Agende apresenta\u00e7\u00f5es, gerencie estoque, gere relat\u00f3rios, configure ingressos, gerencie esquemas de associa\u00e7\u00e3o, cart\u00f5es-presente, vouchers e muito mais... enquanto se comunica sem esfor\u00e7o com seus funcion\u00e1rios.&nbsp;<\/p>\n\n\n\n<div id=\"wp-block-themeisle-blocks-button-group-644da4ec\" class=\"wp-block-themeisle-blocks-button-group wp-block-buttons\">\n<div id=\"wp-block-themeisle-blocks-button-450150d0\" class=\"wp-block-themeisle-blocks-button wp-block-button is-style-primary\"><a href=\"https:\/\/www.admit-one.co.uk\/request-demo\/\" target=\"_self\" rel=\"noopener noreferrer\" class=\"wp-block-button__link\"><span>Solicite uma demonstra\u00e7\u00e3o <\/span><\/a><\/div>\n<\/div>\n<\/div>\n\n\n\n<div id=\"wp-block-themeisle-blocks-advanced-column-27c8e090\" class=\"wp-block-themeisle-blocks-advanced-column\" data-aos=\"fade-up\" data-aos-duration=\"1200\"><div class=\"wp-block-image is-style-default\">\n<figure class=\"aligncenter size-full\"><img decoding=\"async\" loading=\"lazy\" width=\"400\" height=\"400\" src=\"https:\/\/admit-one.co.uk\/wp-content\/uploads\/2023\/01\/image_local-and-ho_result.webp\" alt=\"Back Office\" class=\"wp-image-12263\" srcset=\"https:\/\/admit-one.eu\/wp-content\/uploads\/2023\/01\/image_local-and-ho_result.webp 400w, https:\/\/admit-one.eu\/wp-content\/uploads\/2023\/01\/image_local-and-ho_result-300x300.webp 300w, https:\/\/admit-one.eu\/wp-content\/uploads\/2023\/01\/image_local-and-ho_result-150x150.webp 150w, https:\/\/admit-one.eu\/wp-content\/uploads\/2023\/01\/image_local-and-ho_result-12x12.webp 12w\" sizes=\"(max-width: 400px) 100vw, 400px\" \/><\/figure><\/div><\/div>\n<\/div><\/div>\n\n\n\n<div id=\"wp-block-themeisle-blocks-advanced-columns-2074d916\" class=\"wp-block-themeisle-blocks-advanced-columns has-2-columns has-desktop-equal-layout has-tablet-equal-layout has-mobile-collapsedRows-layout has-vertical-unset feature-block\"><div class=\"wp-block-themeisle-blocks-advanced-columns-overlay\"><\/div><div class=\"innerblocks-wrap\">\n<div id=\"wp-block-themeisle-blocks-advanced-column-945ee192\" class=\"wp-block-themeisle-blocks-advanced-column\" data-aos=\"fade-right\" data-aos-duration=\"1200\"><div class=\"wp-block-image is-style-default\">\n<figure class=\"alignleft size-full\"><img decoding=\"async\" loading=\"lazy\" width=\"600\" height=\"600\" src=\"https:\/\/admit-one.co.uk\/wp-content\/uploads\/2023\/01\/products_local-and-ho_stock_result.webp\" alt=\"Gest\u00e3o de stocks\" class=\"wp-image-12253\" srcset=\"https:\/\/admit-one.eu\/wp-content\/uploads\/2023\/01\/products_local-and-ho_stock_result.webp 600w, https:\/\/admit-one.eu\/wp-content\/uploads\/2023\/01\/products_local-and-ho_stock_result-300x300.webp 300w, https:\/\/admit-one.eu\/wp-content\/uploads\/2023\/01\/products_local-and-ho_stock_result-150x150.webp 150w, https:\/\/admit-one.eu\/wp-content\/uploads\/2023\/01\/products_local-and-ho_stock_result-12x12.webp 12w, https:\/\/admit-one.eu\/wp-content\/uploads\/2023\/01\/products_local-and-ho_stock_result-400x400.webp 400w\" sizes=\"(max-width: 600px) 100vw, 600px\" \/><\/figure><\/div><\/div>\n\n\n\n<div id=\"wp-block-themeisle-blocks-advanced-column-03cad4bb\" class=\"wp-block-themeisle-blocks-advanced-column\" data-aos=\"fade\" data-aos-duration=\"1200\">\n<h3 class=\"wp-block-heading\">Gerente de Estoque<\/h3>\n\n\n\n<p>Simplifique a sua gest\u00e3o de stocks e reduza os custos de manuseamento com a solu\u00e7\u00e3o de stocks e entregas da Admit One.<\/p>\n\n\n\n<div class=\"is-layout-flex wp-container-3 wp-block-columns are-vertically-aligned-top\">\n<div class=\"is-layout-flow wp-block-column is-vertically-aligned-top\">\n<ul class=\"a1_tick-list\">\n<li>Levantamento e agrupamento de estoques<\/li>\n\n\n\n<li>Instru\u00e7\u00f5es do produto para permitir escolhas extras em itens de comida\/bebida<\/li>\n\n\n\n<li>Constru\u00e7\u00e3o de novos produtos<\/li>\n<\/ul>\n<\/div>\n\n\n\n<div class=\"is-layout-flow wp-block-column is-vertically-aligned-top\">\n<ul class=\"a1_tick-list\">\n<li>Ordens de compra<\/li>\n\n\n\n<li>Produtos combinados para upsells<\/li>\n\n\n\n<li>rastreamento de entrega<\/li>\n<\/ul>\n<\/div>\n<\/div>\n<\/div>\n<\/div><\/div>\n\n\n\n<div id=\"wp-block-themeisle-blocks-advanced-columns-7c8d14a1\" class=\"wp-block-themeisle-blocks-advanced-columns has-2-columns has-desktop-equal-layout has-tablet-equal-layout has-mobile-collapsedRows-layout has-vertical-unset feature-block\"><div class=\"wp-block-themeisle-blocks-advanced-columns-overlay\"><\/div><div class=\"innerblocks-wrap\">\n<div id=\"wp-block-themeisle-blocks-advanced-column-6480c00f\" class=\"wp-block-themeisle-blocks-advanced-column\" data-aos=\"fade-right\" data-aos-duration=\"1200\"><div class=\"wp-block-image is-style-default\">\n<figure class=\"alignleft size-full\"><img decoding=\"async\" loading=\"lazy\" width=\"600\" height=\"600\" src=\"https:\/\/admit-one.co.uk\/wp-content\/uploads\/2023\/01\/products_local-and-ho_event-manager_result.webp\" alt=\"Agendamento e Gerente de Eventos\" class=\"wp-image-12251\" srcset=\"https:\/\/admit-one.eu\/wp-content\/uploads\/2023\/01\/products_local-and-ho_event-manager_result.webp 600w, https:\/\/admit-one.eu\/wp-content\/uploads\/2023\/01\/products_local-and-ho_event-manager_result-300x300.webp 300w, https:\/\/admit-one.eu\/wp-content\/uploads\/2023\/01\/products_local-and-ho_event-manager_result-150x150.webp 150w, https:\/\/admit-one.eu\/wp-content\/uploads\/2023\/01\/products_local-and-ho_event-manager_result-12x12.webp 12w, https:\/\/admit-one.eu\/wp-content\/uploads\/2023\/01\/products_local-and-ho_event-manager_result-400x400.webp 400w\" sizes=\"(max-width: 600px) 100vw, 600px\" \/><\/figure><\/div><\/div>\n\n\n\n<div id=\"wp-block-themeisle-blocks-advanced-column-ed341c03\" class=\"wp-block-themeisle-blocks-advanced-column\" data-aos=\"fade\" data-aos-duration=\"1200\">\n<h3 class=\"wp-block-heading\">Agendamento e Gerente de Eventos<\/h3>\n\n\n\n<p>Economize tempo e facilite a vida agendando filmes para todos os circuitos de seu \u00fanico sistema centralizado. Configure facilmente eventos e apresenta\u00e7\u00f5es recorrentes e individuais enquanto automatiza as pol\u00edticas de planejamento e as regras dos bastidores.<\/p>\n\n\n\n<div class=\"is-layout-flex wp-container-6 wp-block-columns are-vertically-aligned-top\">\n<div class=\"is-layout-flow wp-block-column is-vertically-aligned-top\">\n<ul class=\"a1_tick-list\">\n<li>Admiss\u00e3o geral e c\u00f3digos promocionais<\/li>\n\n\n\n<li>Aluguel de evento privado<\/li>\n\n\n\n<li>Per\u00edodos de agendamento<\/li>\n<\/ul>\n<\/div>\n\n\n\n<div class=\"is-layout-flow wp-block-column is-vertically-aligned-top\">\n<ul class=\"a1_tick-list\">\n<li>Designer de tickets e recibos<\/li>\n\n\n\n<li>Cart\u00f5es de pre\u00e7os de ingressos<\/li>\n\n\n\n<li>Planos de Assentos<\/li>\n<\/ul>\n<\/div>\n<\/div>\n<\/div>\n<\/div><\/div>\n\n\n\n<div id=\"wp-block-themeisle-blocks-advanced-columns-2fdd48c5\" class=\"wp-block-themeisle-blocks-advanced-columns has-2-columns has-desktop-equal-layout has-tablet-equal-layout has-mobile-collapsedRows-layout has-vertical-unset feature-block\"><div class=\"wp-block-themeisle-blocks-advanced-columns-overlay\"><\/div><div class=\"innerblocks-wrap\">\n<div id=\"wp-block-themeisle-blocks-advanced-column-16b7b8fc\" class=\"wp-block-themeisle-blocks-advanced-column\" data-aos=\"fade-right\" data-aos-duration=\"1200\"><div class=\"wp-block-image is-style-default\">\n<figure class=\"alignleft size-full\"><img decoding=\"async\" src=\"https:\/\/admit-one.co.uk\/wp-content\/uploads\/2023\\01\/products_local-and-ho_head-office_result.webp\" alt=\"Administrador da Sede\" class=\"wp-image-12252\"\/><\/figure><\/div><\/div>\n\n\n\n<div id=\"wp-block-themeisle-blocks-advanced-column-4cd9b594\" class=\"wp-block-themeisle-blocks-advanced-column\" data-aos=\"fade\" data-aos-duration=\"1200\">\n<h3 class=\"wp-block-heading\">Gerente da Sede<\/h3>\n\n\n\n<p>Padronize as opera\u00e7\u00f5es e mantenha a consist\u00eancia com f\u00e1cil configura\u00e7\u00e3o de sites usando um sistema centralizado, mantendo a liberdade e a flexibilidade de configura\u00e7\u00f5es localizadas espec\u00edficas.<\/p>\n\n\n\n<p>Rastreie todos os registros financeiros, gerencie contas de usu\u00e1rios, controle terminais remotamente e configure esquemas de fidelidade, tudo a partir de um hub principal facilmente controlado.<\/p>\n\n\n\n<div class=\"is-layout-flex wp-container-9 wp-block-columns are-vertically-aligned-top\">\n<div class=\"is-layout-flow wp-block-column is-vertically-aligned-top\">\n<ul class=\"a1_tick-list\">\n<li>Gerenciamento de v\u00e1rios locais<\/li>\n\n\n\n<li>Fun\u00e7\u00f5es espec\u00edficas do usu\u00e1rio<\/li>\n\n\n\n<li>Gerenciamento de caixa e rastreamento de transa\u00e7\u00f5es<\/li>\n<\/ul>\n<\/div>\n\n\n\n<div class=\"is-layout-flow wp-block-column is-vertically-aligned-top\">\n<ul class=\"a1_tick-list\">\n<li>Faturas, pagamentos e extratos<\/li>\n\n\n\n<li>Base de dados de clientes e gest\u00e3o de fideliza\u00e7\u00e3o<\/li>\n\n\n\n<li>Op\u00e7\u00f5es de relat\u00f3rios padr\u00e3o e personalizados<\/li>\n<\/ul>\n<\/div>\n<\/div>\n<\/div>\n<\/div><\/div>\n\n\n\n<div id=\"wp-block-themeisle-blocks-advanced-columns-2d05bb4c\" class=\"wp-block-themeisle-blocks-advanced-columns has-2-columns has-desktop-equal-layout has-tablet-equal-layout has-mobile-collapsedRows-layout has-vertical-unset feature-block\"><div class=\"wp-block-themeisle-blocks-advanced-columns-overlay\"><\/div><div class=\"innerblocks-wrap\">\n<div id=\"wp-block-themeisle-blocks-advanced-column-2a5f445e\" class=\"wp-block-themeisle-blocks-advanced-column\" data-aos=\"fade-right\" data-aos-duration=\"1200\"><div class=\"wp-block-image is-style-default\">\n<figure class=\"alignleft size-full\"><img decoding=\"async\" loading=\"lazy\" width=\"600\" height=\"600\" src=\"https:\/\/admit-one.co.uk\/wp-content\/uploads\/2023\/01\/products_back-office_operational-reports_result.webp\" alt=\"Relat\u00f3rios Operacionais\" class=\"wp-image-12495\" srcset=\"https:\/\/admit-one.eu\/wp-content\/uploads\/2023\/01\/products_back-office_operational-reports_result.webp 600w, https:\/\/admit-one.eu\/wp-content\/uploads\/2023\/01\/products_back-office_operational-reports_result-300x300.webp 300w, https:\/\/admit-one.eu\/wp-content\/uploads\/2023\/01\/products_back-office_operational-reports_result-150x150.webp 150w, https:\/\/admit-one.eu\/wp-content\/uploads\/2023\/01\/products_back-office_operational-reports_result-12x12.webp 12w, https:\/\/admit-one.eu\/wp-content\/uploads\/2023\/01\/products_back-office_operational-reports_result-400x400.webp 400w\" sizes=\"(max-width: 600px) 100vw, 600px\" \/><\/figure><\/div><\/div>\n\n\n\n<div id=\"wp-block-themeisle-blocks-advanced-column-d6dd0e4f\" class=\"wp-block-themeisle-blocks-advanced-column\" data-aos=\"fade\" data-aos-duration=\"1200\">\n<h3 class=\"wp-block-heading\">Relat\u00f3rios Operacionais<\/h3>\n\n\n\n<p>Como parte essencial da an\u00e1lise do desempenho do seu circuito ou local, nosso conjunto padr\u00e3o de relat\u00f3rios fornece as informa\u00e7\u00f5es precisas de que voc\u00ea precisa para entender todas as \u00e1reas operacionais do seu neg\u00f3cio, em um formato de f\u00e1cil acesso e leitura. Tamb\u00e9m oferecemos relat\u00f3rios personalizados para atender \u00e0s suas necessidades individuais, que nossa equipe ter\u00e1 prazer em fornecer como um pacote adicional mediante solicita\u00e7\u00e3o.&nbsp;<\/p>\n\n\n\n<div class=\"is-layout-flex wp-container-12 wp-block-columns are-vertically-aligned-top\">\n<div class=\"is-layout-flow wp-block-column is-vertically-aligned-top\">\n<ul class=\"a1_tick-list\">\n<li>Relat\u00f3rios do usu\u00e1rio para rastrear m\u00e9tricas de pessoal&nbsp;<\/li>\n\n\n\n<li>Relat\u00f3rios de estoque para uma gest\u00e3o de estoque eficiente&nbsp;<\/li>\n\n\n\n<li>Relat\u00f3rios de caixa com trilha de auditoria completa de transa\u00e7\u00f5es para reconcilia\u00e7\u00e3o segura de vendas&nbsp;<\/li>\n<\/ul>\n<\/div>\n\n\n\n<div class=\"is-layout-flow wp-block-column is-vertically-aligned-top\">\n<ul class=\"a1_tick-list\">\n<li>Site Reports para uma vis\u00e3o hol\u00edstica de cada um dos seus locais&nbsp;<\/li>\n\n\n\n<li>Relat\u00f3rios de desempenho e atendimento para ajudar a gerenciar o agendamento&nbsp;&nbsp;<\/li>\n<\/ul>\n<\/div>\n<\/div>\n<\/div>\n<\/div><\/div>\n\n\n\n<div id=\"wp-block-themeisle-blocks-advanced-columns-3f859f01\" class=\"wp-block-themeisle-blocks-advanced-columns has-2-columns has-desktop-equal-layout has-tablet-equal-layout has-mobile-collapsedRows-layout has-vertical-unset feature-block\"><div class=\"wp-block-themeisle-blocks-advanced-columns-overlay\"><\/div><div class=\"innerblocks-wrap\">\n<div id=\"wp-block-themeisle-blocks-advanced-column-b05911cf\" class=\"wp-block-themeisle-blocks-advanced-column\" data-aos=\"fade-right\" data-aos-duration=\"1200\"><div class=\"wp-block-image is-style-default\">\n<figure class=\"alignleft size-full\"><img decoding=\"async\" loading=\"lazy\" width=\"600\" height=\"600\" src=\"https:\/\/admit-one.co.uk\/wp-content\/uploads\/2023\/01\/products_local-and-ho_analytics_result.webp\" alt=\"An\u00e1lise\" class=\"wp-image-12496\" srcset=\"https:\/\/admit-one.eu\/wp-content\/uploads\/2023\/01\/products_local-and-ho_analytics_result.webp 600w, https:\/\/admit-one.eu\/wp-content\/uploads\/2023\/01\/products_local-and-ho_analytics_result-300x300.webp 300w, https:\/\/admit-one.eu\/wp-content\/uploads\/2023\/01\/products_local-and-ho_analytics_result-150x150.webp 150w, https:\/\/admit-one.eu\/wp-content\/uploads\/2023\/01\/products_local-and-ho_analytics_result-12x12.webp 12w, https:\/\/admit-one.eu\/wp-content\/uploads\/2023\/01\/products_local-and-ho_analytics_result-400x400.webp 400w\" sizes=\"(max-width: 600px) 100vw, 600px\" \/><\/figure><\/div><\/div>\n\n\n\n<div id=\"wp-block-themeisle-blocks-advanced-column-9551051d\" class=\"wp-block-themeisle-blocks-advanced-column\" data-aos=\"fade\" data-aos-duration=\"1200\">\n<h3 class=\"wp-block-heading\">An\u00e1lise<\/h3>\n\n\n\n<p>Quando sua empresa precisa de mais do que apenas relat\u00f3rios operacionais, nossa API flex\u00edvel permite que voc\u00ea alimente diretamente seu data warehouse ou ferramentas de BI existentes. Como alternativa, voc\u00ea pode aproveitar ao m\u00e1ximo nossa profunda integra\u00e7\u00e3o com o Insights dos l\u00edderes do setor, Showtime Analytics, para tomadas de decis\u00e3o baseadas em dados em tempo real para otimizar o desempenho de seus neg\u00f3cios.&nbsp;<\/p>\n\n\n\n<div class=\"is-layout-flex wp-container-15 wp-block-columns are-vertically-aligned-top\">\n<div class=\"is-layout-flow wp-block-column is-vertically-aligned-top\">\n<ul class=\"a1_tick-list\">\n<li>Emiss\u00e3o de bilhetes, Concess\u00f5es, Ocupa\u00e7\u00e3o, Pessoal, Fraude, Telas&nbsp;<\/li>\n\n\n\n<li>Detalhamento, Marcador, Exportar, Comparar, Tend\u00eancia&nbsp;<\/li>\n<\/ul>\n<\/div>\n\n\n\n<div class=\"is-layout-flow wp-block-column is-vertically-aligned-top\">\n<ul class=\"a1_tick-list\">\n<li>Mapeamento autom\u00e1tico do t\u00edtulo do filme para IDs globais da Comscore&nbsp;<\/li>\n\n\n\n<li>Defina suas pr\u00f3prias m\u00e9tricas de n\u00edvel de circuito e categoriza\u00e7\u00e3o de estoque&nbsp;<\/li>\n<\/ul>\n<\/div>\n<\/div>\n<\/div>\n<\/div><\/div>\n\n\n\n<div id=\"wp-block-themeisle-blocks-advanced-columns-01c14de9\" class=\"wp-block-themeisle-blocks-advanced-columns has-2-columns has-desktop-equal-layout has-tablet-collapsedRows-layout has-mobile-collapsedRows-layout has-vertical-unset call-to-action has-dark-bg\" data-aos=\"fade\" data-aos-duration=\"1200\"><div class=\"wp-block-themeisle-blocks-advanced-columns-overlay\"><\/div><div class=\"innerblocks-wrap\">\n<div id=\"wp-block-themeisle-blocks-advanced-column-aed9b021\" class=\"wp-block-themeisle-blocks-advanced-column\">\n<h2 class=\"wp-block-heading has-nv-site-bg-color has-text-color\">Pronto para come\u00e7ar com o Admit One?<\/h2>\n\n\n\n<p class=\"has-nv-site-bg-color has-text-color\">Vamos come\u00e7ar&nbsp;<i class=\"icon-forward\"><\/i><\/p>\n<\/div>\n\n\n\n<div id=\"wp-block-themeisle-blocks-advanced-column-01e8791e\" class=\"wp-block-themeisle-blocks-advanced-column column-right\">\n<h4 class=\"wp-block-heading has-neve-text-color-color has-text-color\">Ajude-nos a entender suas necessidades<\/h4>\n\n\n\n<p class=\"has-neve-text-color-color has-text-color\">Sabemos que cada neg\u00f3cio \u00e9 diferente. Quaisquer que sejam seus requisitos exclusivos, o Admit One est\u00e1 aqui para oferecer um sistema de PDV personalizado que funcione para voc\u00ea, a cada passo do caminho.<\/p>\n\n\n\n<ul class=\"a1_tick-list has-neve-text-color-color has-text-color\">\n<li>Flex\u00edvel<\/li>\n\n\n\n<li>Pre\u00e7os acess\u00edveis<\/li>\n\n\n\n<li>Escal\u00e1vel<\/li>\n<\/ul>\n\n\n\n<div id=\"wp-block-themeisle-blocks-button-group-5e1b0e52\" class=\"wp-block-themeisle-blocks-button-group wp-block-buttons\">\n<div id=\"wp-block-themeisle-blocks-button-bdaccee1\" class=\"wp-block-themeisle-blocks-button wp-block-button is-style-primary\"><a href=\"https:\/\/admit-one.eu\/pt\/entrar-em-contato\/\" target=\"_self\" rel=\"noopener noreferrer\" class=\"wp-block-button__link\"><span>Vamos conversar<\/span><\/a><\/div>\n<\/div>\n<\/div>\n<\/div><\/div>","protected":false},"excerpt":{"rendered":"","protected":false},"author":1,"featured_media":0,"parent":14814,"menu_order":0,"comment_status":"closed","ping_status":"closed","template":"","meta":{"om_disable_all_campaigns":false,"_uag_custom_page_level_css":"","_mi_skip_tracking":false,"neve_meta_sidebar":"","neve_meta_container":"full-width","neve_meta_enable_content_width":"off","neve_meta_content_width":70,"neve_meta_title_alignment":"center","neve_meta_author_avatar":"","neve_post_elements_order":"","neve_meta_disable_header":"","neve_meta_disable_footer":"","neve_meta_disable_title":"on","neve_meta_reading_time":"","_themeisle_gutenberg_block_has_review":false},"categories":[],"tags":[],"folder":[90],"aioseo_notices":[],"uagb_featured_image_src":{"full":false,"thumbnail":false,"medium":false,"medium_large":false,"large":false,"1536x1536":false,"2048x2048":false,"trp-custom-language-flag":false,"neve-blog":false,"xl":false,"xxl":false,"xxxl":false,"xxxxl":false,"xxxxxl":false},"uagb_author_info":{"display_name":"James Gibson","author_link":"https:\/\/admit-one.eu\/pt\/blog\/author\/james-gibson\/"},"uagb_comment_info":0,"uagb_excerpt":null,"_links":{"self":[{"href":"https:\/\/admit-one.eu\/pt\/wp-json\/wp\/v2\/pages\/11984"}],"collection":[{"href":"https:\/\/admit-one.eu\/pt\/wp-json\/wp\/v2\/pages"}],"about":[{"href":"https:\/\/admit-one.eu\/pt\/wp-json\/wp\/v2\/types\/page"}],"author":[{"embeddable":true,"href":"https:\/\/admit-one.eu\/pt\/wp-json\/wp\/v2\/users\/1"}],"replies":[{"embeddable":true,"href":"https:\/\/admit-one.eu\/pt\/wp-json\/wp\/v2\/comments?post=11984"}],"version-history":[{"count":8,"href":"https:\/\/admit-one.eu\/pt\/wp-json\/wp\/v2\/pages\/11984\/revisions"}],"predecessor-version":[{"id":15113,"href":"https:\/\/admit-one.eu\/pt\/wp-json\/wp\/v2\/pages\/11984\/revisions\/15113"}],"up":[{"embeddable":true,"href":"https:\/\/admit-one.eu\/pt\/wp-json\/wp\/v2\/pages\/14814"}],"wp:attachment":[{"href":"https:\/\/admit-one.eu\/pt\/wp-json\/wp\/v2\/media?parent=11984"}],"wp:term":[{"taxonomy":"category","embeddable":true,"href":"https:\/\/admit-one.eu\/pt\/wp-json\/wp\/v2\/categories?post=11984"},{"taxonomy":"post_tag","embeddable":true,"href":"https:\/\/admit-one.eu\/pt\/wp-json\/wp\/v2\/tags?post=11984"},{"taxonomy":"folder","embeddable":true,"href":"https:\/\/admit-one.eu\/pt\/wp-json\/wp\/v2\/folder?post=11984"}],"curies":[{"name":"wp","href":"https:\/\/api.w.org\/{rel}","templated":true}]}}