{"id":11808,"date":"2023-01-04T15:33:17","date_gmt":"2023-01-04T15:33:17","guid":{"rendered":"https:\/\/admit-one.co.uk\/?page_id=11808"},"modified":"2026-03-12T15:35:55","modified_gmt":"2026-03-12T15:35:55","slug":"lobby","status":"publish","type":"page","link":"https:\/\/admit-one.eu\/pt\/solucoes\/salao\/","title":{"rendered":"Sal\u00e3o"},"content":{"rendered":"<div id=\"wp-block-themeisle-blocks-advanced-columns-f3534b6f\" class=\"wp-block-themeisle-blocks-advanced-columns has-2-columns has-desktop-twoOne-layout has-tablet-equal-layout has-mobile-collapsedRows-layout has-reverse-columns-mobile has-vertical-unset has-vertical-undefined page-header\"><div class=\"wp-block-themeisle-blocks-advanced-columns-overlay\"><\/div><div class=\"innerblocks-wrap\">\n<div id=\"wp-block-themeisle-blocks-advanced-column-49529f4b\" class=\"wp-block-themeisle-blocks-advanced-column\" data-aos=\"fade\" data-aos-duration=\"1200\">\n<h1 class=\"wp-block-heading\">Sal\u00e3o<\/h1>\n\n\n\n<p>Ofere\u00e7a a melhor experi\u00eancia ao cliente com seu pr\u00f3prio lobby automatizado. F\u00e1cil autoatendimento para clientes e ferramentas operacionais intuitivas para a equipe, o Admit One oferece total flexibilidade no layout do local e no gerenciamento de clientes.<\/p>\n\n\n\n<div id=\"wp-block-themeisle-blocks-button-group-74f45ab7\" class=\"wp-block-themeisle-blocks-button-group wp-block-buttons\">\n<div id=\"wp-block-themeisle-blocks-button-6461b3a4\" class=\"wp-block-themeisle-blocks-button wp-block-button is-style-primary\"><a href=\"https:\/\/www.admit-one.co.uk\/request-demo\/\" target=\"_self\" rel=\"noopener noreferrer\" class=\"wp-block-button__link\"><span>Solicite uma demonstra\u00e7\u00e3o <\/span><\/a><\/div>\n<\/div>\n<\/div>\n\n\n\n<div id=\"wp-block-themeisle-blocks-advanced-column-27c8e090\" class=\"wp-block-themeisle-blocks-advanced-column\" data-aos=\"fade-up\" data-aos-duration=\"1200\"><div class=\"wp-block-image is-style-default\">\n<figure class=\"aligncenter size-full\"><img decoding=\"async\" src=\"https:\/\/admit-one.co.uk\/wp-content\/uploads\/2023\/01\/image_lobby_result-1.webp\" alt=\"Sal\u00e3o\" class=\"wp-image-12117\"\/><\/figure><\/div><\/div>\n<\/div><\/div>\n\n\n\n<div id=\"wp-block-themeisle-blocks-advanced-columns-1fb622c0\" class=\"wp-block-themeisle-blocks-advanced-columns has-1-columns has-desktop-equal-layout has-tablet-equal-layout has-mobile-equal-layout has-vertical-unset\"><div class=\"wp-block-themeisle-blocks-advanced-columns-overlay\"><\/div><div class=\"innerblocks-wrap\">\n<div id=\"wp-block-themeisle-blocks-advanced-column-3cab767c\" class=\"wp-block-themeisle-blocks-advanced-column\">\n<div style=\"height:1px\" aria-hidden=\"true\" id=\"self-service-kiosks\" class=\"wp-block-spacer id-spacer\"><\/div>\n<\/div>\n<\/div><\/div>\n\n\n\n<div id=\"wp-block-themeisle-blocks-advanced-columns-2074d916\" class=\"wp-block-themeisle-blocks-advanced-columns has-2-columns has-desktop-equal-layout has-tablet-oneTwo-layout has-mobile-collapsedRows-layout has-vertical-unset feature-block\"><div class=\"wp-block-themeisle-blocks-advanced-columns-overlay\"><\/div><div class=\"innerblocks-wrap\">\n<div id=\"wp-block-themeisle-blocks-advanced-column-945ee192\" class=\"wp-block-themeisle-blocks-advanced-column\" data-aos=\"fade-right\" data-aos-duration=\"1200\"><div class=\"wp-block-image is-style-default\">\n<figure class=\"alignleft size-full\"><img decoding=\"async\" src=\"https:\/\/admit-one.co.uk\/wp-content\/uploads\/2023\\01\/products_lobby_kiosk_result.webp\" alt=\"Quiosque\" class=\"wp-image-12103\"\/><\/figure><\/div><\/div>\n\n\n\n<div id=\"wp-block-themeisle-blocks-advanced-column-03cad4bb\" class=\"wp-block-themeisle-blocks-advanced-column\" data-aos=\"fade\" data-aos-duration=\"1200\">\n<h3 class=\"wp-block-heading\">Quiosques de Autoatendimento<\/h3>\n\n\n\n<p>Otimize o fluxo de tr\u00e1fego e gere vendas eficientes de ingressos e concess\u00f5es com nossos quiosques de autoatendimento.<\/p>\n\n\n\n<div class=\"is-layout-flex wp-container-3 wp-block-columns are-vertically-aligned-top\">\n<div class=\"is-layout-flow wp-block-column is-vertically-aligned-top\">\n<ul class=\"a1_tick-list\">\n<li>Compra de ingressos e concess\u00f5es no local<\/li>\n\n\n\n<li>Recolha de bilhetes pr\u00e9-reservados e concess\u00f5es<\/li>\n\n\n\n<li>In-built pin pad and scanner supporting gift cards, QR codes or barcodes<\/li>\n<\/ul>\n<\/div>\n\n\n\n<div class=\"is-layout-flow wp-block-column is-vertically-aligned-top\">\n<ul class=\"a1_tick-list\">\n<li>Hor\u00e1rios de exibi\u00e7\u00e3o ao vivo e exibi\u00e7\u00e3o de imagem de p\u00f4ster<\/li>\n\n\n\n<li>Gama de hardware baseado em Windows, incluindo quiosques aut\u00f4nomos de grande escala e m\u00e1quinas menores de autoatendimento baseadas em mesa<\/li>\n\n\n\n<li>Experi\u00eancia consistente e cont\u00ednua em todos os canais de compra de ingressos, incluindo quiosque, Web, aplicativos, autoatendimento<\/li>\n<\/ul>\n<\/div>\n<\/div>\n<\/div>\n<\/div><\/div>\n\n\n\n<div id=\"wp-block-themeisle-blocks-advanced-columns-c05b25a2\" class=\"wp-block-themeisle-blocks-advanced-columns has-1-columns has-desktop-equal-layout has-tablet-equal-layout has-mobile-equal-layout has-vertical-unset\"><div class=\"wp-block-themeisle-blocks-advanced-columns-overlay\"><\/div><div class=\"innerblocks-wrap\">\n<div id=\"wp-block-themeisle-blocks-advanced-column-3a15c499\" class=\"wp-block-themeisle-blocks-advanced-column\">\n<div style=\"height:1px\" aria-hidden=\"true\" id=\"point-of-sale\" class=\"wp-block-spacer id-spacer\"><\/div>\n<\/div>\n<\/div><\/div>\n\n\n\n<div id=\"wp-block-themeisle-blocks-advanced-columns-c27efc0f\" class=\"wp-block-themeisle-blocks-advanced-columns has-2-columns has-desktop-equal-layout has-tablet-oneTwo-layout has-mobile-collapsedRows-layout has-vertical-unset feature-block\"><div class=\"wp-block-themeisle-blocks-advanced-columns-overlay\"><\/div><div class=\"innerblocks-wrap\">\n<div id=\"wp-block-themeisle-blocks-advanced-column-9b4ef16b\" class=\"wp-block-themeisle-blocks-advanced-column\" data-aos=\"fade-right\" data-aos-duration=\"1200\"><div class=\"wp-block-image is-style-default\">\n<figure class=\"alignleft size-full\"><img decoding=\"async\" src=\"https:\/\/admit-one.co.uk\/wp-content\/uploads\/2023\/01\/products_lobby_pos_result.webp\" alt=\"Ponto de venda\" class=\"wp-image-12104\"\/><\/figure><\/div><\/div>\n\n\n\n<div id=\"wp-block-themeisle-blocks-advanced-column-ed341c03\" class=\"wp-block-themeisle-blocks-advanced-column\" data-aos=\"fade\" data-aos-duration=\"1200\">\n<h3 class=\"wp-block-heading\">Ponto de venda<\/h3>\n\n\n\n<p>Nosso Ponto de Venda (PDV) \u00e9 seu principal canal de vendas para seus clientes. com software rico em recursos e confi\u00e1vel combinado com hardware moderno e robusto, nossa solu\u00e7\u00e3o personaliz\u00e1vel fornece um sistema ponta a ponta fluido e intuitivo para atendimento ao cliente superior.<\/p>\n\n\n\n<div class=\"is-layout-flex wp-container-6 wp-block-columns are-vertically-aligned-top\">\n<div class=\"is-layout-flow wp-block-column is-vertically-aligned-top\">\n<ul class=\"a1_tick-list\">\n<li>Venda r\u00e1pida de ingressos e concess\u00f5es<\/li>\n\n\n\n<li>Gerenciamento de estoque integrado para efici\u00eancia operacional<\/li>\n\n\n\n<li>Seamless integration with Membership\/Loyalty schemes facilitating Gift Cards, Vouchers, Discounts and Complimentary Tickets<\/li>\n<\/ul>\n<\/div>\n\n\n\n<div class=\"is-layout-flow wp-block-column is-vertically-aligned-top\">\n<ul class=\"a1_tick-list\">\n<li>Incremente seu servi\u00e7o no local com op\u00e7\u00f5es de pagamento estendidas, como Split-Bill, Bar Tab e Exchange Order<\/li>\n\n\n\n<li>Gerencie a equipe e otimize a efici\u00eancia do caixa com modo de treinamento totalmente funcional, gerente de intervalo e perfis de fun\u00e7\u00e3o<\/li>\n\n\n\n<li>Ampla gama de op\u00e7\u00f5es de hardware, incluindo novos e retrofitting<\/li>\n<\/ul>\n<\/div>\n<\/div>\n<\/div>\n<\/div><\/div>\n\n\n\n<div id=\"wp-block-themeisle-blocks-advanced-columns-2fdd48c5\" class=\"wp-block-themeisle-blocks-advanced-columns has-2-columns has-desktop-equal-layout has-tablet-oneTwo-layout has-mobile-collapsedRows-layout has-vertical-unset feature-block\"><div class=\"wp-block-themeisle-blocks-advanced-columns-overlay\"><\/div><div class=\"innerblocks-wrap\">\n<div id=\"wp-block-themeisle-blocks-advanced-column-16b7b8fc\" class=\"wp-block-themeisle-blocks-advanced-column\" data-aos=\"fade-right\" data-aos-duration=\"1200\"><div class=\"wp-block-image is-style-default\">\n<figure class=\"alignleft size-full\"><img decoding=\"async\" src=\"https:\/\/admit-one.co.uk\/wp-content\/uploads\/2023\\01\/products_lobby_digital-signage_result.webp\" alt=\"Assinatura digital\" class=\"wp-image-12101\"\/><\/figure><\/div><\/div>\n\n\n\n<div id=\"wp-block-themeisle-blocks-advanced-column-4cd9b594\" class=\"wp-block-themeisle-blocks-advanced-column\" data-aos=\"fade\" data-aos-duration=\"1200\">\n<h3 class=\"wp-block-heading\">Assinatura digital<\/h3>\n\n\n\n<p>Atraia os clientes com exibi\u00e7\u00f5es visuais impressionantes em todos os pontos de sinaliza\u00e7\u00e3o digital, com conte\u00fado totalmente personaliz\u00e1vel, informa\u00e7\u00f5es em tempo real e m\u00eddia din\u00e2mica. Seja usando a solu\u00e7\u00e3o pronta para uso do Admit One ou conectando-se \u00e0s suas ferramentas de sinaliza\u00e7\u00e3o digital existentes por meio de nossas APIs avan\u00e7adas, oferecemos cobertura para todos os cen\u00e1rios.&nbsp;<\/p>\n\n\n\n<div class=\"is-layout-flex wp-container-9 wp-block-columns are-vertically-aligned-top\">\n<div class=\"is-layout-flow wp-block-column is-vertically-aligned-top\">\n<ul class=\"a1_tick-list\">\n<li>Showtimes, Trailers, Countdowns, Takeovers, Menu Boards, Order Status e muito mais<\/li>\n\n\n\n<li>Personalize o conte\u00fado para se adequar a qualquer tela digital em seu cinema<\/li>\n<\/ul>\n<\/div>\n\n\n\n<div class=\"is-layout-flow wp-block-column is-vertically-aligned-top\">\n<ul class=\"a1_tick-list\">\n<li>Pre\u00e7os din\u00e2micos de produtos por meio da integra\u00e7\u00e3o com A1 Stock<\/li>\n\n\n\n<li>Recupera\u00e7\u00e3o autom\u00e1tica de conte\u00fado, o que significa que n\u00e3o h\u00e1 mais atualiza\u00e7\u00f5es manuais<\/li>\n<\/ul>\n<\/div>\n<\/div>\n<\/div>\n<\/div><\/div>\n\n\n\n<div id=\"wp-block-themeisle-blocks-advanced-columns-44fa43b9\" class=\"wp-block-themeisle-blocks-advanced-columns has-2-columns has-desktop-equal-layout has-tablet-oneTwo-layout has-mobile-collapsedRows-layout has-vertical-unset feature-block\"><div class=\"wp-block-themeisle-blocks-advanced-columns-overlay\"><\/div><div class=\"innerblocks-wrap\">\n<div id=\"wp-block-themeisle-blocks-advanced-column-55f282f4\" class=\"wp-block-themeisle-blocks-advanced-column\" data-aos=\"fade-right\" data-aos-duration=\"1200\"><div class=\"wp-block-image is-style-default\">\n<figure class=\"alignleft size-full\"><img decoding=\"async\" src=\"https:\/\/admit-one.co.uk\/wp-content\/uploads\/2023\/01\/products_lobby_usher-tools_result.webp\" alt=\"Ferramentas de Usher\" class=\"wp-image-12105\"\/><\/figure><\/div><\/div>\n\n\n\n<div id=\"wp-block-themeisle-blocks-advanced-column-01f29e66\" class=\"wp-block-themeisle-blocks-advanced-column\" data-aos=\"fade\" data-aos-duration=\"1200\">\n<h3 class=\"wp-block-heading\">Ferramentas de Usher<\/h3>\n\n\n\n<p>Forne\u00e7a um servi\u00e7o mais r\u00e1pido e seguro e mantenha seus funcion\u00e1rios atualizados com o aplicativo A1 Usher &#039;Scan and Go&#039;. Este aplicativo baseado em Android est\u00e1 dispon\u00edvel para uso na maioria dos telefones e tablets Android, o que significa que voc\u00ea n\u00e3o est\u00e1 restrito aos principais dispositivos Datalogic\/Honeywell.<\/p>\n\n\n\n<div class=\"is-layout-flex wp-container-12 wp-block-columns are-vertically-aligned-top\">\n<div class=\"is-layout-flow wp-block-column is-vertically-aligned-top\">\n<ul class=\"a1_tick-list\">\n<li>Valida\u00e7\u00e3o de ingresso<\/li>\n\n\n\n<li>Hall e informa\u00e7\u00f5es de desempenho<\/li>\n\n\n\n<li>Suporta QR e c\u00f3digos de barras<\/li>\n<\/ul>\n<\/div>\n\n\n\n<div class=\"is-layout-flow wp-block-column is-vertically-aligned-top\">\n<ul class=\"a1_tick-list\">\n<li>Configura\u00e7\u00f5es do Usher<\/li>\n\n\n\n<li>Gerar arquivos de registro<\/li>\n\n\n\n<li>Facilidade de login\/logout e perfis de usu\u00e1rio para maior seguran\u00e7a<\/li>\n<\/ul>\n<\/div>\n<\/div>\n<\/div>\n<\/div><\/div>\n\n\n\n<div id=\"wp-block-themeisle-blocks-advanced-columns-3ecc4437\" class=\"wp-block-themeisle-blocks-advanced-columns has-2-columns has-desktop-equal-layout has-tablet-oneTwo-layout has-mobile-collapsedRows-layout has-vertical-unset feature-block\"><div class=\"wp-block-themeisle-blocks-advanced-columns-overlay\"><\/div><div class=\"innerblocks-wrap\">\n<div id=\"wp-block-themeisle-blocks-advanced-column-d81315e0\" class=\"wp-block-themeisle-blocks-advanced-column\" data-aos=\"fade-right\" data-aos-duration=\"1200\"><div class=\"wp-block-image is-style-default\">\n<figure class=\"alignleft size-full\"><img decoding=\"async\" loading=\"lazy\" width=\"600\" height=\"600\" src=\"https:\/\/admit-one.co.uk\/wp-content\/uploads\/2023\/01\/products_lobby_gates_result.webp\" alt=\"Port\u00f5es\" class=\"wp-image-12247\" srcset=\"https:\/\/admit-one.eu\/wp-content\/uploads\/2023\/01\/products_lobby_gates_result.webp 600w, https:\/\/admit-one.eu\/wp-content\/uploads\/2023\/01\/products_lobby_gates_result-300x300.webp 300w, https:\/\/admit-one.eu\/wp-content\/uploads\/2023\/01\/products_lobby_gates_result-150x150.webp 150w, https:\/\/admit-one.eu\/wp-content\/uploads\/2023\/01\/products_lobby_gates_result-12x12.webp 12w, https:\/\/admit-one.eu\/wp-content\/uploads\/2023\/01\/products_lobby_gates_result-400x400.webp 400w\" sizes=\"(max-width: 600px) 100vw, 600px\" \/><\/figure><\/div><\/div>\n\n\n\n<div id=\"wp-block-themeisle-blocks-advanced-column-bb795422\" class=\"wp-block-themeisle-blocks-advanced-column\" data-aos=\"fade\" data-aos-duration=\"1200\">\n<h3 class=\"wp-block-heading\">Entrada Autom\u00e1tica<\/h3>\n\n\n\n<p>A liberdade de controlar o fluxo de clientes em seu local, oferecendo entrada r\u00e1pida e f\u00e1cil sem atrito, reduzindo as despesas gerais de sua equipe. Se voc\u00ea deseja usar seus port\u00f5es existentes com nosso software integrado ou requer a implementa\u00e7\u00e3o de uma solu\u00e7\u00e3o de hardware e software de ponta a ponta, o Admit One o cobre.<strong>&nbsp;<\/strong><\/p>\n\n\n\n<div class=\"is-layout-flex wp-container-15 wp-block-columns are-vertically-aligned-top\">\n<div class=\"is-layout-flow wp-block-column is-vertically-aligned-top\">\n<ul class=\"a1_tick-list\">\n<li>Software de automa\u00e7\u00e3o para controlar e gerenciar o acesso, seja com propriedade existente ou com fornecimento completo de hardware<\/li>\n\n\n\n<li>Port\u00f5es de pista simples ou dupla<\/li>\n\n\n\n<li>Design elegante e moderno com fachada de vidro&nbsp;&nbsp;<\/li>\n<\/ul>\n<\/div>\n\n\n\n<div class=\"is-layout-flow wp-block-column is-vertically-aligned-top\">\n<ul class=\"a1_tick-list\">\n<li>Luzes LED codificadas por cores para diferenciar os tipos de ingresso<\/li>\n\n\n\n<li>Consultoria de plano arquitet\u00f4nico do local para maximizar o fluxo&nbsp;<\/li>\n<\/ul>\n<\/div>\n<\/div>\n<\/div>\n<\/div><\/div>\n\n\n\n<div id=\"wp-block-themeisle-blocks-advanced-columns-01c14de9\" class=\"wp-block-themeisle-blocks-advanced-columns has-2-columns has-desktop-equal-layout has-tablet-collapsedRows-layout has-mobile-collapsedRows-layout has-vertical-unset call-to-action has-dark-bg\" data-aos=\"fade\" data-aos-duration=\"1200\"><div class=\"wp-block-themeisle-blocks-advanced-columns-overlay\"><\/div><div class=\"innerblocks-wrap\">\n<div id=\"wp-block-themeisle-blocks-advanced-column-aed9b021\" class=\"wp-block-themeisle-blocks-advanced-column\">\n<h2 class=\"wp-block-heading has-nv-site-bg-color has-text-color\">Pronto para come\u00e7ar com o Admit One?<\/h2>\n\n\n\n<p class=\"has-nv-site-bg-color has-text-color\">Vamos come\u00e7ar&nbsp;<i class=\"icon-forward\"><\/i><\/p>\n<\/div>\n\n\n\n<div id=\"wp-block-themeisle-blocks-advanced-column-01e8791e\" class=\"wp-block-themeisle-blocks-advanced-column column-right\">\n<h4 class=\"wp-block-heading has-neve-text-color-color has-text-color\">Ajude-nos a entender suas necessidades<\/h4>\n\n\n\n<p class=\"has-neve-text-color-color has-text-color\">Sabemos que cada neg\u00f3cio \u00e9 diferente. Quaisquer que sejam seus requisitos exclusivos, o Admit One est\u00e1 aqui para oferecer um sistema de PDV personalizado que funcione para voc\u00ea, a cada passo do caminho.<\/p>\n\n\n\n<ul class=\"a1_tick-list has-neve-text-color-color has-text-color\">\n<li>Flex\u00edvel<\/li>\n\n\n\n<li>Pre\u00e7os acess\u00edveis<\/li>\n\n\n\n<li>Escal\u00e1vel<\/li>\n<\/ul>\n\n\n\n<div id=\"wp-block-themeisle-blocks-button-group-5e1b0e52\" class=\"wp-block-themeisle-blocks-button-group wp-block-buttons\">\n<div id=\"wp-block-themeisle-blocks-button-bdaccee1\" class=\"wp-block-themeisle-blocks-button wp-block-button is-style-primary\"><a href=\"https:\/\/admit-one.eu\/pt\/entrar-em-contato\/\" target=\"_self\" rel=\"noopener noreferrer\" class=\"wp-block-button__link\"><span>Vamos conversar<\/span><\/a><\/div>\n<\/div>\n<\/div>\n<\/div><\/div>","protected":false},"excerpt":{"rendered":"","protected":false},"author":1,"featured_media":0,"parent":14814,"menu_order":0,"comment_status":"closed","ping_status":"closed","template":"","meta":{"om_disable_all_campaigns":false,"_uag_custom_page_level_css":"","_mi_skip_tracking":false,"neve_meta_sidebar":"","neve_meta_container":"full-width","neve_meta_enable_content_width":"on","neve_meta_content_width":100,"neve_meta_title_alignment":"","neve_meta_author_avatar":"","neve_post_elements_order":"","neve_meta_disable_header":"","neve_meta_disable_footer":"","neve_meta_disable_title":"on","neve_meta_reading_time":"","_themeisle_gutenberg_block_has_review":false},"categories":[],"tags":[],"folder":[90],"aioseo_notices":[],"uagb_featured_image_src":{"full":false,"thumbnail":false,"medium":false,"medium_large":false,"large":false,"1536x1536":false,"2048x2048":false,"trp-custom-language-flag":false,"neve-blog":false,"xl":false,"xxl":false,"xxxl":false,"xxxxl":false,"xxxxxl":false},"uagb_author_info":{"display_name":"James Gibson","author_link":"https:\/\/admit-one.eu\/pt\/blog\/author\/james-gibson\/"},"uagb_comment_info":0,"uagb_excerpt":null,"_links":{"self":[{"href":"https:\/\/admit-one.eu\/pt\/wp-json\/wp\/v2\/pages\/11808"}],"collection":[{"href":"https:\/\/admit-one.eu\/pt\/wp-json\/wp\/v2\/pages"}],"about":[{"href":"https:\/\/admit-one.eu\/pt\/wp-json\/wp\/v2\/types\/page"}],"author":[{"embeddable":true,"href":"https:\/\/admit-one.eu\/pt\/wp-json\/wp\/v2\/users\/1"}],"replies":[{"embeddable":true,"href":"https:\/\/admit-one.eu\/pt\/wp-json\/wp\/v2\/comments?post=11808"}],"version-history":[{"count":10,"href":"https:\/\/admit-one.eu\/pt\/wp-json\/wp\/v2\/pages\/11808\/revisions"}],"predecessor-version":[{"id":15729,"href":"https:\/\/admit-one.eu\/pt\/wp-json\/wp\/v2\/pages\/11808\/revisions\/15729"}],"up":[{"embeddable":true,"href":"https:\/\/admit-one.eu\/pt\/wp-json\/wp\/v2\/pages\/14814"}],"wp:attachment":[{"href":"https:\/\/admit-one.eu\/pt\/wp-json\/wp\/v2\/media?parent=11808"}],"wp:term":[{"taxonomy":"category","embeddable":true,"href":"https:\/\/admit-one.eu\/pt\/wp-json\/wp\/v2\/categories?post=11808"},{"taxonomy":"post_tag","embeddable":true,"href":"https:\/\/admit-one.eu\/pt\/wp-json\/wp\/v2\/tags?post=11808"},{"taxonomy":"folder","embeddable":true,"href":"https:\/\/admit-one.eu\/pt\/wp-json\/wp\/v2\/folder?post=11808"}],"curies":[{"name":"wp","href":"https:\/\/api.w.org\/{rel}","templated":true}]}}