{"id":9308,"date":"2022-05-30T10:50:19","date_gmt":"2022-05-30T09:50:19","guid":{"rendered":"https:\/\/admit-one.co.uk\/?page_id=9308"},"modified":"2025-11-13T09:36:30","modified_gmt":"2025-11-13T09:36:30","slug":"cookie-policy","status":"publish","type":"page","link":"https:\/\/admit-one.eu\/nb\/retningslinjer-for-informasjonskapsler\/","title":{"rendered":"Retningslinjer for informasjonskapsler"},"content":{"rendered":"<section id=\"wp-block-themeisle-blocks-advanced-columns-faf6acdf\" class=\"wp-block-themeisle-blocks-advanced-columns alignfull has-1-columns has-desktop-equal-layout has-tablet-equal-layout has-mobile-equal-layout has-vertical-center clip-btm-up has-dark-bg\"><div class=\"wp-block-themeisle-blocks-advanced-columns-overlay\"><\/div><div class=\"innerblocks-wrap\">\n<div id=\"wp-block-themeisle-blocks-advanced-column-7ec5acd4\" class=\"wp-block-themeisle-blocks-advanced-column\">\n<h1 id=\"wp-block-themeisle-blocks-advanced-heading-13ce2b13\" class=\"wp-block-themeisle-blocks-advanced-heading wp-block-themeisle-blocks-advanced-heading-13ce2b13\">Retningslinjer for informasjonskapsler<\/h1>\n<\/div>\n<\/div><\/section>\n\n\n\n<div style=\"height:20px\" aria-hidden=\"true\" class=\"wp-block-spacer\"><\/div>\n\n\n\n<p>Denne retningslinjen for informasjonskapsler forklarer hvordan samarbeidsprogramvare begrenses (&quot;<strong>selskap<\/strong>&#8220;, &#8220;<strong>vi<\/strong>&#8220;, &#8220;<strong>oss<\/strong>&quot;, og&quot;<strong>v\u00e5re<\/strong>&quot;) bruker informasjonskapsler og lignende teknologier for \u00e5 gjenkjenne deg n\u00e5r du bes\u00f8ker nettsidene v\u00e5re p\u00e5&nbsp;<a href=\"https:\/\/admit-one.co.uk\/\" target=\"_blank\" rel=\"noreferrer noopener\">https:\/\/admit-one.co.uk<\/a>, (\u201c<strong>nettsteder<\/strong>\u201c). Den forklarer hva disse teknologiene er og hvorfor vi bruker dem, samt dine rettigheter til \u00e5 kontrollere v\u00e5r bruk av dem.<\/p>\n\n\n\n<p>I noen tilfeller kan vi bruke informasjonskapsler for \u00e5 samle inn personlig informasjon, eller som blir personlig informasjon hvis vi kombinerer den med annen informasjon.<\/p>\n\n\n\n<h4>Hva er informasjonskapsler?<\/h4>\n\n\n\n<p>Informasjonskapsler er sm\u00e5 datafiler som plasseres p\u00e5 din datamaskin eller mobilenhet n\u00e5r du bes\u00f8ker et nettsted. Informasjonskapsler er mye brukt av nettstedeiere for \u00e5 f\u00e5 nettsidene deres til \u00e5 fungere, eller for \u00e5 fungere mer effektivt, samt for \u00e5 gi rapporteringsinformasjon.<\/p>\n\n\n\n<p>Informasjonskapsler satt av eieren av nettstedet (i dette tilfellet begrenset programvare for samarbeid) kalles &quot;f\u00f8rsteparts informasjonskapsler&quot;. Informasjonskapsler satt av andre parter enn eieren av nettstedet kalles &quot;tredjeparts informasjonskapsler&quot;. Tredjeparts informasjonskapsler gj\u00f8r at tredjeparts funksjoner eller funksjonalitet kan tilbys p\u00e5 eller gjennom nettstedet (f.eks. som reklame, interaktivt innhold og analyser). Partene som setter disse tredjeparts informasjonskapslene kan gjenkjenne datamaskinen din b\u00e5de n\u00e5r den bes\u00f8ker det aktuelle nettstedet og ogs\u00e5 n\u00e5r den bes\u00f8ker visse andre nettsteder.<\/p>\n\n\n\n<h4><strong>Hvorfor bruker vi informasjonskapsler?<\/strong><\/h4>\n\n\n\n<p>Vi bruker f\u00f8rste- og tredjeparts informasjonskapsler av flere grunner. Noen informasjonskapsler kreves av tekniske \u00e5rsaker for at nettsidene v\u00e5re skal fungere, og vi omtaler disse som &quot;essensielle&quot; eller &quot;strengt n\u00f8dvendige&quot; informasjonskapsler. Andre informasjonskapsler lar oss ogs\u00e5 spore og m\u00e5lrette brukernes interesser for \u00e5 forbedre opplevelsen p\u00e5 nettbaserte eiendommer. Tredjeparter serverer informasjonskapsler gjennom nettsidene v\u00e5re for annonsering, analyser og andre form\u00e5l. Dette er beskrevet mer detaljert nedenfor.<\/p>\n\n\n\n<p>De spesifikke typene f\u00f8rste- og tredjepartsinformasjonskapsler som serveres gjennom nettsidene v\u00e5re og form\u00e5lene de utf\u00f8rer er beskrevet nedenfor (v\u00e6r oppmerksom p\u00e5 at de spesifikke informasjonskapslene som serveres kan variere avhengig av de spesifikke nettbaserte egenskapene du bes\u00f8ker):<\/p>\n\n\n\n<h4><strong>Hvordan kan jeg kontrollere informasjonskapsler?<\/strong><\/h4>\n\n\n\n<p>Du har rett til \u00e5 bestemme om du vil godta eller avvise informasjonskapsler. Du kan ut\u00f8ve dine rettigheter til informasjonskapsler ved \u00e5 angi dine preferanser i samtykkebehandlingen for informasjonskapsler. Samtykkebehandleren for informasjonskapsler lar deg velge hvilke kategorier av informasjonskapsler du godtar eller avviser. Viktige informasjonskapsler kan ikke avvises da de er strengt n\u00f8dvendige for \u00e5 gi deg tjenester.<\/p>\n\n\n\n<p>Samtykkebehandleren for informasjonskapsler finner du i varslingsbanneret og p\u00e5 nettstedet v\u00e5rt. Hvis du velger \u00e5 avvise informasjonskapsler, kan du fortsatt bruke nettstedet v\u00e5rt, selv om tilgangen din til enkelte funksjoner og omr\u00e5der p\u00e5 nettstedet v\u00e5rt kan v\u00e6re begrenset. Du kan ogs\u00e5 angi eller endre nettleserkontrollene for \u00e5 akseptere eller avsl\u00e5 informasjonskapsler. Siden m\u00e5ten du kan nekte informasjonskapsler p\u00e5 via nettleserkontrollene varierer fra nettleser til nettleser, b\u00f8r du bes\u00f8ke nettleserens hjelpemeny for mer informasjon.<\/p>\n\n\n\n<p>I tillegg tilbyr de fleste annonsenettverk deg en m\u00e5te \u00e5 velge bort m\u00e5lrettet annonsering. Hvis du vil finne ut mer informasjon, vennligst bes\u00f8k&nbsp;<a href=\"http:\/\/www.aboutads.info\/choices\/\" target=\"_blank\" rel=\"noreferrer noopener\">http:\/\/www.aboutads.info\/choices\/<\/a>&nbsp;eller&nbsp;<a href=\"http:\/\/www.youronlinechoices.com\/\" target=\"_blank\" rel=\"noreferrer noopener\">http:\/\/www.youronlinechoices.com<\/a>.<\/p>\n\n\n\n<p>De spesifikke typene f\u00f8rste- og tredjepartsinformasjonskapsler som serveres gjennom nettsidene v\u00e5re og form\u00e5lene de utf\u00f8rer er beskrevet i tabellen nedenfor (v\u00e6r oppmerksom p\u00e5 at de spesifikke informasjonskapslene som serveres kan variere avhengig av de spesifikke nettbaserte egenskapene du bes\u00f8ker):<strong>viktige informasjonskapsler for nettstedet:<\/strong><\/p>\n\n\n\n<p>Disse informasjonskapslene er strengt n\u00f8dvendige for \u00e5 gi deg tjenester tilgjengelig via v\u00e5re nettsider og for \u00e5 bruke noen av funksjonene, for eksempel tilgang til sikre omr\u00e5der.<\/p>\n\n\n\n<h4><strong>Informasjonskapsler for analyse og tilpasning:<\/strong><\/h4>\n\n\n\n<p>Disse informasjonskapslene samler inn informasjon som brukes enten i samlet form for \u00e5 hjelpe oss \u00e5 forst\u00e5 hvordan nettsidene v\u00e5re brukes eller hvor effektive markedsf\u00f8ringskampanjene v\u00e5re er, eller for \u00e5 hjelpe oss med \u00e5 tilpasse nettsidene v\u00e5re for deg.<\/p>\n\n\n\n<figure class=\"wp-block-table\"><table><tbody><tr><td>Navn:<\/td><td>_ga<\/td><\/tr><tr><td>Hensikt:<\/td><td>Den registrerer en bestemt id som brukes til \u00e5 komme med data om brukerens bruk av nettstedet. Det er en http-informasjonskapsel som utl\u00f8per etter 2 \u00e5r.<\/td><\/tr><tr><td>Fors\u00f8rger:<\/td><td>.admit-one.eu<\/td><\/tr><tr><td>Service:<\/td><td>Google Analytics&nbsp;<a href=\"https:\/\/policies.google.com\/privacy\" target=\"_blank\" rel=\"noreferrer noopener\">se tjenestens personvernerkl\u00e6ring<\/a>&nbsp;&nbsp;<\/td><\/tr><tr><td>Land:<\/td><td>Storbritannia<\/td><\/tr><tr><td>Type:<\/td><td>Http_cookie<\/td><\/tr><tr><td>Utg\u00e5r om:<\/td><td>1 \u00e5r 11 m\u00e5neder 29 dager<\/td><\/tr><tr><td>Navn:<\/td><td>#samle<\/td><\/tr><tr><td>Hensikt:<\/td><td>Sender data som bes\u00f8kendes oppf\u00f8rsel og enhet til google analytics. Den er i stand til \u00e5 holde oversikt over den bes\u00f8kende p\u00e5 tvers av markedsf\u00f8ringskanaler og enheter. Det er en informasjonskapsel av pikselsporingstypen hvis aktivitet varer i nettlesings\u00f8kten.<\/td><\/tr><tr><td>Fors\u00f8rger:<\/td><td>Admit-one.eu<\/td><\/tr><tr><td>Service:<\/td><td>Google Analytics&nbsp;<a href=\"https:\/\/policies.google.com\/privacy\" target=\"_blank\" rel=\"noreferrer noopener\">se tjenestens personvernerkl\u00e6ring<\/a>&nbsp;&nbsp;<\/td><\/tr><tr><td>Land:<\/td><td>Forente stater<\/td><\/tr><tr><td>Type:<\/td><td>Pixel_tracker<\/td><\/tr><tr><td>Utg\u00e5r om:<\/td><td>\u00d8kt<\/td><\/tr><tr><td><\/td><td><\/td><td><\/td><\/tr><\/tbody><\/table><\/figure>\n\n\n\n<figure class=\"wp-block-table\"><table><tbody><tr><td>Navn:<\/td><td>_gid<\/td><\/tr><tr><td>Hensikt:<\/td><td>Beholder en oppf\u00f8ring med unik id som deretter brukes til \u00e5 komme opp med statistiske data om nettstedets bruk av bes\u00f8kende. Det er en http-informasjonskapseltype og utl\u00f8per etter en nettlesings\u00f8kt.<\/td><\/tr><tr><td>Fors\u00f8rger:<\/td><td>.admit-one.eu<\/td><\/tr><tr><td>Service:<\/td><td>Google Analytics&nbsp;<a href=\"https:\/\/policies.google.com\/privacy\" target=\"_blank\" rel=\"noreferrer noopener\">se tjenestens personvernerkl\u00e6ring<\/a>&nbsp;&nbsp;<\/td><\/tr><tr><td>Land:<\/td><td>Storbritannia<\/td><\/tr><tr><td>Type:<\/td><td>Http_cookie<\/td><\/tr><tr><td>Utg\u00e5r om:<\/td><td>1 dag<\/td><\/tr><tr><td>Navn:<\/td><td>_gat#<\/td><\/tr><tr><td>Hensikt:<\/td><td>Gj\u00f8r det mulig for google analytics \u00e5 regulere frekvensen av foresp\u00f8rsler. Det er en http-informasjonskapseltype som varer i en \u00f8kt.<\/td><\/tr><tr><td>Fors\u00f8rger:<\/td><td>.admit-one.eu<\/td><\/tr><tr><td>Service:<\/td><td>Google Analytics&nbsp;<a href=\"https:\/\/policies.google.com\/privacy\" target=\"_blank\" rel=\"noreferrer noopener\">se tjenestens personvernerkl\u00e6ring<\/a>&nbsp;&nbsp;<\/td><\/tr><tr><td>Land:<\/td><td>Storbritannia<\/td><\/tr><tr><td>Type:<\/td><td>Http_cookie<\/td><\/tr><tr><td>Utg\u00e5r om:<\/td><td>1 minutt<\/td><\/tr><tr><td><\/td><td><\/td><td><\/td><\/tr><\/tbody><\/table><\/figure>\n\n\n\n<h4>Uklassifiserte informasjonskapsler:<\/h4>\n\n\n\n<p>Dette er informasjonskapsler som enn\u00e5 ikke er kategorisert. Vi er i ferd med \u00e5 klassifisere disse informasjonskapslene ved hjelp av deres leverand\u00f8rer.<\/p>\n\n\n\n<figure class=\"wp-block-table\"><table><tbody><tr><td>Navn:<\/td><td>Uuid<\/td><\/tr><tr><td>Hensikt:<\/td><td>__________<\/td><\/tr><tr><td>Fors\u00f8rger:<\/td><td>Sibautomation.com<\/td><\/tr><tr><td>Service:<\/td><td>__________ &nbsp;<\/td><\/tr><tr><td>Land:<\/td><td>Forente stater<\/td><\/tr><tr><td>Type:<\/td><td>Http_cookie<\/td><\/tr><tr><td>Utg\u00e5r om:<\/td><td>1 \u00e5r 29 dager<\/td><\/tr><tr><td>Navn:<\/td><td>Sib_cuid<\/td><\/tr><tr><td>Hensikt:<\/td><td>__________<\/td><\/tr><tr><td>Fors\u00f8rger:<\/td><td>.admit-one.eu<\/td><\/tr><tr><td>Service:<\/td><td>__________ &nbsp;<\/td><\/tr><tr><td>Land:<\/td><td>Storbritannia<\/td><\/tr><tr><td>Type:<\/td><td>Http_cookie<\/td><\/tr><tr><td>Utg\u00e5r om:<\/td><td>1 \u00e5r 29 dager<\/td><\/tr><\/tbody><\/table><\/figure>\n\n\n\n<h4><strong>Hva med andre sporingsteknologier, for eksempel web-beacons?<\/strong><\/h4>\n\n\n\n<p>Informasjonskapsler er ikke den eneste m\u00e5ten \u00e5 gjenkjenne eller spore bes\u00f8kende til et nettsted. Vi kan bruke andre, lignende teknologier fra tid til annen, som web-beacons (noen ganger kalt &quot;sporingspiksler&quot; eller &quot;klare gifs&quot;). Dette er sm\u00e5 grafikkfiler som inneholder en unik identifikator som gj\u00f8r det mulig for oss \u00e5 gjenkjenne n\u00e5r noen har bes\u00f8kt nettsidene v\u00e5re eller \u00e5pnet en e-post inkludert dem. Dette lar oss for eksempel overv\u00e5ke trafikkm\u00f8nstrene til brukere fra en side p\u00e5 et nettsted til en annen, \u00e5 levere eller kommunisere med informasjonskapsler, for \u00e5 forst\u00e5 om du har kommet til nettstedet fra en nettannonse som vises p\u00e5 en tredjeparts nettside , for \u00e5 forbedre nettstedets ytelse, og for \u00e5 m\u00e5le suksessen til e-postmarkedsf\u00f8ringskampanjer. I mange tilfeller er disse teknologiene avhengige av informasjonskapsler for \u00e5 fungere ordentlig, og derfor vil avvisning av informasjonskapsler svekke deres funksjon.<\/p>\n\n\n\n<h4><strong>Bruker du flash-informasjonskapsler eller lokale delte objekter?<\/strong><\/h4>\n\n\n\n<p>Nettsteder kan ogs\u00e5 bruke s\u00e5kalte \u00abflash-informasjonskapsler\u00bb (ogs\u00e5 kjent som lokale delte objekter eller \u00ablsos\u00bb) for blant annet \u00e5 samle inn og lagre informasjon om din bruk av tjenestene v\u00e5re, forebygging av svindel og for annen sidedrift.<\/p>\n\n\n\n<p>Hvis du ikke vil ha flash-informasjonskapsler lagret p\u00e5 datamaskinen din, kan du justere innstillingene til flash-spilleren for \u00e5 blokkere lagring av flash-informasjonskapsler ved \u00e5 bruke verkt\u00f8yene i&nbsp;<a href=\"http:\/\/www.macromedia.com\/support\/documentation\/en\/flashplayer\/help\/settings_manager07.html#_blank\">innstillingspanel for nettstedslagring<\/a>. Du kan ogs\u00e5 kontrollere flash-informasjonskapsler ved \u00e5 g\u00e5 til&nbsp;<a href=\"http:\/\/www.macromedia.com\/support\/documentation\/en\/flashplayer\/help\/settings_manager03.html#_blank\">panel for globale lagringsinnstillinger<\/a>&nbsp;og f\u00f8lge instruksjonene (som kan inkludere instruksjoner som forklarer for eksempel hvordan du sletter eksisterende flash-informasjonskapsler (referert til &quot;informasjon&quot; p\u00e5 makromediesiden), hvordan du forhindrer at flash lsos blir plassert p\u00e5 datamaskinen din uten at du blir bedt om det, og (for flash player 8 og nyere) hvordan blokkere flash-informasjonskapsler som ikke leveres av operat\u00f8ren av siden du er p\u00e5 p\u00e5 det tidspunktet).<\/p>\n\n\n\n<p>V\u00e6r oppmerksom p\u00e5 at \u00e5 sette flash-spilleren til \u00e5 begrense eller begrense aksept av flash-informasjonskapsler kan redusere eller hindre funksjonaliteten til enkelte flash-applikasjoner, inkludert potensielt flash-applikasjoner som brukes i forbindelse med v\u00e5re tjenester eller nettinnhold.<\/p>\n\n\n\n<h4><strong>Leverer du m\u00e5lrettet annonsering?<\/strong><\/h4>\n\n\n\n<p>Tredjeparter kan levere informasjonskapsler p\u00e5 datamaskinen eller mobilenheten din for \u00e5 vise annonsering gjennom nettsidene v\u00e5re. Disse selskapene kan bruke informasjon om dine bes\u00f8k p\u00e5 denne og andre nettsteder for \u00e5 kunne tilby relevante annonser om varer og tjenester som du kan v\u00e6re interessert i. De kan ogs\u00e5 bruke teknologi som brukes til \u00e5 m\u00e5le effektiviteten til annonser. Dette kan oppn\u00e5s ved at de bruker informasjonskapsler eller web-beacons for \u00e5 samle informasjon om dine bes\u00f8k p\u00e5 dette og andre nettsteder for \u00e5 kunne tilby relevante annonser om varer og tjenester av potensiell interesse for deg. Informasjonen som samles inn gjennom denne prosessen gj\u00f8r ikke oss eller dem i stand til \u00e5 identifisere ditt navn, kontaktinformasjon eller andre detaljer som direkte identifiserer deg med mindre du velger \u00e5 oppgi disse.<\/p>\n\n\n\n<h4><strong>Hvor ofte vil du oppdatere denne retningslinjen for informasjonskapsler?<\/strong><\/h4>\n\n\n\n<p>Vi kan oppdatere denne policyen for informasjonskapsler fra tid til annen for \u00e5 gjenspeile for eksempel endringer i informasjonskapslene vi bruker eller av andre operasjonelle, juridiske eller regulatoriske \u00e5rsaker. Se derfor regelmessig gjennom denne retningslinjen for informasjonskapsler for \u00e5 holde deg informert om v\u00e5r bruk av informasjonskapsler og relaterte teknologier.<\/p>\n\n\n\n<p>Datoen \u00f8verst i denne retningslinjen for informasjonskapsler angir n\u00e5r den sist ble oppdatert.<\/p>\n\n\n\n<h4><strong>Hvor kan jeg f\u00e5 mer informasjon?<\/strong><\/h4>\n\n\n\n<p>Hvis du har sp\u00f8rsm\u00e5l om v\u00e5r bruk av informasjonskapsler eller andre teknologier, vennligst send oss en e-post p\u00e5\u00a0<a href=\"mailto:info@admit-one.co.uk.local\">info@admit-one.co.uk<\/a>\u00a0eller per post til:<\/p>\n\n\n\n<p>Collaborative Software Limited<br>Unit 9 Albany Park<br>Cabot Lane<br>Poole BH17 7BX<br>Telefon: 01929 551356<\/p>","protected":false},"excerpt":{"rendered":"<p>Denne retningslinjen for informasjonskapsler forklarer hvordan samarbeidende programvare begrenset (\u00abselskap\u00bb, \u00abvi\u00bb, \u00aboss\u00bb og \u00abv\u00e5r\u00bb) bruker informasjonskapsler og lignende teknologier for \u00e5 gjenkjenne deg n\u00e5r du bes\u00f8ker nettsidene v\u00e5re p\u00e5 https:\/\/admit-one.co. uk, (&quot;nettsteder&quot;). Den forklarer hva disse teknologiene er og hvorfor vi bruker dem, samt dine rettigheter til \u00e5 kontrollere v\u00e5r bruk av dem. I noen tilfeller kan vi bruke informasjonskapsler for \u00e5...&nbsp;<a href=\"https:\/\/admit-one.eu\/nb\/retningslinjer-for-informasjonskapsler\/\" rel=\"bookmark\">Les mer &quot;<span class=\"screen-reader-text\">Retningslinjer for informasjonskapsler<\/span><\/a><\/p>","protected":false},"author":1,"featured_media":0,"parent":0,"menu_order":0,"comment_status":"closed","ping_status":"closed","template":"","meta":{"om_disable_all_campaigns":false,"_uag_custom_page_level_css":"","_mi_skip_tracking":false,"neve_meta_sidebar":"","neve_meta_container":"","neve_meta_enable_content_width":"","neve_meta_content_width":0,"neve_meta_title_alignment":"","neve_meta_author_avatar":"","neve_post_elements_order":"","neve_meta_disable_header":"","neve_meta_disable_footer":"","neve_meta_disable_title":"on","neve_meta_reading_time":"","_themeisle_gutenberg_block_has_review":false},"categories":[],"tags":[],"folder":[91],"aioseo_notices":[],"uagb_featured_image_src":{"full":false,"thumbnail":false,"medium":false,"medium_large":false,"large":false,"1536x1536":false,"2048x2048":false,"trp-custom-language-flag":false,"neve-blog":false,"xl":false,"xxl":false,"xxxl":false,"xxxxl":false,"xxxxxl":false},"uagb_author_info":{"display_name":"James Gibson","author_link":"https:\/\/admit-one.eu\/nb\/blog\/author\/james-gibson\/"},"uagb_comment_info":0,"uagb_excerpt":"This cookie policy explains how&nbsp;collaborative software limited&nbsp;(&#8220;company&#8220;, &#8220;we&#8220;, &#8220;us&#8220;, and &#8220;our&#8220;) uses cookies and similar technologies to recognize you when you visit our websites at&nbsp;https:\/\/admit-one.co.uk,&nbsp;(&#8220;websites&#8220;). It explains what these technologies are and why we use them, as well as your rights to control our use of them. In some cases we may use cookies to&hellip;&nbsp;Read&hellip;","_links":{"self":[{"href":"https:\/\/admit-one.eu\/nb\/wp-json\/wp\/v2\/pages\/9308"}],"collection":[{"href":"https:\/\/admit-one.eu\/nb\/wp-json\/wp\/v2\/pages"}],"about":[{"href":"https:\/\/admit-one.eu\/nb\/wp-json\/wp\/v2\/types\/page"}],"author":[{"embeddable":true,"href":"https:\/\/admit-one.eu\/nb\/wp-json\/wp\/v2\/users\/1"}],"replies":[{"embeddable":true,"href":"https:\/\/admit-one.eu\/nb\/wp-json\/wp\/v2\/comments?post=9308"}],"version-history":[{"count":1,"href":"https:\/\/admit-one.eu\/nb\/wp-json\/wp\/v2\/pages\/9308\/revisions"}],"predecessor-version":[{"id":15627,"href":"https:\/\/admit-one.eu\/nb\/wp-json\/wp\/v2\/pages\/9308\/revisions\/15627"}],"wp:attachment":[{"href":"https:\/\/admit-one.eu\/nb\/wp-json\/wp\/v2\/media?parent=9308"}],"wp:term":[{"taxonomy":"category","embeddable":true,"href":"https:\/\/admit-one.eu\/nb\/wp-json\/wp\/v2\/categories?post=9308"},{"taxonomy":"post_tag","embeddable":true,"href":"https:\/\/admit-one.eu\/nb\/wp-json\/wp\/v2\/tags?post=9308"},{"taxonomy":"folder","embeddable":true,"href":"https:\/\/admit-one.eu\/nb\/wp-json\/wp\/v2\/folder?post=9308"}],"curies":[{"name":"wp","href":"https:\/\/api.w.org\/{rel}","templated":true}]}}