{"id":12345,"date":"2023-01-23T12:03:29","date_gmt":"2023-01-23T12:03:29","guid":{"rendered":"https:\/\/admit-one.co.uk\/?page_id=12345"},"modified":"2024-02-22T16:28:37","modified_gmt":"2024-02-22T16:28:37","slug":"client-services","status":"publish","type":"page","link":"https:\/\/admit-one.eu\/nb\/klienttjenester\/","title":{"rendered":"Kundetjenester"},"content":{"rendered":"<div id=\"wp-block-themeisle-blocks-advanced-columns-f3534b6f\" class=\"wp-block-themeisle-blocks-advanced-columns alignfull has-1-columns has-desktop-twoOne-layout has-tablet-equal-layout has-mobile-collapsedRows-layout has-reverse-columns-mobile has-vertical-unset has-vertical-undefined\"><div class=\"wp-block-themeisle-blocks-advanced-columns-overlay\"><\/div><div class=\"innerblocks-wrap\">\n<div id=\"wp-block-themeisle-blocks-advanced-column-49529f4b\" class=\"wp-block-themeisle-blocks-advanced-column\" data-aos=\"fade\" data-aos-duration=\"1200\">\n<h1 class=\"has-text-align-center\">Kundetjenester<\/h1>\n\n\n\n<h3 class=\"has-text-align-center\">Som ende-til-ende-l\u00f8sningsleverand\u00f8rer vet vi hvor viktig det er \u00e5 ha en teknologipartner som tar seg av alle aspekter av virksomheten din i utvikling. <\/h3>\n\n\n\n<p class=\"has-text-align-center\">Mens Admit Ones kjerneplattform gj\u00f8r deg klar for suksess p\u00e5 tvers av alle omr\u00e5der av lokalets ledelse, tilbyr v\u00e5rt team av eksperter et omfattende utvalg tjenester for \u00e5 sikre at hver utvidelse av POS-tilbudet ditt kan leveres p\u00e5.<\/p>\n<\/div>\n<\/div><div class=\"wp-block-themeisle-blocks-advanced-columns-separators bottom\"><svg id=\"slant\" fill=\"var(--nv-light-bg)\" viewbox=\"0 0 100 100\" width=\"100%\" height=\"100\" preserveaspectratio=\"none\" xmlns=\"http:\/\/www.w3.org\/2000\/svg\" class=\"rotate\"><path d=\"M0 0 L0 100 L100 0 Z\"><\/path><\/svg><\/div><\/div>\n\n\n\n<div class=\"is-layout-constrained wp-block-group alignfull panels-overlay\"><div class=\"wp-block-group__inner-container\">\n<section id=\"wp-block-themeisle-blocks-advanced-columns-652f49fc\" class=\"wp-block-themeisle-blocks-advanced-columns alignfull has-1-columns has-desktop-equal-layout has-tablet-equal-layout has-mobile-collapsedRows-layout has-vertical-center\"><div class=\"wp-block-themeisle-blocks-advanced-columns-overlay\"><\/div><div class=\"innerblocks-wrap\">\n<div id=\"wp-block-themeisle-blocks-advanced-column-251adaeb\" class=\"wp-block-themeisle-blocks-advanced-column\" data-aos=\"fade-up\" data-aos-duration=\"1200\">\n<h5 class=\"has-text-align-left has-neve-link-color-color has-text-color\">A1 Edge<\/h5>\n\n\n\n<h4 class=\"has-text-align-left\">Avansert skreddersydd utvikling<\/h4>\n\n\n\n<p class=\"has-text-align-left\">R\u00e5dgivning og tjenester fra v\u00e5rt team av teknologieksperter for \u00e5 st\u00f8tte tilpassede produktutviklinger og tredjepartsintegrasjoner p\u00e5 alle niv\u00e5er, noe som sikrer en fullstendig tilkoblet og s\u00f8ml\u00f8s opplevelse for ansatte og kunder.<\/p>\n<\/div>\n<\/div><\/section>\n\n\n\n<section id=\"wp-block-themeisle-blocks-advanced-columns-7cfa4517\" class=\"wp-block-themeisle-blocks-advanced-columns alignfull has-1-columns has-desktop-equal-layout has-tablet-equal-layout has-mobile-collapsedRows-layout has-vertical-center\"><div class=\"wp-block-themeisle-blocks-advanced-columns-overlay\"><\/div><div class=\"innerblocks-wrap\">\n<div id=\"wp-block-themeisle-blocks-advanced-column-41019e11\" class=\"wp-block-themeisle-blocks-advanced-column\" data-aos=\"fade-up\" data-aos-duration=\"1200\">\n<h5 class=\"has-text-align-left has-neve-link-color-color has-text-color\">A1 design<\/h5>\n\n\n\n<h4 class=\"has-text-align-left\">Nett- og mobilapp UX\/UI<\/h4>\n\n\n\n<p class=\"has-text-align-left\">Forbedre merkevareopplevelsen din med tilpassede nettsider og designtjenester fra v\u00e5rt dedikerte team av frontend-utviklere, og sikrer innovative ideer og l\u00f8sninger for \u00e5 engasjere kundene dine ytterligere.<\/p>\n<\/div>\n<\/div><\/section>\n\n\n\n<section id=\"wp-block-themeisle-blocks-advanced-columns-96d34b63\" class=\"wp-block-themeisle-blocks-advanced-columns alignfull has-1-columns has-desktop-equal-layout has-tablet-equal-layout has-mobile-collapsedRows-layout has-vertical-center\"><div class=\"wp-block-themeisle-blocks-advanced-columns-overlay\"><\/div><div class=\"innerblocks-wrap\">\n<div id=\"wp-block-themeisle-blocks-advanced-column-f42c79d0\" class=\"wp-block-themeisle-blocks-advanced-column\" data-aos=\"fade-up\" data-aos-duration=\"1200\">\n<h5 class=\"has-text-align-left has-neve-link-color-color has-text-color\">A1-st\u00f8tte<\/h5>\n\n\n\n<h4 class=\"has-text-align-left\"><strong>St\u00f8tte p\u00e5 og utenfor nettstedet<\/strong><\/h4>\n\n\n\n<p class=\"has-text-align-left\">V\u00e5re dedikerte ingeni\u00f8rer sikrer at du alltid har assistanse n\u00e5r du trenger det, noe som gj\u00f8r teamet v\u00e5rt til en forlengelse av ditt. Fra 24\/7 misjonskritisk virtuell st\u00f8tte, til installasjoner og oppgraderinger p\u00e5 stedet, teamet v\u00e5rt er tilgjengelig uansett hvilken kapasitet du trenger for \u00e5 sikre at du er i gang til enhver tid.<\/p>\n<\/div>\n<\/div><\/section>\n<\/div><\/div>\n\n\n\n<div id=\"wp-block-themeisle-blocks-advanced-columns-01c14de9\" class=\"wp-block-themeisle-blocks-advanced-columns has-2-columns has-desktop-equal-layout has-tablet-collapsedRows-layout has-mobile-collapsedRows-layout has-vertical-unset call-to-action has-dark-bg\" data-aos=\"fade\" data-aos-duration=\"1200\"><div class=\"wp-block-themeisle-blocks-advanced-columns-overlay\"><\/div><div class=\"innerblocks-wrap\">\n<div id=\"wp-block-themeisle-blocks-advanced-column-aed9b021\" class=\"wp-block-themeisle-blocks-advanced-column\">\n<h2 class=\"wp-block-heading has-nv-site-bg-color has-text-color\">Klar til \u00e5 komme i gang med Admit One?<\/h2>\n\n\n\n<p class=\"has-nv-site-bg-color has-text-color\">La oss komme i gang&nbsp;<i class=\"icon-forward\"><\/i><\/p>\n<\/div>\n\n\n\n<div id=\"wp-block-themeisle-blocks-advanced-column-01e8791e\" class=\"wp-block-themeisle-blocks-advanced-column column-right\">\n<h4 class=\"wp-block-heading has-neve-text-color-color has-text-color\">Hjelp oss \u00e5 forst\u00e5 dine behov<\/h4>\n\n\n\n<p class=\"has-neve-text-color-color has-text-color\">Vi vet at hver virksomhet er forskjellig. Uansett dine unike krav, Admit One er her for \u00e5 tilby et tilpasset POS-system som fungerer for deg, hvert trinn p\u00e5 veien.<\/p>\n\n\n\n<ul class=\"a1_tick-list has-neve-text-color-color has-text-color\">\n<li>Fleksibel<\/li>\n\n\n\n<li>Rimelig<\/li>\n\n\n\n<li>Skalerbar<\/li>\n<\/ul>\n\n\n\n<div id=\"wp-block-themeisle-blocks-button-group-5e1b0e52\" class=\"wp-block-themeisle-blocks-button-group wp-block-buttons\">\n<div id=\"wp-block-themeisle-blocks-button-bdaccee1\" class=\"wp-block-themeisle-blocks-button wp-block-button is-style-primary\"><a href=\"https:\/\/admit-one.eu\/nb\/ta-kontakt\/\" target=\"_self\" rel=\"noopener noreferrer\" class=\"wp-block-button__link\"><span>La oss snakke<\/span><\/a><\/div>\n<\/div>\n<\/div>\n<\/div><\/div>","protected":false},"excerpt":{"rendered":"","protected":false},"author":1,"featured_media":0,"parent":0,"menu_order":0,"comment_status":"closed","ping_status":"closed","template":"","meta":{"om_disable_all_campaigns":false,"_uag_custom_page_level_css":"","_mi_skip_tracking":false,"neve_meta_sidebar":"","neve_meta_container":"full-width","neve_meta_enable_content_width":"","neve_meta_content_width":0,"neve_meta_title_alignment":"","neve_meta_author_avatar":"","neve_post_elements_order":"","neve_meta_disable_header":"","neve_meta_disable_footer":"","neve_meta_disable_title":"on","neve_meta_reading_time":"","_themeisle_gutenberg_block_has_review":false},"categories":[],"tags":[],"folder":[],"aioseo_notices":[],"uagb_featured_image_src":{"full":false,"thumbnail":false,"medium":false,"medium_large":false,"large":false,"1536x1536":false,"2048x2048":false,"trp-custom-language-flag":false,"neve-blog":false,"xl":false,"xxl":false,"xxxl":false,"xxxxl":false,"xxxxxl":false},"uagb_author_info":{"display_name":"James Gibson","author_link":"https:\/\/admit-one.eu\/nb\/blog\/author\/james-gibson\/"},"uagb_comment_info":0,"uagb_excerpt":null,"_links":{"self":[{"href":"https:\/\/admit-one.eu\/nb\/wp-json\/wp\/v2\/pages\/12345"}],"collection":[{"href":"https:\/\/admit-one.eu\/nb\/wp-json\/wp\/v2\/pages"}],"about":[{"href":"https:\/\/admit-one.eu\/nb\/wp-json\/wp\/v2\/types\/page"}],"author":[{"embeddable":true,"href":"https:\/\/admit-one.eu\/nb\/wp-json\/wp\/v2\/users\/1"}],"replies":[{"embeddable":true,"href":"https:\/\/admit-one.eu\/nb\/wp-json\/wp\/v2\/comments?post=12345"}],"version-history":[{"count":5,"href":"https:\/\/admit-one.eu\/nb\/wp-json\/wp\/v2\/pages\/12345\/revisions"}],"predecessor-version":[{"id":15565,"href":"https:\/\/admit-one.eu\/nb\/wp-json\/wp\/v2\/pages\/12345\/revisions\/15565"}],"wp:attachment":[{"href":"https:\/\/admit-one.eu\/nb\/wp-json\/wp\/v2\/media?parent=12345"}],"wp:term":[{"taxonomy":"category","embeddable":true,"href":"https:\/\/admit-one.eu\/nb\/wp-json\/wp\/v2\/categories?post=12345"},{"taxonomy":"post_tag","embeddable":true,"href":"https:\/\/admit-one.eu\/nb\/wp-json\/wp\/v2\/tags?post=12345"},{"taxonomy":"folder","embeddable":true,"href":"https:\/\/admit-one.eu\/nb\/wp-json\/wp\/v2\/folder?post=12345"}],"curies":[{"name":"wp","href":"https:\/\/api.w.org\/{rel}","templated":true}]}}