{"id":11984,"date":"2023-01-09T11:53:03","date_gmt":"2023-01-09T11:53:03","guid":{"rendered":"https:\/\/admit-one.co.uk\/?page_id=11984"},"modified":"2024-02-22T16:31:18","modified_gmt":"2024-02-22T16:31:18","slug":"back-office","status":"publish","type":"page","link":"https:\/\/admit-one.eu\/nb\/losninger\/back-office\/","title":{"rendered":"Back Office"},"content":{"rendered":"<div id=\"wp-block-themeisle-blocks-advanced-columns-f3534b6f\" class=\"wp-block-themeisle-blocks-advanced-columns has-2-columns has-desktop-twoOne-layout has-tablet-equal-layout has-mobile-collapsedRows-layout has-reverse-columns-mobile has-vertical-unset has-vertical-undefined page-header\"><div class=\"wp-block-themeisle-blocks-advanced-columns-overlay\"><\/div><div class=\"innerblocks-wrap\">\n<div id=\"wp-block-themeisle-blocks-advanced-column-49529f4b\" class=\"wp-block-themeisle-blocks-advanced-column\" data-aos=\"fade\" data-aos-duration=\"1200\">\n<h1 class=\"wp-block-heading\">Back Office<\/h1>\n\n\n\n<p>Ditt sentrale styringssystem som lar deg konfigurere og vise alle nettstedene dine i en brukervennlig applikasjon. Planlegg forestillinger, administrer lager, kj\u00f8r rapporter, sett opp billetter, administrer medlemsordninger, gavekort, kuponger og mye mer ... mens du kommuniserer uanstrengt med dine ansatte.&nbsp;<\/p>\n\n\n\n<div id=\"wp-block-themeisle-blocks-button-group-644da4ec\" class=\"wp-block-themeisle-blocks-button-group wp-block-buttons\">\n<div id=\"wp-block-themeisle-blocks-button-450150d0\" class=\"wp-block-themeisle-blocks-button wp-block-button is-style-primary\"><a href=\"https:\/\/www.admit-one.co.uk\/request-demo\/\" target=\"_self\" rel=\"noopener noreferrer\" class=\"wp-block-button__link\"><span>Be om en demo <\/span><\/a><\/div>\n<\/div>\n<\/div>\n\n\n\n<div id=\"wp-block-themeisle-blocks-advanced-column-27c8e090\" class=\"wp-block-themeisle-blocks-advanced-column\" data-aos=\"fade-up\" data-aos-duration=\"1200\"><div class=\"wp-block-image is-style-default\">\n<figure class=\"aligncenter size-full\"><img decoding=\"async\" loading=\"lazy\" width=\"400\" height=\"400\" src=\"https:\/\/admit-one.co.uk\/wp-content\/uploads\/2023\/01\/image_local-and-ho_result.webp\" alt=\"Back Office\" class=\"wp-image-12263\" srcset=\"https:\/\/admit-one.eu\/wp-content\/uploads\/2023\/01\/image_local-and-ho_result.webp 400w, https:\/\/admit-one.eu\/wp-content\/uploads\/2023\/01\/image_local-and-ho_result-300x300.webp 300w, https:\/\/admit-one.eu\/wp-content\/uploads\/2023\/01\/image_local-and-ho_result-150x150.webp 150w, https:\/\/admit-one.eu\/wp-content\/uploads\/2023\/01\/image_local-and-ho_result-12x12.webp 12w\" sizes=\"(max-width: 400px) 100vw, 400px\" \/><\/figure><\/div><\/div>\n<\/div><\/div>\n\n\n\n<div id=\"wp-block-themeisle-blocks-advanced-columns-2074d916\" class=\"wp-block-themeisle-blocks-advanced-columns has-2-columns has-desktop-equal-layout has-tablet-equal-layout has-mobile-collapsedRows-layout has-vertical-unset feature-block\"><div class=\"wp-block-themeisle-blocks-advanced-columns-overlay\"><\/div><div class=\"innerblocks-wrap\">\n<div id=\"wp-block-themeisle-blocks-advanced-column-945ee192\" class=\"wp-block-themeisle-blocks-advanced-column\" data-aos=\"fade-right\" data-aos-duration=\"1200\"><div class=\"wp-block-image is-style-default\">\n<figure class=\"alignleft size-full\"><img decoding=\"async\" loading=\"lazy\" width=\"600\" height=\"600\" src=\"https:\/\/admit-one.co.uk\/wp-content\/uploads\/2023\/01\/products_local-and-ho_stock_result.webp\" alt=\"Lagerstyring\" class=\"wp-image-12253\" srcset=\"https:\/\/admit-one.eu\/wp-content\/uploads\/2023\/01\/products_local-and-ho_stock_result.webp 600w, https:\/\/admit-one.eu\/wp-content\/uploads\/2023\/01\/products_local-and-ho_stock_result-300x300.webp 300w, https:\/\/admit-one.eu\/wp-content\/uploads\/2023\/01\/products_local-and-ho_stock_result-150x150.webp 150w, https:\/\/admit-one.eu\/wp-content\/uploads\/2023\/01\/products_local-and-ho_stock_result-12x12.webp 12w, https:\/\/admit-one.eu\/wp-content\/uploads\/2023\/01\/products_local-and-ho_stock_result-400x400.webp 400w\" sizes=\"(max-width: 600px) 100vw, 600px\" \/><\/figure><\/div><\/div>\n\n\n\n<div id=\"wp-block-themeisle-blocks-advanced-column-03cad4bb\" class=\"wp-block-themeisle-blocks-advanced-column\" data-aos=\"fade\" data-aos-duration=\"1200\">\n<h3 class=\"wp-block-heading\">Aksjesjef<\/h3>\n\n\n\n<p>Forenkle lagerstyringen og reduser h\u00e5ndteringskostnadene med Admit Ones lager- og leveransel\u00f8sning.<\/p>\n\n\n\n<div class=\"is-layout-flex wp-container-3 wp-block-columns are-vertically-aligned-top\">\n<div class=\"is-layout-flow wp-block-column is-vertically-aligned-top\">\n<ul class=\"a1_tick-list\">\n<li>Lagertaking og gruppering<\/li>\n\n\n\n<li>Produktinstruksjoner for \u00e5 muliggj\u00f8re ekstra valg p\u00e5 mat-\/drikkevarer<\/li>\n\n\n\n<li>Ny produktkonstruksjon<\/li>\n<\/ul>\n<\/div>\n\n\n\n<div class=\"is-layout-flow wp-block-column is-vertically-aligned-top\">\n<ul class=\"a1_tick-list\">\n<li>Innkj\u00f8psordrer<\/li>\n\n\n\n<li>Kombinasjonsprodukter for mersalg<\/li>\n\n\n\n<li>Leveringssporing<\/li>\n<\/ul>\n<\/div>\n<\/div>\n<\/div>\n<\/div><\/div>\n\n\n\n<div id=\"wp-block-themeisle-blocks-advanced-columns-7c8d14a1\" class=\"wp-block-themeisle-blocks-advanced-columns has-2-columns has-desktop-equal-layout has-tablet-equal-layout has-mobile-collapsedRows-layout has-vertical-unset feature-block\"><div class=\"wp-block-themeisle-blocks-advanced-columns-overlay\"><\/div><div class=\"innerblocks-wrap\">\n<div id=\"wp-block-themeisle-blocks-advanced-column-6480c00f\" class=\"wp-block-themeisle-blocks-advanced-column\" data-aos=\"fade-right\" data-aos-duration=\"1200\"><div class=\"wp-block-image is-style-default\">\n<figure class=\"alignleft size-full\"><img decoding=\"async\" loading=\"lazy\" width=\"600\" height=\"600\" src=\"https:\/\/admit-one.co.uk\/wp-content\/uploads\/2023\/01\/products_local-and-ho_event-manager_result.webp\" alt=\"Planlegging og arrangementsansvarlig\" class=\"wp-image-12251\" srcset=\"https:\/\/admit-one.eu\/wp-content\/uploads\/2023\/01\/products_local-and-ho_event-manager_result.webp 600w, https:\/\/admit-one.eu\/wp-content\/uploads\/2023\/01\/products_local-and-ho_event-manager_result-300x300.webp 300w, https:\/\/admit-one.eu\/wp-content\/uploads\/2023\/01\/products_local-and-ho_event-manager_result-150x150.webp 150w, https:\/\/admit-one.eu\/wp-content\/uploads\/2023\/01\/products_local-and-ho_event-manager_result-12x12.webp 12w, https:\/\/admit-one.eu\/wp-content\/uploads\/2023\/01\/products_local-and-ho_event-manager_result-400x400.webp 400w\" sizes=\"(max-width: 600px) 100vw, 600px\" \/><\/figure><\/div><\/div>\n\n\n\n<div id=\"wp-block-themeisle-blocks-advanced-column-ed341c03\" class=\"wp-block-themeisle-blocks-advanced-column\" data-aos=\"fade\" data-aos-duration=\"1200\">\n<h3 class=\"wp-block-heading\">Planlegging og arrangementsansvarlig<\/h3>\n\n\n\n<p>Spar tid og gj\u00f8r livet enkelt ved \u00e5 planlegge filmer for alle kretser fra ditt enkelt sentraliserte system. Sett enkelt opp gjentakende og individuelle arrangementer og forestillinger mens du automatiserer planleggingspolicyer og regler bak kulissene.<\/p>\n\n\n\n<div class=\"is-layout-flex wp-container-6 wp-block-columns are-vertically-aligned-top\">\n<div class=\"is-layout-flow wp-block-column is-vertically-aligned-top\">\n<ul class=\"a1_tick-list\">\n<li>Generelle opptaks- og kampanjekoder<\/li>\n\n\n\n<li>Leie av privat arrangement<\/li>\n\n\n\n<li>Planleggingsperioder<\/li>\n<\/ul>\n<\/div>\n\n\n\n<div class=\"is-layout-flow wp-block-column is-vertically-aligned-top\">\n<ul class=\"a1_tick-list\">\n<li>Billett- og kvitteringsdesigner<\/li>\n\n\n\n<li>Billettpriskort<\/li>\n\n\n\n<li>Seteplaner<\/li>\n<\/ul>\n<\/div>\n<\/div>\n<\/div>\n<\/div><\/div>\n\n\n\n<div id=\"wp-block-themeisle-blocks-advanced-columns-2fdd48c5\" class=\"wp-block-themeisle-blocks-advanced-columns has-2-columns has-desktop-equal-layout has-tablet-equal-layout has-mobile-collapsedRows-layout has-vertical-unset feature-block\"><div class=\"wp-block-themeisle-blocks-advanced-columns-overlay\"><\/div><div class=\"innerblocks-wrap\">\n<div id=\"wp-block-themeisle-blocks-advanced-column-16b7b8fc\" class=\"wp-block-themeisle-blocks-advanced-column\" data-aos=\"fade-right\" data-aos-duration=\"1200\"><div class=\"wp-block-image is-style-default\">\n<figure class=\"alignleft size-full\"><img decoding=\"async\" src=\"https:\/\/admit-one.co.uk\/wp-content\/uploads\/2023\\01\/products_local-and-ho_head-office_result.webp\" alt=\"Hovedkontor Admin\" class=\"wp-image-12252\"\/><\/figure><\/div><\/div>\n\n\n\n<div id=\"wp-block-themeisle-blocks-advanced-column-4cd9b594\" class=\"wp-block-themeisle-blocks-advanced-column\" data-aos=\"fade\" data-aos-duration=\"1200\">\n<h3 class=\"wp-block-heading\">Hovedkontorsjef<\/h3>\n\n\n\n<p>Standardiser driften og oppretthold konsistens med enkel konfigurasjon av nettsteder ved hjelp av ett sentralisert system, samtidig som friheten og fleksibiliteten til spesifikke lokaliserte innstillinger opprettholdes.<\/p>\n\n\n\n<p>Spor alle \u00f8konomiske poster, administrer brukerkontoer, fjernkontroller terminaler og sett opp lojalitetsordninger, alt fra en enkelt kontrollert hovedhub.<\/p>\n\n\n\n<div class=\"is-layout-flex wp-container-9 wp-block-columns are-vertically-aligned-top\">\n<div class=\"is-layout-flow wp-block-column is-vertically-aligned-top\">\n<ul class=\"a1_tick-list\">\n<li>Multi-lokasjonsadministrasjon<\/li>\n\n\n\n<li>Brukerspesifikke roller<\/li>\n\n\n\n<li>Kontantstyring og transaksjonssporing<\/li>\n<\/ul>\n<\/div>\n\n\n\n<div class=\"is-layout-flow wp-block-column is-vertically-aligned-top\">\n<ul class=\"a1_tick-list\">\n<li>Fakturaer, betalinger og kontoutskrifter<\/li>\n\n\n\n<li>Kundedatabase og lojalitetsh\u00e5ndtering<\/li>\n\n\n\n<li>Standard og tilpassede rapporteringsalternativer<\/li>\n<\/ul>\n<\/div>\n<\/div>\n<\/div>\n<\/div><\/div>\n\n\n\n<div id=\"wp-block-themeisle-blocks-advanced-columns-2d05bb4c\" class=\"wp-block-themeisle-blocks-advanced-columns has-2-columns has-desktop-equal-layout has-tablet-equal-layout has-mobile-collapsedRows-layout has-vertical-unset feature-block\"><div class=\"wp-block-themeisle-blocks-advanced-columns-overlay\"><\/div><div class=\"innerblocks-wrap\">\n<div id=\"wp-block-themeisle-blocks-advanced-column-2a5f445e\" class=\"wp-block-themeisle-blocks-advanced-column\" data-aos=\"fade-right\" data-aos-duration=\"1200\"><div class=\"wp-block-image is-style-default\">\n<figure class=\"alignleft size-full\"><img decoding=\"async\" loading=\"lazy\" width=\"600\" height=\"600\" src=\"https:\/\/admit-one.co.uk\/wp-content\/uploads\/2023\/01\/products_back-office_operational-reports_result.webp\" alt=\"Driftsrapporter\" class=\"wp-image-12495\" srcset=\"https:\/\/admit-one.eu\/wp-content\/uploads\/2023\/01\/products_back-office_operational-reports_result.webp 600w, https:\/\/admit-one.eu\/wp-content\/uploads\/2023\/01\/products_back-office_operational-reports_result-300x300.webp 300w, https:\/\/admit-one.eu\/wp-content\/uploads\/2023\/01\/products_back-office_operational-reports_result-150x150.webp 150w, https:\/\/admit-one.eu\/wp-content\/uploads\/2023\/01\/products_back-office_operational-reports_result-12x12.webp 12w, https:\/\/admit-one.eu\/wp-content\/uploads\/2023\/01\/products_back-office_operational-reports_result-400x400.webp 400w\" sizes=\"(max-width: 600px) 100vw, 600px\" \/><\/figure><\/div><\/div>\n\n\n\n<div id=\"wp-block-themeisle-blocks-advanced-column-d6dd0e4f\" class=\"wp-block-themeisle-blocks-advanced-column\" data-aos=\"fade\" data-aos-duration=\"1200\">\n<h3 class=\"wp-block-heading\">Driftsrapporter<\/h3>\n\n\n\n<p>Som en viktig del av \u00e5 analysere kretsen eller spillestedets ytelse, gir v\u00e5rt standardsett med rapporter deg den n\u00f8yaktige informasjonen du trenger for \u00e5 forst\u00e5 alle operasjonelle omr\u00e5der av virksomheten din, i et lett tilgjengelig, lettlest format. Vi tilbyr ogs\u00e5 skreddersydde rapporter som passer dine individuelle behov, som teamet v\u00e5rt gjerne vil tilby som en ekstra pakke p\u00e5 foresp\u00f8rsel.&nbsp;<\/p>\n\n\n\n<div class=\"is-layout-flex wp-container-12 wp-block-columns are-vertically-aligned-top\">\n<div class=\"is-layout-flow wp-block-column is-vertically-aligned-top\">\n<ul class=\"a1_tick-list\">\n<li>Brukerrapporter for \u00e5 spore bemanningsberegninger&nbsp;<\/li>\n\n\n\n<li>Lagerrapporter for effektiv lagerstyring&nbsp;<\/li>\n\n\n\n<li>Kontantrapporter med fullstendig revisjonsspor for transaksjoner for sikker salgsavstemming&nbsp;<\/li>\n<\/ul>\n<\/div>\n\n\n\n<div class=\"is-layout-flow wp-block-column is-vertically-aligned-top\">\n<ul class=\"a1_tick-list\">\n<li>Nettstedsrapporter for en helhetlig oversikt over hver av lokasjonene dine&nbsp;<\/li>\n\n\n\n<li>Ytelses- og oppm\u00f8terapporter for \u00e5 hjelpe med \u00e5 administrere planlegging&nbsp;&nbsp;<\/li>\n<\/ul>\n<\/div>\n<\/div>\n<\/div>\n<\/div><\/div>\n\n\n\n<div id=\"wp-block-themeisle-blocks-advanced-columns-3f859f01\" class=\"wp-block-themeisle-blocks-advanced-columns has-2-columns has-desktop-equal-layout has-tablet-equal-layout has-mobile-collapsedRows-layout has-vertical-unset feature-block\"><div class=\"wp-block-themeisle-blocks-advanced-columns-overlay\"><\/div><div class=\"innerblocks-wrap\">\n<div id=\"wp-block-themeisle-blocks-advanced-column-b05911cf\" class=\"wp-block-themeisle-blocks-advanced-column\" data-aos=\"fade-right\" data-aos-duration=\"1200\"><div class=\"wp-block-image is-style-default\">\n<figure class=\"alignleft size-full\"><img decoding=\"async\" loading=\"lazy\" width=\"600\" height=\"600\" src=\"https:\/\/admit-one.co.uk\/wp-content\/uploads\/2023\/01\/products_local-and-ho_analytics_result.webp\" alt=\"Analytics\" class=\"wp-image-12496\" srcset=\"https:\/\/admit-one.eu\/wp-content\/uploads\/2023\/01\/products_local-and-ho_analytics_result.webp 600w, https:\/\/admit-one.eu\/wp-content\/uploads\/2023\/01\/products_local-and-ho_analytics_result-300x300.webp 300w, https:\/\/admit-one.eu\/wp-content\/uploads\/2023\/01\/products_local-and-ho_analytics_result-150x150.webp 150w, https:\/\/admit-one.eu\/wp-content\/uploads\/2023\/01\/products_local-and-ho_analytics_result-12x12.webp 12w, https:\/\/admit-one.eu\/wp-content\/uploads\/2023\/01\/products_local-and-ho_analytics_result-400x400.webp 400w\" sizes=\"(max-width: 600px) 100vw, 600px\" \/><\/figure><\/div><\/div>\n\n\n\n<div id=\"wp-block-themeisle-blocks-advanced-column-9551051d\" class=\"wp-block-themeisle-blocks-advanced-column\" data-aos=\"fade\" data-aos-duration=\"1200\">\n<h3 class=\"wp-block-heading\">Analytics<\/h3>\n\n\n\n<p>N\u00e5r virksomheten din trenger mer enn bare operasjonell rapportering, lar v\u00e5r fleksible API deg direkte mate datavarehuset ditt eller eksisterende BI-verkt\u00f8y. Alternativt kan du dra full nytte av v\u00e5r dype, integrasjon med Insights fra bransjeledere Showtime Analytics, for datadrevet beslutningstaking i sanntid for \u00e5 optimalisere bedriftens ytelse.&nbsp;<\/p>\n\n\n\n<div class=\"is-layout-flex wp-container-15 wp-block-columns are-vertically-aligned-top\">\n<div class=\"is-layout-flow wp-block-column is-vertically-aligned-top\">\n<ul class=\"a1_tick-list\">\n<li>Billettsalg, konsesjoner, belegg, bemanning, svindel, skjermer&nbsp;<\/li>\n\n\n\n<li>Drill-down, Bokmerke, Eksporter, Sammenlign, Trend&nbsp;<\/li>\n<\/ul>\n<\/div>\n\n\n\n<div class=\"is-layout-flow wp-block-column is-vertically-aligned-top\">\n<ul class=\"a1_tick-list\">\n<li>Filmtittel Automapping til Comscore Global ID-er&nbsp;<\/li>\n\n\n\n<li>Definer dine egne kretsniv\u00e5m\u00e5linger og aksjekategorisering&nbsp;<\/li>\n<\/ul>\n<\/div>\n<\/div>\n<\/div>\n<\/div><\/div>\n\n\n\n<div id=\"wp-block-themeisle-blocks-advanced-columns-01c14de9\" class=\"wp-block-themeisle-blocks-advanced-columns has-2-columns has-desktop-equal-layout has-tablet-collapsedRows-layout has-mobile-collapsedRows-layout has-vertical-unset call-to-action has-dark-bg\" data-aos=\"fade\" data-aos-duration=\"1200\"><div class=\"wp-block-themeisle-blocks-advanced-columns-overlay\"><\/div><div class=\"innerblocks-wrap\">\n<div id=\"wp-block-themeisle-blocks-advanced-column-aed9b021\" class=\"wp-block-themeisle-blocks-advanced-column\">\n<h2 class=\"wp-block-heading has-nv-site-bg-color has-text-color\">Klar til \u00e5 komme i gang med Admit One?<\/h2>\n\n\n\n<p class=\"has-nv-site-bg-color has-text-color\">La oss komme i gang&nbsp;<i class=\"icon-forward\"><\/i><\/p>\n<\/div>\n\n\n\n<div id=\"wp-block-themeisle-blocks-advanced-column-01e8791e\" class=\"wp-block-themeisle-blocks-advanced-column column-right\">\n<h4 class=\"wp-block-heading has-neve-text-color-color has-text-color\">Hjelp oss \u00e5 forst\u00e5 dine behov<\/h4>\n\n\n\n<p class=\"has-neve-text-color-color has-text-color\">Vi vet at hver virksomhet er forskjellig. Uansett dine unike krav, Admit One er her for \u00e5 tilby et tilpasset POS-system som fungerer for deg, hvert trinn p\u00e5 veien.<\/p>\n\n\n\n<ul class=\"a1_tick-list has-neve-text-color-color has-text-color\">\n<li>Fleksibel<\/li>\n\n\n\n<li>Rimelig<\/li>\n\n\n\n<li>Skalerbar<\/li>\n<\/ul>\n\n\n\n<div id=\"wp-block-themeisle-blocks-button-group-5e1b0e52\" class=\"wp-block-themeisle-blocks-button-group wp-block-buttons\">\n<div id=\"wp-block-themeisle-blocks-button-bdaccee1\" class=\"wp-block-themeisle-blocks-button wp-block-button is-style-primary\"><a href=\"https:\/\/admit-one.eu\/nb\/ta-kontakt\/\" target=\"_self\" rel=\"noopener noreferrer\" class=\"wp-block-button__link\"><span>La oss snakke<\/span><\/a><\/div>\n<\/div>\n<\/div>\n<\/div><\/div>","protected":false},"excerpt":{"rendered":"","protected":false},"author":1,"featured_media":0,"parent":14814,"menu_order":0,"comment_status":"closed","ping_status":"closed","template":"","meta":{"om_disable_all_campaigns":false,"_uag_custom_page_level_css":"","_mi_skip_tracking":false,"neve_meta_sidebar":"","neve_meta_container":"full-width","neve_meta_enable_content_width":"off","neve_meta_content_width":70,"neve_meta_title_alignment":"center","neve_meta_author_avatar":"","neve_post_elements_order":"","neve_meta_disable_header":"","neve_meta_disable_footer":"","neve_meta_disable_title":"on","neve_meta_reading_time":"","_themeisle_gutenberg_block_has_review":false},"categories":[],"tags":[],"folder":[90],"aioseo_notices":[],"uagb_featured_image_src":{"full":false,"thumbnail":false,"medium":false,"medium_large":false,"large":false,"1536x1536":false,"2048x2048":false,"trp-custom-language-flag":false,"neve-blog":false,"xl":false,"xxl":false,"xxxl":false,"xxxxl":false,"xxxxxl":false},"uagb_author_info":{"display_name":"James Gibson","author_link":"https:\/\/admit-one.eu\/nb\/blog\/author\/james-gibson\/"},"uagb_comment_info":0,"uagb_excerpt":null,"_links":{"self":[{"href":"https:\/\/admit-one.eu\/nb\/wp-json\/wp\/v2\/pages\/11984"}],"collection":[{"href":"https:\/\/admit-one.eu\/nb\/wp-json\/wp\/v2\/pages"}],"about":[{"href":"https:\/\/admit-one.eu\/nb\/wp-json\/wp\/v2\/types\/page"}],"author":[{"embeddable":true,"href":"https:\/\/admit-one.eu\/nb\/wp-json\/wp\/v2\/users\/1"}],"replies":[{"embeddable":true,"href":"https:\/\/admit-one.eu\/nb\/wp-json\/wp\/v2\/comments?post=11984"}],"version-history":[{"count":8,"href":"https:\/\/admit-one.eu\/nb\/wp-json\/wp\/v2\/pages\/11984\/revisions"}],"predecessor-version":[{"id":15113,"href":"https:\/\/admit-one.eu\/nb\/wp-json\/wp\/v2\/pages\/11984\/revisions\/15113"}],"up":[{"embeddable":true,"href":"https:\/\/admit-one.eu\/nb\/wp-json\/wp\/v2\/pages\/14814"}],"wp:attachment":[{"href":"https:\/\/admit-one.eu\/nb\/wp-json\/wp\/v2\/media?parent=11984"}],"wp:term":[{"taxonomy":"category","embeddable":true,"href":"https:\/\/admit-one.eu\/nb\/wp-json\/wp\/v2\/categories?post=11984"},{"taxonomy":"post_tag","embeddable":true,"href":"https:\/\/admit-one.eu\/nb\/wp-json\/wp\/v2\/tags?post=11984"},{"taxonomy":"folder","embeddable":true,"href":"https:\/\/admit-one.eu\/nb\/wp-json\/wp\/v2\/folder?post=11984"}],"curies":[{"name":"wp","href":"https:\/\/api.w.org\/{rel}","templated":true}]}}