{"id":11912,"date":"2023-01-05T15:21:58","date_gmt":"2023-01-05T15:21:58","guid":{"rendered":"https:\/\/admit-one.co.uk\/?page_id=11912"},"modified":"2024-02-22T16:31:25","modified_gmt":"2024-02-22T16:31:25","slug":"food-and-beverage","status":"publish","type":"page","link":"https:\/\/admit-one.eu\/nb\/losninger\/mat-og-drikke\/","title":{"rendered":"mat og Drikke"},"content":{"rendered":"<div id=\"wp-block-themeisle-blocks-advanced-columns-f3534b6f\" class=\"wp-block-themeisle-blocks-advanced-columns has-2-columns has-desktop-twoOne-layout has-tablet-equal-layout has-mobile-collapsedRows-layout has-reverse-columns-mobile has-vertical-unset has-vertical-undefined page-header\"><div class=\"wp-block-themeisle-blocks-advanced-columns-overlay\"><\/div><div class=\"innerblocks-wrap\">\n<div id=\"wp-block-themeisle-blocks-advanced-column-49529f4b\" class=\"wp-block-themeisle-blocks-advanced-column\" data-aos=\"fade\" data-aos-duration=\"1200\">\n<h1 class=\"wp-block-heading\">mat og Drikke<\/h1>\n\n\n\n<p>V\u00e5re funksjonsrike fullt integrerte mat- og drikkesystemer er designet for \u00e5 gi deg full kontroll, samtidig som de skaper en str\u00f8mlinjeformet opplevelse for personalet og leverer eksepsjonell service til kundene dine.<\/p>\n\n\n\n<p>Verkt\u00f8yene v\u00e5re tilbyr en smidig og effektiv m\u00e5te \u00e5 selge, administrere og spore alle dine mat- og drikkebestillinger, uansett st\u00f8rrelse og oppsett. S\u00f8ml\u00f8st integrert, enkelt \u00e5 konfigurere og enkelt \u00e5 administrere, systemet v\u00e5rt er designet for \u00e5 im\u00f8tekomme alle dine mat- og drikkebehov.<\/p>\n\n\n\n<div id=\"wp-block-themeisle-blocks-button-group-74f45ab7\" class=\"wp-block-themeisle-blocks-button-group wp-block-buttons\">\n<div id=\"wp-block-themeisle-blocks-button-6461b3a4\" class=\"wp-block-themeisle-blocks-button wp-block-button is-style-primary\"><a href=\"https:\/\/www.admit-one.co.uk\/request-demo\/\" target=\"_self\" rel=\"noopener noreferrer\" class=\"wp-block-button__link\"><span>Be om en demo <\/span><\/a><\/div>\n<\/div>\n<\/div>\n\n\n\n<div id=\"wp-block-themeisle-blocks-advanced-column-27c8e090\" class=\"wp-block-themeisle-blocks-advanced-column\" data-aos=\"fade-up\" data-aos-duration=\"1200\"><div class=\"wp-block-image is-style-default\">\n<figure class=\"aligncenter size-full\"><img decoding=\"async\" src=\"https:\/\/admit-one.co.uk\/wp-content\/uploads\/2023\/01\/image_f-and-b_result.webp\" alt=\"F&amp;B\" class=\"wp-image-12115\"\/><\/figure><\/div><\/div>\n<\/div><\/div>\n\n\n\n<div id=\"wp-block-themeisle-blocks-advanced-columns-2074d916\" class=\"wp-block-themeisle-blocks-advanced-columns has-2-columns has-desktop-equal-layout has-tablet-equal-layout has-mobile-collapsedRows-layout has-vertical-unset feature-block\"><div class=\"wp-block-themeisle-blocks-advanced-columns-overlay\"><\/div><div class=\"innerblocks-wrap\">\n<div id=\"wp-block-themeisle-blocks-advanced-column-945ee192\" class=\"wp-block-themeisle-blocks-advanced-column\" data-aos=\"fade-right\" data-aos-duration=\"1200\"><div class=\"wp-block-image is-style-default\">\n<figure class=\"alignleft size-full\"><img decoding=\"async\" loading=\"lazy\" width=\"600\" height=\"600\" src=\"https:\/\/admit-one.co.uk\/wp-content\/uploads\/2023\/01\/products_f-and-b_traditional-restaurant_result.webp\" alt=\"Tradisjonell restaurant\" class=\"wp-image-12241\" srcset=\"https:\/\/admit-one.eu\/wp-content\/uploads\/2023\/01\/products_f-and-b_traditional-restaurant_result.webp 600w, https:\/\/admit-one.eu\/wp-content\/uploads\/2023\/01\/products_f-and-b_traditional-restaurant_result-300x300.webp 300w, https:\/\/admit-one.eu\/wp-content\/uploads\/2023\/01\/products_f-and-b_traditional-restaurant_result-150x150.webp 150w, https:\/\/admit-one.eu\/wp-content\/uploads\/2023\/01\/products_f-and-b_traditional-restaurant_result-12x12.webp 12w, https:\/\/admit-one.eu\/wp-content\/uploads\/2023\/01\/products_f-and-b_traditional-restaurant_result-400x400.webp 400w\" sizes=\"(max-width: 600px) 100vw, 600px\" \/><\/figure><\/div><\/div>\n\n\n\n<div id=\"wp-block-themeisle-blocks-advanced-column-03cad4bb\" class=\"wp-block-themeisle-blocks-advanced-column\" data-aos=\"fade\" data-aos-duration=\"1200\">\n<h3 class=\"wp-block-heading\"><strong>Tradisjonell restaurant<\/strong><\/h3>\n\n\n\n<p>Str\u00f8mlinjeform hver del av din restaurantbestillingsprosess med ett integrert system, enten du er en dedikert restaurant eller en kino eller et underholdningssted som tilbyr spisesteder.<\/p>\n\n\n\n<div class=\"is-layout-flex wp-container-3 wp-block-columns are-vertically-aligned-top\">\n<div class=\"is-layout-flow wp-block-column is-vertically-aligned-top\">\n<ul class=\"a1_tick-list\">\n<li>Restaurant Bord planer<\/li>\n\n\n\n<li>Servit\u00f8rskjermer slik at kundene mottar bestillinger raskt og effektivt<\/li>\n<\/ul>\n<\/div>\n\n\n\n<div class=\"is-layout-flow wp-block-column is-vertically-aligned-top\">\n<ul class=\"a1_tick-list\">\n<li>Tabs og delte regninger<\/li>\n\n\n\n<li>Bordservice med QR-koder som lar kundene bestille uten \u00e5 vente p\u00e5 personalet&nbsp;<\/li>\n<\/ul>\n<\/div>\n<\/div>\n<\/div>\n<\/div><\/div>\n\n\n\n<div id=\"wp-block-themeisle-blocks-advanced-columns-cc15f29f\" class=\"wp-block-themeisle-blocks-advanced-columns has-2-columns has-desktop-equal-layout has-tablet-equal-layout has-mobile-collapsedRows-layout has-vertical-unset feature-block\"><div class=\"wp-block-themeisle-blocks-advanced-columns-overlay\"><\/div><div class=\"innerblocks-wrap\">\n<div id=\"wp-block-themeisle-blocks-advanced-column-56efa89b\" class=\"wp-block-themeisle-blocks-advanced-column\" data-aos=\"fade-right\" data-aos-duration=\"1200\"><div class=\"wp-block-image is-style-default\">\n<figure class=\"alignleft size-full\"><img decoding=\"async\" src=\"https:\/\/admit-one.co.uk\/wp-content\/uploads\/2023\\01\/products_f-and-b_kitchen_result.webp\" alt=\"Kj\u00f8kken\" class=\"wp-image-12240\"\/><\/figure><\/div><\/div>\n\n\n\n<div id=\"wp-block-themeisle-blocks-advanced-column-701410c9\" class=\"wp-block-themeisle-blocks-advanced-column\" data-aos=\"fade\" data-aos-duration=\"1200\">\n<h3 class=\"wp-block-heading\"><strong>Kj\u00f8kken<\/strong> sjef<\/h3>\n\n\n\n<p>Fra grunnleggende bestillingskrav, til fullt utstyrte scenarier basert p\u00e5 flere skjermer, Admit One er tilpasset arbeidsflytene dine p\u00e5 tvers av mat- og drikketilberedning, distribusjon og service, samtidig som den tilbyr full kontroll over POS-, kiosk-, stab- og kundeinformasjonsskjermkonfigurasjoner.<\/p>\n\n\n\n<div class=\"is-layout-flex wp-container-6 wp-block-columns are-vertically-aligned-top\">\n<div class=\"is-layout-flow wp-block-column is-vertically-aligned-top\">\n<ul class=\"a1_tick-list\">\n<li>S\u00f8ml\u00f8s integrasjon med alle salgskanaler (POS, ATM, A1Shop og Web) for \u00e5 holde oversikt over ordreoppfyllelsen din, og muligheten til \u00e5 integrere med 3<sup>rd<\/sup> party takeaway-systemer<\/li>\n\n\n\n<li>Send bestillinger direkte til kj\u00f8kkenskrivere og\/eller dedikerte restaurantskjermer<\/li>\n\n\n\n<li>Forberedelsesskjermer gir de ansatte all informasjonen de trenger for raskt \u00e5 utf\u00f8re bestillinger.<\/li>\n<\/ul>\n<\/div>\n\n\n\n<div class=\"is-layout-flow wp-block-column is-vertically-aligned-top\">\n<ul class=\"a1_tick-list\">\n<li>Bruk funksjonsknappen &quot;Se kj\u00f8kkenbestillinger&quot; p\u00e5 en POS for \u00e5 la POS fungere som en dedikert forberedelsesskjerm i stedet for bare \u00e5 stole p\u00e5 utskrevne ordrekvitteringer<\/li>\n\n\n\n<li>Integrer med persons\u00f8kersystemer n\u00e5r servit\u00f8rtjenesten benyttes<\/li>\n\n\n\n<li>Kundevendte ordrestatusskjermer holder k\u00f8ene i bevegelse og kundene dine informert<\/li>\n<\/ul>\n<\/div>\n<\/div>\n<\/div>\n<\/div><\/div>\n\n\n\n<div id=\"wp-block-themeisle-blocks-advanced-columns-a8614765\" class=\"wp-block-themeisle-blocks-advanced-columns has-2-columns has-desktop-equal-layout has-tablet-equal-layout has-mobile-collapsedRows-layout has-vertical-unset feature-block\"><div class=\"wp-block-themeisle-blocks-advanced-columns-overlay\"><\/div><div class=\"innerblocks-wrap\">\n<div id=\"wp-block-themeisle-blocks-advanced-column-a46e52cf\" class=\"wp-block-themeisle-blocks-advanced-column\" data-aos=\"fade-right\" data-aos-duration=\"1200\"><div class=\"wp-block-image is-style-default\">\n<figure class=\"alignleft size-full\"><img decoding=\"async\" src=\"https:\/\/admit-one.co.uk\/wp-content\/uploads\/2023\\01\/products_f-and-b_click-and-collect_result.webp\" alt=\"Klikk og hent\" class=\"wp-image-12238\"\/><\/figure><\/div><\/div>\n\n\n\n<div id=\"wp-block-themeisle-blocks-advanced-column-ca27a924\" class=\"wp-block-themeisle-blocks-advanced-column\" data-aos=\"fade\" data-aos-duration=\"1200\">\n<h3 class=\"wp-block-heading\"><strong>Klikk og hent<\/strong><\/h3>\n\n\n\n<p>Skap en rask og enkel opplevelse for kunder og ansatte med praktisk og kontaktl\u00f8s F&amp;B-forh\u00e5ndsbestilling fra hvor som helst, redusere ventetiden og frigj\u00f8re ansatte.<\/p>\n\n\n\n<div class=\"is-layout-flex wp-container-9 wp-block-columns are-vertically-aligned-top\">\n<div class=\"is-layout-flow wp-block-column is-vertically-aligned-top\">\n<ul class=\"a1_tick-list\">\n<li>Send bestillinger direkte til linjen for forberedelse fra web, app, A1-butikk, selvbetjeningskiosker eller POS&nbsp;<\/li>\n\n\n\n<li>St\u00f8tter b\u00e5de kj\u00f8kkenskrivere og skjermer<\/li>\n<\/ul>\n<\/div>\n\n\n\n<div class=\"is-layout-flow wp-block-column is-vertically-aligned-top\">\n<ul class=\"a1_tick-list\">\n<li>\u00d8k mersalget med tilleggsmeldinger n\u00e5r gjestene bestiller<\/li>\n\n\n\n<li>Innsamlingspunkter for ordresporing med sanntidsinformasjonsvisning for \u00e5 holde kundene informert<\/li>\n<\/ul>\n<\/div>\n<\/div>\n<\/div>\n<\/div><\/div>\n\n\n\n<div id=\"wp-block-themeisle-blocks-advanced-columns-541a8e0c\" class=\"wp-block-themeisle-blocks-advanced-columns has-2-columns has-desktop-equal-layout has-tablet-equal-layout has-mobile-collapsedRows-layout has-vertical-unset feature-block\"><div class=\"wp-block-themeisle-blocks-advanced-columns-overlay\"><\/div><div class=\"innerblocks-wrap\">\n<div id=\"wp-block-themeisle-blocks-advanced-column-df6c63c8\" class=\"wp-block-themeisle-blocks-advanced-column\" data-aos=\"fade-right\" data-aos-duration=\"1200\"><div class=\"wp-block-image is-style-default\">\n<figure class=\"alignleft size-full\"><img decoding=\"async\" src=\"https:\/\/admit-one.co.uk\/wp-content\/uploads\/2023\\01\/products_f-and-b_in-seat-dining_result.webp\" alt=\"In Seat Dining\" class=\"wp-image-12239\"\/><\/figure><\/div><\/div>\n\n\n\n<div id=\"wp-block-themeisle-blocks-advanced-column-033e93b9\" class=\"wp-block-themeisle-blocks-advanced-column\" data-aos=\"fade\" data-aos-duration=\"1200\">\n<h3 class=\"wp-block-heading\"><strong>In Seat Dining<\/strong><\/h3>\n\n\n\n<p>\u00d8k salgskanalene dine uten \u00e5 \u00f8ke bemanningen og hold kundene forn\u00f8yde ved \u00e5 slippe \u00e5 vente i synlige k\u00f8er.<\/p>\n\n\n\n<div class=\"is-layout-flex wp-container-12 wp-block-columns are-vertically-aligned-top\">\n<div class=\"is-layout-flow wp-block-column is-vertically-aligned-top\">\n<ul class=\"a1_tick-list\">\n<li>La kunder bestille fra sin egen enhet eller ta bestillingene deres der de sitter<\/li>\n\n\n\n<li>Velg hvilke elementer du vil gj\u00f8re tilgjengelig&nbsp;<\/li>\n<\/ul>\n<\/div>\n\n\n\n<div class=\"is-layout-flow wp-block-column is-vertically-aligned-top\">\n<ul class=\"a1_tick-list\">\n<li>Mat levert til setet ditt&nbsp;<\/li>\n\n\n\n<li>Avskj\u00e6ringstider for bestillinger per forestilling&nbsp;<\/li>\n<\/ul>\n<\/div>\n<\/div>\n<\/div>\n<\/div><\/div>\n\n\n\n<div id=\"wp-block-themeisle-blocks-advanced-columns-7c8d14a1\" class=\"wp-block-themeisle-blocks-advanced-columns has-2-columns has-desktop-equal-layout has-tablet-equal-layout has-mobile-collapsedRows-layout has-vertical-unset feature-block\"><div class=\"wp-block-themeisle-blocks-advanced-columns-overlay\"><\/div><div class=\"innerblocks-wrap\">\n<div id=\"wp-block-themeisle-blocks-advanced-column-6480c00f\" class=\"wp-block-themeisle-blocks-advanced-column\" data-aos=\"fade-right\" data-aos-duration=\"1200\"><div class=\"wp-block-image is-style-default\">\n<figure class=\"alignleft size-full\"><img decoding=\"async\" src=\"https:\/\/admit-one.co.uk\/wp-content\/uploads\/2023\\01\/products_f-and-b_a1-shop_result.webp\" alt=\"A1 Butikk\" class=\"wp-image-12237\"\/><\/figure><\/div><\/div>\n\n\n\n<div id=\"wp-block-themeisle-blocks-advanced-column-ed341c03\" class=\"wp-block-themeisle-blocks-advanced-column\" data-aos=\"fade\" data-aos-duration=\"1200\">\n<h3 class=\"wp-block-heading\">Mobil bestilling p\u00e5 stedet<\/h3>\n\n\n\n<h5 class=\"wp-block-heading\">Klar for kontaktl\u00f8s, problemfri bestilling?<\/h5>\n\n\n\n<p>Legg kraften til valg i hendene p\u00e5 kundene dine, og \u00f8k salget av mat og drikke, med mobil bestilling p\u00e5 stedet. \u00d8k kundetilfredsheten mens du holder personalet nede, og lever en kostnadseffektiv, funksjonsrik opplevelse til kundene dine fra kj\u00f8p til levering.&nbsp;<\/p>\n\n\n\n<div class=\"is-layout-flex wp-container-15 wp-block-columns are-vertically-aligned-top\">\n<div class=\"is-layout-flow wp-block-column is-vertically-aligned-top\">\n<ul class=\"a1_tick-list\">\n<li>Enkel tilgang p\u00e5 stedet med fleksible leverings- og hentemuligheter<\/li>\n\n\n\n<li>Fullt tilpassbar til din egen merkevarelogo og stil<\/li>\n\n\n\n<li>Nettbasert app designet for \u00e5 fungere p\u00e5 alle mobile enheter \u2013 ingen maskinvareinvestering eller appinstallasjon kreves<\/li>\n<\/ul>\n<\/div>\n\n\n\n<div class=\"is-layout-flow wp-block-column is-vertically-aligned-top\">\n<ul class=\"a1_tick-list\">\n<li>Innsamlingspunkter for ordresporing med sanntidsinformasjonsvisning<\/li>\n\n\n\n<li>Bordservice med QR-koder som lar kundene bestille uten \u00e5 vente p\u00e5 personalet<\/li>\n\n\n\n<li>In-Screen bestilling og levering driver ytterligere konsesjonssalg uten \u00e5 g\u00e5 tilbake til k\u00f8en<\/li>\n<\/ul>\n<\/div>\n<\/div>\n<\/div>\n<\/div><\/div>\n\n\n\n<div id=\"wp-block-themeisle-blocks-advanced-columns-01c14de9\" class=\"wp-block-themeisle-blocks-advanced-columns has-2-columns has-desktop-equal-layout has-tablet-collapsedRows-layout has-mobile-collapsedRows-layout has-vertical-unset call-to-action has-dark-bg\" data-aos=\"fade\" data-aos-duration=\"1200\"><div class=\"wp-block-themeisle-blocks-advanced-columns-overlay\"><\/div><div class=\"innerblocks-wrap\">\n<div id=\"wp-block-themeisle-blocks-advanced-column-aed9b021\" class=\"wp-block-themeisle-blocks-advanced-column\">\n<h2 class=\"wp-block-heading has-nv-site-bg-color has-text-color\">Klar til \u00e5 komme i gang med Admit One?<\/h2>\n\n\n\n<p class=\"has-nv-site-bg-color has-text-color\">La oss komme i gang&nbsp;<i class=\"icon-forward\"><\/i><\/p>\n<\/div>\n\n\n\n<div id=\"wp-block-themeisle-blocks-advanced-column-01e8791e\" class=\"wp-block-themeisle-blocks-advanced-column column-right\">\n<h4 class=\"wp-block-heading has-neve-text-color-color has-text-color\">Hjelp oss \u00e5 forst\u00e5 dine behov<\/h4>\n\n\n\n<p class=\"has-neve-text-color-color has-text-color\">Vi vet at hver virksomhet er forskjellig. Uansett dine unike krav, Admit One er her for \u00e5 tilby et tilpasset POS-system som fungerer for deg, hvert trinn p\u00e5 veien.<\/p>\n\n\n\n<ul class=\"a1_tick-list has-neve-text-color-color has-text-color\">\n<li>Fleksibel<\/li>\n\n\n\n<li>Rimelig<\/li>\n\n\n\n<li>Skalerbar<\/li>\n<\/ul>\n\n\n\n<div id=\"wp-block-themeisle-blocks-button-group-5e1b0e52\" class=\"wp-block-themeisle-blocks-button-group wp-block-buttons\">\n<div id=\"wp-block-themeisle-blocks-button-bdaccee1\" class=\"wp-block-themeisle-blocks-button wp-block-button is-style-primary\"><a href=\"https:\/\/admit-one.eu\/nb\/ta-kontakt\/\" target=\"_self\" rel=\"noopener noreferrer\" class=\"wp-block-button__link\"><span>La oss snakke<\/span><\/a><\/div>\n<\/div>\n<\/div>\n<\/div><\/div>","protected":false},"excerpt":{"rendered":"","protected":false},"author":1,"featured_media":0,"parent":14814,"menu_order":0,"comment_status":"closed","ping_status":"closed","template":"","meta":{"om_disable_all_campaigns":false,"_uag_custom_page_level_css":"","_mi_skip_tracking":false,"neve_meta_sidebar":"","neve_meta_container":"full-width","neve_meta_enable_content_width":"","neve_meta_content_width":0,"neve_meta_title_alignment":"center","neve_meta_author_avatar":"","neve_post_elements_order":"","neve_meta_disable_header":"","neve_meta_disable_footer":"","neve_meta_disable_title":"on","neve_meta_reading_time":"","_themeisle_gutenberg_block_has_review":false},"categories":[],"tags":[],"folder":[90],"aioseo_notices":[],"uagb_featured_image_src":{"full":false,"thumbnail":false,"medium":false,"medium_large":false,"large":false,"1536x1536":false,"2048x2048":false,"trp-custom-language-flag":false,"neve-blog":false,"xl":false,"xxl":false,"xxxl":false,"xxxxl":false,"xxxxxl":false},"uagb_author_info":{"display_name":"James Gibson","author_link":"https:\/\/admit-one.eu\/nb\/blog\/author\/james-gibson\/"},"uagb_comment_info":0,"uagb_excerpt":null,"_links":{"self":[{"href":"https:\/\/admit-one.eu\/nb\/wp-json\/wp\/v2\/pages\/11912"}],"collection":[{"href":"https:\/\/admit-one.eu\/nb\/wp-json\/wp\/v2\/pages"}],"about":[{"href":"https:\/\/admit-one.eu\/nb\/wp-json\/wp\/v2\/types\/page"}],"author":[{"embeddable":true,"href":"https:\/\/admit-one.eu\/nb\/wp-json\/wp\/v2\/users\/1"}],"replies":[{"embeddable":true,"href":"https:\/\/admit-one.eu\/nb\/wp-json\/wp\/v2\/comments?post=11912"}],"version-history":[{"count":6,"href":"https:\/\/admit-one.eu\/nb\/wp-json\/wp\/v2\/pages\/11912\/revisions"}],"predecessor-version":[{"id":15115,"href":"https:\/\/admit-one.eu\/nb\/wp-json\/wp\/v2\/pages\/11912\/revisions\/15115"}],"up":[{"embeddable":true,"href":"https:\/\/admit-one.eu\/nb\/wp-json\/wp\/v2\/pages\/14814"}],"wp:attachment":[{"href":"https:\/\/admit-one.eu\/nb\/wp-json\/wp\/v2\/media?parent=11912"}],"wp:term":[{"taxonomy":"category","embeddable":true,"href":"https:\/\/admit-one.eu\/nb\/wp-json\/wp\/v2\/categories?post=11912"},{"taxonomy":"post_tag","embeddable":true,"href":"https:\/\/admit-one.eu\/nb\/wp-json\/wp\/v2\/tags?post=11912"},{"taxonomy":"folder","embeddable":true,"href":"https:\/\/admit-one.eu\/nb\/wp-json\/wp\/v2\/folder?post=11912"}],"curies":[{"name":"wp","href":"https:\/\/api.w.org\/{rel}","templated":true}]}}