{"id":11808,"date":"2023-01-04T15:33:17","date_gmt":"2023-01-04T15:33:17","guid":{"rendered":"https:\/\/admit-one.co.uk\/?page_id=11808"},"modified":"2026-03-12T15:35:55","modified_gmt":"2026-03-12T15:35:55","slug":"lobby","status":"publish","type":"page","link":"https:\/\/admit-one.eu\/nb\/losninger\/lobbyen\/","title":{"rendered":"Lobbyen"},"content":{"rendered":"<div id=\"wp-block-themeisle-blocks-advanced-columns-f3534b6f\" class=\"wp-block-themeisle-blocks-advanced-columns has-2-columns has-desktop-twoOne-layout has-tablet-equal-layout has-mobile-collapsedRows-layout has-reverse-columns-mobile has-vertical-unset has-vertical-undefined page-header\"><div class=\"wp-block-themeisle-blocks-advanced-columns-overlay\"><\/div><div class=\"innerblocks-wrap\">\n<div id=\"wp-block-themeisle-blocks-advanced-column-49529f4b\" class=\"wp-block-themeisle-blocks-advanced-column\" data-aos=\"fade\" data-aos-duration=\"1200\">\n<h1 class=\"wp-block-heading\">Lobbyen<\/h1>\n\n\n\n<p>Lever den ultimate kundeopplevelsen med din egen automatiserte lobby. Enkel selvbetjening for kunder og intuitive operasjonelle verkt\u00f8y for ansatte, Admit One gir deg full fleksibilitet p\u00e5 tvers av arenalayout og kundeadministrasjon.<\/p>\n\n\n\n<div id=\"wp-block-themeisle-blocks-button-group-74f45ab7\" class=\"wp-block-themeisle-blocks-button-group wp-block-buttons\">\n<div id=\"wp-block-themeisle-blocks-button-6461b3a4\" class=\"wp-block-themeisle-blocks-button wp-block-button is-style-primary\"><a href=\"https:\/\/www.admit-one.co.uk\/request-demo\/\" target=\"_self\" rel=\"noopener noreferrer\" class=\"wp-block-button__link\"><span>Be om en demo <\/span><\/a><\/div>\n<\/div>\n<\/div>\n\n\n\n<div id=\"wp-block-themeisle-blocks-advanced-column-27c8e090\" class=\"wp-block-themeisle-blocks-advanced-column\" data-aos=\"fade-up\" data-aos-duration=\"1200\"><div class=\"wp-block-image is-style-default\">\n<figure class=\"aligncenter size-full\"><img decoding=\"async\" src=\"https:\/\/admit-one.co.uk\/wp-content\/uploads\/2023\/01\/image_lobby_result-1.webp\" alt=\"Lobbyen\" class=\"wp-image-12117\"\/><\/figure><\/div><\/div>\n<\/div><\/div>\n\n\n\n<div id=\"wp-block-themeisle-blocks-advanced-columns-1fb622c0\" class=\"wp-block-themeisle-blocks-advanced-columns has-1-columns has-desktop-equal-layout has-tablet-equal-layout has-mobile-equal-layout has-vertical-unset\"><div class=\"wp-block-themeisle-blocks-advanced-columns-overlay\"><\/div><div class=\"innerblocks-wrap\">\n<div id=\"wp-block-themeisle-blocks-advanced-column-3cab767c\" class=\"wp-block-themeisle-blocks-advanced-column\">\n<div style=\"height:1px\" aria-hidden=\"true\" id=\"self-service-kiosks\" class=\"wp-block-spacer id-spacer\"><\/div>\n<\/div>\n<\/div><\/div>\n\n\n\n<div id=\"wp-block-themeisle-blocks-advanced-columns-2074d916\" class=\"wp-block-themeisle-blocks-advanced-columns has-2-columns has-desktop-equal-layout has-tablet-oneTwo-layout has-mobile-collapsedRows-layout has-vertical-unset feature-block\"><div class=\"wp-block-themeisle-blocks-advanced-columns-overlay\"><\/div><div class=\"innerblocks-wrap\">\n<div id=\"wp-block-themeisle-blocks-advanced-column-945ee192\" class=\"wp-block-themeisle-blocks-advanced-column\" data-aos=\"fade-right\" data-aos-duration=\"1200\"><div class=\"wp-block-image is-style-default\">\n<figure class=\"alignleft size-full\"><img decoding=\"async\" src=\"https:\/\/admit-one.co.uk\/wp-content\/uploads\/2023\\01\/products_lobby_kiosk_result.webp\" alt=\"Kiosk\" class=\"wp-image-12103\"\/><\/figure><\/div><\/div>\n\n\n\n<div id=\"wp-block-themeisle-blocks-advanced-column-03cad4bb\" class=\"wp-block-themeisle-blocks-advanced-column\" data-aos=\"fade\" data-aos-duration=\"1200\">\n<h3 class=\"wp-block-heading\">Selvbetjeningskiosker<\/h3>\n\n\n\n<p>Optimaliser trafikkflyten og kj\u00f8r effektivt billett- og konsesjonssalg med v\u00e5re selvbetjente kiosker.<\/p>\n\n\n\n<div class=\"is-layout-flex wp-container-3 wp-block-columns are-vertically-aligned-top\">\n<div class=\"is-layout-flow wp-block-column is-vertically-aligned-top\">\n<ul class=\"a1_tick-list\">\n<li>Kj\u00f8p av billetter og konsesjoner p\u00e5 stedet<\/li>\n\n\n\n<li>Forh\u00e5ndsbestilt billett- og konsesjonssamling<\/li>\n\n\n\n<li>In-built pin pad and scanner supporting gift cards, QR codes or barcodes<\/li>\n<\/ul>\n<\/div>\n\n\n\n<div class=\"is-layout-flow wp-block-column is-vertically-aligned-top\">\n<ul class=\"a1_tick-list\">\n<li>Live visningstider og plakatbildevisning<\/li>\n\n\n\n<li>Utvalg av Windows-basert maskinvare, inkludert storskala frittst\u00e5ende kiosker og mindre bordbaserte selvbetjeningsmaskiner<\/li>\n\n\n\n<li>S\u00f8ml\u00f8s konsistent opplevelse p\u00e5 tvers av alle billettkj\u00f8pskanaler inkludert kiosk, web, apper, selvbetjening<\/li>\n<\/ul>\n<\/div>\n<\/div>\n<\/div>\n<\/div><\/div>\n\n\n\n<div id=\"wp-block-themeisle-blocks-advanced-columns-c05b25a2\" class=\"wp-block-themeisle-blocks-advanced-columns has-1-columns has-desktop-equal-layout has-tablet-equal-layout has-mobile-equal-layout has-vertical-unset\"><div class=\"wp-block-themeisle-blocks-advanced-columns-overlay\"><\/div><div class=\"innerblocks-wrap\">\n<div id=\"wp-block-themeisle-blocks-advanced-column-3a15c499\" class=\"wp-block-themeisle-blocks-advanced-column\">\n<div style=\"height:1px\" aria-hidden=\"true\" id=\"point-of-sale\" class=\"wp-block-spacer id-spacer\"><\/div>\n<\/div>\n<\/div><\/div>\n\n\n\n<div id=\"wp-block-themeisle-blocks-advanced-columns-c27efc0f\" class=\"wp-block-themeisle-blocks-advanced-columns has-2-columns has-desktop-equal-layout has-tablet-oneTwo-layout has-mobile-collapsedRows-layout has-vertical-unset feature-block\"><div class=\"wp-block-themeisle-blocks-advanced-columns-overlay\"><\/div><div class=\"innerblocks-wrap\">\n<div id=\"wp-block-themeisle-blocks-advanced-column-9b4ef16b\" class=\"wp-block-themeisle-blocks-advanced-column\" data-aos=\"fade-right\" data-aos-duration=\"1200\"><div class=\"wp-block-image is-style-default\">\n<figure class=\"alignleft size-full\"><img decoding=\"async\" src=\"https:\/\/admit-one.co.uk\/wp-content\/uploads\/2023\/01\/products_lobby_pos_result.webp\" alt=\"Utsalgssted\" class=\"wp-image-12104\"\/><\/figure><\/div><\/div>\n\n\n\n<div id=\"wp-block-themeisle-blocks-advanced-column-ed341c03\" class=\"wp-block-themeisle-blocks-advanced-column\" data-aos=\"fade\" data-aos-duration=\"1200\">\n<h3 class=\"wp-block-heading\">Utsalgssted<\/h3>\n\n\n\n<p>V\u00e5r Point-Of-Sale (POS) er din viktigste salgskanal til kundene dine. med funksjonsrik og p\u00e5litelig programvare kombinert med moderne og robust maskinvare, gir v\u00e5r tilpassbare l\u00f8sning deg et flytende og intuitivt ende-til-ende-system for overlegen kundeservice.<\/p>\n\n\n\n<div class=\"is-layout-flex wp-container-6 wp-block-columns are-vertically-aligned-top\">\n<div class=\"is-layout-flow wp-block-column is-vertically-aligned-top\">\n<ul class=\"a1_tick-list\">\n<li>Rask billett- og konsesjonssalg<\/li>\n\n\n\n<li>Integrert lagerstyring for operasjonell effektivitet<\/li>\n\n\n\n<li>Seamless integration with Membership\/Loyalty schemes facilitating Gift Cards, Vouchers, Discounts and Complimentary Tickets<\/li>\n<\/ul>\n<\/div>\n\n\n\n<div class=\"is-layout-flow wp-block-column is-vertically-aligned-top\">\n<ul class=\"a1_tick-list\">\n<li>Superlad din tjeneste p\u00e5 stedet med utvidede betalingsalternativer som Split-Bill, Bar Tab og Exchange Order<\/li>\n\n\n\n<li>Administrer ansatte og optimer kassererens effektivitet med fullt funksjonell treningsmodus, pauseleder og rolleprofiler<\/li>\n\n\n\n<li>Bredt utvalg av maskinvarealternativer, inkludert ny og ettermontering<\/li>\n<\/ul>\n<\/div>\n<\/div>\n<\/div>\n<\/div><\/div>\n\n\n\n<div id=\"wp-block-themeisle-blocks-advanced-columns-2fdd48c5\" class=\"wp-block-themeisle-blocks-advanced-columns has-2-columns has-desktop-equal-layout has-tablet-oneTwo-layout has-mobile-collapsedRows-layout has-vertical-unset feature-block\"><div class=\"wp-block-themeisle-blocks-advanced-columns-overlay\"><\/div><div class=\"innerblocks-wrap\">\n<div id=\"wp-block-themeisle-blocks-advanced-column-16b7b8fc\" class=\"wp-block-themeisle-blocks-advanced-column\" data-aos=\"fade-right\" data-aos-duration=\"1200\"><div class=\"wp-block-image is-style-default\">\n<figure class=\"alignleft size-full\"><img decoding=\"async\" src=\"https:\/\/admit-one.co.uk\/wp-content\/uploads\/2023\\01\/products_lobby_digital-signage_result.webp\" alt=\"Digital signering\" class=\"wp-image-12101\"\/><\/figure><\/div><\/div>\n\n\n\n<div id=\"wp-block-themeisle-blocks-advanced-column-4cd9b594\" class=\"wp-block-themeisle-blocks-advanced-column\" data-aos=\"fade\" data-aos-duration=\"1200\">\n<h3 class=\"wp-block-heading\">Digital signering<\/h3>\n\n\n\n<p>Lokk kunder med fantastiske visuelle skjermer p\u00e5 tvers av alle digitale skiltpunkter, med fullt tilpassbart innhold, sanntidsinformasjon og dynamiske medier. Enten du bruker Admit One&#039;s out of the box-l\u00f8sning, eller kobler til dine eksisterende digitale skiltingverkt\u00f8y gjennom v\u00e5re avanserte APIer, dekker vi deg for alle scenarier.&nbsp;<\/p>\n\n\n\n<div class=\"is-layout-flex wp-container-9 wp-block-columns are-vertically-aligned-top\">\n<div class=\"is-layout-flow wp-block-column is-vertically-aligned-top\">\n<ul class=\"a1_tick-list\">\n<li>Showtimes, Trailers, Countdowns, Takeovers, Meny Boards, Order Status and more<\/li>\n\n\n\n<li>Tilpass innhold for \u00e5 passe til enhver digital skjerm p\u00e5 kinoen din<\/li>\n<\/ul>\n<\/div>\n\n\n\n<div class=\"is-layout-flow wp-block-column is-vertically-aligned-top\">\n<ul class=\"a1_tick-list\">\n<li>Dynamisk produktprising gjennom integrasjon med A1 Stock<\/li>\n\n\n\n<li>Automatisk innholdshenting betyr ingen flere manuelle oppdateringer<\/li>\n<\/ul>\n<\/div>\n<\/div>\n<\/div>\n<\/div><\/div>\n\n\n\n<div id=\"wp-block-themeisle-blocks-advanced-columns-44fa43b9\" class=\"wp-block-themeisle-blocks-advanced-columns has-2-columns has-desktop-equal-layout has-tablet-oneTwo-layout has-mobile-collapsedRows-layout has-vertical-unset feature-block\"><div class=\"wp-block-themeisle-blocks-advanced-columns-overlay\"><\/div><div class=\"innerblocks-wrap\">\n<div id=\"wp-block-themeisle-blocks-advanced-column-55f282f4\" class=\"wp-block-themeisle-blocks-advanced-column\" data-aos=\"fade-right\" data-aos-duration=\"1200\"><div class=\"wp-block-image is-style-default\">\n<figure class=\"alignleft size-full\"><img decoding=\"async\" src=\"https:\/\/admit-one.co.uk\/wp-content\/uploads\/2023\/01\/products_lobby_usher-tools_result.webp\" alt=\"Usher-verkt\u00f8y\" class=\"wp-image-12105\"\/><\/figure><\/div><\/div>\n\n\n\n<div id=\"wp-block-themeisle-blocks-advanced-column-01f29e66\" class=\"wp-block-themeisle-blocks-advanced-column\" data-aos=\"fade\" data-aos-duration=\"1200\">\n<h3 class=\"wp-block-heading\">Usher-verkt\u00f8y<\/h3>\n\n\n\n<p>Lever raskere og tryggere service og hold betjentene dine oppdatert med &#039;Scan and Go&#039; A1 Usher-appen. Denne Android-baserte applikasjonen er tilgjengelig for bruk p\u00e5 de fleste Android-telefoner og -nettbrett, noe som betyr at du ikke er begrenset til de beste Datalogic\/Honeywell-enhetene.<\/p>\n\n\n\n<div class=\"is-layout-flex wp-container-12 wp-block-columns are-vertically-aligned-top\">\n<div class=\"is-layout-flow wp-block-column is-vertically-aligned-top\">\n<ul class=\"a1_tick-list\">\n<li>Billettvalidering<\/li>\n\n\n\n<li>Sal og forestillingsinformasjon<\/li>\n\n\n\n<li>St\u00f8tter QR og strekkoder<\/li>\n<\/ul>\n<\/div>\n\n\n\n<div class=\"is-layout-flow wp-block-column is-vertically-aligned-top\">\n<ul class=\"a1_tick-list\">\n<li>Usher-innstillinger<\/li>\n\n\n\n<li>Generer loggfiler<\/li>\n\n\n\n<li>Innloggings-\/utloggingsfunksjon og brukerprofiler for ekstra sikkerhet<\/li>\n<\/ul>\n<\/div>\n<\/div>\n<\/div>\n<\/div><\/div>\n\n\n\n<div id=\"wp-block-themeisle-blocks-advanced-columns-3ecc4437\" class=\"wp-block-themeisle-blocks-advanced-columns has-2-columns has-desktop-equal-layout has-tablet-oneTwo-layout has-mobile-collapsedRows-layout has-vertical-unset feature-block\"><div class=\"wp-block-themeisle-blocks-advanced-columns-overlay\"><\/div><div class=\"innerblocks-wrap\">\n<div id=\"wp-block-themeisle-blocks-advanced-column-d81315e0\" class=\"wp-block-themeisle-blocks-advanced-column\" data-aos=\"fade-right\" data-aos-duration=\"1200\"><div class=\"wp-block-image is-style-default\">\n<figure class=\"alignleft size-full\"><img decoding=\"async\" loading=\"lazy\" width=\"600\" height=\"600\" src=\"https:\/\/admit-one.co.uk\/wp-content\/uploads\/2023\/01\/products_lobby_gates_result.webp\" alt=\"Porter\" class=\"wp-image-12247\" srcset=\"https:\/\/admit-one.eu\/wp-content\/uploads\/2023\/01\/products_lobby_gates_result.webp 600w, https:\/\/admit-one.eu\/wp-content\/uploads\/2023\/01\/products_lobby_gates_result-300x300.webp 300w, https:\/\/admit-one.eu\/wp-content\/uploads\/2023\/01\/products_lobby_gates_result-150x150.webp 150w, https:\/\/admit-one.eu\/wp-content\/uploads\/2023\/01\/products_lobby_gates_result-12x12.webp 12w, https:\/\/admit-one.eu\/wp-content\/uploads\/2023\/01\/products_lobby_gates_result-400x400.webp 400w\" sizes=\"(max-width: 600px) 100vw, 600px\" \/><\/figure><\/div><\/div>\n\n\n\n<div id=\"wp-block-themeisle-blocks-advanced-column-bb795422\" class=\"wp-block-themeisle-blocks-advanced-column\" data-aos=\"fade\" data-aos-duration=\"1200\">\n<h3 class=\"wp-block-heading\">Automatisert inngang<\/h3>\n\n\n\n<p>Friheten til \u00e5 kontrollere str\u00f8mmen av kunder rundt lokalet ditt, og tilbyr rask og enkel friksjonsfri tilgang samtidig som du reduserer personalkostnadene dine. Enten du vil bruke dine eksisterende porter med v\u00e5r integrerte programvare, eller trenger en ende-til-ende maskinvare- og programvarel\u00f8sning som skal implementeres, har Admit One deg dekket.<strong>&nbsp;<\/strong><\/p>\n\n\n\n<div class=\"is-layout-flex wp-container-15 wp-block-columns are-vertically-aligned-top\">\n<div class=\"is-layout-flow wp-block-column is-vertically-aligned-top\">\n<ul class=\"a1_tick-list\">\n<li>Automatiseringsprogramvare for \u00e5 kontrollere og administrere tilgang, enten med eksisterende eiendom eller med full maskinvareforsyning<\/li>\n\n\n\n<li>Enkelt- eller dobbelfelts porter<\/li>\n\n\n\n<li>Elegant og moderne design med glassfront&nbsp;&nbsp;<\/li>\n<\/ul>\n<\/div>\n\n\n\n<div class=\"is-layout-flow wp-block-column is-vertically-aligned-top\">\n<ul class=\"a1_tick-list\">\n<li>Fargekodede LED-lys for \u00e5 skille billetttyper<\/li>\n\n\n\n<li>R\u00e5dgivning om arkitektonisk omr\u00e5deplan for \u00e5 maksimere flyten&nbsp;<\/li>\n<\/ul>\n<\/div>\n<\/div>\n<\/div>\n<\/div><\/div>\n\n\n\n<div id=\"wp-block-themeisle-blocks-advanced-columns-01c14de9\" class=\"wp-block-themeisle-blocks-advanced-columns has-2-columns has-desktop-equal-layout has-tablet-collapsedRows-layout has-mobile-collapsedRows-layout has-vertical-unset call-to-action has-dark-bg\" data-aos=\"fade\" data-aos-duration=\"1200\"><div class=\"wp-block-themeisle-blocks-advanced-columns-overlay\"><\/div><div class=\"innerblocks-wrap\">\n<div id=\"wp-block-themeisle-blocks-advanced-column-aed9b021\" class=\"wp-block-themeisle-blocks-advanced-column\">\n<h2 class=\"wp-block-heading has-nv-site-bg-color has-text-color\">Klar til \u00e5 komme i gang med Admit One?<\/h2>\n\n\n\n<p class=\"has-nv-site-bg-color has-text-color\">La oss komme i gang&nbsp;<i class=\"icon-forward\"><\/i><\/p>\n<\/div>\n\n\n\n<div id=\"wp-block-themeisle-blocks-advanced-column-01e8791e\" class=\"wp-block-themeisle-blocks-advanced-column column-right\">\n<h4 class=\"wp-block-heading has-neve-text-color-color has-text-color\">Hjelp oss \u00e5 forst\u00e5 dine behov<\/h4>\n\n\n\n<p class=\"has-neve-text-color-color has-text-color\">Vi vet at hver virksomhet er forskjellig. Uansett dine unike krav, Admit One er her for \u00e5 tilby et tilpasset POS-system som fungerer for deg, hvert trinn p\u00e5 veien.<\/p>\n\n\n\n<ul class=\"a1_tick-list has-neve-text-color-color has-text-color\">\n<li>Fleksibel<\/li>\n\n\n\n<li>Rimelig<\/li>\n\n\n\n<li>Skalerbar<\/li>\n<\/ul>\n\n\n\n<div id=\"wp-block-themeisle-blocks-button-group-5e1b0e52\" class=\"wp-block-themeisle-blocks-button-group wp-block-buttons\">\n<div id=\"wp-block-themeisle-blocks-button-bdaccee1\" class=\"wp-block-themeisle-blocks-button wp-block-button is-style-primary\"><a href=\"https:\/\/admit-one.eu\/nb\/ta-kontakt\/\" target=\"_self\" rel=\"noopener noreferrer\" class=\"wp-block-button__link\"><span>La oss snakke<\/span><\/a><\/div>\n<\/div>\n<\/div>\n<\/div><\/div>","protected":false},"excerpt":{"rendered":"","protected":false},"author":1,"featured_media":0,"parent":14814,"menu_order":0,"comment_status":"closed","ping_status":"closed","template":"","meta":{"om_disable_all_campaigns":false,"_uag_custom_page_level_css":"","_mi_skip_tracking":false,"neve_meta_sidebar":"","neve_meta_container":"full-width","neve_meta_enable_content_width":"on","neve_meta_content_width":100,"neve_meta_title_alignment":"","neve_meta_author_avatar":"","neve_post_elements_order":"","neve_meta_disable_header":"","neve_meta_disable_footer":"","neve_meta_disable_title":"on","neve_meta_reading_time":"","_themeisle_gutenberg_block_has_review":false},"categories":[],"tags":[],"folder":[90],"aioseo_notices":[],"uagb_featured_image_src":{"full":false,"thumbnail":false,"medium":false,"medium_large":false,"large":false,"1536x1536":false,"2048x2048":false,"trp-custom-language-flag":false,"neve-blog":false,"xl":false,"xxl":false,"xxxl":false,"xxxxl":false,"xxxxxl":false},"uagb_author_info":{"display_name":"James Gibson","author_link":"https:\/\/admit-one.eu\/nb\/blog\/author\/james-gibson\/"},"uagb_comment_info":0,"uagb_excerpt":null,"_links":{"self":[{"href":"https:\/\/admit-one.eu\/nb\/wp-json\/wp\/v2\/pages\/11808"}],"collection":[{"href":"https:\/\/admit-one.eu\/nb\/wp-json\/wp\/v2\/pages"}],"about":[{"href":"https:\/\/admit-one.eu\/nb\/wp-json\/wp\/v2\/types\/page"}],"author":[{"embeddable":true,"href":"https:\/\/admit-one.eu\/nb\/wp-json\/wp\/v2\/users\/1"}],"replies":[{"embeddable":true,"href":"https:\/\/admit-one.eu\/nb\/wp-json\/wp\/v2\/comments?post=11808"}],"version-history":[{"count":10,"href":"https:\/\/admit-one.eu\/nb\/wp-json\/wp\/v2\/pages\/11808\/revisions"}],"predecessor-version":[{"id":15729,"href":"https:\/\/admit-one.eu\/nb\/wp-json\/wp\/v2\/pages\/11808\/revisions\/15729"}],"up":[{"embeddable":true,"href":"https:\/\/admit-one.eu\/nb\/wp-json\/wp\/v2\/pages\/14814"}],"wp:attachment":[{"href":"https:\/\/admit-one.eu\/nb\/wp-json\/wp\/v2\/media?parent=11808"}],"wp:term":[{"taxonomy":"category","embeddable":true,"href":"https:\/\/admit-one.eu\/nb\/wp-json\/wp\/v2\/categories?post=11808"},{"taxonomy":"post_tag","embeddable":true,"href":"https:\/\/admit-one.eu\/nb\/wp-json\/wp\/v2\/tags?post=11808"},{"taxonomy":"folder","embeddable":true,"href":"https:\/\/admit-one.eu\/nb\/wp-json\/wp\/v2\/folder?post=11808"}],"curies":[{"name":"wp","href":"https:\/\/api.w.org\/{rel}","templated":true}]}}