{"id":9308,"date":"2022-05-30T10:50:19","date_gmt":"2022-05-30T09:50:19","guid":{"rendered":"https:\/\/admit-one.co.uk\/?page_id=9308"},"modified":"2025-11-13T09:36:30","modified_gmt":"2025-11-13T09:36:30","slug":"cookie-policy","status":"publish","type":"page","link":"https:\/\/admit-one.eu\/it\/gestione-dei-cookie\/","title":{"rendered":"Gestione dei Cookie"},"content":{"rendered":"<section id=\"wp-block-themeisle-blocks-advanced-columns-faf6acdf\" class=\"wp-block-themeisle-blocks-advanced-columns alignfull has-1-columns has-desktop-equal-layout has-tablet-equal-layout has-mobile-equal-layout has-vertical-center clip-btm-up has-dark-bg\"><div class=\"wp-block-themeisle-blocks-advanced-columns-overlay\"><\/div><div class=\"innerblocks-wrap\">\n<div id=\"wp-block-themeisle-blocks-advanced-column-7ec5acd4\" class=\"wp-block-themeisle-blocks-advanced-column\">\n<h1 id=\"wp-block-themeisle-blocks-advanced-heading-13ce2b13\" class=\"wp-block-themeisle-blocks-advanced-heading wp-block-themeisle-blocks-advanced-heading-13ce2b13\">Gestione dei Cookie<\/h1>\n<\/div>\n<\/div><\/section>\n\n\n\n<div style=\"height:20px\" aria-hidden=\"true\" class=\"wp-block-spacer\"><\/div>\n\n\n\n<p>Questa politica sui cookie spiega come il software collaborativo limitato (&quot;<strong>azienda<\/strong>&#8220;, &#8220;<strong>noi<\/strong>&#8220;, &#8220;<strong>noi<\/strong>&quot;, e &quot;<strong>i nostri<\/strong>&quot;) utilizza cookie e tecnologie simili per riconoscerti quando visiti i nostri siti Web all&#039;indirizzo&nbsp;<a href=\"https:\/\/admit-one.co.uk\/\" target=\"_blank\" rel=\"noreferrer noopener\">https:\/\/admit-one.co.uk<\/a>, (\u201c<strong>siti web<\/strong>\u201c). Spiega cosa sono queste tecnologie e perch\u00e9 le utilizziamo, nonch\u00e9 i tuoi diritti di controllarne l&#039;uso.<\/p>\n\n\n\n<p>In alcuni casi potremmo utilizzare i cookie per raccogliere informazioni personali o che diventano informazioni personali se le combiniamo con altre informazioni.<\/p>\n\n\n\n<h4>Cosa sono i cookie?<\/h4>\n\n\n\n<p>I cookie sono piccoli file di dati che vengono depositati sul tuo computer o dispositivo mobile quando visiti un sito web. I cookie sono ampiamente utilizzati dai proprietari di siti Web per far funzionare i loro siti Web o per funzionare in modo pi\u00f9 efficiente, nonch\u00e9 per fornire informazioni sui rapporti.<\/p>\n\n\n\n<p>I cookie impostati dal titolare del sito web (in questo caso, software collaborative limited) sono detti \u201ccookie di prima parte\u201d. I cookie impostati da soggetti diversi dal titolare del sito web sono detti \u201ccookie di terze parti\u201d. I cookie di terze parti consentono di fornire funzionalit\u00e0 o funzionalit\u00e0 di terze parti sul o tramite il sito Web (ad esempio pubblicit\u00e0, contenuti interattivi e analisi). Le parti che impostano questi cookie di terze parti possono riconoscere il tuo computer sia quando visita il sito Web in questione sia quando visita determinati altri siti Web.<\/p>\n\n\n\n<h4><strong>Perch\u00e9 utilizziamo i cookie?<\/strong><\/h4>\n\n\n\n<p>Utilizziamo cookie di prima e terza parte per diversi motivi. Alcuni cookie sono necessari per motivi tecnici per il funzionamento dei nostri siti Web e li chiamiamo cookie &quot;essenziali&quot; o &quot;strettamente necessari&quot;. Altri cookie ci consentono inoltre di tracciare e indirizzare gli interessi dei nostri utenti per migliorare l&#039;esperienza sulle nostre propriet\u00e0 online. Terze parti utilizzano i cookie attraverso i nostri siti Web per scopi pubblicitari, analitici e altri. Questo \u00e8 descritto pi\u00f9 dettagliatamente di seguito.<\/p>\n\n\n\n<p>I tipi specifici di cookie proprietari e di terze parti serviti attraverso i nostri siti Web e le finalit\u00e0 che svolgono sono descritti di seguito (si noti che i cookie specifici offerti possono variare a seconda delle specifiche propriet\u00e0 online visitate):<\/p>\n\n\n\n<h4><strong>Come posso controllare i cookie?<\/strong><\/h4>\n\n\n\n<p>Hai il diritto di decidere se accettare o rifiutare i cookie. Puoi esercitare i tuoi diritti sui cookie impostando le tue preferenze nel gestore del consenso ai cookie. Il gestore del consenso ai cookie ti consente di selezionare quali categorie di cookie accettare o rifiutare. I cookie essenziali non possono essere rifiutati in quanto strettamente necessari per fornirti i servizi.<\/p>\n\n\n\n<p>Il gestore del consenso ai cookie \u00e8 reperibile nel banner di notifica e sul nostro sito web. Se scegli di rifiutare i cookie, puoi comunque utilizzare il nostro sito Web anche se il tuo accesso ad alcune funzionalit\u00e0 e aree del nostro sito Web potrebbe essere limitato. Puoi anche impostare o modificare i controlli del tuo browser web per accettare o rifiutare i cookie. Poich\u00e9 i mezzi con cui puoi rifiutare i cookie attraverso i controlli del tuo browser web variano da browser a browser, dovresti visitare il menu di aiuto del tuo browser per ulteriori informazioni.<\/p>\n\n\n\n<p>Inoltre, la maggior parte delle reti pubblicitarie ti offre un modo per rinunciare alla pubblicit\u00e0 mirata. Se desideri saperne di pi\u00f9, visita il sito&nbsp;<a href=\"http:\/\/www.aboutads.info\/choices\/\" target=\"_blank\" rel=\"noreferrer noopener\">http:\/\/www.aboutads.info\/choices\/<\/a>&nbsp;o&nbsp;<a href=\"http:\/\/www.youronlinechoices.com\/\" target=\"_blank\" rel=\"noreferrer noopener\">http:\/\/www.youronlinechoices.com<\/a>.<\/p>\n\n\n\n<p>I tipi specifici di cookie proprietari e di terze parti serviti attraverso i nostri siti Web e le finalit\u00e0 che svolgono sono descritti nella tabella seguente (si noti che i cookie specifici serviti possono variare a seconda delle specifiche propriet\u00e0 online visitate):<strong>cookie essenziali del sito web:<\/strong><\/p>\n\n\n\n<p>Questi cookie sono strettamente necessari per fornirti i servizi disponibili attraverso i nostri siti Web e per utilizzare alcune delle sue funzionalit\u00e0, come l&#039;accesso ad aree protette.<\/p>\n\n\n\n<h4><strong>Cookie analitici e di personalizzazione:<\/strong><\/h4>\n\n\n\n<p>Questi cookie raccolgono informazioni che vengono utilizzate in forma aggregata per aiutarci a capire come vengono utilizzati i nostri siti Web o quanto sono efficaci le nostre campagne di marketing, o per aiutarci a personalizzare i nostri siti Web per te.<\/p>\n\n\n\n<figure class=\"wp-block-table\"><table><tbody><tr><td>Nome:<\/td><td>_ga<\/td><\/tr><tr><td>Scopo:<\/td><td>Registra un ID particolare utilizzato per ottenere dati sull&#039;utilizzo del sito Web da parte dell&#039;utente. \u00c8 un cookie http che scade dopo 2 anni.<\/td><\/tr><tr><td>Fornitore:<\/td><td>.ammetti-uno.eu<\/td><\/tr><tr><td>Servizio:<\/td><td>Statistiche di Google&nbsp;<a href=\"https:\/\/policies.google.com\/privacy\" target=\"_blank\" rel=\"noreferrer noopener\">visualizza l&#039;informativa sulla privacy del servizio<\/a>&nbsp;&nbsp;<\/td><\/tr><tr><td>Paese:<\/td><td>Regno Unito<\/td><\/tr><tr><td>Tipo:<\/td><td>HTTP_cookie<\/td><\/tr><tr><td>Scade tra:<\/td><td>1 anno 11 mesi 29 giorni<\/td><\/tr><tr><td>Nome:<\/td><td>#raccol<\/td><\/tr><tr><td>Scopo:<\/td><td>Invia dati come il comportamento del visitatore e il dispositivo a Google Analytics. \u00c8 in grado di tenere traccia del visitatore attraverso i canali e i dispositivi di marketing. \u00c8 un cookie di tipo pixel tracker la cui attivit\u00e0 dura all&#039;interno della sessione di navigazione.<\/td><\/tr><tr><td>Fornitore:<\/td><td>Admit-one.eu<\/td><\/tr><tr><td>Servizio:<\/td><td>Statistiche di Google&nbsp;<a href=\"https:\/\/policies.google.com\/privacy\" target=\"_blank\" rel=\"noreferrer noopener\">visualizza l&#039;informativa sulla privacy del servizio<\/a>&nbsp;&nbsp;<\/td><\/tr><tr><td>Paese:<\/td><td>Stati Uniti<\/td><\/tr><tr><td>Tipo:<\/td><td>Pixel_tracker<\/td><\/tr><tr><td>Scade tra:<\/td><td>Sessione<\/td><\/tr><tr><td><\/td><td><\/td><td><\/td><\/tr><\/tbody><\/table><\/figure>\n\n\n\n<figure class=\"wp-block-table\"><table><tbody><tr><td>Nome:<\/td><td>_gid<\/td><\/tr><tr><td>Scopo:<\/td><td>Mantiene una voce di ID univoco che viene quindi utilizzato per fornire dati statistici sull&#039;utilizzo del sito Web da parte dei visitatori. \u00c8 un tipo di cookie http e scade dopo una sessione di navigazione.<\/td><\/tr><tr><td>Fornitore:<\/td><td>.ammetti-uno.eu<\/td><\/tr><tr><td>Servizio:<\/td><td>Statistiche di Google&nbsp;<a href=\"https:\/\/policies.google.com\/privacy\" target=\"_blank\" rel=\"noreferrer noopener\">visualizza l&#039;informativa sulla privacy del servizio<\/a>&nbsp;&nbsp;<\/td><\/tr><tr><td>Paese:<\/td><td>Regno Unito<\/td><\/tr><tr><td>Tipo:<\/td><td>HTTP_cookie<\/td><\/tr><tr><td>Scade tra:<\/td><td>1 giorno<\/td><\/tr><tr><td>Nome:<\/td><td>_gat#<\/td><\/tr><tr><td>Scopo:<\/td><td>Consente a Google Analytics di regolare il tasso di richiesta. \u00c8 un tipo di cookie http che dura una sessione.<\/td><\/tr><tr><td>Fornitore:<\/td><td>.ammetti-uno.eu<\/td><\/tr><tr><td>Servizio:<\/td><td>Statistiche di Google&nbsp;<a href=\"https:\/\/policies.google.com\/privacy\" target=\"_blank\" rel=\"noreferrer noopener\">visualizza l&#039;informativa sulla privacy del servizio<\/a>&nbsp;&nbsp;<\/td><\/tr><tr><td>Paese:<\/td><td>Regno Unito<\/td><\/tr><tr><td>Tipo:<\/td><td>HTTP_cookie<\/td><\/tr><tr><td>Scade tra:<\/td><td>1 minuto<\/td><\/tr><tr><td><\/td><td><\/td><td><\/td><\/tr><\/tbody><\/table><\/figure>\n\n\n\n<h4>Cookie non classificati:<\/h4>\n\n\n\n<p>Si tratta di cookie che non sono stati ancora classificati. Stiamo classificando questi cookie con l&#039;aiuto dei loro fornitori.<\/p>\n\n\n\n<figure class=\"wp-block-table\"><table><tbody><tr><td>Nome:<\/td><td>Uuid<\/td><\/tr><tr><td>Scopo:<\/td><td>__________<\/td><\/tr><tr><td>Fornitore:<\/td><td>Sibautomation.com<\/td><\/tr><tr><td>Servizio:<\/td><td>__________ &nbsp;<\/td><\/tr><tr><td>Paese:<\/td><td>Stati Uniti<\/td><\/tr><tr><td>Tipo:<\/td><td>HTTP_cookie<\/td><\/tr><tr><td>Scade tra:<\/td><td>1 anno 29 giorni<\/td><\/tr><tr><td>Nome:<\/td><td>Sib_cuid<\/td><\/tr><tr><td>Scopo:<\/td><td>__________<\/td><\/tr><tr><td>Fornitore:<\/td><td>.ammetti-uno.eu<\/td><\/tr><tr><td>Servizio:<\/td><td>__________ &nbsp;<\/td><\/tr><tr><td>Paese:<\/td><td>Regno Unito<\/td><\/tr><tr><td>Tipo:<\/td><td>HTTP_cookie<\/td><\/tr><tr><td>Scade tra:<\/td><td>1 anno 29 giorni<\/td><\/tr><\/tbody><\/table><\/figure>\n\n\n\n<h4><strong>E le altre tecnologie di tracciamento, come i web beacon?<\/strong><\/h4>\n\n\n\n<p>I cookie non sono l&#039;unico modo per riconoscere o tracciare i visitatori di un sito web. Di tanto in tanto potremmo utilizzare altre tecnologie simili, come i web beacon (a volte chiamati &quot;pixel di tracciamento&quot; o &quot;clear gif&quot;). Si tratta di piccoli file grafici che contengono un identificatore univoco che ci consente di riconoscere quando qualcuno ha visitato i nostri siti Web o ha aperto un&#039;e-mail che li include. Questo ci consente, ad esempio, di monitorare i modelli di traffico degli utenti da una pagina all&#039;altra all&#039;interno di un sito Web, di fornire o comunicare con i cookie, di capire se sei arrivato al sito Web da una pubblicit\u00e0 online visualizzata su un sito Web di terze parti , per migliorare le prestazioni del sito e per misurare il successo delle campagne di e-mail marketing. In molti casi, queste tecnologie si basano sui cookie per funzionare correttamente, quindi rifiutare i cookie ne comprometter\u00e0 il funzionamento.<\/p>\n\n\n\n<h4><strong>Utilizzi flash cookie o oggetti condivisi locali?<\/strong><\/h4>\n\n\n\n<p>I siti Web possono anche utilizzare i cosiddetti &quot;cookie flash&quot; (noti anche come oggetti condivisi locali o &quot;lsos&quot;) per, tra le altre cose, raccogliere e archiviare informazioni sull&#039;utilizzo dei nostri servizi, prevenzione delle frodi e per altre operazioni del sito.<\/p>\n\n\n\n<p>Se non desideri che i cookie flash vengano archiviati sul tuo computer, puoi regolare le impostazioni del tuo flash player per bloccare la memorizzazione dei cookie flash utilizzando gli strumenti contenuti nel&nbsp;<a href=\"http:\/\/www.macromedia.com\/support\/documentation\/en\/flashplayer\/help\/settings_manager07.html#_blank\">pannello delle impostazioni di archiviazione del sito Web<\/a>. Puoi anche controllare i cookie flash andando su&nbsp;<a href=\"http:\/\/www.macromedia.com\/support\/documentation\/en\/flashplayer\/help\/settings_manager03.html#_blank\">pannello delle impostazioni di archiviazione globale<\/a>&nbsp;e seguendo le istruzioni (che possono includere istruzioni che spiegano, ad esempio, come eliminare i flash cookie esistenti (di cui alle \u201cinformazioni\u201d sul sito macromedia), come impedire che i flash lsos vengano installati sul tuo computer senza che ti venga richiesto, e (per flash player 8 e successivi) come bloccare i flash cookie che non vengono erogati dal gestore della pagina in cui ci si trova in quel momento).<\/p>\n\n\n\n<p>Si noti che l&#039;impostazione del flash player in modo da limitare o limitare l&#039;accettazione dei cookie flash pu\u00f2 ridurre o impedire la funzionalit\u00e0 di alcune applicazioni flash, incluse, potenzialmente, le applicazioni flash utilizzate in connessione con i nostri servizi o contenuti online.<\/p>\n\n\n\n<h4><strong>Servi pubblicit\u00e0 mirata?<\/strong><\/h4>\n\n\n\n<p>Terze parti possono inviare cookie sul tuo computer o dispositivo mobile per pubblicare pubblicit\u00e0 attraverso i nostri siti web. Queste societ\u00e0 possono utilizzare le informazioni sulle tue visite a questo e ad altri siti Web al fine di fornire annunci pubblicitari pertinenti su beni e servizi a cui potresti essere interessato. Possono anche utilizzare la tecnologia utilizzata per misurare l&#039;efficacia degli annunci pubblicitari. Ci\u00f2 pu\u00f2 essere ottenuto utilizzando cookie o web beacon per raccogliere informazioni sulle tue visite a questo e altri siti al fine di fornire annunci pubblicitari pertinenti su beni e servizi di potenziale interesse per te. Le informazioni raccolte attraverso questo processo non consentono a noi o loro di identificare il tuo nome, i dettagli di contatto o altri dettagli che ti identificano direttamente, a meno che tu non scelga di fornirli.<\/p>\n\n\n\n<h4><strong>Con quale frequenza aggiornerai questa cookie policy?<\/strong><\/h4>\n\n\n\n<p>Di tanto in tanto potremmo aggiornare questa politica sui cookie al fine di riflettere, ad esempio, modifiche ai cookie che utilizziamo o per altri motivi operativi, legali o normativi. Si prega quindi di rivisitare regolarmente questa politica sui cookie per rimanere informati sul nostro utilizzo dei cookie e delle tecnologie correlate.<\/p>\n\n\n\n<p>La data in cima a questa cookie policy indica quando \u00e8 stata aggiornata l&#039;ultima volta.<\/p>\n\n\n\n<h4><strong>Dove posso ottenere ulteriori informazioni?<\/strong><\/h4>\n\n\n\n<p>In caso di domande sul nostro utilizzo dei cookie o di altre tecnologie, inviare un&#039;e-mail a\u00a0<a href=\"mailto:info@admit-one.co.uk.local\">info@admit-one.co.uk<\/a>\u00a0o per posta a:<\/p>\n\n\n\n<p>Software collaborativo limitato<br>Unit 9 Albany Park<br>Cabot Lane<br>Poole BH17 7BX<br>Telefono: 01929 551356<\/p>","protected":false},"excerpt":{"rendered":"<p>Questa politica sui cookie spiega come collaborative software limited (&quot;societ\u00e0&quot;, &quot;noi&quot;, &quot;noi&quot; e &quot;nostro&quot;) utilizza i cookie e tecnologie simili per riconoscerti quando visiti i nostri siti Web all&#039;indirizzo https:\/\/admit-one.co. uk, (&quot;siti web&quot;). Spiega cosa sono queste tecnologie e perch\u00e9 le usiamo, cos\u00ec come i tuoi diritti per controllarne l&#039;uso. In alcuni casi potremmo utilizzare i cookie per...&nbsp;<a href=\"https:\/\/admit-one.eu\/it\/gestione-dei-cookie\/\" rel=\"bookmark\">Leggi di pi\u00f9 &quot;<span class=\"screen-reader-text\">Gestione dei Cookie<\/span><\/a><\/p>","protected":false},"author":1,"featured_media":0,"parent":0,"menu_order":0,"comment_status":"closed","ping_status":"closed","template":"","meta":{"om_disable_all_campaigns":false,"_uag_custom_page_level_css":"","_mi_skip_tracking":false,"neve_meta_sidebar":"","neve_meta_container":"","neve_meta_enable_content_width":"","neve_meta_content_width":0,"neve_meta_title_alignment":"","neve_meta_author_avatar":"","neve_post_elements_order":"","neve_meta_disable_header":"","neve_meta_disable_footer":"","neve_meta_disable_title":"on","neve_meta_reading_time":"","_themeisle_gutenberg_block_has_review":false},"categories":[],"tags":[],"folder":[91],"aioseo_notices":[],"uagb_featured_image_src":{"full":false,"thumbnail":false,"medium":false,"medium_large":false,"large":false,"1536x1536":false,"2048x2048":false,"trp-custom-language-flag":false,"neve-blog":false,"xl":false,"xxl":false,"xxxl":false,"xxxxl":false,"xxxxxl":false},"uagb_author_info":{"display_name":"James Gibson","author_link":"https:\/\/admit-one.eu\/it\/blog\/author\/james-gibson\/"},"uagb_comment_info":0,"uagb_excerpt":"This cookie policy explains how&nbsp;collaborative software limited&nbsp;(&#8220;company&#8220;, &#8220;we&#8220;, &#8220;us&#8220;, and &#8220;our&#8220;) uses cookies and similar technologies to recognize you when you visit our websites at&nbsp;https:\/\/admit-one.co.uk,&nbsp;(&#8220;websites&#8220;). It explains what these technologies are and why we use them, as well as your rights to control our use of them. In some cases we may use cookies to&hellip;&nbsp;Read&hellip;","_links":{"self":[{"href":"https:\/\/admit-one.eu\/it\/wp-json\/wp\/v2\/pages\/9308"}],"collection":[{"href":"https:\/\/admit-one.eu\/it\/wp-json\/wp\/v2\/pages"}],"about":[{"href":"https:\/\/admit-one.eu\/it\/wp-json\/wp\/v2\/types\/page"}],"author":[{"embeddable":true,"href":"https:\/\/admit-one.eu\/it\/wp-json\/wp\/v2\/users\/1"}],"replies":[{"embeddable":true,"href":"https:\/\/admit-one.eu\/it\/wp-json\/wp\/v2\/comments?post=9308"}],"version-history":[{"count":1,"href":"https:\/\/admit-one.eu\/it\/wp-json\/wp\/v2\/pages\/9308\/revisions"}],"predecessor-version":[{"id":15627,"href":"https:\/\/admit-one.eu\/it\/wp-json\/wp\/v2\/pages\/9308\/revisions\/15627"}],"wp:attachment":[{"href":"https:\/\/admit-one.eu\/it\/wp-json\/wp\/v2\/media?parent=9308"}],"wp:term":[{"taxonomy":"category","embeddable":true,"href":"https:\/\/admit-one.eu\/it\/wp-json\/wp\/v2\/categories?post=9308"},{"taxonomy":"post_tag","embeddable":true,"href":"https:\/\/admit-one.eu\/it\/wp-json\/wp\/v2\/tags?post=9308"},{"taxonomy":"folder","embeddable":true,"href":"https:\/\/admit-one.eu\/it\/wp-json\/wp\/v2\/folder?post=9308"}],"curies":[{"name":"wp","href":"https:\/\/api.w.org\/{rel}","templated":true}]}}