{"id":9298,"date":"2022-05-30T10:41:17","date_gmt":"2022-05-30T09:41:17","guid":{"rendered":"https:\/\/admit-one.co.uk\/?page_id=9298"},"modified":"2022-10-27T08:22:56","modified_gmt":"2022-10-27T07:22:56","slug":"faqs","status":"publish","type":"page","link":"https:\/\/admit-one.eu\/it\/domande-frequenti\/","title":{"rendered":"Domande frequenti"},"content":{"rendered":"<section id=\"wp-block-themeisle-blocks-advanced-columns-faf6acdf\" class=\"wp-block-themeisle-blocks-advanced-columns alignfull has-1-columns has-desktop-equal-layout has-tablet-equal-layout has-mobile-equal-layout has-vertical-center clip-btm-up\"><div class=\"wp-block-themeisle-blocks-advanced-columns-overlay\"><\/div><div class=\"innerblocks-wrap\">\n<div id=\"wp-block-themeisle-blocks-advanced-column-7ec5acd4\" class=\"wp-block-themeisle-blocks-advanced-column\">\n<h1 id=\"wp-block-themeisle-blocks-advanced-heading-13ce2b13\" class=\"wp-block-themeisle-blocks-advanced-heading wp-block-themeisle-blocks-advanced-heading-13ce2b13\">Domande frequenti<\/h1>\n<\/div>\n<\/div><\/section>\n\n\n\n<div id=\"wp-block-themeisle-blocks-accordion-2e85123d\" class=\"wp-block-themeisle-blocks-accordion\">\n<details class=\"wp-block-themeisle-blocks-accordion-item\"><summary class=\"wp-block-themeisle-blocks-accordion-item__title\"><div>Devo acquistare ogni modulo singolarmente?<\/div><\/summary><div class=\"wp-block-themeisle-blocks-accordion-item__content\">\n<p>No, A1 Suite \u00e8 un pacchetto completo che riteniamo sia tutto ci\u00f2 di cui hai bisogno per gestire con successo la tua sede. Usa tanto o poco quanto vuoi.<\/p>\n<\/div><\/details>\n\n\n\n<details class=\"wp-block-themeisle-blocks-accordion-item\"><summary class=\"wp-block-themeisle-blocks-accordion-item__title\"><div>Quanto costa utilizzare A1 Suite?<\/div><\/summary><div class=\"wp-block-themeisle-blocks-accordion-item__content\">\n<p>Per l&#039;utilizzo di Al Suite viene applicato un modesto canone mensile permanente per sito, insieme a una tariffa di scalabilit\u00e0* applicata a ciascuna transazione remota. La nostra politica dei prezzi \u00e8 orientata a rendere Al Suite il pi\u00f9 neutrale possibile in termini di costi.<\/p>\n\n\n\n<p>*La tariffa di scalabilit\u00e0 \u00e8 progettata per distinguere gli utenti su larga scala dagli operatori pi\u00f9 piccoli e viene applicata per transazione rispetto alle transazioni remote elaborate dal Web, dall&#039;app e dall&#039;unico Al Shop di APL.<\/p>\n<\/div><\/details>\n\n\n\n<details class=\"wp-block-themeisle-blocks-accordion-item\"><summary class=\"wp-block-themeisle-blocks-accordion-item__title\"><div>Offrite formazione?<\/div><\/summary><div class=\"wp-block-themeisle-blocks-accordion-item__content\">\n<p>S\u00ec, la formazione in loco o fuori sede \u00e8 disponibile su richiesta.<\/p>\n<\/div><\/details>\n\n\n\n<details class=\"wp-block-themeisle-blocks-accordion-item\"><summary class=\"wp-block-themeisle-blocks-accordion-item__title\"><div>Non risiedo nel Regno Unito, posso comunque utilizzare A1 Suite?<\/div><\/summary><div class=\"wp-block-themeisle-blocks-accordion-item__content\">\n<p>S\u00ec, il nostro team di supporto dedicato pu\u00f2 connettersi al tuo sito e assisterti in qualsiasi parte del mondo.<\/p>\n<\/div><\/details>\n\n\n\n<details class=\"wp-block-themeisle-blocks-accordion-item\"><summary class=\"wp-block-themeisle-blocks-accordion-item__title\"><div>Se ho una domanda posso parlare con qualcuno?<\/div><\/summary><div class=\"wp-block-themeisle-blocks-accordion-item__content\">\n<p>S\u00ec, a volte capiamo che devi solo parlare con qualcuno, il nostro team \u00e8 qui per te.<\/p>\n<\/div><\/details>\n\n\n\n<details class=\"wp-block-themeisle-blocks-accordion-item\"><summary class=\"wp-block-themeisle-blocks-accordion-item__title\"><div>Cosa succede se incontriamo problemi tecnici?<\/div><\/summary><div class=\"wp-block-themeisle-blocks-accordion-item__content\">\n<p>Il nostro team monitora sempre una serie di telematiche in background per garantire che tutto funzioni correttamente per te.<\/p>\n<\/div><\/details>\n<\/div>","protected":false},"excerpt":{"rendered":"","protected":false},"author":1,"featured_media":0,"parent":0,"menu_order":0,"comment_status":"closed","ping_status":"closed","template":"","meta":{"om_disable_all_campaigns":false,"_uag_custom_page_level_css":"","_mi_skip_tracking":false,"neve_meta_sidebar":"","neve_meta_container":"","neve_meta_enable_content_width":"","neve_meta_content_width":0,"neve_meta_title_alignment":"","neve_meta_author_avatar":"","neve_post_elements_order":"","neve_meta_disable_header":"","neve_meta_disable_footer":"","neve_meta_disable_title":"on","neve_meta_reading_time":"","_themeisle_gutenberg_block_has_review":false},"categories":[],"tags":[],"folder":[],"aioseo_notices":[],"uagb_featured_image_src":{"full":false,"thumbnail":false,"medium":false,"medium_large":false,"large":false,"1536x1536":false,"2048x2048":false,"trp-custom-language-flag":false,"neve-blog":false,"xl":false,"xxl":false,"xxxl":false,"xxxxl":false,"xxxxxl":false},"uagb_author_info":{"display_name":"James Gibson","author_link":"https:\/\/admit-one.eu\/it\/blog\/author\/james-gibson\/"},"uagb_comment_info":0,"uagb_excerpt":null,"_links":{"self":[{"href":"https:\/\/admit-one.eu\/it\/wp-json\/wp\/v2\/pages\/9298"}],"collection":[{"href":"https:\/\/admit-one.eu\/it\/wp-json\/wp\/v2\/pages"}],"about":[{"href":"https:\/\/admit-one.eu\/it\/wp-json\/wp\/v2\/types\/page"}],"author":[{"embeddable":true,"href":"https:\/\/admit-one.eu\/it\/wp-json\/wp\/v2\/users\/1"}],"replies":[{"embeddable":true,"href":"https:\/\/admit-one.eu\/it\/wp-json\/wp\/v2\/comments?post=9298"}],"version-history":[{"count":0,"href":"https:\/\/admit-one.eu\/it\/wp-json\/wp\/v2\/pages\/9298\/revisions"}],"wp:attachment":[{"href":"https:\/\/admit-one.eu\/it\/wp-json\/wp\/v2\/media?parent=9298"}],"wp:term":[{"taxonomy":"category","embeddable":true,"href":"https:\/\/admit-one.eu\/it\/wp-json\/wp\/v2\/categories?post=9298"},{"taxonomy":"post_tag","embeddable":true,"href":"https:\/\/admit-one.eu\/it\/wp-json\/wp\/v2\/tags?post=9298"},{"taxonomy":"folder","embeddable":true,"href":"https:\/\/admit-one.eu\/it\/wp-json\/wp\/v2\/folder?post=9298"}],"curies":[{"name":"wp","href":"https:\/\/api.w.org\/{rel}","templated":true}]}}