{"id":12345,"date":"2023-01-23T12:03:29","date_gmt":"2023-01-23T12:03:29","guid":{"rendered":"https:\/\/admit-one.co.uk\/?page_id=12345"},"modified":"2024-02-22T16:28:37","modified_gmt":"2024-02-22T16:28:37","slug":"client-services","status":"publish","type":"page","link":"https:\/\/admit-one.eu\/fr_be\/services-clients\/","title":{"rendered":"Services clients"},"content":{"rendered":"<div id=\"wp-block-themeisle-blocks-advanced-columns-f3534b6f\" class=\"wp-block-themeisle-blocks-advanced-columns alignfull has-1-columns has-desktop-twoOne-layout has-tablet-equal-layout has-mobile-collapsedRows-layout has-reverse-columns-mobile has-vertical-unset has-vertical-undefined\"><div class=\"wp-block-themeisle-blocks-advanced-columns-overlay\"><\/div><div class=\"innerblocks-wrap\">\n<div id=\"wp-block-themeisle-blocks-advanced-column-49529f4b\" class=\"wp-block-themeisle-blocks-advanced-column\" data-aos=\"fade\" data-aos-duration=\"1200\">\n<h1 class=\"has-text-align-center\">Services clients<\/h1>\n\n\n\n<h3 class=\"has-text-align-center\">En tant que fournisseurs de solutions de bout en bout, nous savons \u00e0 quel point il est important d&#039;avoir un partenaire technologique qui s&#039;occupe de tous les aspects de l&#039;\u00e9volution de votre entreprise. <\/h3>\n\n\n\n<p class=\"has-text-align-center\">Alors que la plate-forme principale d&#039;Admit One vous pr\u00e9pare au succ\u00e8s dans tous les domaines de la gestion de votre site, notre \u00e9quipe d&#039;experts propose une gamme compl\u00e8te de services pour garantir que chaque extension de votre offre de point de vente puisse \u00eatre livr\u00e9e.<\/p>\n<\/div>\n<\/div><div class=\"wp-block-themeisle-blocks-advanced-columns-separators bottom\"><svg id=\"slant\" fill=\"var(--nv-light-bg)\" viewbox=\"0 0 100 100\" width=\"100%\" height=\"100\" preserveaspectratio=\"none\" xmlns=\"http:\/\/www.w3.org\/2000\/svg\" class=\"rotate\"><path d=\"M0 0 L0 100 L100 0 Z\"><\/path><\/svg><\/div><\/div>\n\n\n\n<div class=\"is-layout-constrained wp-block-group alignfull panels-overlay\"><div class=\"wp-block-group__inner-container\">\n<section id=\"wp-block-themeisle-blocks-advanced-columns-652f49fc\" class=\"wp-block-themeisle-blocks-advanced-columns alignfull has-1-columns has-desktop-equal-layout has-tablet-equal-layout has-mobile-collapsedRows-layout has-vertical-center\"><div class=\"wp-block-themeisle-blocks-advanced-columns-overlay\"><\/div><div class=\"innerblocks-wrap\">\n<div id=\"wp-block-themeisle-blocks-advanced-column-251adaeb\" class=\"wp-block-themeisle-blocks-advanced-column\" data-aos=\"fade-up\" data-aos-duration=\"1200\">\n<h5 class=\"has-text-align-left has-neve-link-color-color has-text-color\">Bord A1<\/h5>\n\n\n\n<h4 class=\"has-text-align-left\">D\u00e9veloppement avanc\u00e9 sur mesure<\/h4>\n\n\n\n<p class=\"has-text-align-left\">Conseils et services de notre \u00e9quipe d&#039;experts en technologie pour soutenir les d\u00e9veloppements de produits personnalis\u00e9s et les int\u00e9grations tierces \u00e0 tous les niveaux, garantissant une exp\u00e9rience enti\u00e8rement connect\u00e9e et transparente pour le personnel et les clients.<\/p>\n<\/div>\n<\/div><\/section>\n\n\n\n<section id=\"wp-block-themeisle-blocks-advanced-columns-7cfa4517\" class=\"wp-block-themeisle-blocks-advanced-columns alignfull has-1-columns has-desktop-equal-layout has-tablet-equal-layout has-mobile-collapsedRows-layout has-vertical-center\"><div class=\"wp-block-themeisle-blocks-advanced-columns-overlay\"><\/div><div class=\"innerblocks-wrap\">\n<div id=\"wp-block-themeisle-blocks-advanced-column-41019e11\" class=\"wp-block-themeisle-blocks-advanced-column\" data-aos=\"fade-up\" data-aos-duration=\"1200\">\n<h5 class=\"has-text-align-left has-neve-link-color-color has-text-color\">Conception A1<\/h5>\n\n\n\n<h4 class=\"has-text-align-left\">UX\/UI d&#039;applications Web et mobiles<\/h4>\n\n\n\n<p class=\"has-text-align-left\">Am\u00e9liorez l&#039;exp\u00e9rience de votre marque avec un site Web personnalis\u00e9 et des services de conception de notre \u00e9quipe d\u00e9di\u00e9e de d\u00e9veloppeurs front-end, garantissant des id\u00e9es et des solutions innovantes pour impliquer davantage vos clients.<\/p>\n<\/div>\n<\/div><\/section>\n\n\n\n<section id=\"wp-block-themeisle-blocks-advanced-columns-96d34b63\" class=\"wp-block-themeisle-blocks-advanced-columns alignfull has-1-columns has-desktop-equal-layout has-tablet-equal-layout has-mobile-collapsedRows-layout has-vertical-center\"><div class=\"wp-block-themeisle-blocks-advanced-columns-overlay\"><\/div><div class=\"innerblocks-wrap\">\n<div id=\"wp-block-themeisle-blocks-advanced-column-f42c79d0\" class=\"wp-block-themeisle-blocks-advanced-column\" data-aos=\"fade-up\" data-aos-duration=\"1200\">\n<h5 class=\"has-text-align-left has-neve-link-color-color has-text-color\">Assistance A1<\/h5>\n\n\n\n<h4 class=\"has-text-align-left\"><strong>Assistance sur site et hors site<\/strong><\/h4>\n\n\n\n<p class=\"has-text-align-left\">Nos ing\u00e9nieurs d\u00e9vou\u00e9s s&#039;assurent que vous avez toujours de l&#039;aide quand vous en avez besoin, faisant de notre \u00e9quipe une extension de la v\u00f4tre. De l&#039;assistance virtuelle critique 24h\/24 et 7j\/7 aux installations et mises \u00e0 niveau sur site, notre \u00e9quipe est disponible dans la capacit\u00e9 dont vous avez besoin pour vous assurer de rester op\u00e9rationnel \u00e0 tout moment.<\/p>\n<\/div>\n<\/div><\/section>\n<\/div><\/div>\n\n\n\n<div id=\"wp-block-themeisle-blocks-advanced-columns-01c14de9\" class=\"wp-block-themeisle-blocks-advanced-columns has-2-columns has-desktop-equal-layout has-tablet-collapsedRows-layout has-mobile-collapsedRows-layout has-vertical-unset call-to-action has-dark-bg\" data-aos=\"fade\" data-aos-duration=\"1200\"><div class=\"wp-block-themeisle-blocks-advanced-columns-overlay\"><\/div><div class=\"innerblocks-wrap\">\n<div id=\"wp-block-themeisle-blocks-advanced-column-aed9b021\" class=\"wp-block-themeisle-blocks-advanced-column\">\n<h2 class=\"wp-block-heading has-nv-site-bg-color has-text-color\">Pr\u00eat \u00e0 commencer avec Admit One\u00a0?<\/h2>\n\n\n\n<p class=\"has-nv-site-bg-color has-text-color\">Commen\u00e7ons&nbsp;<i class=\"icon-forward\"><\/i><\/p>\n<\/div>\n\n\n\n<div id=\"wp-block-themeisle-blocks-advanced-column-01e8791e\" class=\"wp-block-themeisle-blocks-advanced-column column-right\">\n<h4 class=\"wp-block-heading has-neve-text-color-color has-text-color\">Aidez-nous \u00e0 comprendre vos besoins<\/h4>\n\n\n\n<p class=\"has-neve-text-color-color has-text-color\">Nous savons que chaque entreprise est diff\u00e9rente. Quelles que soient vos exigences uniques, Admit One est l\u00e0 pour vous proposer un syst\u00e8me de point de vente personnalis\u00e9 qui fonctionne pour vous, \u00e0 chaque \u00e9tape du processus.<\/p>\n\n\n\n<ul class=\"a1_tick-list has-neve-text-color-color has-text-color\">\n<li>Souple<\/li>\n\n\n\n<li>Abordable<\/li>\n\n\n\n<li>\u00c9volutif<\/li>\n<\/ul>\n\n\n\n<div id=\"wp-block-themeisle-blocks-button-group-5e1b0e52\" class=\"wp-block-themeisle-blocks-button-group wp-block-buttons\">\n<div id=\"wp-block-themeisle-blocks-button-bdaccee1\" class=\"wp-block-themeisle-blocks-button wp-block-button is-style-primary\"><a href=\"https:\/\/admit-one.eu\/fr_be\/entrer-en-contact\/\" target=\"_self\" rel=\"noopener noreferrer\" class=\"wp-block-button__link\"><span>Parlons<\/span><\/a><\/div>\n<\/div>\n<\/div>\n<\/div><\/div>","protected":false},"excerpt":{"rendered":"","protected":false},"author":1,"featured_media":0,"parent":0,"menu_order":0,"comment_status":"closed","ping_status":"closed","template":"","meta":{"om_disable_all_campaigns":false,"_uag_custom_page_level_css":"","_mi_skip_tracking":false,"neve_meta_sidebar":"","neve_meta_container":"full-width","neve_meta_enable_content_width":"","neve_meta_content_width":0,"neve_meta_title_alignment":"","neve_meta_author_avatar":"","neve_post_elements_order":"","neve_meta_disable_header":"","neve_meta_disable_footer":"","neve_meta_disable_title":"on","neve_meta_reading_time":"","_themeisle_gutenberg_block_has_review":false},"categories":[],"tags":[],"folder":[],"aioseo_notices":[],"uagb_featured_image_src":{"full":false,"thumbnail":false,"medium":false,"medium_large":false,"large":false,"1536x1536":false,"2048x2048":false,"trp-custom-language-flag":false,"neve-blog":false,"xl":false,"xxl":false,"xxxl":false,"xxxxl":false,"xxxxxl":false},"uagb_author_info":{"display_name":"James Gibson","author_link":"https:\/\/admit-one.eu\/fr_be\/blog\/author\/james-gibson\/"},"uagb_comment_info":0,"uagb_excerpt":null,"_links":{"self":[{"href":"https:\/\/admit-one.eu\/fr_be\/wp-json\/wp\/v2\/pages\/12345"}],"collection":[{"href":"https:\/\/admit-one.eu\/fr_be\/wp-json\/wp\/v2\/pages"}],"about":[{"href":"https:\/\/admit-one.eu\/fr_be\/wp-json\/wp\/v2\/types\/page"}],"author":[{"embeddable":true,"href":"https:\/\/admit-one.eu\/fr_be\/wp-json\/wp\/v2\/users\/1"}],"replies":[{"embeddable":true,"href":"https:\/\/admit-one.eu\/fr_be\/wp-json\/wp\/v2\/comments?post=12345"}],"version-history":[{"count":5,"href":"https:\/\/admit-one.eu\/fr_be\/wp-json\/wp\/v2\/pages\/12345\/revisions"}],"predecessor-version":[{"id":15565,"href":"https:\/\/admit-one.eu\/fr_be\/wp-json\/wp\/v2\/pages\/12345\/revisions\/15565"}],"wp:attachment":[{"href":"https:\/\/admit-one.eu\/fr_be\/wp-json\/wp\/v2\/media?parent=12345"}],"wp:term":[{"taxonomy":"category","embeddable":true,"href":"https:\/\/admit-one.eu\/fr_be\/wp-json\/wp\/v2\/categories?post=12345"},{"taxonomy":"post_tag","embeddable":true,"href":"https:\/\/admit-one.eu\/fr_be\/wp-json\/wp\/v2\/tags?post=12345"},{"taxonomy":"folder","embeddable":true,"href":"https:\/\/admit-one.eu\/fr_be\/wp-json\/wp\/v2\/folder?post=12345"}],"curies":[{"name":"wp","href":"https:\/\/api.w.org\/{rel}","templated":true}]}}