{"id":11988,"date":"2023-01-09T13:02:38","date_gmt":"2023-01-09T13:02:38","guid":{"rendered":"https:\/\/admit-one.co.uk\/?page_id=11988"},"modified":"2024-02-22T16:31:45","modified_gmt":"2024-02-22T16:31:45","slug":"guest-experience","status":"publish","type":"page","link":"https:\/\/admit-one.eu\/fr_be\/solutions\/experience-client\/","title":{"rendered":"Exp\u00e9rience client"},"content":{"rendered":"<div id=\"wp-block-themeisle-blocks-advanced-columns-f3534b6f\" class=\"wp-block-themeisle-blocks-advanced-columns has-2-columns has-desktop-twoOne-layout has-tablet-equal-layout has-mobile-collapsedRows-layout has-reverse-columns-mobile has-vertical-unset has-vertical-undefined page-header\"><div class=\"wp-block-themeisle-blocks-advanced-columns-overlay\"><\/div><div class=\"innerblocks-wrap\">\n<div id=\"wp-block-themeisle-blocks-advanced-column-49529f4b\" class=\"wp-block-themeisle-blocks-advanced-column\" data-aos=\"fade\" data-aos-duration=\"1200\">\n<h1>Exp\u00e9rience client<\/h1>\n\n\n\n<p>Faites revenir vos clients avec des programmes de r\u00e9compenses personnalisables et des incitations personnalis\u00e9es, con\u00e7us pour d\u00e9velopper votre entreprise et ravir vos clients.<\/p>\n\n\n\n<div id=\"wp-block-themeisle-blocks-button-group-74f45ab7\" class=\"wp-block-themeisle-blocks-button-group wp-block-buttons\">\n<div id=\"wp-block-themeisle-blocks-button-6461b3a4\" class=\"wp-block-themeisle-blocks-button wp-block-button is-style-primary\"><a href=\"https:\/\/www.admit-one.co.uk\/request-demo\/\" target=\"_self\" rel=\"noopener noreferrer\" class=\"wp-block-button__link\"><span>Demander une d\u00e9mo <\/span><\/a><\/div>\n<\/div>\n<\/div>\n\n\n\n<div id=\"wp-block-themeisle-blocks-advanced-column-27c8e090\" class=\"wp-block-themeisle-blocks-advanced-column\" data-aos=\"fade-up\" data-aos-duration=\"1200\"><div class=\"wp-block-image is-style-default\">\n<figure class=\"aligncenter size-full\"><img decoding=\"async\" src=\"https:\/\/admit-one.co.uk\/wp-content\/uploads\/2023\/01\/image_guest-experience_result-1.webp\" alt=\"Exp\u00e9rience client\" class=\"wp-image-12116\"\/><\/figure><\/div><\/div>\n<\/div><\/div>\n\n\n\n<div id=\"wp-block-themeisle-blocks-advanced-columns-2074d916\" class=\"wp-block-themeisle-blocks-advanced-columns has-2-columns has-desktop-equal-layout has-tablet-equal-layout has-mobile-collapsedRows-layout has-vertical-unset feature-block\"><div class=\"wp-block-themeisle-blocks-advanced-columns-overlay\"><\/div><div class=\"innerblocks-wrap\">\n<div id=\"wp-block-themeisle-blocks-advanced-column-945ee192\" class=\"wp-block-themeisle-blocks-advanced-column\" data-aos=\"fade-right\" data-aos-duration=\"1200\"><div class=\"wp-block-image is-style-default\">\n<figure class=\"alignleft size-full\"><img decoding=\"async\" src=\"https:\/\/admit-one.co.uk\/wp-content\/uploads\/2023\\01\/products_guest-experience_loyalty-membership_result.webp\" alt=\"Fid\u00e9lit\u00e9 et adh\u00e9sion\" class=\"wp-image-12243\"\/><\/figure><\/div><\/div>\n\n\n\n<div id=\"wp-block-themeisle-blocks-advanced-column-03cad4bb\" class=\"wp-block-themeisle-blocks-advanced-column\" data-aos=\"fade\" data-aos-duration=\"1200\">\n<h3>Fid\u00e9lit\u00e9 &amp; Adh\u00e9sion<\/h3>\n\n\n\n<p>Qu&#039;il s&#039;agisse de d\u00e9velopper un nouveau programme ou d&#039;en int\u00e9grer un existant, r\u00e9compenser vos clients n&#039;a jamais \u00e9t\u00e9 aussi simple gr\u00e2ce \u00e0 nos modules de fid\u00e9lit\u00e9 et d&#039;adh\u00e9sion flexibles et riches en fonctionnalit\u00e9s. Augmentez la fr\u00e9quence des clients et d\u00e9pensez avec un programme de fid\u00e9lit\u00e9 con\u00e7u sur mesure pour votre entreprise, du basique au sur mesure et tout le reste.<\/p>\n\n\n\n<div class=\"is-layout-flex wp-container-3 wp-block-columns are-vertically-aligned-top\">\n<div class=\"is-layout-flow wp-block-column is-vertically-aligned-top\">\n<ul class=\"a1_tick-list\">\n<li>Points, remises, offres mon\u00e9taires<\/li>\n\n\n\n<li>Programmes \u00e0 plusieurs niveaux avec des r\u00e9compenses flexibles<\/li>\n\n\n\n<li>Int\u00e9gration avec l&#039;existant 3<sup>rd<\/sup> syst\u00e8mes de partis<\/li>\n\n\n\n<li>Acc\u00e8s au compte client pour consulter le statut d&#039;adh\u00e9sion, les soldes de points et les promotions<\/li>\n\n\n\n<li>Association transactionnelle compl\u00e8te sur tous les canaux<\/li>\n<\/ul>\n<\/div>\n\n\n\n<div class=\"is-layout-flow wp-block-column is-vertically-aligned-top\">\n<ul class=\"a1_tick-list\">\n<li>Cartes de membre et de fid\u00e9lit\u00e9 num\u00e9riques et physiques<\/li>\n\n\n\n<li>Donn\u00e9es d&#039;adh\u00e9sion et de fid\u00e9lit\u00e9 synchronis\u00e9es avec votre outil marketing avec notre API avanc\u00e9e, vous permettant de d\u00e9clencher des campagnes bas\u00e9es sur des donn\u00e9es en temps r\u00e9el<\/li>\n\n\n\n<li>Bouclez la boucle avec vos clients gr\u00e2ce \u00e0 la r\u00e9\u00e9criture des outils marketing vers le point de vente, y compris les transactions, les soldes de points et le statut marketing<\/li>\n<\/ul>\n<\/div>\n<\/div>\n<\/div>\n<\/div><\/div>\n\n\n\n<div id=\"wp-block-themeisle-blocks-advanced-columns-adedf2b1\" class=\"wp-block-themeisle-blocks-advanced-columns has-2-columns has-desktop-equal-layout has-tablet-equal-layout has-mobile-collapsedRows-layout has-vertical-unset feature-block\"><div class=\"wp-block-themeisle-blocks-advanced-columns-overlay\"><\/div><div class=\"innerblocks-wrap\">\n<div id=\"wp-block-themeisle-blocks-advanced-column-c85a1b5a\" class=\"wp-block-themeisle-blocks-advanced-column\" data-aos=\"fade-right\" data-aos-duration=\"1200\"><div class=\"wp-block-image is-style-default\">\n<figure class=\"alignleft size-full\"><img decoding=\"async\" src=\"https:\/\/admit-one.co.uk\/wp-content\/uploads\/2023\\01\/products_guest-experience_gift-cards-vouchers_result.webp\" alt=\"Cartes-cadeaux et bons d&#039;achat\" class=\"wp-image-12242\"\/><\/figure><\/div><\/div>\n\n\n\n<div id=\"wp-block-themeisle-blocks-advanced-column-d67ecbfb\" class=\"wp-block-themeisle-blocks-advanced-column\" data-aos=\"fade\" data-aos-duration=\"1200\">\n<h3>Cartes-cadeaux et bons d&#039;achat<\/h3>\n\n\n\n<p>La vente de cartes-cadeaux et de bons d&#039;achat est un excellent moyen pour vos clients d&#039;inviter leurs amis et leur famille dans votre cin\u00e9ma et pour vous d&#039;augmenter vos revenus, votre client\u00e8le et de promouvoir votre marque.<\/p>\n\n\n\n<div class=\"is-layout-flex wp-container-6 wp-block-columns are-vertically-aligned-top\">\n<div class=\"is-layout-flow wp-block-column is-vertically-aligned-top\">\n<ul class=\"a1_tick-list\">\n<li>Prend en charge les bons et les cartes-cadeaux num\u00e9riques et physiques<\/li>\n\n\n\n<li>\u00c9change facile pour les clients lors de la r\u00e9servation via n&#039;importe quel canal de vente<\/li>\n<\/ul>\n<\/div>\n\n\n\n<div class=\"is-layout-flow wp-block-column is-vertically-aligned-top\">\n<ul class=\"a1_tick-list\">\n<li>Les clients peuvent v\u00e9rifier le solde de leur e-carte cadeau facilement en ligne, depuis votre site Web ou depuis votre application<\/li>\n\n\n\n<li>Suivez toutes les ventes de bons et de cartes-cadeaux via le si\u00e8ge social avec une visibilit\u00e9 et une gestion compl\u00e8tes des jetons non \u00e9chang\u00e9s et expir\u00e9s<\/li>\n<\/ul>\n<\/div>\n<\/div>\n<\/div>\n<\/div><\/div>\n\n\n\n<div id=\"wp-block-themeisle-blocks-advanced-columns-f87949f2\" class=\"wp-block-themeisle-blocks-advanced-columns has-2-columns has-desktop-equal-layout has-tablet-equal-layout has-mobile-collapsedRows-layout has-vertical-unset feature-block\"><div class=\"wp-block-themeisle-blocks-advanced-columns-overlay\"><\/div><div class=\"innerblocks-wrap\">\n<div id=\"wp-block-themeisle-blocks-advanced-column-03609fad\" class=\"wp-block-themeisle-blocks-advanced-column\" data-aos=\"fade-right\" data-aos-duration=\"1200\"><div class=\"wp-block-image is-style-default\">\n<figure class=\"alignleft size-full\"><img decoding=\"async\" src=\"https:\/\/admit-one.co.uk\/wp-content\/uploads\/2023\\01\/products_guest-experience_promos-discounts_result.webp\" alt=\"Promotions et remises\" class=\"wp-image-12245\"\/><\/figure><\/div><\/div>\n\n\n\n<div id=\"wp-block-themeisle-blocks-advanced-column-968956cf\" class=\"wp-block-themeisle-blocks-advanced-column\" data-aos=\"fade\" data-aos-duration=\"1200\">\n<h3>Promotions et r\u00e9ductions<\/h3>\n\n\n\n<p>Notre syst\u00e8me vous permet d&#039;appliquer et de g\u00e9rer facilement des promotions et des remises pour g\u00e9n\u00e9rer des r\u00e9servations suppl\u00e9mentaires et des ventes incitatives.<\/p>\n\n\n\n<div class=\"is-layout-flex wp-container-9 wp-block-columns are-vertically-aligned-top\">\n<div class=\"is-layout-flow wp-block-column is-vertically-aligned-top\">\n<ul class=\"a1_tick-list\">\n<li>Codes uniques et multi-offres<\/li>\n\n\n\n<li>Offrez des remises, des extensions gratuites ou d\u00e9bloquez des promotions sp\u00e9ciales avec des codes<\/li>\n<\/ul>\n<\/div>\n\n\n\n<div class=\"is-layout-flow wp-block-column is-vertically-aligned-top\">\n<ul class=\"a1_tick-list\">\n<li>D\u00e9finir les r\u00e8gles d&#039;emplacement et d&#039;expiration&nbsp;<\/li>\n\n\n\n<li>D\u00e9finissez des r\u00e8gles sur mesure pour d\u00e9clencher des r\u00e9compenses pour vos clients, comme les anniversaires de renouvellement ou les anniversaires<\/li>\n<\/ul>\n<\/div>\n<\/div>\n<\/div>\n<\/div><\/div>\n\n\n\n<div id=\"wp-block-themeisle-blocks-advanced-columns-64c1c2f4\" class=\"wp-block-themeisle-blocks-advanced-columns has-2-columns has-desktop-equal-layout has-tablet-equal-layout has-mobile-collapsedRows-layout has-vertical-unset feature-block\"><div class=\"wp-block-themeisle-blocks-advanced-columns-overlay\"><\/div><div class=\"innerblocks-wrap\">\n<div id=\"wp-block-themeisle-blocks-advanced-column-6c41a377\" class=\"wp-block-themeisle-blocks-advanced-column\" data-aos=\"fade-right\" data-aos-duration=\"1200\"><div class=\"wp-block-image is-style-default\">\n<figure class=\"alignleft size-full\"><img decoding=\"async\" loading=\"lazy\" width=\"600\" height=\"600\" src=\"https:\/\/admit-one.co.uk\/wp-content\/uploads\/2023\/01\/products_guest-experience_marketing-integrations_result-1.webp\" alt=\"Int\u00e9grations marketing\" class=\"wp-image-12494\" srcset=\"https:\/\/admit-one.eu\/wp-content\/uploads\/2023\/01\/products_guest-experience_marketing-integrations_result-1.webp 600w, https:\/\/admit-one.eu\/wp-content\/uploads\/2023\/01\/products_guest-experience_marketing-integrations_result-1-300x300.webp 300w, https:\/\/admit-one.eu\/wp-content\/uploads\/2023\/01\/products_guest-experience_marketing-integrations_result-1-150x150.webp 150w, https:\/\/admit-one.eu\/wp-content\/uploads\/2023\/01\/products_guest-experience_marketing-integrations_result-1-12x12.webp 12w, https:\/\/admit-one.eu\/wp-content\/uploads\/2023\/01\/products_guest-experience_marketing-integrations_result-1-400x400.webp 400w\" sizes=\"(max-width: 600px) 100vw, 600px\" \/><\/figure><\/div><\/div>\n\n\n\n<div id=\"wp-block-themeisle-blocks-advanced-column-d3e90953\" class=\"wp-block-themeisle-blocks-advanced-column\" data-aos=\"fade\" data-aos-duration=\"1200\">\n<h3>Int\u00e9grations marketing<\/h3>\n\n\n\n<p>Notre API flexible vous garantit la libert\u00e9 de vous int\u00e9grer \u00e0 votre CRM et \u00e0 la plateforme de marketing num\u00e9rique de votre choix, garantissant une exp\u00e9rience transparente et en boucle ferm\u00e9e pour tout le monde. Alternativement, vous pouvez profiter pleinement de notre int\u00e9gration profonde avec Engage des leaders de l&#039;industrie Showtime Analytics, et activer votre public gr\u00e2ce \u00e0 des mod\u00e8les de donn\u00e9es comportementales conduisant \u00e0 des exp\u00e9riences personnalis\u00e9es, automatis\u00e9es et engageantes.<\/p>\n\n\n\n<div class=\"is-layout-flex wp-container-12 wp-block-columns are-vertically-aligned-top\">\n<div class=\"is-layout-flow wp-block-column is-vertically-aligned-top\">\n<ul class=\"a1_tick-list\">\n<li>Tous les comportements individuels des clients, les points de contact et les activit\u00e9s d&#039;achat sont int\u00e9gr\u00e9s pour cr\u00e9er une vue client unique de vos cin\u00e9philes identifiables<\/li>\n\n\n\n<li>Un outil de segmentation client convivial vous permet d&#039;identifier des groupes de cin\u00e9philes qui partagent des comportements communs<\/li>\n\n\n\n<li>Rapports de campagne de bout en bout en temps r\u00e9el et am\u00e9lioration du retour sur investissement<\/li>\n<\/ul>\n<\/div>\n\n\n\n<div class=\"is-layout-flow wp-block-column is-vertically-aligned-top\">\n<ul class=\"a1_tick-list\">\n<li>Segment bas\u00e9 sur\u00a0: les donn\u00e9es d\u00e9mographiques des clients, les films vus, les concessions achet\u00e9es, les bandes-annonces vues, le site visit\u00e9, les types de billets achet\u00e9s et bien d&#039;autres attributs pour identifier votre public id\u00e9al pour une campagne<\/li>\n\n\n\n<li>G\u00e9n\u00e9rateur de cr\u00e9ation de campagne pour une conception de contenu simple, belle et personnalis\u00e9e<\/li>\n\n\n\n<li>Analyse de la r\u00e9cence, de la fr\u00e9quence et de la valeur mon\u00e9taire de votre client\u00e8le<\/li>\n<\/ul>\n<\/div>\n<\/div>\n<\/div>\n<\/div><\/div>\n\n\n\n<div id=\"wp-block-themeisle-blocks-advanced-columns-01c14de9\" class=\"wp-block-themeisle-blocks-advanced-columns has-2-columns has-desktop-equal-layout has-tablet-collapsedRows-layout has-mobile-collapsedRows-layout has-vertical-unset call-to-action has-dark-bg\" data-aos=\"fade\" data-aos-duration=\"1200\"><div class=\"wp-block-themeisle-blocks-advanced-columns-overlay\"><\/div><div class=\"innerblocks-wrap\">\n<div id=\"wp-block-themeisle-blocks-advanced-column-aed9b021\" class=\"wp-block-themeisle-blocks-advanced-column\">\n<h2 class=\"wp-block-heading has-nv-site-bg-color has-text-color\">Pr\u00eat \u00e0 commencer avec Admit One\u00a0?<\/h2>\n\n\n\n<p class=\"has-nv-site-bg-color has-text-color\">Commen\u00e7ons&nbsp;<i class=\"icon-forward\"><\/i><\/p>\n<\/div>\n\n\n\n<div id=\"wp-block-themeisle-blocks-advanced-column-01e8791e\" class=\"wp-block-themeisle-blocks-advanced-column column-right\">\n<h4 class=\"wp-block-heading has-neve-text-color-color has-text-color\">Aidez-nous \u00e0 comprendre vos besoins<\/h4>\n\n\n\n<p class=\"has-neve-text-color-color has-text-color\">Nous savons que chaque entreprise est diff\u00e9rente. Quelles que soient vos exigences uniques, Admit One est l\u00e0 pour vous proposer un syst\u00e8me de point de vente personnalis\u00e9 qui fonctionne pour vous, \u00e0 chaque \u00e9tape du processus.<\/p>\n\n\n\n<ul class=\"a1_tick-list has-neve-text-color-color has-text-color\">\n<li>Souple<\/li>\n\n\n\n<li>Abordable<\/li>\n\n\n\n<li>\u00c9volutif<\/li>\n<\/ul>\n\n\n\n<div id=\"wp-block-themeisle-blocks-button-group-5e1b0e52\" class=\"wp-block-themeisle-blocks-button-group wp-block-buttons\">\n<div id=\"wp-block-themeisle-blocks-button-bdaccee1\" class=\"wp-block-themeisle-blocks-button wp-block-button is-style-primary\"><a href=\"https:\/\/admit-one.eu\/fr_be\/entrer-en-contact\/\" target=\"_self\" rel=\"noopener noreferrer\" class=\"wp-block-button__link\"><span>Parlons<\/span><\/a><\/div>\n<\/div>\n<\/div>\n<\/div><\/div>","protected":false},"excerpt":{"rendered":"","protected":false},"author":1,"featured_media":0,"parent":14814,"menu_order":0,"comment_status":"closed","ping_status":"closed","template":"","meta":{"om_disable_all_campaigns":false,"_uag_custom_page_level_css":"","_mi_skip_tracking":false,"neve_meta_sidebar":"","neve_meta_container":"full-width","neve_meta_enable_content_width":"","neve_meta_content_width":0,"neve_meta_title_alignment":"center","neve_meta_author_avatar":"","neve_post_elements_order":"","neve_meta_disable_header":"off","neve_meta_disable_footer":"","neve_meta_disable_title":"on","neve_meta_reading_time":"","_themeisle_gutenberg_block_has_review":false},"categories":[],"tags":[],"folder":[90],"aioseo_notices":[],"uagb_featured_image_src":{"full":false,"thumbnail":false,"medium":false,"medium_large":false,"large":false,"1536x1536":false,"2048x2048":false,"trp-custom-language-flag":false,"neve-blog":false,"xl":false,"xxl":false,"xxxl":false,"xxxxl":false,"xxxxxl":false},"uagb_author_info":{"display_name":"James Gibson","author_link":"https:\/\/admit-one.eu\/fr_be\/blog\/author\/james-gibson\/"},"uagb_comment_info":0,"uagb_excerpt":null,"_links":{"self":[{"href":"https:\/\/admit-one.eu\/fr_be\/wp-json\/wp\/v2\/pages\/11988"}],"collection":[{"href":"https:\/\/admit-one.eu\/fr_be\/wp-json\/wp\/v2\/pages"}],"about":[{"href":"https:\/\/admit-one.eu\/fr_be\/wp-json\/wp\/v2\/types\/page"}],"author":[{"embeddable":true,"href":"https:\/\/admit-one.eu\/fr_be\/wp-json\/wp\/v2\/users\/1"}],"replies":[{"embeddable":true,"href":"https:\/\/admit-one.eu\/fr_be\/wp-json\/wp\/v2\/comments?post=11988"}],"version-history":[{"count":6,"href":"https:\/\/admit-one.eu\/fr_be\/wp-json\/wp\/v2\/pages\/11988\/revisions"}],"predecessor-version":[{"id":15116,"href":"https:\/\/admit-one.eu\/fr_be\/wp-json\/wp\/v2\/pages\/11988\/revisions\/15116"}],"up":[{"embeddable":true,"href":"https:\/\/admit-one.eu\/fr_be\/wp-json\/wp\/v2\/pages\/14814"}],"wp:attachment":[{"href":"https:\/\/admit-one.eu\/fr_be\/wp-json\/wp\/v2\/media?parent=11988"}],"wp:term":[{"taxonomy":"category","embeddable":true,"href":"https:\/\/admit-one.eu\/fr_be\/wp-json\/wp\/v2\/categories?post=11988"},{"taxonomy":"post_tag","embeddable":true,"href":"https:\/\/admit-one.eu\/fr_be\/wp-json\/wp\/v2\/tags?post=11988"},{"taxonomy":"folder","embeddable":true,"href":"https:\/\/admit-one.eu\/fr_be\/wp-json\/wp\/v2\/folder?post=11988"}],"curies":[{"name":"wp","href":"https:\/\/api.w.org\/{rel}","templated":true}]}}