{"id":11984,"date":"2023-01-09T11:53:03","date_gmt":"2023-01-09T11:53:03","guid":{"rendered":"https:\/\/admit-one.co.uk\/?page_id=11984"},"modified":"2024-02-22T16:31:18","modified_gmt":"2024-02-22T16:31:18","slug":"back-office","status":"publish","type":"page","link":"https:\/\/admit-one.eu\/fr_be\/solutions\/back-office\/","title":{"rendered":"Back-office"},"content":{"rendered":"<div id=\"wp-block-themeisle-blocks-advanced-columns-f3534b6f\" class=\"wp-block-themeisle-blocks-advanced-columns has-2-columns has-desktop-twoOne-layout has-tablet-equal-layout has-mobile-collapsedRows-layout has-reverse-columns-mobile has-vertical-unset has-vertical-undefined page-header\"><div class=\"wp-block-themeisle-blocks-advanced-columns-overlay\"><\/div><div class=\"innerblocks-wrap\">\n<div id=\"wp-block-themeisle-blocks-advanced-column-49529f4b\" class=\"wp-block-themeisle-blocks-advanced-column\" data-aos=\"fade\" data-aos-duration=\"1200\">\n<h1 class=\"wp-block-heading\">Back-office<\/h1>\n\n\n\n<p>Votre syst\u00e8me de gestion central vous permettant de configurer et de visualiser tous vos sites dans une seule application facile \u00e0 utiliser. Planifiez des spectacles, g\u00e9rez le stock, ex\u00e9cutez des rapports, configurez des tickets, g\u00e9rez des programmes d&#039;adh\u00e9sion, des cartes-cadeaux, des bons d&#039;achat et bien plus encore\u2026 tout en communiquant sans effort avec vos employ\u00e9s.&nbsp;<\/p>\n\n\n\n<div id=\"wp-block-themeisle-blocks-button-group-644da4ec\" class=\"wp-block-themeisle-blocks-button-group wp-block-buttons\">\n<div id=\"wp-block-themeisle-blocks-button-450150d0\" class=\"wp-block-themeisle-blocks-button wp-block-button is-style-primary\"><a href=\"https:\/\/www.admit-one.co.uk\/request-demo\/\" target=\"_self\" rel=\"noopener noreferrer\" class=\"wp-block-button__link\"><span>Demander une d\u00e9mo <\/span><\/a><\/div>\n<\/div>\n<\/div>\n\n\n\n<div id=\"wp-block-themeisle-blocks-advanced-column-27c8e090\" class=\"wp-block-themeisle-blocks-advanced-column\" data-aos=\"fade-up\" data-aos-duration=\"1200\"><div class=\"wp-block-image is-style-default\">\n<figure class=\"aligncenter size-full\"><img decoding=\"async\" loading=\"lazy\" width=\"400\" height=\"400\" src=\"https:\/\/admit-one.co.uk\/wp-content\/uploads\/2023\/01\/image_local-and-ho_result.webp\" alt=\"Back-office\" class=\"wp-image-12263\" srcset=\"https:\/\/admit-one.eu\/wp-content\/uploads\/2023\/01\/image_local-and-ho_result.webp 400w, https:\/\/admit-one.eu\/wp-content\/uploads\/2023\/01\/image_local-and-ho_result-300x300.webp 300w, https:\/\/admit-one.eu\/wp-content\/uploads\/2023\/01\/image_local-and-ho_result-150x150.webp 150w, https:\/\/admit-one.eu\/wp-content\/uploads\/2023\/01\/image_local-and-ho_result-12x12.webp 12w\" sizes=\"(max-width: 400px) 100vw, 400px\" \/><\/figure><\/div><\/div>\n<\/div><\/div>\n\n\n\n<div id=\"wp-block-themeisle-blocks-advanced-columns-2074d916\" class=\"wp-block-themeisle-blocks-advanced-columns has-2-columns has-desktop-equal-layout has-tablet-equal-layout has-mobile-collapsedRows-layout has-vertical-unset feature-block\"><div class=\"wp-block-themeisle-blocks-advanced-columns-overlay\"><\/div><div class=\"innerblocks-wrap\">\n<div id=\"wp-block-themeisle-blocks-advanced-column-945ee192\" class=\"wp-block-themeisle-blocks-advanced-column\" data-aos=\"fade-right\" data-aos-duration=\"1200\"><div class=\"wp-block-image is-style-default\">\n<figure class=\"alignleft size-full\"><img decoding=\"async\" loading=\"lazy\" width=\"600\" height=\"600\" src=\"https:\/\/admit-one.co.uk\/wp-content\/uploads\/2023\/01\/products_local-and-ho_stock_result.webp\" alt=\"Gestion de stock\" class=\"wp-image-12253\" srcset=\"https:\/\/admit-one.eu\/wp-content\/uploads\/2023\/01\/products_local-and-ho_stock_result.webp 600w, https:\/\/admit-one.eu\/wp-content\/uploads\/2023\/01\/products_local-and-ho_stock_result-300x300.webp 300w, https:\/\/admit-one.eu\/wp-content\/uploads\/2023\/01\/products_local-and-ho_stock_result-150x150.webp 150w, https:\/\/admit-one.eu\/wp-content\/uploads\/2023\/01\/products_local-and-ho_stock_result-12x12.webp 12w, https:\/\/admit-one.eu\/wp-content\/uploads\/2023\/01\/products_local-and-ho_stock_result-400x400.webp 400w\" sizes=\"(max-width: 600px) 100vw, 600px\" \/><\/figure><\/div><\/div>\n\n\n\n<div id=\"wp-block-themeisle-blocks-advanced-column-03cad4bb\" class=\"wp-block-themeisle-blocks-advanced-column\" data-aos=\"fade\" data-aos-duration=\"1200\">\n<h3 class=\"wp-block-heading\">Gestionnaire de stock<\/h3>\n\n\n\n<p>Simplifiez votre gestion de stock et r\u00e9duisez les co\u00fbts de manutention avec la solution de stock et livraisons d&#039;Admit One.<\/p>\n\n\n\n<div class=\"is-layout-flex wp-container-3 wp-block-columns are-vertically-aligned-top\">\n<div class=\"is-layout-flow wp-block-column is-vertically-aligned-top\">\n<ul class=\"a1_tick-list\">\n<li>Inventaire et regroupement<\/li>\n\n\n\n<li>Instructions sur le produit pour permettre des choix suppl\u00e9mentaires sur les aliments\/boissons<\/li>\n\n\n\n<li>Construction de nouveaux produits<\/li>\n<\/ul>\n<\/div>\n\n\n\n<div class=\"is-layout-flow wp-block-column is-vertically-aligned-top\">\n<ul class=\"a1_tick-list\">\n<li>Acheter en ligne<\/li>\n\n\n\n<li>Produits combin\u00e9s pour les ventes incitatives<\/li>\n\n\n\n<li>Suivi de livraison<\/li>\n<\/ul>\n<\/div>\n<\/div>\n<\/div>\n<\/div><\/div>\n\n\n\n<div id=\"wp-block-themeisle-blocks-advanced-columns-7c8d14a1\" class=\"wp-block-themeisle-blocks-advanced-columns has-2-columns has-desktop-equal-layout has-tablet-equal-layout has-mobile-collapsedRows-layout has-vertical-unset feature-block\"><div class=\"wp-block-themeisle-blocks-advanced-columns-overlay\"><\/div><div class=\"innerblocks-wrap\">\n<div id=\"wp-block-themeisle-blocks-advanced-column-6480c00f\" class=\"wp-block-themeisle-blocks-advanced-column\" data-aos=\"fade-right\" data-aos-duration=\"1200\"><div class=\"wp-block-image is-style-default\">\n<figure class=\"alignleft size-full\"><img decoding=\"async\" loading=\"lazy\" width=\"600\" height=\"600\" src=\"https:\/\/admit-one.co.uk\/wp-content\/uploads\/2023\/01\/products_local-and-ho_event-manager_result.webp\" alt=\"Gestionnaire de planification et d&#039;\u00e9v\u00e9nements\" class=\"wp-image-12251\" srcset=\"https:\/\/admit-one.eu\/wp-content\/uploads\/2023\/01\/products_local-and-ho_event-manager_result.webp 600w, https:\/\/admit-one.eu\/wp-content\/uploads\/2023\/01\/products_local-and-ho_event-manager_result-300x300.webp 300w, https:\/\/admit-one.eu\/wp-content\/uploads\/2023\/01\/products_local-and-ho_event-manager_result-150x150.webp 150w, https:\/\/admit-one.eu\/wp-content\/uploads\/2023\/01\/products_local-and-ho_event-manager_result-12x12.webp 12w, https:\/\/admit-one.eu\/wp-content\/uploads\/2023\/01\/products_local-and-ho_event-manager_result-400x400.webp 400w\" sizes=\"(max-width: 600px) 100vw, 600px\" \/><\/figure><\/div><\/div>\n\n\n\n<div id=\"wp-block-themeisle-blocks-advanced-column-ed341c03\" class=\"wp-block-themeisle-blocks-advanced-column\" data-aos=\"fade\" data-aos-duration=\"1200\">\n<h3 class=\"wp-block-heading\">Gestionnaire de planification et d&#039;\u00e9v\u00e9nements<\/h3>\n\n\n\n<p>Gagnez du temps et simplifiez-vous la vie en programmant des films pour tous les circuits \u00e0 partir de votre syst\u00e8me centralis\u00e9 unique. Configurez facilement des \u00e9v\u00e9nements et des performances r\u00e9currents et individuels tout en automatisant les politiques de planification et les r\u00e8gles en coulisses.<\/p>\n\n\n\n<div class=\"is-layout-flex wp-container-6 wp-block-columns are-vertically-aligned-top\">\n<div class=\"is-layout-flow wp-block-column is-vertically-aligned-top\">\n<ul class=\"a1_tick-list\">\n<li>Admission g\u00e9n\u00e9rale et codes promotionnels<\/li>\n\n\n\n<li>Location d&#039;\u00e9v\u00e9nement priv\u00e9<\/li>\n\n\n\n<li>P\u00e9riodes de programmation<\/li>\n<\/ul>\n<\/div>\n\n\n\n<div class=\"is-layout-flow wp-block-column is-vertically-aligned-top\">\n<ul class=\"a1_tick-list\">\n<li>Concepteur de billets et re\u00e7us<\/li>\n\n\n\n<li>Cartes de prix des billets<\/li>\n\n\n\n<li>Plans de si\u00e8ges<\/li>\n<\/ul>\n<\/div>\n<\/div>\n<\/div>\n<\/div><\/div>\n\n\n\n<div id=\"wp-block-themeisle-blocks-advanced-columns-2fdd48c5\" class=\"wp-block-themeisle-blocks-advanced-columns has-2-columns has-desktop-equal-layout has-tablet-equal-layout has-mobile-collapsedRows-layout has-vertical-unset feature-block\"><div class=\"wp-block-themeisle-blocks-advanced-columns-overlay\"><\/div><div class=\"innerblocks-wrap\">\n<div id=\"wp-block-themeisle-blocks-advanced-column-16b7b8fc\" class=\"wp-block-themeisle-blocks-advanced-column\" data-aos=\"fade-right\" data-aos-duration=\"1200\"><div class=\"wp-block-image is-style-default\">\n<figure class=\"alignleft size-full\"><img decoding=\"async\" src=\"https:\/\/admit-one.co.uk\/wp-content\/uploads\/2023\\01\/products_local-and-ho_head-office_result.webp\" alt=\"Administrateur du si\u00e8ge social\" class=\"wp-image-12252\"\/><\/figure><\/div><\/div>\n\n\n\n<div id=\"wp-block-themeisle-blocks-advanced-column-4cd9b594\" class=\"wp-block-themeisle-blocks-advanced-column\" data-aos=\"fade\" data-aos-duration=\"1200\">\n<h3 class=\"wp-block-heading\">Directeur du si\u00e8ge social<\/h3>\n\n\n\n<p>Standardisez les op\u00e9rations et maintenez la coh\u00e9rence avec une configuration facile des sites \u00e0 l&#039;aide d&#039;un syst\u00e8me centralis\u00e9, tout en conservant la libert\u00e9 et la flexibilit\u00e9 des param\u00e8tres localis\u00e9s sp\u00e9cifiques.<\/p>\n\n\n\n<p>Suivez tous les dossiers financiers, g\u00e9rez les comptes d&#039;utilisateurs, contr\u00f4lez les terminaux \u00e0 distance et configurez des programmes de fid\u00e9lit\u00e9, le tout \u00e0 partir d&#039;un hub ma\u00eetre facilement contr\u00f4l\u00e9.<\/p>\n\n\n\n<div class=\"is-layout-flex wp-container-9 wp-block-columns are-vertically-aligned-top\">\n<div class=\"is-layout-flow wp-block-column is-vertically-aligned-top\">\n<ul class=\"a1_tick-list\">\n<li>Gestion multi-sites<\/li>\n\n\n\n<li>R\u00f4les sp\u00e9cifiques \u00e0 l&#039;utilisateur<\/li>\n\n\n\n<li>Gestion de tr\u00e9sorerie et suivi des transactions<\/li>\n<\/ul>\n<\/div>\n\n\n\n<div class=\"is-layout-flow wp-block-column is-vertically-aligned-top\">\n<ul class=\"a1_tick-list\">\n<li>Factures, paiements et relev\u00e9s<\/li>\n\n\n\n<li>Base de donn\u00e9es clients et gestion de la fid\u00e9lisation<\/li>\n\n\n\n<li>Options de rapport par d\u00e9faut et personnalis\u00e9es<\/li>\n<\/ul>\n<\/div>\n<\/div>\n<\/div>\n<\/div><\/div>\n\n\n\n<div id=\"wp-block-themeisle-blocks-advanced-columns-2d05bb4c\" class=\"wp-block-themeisle-blocks-advanced-columns has-2-columns has-desktop-equal-layout has-tablet-equal-layout has-mobile-collapsedRows-layout has-vertical-unset feature-block\"><div class=\"wp-block-themeisle-blocks-advanced-columns-overlay\"><\/div><div class=\"innerblocks-wrap\">\n<div id=\"wp-block-themeisle-blocks-advanced-column-2a5f445e\" class=\"wp-block-themeisle-blocks-advanced-column\" data-aos=\"fade-right\" data-aos-duration=\"1200\"><div class=\"wp-block-image is-style-default\">\n<figure class=\"alignleft size-full\"><img decoding=\"async\" loading=\"lazy\" width=\"600\" height=\"600\" src=\"https:\/\/admit-one.co.uk\/wp-content\/uploads\/2023\/01\/products_back-office_operational-reports_result.webp\" alt=\"Rapports op\u00e9rationnels\" class=\"wp-image-12495\" srcset=\"https:\/\/admit-one.eu\/wp-content\/uploads\/2023\/01\/products_back-office_operational-reports_result.webp 600w, https:\/\/admit-one.eu\/wp-content\/uploads\/2023\/01\/products_back-office_operational-reports_result-300x300.webp 300w, https:\/\/admit-one.eu\/wp-content\/uploads\/2023\/01\/products_back-office_operational-reports_result-150x150.webp 150w, https:\/\/admit-one.eu\/wp-content\/uploads\/2023\/01\/products_back-office_operational-reports_result-12x12.webp 12w, https:\/\/admit-one.eu\/wp-content\/uploads\/2023\/01\/products_back-office_operational-reports_result-400x400.webp 400w\" sizes=\"(max-width: 600px) 100vw, 600px\" \/><\/figure><\/div><\/div>\n\n\n\n<div id=\"wp-block-themeisle-blocks-advanced-column-d6dd0e4f\" class=\"wp-block-themeisle-blocks-advanced-column\" data-aos=\"fade\" data-aos-duration=\"1200\">\n<h3 class=\"wp-block-heading\">Rapports op\u00e9rationnels<\/h3>\n\n\n\n<p>En tant qu&#039;\u00e9l\u00e9ment essentiel de l&#039;analyse des performances de votre circuit ou de votre site, notre ensemble standard de rapports vous donne les informations pr\u00e9cises dont vous avez besoin pour comprendre tous les domaines op\u00e9rationnels de votre entreprise, dans un format facile d&#039;acc\u00e8s et facile \u00e0 lire. Nous proposons \u00e9galement des rapports sur mesure pour r\u00e9pondre \u00e0 vos besoins individuels que notre \u00e9quipe se fera un plaisir de fournir sous forme de package suppl\u00e9mentaire sur demande.&nbsp;<\/p>\n\n\n\n<div class=\"is-layout-flex wp-container-12 wp-block-columns are-vertically-aligned-top\">\n<div class=\"is-layout-flow wp-block-column is-vertically-aligned-top\">\n<ul class=\"a1_tick-list\">\n<li>Rapports d&#039;utilisateurs pour suivre les mesures de dotation&nbsp;<\/li>\n\n\n\n<li>Rapports de stock pour une gestion efficace des stocks&nbsp;<\/li>\n\n\n\n<li>Rapports de tr\u00e9sorerie avec piste d&#039;audit compl\u00e8te des transactions pour un rapprochement s\u00e9curis\u00e9 des ventes&nbsp;<\/li>\n<\/ul>\n<\/div>\n\n\n\n<div class=\"is-layout-flow wp-block-column is-vertically-aligned-top\">\n<ul class=\"a1_tick-list\">\n<li>Rapports de site pour une vue globale de chacun de vos emplacements&nbsp;<\/li>\n\n\n\n<li>Rapports de performance et de pr\u00e9sence pour aider \u00e0 g\u00e9rer la planification&nbsp;&nbsp;<\/li>\n<\/ul>\n<\/div>\n<\/div>\n<\/div>\n<\/div><\/div>\n\n\n\n<div id=\"wp-block-themeisle-blocks-advanced-columns-3f859f01\" class=\"wp-block-themeisle-blocks-advanced-columns has-2-columns has-desktop-equal-layout has-tablet-equal-layout has-mobile-collapsedRows-layout has-vertical-unset feature-block\"><div class=\"wp-block-themeisle-blocks-advanced-columns-overlay\"><\/div><div class=\"innerblocks-wrap\">\n<div id=\"wp-block-themeisle-blocks-advanced-column-b05911cf\" class=\"wp-block-themeisle-blocks-advanced-column\" data-aos=\"fade-right\" data-aos-duration=\"1200\"><div class=\"wp-block-image is-style-default\">\n<figure class=\"alignleft size-full\"><img decoding=\"async\" loading=\"lazy\" width=\"600\" height=\"600\" src=\"https:\/\/admit-one.co.uk\/wp-content\/uploads\/2023\/01\/products_local-and-ho_analytics_result.webp\" alt=\"Analytique\" class=\"wp-image-12496\" srcset=\"https:\/\/admit-one.eu\/wp-content\/uploads\/2023\/01\/products_local-and-ho_analytics_result.webp 600w, https:\/\/admit-one.eu\/wp-content\/uploads\/2023\/01\/products_local-and-ho_analytics_result-300x300.webp 300w, https:\/\/admit-one.eu\/wp-content\/uploads\/2023\/01\/products_local-and-ho_analytics_result-150x150.webp 150w, https:\/\/admit-one.eu\/wp-content\/uploads\/2023\/01\/products_local-and-ho_analytics_result-12x12.webp 12w, https:\/\/admit-one.eu\/wp-content\/uploads\/2023\/01\/products_local-and-ho_analytics_result-400x400.webp 400w\" sizes=\"(max-width: 600px) 100vw, 600px\" \/><\/figure><\/div><\/div>\n\n\n\n<div id=\"wp-block-themeisle-blocks-advanced-column-9551051d\" class=\"wp-block-themeisle-blocks-advanced-column\" data-aos=\"fade\" data-aos-duration=\"1200\">\n<h3 class=\"wp-block-heading\">Analytique<\/h3>\n\n\n\n<p>Lorsque votre entreprise a besoin de plus que de simples rapports op\u00e9rationnels, notre API flexible vous permet d&#039;alimenter directement votre entrep\u00f4t de donn\u00e9es ou vos outils de BI existants. Alternativement, vous pouvez profiter pleinement de notre int\u00e9gration profonde avec Insights des leaders de l&#039;industrie Showtime Analytics, pour une prise de d\u00e9cision bas\u00e9e sur les donn\u00e9es en temps r\u00e9el afin d&#039;optimiser les performances de votre entreprise.&nbsp;<\/p>\n\n\n\n<div class=\"is-layout-flex wp-container-15 wp-block-columns are-vertically-aligned-top\">\n<div class=\"is-layout-flow wp-block-column is-vertically-aligned-top\">\n<ul class=\"a1_tick-list\">\n<li>Billetterie, concessions, occupation, dotation en personnel, fraude, \u00e9crans&nbsp;<\/li>\n\n\n\n<li>Exploration, signet, exportation, comparaison, tendance&nbsp;<\/li>\n<\/ul>\n<\/div>\n\n\n\n<div class=\"is-layout-flow wp-block-column is-vertically-aligned-top\">\n<ul class=\"a1_tick-list\">\n<li>Mappage automatique du titre du film aux identifiants globaux Comscore&nbsp;<\/li>\n\n\n\n<li>D\u00e9finissez vos propres mesures de niveau de circuit et cat\u00e9gorisation des stocks&nbsp;<\/li>\n<\/ul>\n<\/div>\n<\/div>\n<\/div>\n<\/div><\/div>\n\n\n\n<div id=\"wp-block-themeisle-blocks-advanced-columns-01c14de9\" class=\"wp-block-themeisle-blocks-advanced-columns has-2-columns has-desktop-equal-layout has-tablet-collapsedRows-layout has-mobile-collapsedRows-layout has-vertical-unset call-to-action has-dark-bg\" data-aos=\"fade\" data-aos-duration=\"1200\"><div class=\"wp-block-themeisle-blocks-advanced-columns-overlay\"><\/div><div class=\"innerblocks-wrap\">\n<div id=\"wp-block-themeisle-blocks-advanced-column-aed9b021\" class=\"wp-block-themeisle-blocks-advanced-column\">\n<h2 class=\"wp-block-heading has-nv-site-bg-color has-text-color\">Pr\u00eat \u00e0 commencer avec Admit One\u00a0?<\/h2>\n\n\n\n<p class=\"has-nv-site-bg-color has-text-color\">Commen\u00e7ons&nbsp;<i class=\"icon-forward\"><\/i><\/p>\n<\/div>\n\n\n\n<div id=\"wp-block-themeisle-blocks-advanced-column-01e8791e\" class=\"wp-block-themeisle-blocks-advanced-column column-right\">\n<h4 class=\"wp-block-heading has-neve-text-color-color has-text-color\">Aidez-nous \u00e0 comprendre vos besoins<\/h4>\n\n\n\n<p class=\"has-neve-text-color-color has-text-color\">Nous savons que chaque entreprise est diff\u00e9rente. Quelles que soient vos exigences uniques, Admit One est l\u00e0 pour vous proposer un syst\u00e8me de point de vente personnalis\u00e9 qui fonctionne pour vous, \u00e0 chaque \u00e9tape du processus.<\/p>\n\n\n\n<ul class=\"a1_tick-list has-neve-text-color-color has-text-color\">\n<li>Souple<\/li>\n\n\n\n<li>Abordable<\/li>\n\n\n\n<li>\u00c9volutif<\/li>\n<\/ul>\n\n\n\n<div id=\"wp-block-themeisle-blocks-button-group-5e1b0e52\" class=\"wp-block-themeisle-blocks-button-group wp-block-buttons\">\n<div id=\"wp-block-themeisle-blocks-button-bdaccee1\" class=\"wp-block-themeisle-blocks-button wp-block-button is-style-primary\"><a href=\"https:\/\/admit-one.eu\/fr_be\/entrer-en-contact\/\" target=\"_self\" rel=\"noopener noreferrer\" class=\"wp-block-button__link\"><span>Parlons<\/span><\/a><\/div>\n<\/div>\n<\/div>\n<\/div><\/div>","protected":false},"excerpt":{"rendered":"","protected":false},"author":1,"featured_media":0,"parent":14814,"menu_order":0,"comment_status":"closed","ping_status":"closed","template":"","meta":{"om_disable_all_campaigns":false,"_uag_custom_page_level_css":"","_mi_skip_tracking":false,"neve_meta_sidebar":"","neve_meta_container":"full-width","neve_meta_enable_content_width":"off","neve_meta_content_width":70,"neve_meta_title_alignment":"center","neve_meta_author_avatar":"","neve_post_elements_order":"","neve_meta_disable_header":"","neve_meta_disable_footer":"","neve_meta_disable_title":"on","neve_meta_reading_time":"","_themeisle_gutenberg_block_has_review":false},"categories":[],"tags":[],"folder":[90],"aioseo_notices":[],"uagb_featured_image_src":{"full":false,"thumbnail":false,"medium":false,"medium_large":false,"large":false,"1536x1536":false,"2048x2048":false,"trp-custom-language-flag":false,"neve-blog":false,"xl":false,"xxl":false,"xxxl":false,"xxxxl":false,"xxxxxl":false},"uagb_author_info":{"display_name":"James Gibson","author_link":"https:\/\/admit-one.eu\/fr_be\/blog\/author\/james-gibson\/"},"uagb_comment_info":0,"uagb_excerpt":null,"_links":{"self":[{"href":"https:\/\/admit-one.eu\/fr_be\/wp-json\/wp\/v2\/pages\/11984"}],"collection":[{"href":"https:\/\/admit-one.eu\/fr_be\/wp-json\/wp\/v2\/pages"}],"about":[{"href":"https:\/\/admit-one.eu\/fr_be\/wp-json\/wp\/v2\/types\/page"}],"author":[{"embeddable":true,"href":"https:\/\/admit-one.eu\/fr_be\/wp-json\/wp\/v2\/users\/1"}],"replies":[{"embeddable":true,"href":"https:\/\/admit-one.eu\/fr_be\/wp-json\/wp\/v2\/comments?post=11984"}],"version-history":[{"count":8,"href":"https:\/\/admit-one.eu\/fr_be\/wp-json\/wp\/v2\/pages\/11984\/revisions"}],"predecessor-version":[{"id":15113,"href":"https:\/\/admit-one.eu\/fr_be\/wp-json\/wp\/v2\/pages\/11984\/revisions\/15113"}],"up":[{"embeddable":true,"href":"https:\/\/admit-one.eu\/fr_be\/wp-json\/wp\/v2\/pages\/14814"}],"wp:attachment":[{"href":"https:\/\/admit-one.eu\/fr_be\/wp-json\/wp\/v2\/media?parent=11984"}],"wp:term":[{"taxonomy":"category","embeddable":true,"href":"https:\/\/admit-one.eu\/fr_be\/wp-json\/wp\/v2\/categories?post=11984"},{"taxonomy":"post_tag","embeddable":true,"href":"https:\/\/admit-one.eu\/fr_be\/wp-json\/wp\/v2\/tags?post=11984"},{"taxonomy":"folder","embeddable":true,"href":"https:\/\/admit-one.eu\/fr_be\/wp-json\/wp\/v2\/folder?post=11984"}],"curies":[{"name":"wp","href":"https:\/\/api.w.org\/{rel}","templated":true}]}}