{"id":11912,"date":"2023-01-05T15:21:58","date_gmt":"2023-01-05T15:21:58","guid":{"rendered":"https:\/\/admit-one.co.uk\/?page_id=11912"},"modified":"2024-02-22T16:31:25","modified_gmt":"2024-02-22T16:31:25","slug":"food-and-beverage","status":"publish","type":"page","link":"https:\/\/admit-one.eu\/fr_be\/solutions\/nourriture-et-boisson\/","title":{"rendered":"nourriture et boissons"},"content":{"rendered":"<div id=\"wp-block-themeisle-blocks-advanced-columns-f3534b6f\" class=\"wp-block-themeisle-blocks-advanced-columns has-2-columns has-desktop-twoOne-layout has-tablet-equal-layout has-mobile-collapsedRows-layout has-reverse-columns-mobile has-vertical-unset has-vertical-undefined page-header\"><div class=\"wp-block-themeisle-blocks-advanced-columns-overlay\"><\/div><div class=\"innerblocks-wrap\">\n<div id=\"wp-block-themeisle-blocks-advanced-column-49529f4b\" class=\"wp-block-themeisle-blocks-advanced-column\" data-aos=\"fade\" data-aos-duration=\"1200\">\n<h1 class=\"wp-block-heading\">nourriture et boissons<\/h1>\n\n\n\n<p>Nos syst\u00e8mes d&#039;aliments et de boissons enti\u00e8rement int\u00e9gr\u00e9s et riches en fonctionnalit\u00e9s sont con\u00e7us pour vous donner un contr\u00f4le total, tout en cr\u00e9ant une exp\u00e9rience simplifi\u00e9e pour votre personnel et en offrant un service exceptionnel \u00e0 vos clients.<\/p>\n\n\n\n<p>Nos outils offrent un moyen simple et efficace de vendre, g\u00e9rer et suivre toutes vos commandes de nourriture et de boissons, quelle que soit votre taille et votre configuration. Parfaitement int\u00e9gr\u00e9, simple \u00e0 configurer et facile \u00e0 g\u00e9rer, notre syst\u00e8me est con\u00e7u pour r\u00e9pondre \u00e0 tous vos besoins en mati\u00e8re d&#039;alimentation et de boissons.<\/p>\n\n\n\n<div id=\"wp-block-themeisle-blocks-button-group-74f45ab7\" class=\"wp-block-themeisle-blocks-button-group wp-block-buttons\">\n<div id=\"wp-block-themeisle-blocks-button-6461b3a4\" class=\"wp-block-themeisle-blocks-button wp-block-button is-style-primary\"><a href=\"https:\/\/www.admit-one.co.uk\/request-demo\/\" target=\"_self\" rel=\"noopener noreferrer\" class=\"wp-block-button__link\"><span>Demander une d\u00e9mo <\/span><\/a><\/div>\n<\/div>\n<\/div>\n\n\n\n<div id=\"wp-block-themeisle-blocks-advanced-column-27c8e090\" class=\"wp-block-themeisle-blocks-advanced-column\" data-aos=\"fade-up\" data-aos-duration=\"1200\"><div class=\"wp-block-image is-style-default\">\n<figure class=\"aligncenter size-full\"><img decoding=\"async\" src=\"https:\/\/admit-one.co.uk\/wp-content\/uploads\/2023\/01\/image_f-and-b_result.webp\" alt=\"Restauration\" class=\"wp-image-12115\"\/><\/figure><\/div><\/div>\n<\/div><\/div>\n\n\n\n<div id=\"wp-block-themeisle-blocks-advanced-columns-2074d916\" class=\"wp-block-themeisle-blocks-advanced-columns has-2-columns has-desktop-equal-layout has-tablet-equal-layout has-mobile-collapsedRows-layout has-vertical-unset feature-block\"><div class=\"wp-block-themeisle-blocks-advanced-columns-overlay\"><\/div><div class=\"innerblocks-wrap\">\n<div id=\"wp-block-themeisle-blocks-advanced-column-945ee192\" class=\"wp-block-themeisle-blocks-advanced-column\" data-aos=\"fade-right\" data-aos-duration=\"1200\"><div class=\"wp-block-image is-style-default\">\n<figure class=\"alignleft size-full\"><img decoding=\"async\" loading=\"lazy\" width=\"600\" height=\"600\" src=\"https:\/\/admit-one.co.uk\/wp-content\/uploads\/2023\/01\/products_f-and-b_traditional-restaurant_result.webp\" alt=\"Restaurant traditionnel\" class=\"wp-image-12241\" srcset=\"https:\/\/admit-one.eu\/wp-content\/uploads\/2023\/01\/products_f-and-b_traditional-restaurant_result.webp 600w, https:\/\/admit-one.eu\/wp-content\/uploads\/2023\/01\/products_f-and-b_traditional-restaurant_result-300x300.webp 300w, https:\/\/admit-one.eu\/wp-content\/uploads\/2023\/01\/products_f-and-b_traditional-restaurant_result-150x150.webp 150w, https:\/\/admit-one.eu\/wp-content\/uploads\/2023\/01\/products_f-and-b_traditional-restaurant_result-12x12.webp 12w, https:\/\/admit-one.eu\/wp-content\/uploads\/2023\/01\/products_f-and-b_traditional-restaurant_result-400x400.webp 400w\" sizes=\"(max-width: 600px) 100vw, 600px\" \/><\/figure><\/div><\/div>\n\n\n\n<div id=\"wp-block-themeisle-blocks-advanced-column-03cad4bb\" class=\"wp-block-themeisle-blocks-advanced-column\" data-aos=\"fade\" data-aos-duration=\"1200\">\n<h3 class=\"wp-block-heading\"><strong>Restaurant traditionnel<\/strong><\/h3>\n\n\n\n<p>Rationalisez chaque \u00e9tape du processus de commande de votre restaurant avec un syst\u00e8me int\u00e9gr\u00e9, que vous soyez un restaurant d\u00e9di\u00e9 ou un cin\u00e9ma ou un lieu de divertissement offrant des installations de restauration.<\/p>\n\n\n\n<div class=\"is-layout-flex wp-container-3 wp-block-columns are-vertically-aligned-top\">\n<div class=\"is-layout-flow wp-block-column is-vertically-aligned-top\">\n<ul class=\"a1_tick-list\">\n<li>Plans de table de restaurant<\/li>\n\n\n\n<li>\u00c9crans de serveurs pour que les clients re\u00e7oivent les commandes rapidement et efficacement<\/li>\n<\/ul>\n<\/div>\n\n\n\n<div class=\"is-layout-flow wp-block-column is-vertically-aligned-top\">\n<ul class=\"a1_tick-list\">\n<li>Onglets et factures fractionn\u00e9es<\/li>\n\n\n\n<li>Service \u00e0 table avec codes QR permettant aux clients de commander sans attendre le personnel&nbsp;<\/li>\n<\/ul>\n<\/div>\n<\/div>\n<\/div>\n<\/div><\/div>\n\n\n\n<div id=\"wp-block-themeisle-blocks-advanced-columns-cc15f29f\" class=\"wp-block-themeisle-blocks-advanced-columns has-2-columns has-desktop-equal-layout has-tablet-equal-layout has-mobile-collapsedRows-layout has-vertical-unset feature-block\"><div class=\"wp-block-themeisle-blocks-advanced-columns-overlay\"><\/div><div class=\"innerblocks-wrap\">\n<div id=\"wp-block-themeisle-blocks-advanced-column-56efa89b\" class=\"wp-block-themeisle-blocks-advanced-column\" data-aos=\"fade-right\" data-aos-duration=\"1200\"><div class=\"wp-block-image is-style-default\">\n<figure class=\"alignleft size-full\"><img decoding=\"async\" src=\"https:\/\/admit-one.co.uk\/wp-content\/uploads\/2023\\01\/products_f-and-b_kitchen_result.webp\" alt=\"Cuisine\" class=\"wp-image-12240\"\/><\/figure><\/div><\/div>\n\n\n\n<div id=\"wp-block-themeisle-blocks-advanced-column-701410c9\" class=\"wp-block-themeisle-blocks-advanced-column\" data-aos=\"fade\" data-aos-duration=\"1200\">\n<h3 class=\"wp-block-heading\"><strong>Cuisine<\/strong> Gestionnaire<\/h3>\n\n\n\n<p>Des exigences de commande de base aux sc\u00e9narios multi-\u00e9crans complets, Admit One est personnalis\u00e9 en fonction de vos flux de travail pour la pr\u00e9paration, la distribution et le service des aliments et des boissons tout en offrant un contr\u00f4le complet de vos configurations d&#039;\u00e9cran d&#039;affichage des informations sur les points de vente, les kiosques, le personnel et les clients.<\/p>\n\n\n\n<div class=\"is-layout-flex wp-container-6 wp-block-columns are-vertically-aligned-top\">\n<div class=\"is-layout-flow wp-block-column is-vertically-aligned-top\">\n<ul class=\"a1_tick-list\">\n<li>Int\u00e9gration transparente avec tous les canaux de vente (point de vente, guichet automatique, A1Shop et Web) pour garder le contr\u00f4le de l&#039;ex\u00e9cution de vos commandes et possibilit\u00e9 d&#039;int\u00e9gration avec 3<sup>rd<\/sup> syst\u00e8mes de plats \u00e0 emporter<\/li>\n\n\n\n<li>Envoyez les commandes directement aux imprimantes de cuisine et\/ou aux \u00e9crans de restaurant d\u00e9di\u00e9s<\/li>\n\n\n\n<li>Les \u00e9crans de pr\u00e9paration donnent \u00e0 votre personnel toutes les informations dont il a besoin pour ex\u00e9cuter rapidement les commandes.<\/li>\n<\/ul>\n<\/div>\n\n\n\n<div class=\"is-layout-flow wp-block-column is-vertically-aligned-top\">\n<ul class=\"a1_tick-list\">\n<li>Utilisez le bouton de fonction &quot;Afficher les commandes de cuisine&quot; sur un point de vente pour permettre \u00e0 votre point de vente d&#039;agir comme un \u00e9cran de pr\u00e9paration d\u00e9di\u00e9 plut\u00f4t que de se fier uniquement aux re\u00e7us de commande imprim\u00e9s<\/li>\n\n\n\n<li>Int\u00e9gration avec les syst\u00e8mes de t\u00e9l\u00e9avertisseur lorsque le service de serveur est utilis\u00e9<\/li>\n\n\n\n<li>Les \u00e9crans d&#039;\u00e9tat des commandes orient\u00e9s vers le client maintiennent les files d&#039;attente en mouvement et informent vos clients<\/li>\n<\/ul>\n<\/div>\n<\/div>\n<\/div>\n<\/div><\/div>\n\n\n\n<div id=\"wp-block-themeisle-blocks-advanced-columns-a8614765\" class=\"wp-block-themeisle-blocks-advanced-columns has-2-columns has-desktop-equal-layout has-tablet-equal-layout has-mobile-collapsedRows-layout has-vertical-unset feature-block\"><div class=\"wp-block-themeisle-blocks-advanced-columns-overlay\"><\/div><div class=\"innerblocks-wrap\">\n<div id=\"wp-block-themeisle-blocks-advanced-column-a46e52cf\" class=\"wp-block-themeisle-blocks-advanced-column\" data-aos=\"fade-right\" data-aos-duration=\"1200\"><div class=\"wp-block-image is-style-default\">\n<figure class=\"alignleft size-full\"><img decoding=\"async\" src=\"https:\/\/admit-one.co.uk\/wp-content\/uploads\/2023\\01\/products_f-and-b_click-and-collect_result.webp\" alt=\"Cliquez et collectez\" class=\"wp-image-12238\"\/><\/figure><\/div><\/div>\n\n\n\n<div id=\"wp-block-themeisle-blocks-advanced-column-ca27a924\" class=\"wp-block-themeisle-blocks-advanced-column\" data-aos=\"fade\" data-aos-duration=\"1200\">\n<h3 class=\"wp-block-heading\"><strong>Cliquez et collectez<\/strong><\/h3>\n\n\n\n<p>Cr\u00e9ez une exp\u00e9rience rapide et facile pour les clients et le personnel avec une pr\u00e9-commande de restauration pratique et sans contact de n&#039;importe o\u00f9, r\u00e9duisant les temps d&#039;attente et lib\u00e9rant du personnel.<\/p>\n\n\n\n<div class=\"is-layout-flex wp-container-9 wp-block-columns are-vertically-aligned-top\">\n<div class=\"is-layout-flow wp-block-column is-vertically-aligned-top\">\n<ul class=\"a1_tick-list\">\n<li>Envoyez les commandes directement \u00e0 la ligne pour la pr\u00e9paration \u00e0 partir du Web, de l&#039;application, de la boutique A1, des kiosques libre-service ou du point de vente&nbsp;<\/li>\n\n\n\n<li>Prend en charge les imprimantes de cuisine et les \u00e9crans<\/li>\n<\/ul>\n<\/div>\n\n\n\n<div class=\"is-layout-flow wp-block-column is-vertically-aligned-top\">\n<ul class=\"a1_tick-list\">\n<li>Augmentez les ventes incitatives avec des invites suppl\u00e9mentaires au fur et \u00e0 mesure que les clients commandent<\/li>\n\n\n\n<li>Points de collecte pour le suivi des commandes avec affichage des informations en temps r\u00e9el pour tenir les clients inform\u00e9s<\/li>\n<\/ul>\n<\/div>\n<\/div>\n<\/div>\n<\/div><\/div>\n\n\n\n<div id=\"wp-block-themeisle-blocks-advanced-columns-541a8e0c\" class=\"wp-block-themeisle-blocks-advanced-columns has-2-columns has-desktop-equal-layout has-tablet-equal-layout has-mobile-collapsedRows-layout has-vertical-unset feature-block\"><div class=\"wp-block-themeisle-blocks-advanced-columns-overlay\"><\/div><div class=\"innerblocks-wrap\">\n<div id=\"wp-block-themeisle-blocks-advanced-column-df6c63c8\" class=\"wp-block-themeisle-blocks-advanced-column\" data-aos=\"fade-right\" data-aos-duration=\"1200\"><div class=\"wp-block-image is-style-default\">\n<figure class=\"alignleft size-full\"><img decoding=\"async\" src=\"https:\/\/admit-one.co.uk\/wp-content\/uploads\/2023\\01\/products_f-and-b_in-seat-dining_result.webp\" alt=\"Repas en place\" class=\"wp-image-12239\"\/><\/figure><\/div><\/div>\n\n\n\n<div id=\"wp-block-themeisle-blocks-advanced-column-033e93b9\" class=\"wp-block-themeisle-blocks-advanced-column\" data-aos=\"fade\" data-aos-duration=\"1200\">\n<h3 class=\"wp-block-heading\"><strong>Repas en place<\/strong><\/h3>\n\n\n\n<p>Augmentez vos canaux de vente sans augmenter vos effectifs et gardez vos clients satisfaits en n&#039;ayant pas \u00e0 attendre dans des files d&#039;attente visibles.<\/p>\n\n\n\n<div class=\"is-layout-flex wp-container-12 wp-block-columns are-vertically-aligned-top\">\n<div class=\"is-layout-flow wp-block-column is-vertically-aligned-top\">\n<ul class=\"a1_tick-list\">\n<li>Permettez aux clients de commander \u00e0 partir de leur propre appareil ou de prendre leurs commandes l\u00e0 o\u00f9 ils sont assis<\/li>\n\n\n\n<li>Choisissez les articles \u00e0 mettre \u00e0 disposition&nbsp;<\/li>\n<\/ul>\n<\/div>\n\n\n\n<div class=\"is-layout-flow wp-block-column is-vertically-aligned-top\">\n<ul class=\"a1_tick-list\">\n<li>Nourriture livr\u00e9e \u00e0 votre place&nbsp;<\/li>\n\n\n\n<li>Heures limites pour les commandes par repr\u00e9sentation&nbsp;<\/li>\n<\/ul>\n<\/div>\n<\/div>\n<\/div>\n<\/div><\/div>\n\n\n\n<div id=\"wp-block-themeisle-blocks-advanced-columns-7c8d14a1\" class=\"wp-block-themeisle-blocks-advanced-columns has-2-columns has-desktop-equal-layout has-tablet-equal-layout has-mobile-collapsedRows-layout has-vertical-unset feature-block\"><div class=\"wp-block-themeisle-blocks-advanced-columns-overlay\"><\/div><div class=\"innerblocks-wrap\">\n<div id=\"wp-block-themeisle-blocks-advanced-column-6480c00f\" class=\"wp-block-themeisle-blocks-advanced-column\" data-aos=\"fade-right\" data-aos-duration=\"1200\"><div class=\"wp-block-image is-style-default\">\n<figure class=\"alignleft size-full\"><img decoding=\"async\" src=\"https:\/\/admit-one.co.uk\/wp-content\/uploads\/2023\\01\/products_f-and-b_a1-shop_result.webp\" alt=\"Boutique A1\" class=\"wp-image-12237\"\/><\/figure><\/div><\/div>\n\n\n\n<div id=\"wp-block-themeisle-blocks-advanced-column-ed341c03\" class=\"wp-block-themeisle-blocks-advanced-column\" data-aos=\"fade\" data-aos-duration=\"1200\">\n<h3 class=\"wp-block-heading\">Commande mobile sur site<\/h3>\n\n\n\n<h5 class=\"wp-block-heading\">Pr\u00eat pour une commande sans contact et sans tracas\u00a0?<\/h5>\n\n\n\n<p>Mettez le pouvoir de choix entre les mains de vos clients et stimulez vos ventes F&amp;B, avec la commande mobile sur place. Am\u00e9liorez la satisfaction des clients tout en limitant les effectifs et offrez une exp\u00e9rience rentable et riche en fonctionnalit\u00e9s \u00e0 vos clients, de l&#039;achat \u00e0 la livraison.&nbsp;<\/p>\n\n\n\n<div class=\"is-layout-flex wp-container-15 wp-block-columns are-vertically-aligned-top\">\n<div class=\"is-layout-flow wp-block-column is-vertically-aligned-top\">\n<ul class=\"a1_tick-list\">\n<li>Acc\u00e8s facile sur site avec des options de livraison et de collecte flexibles<\/li>\n\n\n\n<li>Enti\u00e8rement personnalisable avec le logo et le style de votre propre marque<\/li>\n\n\n\n<li>Application Web con\u00e7ue pour fonctionner sur tous les appareils mobiles - aucun investissement mat\u00e9riel ni installation d&#039;application requis<\/li>\n<\/ul>\n<\/div>\n\n\n\n<div class=\"is-layout-flow wp-block-column is-vertically-aligned-top\">\n<ul class=\"a1_tick-list\">\n<li>Points de collecte pour le suivi des commandes avec affichage des informations en temps r\u00e9el<\/li>\n\n\n\n<li>Service \u00e0 table avec codes QR permettant aux clients de commander sans attendre le personnel<\/li>\n\n\n\n<li>Commande et livraison \u00e0 l&#039;\u00e9cran g\u00e9n\u00e9rant des ventes de concession suppl\u00e9mentaires sans retour \u00e0 la file d&#039;attente<\/li>\n<\/ul>\n<\/div>\n<\/div>\n<\/div>\n<\/div><\/div>\n\n\n\n<div id=\"wp-block-themeisle-blocks-advanced-columns-01c14de9\" class=\"wp-block-themeisle-blocks-advanced-columns has-2-columns has-desktop-equal-layout has-tablet-collapsedRows-layout has-mobile-collapsedRows-layout has-vertical-unset call-to-action has-dark-bg\" data-aos=\"fade\" data-aos-duration=\"1200\"><div class=\"wp-block-themeisle-blocks-advanced-columns-overlay\"><\/div><div class=\"innerblocks-wrap\">\n<div id=\"wp-block-themeisle-blocks-advanced-column-aed9b021\" class=\"wp-block-themeisle-blocks-advanced-column\">\n<h2 class=\"wp-block-heading has-nv-site-bg-color has-text-color\">Pr\u00eat \u00e0 commencer avec Admit One\u00a0?<\/h2>\n\n\n\n<p class=\"has-nv-site-bg-color has-text-color\">Commen\u00e7ons&nbsp;<i class=\"icon-forward\"><\/i><\/p>\n<\/div>\n\n\n\n<div id=\"wp-block-themeisle-blocks-advanced-column-01e8791e\" class=\"wp-block-themeisle-blocks-advanced-column column-right\">\n<h4 class=\"wp-block-heading has-neve-text-color-color has-text-color\">Aidez-nous \u00e0 comprendre vos besoins<\/h4>\n\n\n\n<p class=\"has-neve-text-color-color has-text-color\">Nous savons que chaque entreprise est diff\u00e9rente. Quelles que soient vos exigences uniques, Admit One est l\u00e0 pour vous proposer un syst\u00e8me de point de vente personnalis\u00e9 qui fonctionne pour vous, \u00e0 chaque \u00e9tape du processus.<\/p>\n\n\n\n<ul class=\"a1_tick-list has-neve-text-color-color has-text-color\">\n<li>Souple<\/li>\n\n\n\n<li>Abordable<\/li>\n\n\n\n<li>\u00c9volutif<\/li>\n<\/ul>\n\n\n\n<div id=\"wp-block-themeisle-blocks-button-group-5e1b0e52\" class=\"wp-block-themeisle-blocks-button-group wp-block-buttons\">\n<div id=\"wp-block-themeisle-blocks-button-bdaccee1\" class=\"wp-block-themeisle-blocks-button wp-block-button is-style-primary\"><a href=\"https:\/\/admit-one.eu\/fr_be\/entrer-en-contact\/\" target=\"_self\" rel=\"noopener noreferrer\" class=\"wp-block-button__link\"><span>Parlons<\/span><\/a><\/div>\n<\/div>\n<\/div>\n<\/div><\/div>","protected":false},"excerpt":{"rendered":"","protected":false},"author":1,"featured_media":0,"parent":14814,"menu_order":0,"comment_status":"closed","ping_status":"closed","template":"","meta":{"om_disable_all_campaigns":false,"_uag_custom_page_level_css":"","_mi_skip_tracking":false,"neve_meta_sidebar":"","neve_meta_container":"full-width","neve_meta_enable_content_width":"","neve_meta_content_width":0,"neve_meta_title_alignment":"center","neve_meta_author_avatar":"","neve_post_elements_order":"","neve_meta_disable_header":"","neve_meta_disable_footer":"","neve_meta_disable_title":"on","neve_meta_reading_time":"","_themeisle_gutenberg_block_has_review":false},"categories":[],"tags":[],"folder":[90],"aioseo_notices":[],"uagb_featured_image_src":{"full":false,"thumbnail":false,"medium":false,"medium_large":false,"large":false,"1536x1536":false,"2048x2048":false,"trp-custom-language-flag":false,"neve-blog":false,"xl":false,"xxl":false,"xxxl":false,"xxxxl":false,"xxxxxl":false},"uagb_author_info":{"display_name":"James Gibson","author_link":"https:\/\/admit-one.eu\/fr_be\/blog\/author\/james-gibson\/"},"uagb_comment_info":0,"uagb_excerpt":null,"_links":{"self":[{"href":"https:\/\/admit-one.eu\/fr_be\/wp-json\/wp\/v2\/pages\/11912"}],"collection":[{"href":"https:\/\/admit-one.eu\/fr_be\/wp-json\/wp\/v2\/pages"}],"about":[{"href":"https:\/\/admit-one.eu\/fr_be\/wp-json\/wp\/v2\/types\/page"}],"author":[{"embeddable":true,"href":"https:\/\/admit-one.eu\/fr_be\/wp-json\/wp\/v2\/users\/1"}],"replies":[{"embeddable":true,"href":"https:\/\/admit-one.eu\/fr_be\/wp-json\/wp\/v2\/comments?post=11912"}],"version-history":[{"count":6,"href":"https:\/\/admit-one.eu\/fr_be\/wp-json\/wp\/v2\/pages\/11912\/revisions"}],"predecessor-version":[{"id":15115,"href":"https:\/\/admit-one.eu\/fr_be\/wp-json\/wp\/v2\/pages\/11912\/revisions\/15115"}],"up":[{"embeddable":true,"href":"https:\/\/admit-one.eu\/fr_be\/wp-json\/wp\/v2\/pages\/14814"}],"wp:attachment":[{"href":"https:\/\/admit-one.eu\/fr_be\/wp-json\/wp\/v2\/media?parent=11912"}],"wp:term":[{"taxonomy":"category","embeddable":true,"href":"https:\/\/admit-one.eu\/fr_be\/wp-json\/wp\/v2\/categories?post=11912"},{"taxonomy":"post_tag","embeddable":true,"href":"https:\/\/admit-one.eu\/fr_be\/wp-json\/wp\/v2\/tags?post=11912"},{"taxonomy":"folder","embeddable":true,"href":"https:\/\/admit-one.eu\/fr_be\/wp-json\/wp\/v2\/folder?post=11912"}],"curies":[{"name":"wp","href":"https:\/\/api.w.org\/{rel}","templated":true}]}}