{"id":9308,"date":"2022-05-30T10:50:19","date_gmt":"2022-05-30T09:50:19","guid":{"rendered":"https:\/\/admit-one.co.uk\/?page_id=9308"},"modified":"2025-11-13T09:36:30","modified_gmt":"2025-11-13T09:36:30","slug":"cookie-policy","status":"publish","type":"page","link":"https:\/\/admit-one.eu\/fr\/politique-de-cookies\/","title":{"rendered":"Politique relative aux cookies"},"content":{"rendered":"<section id=\"wp-block-themeisle-blocks-advanced-columns-faf6acdf\" class=\"wp-block-themeisle-blocks-advanced-columns alignfull has-1-columns has-desktop-equal-layout has-tablet-equal-layout has-mobile-equal-layout has-vertical-center clip-btm-up has-dark-bg\"><div class=\"wp-block-themeisle-blocks-advanced-columns-overlay\"><\/div><div class=\"innerblocks-wrap\">\n<div id=\"wp-block-themeisle-blocks-advanced-column-7ec5acd4\" class=\"wp-block-themeisle-blocks-advanced-column\">\n<h1 id=\"wp-block-themeisle-blocks-advanced-heading-13ce2b13\" class=\"wp-block-themeisle-blocks-advanced-heading wp-block-themeisle-blocks-advanced-heading-13ce2b13\">Politique relative aux cookies<\/h1>\n<\/div>\n<\/div><\/section>\n\n\n\n<div style=\"height:20px\" aria-hidden=\"true\" class=\"wp-block-spacer\"><\/div>\n\n\n\n<p>Cette politique de cookies explique comment les logiciels collaboratifs limit\u00e9s (\u201c<strong>compagnie<\/strong>&#8220;, &#8220;<strong>nous<\/strong>&#8220;, &#8220;<strong>nous<\/strong>&quot;, et &quot;<strong>notre<\/strong>\u201c) utilise des cookies et des technologies similaires pour vous reconna\u00eetre lorsque vous visitez nos sites Web \u00e0&nbsp;<a href=\"https:\/\/admit-one.co.uk\/\" target=\"_blank\" rel=\"noreferrer noopener\">https:\/\/admit-one.co.uk<\/a>, (&quot;<strong>sites Internet<\/strong>&quot;). Il explique ce que sont ces technologies et pourquoi nous les utilisons, ainsi que vos droits de contr\u00f4ler notre utilisation de celles-ci.<\/p>\n\n\n\n<p>Dans certains cas, nous pouvons utiliser des cookies pour collecter des informations personnelles, ou qui deviennent des informations personnelles si nous les combinons avec d&#039;autres informations.<\/p>\n\n\n\n<h4>Que sont les cookies ?<\/h4>\n\n\n\n<p>Les cookies sont de petits fichiers de donn\u00e9es qui sont plac\u00e9s sur votre ordinateur ou votre appareil mobile lorsque vous visitez un site Web. Les cookies sont largement utilis\u00e9s par les propri\u00e9taires de sites Web pour faire fonctionner leurs sites Web ou pour fonctionner plus efficacement, ainsi que pour fournir des informations de rapport.<\/p>\n\n\n\n<p>Les cookies d\u00e9finis par le propri\u00e9taire du site Web (dans ce cas, un logiciel collaboratif limit\u00e9) sont appel\u00e9s \u00ab\u00a0cookies propri\u00e9taires\u00a0\u00bb. Les cookies d\u00e9finis par des parties autres que le propri\u00e9taire du site Web sont appel\u00e9s \u00ab\u00a0cookies tiers\u00a0\u00bb. Les cookies tiers permettent de fournir des fonctionnalit\u00e9s ou des fonctionnalit\u00e9s tierces sur ou via le site Web (par exemple, comme la publicit\u00e9, le contenu interactif et les analyses). Les parties qui installent ces cookies tiers peuvent reconna\u00eetre votre ordinateur \u00e0 la fois lorsqu&#039;il visite le site Web en question et \u00e9galement lorsqu&#039;il visite certains autres sites Web.<\/p>\n\n\n\n<h4><strong>Pourquoi utilisons-nous des cookies ?<\/strong><\/h4>\n\n\n\n<p>Nous utilisons des cookies propri\u00e9taires et tiers pour plusieurs raisons. Certains cookies sont n\u00e9cessaires pour des raisons techniques au fonctionnement de nos sites Web, et nous les appelons cookies \u00abessentiels\u00bb ou \u00abstrictement n\u00e9cessaires\u00bb. D&#039;autres cookies nous permettent \u00e9galement de suivre et de cibler les int\u00e9r\u00eats de nos utilisateurs pour am\u00e9liorer l&#039;exp\u00e9rience sur nos propri\u00e9t\u00e9s en ligne. Des tiers utilisent des cookies via nos sites Web \u00e0 des fins publicitaires, d&#039;analyse et \u00e0 d&#039;autres fins. Ceci est d\u00e9crit plus en d\u00e9tail ci-dessous.<\/p>\n\n\n\n<p>Les types sp\u00e9cifiques de cookies propri\u00e9taires et tiers utilis\u00e9s sur nos sites Web et les objectifs qu&#039;ils remplissent sont d\u00e9crits ci-dessous (veuillez noter que les cookies sp\u00e9cifiques utilis\u00e9s peuvent varier en fonction des propri\u00e9t\u00e9s en ligne sp\u00e9cifiques que vous visitez) :<\/p>\n\n\n\n<h4><strong>Comment puis-je contr\u00f4ler les cookies ?<\/strong><\/h4>\n\n\n\n<p>Vous avez le droit de d\u00e9cider d&#039;accepter ou de refuser les cookies. Vous pouvez exercer vos droits en mati\u00e8re de cookies en d\u00e9finissant vos pr\u00e9f\u00e9rences dans le gestionnaire de consentement aux cookies. Le gestionnaire de consentement aux cookies vous permet de s\u00e9lectionner les cat\u00e9gories de cookies que vous acceptez ou refusez. Les cookies essentiels ne peuvent pas \u00eatre rejet\u00e9s car ils sont strictement n\u00e9cessaires pour vous fournir des services.<\/p>\n\n\n\n<p>Le gestionnaire de consentement aux cookies se trouve dans la banni\u00e8re de notification et sur notre site Web. Si vous choisissez de refuser les cookies, vous pouvez toujours utiliser notre site Web, bien que votre acc\u00e8s \u00e0 certaines fonctionnalit\u00e9s et zones de notre site Web puisse \u00eatre restreint. Vous pouvez \u00e9galement d\u00e9finir ou modifier les contr\u00f4les de votre navigateur Web pour accepter ou refuser les cookies. \u00c9tant donn\u00e9 que les moyens par lesquels vous pouvez refuser les cookies via les commandes de votre navigateur Web varient d&#039;un navigateur \u00e0 l&#039;autre, vous devez consulter le menu d&#039;aide de votre navigateur pour plus d&#039;informations.<\/p>\n\n\n\n<p>De plus, la plupart des r\u00e9seaux publicitaires vous offrent un moyen de vous d\u00e9sabonner des publicit\u00e9s cibl\u00e9es. Si vous souhaitez obtenir plus d&#039;informations, veuillez visiter&nbsp;<a href=\"http:\/\/www.aboutads.info\/choices\/\" target=\"_blank\" rel=\"noreferrer noopener\">http:\/\/www.aboutads.info\/choices\/<\/a>&nbsp;ou&nbsp;<a href=\"http:\/\/www.youronlinechoices.com\/\" target=\"_blank\" rel=\"noreferrer noopener\">http:\/\/www.youronlinechoices.com<\/a>.<\/p>\n\n\n\n<p>Les types sp\u00e9cifiques de cookies propri\u00e9taires et tiers utilis\u00e9s sur nos sites Web et les objectifs qu&#039;ils remplissent sont d\u00e9crits dans le tableau ci-dessous (veuillez noter que les cookies sp\u00e9cifiques utilis\u00e9s peuvent varier en fonction des propri\u00e9t\u00e9s en ligne sp\u00e9cifiques que vous visitez) :<strong>cookies essentiels du site Web\u00a0:<\/strong><\/p>\n\n\n\n<p>Ces cookies sont strictement n\u00e9cessaires pour vous fournir les services disponibles via nos sites Web et pour utiliser certaines de ses fonctionnalit\u00e9s, telles que l&#039;acc\u00e8s \u00e0 des zones s\u00e9curis\u00e9es.<\/p>\n\n\n\n<h4><strong>Cookies d&#039;analyse et de personnalisation\u00a0:<\/strong><\/h4>\n\n\n\n<p>Ces cookies collectent des informations qui sont utilis\u00e9es soit sous forme agr\u00e9g\u00e9e pour nous aider \u00e0 comprendre comment nos sites Web sont utilis\u00e9s ou l&#039;efficacit\u00e9 de nos campagnes marketing, soit pour nous aider \u00e0 personnaliser nos sites Web pour vous.<\/p>\n\n\n\n<figure class=\"wp-block-table\"><table><tbody><tr><td>Nom:<\/td><td>_G\u00e9orgie<\/td><\/tr><tr><td>Objectif:<\/td><td>Il enregistre un identifiant particulier utilis\u00e9 pour obtenir des donn\u00e9es sur l&#039;utilisation du site Web par l&#039;utilisateur. C&#039;est un cookie http qui expire apr\u00e8s 2 ans.<\/td><\/tr><tr><td>Fournisseur:<\/td><td>.admit-one.eu<\/td><\/tr><tr><td>Service:<\/td><td>Google Analytics&nbsp;<a href=\"https:\/\/policies.google.com\/privacy\" target=\"_blank\" rel=\"noreferrer noopener\">voir la politique de confidentialit\u00e9 du service<\/a>&nbsp;&nbsp;<\/td><\/tr><tr><td>Pays:<\/td><td>Royaume-Uni<\/td><\/tr><tr><td>Taper:<\/td><td>Http_cookie<\/td><\/tr><tr><td>Expire dans:<\/td><td>1 an 11 mois 29 jours<\/td><\/tr><tr><td>Nom:<\/td><td>#collect<\/td><\/tr><tr><td>Objectif:<\/td><td>Envoie des donn\u00e9es telles que le comportement et l&#039;appareil du visiteur \u00e0 Google Analytics. Il est capable de suivre le visiteur sur tous les canaux et appareils marketing. Il s&#039;agit d&#039;un cookie de type pixel tracker dont l&#039;activit\u00e9 dure pendant la session de navigation.<\/td><\/tr><tr><td>Fournisseur:<\/td><td>Admit-one.eu<\/td><\/tr><tr><td>Service:<\/td><td>Google Analytics&nbsp;<a href=\"https:\/\/policies.google.com\/privacy\" target=\"_blank\" rel=\"noreferrer noopener\">voir la politique de confidentialit\u00e9 du service<\/a>&nbsp;&nbsp;<\/td><\/tr><tr><td>Pays:<\/td><td>\u00c9tats Unis<\/td><\/tr><tr><td>Taper:<\/td><td>Pixel_tracker<\/td><\/tr><tr><td>Expire dans:<\/td><td>Session<\/td><\/tr><tr><td><\/td><td><\/td><td><\/td><\/tr><\/tbody><\/table><\/figure>\n\n\n\n<figure class=\"wp-block-table\"><table><tbody><tr><td>Nom:<\/td><td>_gid<\/td><\/tr><tr><td>Objectif:<\/td><td>Conserve une entr\u00e9e d&#039;identifiant unique qui est ensuite utilis\u00e9e pour obtenir des donn\u00e9es statistiques sur l&#039;utilisation du site Web par les visiteurs. Il s&#039;agit d&#039;un cookie de type http et expire apr\u00e8s une session de navigation.<\/td><\/tr><tr><td>Fournisseur:<\/td><td>.admit-one.eu<\/td><\/tr><tr><td>Service:<\/td><td>Google Analytics&nbsp;<a href=\"https:\/\/policies.google.com\/privacy\" target=\"_blank\" rel=\"noreferrer noopener\">voir la politique de confidentialit\u00e9 du service<\/a>&nbsp;&nbsp;<\/td><\/tr><tr><td>Pays:<\/td><td>Royaume-Uni<\/td><\/tr><tr><td>Taper:<\/td><td>Http_cookie<\/td><\/tr><tr><td>Expire dans:<\/td><td>Un jour<\/td><\/tr><tr><td>Nom:<\/td><td>_gat#<\/td><\/tr><tr><td>Objectif:<\/td><td>Permet \u00e0 Google Analytics de r\u00e9guler le taux de demande. Il s&#039;agit d&#039;un type de cookie http qui dure une session.<\/td><\/tr><tr><td>Fournisseur:<\/td><td>.admit-one.eu<\/td><\/tr><tr><td>Service:<\/td><td>Google Analytics&nbsp;<a href=\"https:\/\/policies.google.com\/privacy\" target=\"_blank\" rel=\"noreferrer noopener\">voir la politique de confidentialit\u00e9 du service<\/a>&nbsp;&nbsp;<\/td><\/tr><tr><td>Pays:<\/td><td>Royaume-Uni<\/td><\/tr><tr><td>Taper:<\/td><td>Http_cookie<\/td><\/tr><tr><td>Expire dans:<\/td><td>1 minute<\/td><\/tr><tr><td><\/td><td><\/td><td><\/td><\/tr><\/tbody><\/table><\/figure>\n\n\n\n<h4>Cookies non classifi\u00e9s\u00a0:<\/h4>\n\n\n\n<p>Ce sont des cookies qui n&#039;ont pas encore \u00e9t\u00e9 cat\u00e9goris\u00e9s. Nous sommes en train de classer ces cookies avec l&#039;aide de leurs fournisseurs.<\/p>\n\n\n\n<figure class=\"wp-block-table\"><table><tbody><tr><td>Nom:<\/td><td>Uuid<\/td><\/tr><tr><td>Objectif:<\/td><td>__________<\/td><\/tr><tr><td>Fournisseur:<\/td><td>Sibautomation.com<\/td><\/tr><tr><td>Service:<\/td><td>__________ &nbsp;<\/td><\/tr><tr><td>Pays:<\/td><td>\u00c9tats Unis<\/td><\/tr><tr><td>Taper:<\/td><td>Http_cookie<\/td><\/tr><tr><td>Expire dans:<\/td><td>1 an 29 jours<\/td><\/tr><tr><td>Nom:<\/td><td>Sib_cuid<\/td><\/tr><tr><td>Objectif:<\/td><td>__________<\/td><\/tr><tr><td>Fournisseur:<\/td><td>.admit-one.eu<\/td><\/tr><tr><td>Service:<\/td><td>__________ &nbsp;<\/td><\/tr><tr><td>Pays:<\/td><td>Royaume-Uni<\/td><\/tr><tr><td>Taper:<\/td><td>Http_cookie<\/td><\/tr><tr><td>Expire dans:<\/td><td>1 an 29 jours<\/td><\/tr><\/tbody><\/table><\/figure>\n\n\n\n<h4><strong>Qu&#039;en est-il des autres technologies de suivi, comme les balises Web\u00a0?<\/strong><\/h4>\n\n\n\n<p>Les cookies ne sont pas le seul moyen de reconna\u00eetre ou de suivre les visiteurs d&#039;un site Web. Nous pouvons utiliser d&#039;autres technologies similaires de temps \u00e0 autre, comme les balises Web (parfois appel\u00e9es \u00ab\u00a0pixels de suivi\u00a0\u00bb ou \u00ab\u00a0gifs transparents\u00a0\u00bb). Ce sont de minuscules fichiers graphiques qui contiennent un identifiant unique qui nous permet de reconna\u00eetre quand quelqu&#039;un a visit\u00e9 nos sites Web ou ouvert un e-mail les incluant. Cela nous permet, par exemple, de surveiller les mod\u00e8les de trafic des utilisateurs d&#039;une page \u00e0 l&#039;autre d&#039;un site Web, de livrer ou de communiquer avec des cookies, de comprendre si vous \u00eates venu sur le site Web \u00e0 partir d&#039;une publicit\u00e9 en ligne affich\u00e9e sur un site Web tiers , pour am\u00e9liorer les performances du site et pour mesurer le succ\u00e8s des campagnes de marketing par e-mail. Dans de nombreux cas, ces technologies d\u00e9pendent des cookies pour fonctionner correctement, et le refus des cookies compromettra donc leur fonctionnement.<\/p>\n\n\n\n<h4><strong>Utilisez-vous des cookies flash ou des objets locaux partag\u00e9s\u00a0?<\/strong><\/h4>\n\n\n\n<p>Les sites Web peuvent \u00e9galement utiliser des &quot;cookies flash&quot; (\u00e9galement appel\u00e9s objets locaux partag\u00e9s ou &quot;lsos&quot;) pour, entre autres, collecter et stocker des informations sur votre utilisation de nos services, la pr\u00e9vention de la fraude et pour d&#039;autres op\u00e9rations du site.<\/p>\n\n\n\n<p>Si vous ne souhaitez pas que les cookies flash soient stock\u00e9s sur votre ordinateur, vous pouvez ajuster les param\u00e8tres de votre lecteur flash pour bloquer le stockage des cookies flash \u00e0 l&#039;aide des outils contenus dans le&nbsp;<a href=\"http:\/\/www.macromedia.com\/support\/documentation\/en\/flashplayer\/help\/settings_manager07.html#_blank\">panneau des param\u00e8tres de stockage du site Web<\/a>. Vous pouvez \u00e9galement contr\u00f4ler les cookies flash en vous rendant sur&nbsp;<a href=\"http:\/\/www.macromedia.com\/support\/documentation\/en\/flashplayer\/help\/settings_manager03.html#_blank\">panneau des param\u00e8tres de stockage globaux<\/a>&nbsp;et en suivant les instructions (qui peuvent inclure des instructions expliquant, par exemple, comment supprimer les cookies flash existants (appel\u00e9s \u00ab\u00a0informations\u00a0\u00bb sur le site de macromedia), comment emp\u00eacher les flash lsos d&#039;\u00eatre plac\u00e9s sur votre ordinateur sans qu&#039;on vous le demande, et (pour flash player 8 et versions ult\u00e9rieures) comment bloquer les cookies flash qui ne sont pas livr\u00e9s par l&#039;op\u00e9rateur de la page sur laquelle vous vous trouvez \u00e0 ce moment-l\u00e0).<\/p>\n\n\n\n<p>Veuillez noter que la configuration du lecteur flash pour restreindre ou limiter l&#039;acceptation des cookies flash peut r\u00e9duire ou entraver la fonctionnalit\u00e9 de certaines applications flash, y compris, potentiellement, les applications flash utilis\u00e9es en relation avec nos services ou notre contenu en ligne.<\/p>\n\n\n\n<h4><strong>Diffusez-vous de la publicit\u00e9 cibl\u00e9e\u00a0?<\/strong><\/h4>\n\n\n\n<p>Des tiers peuvent placer des cookies sur votre ordinateur ou votre appareil mobile pour diffuser de la publicit\u00e9 sur nos sites Web. Ces soci\u00e9t\u00e9s peuvent utiliser des informations sur vos visites sur ce site Web et sur d&#039;autres sites Web afin de fournir des publicit\u00e9s pertinentes sur les biens et services susceptibles de vous int\u00e9resser. Elles peuvent \u00e9galement utiliser une technologie utilis\u00e9e pour mesurer l&#039;efficacit\u00e9 des publicit\u00e9s. Cela peut \u00eatre accompli en utilisant des cookies ou des balises Web pour collecter des informations sur vos visites sur ce site et sur d&#039;autres sites afin de fournir des publicit\u00e9s pertinentes sur les biens et services susceptibles de vous int\u00e9resser. Les informations recueillies par le biais de ce processus ne nous permettent pas d&#039;identifier votre nom, vos coordonn\u00e9es ou d&#039;autres d\u00e9tails qui vous identifient directement, sauf si vous choisissez de les fournir.<\/p>\n\n\n\n<h4><strong>\u00c0 quelle fr\u00e9quence mettrez-vous \u00e0 jour cette politique de cookies\u00a0?<\/strong><\/h4>\n\n\n\n<p>Nous pouvons mettre \u00e0 jour cette politique de cookies de temps \u00e0 autre afin de refl\u00e9ter, par exemple, des modifications des cookies que nous utilisons ou pour d&#039;autres raisons op\u00e9rationnelles, l\u00e9gales ou r\u00e9glementaires. Veuillez donc consulter r\u00e9guli\u00e8rement cette politique en mati\u00e8re de cookies pour rester inform\u00e9 de notre utilisation des cookies et des technologies associ\u00e9es.<\/p>\n\n\n\n<p>La date en haut de cette politique de cookies indique quand elle a \u00e9t\u00e9 mise \u00e0 jour pour la derni\u00e8re fois.<\/p>\n\n\n\n<h4><strong>O\u00f9 puis-je obtenir de plus amples informations ?<\/strong><\/h4>\n\n\n\n<p>Si vous avez des questions sur notre utilisation des cookies ou d&#039;autres technologies, veuillez nous envoyer un e-mail \u00e0\u00a0<a href=\"mailto:info@admit-one.co.uk.local\">info@admit-one.co.uk<\/a>\u00a0ou par courrier \u00e0 :<\/p>\n\n\n\n<p>Logiciel collaboratif limit\u00e9<br>Unit 9 Albany Park<br>Cabot Lane<br>Poole BH17 7BX<br>T\u00e9l\u00e9phone : 01929 551356<\/p>","protected":false},"excerpt":{"rendered":"<p>Cette politique en mati\u00e8re de cookies explique comment Collaborative Software Limited (&quot;soci\u00e9t\u00e9&quot;, &quot;nous&quot;, &quot;notre&quot; et &quot;nos&quot;) utilise des cookies et des technologies similaires pour vous reconna\u00eetre lorsque vous visitez nos sites Web \u00e0 l&#039;adresse https:\/\/admit-one.co. uk, (&quot;sites Web&quot;). Il explique ce que sont ces technologies et pourquoi nous les utilisons, ainsi que vos droits de contr\u00f4ler notre utilisation de celles-ci. Dans certains cas, nous pouvons utiliser des cookies pour\u2026&nbsp;<a href=\"https:\/\/admit-one.eu\/fr\/politique-de-cookies\/\" rel=\"bookmark\">Read More &raquo;<span class=\"screen-reader-text\">Politique relative aux cookies<\/span><\/a><\/p>","protected":false},"author":1,"featured_media":0,"parent":0,"menu_order":0,"comment_status":"closed","ping_status":"closed","template":"","meta":{"om_disable_all_campaigns":false,"_uag_custom_page_level_css":"","_mi_skip_tracking":false,"neve_meta_sidebar":"","neve_meta_container":"","neve_meta_enable_content_width":"","neve_meta_content_width":0,"neve_meta_title_alignment":"","neve_meta_author_avatar":"","neve_post_elements_order":"","neve_meta_disable_header":"","neve_meta_disable_footer":"","neve_meta_disable_title":"on","neve_meta_reading_time":"","_themeisle_gutenberg_block_has_review":false},"categories":[],"tags":[],"folder":[91],"aioseo_notices":[],"uagb_featured_image_src":{"full":false,"thumbnail":false,"medium":false,"medium_large":false,"large":false,"1536x1536":false,"2048x2048":false,"trp-custom-language-flag":false,"neve-blog":false,"xl":false,"xxl":false,"xxxl":false,"xxxxl":false,"xxxxxl":false},"uagb_author_info":{"display_name":"James Gibson","author_link":"https:\/\/admit-one.eu\/fr\/blog\/author\/james-gibson\/"},"uagb_comment_info":0,"uagb_excerpt":"This cookie policy explains how&nbsp;collaborative software limited&nbsp;(&#8220;company&#8220;, &#8220;we&#8220;, &#8220;us&#8220;, and &#8220;our&#8220;) uses cookies and similar technologies to recognize you when you visit our websites at&nbsp;https:\/\/admit-one.co.uk,&nbsp;(&#8220;websites&#8220;). It explains what these technologies are and why we use them, as well as your rights to control our use of them. In some cases we may use cookies to&hellip;&nbsp;Read\u2026","_links":{"self":[{"href":"https:\/\/admit-one.eu\/fr\/wp-json\/wp\/v2\/pages\/9308"}],"collection":[{"href":"https:\/\/admit-one.eu\/fr\/wp-json\/wp\/v2\/pages"}],"about":[{"href":"https:\/\/admit-one.eu\/fr\/wp-json\/wp\/v2\/types\/page"}],"author":[{"embeddable":true,"href":"https:\/\/admit-one.eu\/fr\/wp-json\/wp\/v2\/users\/1"}],"replies":[{"embeddable":true,"href":"https:\/\/admit-one.eu\/fr\/wp-json\/wp\/v2\/comments?post=9308"}],"version-history":[{"count":1,"href":"https:\/\/admit-one.eu\/fr\/wp-json\/wp\/v2\/pages\/9308\/revisions"}],"predecessor-version":[{"id":15627,"href":"https:\/\/admit-one.eu\/fr\/wp-json\/wp\/v2\/pages\/9308\/revisions\/15627"}],"wp:attachment":[{"href":"https:\/\/admit-one.eu\/fr\/wp-json\/wp\/v2\/media?parent=9308"}],"wp:term":[{"taxonomy":"category","embeddable":true,"href":"https:\/\/admit-one.eu\/fr\/wp-json\/wp\/v2\/categories?post=9308"},{"taxonomy":"post_tag","embeddable":true,"href":"https:\/\/admit-one.eu\/fr\/wp-json\/wp\/v2\/tags?post=9308"},{"taxonomy":"folder","embeddable":true,"href":"https:\/\/admit-one.eu\/fr\/wp-json\/wp\/v2\/folder?post=9308"}],"curies":[{"name":"wp","href":"https:\/\/api.w.org\/{rel}","templated":true}]}}