{"id":9298,"date":"2022-05-30T10:41:17","date_gmt":"2022-05-30T09:41:17","guid":{"rendered":"https:\/\/admit-one.co.uk\/?page_id=9298"},"modified":"2022-10-27T08:22:56","modified_gmt":"2022-10-27T07:22:56","slug":"faqs","status":"publish","type":"page","link":"https:\/\/admit-one.eu\/fr\/faq\/","title":{"rendered":"FAQ"},"content":{"rendered":"<section id=\"wp-block-themeisle-blocks-advanced-columns-faf6acdf\" class=\"wp-block-themeisle-blocks-advanced-columns alignfull has-1-columns has-desktop-equal-layout has-tablet-equal-layout has-mobile-equal-layout has-vertical-center clip-btm-up\"><div class=\"wp-block-themeisle-blocks-advanced-columns-overlay\"><\/div><div class=\"innerblocks-wrap\">\n<div id=\"wp-block-themeisle-blocks-advanced-column-7ec5acd4\" class=\"wp-block-themeisle-blocks-advanced-column\">\n<h1 id=\"wp-block-themeisle-blocks-advanced-heading-13ce2b13\" class=\"wp-block-themeisle-blocks-advanced-heading wp-block-themeisle-blocks-advanced-heading-13ce2b13\">FAQ<\/h1>\n<\/div>\n<\/div><\/section>\n\n\n\n<div id=\"wp-block-themeisle-blocks-accordion-2e85123d\" class=\"wp-block-themeisle-blocks-accordion\">\n<details class=\"wp-block-themeisle-blocks-accordion-item\"><summary class=\"wp-block-themeisle-blocks-accordion-item__title\"><div>Dois-je acheter chaque module individuellement ?<\/div><\/summary><div class=\"wp-block-themeisle-blocks-accordion-item__content\">\n<p>Non, A1 Suite est un package complet qui, selon nous, contient tout ce dont vous avez besoin pour g\u00e9rer votre site avec succ\u00e8s. Utilisez autant ou aussi peu que vous le souhaitez.<\/p>\n<\/div><\/details>\n\n\n\n<details class=\"wp-block-themeisle-blocks-accordion-item\"><summary class=\"wp-block-themeisle-blocks-accordion-item__title\"><div>Combien co\u00fbte l&#039;utilisation d&#039;A1 Suite ?<\/div><\/summary><div class=\"wp-block-themeisle-blocks-accordion-item__content\">\n<p>Des frais fixes mensuels modestes sont appliqu\u00e9s par site pour l&#039;utilisation d&#039;Al Suite, coupl\u00e9s \u00e0 des frais d&#039;\u00e9volutivit\u00e9* pr\u00e9lev\u00e9s sur chaque transaction \u00e0 distance. Notre politique de prix vise \u00e0 rendre Al Suite aussi neutre que possible.<\/p>\n\n\n\n<p>* Les frais d&#039;\u00e9volutivit\u00e9 sont con\u00e7us pour distinguer les utilisateurs \u00e0 grande \u00e9chelle des petits op\u00e9rateurs et sont appliqu\u00e9s par transaction sur les transactions \u00e0 distance trait\u00e9es \u00e0 partir du Web, de l&#039;application et de la seule boutique Al exclusive d&#039;APl.<\/p>\n<\/div><\/details>\n\n\n\n<details class=\"wp-block-themeisle-blocks-accordion-item\"><summary class=\"wp-block-themeisle-blocks-accordion-item__title\"><div>Proposez-vous des formations ?<\/div><\/summary><div class=\"wp-block-themeisle-blocks-accordion-item__content\">\n<p>Oui, une formation sur site ou hors site est disponible sur demande.<\/p>\n<\/div><\/details>\n\n\n\n<details class=\"wp-block-themeisle-blocks-accordion-item\"><summary class=\"wp-block-themeisle-blocks-accordion-item__title\"><div>Je ne suis pas bas\u00e9 au Royaume-Uni, puis-je quand m\u00eame utiliser A1 Suite ?<\/div><\/summary><div class=\"wp-block-themeisle-blocks-accordion-item__content\">\n<p>Oui, notre \u00e9quipe d&#039;assistance d\u00e9di\u00e9e peut se connecter \u00e0 votre site et vous assister partout dans le monde.<\/p>\n<\/div><\/details>\n\n\n\n<details class=\"wp-block-themeisle-blocks-accordion-item\"><summary class=\"wp-block-themeisle-blocks-accordion-item__title\"><div>Si j&#039;ai une question, puis-je parler \u00e0 quelqu&#039;un ?<\/div><\/summary><div class=\"wp-block-themeisle-blocks-accordion-item__content\">\n<p>Oui, parfois nous comprenons que vous avez juste besoin de parler \u00e0 quelqu&#039;un, notre \u00e9quipe est l\u00e0 pour vous.<\/p>\n<\/div><\/details>\n\n\n\n<details class=\"wp-block-themeisle-blocks-accordion-item\"><summary class=\"wp-block-themeisle-blocks-accordion-item__title\"><div>Que se passe-t-il si nous rencontrons des probl\u00e8mes techniques ?<\/div><\/summary><div class=\"wp-block-themeisle-blocks-accordion-item__content\">\n<p>Notre \u00e9quipe surveille en permanence un certain nombre de t\u00e9l\u00e9matiques en arri\u00e8re-plan pour s&#039;assurer que tout fonctionne correctement pour vous.<\/p>\n<\/div><\/details>\n<\/div>","protected":false},"excerpt":{"rendered":"","protected":false},"author":1,"featured_media":0,"parent":0,"menu_order":0,"comment_status":"closed","ping_status":"closed","template":"","meta":{"om_disable_all_campaigns":false,"_uag_custom_page_level_css":"","_mi_skip_tracking":false,"neve_meta_sidebar":"","neve_meta_container":"","neve_meta_enable_content_width":"","neve_meta_content_width":0,"neve_meta_title_alignment":"","neve_meta_author_avatar":"","neve_post_elements_order":"","neve_meta_disable_header":"","neve_meta_disable_footer":"","neve_meta_disable_title":"on","neve_meta_reading_time":"","_themeisle_gutenberg_block_has_review":false},"categories":[],"tags":[],"folder":[],"aioseo_notices":[],"uagb_featured_image_src":{"full":false,"thumbnail":false,"medium":false,"medium_large":false,"large":false,"1536x1536":false,"2048x2048":false,"trp-custom-language-flag":false,"neve-blog":false,"xl":false,"xxl":false,"xxxl":false,"xxxxl":false,"xxxxxl":false},"uagb_author_info":{"display_name":"James Gibson","author_link":"https:\/\/admit-one.eu\/fr\/blog\/author\/james-gibson\/"},"uagb_comment_info":0,"uagb_excerpt":null,"_links":{"self":[{"href":"https:\/\/admit-one.eu\/fr\/wp-json\/wp\/v2\/pages\/9298"}],"collection":[{"href":"https:\/\/admit-one.eu\/fr\/wp-json\/wp\/v2\/pages"}],"about":[{"href":"https:\/\/admit-one.eu\/fr\/wp-json\/wp\/v2\/types\/page"}],"author":[{"embeddable":true,"href":"https:\/\/admit-one.eu\/fr\/wp-json\/wp\/v2\/users\/1"}],"replies":[{"embeddable":true,"href":"https:\/\/admit-one.eu\/fr\/wp-json\/wp\/v2\/comments?post=9298"}],"version-history":[{"count":0,"href":"https:\/\/admit-one.eu\/fr\/wp-json\/wp\/v2\/pages\/9298\/revisions"}],"wp:attachment":[{"href":"https:\/\/admit-one.eu\/fr\/wp-json\/wp\/v2\/media?parent=9298"}],"wp:term":[{"taxonomy":"category","embeddable":true,"href":"https:\/\/admit-one.eu\/fr\/wp-json\/wp\/v2\/categories?post=9298"},{"taxonomy":"post_tag","embeddable":true,"href":"https:\/\/admit-one.eu\/fr\/wp-json\/wp\/v2\/tags?post=9298"},{"taxonomy":"folder","embeddable":true,"href":"https:\/\/admit-one.eu\/fr\/wp-json\/wp\/v2\/folder?post=9298"}],"curies":[{"name":"wp","href":"https:\/\/api.w.org\/{rel}","templated":true}]}}