{"id":13090,"date":"2023-06-15T10:28:17","date_gmt":"2023-06-15T09:28:17","guid":{"rendered":"https:\/\/admit-one.co.uk\/?page_id=13090"},"modified":"2024-07-02T11:45:51","modified_gmt":"2024-07-02T10:45:51","slug":"blog","status":"publish","type":"page","link":"https:\/\/admit-one.eu\/fr\/blog\/","title":{"rendered":"Blog"},"content":{"rendered":"<div id=\"wp-block-themeisle-blocks-advanced-columns-f3534b6f\" class=\"wp-block-themeisle-blocks-advanced-columns alignfull has-2-columns has-desktop-equal-layout has-tablet-equal-layout has-mobile-collapsedRows-layout has-vertical-unset has-vertical-undefined page-header\"><div class=\"wp-block-themeisle-blocks-advanced-columns-overlay\"><\/div><div class=\"innerblocks-wrap\">\n<div id=\"wp-block-themeisle-blocks-advanced-column-49529f4b\" class=\"wp-block-themeisle-blocks-advanced-column\">\n<h1 class=\"has-text-align-left wp-block-heading headingLink\"><a href=\"https:\/\/admit-one.co.uk\/blog\/\" rel=\"nofollow\" title=\"Blog\">Blog<\/a><\/h1>\n<\/div>\n\n\n\n<div id=\"wp-block-themeisle-blocks-advanced-column-27c8e090\" class=\"wp-block-themeisle-blocks-advanced-column\">\n<div class=\"is-content-justification-right is-nowrap is-layout-flex wp-container-1 wp-block-buttons\">\n<div class=\"wp-block-button is-style-secondary\"><a class=\"wp-block-button__link wp-element-button\" href=\"https:\/\/admit-one.eu\/fr\/blog\/produit\/\">Produit<\/a><\/div>\n\n\n\n<div class=\"wp-block-button is-style-secondary\"><a class=\"wp-block-button__link wp-element-button\" href=\"https:\/\/admit-one.eu\/fr\/blog\/nouvelles\/\">Nouvelles<\/a><\/div>\n\n\n\n<div class=\"wp-block-button is-style-secondary\"><a class=\"wp-block-button__link wp-element-button\" href=\"https:\/\/admit-one.eu\/fr\/blog\/mises-a-jour\/\">Mises \u00e0 jour<\/a><\/div>\n<\/div>\n<\/div>\n<\/div><div class=\"wp-block-themeisle-blocks-advanced-columns-separators bottom\"><svg id=\"slant\" fill=\"var(--nv-site-bg)\" viewbox=\"0 0 100 100\" width=\"100%\" height=\"100\" preserveaspectratio=\"none\" xmlns=\"http:\/\/www.w3.org\/2000\/svg\" class=\"rotate\"><path d=\"M0 0 L0 100 L100 0 Z\"><\/path><\/svg><\/div><\/div>\n\n\n\n<div id=\"wp-block-themeisle-blocks-advanced-columns-1b120731\" class=\"wp-block-themeisle-blocks-advanced-columns alignfull has-1-columns has-desktop-equal-layout has-tablet-equal-layout has-mobile-collapsedRows-layout has-reverse-columns-mobile has-vertical-unset has-vertical-undefined page-header\"><div class=\"wp-block-themeisle-blocks-advanced-columns-overlay\"><\/div><div class=\"innerblocks-wrap\">\n<div id=\"wp-block-themeisle-blocks-advanced-column-a0a59f5e\" class=\"wp-block-themeisle-blocks-advanced-column postFeatured\">\n<h5 class=\"has-text-align-left wp-block-heading\">En vedette<\/h5>\n\n\n\n\t\t\t<div class=\"wp-block-uagb-post-carousel uagb-post-grid FeaturedCarousel uagb-post__image-position-background uagb-post__image-enabled uagb-block-8e6a4490     uagb-post__arrow-outside uagb-post__items uagb-post__columns-1 is-carousel uagb-post__columns-tablet-1 uagb-post__columns-mobile-1\" data-total=\"2\" style=\"\">\n\n\t\t\t\t\t\t\t\t\t\t\t\t<article class=\"uagb-post__inner-wrap\">\t\t\t\t\t\t\t\t<h3 class=\"uagb-post__title uagb-post__text\">\n\t\t\t\t<a href=\"https:\/\/admit-one.eu\/fr\/blog\/mises-a-jour\/pdj-launches-new-site-the-lockworks-to-the-wolverhampton-community\/\" target=\"_self\" rel=\"bookmark noopener noreferrer\">PDJ launches new site The Lockworks to the Wolverhampton community.<\/a>\n\t\t\t<\/h3>\n\t\t\t\t\t\t<div class='uagb-post__text uagb-post-grid-byline'>\n\t\t\t\t\t\t\t\t<time datetime=\"2025-07-29T12:02:51+01:00\" class=\"uagb-post__date\">\n\t\t\t\t\t\t\t\t\t29 juillet 2025\t\t\t\t<\/time>\n\t\t\t\t\t\t<\/div>\n\t\t\t\t\t\t\t<div class='uagb-post__text uagb-post__excerpt'>\n\t\t\t\t\t<p>PDJ launches new site The Lockworks to the Wolverhampton community. PDJ&#8217;s brand new venue &#8216;The Lockworks&#8217; is a four-screen boutique cinema in Wolverhampton\u2019s historic Grade&nbsp;II-listed Chubb Building, once the iconic&#8230;\t\t\t\t<\/div>\n\t\t\t\t\t\t<div class=\"uagb-post__text uagb-post__cta wp-block-button\">\n\t\t\t\t<a class=\"wp-block-button__link uagb-text-link\" href=\"https:\/\/admit-one.eu\/fr\/blog\/mises-a-jour\/pdj-launches-new-site-the-lockworks-to-the-wolverhampton-community\/\" target=\"_self\" rel=\"bookmark noopener noreferrer\">Lire la suite<\/a>\n\t\t\t<\/div>\n\t\t\t\t\t\t<div class='uagb-post__image'>\n\t\t\t\t\t\t\t\t\t<a href=\"https:\/\/admit-one.eu\/fr\/blog\/mises-a-jour\/pdj-launches-new-site-the-lockworks-to-the-wolverhampton-community\/\" target=\"_self\" rel=\"bookmark noopener noreferrer\"><img width=\"1024\" height=\"538\" src=\"https:\/\/admit-one.eu\/wp-content\/uploads\/2025\/07\/blog_news_mobile-app_header.png\" class=\"attachment-large size-large\" alt=\"\" decoding=\"async\" loading=\"lazy\" \/>\t\t\t\t\t<\/a>\n\t\t\t\t\t\t\t\t\t<\/div>\n\t\t\t\t\t\t\t\t\t\t\t<a class=\"uagb-post__link-complete-box\" href=\"https:\/\/admit-one.eu\/fr\/blog\/mises-a-jour\/pdj-launches-new-site-the-lockworks-to-the-wolverhampton-community\/\" target=\"_self\" rel=\"bookmark noopener noreferrer\"><\/a>\n\t\t\t\t\t\t\t<\/article>\n\t\t\t\t\t\t\t\t\t\t\t<\/div>\n\t\t\t<\/div>\n<\/div><\/div>\n\n\n\n<div id=\"wp-block-themeisle-blocks-advanced-columns-5c389b0b\" class=\"wp-block-themeisle-blocks-advanced-columns alignfull has-1-columns has-desktop-equal-layout has-tablet-equal-layout has-mobile-collapsedRows-layout has-reverse-columns-mobile has-vertical-unset has-vertical-undefined page-header\"><div class=\"wp-block-themeisle-blocks-advanced-columns-overlay\"><\/div><div class=\"innerblocks-wrap\">\n<div id=\"wp-block-themeisle-blocks-advanced-column-5763269e\" class=\"wp-block-themeisle-blocks-advanced-column postGrid\" data-aos=\"fade\" data-aos-duration=\"1200\">\n<h3 class=\"has-text-align-center wp-block-heading\">Mises \u00e0 jour r\u00e9centes<\/h3>\n\n\n\n<div style=\"height:40px\" aria-hidden=\"true\" class=\"wp-block-spacer\"><\/div>\n\n\n\n\t\t\t<div class=\"wp-block-uagb-post-grid uagb-post-grid  uagb-post__image-position-top uagb-post__image-enabled uagb-block-333ef900     uagb-post__items uagb-post__columns-3 is-grid uagb-post__columns-tablet-3 uagb-post__columns-mobile-1 uagb-post__equal-height uagb-equal_height_inline-read-more-buttons\" data-total=\"2\" style=\"\">\n\n\t\t\t\t\t\t\t\t\t\t\t\t<article class=\"uagb-post__inner-wrap\">\t\t\t\t\t\t\t\t<div class='uagb-post__image'>\n\t\t\t\t\t\t\t\t\t<a href=\"https:\/\/admit-one.eu\/fr\/blog\/mises-a-jour\/admettez-en-un-et-showtime-analytics-unissent-leurs-forces-dans-le-cadre-de-showtime-group-solutions-annoncant-cinemax-comme-premier-client\/\" target=\"_self\" rel=\"bookmark noopener noreferrer\" class='uagb-image-ratio-inherit'><img width=\"1024\" height=\"538\" src=\"https:\/\/admit-one.eu\/wp-content\/uploads\/2024\/02\/blog_news_drip-pricing_featured_result.webp\" class=\"attachment-large size-large\" alt=\"Mise \u00e0 jour - Introduction d&#039;une l\u00e9gislation sur les prix goutte \u00e0 goutte\" decoding=\"async\" loading=\"lazy\" \/>\t\t\t\t\t<\/a>\n\t\t\t\t\t\t\t<\/div>\n\t\t\t\t\t\t<h5 class=\"uagb-post__title uagb-post__text\">\n\t\t\t\t<a href=\"https:\/\/admit-one.eu\/fr\/blog\/mises-a-jour\/admettez-en-un-et-showtime-analytics-unissent-leurs-forces-dans-le-cadre-de-showtime-group-solutions-annoncant-cinemax-comme-premier-client\/\" target=\"_self\" rel=\"bookmark noopener noreferrer\">Introduction d\u2019une l\u00e9gislation sur les prix au compte-gouttes<\/a>\n\t\t\t<\/h5>\n\t\t\t\t\t\t<div class='uagb-post__text uagb-post-grid-byline'>\n\t\t\t\t\t\t\t\t<time datetime=\"2024-02-22T09:48:24+00:00\" class=\"uagb-post__date\">\n\t\t\t\t\t\t\t\t\t22 f\u00e9vrier 2024\t\t\t\t<\/time>\n\t\t\t\t\t\t<\/div>\n\t\t\t\t\t\t\t<div class='uagb-post__text uagb-post__excerpt'>\n\t\t\t\t\tLa l\u00e9gislation britannique sur le \u00ab goutte \u00e0 goutte \u00bb devrait \u00eatre introduite ce printemps. Pour les cin\u00e9mas, cela signifie que les frais de r\u00e9servation et les frais de service devront \u00eatre\u2026\t\t\t\t<\/div>\n\t\t\t\t\t\t<div class=\"uagb-post__text uagb-post__cta wp-block-button\">\n\t\t\t\t<a class=\"wp-block-button__link uagb-text-link\" href=\"https:\/\/admit-one.eu\/fr\/blog\/mises-a-jour\/admettez-en-un-et-showtime-analytics-unissent-leurs-forces-dans-le-cadre-de-showtime-group-solutions-annoncant-cinemax-comme-premier-client\/\" target=\"_self\" rel=\"bookmark noopener noreferrer\">Lire la suite<\/a>\n\t\t\t<\/div>\n\t\t\t\t\t\t\t\t\t\t\t\t<\/article>\n\t\t\t\t\t\t\t\t\t\t\t\t\t\t\t\t<article class=\"uagb-post__inner-wrap\">\t\t\t\t\t\t\t\t<div class='uagb-post__image'>\n\t\t\t\t\t\t\t\t\t<a href=\"https:\/\/admit-one.eu\/fr\/blog\/mises-a-jour\/admettez-en-un-et-showtime-analytics-unissent-leurs-forces-dans-le-cadre-de-showtime-group-solutions-annoncant-cinemax-comme-premier-client\/\" target=\"_self\" rel=\"bookmark noopener noreferrer\" class='uagb-image-ratio-inherit'><img width=\"1024\" height=\"538\" src=\"https:\/\/admit-one.eu\/wp-content\/uploads\/2024\/02\/blog_news_deposit-return-scheme_result1.webp\" class=\"attachment-large size-large\" alt=\"Mise \u00e0 jour - Le syst\u00e8me de retour des d\u00e9p\u00f4ts de la R\u00e9publique d&#039;Irlande a \u00e9t\u00e9 mis en \u0153uvre\" decoding=\"async\" loading=\"lazy\" \/>\t\t\t\t\t<\/a>\n\t\t\t\t\t\t\t<\/div>\n\t\t\t\t\t\t<h5 class=\"uagb-post__title uagb-post__text\">\n\t\t\t\t<a href=\"https:\/\/admit-one.eu\/fr\/blog\/mises-a-jour\/admettez-en-un-et-showtime-analytics-unissent-leurs-forces-dans-le-cadre-de-showtime-group-solutions-annoncant-cinemax-comme-premier-client\/\" target=\"_self\" rel=\"bookmark noopener noreferrer\">Le syst\u00e8me de retour des d\u00e9p\u00f4ts de la R\u00e9publique d&#039;Irlande a \u00e9t\u00e9 mis en \u0153uvre<\/a>\n\t\t\t<\/h5>\n\t\t\t\t\t\t<div class='uagb-post__text uagb-post-grid-byline'>\n\t\t\t\t\t\t\t\t<time datetime=\"2024-02-01T10:57:17+00:00\" class=\"uagb-post__date\">\n\t\t\t\t\t\t\t\t\t1 f\u00e9vrier 2024\t\t\t\t<\/time>\n\t\t\t\t\t\t<\/div>\n\t\t\t\t\t\t\t<div class='uagb-post__text uagb-post__excerpt'>\n\t\t\t\t\tEn R\u00e9publique d&#039;Irlande, le Deposit Return Scheme (DRS) entre en vigueur le 1er f\u00e9vrier 2024. Ce programme vise \u00e0 promouvoir le recyclage et \u00e0 r\u00e9duire les d\u00e9chets\u2026\t\t\t\t<\/div>\n\t\t\t\t\t\t<div class=\"uagb-post__text uagb-post__cta wp-block-button\">\n\t\t\t\t<a class=\"wp-block-button__link uagb-text-link\" href=\"https:\/\/admit-one.eu\/fr\/blog\/mises-a-jour\/admettez-en-un-et-showtime-analytics-unissent-leurs-forces-dans-le-cadre-de-showtime-group-solutions-annoncant-cinemax-comme-premier-client\/\" target=\"_self\" rel=\"bookmark noopener noreferrer\">Lire la suite<\/a>\n\t\t\t<\/div>\n\t\t\t\t\t\t\t\t\t\t\t\t<\/article>\n\t\t\t\t\t\t\t\t\t\t\t\t\t\t\t\t<article class=\"uagb-post__inner-wrap\">\t\t\t\t\t\t\t\t<div class='uagb-post__image'>\n\t\t\t\t\t\t\t\t\t<a href=\"https:\/\/admit-one.eu\/fr\/blog\/produit\/bientot-la-derniere-innovation-en-matiere-de-commande-fb-mobile-sur-site\/\" target=\"_self\" rel=\"bookmark noopener noreferrer\" class='uagb-image-ratio-inherit'><img width=\"1024\" height=\"538\" src=\"https:\/\/admit-one.eu\/wp-content\/uploads\/2023\/11\/blog_news_a1-shop-launch_featured2_result.webp\" class=\"attachment-large size-large\" alt=\"D\u00e9couvrez la commande mobile de F&amp;B sur site\" decoding=\"async\" loading=\"lazy\" \/>\t\t\t\t\t<\/a>\n\t\t\t\t\t\t\t<\/div>\n\t\t\t\t\t\t<h5 class=\"uagb-post__title uagb-post__text\">\n\t\t\t\t<a href=\"https:\/\/admit-one.eu\/fr\/blog\/produit\/bientot-la-derniere-innovation-en-matiere-de-commande-fb-mobile-sur-site\/\" target=\"_self\" rel=\"bookmark noopener noreferrer\">D\u00e9couvrez la commande mobile de F&amp;B sur site d\u00e8s aujourd&#039;hui<\/a>\n\t\t\t<\/h5>\n\t\t\t\t\t\t<div class='uagb-post__text uagb-post-grid-byline'>\n\t\t\t\t\t\t\t\t<time datetime=\"2023-10-23T08:56:52+01:00\" class=\"uagb-post__date\">\n\t\t\t\t\t\t\t\t\t23 octobre 2023\t\t\t\t<\/time>\n\t\t\t\t\t\t<\/div>\n\t\t\t\t\t\t\t<div class='uagb-post__text uagb-post__excerpt'>\n\t\t\t\t\tNous travaillons avec des cin\u00e9mas de toutes formes et tailles depuis plus de 25 ans, nous aimons donc penser que nous avons appris une chose ou deux\u2026\t\t\t\t<\/div>\n\t\t\t\t\t\t<div class=\"uagb-post__text uagb-post__cta wp-block-button\">\n\t\t\t\t<a class=\"wp-block-button__link uagb-text-link\" href=\"https:\/\/admit-one.eu\/fr\/blog\/produit\/bientot-la-derniere-innovation-en-matiere-de-commande-fb-mobile-sur-site\/\" target=\"_self\" rel=\"bookmark noopener noreferrer\">Lire la suite<\/a>\n\t\t\t<\/div>\n\t\t\t\t\t\t\t\t\t\t\t\t<\/article>\n\t\t\t\t\t\t\t\t\t\t\t\t\t\t\t\t<article class=\"uagb-post__inner-wrap\">\t\t\t\t\t\t\t\t<div class='uagb-post__image'>\n\t\t\t\t\t\t\t\t\t<a href=\"https:\/\/admit-one.eu\/fr\/blog\/produit\/bientot-la-derniere-innovation-en-matiere-de-commande-fb-mobile-sur-site\/\" target=\"_self\" rel=\"bookmark noopener noreferrer\" class='uagb-image-ratio-inherit'><img width=\"1024\" height=\"538\" src=\"https:\/\/admit-one.eu\/wp-content\/uploads\/2023\/08\/blog_news_a1-shop_featured_result-1024x538.webp\" class=\"attachment-large size-large\" alt=\"Boutique A1 \u00e0 venir\" decoding=\"async\" loading=\"lazy\" srcset=\"https:\/\/admit-one.eu\/wp-content\/uploads\/2023\/08\/blog_news_a1-shop_featured_result-1024x538.webp 1024w, https:\/\/admit-one.eu\/wp-content\/uploads\/2023\/08\/blog_news_a1-shop_featured_result-300x158.webp 300w, https:\/\/admit-one.eu\/wp-content\/uploads\/2023\/08\/blog_news_a1-shop_featured_result-768x403.webp 768w, https:\/\/admit-one.eu\/wp-content\/uploads\/2023\/08\/blog_news_a1-shop_featured_result-18x9.webp 18w, https:\/\/admit-one.eu\/wp-content\/uploads\/2023\/08\/blog_news_a1-shop_featured_result.webp 1200w\" sizes=\"(max-width: 1024px) 100vw, 1024px\" \/>\t\t\t\t\t<\/a>\n\t\t\t\t\t\t\t<\/div>\n\t\t\t\t\t\t<h5 class=\"uagb-post__title uagb-post__text\">\n\t\t\t\t<a href=\"https:\/\/admit-one.eu\/fr\/blog\/produit\/bientot-la-derniere-innovation-en-matiere-de-commande-fb-mobile-sur-site\/\" target=\"_self\" rel=\"bookmark noopener noreferrer\">Bient\u00f4t disponible \u2013 La derni\u00e8re innovation en mati\u00e8re de commande mobile de F&amp;B sur site<\/a>\n\t\t\t<\/h5>\n\t\t\t\t\t\t<div class='uagb-post__text uagb-post-grid-byline'>\n\t\t\t\t\t\t\t\t<time datetime=\"2023-08-21T10:44:43+01:00\" class=\"uagb-post__date\">\n\t\t\t\t\t\t\t\t\t21 ao\u00fbt 2023\t\t\t\t<\/time>\n\t\t\t\t\t\t<\/div>\n\t\t\t\t\t\t\t<div class='uagb-post__text uagb-post__excerpt'>\n\t\t\t\t\tNous travaillons avec des cin\u00e9mas de toutes formes et tailles depuis plus de 25 ans, nous aimons donc penser que nous avons appris une chose ou deux\u2026\t\t\t\t<\/div>\n\t\t\t\t\t\t<div class=\"uagb-post__text uagb-post__cta wp-block-button\">\n\t\t\t\t<a class=\"wp-block-button__link uagb-text-link\" href=\"https:\/\/admit-one.eu\/fr\/blog\/produit\/bientot-la-derniere-innovation-en-matiere-de-commande-fb-mobile-sur-site\/\" target=\"_self\" rel=\"bookmark noopener noreferrer\">Lire la suite<\/a>\n\t\t\t<\/div>\n\t\t\t\t\t\t\t\t\t\t\t\t<\/article>\n\t\t\t\t\t\t\t\t\t\t\t\t\t\t\t\t<article class=\"uagb-post__inner-wrap\">\t\t\t\t\t\t\t\t<div class='uagb-post__image'>\n\t\t\t\t\t\t\t\t\t<a href=\"https:\/\/admit-one.eu\/fr\/blog\/nouvelles\/admettez-en-un-et-showtime-analytics-unissent-leurs-forces-dans-le-cadre-de-showtime-group-solutions-annoncant-cinemax-comme-premier-client\/\" target=\"_self\" rel=\"bookmark noopener noreferrer\" class='uagb-image-ratio-inherit'><img width=\"1024\" height=\"538\" src=\"https:\/\/admit-one.eu\/wp-content\/uploads\/2023\/08\/blog_news_sgs_featured_result-1024x538.webp\" class=\"attachment-large size-large\" alt=\"Solutions du groupe Showtime\" decoding=\"async\" loading=\"lazy\" srcset=\"https:\/\/admit-one.eu\/wp-content\/uploads\/2023\/08\/blog_news_sgs_featured_result-1024x538.webp 1024w, https:\/\/admit-one.eu\/wp-content\/uploads\/2023\/08\/blog_news_sgs_featured_result-300x158.webp 300w, https:\/\/admit-one.eu\/wp-content\/uploads\/2023\/08\/blog_news_sgs_featured_result-768x403.webp 768w, https:\/\/admit-one.eu\/wp-content\/uploads\/2023\/08\/blog_news_sgs_featured_result-18x9.webp 18w, https:\/\/admit-one.eu\/wp-content\/uploads\/2023\/08\/blog_news_sgs_featured_result.webp 1200w\" sizes=\"(max-width: 1024px) 100vw, 1024px\" \/>\t\t\t\t\t<\/a>\n\t\t\t\t\t\t\t<\/div>\n\t\t\t\t\t\t<h5 class=\"uagb-post__title uagb-post__text\">\n\t\t\t\t<a href=\"https:\/\/admit-one.eu\/fr\/blog\/nouvelles\/admettez-en-un-et-showtime-analytics-unissent-leurs-forces-dans-le-cadre-de-showtime-group-solutions-annoncant-cinemax-comme-premier-client\/\" target=\"_self\" rel=\"bookmark noopener noreferrer\">Admit One et Showtime Analytics unissent leurs forces dans le cadre des solutions Showtime Group et annoncent Cinemex comme premier client<\/a>\n\t\t\t<\/h5>\n\t\t\t\t\t\t<div class='uagb-post__text uagb-post-grid-byline'>\n\t\t\t\t\t\t\t\t<time datetime=\"2023-08-17T11:42:12+01:00\" class=\"uagb-post__date\">\n\t\t\t\t\t\t\t\t\t17 ao\u00fbt 2023\t\t\t\t<\/time>\n\t\t\t\t\t\t<\/div>\n\t\t\t\t\t\t\t<div class='uagb-post__text uagb-post__excerpt'>\n\t\t\t\t\tAdmit One et Showtime Analytics, deux principaux fournisseurs de solutions technologiques pour le cin\u00e9ma, ont annonc\u00e9 aujourd&#039;hui leur rapprochement sous une nouvelle soci\u00e9t\u00e9 du groupe, Showtime\u2026\t\t\t\t<\/div>\n\t\t\t\t\t\t<div class=\"uagb-post__text uagb-post__cta wp-block-button\">\n\t\t\t\t<a class=\"wp-block-button__link uagb-text-link\" href=\"https:\/\/admit-one.eu\/fr\/blog\/nouvelles\/admettez-en-un-et-showtime-analytics-unissent-leurs-forces-dans-le-cadre-de-showtime-group-solutions-annoncant-cinemax-comme-premier-client\/\" target=\"_self\" rel=\"bookmark noopener noreferrer\">Lire la suite<\/a>\n\t\t\t<\/div>\n\t\t\t\t\t\t\t\t\t\t\t\t<\/article>\n\t\t\t\t\t\t\t\t\t\t\t\t\t\t\t\t<article class=\"uagb-post__inner-wrap\">\t\t\t\t\t\t\t\t<div class='uagb-post__image'>\n\t\t\t\t\t\t\t\t\t<a href=\"https:\/\/admit-one.eu\/fr\/blog\/nouvelles\/admettons-quun-leader-mondial-des-expositions-cinemax-soit-le-premier-client-dentreprise\/\" target=\"_self\" rel=\"bookmark noopener noreferrer\" class='uagb-image-ratio-inherit'><img width=\"1024\" height=\"538\" src=\"https:\/\/admit-one.eu\/wp-content\/uploads\/2023\/08\/blog_news_cinemex_featured_result-1024x538.webp\" class=\"attachment-large size-large\" alt=\"\" decoding=\"async\" loading=\"lazy\" srcset=\"https:\/\/admit-one.eu\/wp-content\/uploads\/2023\/08\/blog_news_cinemex_featured_result-1024x538.webp 1024w, https:\/\/admit-one.eu\/wp-content\/uploads\/2023\/08\/blog_news_cinemex_featured_result-300x158.webp 300w, https:\/\/admit-one.eu\/wp-content\/uploads\/2023\/08\/blog_news_cinemex_featured_result-768x403.webp 768w, https:\/\/admit-one.eu\/wp-content\/uploads\/2023\/08\/blog_news_cinemex_featured_result-18x9.webp 18w, https:\/\/admit-one.eu\/wp-content\/uploads\/2023\/08\/blog_news_cinemex_featured_result.webp 1200w\" sizes=\"(max-width: 1024px) 100vw, 1024px\" \/>\t\t\t\t\t<\/a>\n\t\t\t\t\t\t\t<\/div>\n\t\t\t\t\t\t<h5 class=\"uagb-post__title uagb-post__text\">\n\t\t\t\t<a href=\"https:\/\/admit-one.eu\/fr\/blog\/nouvelles\/admettons-quun-leader-mondial-des-expositions-cinemax-soit-le-premier-client-dentreprise\/\" target=\"_self\" rel=\"bookmark noopener noreferrer\">Admit One annonce Cinemex, leader mondial des salons, comme premier client d&#039;entreprise<\/a>\n\t\t\t<\/h5>\n\t\t\t\t\t\t<div class='uagb-post__text uagb-post-grid-byline'>\n\t\t\t\t\t\t\t\t<time datetime=\"2023-08-17T08:19:44+01:00\" class=\"uagb-post__date\">\n\t\t\t\t\t\t\t\t\t17 ao\u00fbt 2023\t\t\t\t<\/time>\n\t\t\t\t\t\t<\/div>\n\t\t\t\t\t\t\t<div class='uagb-post__text uagb-post__excerpt'>\n\t\t\t\t\tAdmit One, dans le cadre du groupe parent nouvellement form\u00e9 Showtime Group Solutions avec Showtime Analytics, a annonc\u00e9 avoir sign\u00e9 un accord de 15 ans\u2026\t\t\t\t<\/div>\n\t\t\t\t\t\t<div class=\"uagb-post__text uagb-post__cta wp-block-button\">\n\t\t\t\t<a class=\"wp-block-button__link uagb-text-link\" href=\"https:\/\/admit-one.eu\/fr\/blog\/nouvelles\/admettons-quun-leader-mondial-des-expositions-cinemax-soit-le-premier-client-dentreprise\/\" target=\"_self\" rel=\"bookmark noopener noreferrer\">Lire la suite<\/a>\n\t\t\t<\/div>\n\t\t\t\t\t\t\t\t\t\t\t\t<\/article>\n\t\t\t\t\t\t\t\t\t\t\t<\/div>\n\t\t\t<\/div>\n<\/div><\/div>","protected":false},"excerpt":{"rendered":"","protected":false},"author":1,"featured_media":0,"parent":0,"menu_order":0,"comment_status":"closed","ping_status":"closed","template":"","meta":{"om_disable_all_campaigns":false,"_uag_custom_page_level_css":"","_mi_skip_tracking":false,"neve_meta_sidebar":"","neve_meta_container":"full-width","neve_meta_enable_content_width":"on","neve_meta_content_width":70,"neve_meta_title_alignment":"","neve_meta_author_avatar":"","neve_post_elements_order":"","neve_meta_disable_header":"","neve_meta_disable_footer":"","neve_meta_disable_title":"on","neve_meta_reading_time":"","_themeisle_gutenberg_block_has_review":false},"categories":[5,7,6],"tags":[],"folder":[107],"aioseo_notices":[],"uagb_featured_image_src":{"full":false,"thumbnail":false,"medium":false,"medium_large":false,"large":false,"1536x1536":false,"2048x2048":false,"trp-custom-language-flag":false,"neve-blog":false,"xl":false,"xxl":false,"xxxl":false,"xxxxl":false,"xxxxxl":false},"uagb_author_info":{"display_name":"James Gibson","author_link":"https:\/\/admit-one.eu\/fr\/blog\/author\/james-gibson\/"},"uagb_comment_info":0,"uagb_excerpt":null,"_links":{"self":[{"href":"https:\/\/admit-one.eu\/fr\/wp-json\/wp\/v2\/pages\/13090"}],"collection":[{"href":"https:\/\/admit-one.eu\/fr\/wp-json\/wp\/v2\/pages"}],"about":[{"href":"https:\/\/admit-one.eu\/fr\/wp-json\/wp\/v2\/types\/page"}],"author":[{"embeddable":true,"href":"https:\/\/admit-one.eu\/fr\/wp-json\/wp\/v2\/users\/1"}],"replies":[{"embeddable":true,"href":"https:\/\/admit-one.eu\/fr\/wp-json\/wp\/v2\/comments?post=13090"}],"version-history":[{"count":10,"href":"https:\/\/admit-one.eu\/fr\/wp-json\/wp\/v2\/pages\/13090\/revisions"}],"predecessor-version":[{"id":15356,"href":"https:\/\/admit-one.eu\/fr\/wp-json\/wp\/v2\/pages\/13090\/revisions\/15356"}],"wp:attachment":[{"href":"https:\/\/admit-one.eu\/fr\/wp-json\/wp\/v2\/media?parent=13090"}],"wp:term":[{"taxonomy":"category","embeddable":true,"href":"https:\/\/admit-one.eu\/fr\/wp-json\/wp\/v2\/categories?post=13090"},{"taxonomy":"post_tag","embeddable":true,"href":"https:\/\/admit-one.eu\/fr\/wp-json\/wp\/v2\/tags?post=13090"},{"taxonomy":"folder","embeddable":true,"href":"https:\/\/admit-one.eu\/fr\/wp-json\/wp\/v2\/folder?post=13090"}],"curies":[{"name":"wp","href":"https:\/\/api.w.org\/{rel}","templated":true}]}}