{"id":12338,"date":"2023-01-23T12:01:18","date_gmt":"2023-01-23T12:01:18","guid":{"rendered":"https:\/\/admit-one.co.uk\/?page_id=12338"},"modified":"2024-02-22T16:28:39","modified_gmt":"2024-02-22T16:28:39","slug":"about-us","status":"publish","type":"page","link":"https:\/\/admit-one.eu\/fr\/a-propos-de-nous\/","title":{"rendered":"\u00c0 propos de nous"},"content":{"rendered":"<div id=\"wp-block-themeisle-blocks-advanced-columns-dff4b542\" class=\"wp-block-themeisle-blocks-advanced-columns alignfull has-1-columns has-desktop-twoOne-layout has-tablet-equal-layout has-mobile-collapsedRows-layout has-reverse-columns-mobile has-vertical-unset has-vertical-undefined\"><div class=\"wp-block-themeisle-blocks-advanced-columns-overlay\"><\/div><div class=\"innerblocks-wrap\">\n<div id=\"wp-block-themeisle-blocks-advanced-column-eee0d37b\" class=\"wp-block-themeisle-blocks-advanced-column\" data-aos=\"fade\" data-aos-duration=\"1200\">\n<h1 class=\"has-text-align-center wp-block-heading\">\u00c0 propos de nous<\/h1>\n\n\n\n<h3 class=\"has-text-align-center wp-block-heading\">25 ans de fourniture de PLV aux principaux circuits europ\u00e9ens et aux principaux sites et attractions touristiques<\/h3>\n<\/div>\n<\/div><\/div>\n\n\n\n<div id=\"wp-block-themeisle-blocks-advanced-columns-76e9b26c\" class=\"wp-block-themeisle-blocks-advanced-columns alignfull has-2-columns has-desktop-oneTwo-layout has-tablet-oneTwo-layout has-mobile-collapsedRows-layout has-reverse-columns-mobile has-vertical-unset has-vertical-undefined\"><div class=\"wp-block-themeisle-blocks-advanced-columns-overlay\"><\/div><div class=\"innerblocks-wrap\">\n<div id=\"wp-block-themeisle-blocks-advanced-column-d2e3e2dd\" class=\"wp-block-themeisle-blocks-advanced-column\" data-aos=\"fade-right\" data-aos-duration=\"1200\"><div class=\"wp-block-image\">\n<figure class=\"aligncenter size-full is-resized\"><img decoding=\"async\" loading=\"lazy\" src=\"https:\/\/admit-one.co.uk\/wp-content\/uploads\/2023\/01\/image_f-and-b_result.webp\" alt=\"\" class=\"wp-image-12260\" width=\"300\" height=\"300\" srcset=\"https:\/\/admit-one.eu\/wp-content\/uploads\/2023\/01\/image_f-and-b_result.webp 400w, https:\/\/admit-one.eu\/wp-content\/uploads\/2023\/01\/image_f-and-b_result-300x300.webp 300w, https:\/\/admit-one.eu\/wp-content\/uploads\/2023\/01\/image_f-and-b_result-150x150.webp 150w, https:\/\/admit-one.eu\/wp-content\/uploads\/2023\/01\/image_f-and-b_result-12x12.webp 12w\" sizes=\"(max-width: 300px) 100vw, 300px\" \/><\/figure><\/div><\/div>\n\n\n\n<div id=\"wp-block-themeisle-blocks-advanced-column-0efe64cf\" class=\"wp-block-themeisle-blocks-advanced-column\" data-aos=\"fade\" data-aos-duration=\"1200\">\n<h4 class=\"has-text-align-left wp-block-heading\">Construit par les exposants pour les exposants<\/h4>\n\n\n\n<p>Nous avons une longue histoire en tant qu&#039;op\u00e9rateurs d&#039;expositions, ce qui nous donne une capacit\u00e9 unique \u00e0 comprendre vos besoins en tant qu&#039;exposant et \u00e0 \u00e9laborer ensemble des solutions pour r\u00e9pondre \u00e0 vos besoins strat\u00e9giques.<\/p>\n\n\n\n<p>Nous connaissons l&#039;importance d&#039;avoir une technologie fiable qui vous permet de g\u00e9rer votre entreprise et de servir vos clients, c&#039;est pourquoi notre mission a toujours \u00e9t\u00e9 de fournir \u00e0 nos clients des outils fiables, intuitifs et flexibles pour g\u00e9rer leur environnement en constante \u00e9volution.<\/p>\n\n\n\n<p>Bas\u00e9e au Royaume-Uni et avec des bureaux en Europe, notre \u00e9quipe talentueuse et innovante d\u00e9veloppe constamment des id\u00e9es pour s&#039;assurer que nous concr\u00e9tisons cette vision. Apr\u00e8s 25 ans sur le march\u00e9 europ\u00e9en, nous avons pris la d\u00e9cision en 2021 d&#039;apporter notre technologie et notre mod\u00e8le op\u00e9rationnel aux march\u00e9s am\u00e9ricain et LATAM. Avec un investissement \u00e0 7 chiffres et une nouvelle \u00e9quipe d&#039;entreprise sur le terrain, notre expansion mondiale signifie que nous pouvons fournir une assistance, un d\u00e9veloppement et des d\u00e9ploiements locaux 24h\/24 et 7j\/7 \u00e0 nos nouveaux clients nationaux.<\/p>\n<\/div>\n<\/div><div class=\"wp-block-themeisle-blocks-advanced-columns-separators bottom\"><svg id=\"slant\" fill=\"var(--nv-text-dark-bg)\" viewbox=\"0 0 100 100\" width=\"100%\" height=\"100\" preserveaspectratio=\"none\" xmlns=\"http:\/\/www.w3.org\/2000\/svg\" class=\"rotate\"><path d=\"M0 0 L0 100 L100 0 Z\"><\/path><\/svg><\/div><\/div>\n\n\n\n<div id=\"wp-block-themeisle-blocks-advanced-columns-0d911272\" class=\"wp-block-themeisle-blocks-advanced-columns has-1-columns has-desktop-equal-layout has-tablet-equal-layout has-mobile-equal-layout has-vertical-unset\"><div class=\"wp-block-themeisle-blocks-advanced-columns-overlay\"><\/div><div class=\"innerblocks-wrap\">\n<div id=\"wp-block-themeisle-blocks-advanced-column-c826e310\" class=\"wp-block-themeisle-blocks-advanced-column\" data-aos=\"fade\" data-aos-duration=\"1200\">\n<h2 class=\"has-text-align-center wp-block-heading\"><strong>Rencontrez l&#039;\u00e9quipe de direction<\/strong><\/h2>\n<\/div>\n<\/div><\/div>\n\n\n\n<section id=\"wp-block-themeisle-blocks-advanced-columns-b06ccfb5\" class=\"wp-block-themeisle-blocks-advanced-columns alignfull has-2-columns has-desktop-equal-layout has-tablet-equal-layout has-mobile-collapsedRows-layout has-vertical-center panels-overlay\"><div class=\"wp-block-themeisle-blocks-advanced-columns-overlay\"><\/div><div class=\"wp-block-themeisle-blocks-advanced-columns-separators top\"><svg id=\"slant\" fill=\"var(--nv-text-dark-bg)\" viewbox=\"0 0 100 100\" width=\"100%\" height=\"100\" preserveaspectratio=\"none\" xmlns=\"http:\/\/www.w3.org\/2000\/svg\" class=\"\"><path d=\"M0 0 L0 100 L100 0 Z\"><\/path><\/svg><\/div><div class=\"innerblocks-wrap\">\n<div id=\"wp-block-themeisle-blocks-advanced-column-3125067c\" class=\"wp-block-themeisle-blocks-advanced-column\" data-aos=\"fade-right\" data-aos-duration=\"1200\"><div class=\"wp-block-image is-style-rounded\">\n<figure class=\"aligncenter size-full is-resized\"><img decoding=\"async\" loading=\"lazy\" src=\"https:\/\/admit-one.co.uk\/wp-content\/uploads\/2023\/01\/Pete_result.webp\" alt=\"Pierre Morton\" class=\"wp-image-12607\" width=\"180\" height=\"180\" srcset=\"https:\/\/admit-one.eu\/wp-content\/uploads\/2023\/01\/Pete_result.webp 240w, https:\/\/admit-one.eu\/wp-content\/uploads\/2023\/01\/Pete_result-150x150.webp 150w, https:\/\/admit-one.eu\/wp-content\/uploads\/2023\/01\/Pete_result-12x12.webp 12w\" sizes=\"(max-width: 180px) 100vw, 180px\" \/><\/figure><\/div>\n\n\n<div style=\"height:20px\" aria-hidden=\"true\" class=\"wp-block-spacer\"><\/div>\n\n\n\n<div class=\"is-layout-constrained wp-block-group noTranslate\" data-no-translation=\"\"><div class=\"wp-block-group__inner-container\">\n<h4 class=\"has-text-align-center wp-block-heading noTranslate\" data-no-translation=\"\">Peter Morton<\/h4>\n\n\n\n<h5 class=\"has-text-align-center wp-block-heading\">Founder &amp; CEO<\/h5>\n<\/div><\/div>\n\n\n\n<p>Fond\u00e9 par Peter Morton, le PDG d&#039;Admit One est responsable de la gestion globale de l&#039;entreprise ainsi que de l&#039;influence sur la direction des produits. Ayant plus de 35 ans d&#039;exp\u00e9rience dans le d\u00e9veloppement de logiciels, dont plus de 25 ans sp\u00e9cifiquement li\u00e9s \u00e0 l&#039;application de la technologie au march\u00e9 des expositions, il sait bien traduire les objectifs et les besoins des clients en solutions fiables et robustes qui r\u00e9pondent \u00e0 leurs objectifs.<\/p>\n<\/div>\n\n\n\n<div id=\"wp-block-themeisle-blocks-advanced-column-148ce39f\" class=\"wp-block-themeisle-blocks-advanced-column\" data-aos=\"fade-left\" data-aos-duration=\"1200\"><div class=\"wp-block-image is-style-rounded\">\n<figure class=\"aligncenter size-full is-resized\"><img decoding=\"async\" loading=\"lazy\" src=\"https:\/\/admit-one.co.uk\/wp-content\/uploads\/2023\/01\/matt_result.webp\" alt=\"Matthieu Voss\" class=\"wp-image-12609\" width=\"180\" height=\"180\" srcset=\"https:\/\/admit-one.eu\/wp-content\/uploads\/2023\/01\/matt_result.webp 240w, https:\/\/admit-one.eu\/wp-content\/uploads\/2023\/01\/matt_result-150x150.webp 150w, https:\/\/admit-one.eu\/wp-content\/uploads\/2023\/01\/matt_result-12x12.webp 12w\" sizes=\"(max-width: 180px) 100vw, 180px\" \/><\/figure><\/div>\n\n\n<div style=\"height:20px\" aria-hidden=\"true\" class=\"wp-block-spacer\"><\/div>\n\n\n\n<div class=\"is-layout-constrained wp-block-group noTranslate\" data-no-translation=\"\"><div class=\"wp-block-group__inner-container\">\n<h4 class=\"has-text-align-center wp-block-heading noTranslate\" data-no-translation=\"\">Matthew Voss<\/h4>\n\n\n\n<h5 class=\"has-text-align-center wp-block-heading\">CTO<\/h5>\n<\/div><\/div>\n\n\n\n<p class=\"has-text-align-left\">V\u00e9t\u00e9ran d&#039;Admit One avec plus de 10 ans \u00e0 son actif, Matt est responsable de la qualit\u00e9 et de l&#039;approche technique adopt\u00e9es par les membres de l&#039;\u00e9quipe, s&#039;assurant que leurs projets sont livr\u00e9s dans les d\u00e9lais et dans les limites du budget. Sa richesse de connaissances sur nos syst\u00e8mes de base est inestimable pour nos clients, nouveaux et existants, lorsqu&#039;ils ont besoin de fonctionnalit\u00e9s sur mesure.<\/p>\n<\/div>\n<\/div><\/section>\n\n\n\n<section id=\"wp-block-themeisle-blocks-advanced-columns-90947d6e\" class=\"wp-block-themeisle-blocks-advanced-columns alignfull has-2-columns has-desktop-equal-layout has-tablet-equal-layout has-mobile-collapsedRows-layout has-vertical-center panels-overlay\"><div class=\"wp-block-themeisle-blocks-advanced-columns-overlay\"><\/div><div class=\"innerblocks-wrap\">\n<div id=\"wp-block-themeisle-blocks-advanced-column-824d6b28\" class=\"wp-block-themeisle-blocks-advanced-column\" data-aos=\"fade-right\" data-aos-duration=\"1200\"><div class=\"wp-block-image is-style-rounded\">\n<figure class=\"aligncenter size-full is-resized\"><img decoding=\"async\" loading=\"lazy\" src=\"https:\/\/admit-one.co.uk\/wp-content\/uploads\/2023\/01\/paul_result.webp\" alt=\"Paul Veau\" class=\"wp-image-12610\" width=\"180\" height=\"180\" srcset=\"https:\/\/admit-one.eu\/wp-content\/uploads\/2023\/01\/paul_result.webp 240w, https:\/\/admit-one.eu\/wp-content\/uploads\/2023\/01\/paul_result-150x150.webp 150w, https:\/\/admit-one.eu\/wp-content\/uploads\/2023\/01\/paul_result-12x12.webp 12w\" sizes=\"(max-width: 180px) 100vw, 180px\" \/><\/figure><\/div>\n\n\n<div style=\"height:20px\" aria-hidden=\"true\" class=\"wp-block-spacer\"><\/div>\n\n\n\n<div class=\"is-layout-constrained wp-block-group noTranslate\" data-no-translation=\"\"><div class=\"wp-block-group__inner-container\">\n<h4 class=\"has-text-align-center wp-block-heading noTranslate\" data-no-translation=\"\">Paul Veal<\/h4>\n\n\n\n<h5 class=\"has-text-align-center wp-block-heading\">COO<\/h5>\n<\/div><\/div>\n\n\n\n<p class=\"has-text-align-left\">Depuis qu&#039;il a rejoint Admit One en 2014, Paul est devenu le pivot entre les d\u00e9partements, am\u00e9liorant les pratiques de travail et maintenant l&#039;harmonie de l&#039;\u00e9quipe. Gr\u00e2ce \u00e0 sa connaissance approfondie de l&#039;industrie, il est \u00e9galement responsable de la supervision de la fonction marketing de l&#039;entreprise o\u00f9 ses ann\u00e9es d&#039;exp\u00e9rience sont devenues inestimables pour communiquer l&#039;offre de valeur d&#039;Admit One \u00e0 nos clients et clients potentiels.<\/p>\n<\/div>\n\n\n\n<div id=\"wp-block-themeisle-blocks-advanced-column-e491dd6f\" class=\"wp-block-themeisle-blocks-advanced-column\" data-aos=\"fade-left\" data-aos-duration=\"1200\"><div class=\"wp-block-image is-style-rounded\">\n<figure class=\"aligncenter size-full is-resized\"><img decoding=\"async\" loading=\"lazy\" src=\"https:\/\/admit-one.co.uk\/wp-content\/uploads\/2023\/01\/daniel_result.webp\" alt=\"Daniel Tristan\" class=\"wp-image-12608\" width=\"180\" height=\"180\" srcset=\"https:\/\/admit-one.eu\/wp-content\/uploads\/2023\/01\/daniel_result.webp 240w, https:\/\/admit-one.eu\/wp-content\/uploads\/2023\/01\/daniel_result-150x150.webp 150w, https:\/\/admit-one.eu\/wp-content\/uploads\/2023\/01\/daniel_result-12x12.webp 12w\" sizes=\"(max-width: 180px) 100vw, 180px\" \/><\/figure><\/div>\n\n\n<div style=\"height:20px\" aria-hidden=\"true\" class=\"wp-block-spacer\"><\/div>\n\n\n\n<div class=\"is-layout-constrained wp-block-group noTranslate\" data-no-translation=\"\"><div class=\"wp-block-group__inner-container\">\n<h4 class=\"has-text-align-center wp-block-heading\">Daniel Tristan<\/h4>\n\n\n\n<h5 class=\"has-text-align-center wp-block-heading\">CTO US &amp; LATAM<\/h5>\n<\/div><\/div>\n\n\n\n<p class=\"has-text-align-left\">En tant qu&#039;ancien responsable informatique de Cinemex, l&#039;une des 5 principales cha\u00eenes de multiplexes au monde avec plus de 380 sites au Mexique et aux \u00c9tats-Unis, et plus r\u00e9cemment chef de l&#039;\u00e9quipe d&#039;int\u00e9gration chez Showtime Analytics, un acteur mondial de l&#039;analyse de donn\u00e9es pour le cin\u00e9ma et industries du divertissement, Daniel est responsable de notre nouvelle \u00e9quipe d&#039;entreprise d\u00e9di\u00e9e aux \u00c9tats-Unis et en Am\u00e9rique latine, couvrant tous les cin\u00e9mas traditionnels et les salles polyvalentes.<\/p>\n<\/div>\n<\/div><\/section>\n\n\n\n<div id=\"wp-block-themeisle-blocks-advanced-columns-01c14de9\" class=\"wp-block-themeisle-blocks-advanced-columns has-2-columns has-desktop-equal-layout has-tablet-collapsedRows-layout has-mobile-collapsedRows-layout has-vertical-unset call-to-action has-dark-bg\" data-aos=\"fade\" data-aos-duration=\"1200\"><div class=\"wp-block-themeisle-blocks-advanced-columns-overlay\"><\/div><div class=\"innerblocks-wrap\">\n<div id=\"wp-block-themeisle-blocks-advanced-column-aed9b021\" class=\"wp-block-themeisle-blocks-advanced-column\">\n<h2 class=\"wp-block-heading has-nv-site-bg-color has-text-color\">Pr\u00eat \u00e0 commencer avec Admit One\u00a0?<\/h2>\n\n\n\n<p class=\"has-nv-site-bg-color has-text-color\">Commen\u00e7ons&nbsp;<i class=\"icon-forward\"><\/i><\/p>\n<\/div>\n\n\n\n<div id=\"wp-block-themeisle-blocks-advanced-column-01e8791e\" class=\"wp-block-themeisle-blocks-advanced-column column-right\">\n<h4 class=\"wp-block-heading has-neve-text-color-color has-text-color\">Aidez-nous \u00e0 comprendre vos besoins<\/h4>\n\n\n\n<p class=\"has-neve-text-color-color has-text-color\">Nous savons que chaque entreprise est diff\u00e9rente. Quelles que soient vos exigences uniques, Admit One est l\u00e0 pour vous proposer un syst\u00e8me de point de vente personnalis\u00e9 qui fonctionne pour vous, \u00e0 chaque \u00e9tape du processus.<\/p>\n\n\n\n<ul class=\"a1_tick-list has-neve-text-color-color has-text-color\">\n<li>Souple<\/li>\n\n\n\n<li>Abordable<\/li>\n\n\n\n<li>\u00c9volutif<\/li>\n<\/ul>\n\n\n\n<div id=\"wp-block-themeisle-blocks-button-group-5e1b0e52\" class=\"wp-block-themeisle-blocks-button-group wp-block-buttons\">\n<div id=\"wp-block-themeisle-blocks-button-bdaccee1\" class=\"wp-block-themeisle-blocks-button wp-block-button is-style-primary\"><a href=\"https:\/\/admit-one.eu\/fr\/entrer-en-contact\/\" target=\"_self\" rel=\"noopener noreferrer\" class=\"wp-block-button__link\"><span>Parlons<\/span><\/a><\/div>\n<\/div>\n<\/div>\n<\/div><\/div>","protected":false},"excerpt":{"rendered":"","protected":false},"author":1,"featured_media":0,"parent":0,"menu_order":0,"comment_status":"closed","ping_status":"closed","template":"","meta":{"om_disable_all_campaigns":false,"_uag_custom_page_level_css":"","_mi_skip_tracking":false,"neve_meta_sidebar":"","neve_meta_container":"full-width","neve_meta_enable_content_width":"","neve_meta_content_width":0,"neve_meta_title_alignment":"","neve_meta_author_avatar":"","neve_post_elements_order":"","neve_meta_disable_header":"","neve_meta_disable_footer":"","neve_meta_disable_title":"on","neve_meta_reading_time":"","_themeisle_gutenberg_block_has_review":false},"categories":[],"tags":[],"folder":[],"aioseo_notices":[],"uagb_featured_image_src":{"full":false,"thumbnail":false,"medium":false,"medium_large":false,"large":false,"1536x1536":false,"2048x2048":false,"trp-custom-language-flag":false,"neve-blog":false,"xl":false,"xxl":false,"xxxl":false,"xxxxl":false,"xxxxxl":false},"uagb_author_info":{"display_name":"James Gibson","author_link":"https:\/\/admit-one.eu\/fr\/blog\/author\/james-gibson\/"},"uagb_comment_info":0,"uagb_excerpt":null,"_links":{"self":[{"href":"https:\/\/admit-one.eu\/fr\/wp-json\/wp\/v2\/pages\/12338"}],"collection":[{"href":"https:\/\/admit-one.eu\/fr\/wp-json\/wp\/v2\/pages"}],"about":[{"href":"https:\/\/admit-one.eu\/fr\/wp-json\/wp\/v2\/types\/page"}],"author":[{"embeddable":true,"href":"https:\/\/admit-one.eu\/fr\/wp-json\/wp\/v2\/users\/1"}],"replies":[{"embeddable":true,"href":"https:\/\/admit-one.eu\/fr\/wp-json\/wp\/v2\/comments?post=12338"}],"version-history":[{"count":3,"href":"https:\/\/admit-one.eu\/fr\/wp-json\/wp\/v2\/pages\/12338\/revisions"}],"predecessor-version":[{"id":15106,"href":"https:\/\/admit-one.eu\/fr\/wp-json\/wp\/v2\/pages\/12338\/revisions\/15106"}],"wp:attachment":[{"href":"https:\/\/admit-one.eu\/fr\/wp-json\/wp\/v2\/media?parent=12338"}],"wp:term":[{"taxonomy":"category","embeddable":true,"href":"https:\/\/admit-one.eu\/fr\/wp-json\/wp\/v2\/categories?post=12338"},{"taxonomy":"post_tag","embeddable":true,"href":"https:\/\/admit-one.eu\/fr\/wp-json\/wp\/v2\/tags?post=12338"},{"taxonomy":"folder","embeddable":true,"href":"https:\/\/admit-one.eu\/fr\/wp-json\/wp\/v2\/folder?post=12338"}],"curies":[{"name":"wp","href":"https:\/\/api.w.org\/{rel}","templated":true}]}}