{"id":9308,"date":"2022-05-30T10:50:19","date_gmt":"2022-05-30T09:50:19","guid":{"rendered":"https:\/\/admit-one.co.uk\/?page_id=9308"},"modified":"2025-11-13T09:36:30","modified_gmt":"2025-11-13T09:36:30","slug":"cookie-policy","status":"publish","type":"page","link":"https:\/\/admit-one.eu\/fi\/evastekaytanto\/","title":{"rendered":"Ev\u00e4stek\u00e4yt\u00e4nt\u00f6"},"content":{"rendered":"<section id=\"wp-block-themeisle-blocks-advanced-columns-faf6acdf\" class=\"wp-block-themeisle-blocks-advanced-columns alignfull has-1-columns has-desktop-equal-layout has-tablet-equal-layout has-mobile-equal-layout has-vertical-center clip-btm-up has-dark-bg\"><div class=\"wp-block-themeisle-blocks-advanced-columns-overlay\"><\/div><div class=\"innerblocks-wrap\">\n<div id=\"wp-block-themeisle-blocks-advanced-column-7ec5acd4\" class=\"wp-block-themeisle-blocks-advanced-column\">\n<h1 id=\"wp-block-themeisle-blocks-advanced-heading-13ce2b13\" class=\"wp-block-themeisle-blocks-advanced-heading wp-block-themeisle-blocks-advanced-heading-13ce2b13\">Ev\u00e4stek\u00e4yt\u00e4nt\u00f6<\/h1>\n<\/div>\n<\/div><\/section>\n\n\n\n<div style=\"height:20px\" aria-hidden=\"true\" class=\"wp-block-spacer\"><\/div>\n\n\n\n<p>T\u00e4m\u00e4 ev\u00e4stek\u00e4yt\u00e4nt\u00f6 selitt\u00e4\u00e4, kuinka yhteisty\u00f6ohjelmistoja rajoitetaan (&quot;<strong>yhti\u00f6<\/strong>&#8220;, &#8220;<strong>me<\/strong>&#8220;, &#8220;<strong>meille<\/strong>&quot;, ja&quot;<strong>meid\u00e4n<\/strong>&quot;) k\u00e4ytt\u00e4\u00e4 ev\u00e4steit\u00e4 ja vastaavia tekniikoita tunnistaakseen sinut, kun vierailet verkkosivuillamme osoitteessa&nbsp;<a href=\"https:\/\/admit-one.co.uk\/\" target=\"_blank\" rel=\"noreferrer noopener\">https:\/\/admit-one.co.uk<\/a>, (&quot;<strong>verkkosivustoja<\/strong>&quot;). Se selitt\u00e4\u00e4, mit\u00e4 n\u00e4m\u00e4 tekniikat ovat ja miksi k\u00e4yt\u00e4mme niit\u00e4, sek\u00e4 oikeutesi hallita niiden k\u00e4ytt\u00f6\u00e4.<\/p>\n\n\n\n<p>Joissakin tapauksissa saatamme k\u00e4ytt\u00e4\u00e4 ev\u00e4steit\u00e4 henkil\u00f6tietojen ker\u00e4\u00e4miseen tai niist\u00e4 tulee henkil\u00f6tietoja, jos yhdist\u00e4mme ne muihin tietoihin.<\/p>\n\n\n\n<h4>Mit\u00e4 ev\u00e4steet ovat?<\/h4>\n\n\n\n<p>Ev\u00e4steet ovat pieni\u00e4 datatiedostoja, jotka sijoitetaan tietokoneellesi tai mobiililaitteellesi, kun vierailet verkkosivustolla. Verkkosivustojen omistajat k\u00e4ytt\u00e4v\u00e4t laajalti ev\u00e4steit\u00e4 saadakseen verkkosivustonsa toimimaan tai toimimaan tehokkaammin sek\u00e4 tarjotakseen raportointitietoja.<\/p>\n\n\n\n<p>Verkkosivuston omistajan asettamia ev\u00e4steit\u00e4 (t\u00e4ss\u00e4 tapauksessa rajoitettu yhteisty\u00f6ohjelmisto) kutsutaan &quot;ensimm\u00e4isen osapuolen ev\u00e4steiksi&quot;. Muiden osapuolten kuin verkkosivuston omistajan asettamia ev\u00e4steit\u00e4 kutsutaan &quot;kolmannen osapuolen ev\u00e4steiksi&quot;. Kolmannen osapuolen ev\u00e4steet mahdollistavat kolmannen osapuolen ominaisuuksien tai toimintojen tarjoamisen verkkosivustolla tai sen kautta (esim. kuten mainonta, interaktiivinen sis\u00e4lt\u00f6 ja analytiikka). Osapuolet, jotka asettavat n\u00e4m\u00e4 kolmannen osapuolen ev\u00e4steet, voivat tunnistaa tietokoneesi sek\u00e4 kun se vierailee kyseisell\u00e4 verkkosivustolla ett\u00e4 my\u00f6s kun se vierailee tietyill\u00e4 muilla verkkosivustoilla.<\/p>\n\n\n\n<h4><strong>Miksi k\u00e4yt\u00e4mme ev\u00e4steit\u00e4?<\/strong><\/h4>\n\n\n\n<p>K\u00e4yt\u00e4mme ensimm\u00e4isen ja kolmannen osapuolen ev\u00e4steit\u00e4 useista syist\u00e4. Joitakin ev\u00e4steit\u00e4 tarvitaan teknisist\u00e4 syist\u00e4, jotta verkkosivustomme toimivat, ja me kutsumme niit\u00e4 &quot;v\u00e4ltt\u00e4m\u00e4tt\u00f6miksi&quot; tai &quot;ehdottoman v\u00e4ltt\u00e4m\u00e4tt\u00f6miksi&quot; ev\u00e4steiksi. Muiden ev\u00e4steiden avulla voimme my\u00f6s seurata ja kohdistaa k\u00e4ytt\u00e4jiemme etuja parantaaksemme k\u00e4ytt\u00f6kokemusta verkkopalveluissamme. Kolmannet osapuolet tarjoavat ev\u00e4steit\u00e4 verkkosivustojemme kautta mainontaan, analytiikkaan ja muihin tarkoituksiin. T\u00e4t\u00e4 kuvataan tarkemmin alla.<\/p>\n\n\n\n<p>Verkkosivustojemme kautta tarjottavien ensimm\u00e4isen ja kolmannen osapuolen ev\u00e4steiden tietyt tyypit ja niiden k\u00e4ytt\u00f6tarkoitukset on kuvattu alla (huomaa, ett\u00e4 n\u00e4ytett\u00e4v\u00e4t tietyt ev\u00e4steet voivat vaihdella vierailemiesi verkko-omaisuuksien mukaan):<\/p>\n\n\n\n<h4><strong>Kuinka voin hallita ev\u00e4steit\u00e4?<\/strong><\/h4>\n\n\n\n<p>Sinulla on oikeus p\u00e4\u00e4tt\u00e4\u00e4, hyv\u00e4ksytk\u00f6 vai hylk\u00e4\u00e4tk\u00f6 ev\u00e4steet. Voit k\u00e4ytt\u00e4\u00e4 ev\u00e4steoikeuksiasi asettamalla asetukset ev\u00e4steiden suostumusten hallinnassa. Ev\u00e4steiden suostumuksen hallinnan avulla voit valita, mitk\u00e4 ev\u00e4steluokat hyv\u00e4ksyt tai hylk\u00e4\u00e4t. V\u00e4ltt\u00e4m\u00e4tt\u00f6mi\u00e4 ev\u00e4steit\u00e4 ei voida hyl\u00e4t\u00e4, koska ne ovat ehdottoman v\u00e4ltt\u00e4m\u00e4tt\u00f6mi\u00e4 palvelujen tarjoamiseksi sinulle.<\/p>\n\n\n\n<p>Ev\u00e4steiden suostumushallinta l\u00f6ytyy ilmoitusbannerista ja verkkosivuiltamme. Jos p\u00e4\u00e4t\u00e4t hyl\u00e4t\u00e4 ev\u00e4steet, voit silti k\u00e4ytt\u00e4\u00e4 verkkosivustoamme, vaikka p\u00e4\u00e4sy\u00e4si joihinkin verkkosivustomme toimintoihin ja osiin voidaan rajoittaa. Voit my\u00f6s asettaa tai muuttaa selaimesi s\u00e4\u00e4timi\u00e4 hyv\u00e4ksy\u00e4ksesi tai kielt\u00e4\u00e4ksesi ev\u00e4steet. Koska tavat, joilla voit kielt\u00e4yty\u00e4 ev\u00e4steist\u00e4 verkkoselaimen s\u00e4\u00e4timill\u00e4, vaihtelevat selaimesta toiseen, sinun kannattaa k\u00e4yd\u00e4 selaimesi ohjevalikosta saadaksesi lis\u00e4tietoja.<\/p>\n\n\n\n<p>Lis\u00e4ksi useimmat mainosverkostot tarjoavat sinulle tavan kielt\u00e4yty\u00e4 kohdistetusta mainonnasta. Jos haluat saada lis\u00e4tietoja, k\u00e4y osoitteessa&nbsp;<a href=\"http:\/\/www.aboutads.info\/choices\/\" target=\"_blank\" rel=\"noreferrer noopener\">http:\/\/www.aboutads.info\/choices\/<\/a>&nbsp;tai&nbsp;<a href=\"http:\/\/www.youronlinechoices.com\/\" target=\"_blank\" rel=\"noreferrer noopener\">http:\/\/www.youronlinechoices.com<\/a>.<\/p>\n\n\n\n<p>Verkkosivustojemme kautta tarjottavien ensimm\u00e4isen ja kolmannen osapuolen ev\u00e4steiden tietyt tyypit ja niiden suorittamat tarkoitukset on kuvattu alla olevassa taulukossa (huomaa, ett\u00e4 n\u00e4ytett\u00e4v\u00e4t tietyt ev\u00e4steet voivat vaihdella vierailemiesi verkko-omaisuuksien mukaan):<strong>verkkosivuston t\u00e4rkeimm\u00e4t ev\u00e4steet:<\/strong><\/p>\n\n\n\n<p>N\u00e4m\u00e4 ev\u00e4steet ovat ehdottoman v\u00e4ltt\u00e4m\u00e4tt\u00f6mi\u00e4, jotta voimme tarjota sinulle palveluita, jotka ovat saatavilla verkkosivustojemme kautta, ja k\u00e4ytt\u00e4\u00e4ksesi joitain sen ominaisuuksia, kuten p\u00e4\u00e4sy\u00e4 suojatuille alueille.<\/p>\n\n\n\n<h4><strong>Analyysi- ja mukautusev\u00e4steet:<\/strong><\/h4>\n\n\n\n<p>N\u00e4m\u00e4 ev\u00e4steet ker\u00e4\u00e4v\u00e4t tietoja, joita k\u00e4ytet\u00e4\u00e4n joko kootussa muodossa auttamaan meit\u00e4 ymm\u00e4rt\u00e4m\u00e4\u00e4n, kuinka verkkosivustojamme k\u00e4ytet\u00e4\u00e4n tai kuinka tehokkaita markkinointikampanjamme ovat, tai auttamaan meit\u00e4 r\u00e4\u00e4t\u00e4l\u00f6im\u00e4\u00e4n verkkosivustojamme sinulle.<\/p>\n\n\n\n<figure class=\"wp-block-table\"><table><tbody><tr><td>Nimi:<\/td><td>_ga<\/td><\/tr><tr><td>Tarkoitus:<\/td><td>Se tallentaa tietyn tunnuksen, jota k\u00e4ytet\u00e4\u00e4n antamaan tietoja k\u00e4ytt\u00e4j\u00e4n verkkosivuston k\u00e4yt\u00f6st\u00e4. Se on http-ev\u00e4ste, joka vanhenee 2 vuoden kuluttua.<\/td><\/tr><tr><td>Palveluntarjoaja:<\/td><td>.admit-one.eu<\/td><\/tr><tr><td>Palvelu:<\/td><td>Googlen analytiikka&nbsp;<a href=\"https:\/\/policies.google.com\/privacy\" target=\"_blank\" rel=\"noreferrer noopener\">katso palvelun tietosuojak\u00e4yt\u00e4nt\u00f6<\/a>&nbsp;&nbsp;<\/td><\/tr><tr><td>Maa:<\/td><td>Yhdistynyt kuningaskunta<\/td><\/tr><tr><td>Tyyppi:<\/td><td>Http_cookie<\/td><\/tr><tr><td>Vanhenee:<\/td><td>1 vuosi 11 kuukautta 29 p\u00e4iv\u00e4\u00e4<\/td><\/tr><tr><td>Nimi:<\/td><td>#ker\u00e4\u00e4<\/td><\/tr><tr><td>Tarkoitus:<\/td><td>L\u00e4hett\u00e4\u00e4 google analyticsille tietoja, kuten vierailijan k\u00e4ytt\u00e4ytymisen ja laitteen. Se pystyy seuraamaan k\u00e4vij\u00e4\u00e4 markkinointikanavien ja laitteiden v\u00e4lill\u00e4. Se on pikseliseurantatyyppinen ev\u00e4ste, jonka toiminta kest\u00e4\u00e4 selausistunnon ajan.<\/td><\/tr><tr><td>Palveluntarjoaja:<\/td><td>Admit-one.eu<\/td><\/tr><tr><td>Palvelu:<\/td><td>Googlen analytiikka&nbsp;<a href=\"https:\/\/policies.google.com\/privacy\" target=\"_blank\" rel=\"noreferrer noopener\">katso palvelun tietosuojak\u00e4yt\u00e4nt\u00f6<\/a>&nbsp;&nbsp;<\/td><\/tr><tr><td>Maa:<\/td><td>Yhdysvallat<\/td><\/tr><tr><td>Tyyppi:<\/td><td>Pixel_tracker<\/td><\/tr><tr><td>Vanhenee:<\/td><td>Istunto<\/td><\/tr><tr><td><\/td><td><\/td><td><\/td><\/tr><\/tbody><\/table><\/figure>\n\n\n\n<figure class=\"wp-block-table\"><table><tbody><tr><td>Nimi:<\/td><td>_gid<\/td><\/tr><tr><td>Tarkoitus:<\/td><td>S\u00e4ilytt\u00e4\u00e4 yksil\u00f6llisen tunnuksen, jota k\u00e4ytet\u00e4\u00e4n sitten tilastotietojen laatimiseen vierailijoiden verkkosivuston k\u00e4yt\u00f6st\u00e4. Se on http-ev\u00e4stetyyppi ja vanhenee selausistunnon j\u00e4lkeen.<\/td><\/tr><tr><td>Palveluntarjoaja:<\/td><td>.admit-one.eu<\/td><\/tr><tr><td>Palvelu:<\/td><td>Googlen analytiikka&nbsp;<a href=\"https:\/\/policies.google.com\/privacy\" target=\"_blank\" rel=\"noreferrer noopener\">katso palvelun tietosuojak\u00e4yt\u00e4nt\u00f6<\/a>&nbsp;&nbsp;<\/td><\/tr><tr><td>Maa:<\/td><td>Yhdistynyt kuningaskunta<\/td><\/tr><tr><td>Tyyppi:<\/td><td>Http_cookie<\/td><\/tr><tr><td>Vanhenee:<\/td><td>1 p\u00e4iv\u00e4<\/td><\/tr><tr><td>Nimi:<\/td><td>_gat#<\/td><\/tr><tr><td>Tarkoitus:<\/td><td>Antaa Google Analyticsin s\u00e4\u00e4dell\u00e4 pyynt\u00f6jen m\u00e4\u00e4r\u00e4\u00e4. Se on http-ev\u00e4stetyyppi, joka kest\u00e4\u00e4 istunnon.<\/td><\/tr><tr><td>Palveluntarjoaja:<\/td><td>.admit-one.eu<\/td><\/tr><tr><td>Palvelu:<\/td><td>Googlen analytiikka&nbsp;<a href=\"https:\/\/policies.google.com\/privacy\" target=\"_blank\" rel=\"noreferrer noopener\">katso palvelun tietosuojak\u00e4yt\u00e4nt\u00f6<\/a>&nbsp;&nbsp;<\/td><\/tr><tr><td>Maa:<\/td><td>Yhdistynyt kuningaskunta<\/td><\/tr><tr><td>Tyyppi:<\/td><td>Http_cookie<\/td><\/tr><tr><td>Vanhenee:<\/td><td>1 minuutti<\/td><\/tr><tr><td><\/td><td><\/td><td><\/td><\/tr><\/tbody><\/table><\/figure>\n\n\n\n<h4>Luokittelemattomat ev\u00e4steet:<\/h4>\n\n\n\n<p>N\u00e4m\u00e4 ovat ev\u00e4steit\u00e4, joita ei ole viel\u00e4 luokiteltu. Luokittelemme n\u00e4it\u00e4 ev\u00e4steit\u00e4 parhaillaan niiden tarjoajien avulla.<\/p>\n\n\n\n<figure class=\"wp-block-table\"><table><tbody><tr><td>Nimi:<\/td><td>Uuid<\/td><\/tr><tr><td>Tarkoitus:<\/td><td>__________<\/td><\/tr><tr><td>Palveluntarjoaja:<\/td><td>Sibautomation.com<\/td><\/tr><tr><td>Palvelu:<\/td><td>__________ &nbsp;<\/td><\/tr><tr><td>Maa:<\/td><td>Yhdysvallat<\/td><\/tr><tr><td>Tyyppi:<\/td><td>Http_cookie<\/td><\/tr><tr><td>Vanhenee:<\/td><td>1 vuosi 29 p\u00e4iv\u00e4\u00e4<\/td><\/tr><tr><td>Nimi:<\/td><td>Sib_cuid<\/td><\/tr><tr><td>Tarkoitus:<\/td><td>__________<\/td><\/tr><tr><td>Palveluntarjoaja:<\/td><td>.admit-one.eu<\/td><\/tr><tr><td>Palvelu:<\/td><td>__________ &nbsp;<\/td><\/tr><tr><td>Maa:<\/td><td>Yhdistynyt kuningaskunta<\/td><\/tr><tr><td>Tyyppi:<\/td><td>Http_cookie<\/td><\/tr><tr><td>Vanhenee:<\/td><td>1 vuosi 29 p\u00e4iv\u00e4\u00e4<\/td><\/tr><\/tbody><\/table><\/figure>\n\n\n\n<h4><strong>Ent\u00e4 muut seurantatekniikat, kuten verkkoj\u00e4ljitteet?<\/strong><\/h4>\n\n\n\n<p>Ev\u00e4steet eiv\u00e4t ole ainoa tapa tunnistaa tai seurata verkkosivuston k\u00e4vij\u00f6it\u00e4. Saatamme k\u00e4ytt\u00e4\u00e4 ajoittain muita samankaltaisia tekniikoita, kuten verkkoj\u00e4ljitteit\u00e4 (joita joskus kutsutaan &quot;seurantapikseleiksi&quot; tai &quot;selkeiksi gifeiksi&quot;). N\u00e4m\u00e4 ovat pieni\u00e4 grafiikkatiedostoja, jotka sis\u00e4lt\u00e4v\u00e4t yksil\u00f6llisen tunnisteen, jonka avulla voimme tunnistaa, kun joku on vieraillut verkkosivuillamme tai avannut ne sis\u00e4lt\u00e4v\u00e4n s\u00e4hk\u00f6postin. T\u00e4m\u00e4n avulla voimme esimerkiksi seurata k\u00e4ytt\u00e4jien liikennemalleja verkkosivuston sivulta toiselle, toimittaa ev\u00e4steit\u00e4 tai kommunikoida niiden avulla, ymm\u00e4rt\u00e4\u00e4, oletko tullut verkkosivustolle kolmannen osapuolen verkkosivustolla n\u00e4ytetyst\u00e4 verkkomainoksesta. , parantaa sivuston suorituskyky\u00e4 ja mitata s\u00e4hk\u00f6postimarkkinointikampanjoiden menestyst\u00e4. Monissa tapauksissa n\u00e4m\u00e4 tekniikat ovat riippuvaisia ev\u00e4steist\u00e4 toimiakseen oikein, joten ev\u00e4steiden hylk\u00e4\u00e4minen heikent\u00e4\u00e4 niiden toimintaa.<\/p>\n\n\n\n<h4><strong>K\u00e4yt\u00e4tk\u00f6 flash-ev\u00e4steit\u00e4 tai paikallisia jaettuja objekteja?<\/strong><\/h4>\n\n\n\n<p>Verkkosivustot voivat my\u00f6s k\u00e4ytt\u00e4\u00e4 niin kutsuttuja &quot;flash-ev\u00e4steit\u00e4&quot; (tunnetaan my\u00f6s nimell\u00e4 paikalliset jaetut objektit tai &quot;lsos&quot;) muun muassa ker\u00e4\u00e4m\u00e4\u00e4n ja tallentamaan tietoja palveluidemme k\u00e4yt\u00f6st\u00e4, petostentorjunnasta ja muista sivuston toiminnoista.<\/p>\n\n\n\n<p>Jos et halua flash-ev\u00e4steiden tallentuvan tietokoneellesi, voit s\u00e4\u00e4t\u00e4\u00e4 flash-soittimesi asetuksia est\u00e4m\u00e4\u00e4n flash-ev\u00e4steiden tallentamisen k\u00e4ytt\u00e4m\u00e4ll\u00e4&nbsp;<a href=\"http:\/\/www.macromedia.com\/support\/documentation\/en\/flashplayer\/help\/settings_manager07.html#_blank\">verkkosivuston tallennusasetuspaneeli<\/a>. Voit my\u00f6s hallita flash-ev\u00e4steit\u00e4 siirtym\u00e4ll\u00e4 kohtaan&nbsp;<a href=\"http:\/\/www.macromedia.com\/support\/documentation\/en\/flashplayer\/help\/settings_manager03.html#_blank\">globaali tallennusasetuspaneeli<\/a>&nbsp;ja seuraamalla ohjeita (joihin voi sis\u00e4lty\u00e4 ohjeita, jotka selitt\u00e4v\u00e4t esimerkiksi, kuinka poistetaan olemassa olevat flash-ev\u00e4steet (jota viitataan &quot;tietoihin&quot; macromedia-sivustolla), miten estet\u00e4\u00e4n flash lsos:n asettaminen tietokoneellesi ilman sinulta kysytt\u00e4v\u00e4\u00e4, ja (Flash Player 8:lle ja uudemmille) kuinka est\u00e4\u00e4 flash-ev\u00e4steet, joita ei toimita sen sivun operaattorilta, jolla olet sill\u00e4 hetkell\u00e4).<\/p>\n\n\n\n<p>Huomaa, ett\u00e4 flash-soittimen asettaminen rajoittamaan tai rajoittamaan flash-ev\u00e4steiden hyv\u00e4ksymist\u00e4 voi heikent\u00e4\u00e4 tai haitata joidenkin flash-sovellusten toimivuutta, mukaan lukien mahdollisesti palveluidemme tai verkkosis\u00e4lt\u00f6mme yhteydess\u00e4 k\u00e4ytett\u00e4v\u00e4t flash-sovellukset.<\/p>\n\n\n\n<h4><strong>Tarjoatko kohdennettua mainontaa?<\/strong><\/h4>\n\n\n\n<p>Kolmannet osapuolet voivat k\u00e4ytt\u00e4\u00e4 ev\u00e4steit\u00e4 tietokoneellesi tai mobiililaitteellesi mainostaakseen verkkosivustojemme kautta. N\u00e4m\u00e4 yritykset voivat k\u00e4ytt\u00e4\u00e4 tietoja vierailustasi t\u00e4ll\u00e4 ja muilla verkkosivustoilla tarjotakseen asiaankuuluvia mainoksia tuotteista ja palveluista, joista saatat olla kiinnostunut. Ne voivat my\u00f6s k\u00e4ytt\u00e4\u00e4 tekniikkaa, jota k\u00e4ytet\u00e4\u00e4n mainosten tehokkuuden mittaamiseen. He voivat tehd\u00e4 t\u00e4m\u00e4n k\u00e4ytt\u00e4m\u00e4ll\u00e4 ev\u00e4steit\u00e4 tai verkkoj\u00e4ljitteit\u00e4 ker\u00e4t\u00e4kseen tietoja k\u00e4ynneist\u00e4si t\u00e4ll\u00e4 ja muilla sivustoilla tarjotakseen asiaankuuluvia mainoksia sinua mahdollisesti kiinnostavista tuotteista ja palveluista. T\u00e4m\u00e4n prosessin aikana ker\u00e4tyt tiedot eiv\u00e4t anna meille tai heille mahdollisuutta tunnistaa nime\u00e4si, yhteystietojasi tai muita tietojasi, jotka tunnistavat sinut suoraan, ellet p\u00e4\u00e4t\u00e4 antaa niit\u00e4.<\/p>\n\n\n\n<h4><strong>Kuinka usein p\u00e4ivit\u00e4t t\u00e4t\u00e4 ev\u00e4stek\u00e4yt\u00e4nt\u00f6\u00e4?<\/strong><\/h4>\n\n\n\n<p>Saatamme p\u00e4ivitt\u00e4\u00e4 t\u00e4t\u00e4 ev\u00e4stek\u00e4yt\u00e4nt\u00f6\u00e4 ajoittain, jotta se heijastelee esimerkiksi k\u00e4ytt\u00e4miimme ev\u00e4steisiin tehtyj\u00e4 muutoksia tai muista toiminnallisista, oikeudellisista tai lains\u00e4\u00e4d\u00e4nn\u00f6llisist\u00e4 syist\u00e4. T\u00e4st\u00e4 syyst\u00e4 tutustu t\u00e4h\u00e4n ev\u00e4stek\u00e4yt\u00e4nt\u00f6\u00f6n s\u00e4\u00e4nn\u00f6llisesti, jotta pysyt ajan tasalla ev\u00e4steiden ja niihin liittyvien teknologioiden k\u00e4yt\u00f6st\u00e4.<\/p>\n\n\n\n<p>T\u00e4m\u00e4n ev\u00e4stek\u00e4yt\u00e4nn\u00f6n yl\u00e4osassa oleva p\u00e4iv\u00e4m\u00e4\u00e4r\u00e4 osoittaa, milloin se on viimeksi p\u00e4ivitetty.<\/p>\n\n\n\n<h4><strong>Mist\u00e4 saan lis\u00e4tietoja?<\/strong><\/h4>\n\n\n\n<p>Jos sinulla on kysytt\u00e4v\u00e4\u00e4 ev\u00e4steiden tai muiden tekniikoiden k\u00e4yt\u00f6st\u00e4mme, l\u00e4het\u00e4 meille s\u00e4hk\u00f6postia osoitteeseen\u00a0<a href=\"mailto:info@admit-one.co.uk.local\">info@admit-one.co.uk<\/a>\u00a0tai postitse osoitteeseen:<\/p>\n\n\n\n<p>Collaborative Software Limited<br>Unit 9 Albany Park<br>Cabot Lane<br>Poole BH17 7BX<br>Puhelin: 01929 551356<\/p>","protected":false},"excerpt":{"rendered":"<p>T\u00e4m\u00e4 ev\u00e4stek\u00e4yt\u00e4nt\u00f6 selitt\u00e4\u00e4, kuinka rajoitettu yhteisty\u00f6ohjelmisto (&quot;yritys&quot;, &quot;me&quot;, &quot;meit\u00e4&quot; ja &quot;meid\u00e4n&quot;) k\u00e4ytt\u00e4\u00e4 ev\u00e4steit\u00e4 ja vastaavia tekniikoita tunnistaakseen sinut, kun vierailet verkkosivustoillamme osoitteessa https:\/\/admit-one.co. uk, (&quot;verkkosivustot&quot;). Se selitt\u00e4\u00e4, mit\u00e4 n\u00e4m\u00e4 tekniikat ovat ja miksi k\u00e4yt\u00e4mme niit\u00e4, sek\u00e4 oikeutesi hallita niiden k\u00e4ytt\u00f6\u00e4. Joissakin tapauksissa saatamme k\u00e4ytt\u00e4\u00e4 ev\u00e4steit\u00e4\u2026&nbsp;<a href=\"https:\/\/admit-one.eu\/fi\/evastekaytanto\/\" rel=\"bookmark\">Lue lis\u00e4\u00e4 &quot;<span class=\"screen-reader-text\">Ev\u00e4stek\u00e4yt\u00e4nt\u00f6<\/span><\/a><\/p>","protected":false},"author":1,"featured_media":0,"parent":0,"menu_order":0,"comment_status":"closed","ping_status":"closed","template":"","meta":{"om_disable_all_campaigns":false,"_uag_custom_page_level_css":"","_mi_skip_tracking":false,"neve_meta_sidebar":"","neve_meta_container":"","neve_meta_enable_content_width":"","neve_meta_content_width":0,"neve_meta_title_alignment":"","neve_meta_author_avatar":"","neve_post_elements_order":"","neve_meta_disable_header":"","neve_meta_disable_footer":"","neve_meta_disable_title":"on","neve_meta_reading_time":"","_themeisle_gutenberg_block_has_review":false},"categories":[],"tags":[],"folder":[91],"aioseo_notices":[],"uagb_featured_image_src":{"full":false,"thumbnail":false,"medium":false,"medium_large":false,"large":false,"1536x1536":false,"2048x2048":false,"trp-custom-language-flag":false,"neve-blog":false,"xl":false,"xxl":false,"xxxl":false,"xxxxl":false,"xxxxxl":false},"uagb_author_info":{"display_name":"James Gibson","author_link":"https:\/\/admit-one.eu\/fi\/blog\/author\/james-gibson\/"},"uagb_comment_info":0,"uagb_excerpt":"This cookie policy explains how&nbsp;collaborative software limited&nbsp;(&#8220;company&#8220;, &#8220;we&#8220;, &#8220;us&#8220;, and &#8220;our&#8220;) uses cookies and similar technologies to recognize you when you visit our websites at&nbsp;https:\/\/admit-one.co.uk,&nbsp;(&#8220;websites&#8220;). It explains what these technologies are and why we use them, as well as your rights to control our use of them. In some cases we may use cookies to&hellip;&nbsp;Read&hellip;","_links":{"self":[{"href":"https:\/\/admit-one.eu\/fi\/wp-json\/wp\/v2\/pages\/9308"}],"collection":[{"href":"https:\/\/admit-one.eu\/fi\/wp-json\/wp\/v2\/pages"}],"about":[{"href":"https:\/\/admit-one.eu\/fi\/wp-json\/wp\/v2\/types\/page"}],"author":[{"embeddable":true,"href":"https:\/\/admit-one.eu\/fi\/wp-json\/wp\/v2\/users\/1"}],"replies":[{"embeddable":true,"href":"https:\/\/admit-one.eu\/fi\/wp-json\/wp\/v2\/comments?post=9308"}],"version-history":[{"count":1,"href":"https:\/\/admit-one.eu\/fi\/wp-json\/wp\/v2\/pages\/9308\/revisions"}],"predecessor-version":[{"id":15627,"href":"https:\/\/admit-one.eu\/fi\/wp-json\/wp\/v2\/pages\/9308\/revisions\/15627"}],"wp:attachment":[{"href":"https:\/\/admit-one.eu\/fi\/wp-json\/wp\/v2\/media?parent=9308"}],"wp:term":[{"taxonomy":"category","embeddable":true,"href":"https:\/\/admit-one.eu\/fi\/wp-json\/wp\/v2\/categories?post=9308"},{"taxonomy":"post_tag","embeddable":true,"href":"https:\/\/admit-one.eu\/fi\/wp-json\/wp\/v2\/tags?post=9308"},{"taxonomy":"folder","embeddable":true,"href":"https:\/\/admit-one.eu\/fi\/wp-json\/wp\/v2\/folder?post=9308"}],"curies":[{"name":"wp","href":"https:\/\/api.w.org\/{rel}","templated":true}]}}