{"id":12345,"date":"2023-01-23T12:03:29","date_gmt":"2023-01-23T12:03:29","guid":{"rendered":"https:\/\/admit-one.co.uk\/?page_id=12345"},"modified":"2024-02-22T16:28:37","modified_gmt":"2024-02-22T16:28:37","slug":"client-services","status":"publish","type":"page","link":"https:\/\/admit-one.eu\/fi\/asiakaspalveluun\/","title":{"rendered":"Asiakaspalvelut"},"content":{"rendered":"<div id=\"wp-block-themeisle-blocks-advanced-columns-f3534b6f\" class=\"wp-block-themeisle-blocks-advanced-columns alignfull has-1-columns has-desktop-twoOne-layout has-tablet-equal-layout has-mobile-collapsedRows-layout has-reverse-columns-mobile has-vertical-unset has-vertical-undefined\"><div class=\"wp-block-themeisle-blocks-advanced-columns-overlay\"><\/div><div class=\"innerblocks-wrap\">\n<div id=\"wp-block-themeisle-blocks-advanced-column-49529f4b\" class=\"wp-block-themeisle-blocks-advanced-column\" data-aos=\"fade\" data-aos-duration=\"1200\">\n<h1 class=\"has-text-align-center\">Asiakaspalvelut<\/h1>\n\n\n\n<h3 class=\"has-text-align-center\">P\u00e4\u00e4st\u00e4 p\u00e4\u00e4h\u00e4n -ratkaisujen tarjoajina tied\u00e4mme, kuinka t\u00e4rke\u00e4\u00e4 on, ett\u00e4 meill\u00e4 on teknologiakumppani, joka huolehtii kehittyv\u00e4n liiketoimintasi kaikista osa-alueista. <\/h3>\n\n\n\n<p class=\"has-text-align-center\">Vaikka Admit Onen ydinalusta valmistaa sinut menestykseen kaikilla paikkasi hallinnan osa-alueilla, asiantuntijatiimimme tarjoaa kattavan palveluvalikoiman varmistaakseen, ett\u00e4 kaikki POS-tarjontasi laajennukset voidaan toimittaa.<\/p>\n<\/div>\n<\/div><div class=\"wp-block-themeisle-blocks-advanced-columns-separators bottom\"><svg id=\"slant\" fill=\"var(--nv-light-bg)\" viewbox=\"0 0 100 100\" width=\"100%\" height=\"100\" preserveaspectratio=\"none\" xmlns=\"http:\/\/www.w3.org\/2000\/svg\" class=\"rotate\"><path d=\"M0 0 L0 100 L100 0 Z\"><\/path><\/svg><\/div><\/div>\n\n\n\n<div class=\"is-layout-constrained wp-block-group alignfull panels-overlay\"><div class=\"wp-block-group__inner-container\">\n<section id=\"wp-block-themeisle-blocks-advanced-columns-652f49fc\" class=\"wp-block-themeisle-blocks-advanced-columns alignfull has-1-columns has-desktop-equal-layout has-tablet-equal-layout has-mobile-collapsedRows-layout has-vertical-center\"><div class=\"wp-block-themeisle-blocks-advanced-columns-overlay\"><\/div><div class=\"innerblocks-wrap\">\n<div id=\"wp-block-themeisle-blocks-advanced-column-251adaeb\" class=\"wp-block-themeisle-blocks-advanced-column\" data-aos=\"fade-up\" data-aos-duration=\"1200\">\n<h5 class=\"has-text-align-left has-neve-link-color-color has-text-color\">A1 reuna<\/h5>\n\n\n\n<h4 class=\"has-text-align-left\">Edistyksellinen r\u00e4\u00e4t\u00e4l\u00f6ity kehitys<\/h4>\n\n\n\n<p class=\"has-text-align-left\">Teknologia-asiantuntijatiimimme konsultointi ja palvelut r\u00e4\u00e4t\u00e4l\u00f6ityjen tuotekehitysten ja kolmannen osapuolen integraatioiden tukemiseksi kaikilla tasoilla, mik\u00e4 varmistaa t\u00e4ysin yhdistetyn ja saumattoman kokemuksen henkil\u00f6kunnalle ja asiakkaille.<\/p>\n<\/div>\n<\/div><\/section>\n\n\n\n<section id=\"wp-block-themeisle-blocks-advanced-columns-7cfa4517\" class=\"wp-block-themeisle-blocks-advanced-columns alignfull has-1-columns has-desktop-equal-layout has-tablet-equal-layout has-mobile-collapsedRows-layout has-vertical-center\"><div class=\"wp-block-themeisle-blocks-advanced-columns-overlay\"><\/div><div class=\"innerblocks-wrap\">\n<div id=\"wp-block-themeisle-blocks-advanced-column-41019e11\" class=\"wp-block-themeisle-blocks-advanced-column\" data-aos=\"fade-up\" data-aos-duration=\"1200\">\n<h5 class=\"has-text-align-left has-neve-link-color-color has-text-color\">A1 suunnittelu<\/h5>\n\n\n\n<h4 class=\"has-text-align-left\">Verkko- ja mobiilisovellus UX\/UI<\/h4>\n\n\n\n<p class=\"has-text-align-left\">Paranna br\u00e4ndikokemustasi mukautetuilla verkkosivusto- ja suunnittelupalveluilla omistautuneelta k\u00e4ytt\u00f6liittym\u00e4kehitt\u00e4j\u00e4tiimilt\u00e4mme, mik\u00e4 varmistaa innovatiivisten ideoiden ja ratkaisujen houkuttelevan asiakkaitasi entisest\u00e4\u00e4n.<\/p>\n<\/div>\n<\/div><\/section>\n\n\n\n<section id=\"wp-block-themeisle-blocks-advanced-columns-96d34b63\" class=\"wp-block-themeisle-blocks-advanced-columns alignfull has-1-columns has-desktop-equal-layout has-tablet-equal-layout has-mobile-collapsedRows-layout has-vertical-center\"><div class=\"wp-block-themeisle-blocks-advanced-columns-overlay\"><\/div><div class=\"innerblocks-wrap\">\n<div id=\"wp-block-themeisle-blocks-advanced-column-f42c79d0\" class=\"wp-block-themeisle-blocks-advanced-column\" data-aos=\"fade-up\" data-aos-duration=\"1200\">\n<h5 class=\"has-text-align-left has-neve-link-color-color has-text-color\">A1 tuki<\/h5>\n\n\n\n<h4 class=\"has-text-align-left\"><strong>Tuki sivustolla ja sen ulkopuolella<\/strong><\/h4>\n\n\n\n<p class=\"has-text-align-left\">Asiantunteva insin\u00f6\u00f6rimme varmistavat, ett\u00e4 sinulla on aina apua, kun sit\u00e4 tarvitset, joten tiimist\u00e4mme tulee sinun laajennus. Ymp\u00e4rivuorokautisesta teht\u00e4v\u00e4kriittisest\u00e4 virtuaalisesta tuesta paikan p\u00e4\u00e4ll\u00e4 suoritettaviin asennuksiin ja p\u00e4ivityksiin \u2013 tiimimme on k\u00e4ytett\u00e4viss\u00e4si miss\u00e4 tahansa kapasiteetissa, jotta voit varmistaa, ett\u00e4 pysyt aina k\u00e4ynniss\u00e4.<\/p>\n<\/div>\n<\/div><\/section>\n<\/div><\/div>\n\n\n\n<div id=\"wp-block-themeisle-blocks-advanced-columns-01c14de9\" class=\"wp-block-themeisle-blocks-advanced-columns has-2-columns has-desktop-equal-layout has-tablet-collapsedRows-layout has-mobile-collapsedRows-layout has-vertical-unset call-to-action has-dark-bg\" data-aos=\"fade\" data-aos-duration=\"1200\"><div class=\"wp-block-themeisle-blocks-advanced-columns-overlay\"><\/div><div class=\"innerblocks-wrap\">\n<div id=\"wp-block-themeisle-blocks-advanced-column-aed9b021\" class=\"wp-block-themeisle-blocks-advanced-column\">\n<h2 class=\"wp-block-heading has-nv-site-bg-color has-text-color\">Oletko valmis aloittamaan Admit Onen k\u00e4yt\u00f6n?<\/h2>\n\n\n\n<p class=\"has-nv-site-bg-color has-text-color\">Aloitetaan&nbsp;<i class=\"icon-forward\"><\/i><\/p>\n<\/div>\n\n\n\n<div id=\"wp-block-themeisle-blocks-advanced-column-01e8791e\" class=\"wp-block-themeisle-blocks-advanced-column column-right\">\n<h4 class=\"wp-block-heading has-neve-text-color-color has-text-color\">Auta meit\u00e4 ymm\u00e4rt\u00e4m\u00e4\u00e4n tarpeesi<\/h4>\n\n\n\n<p class=\"has-neve-text-color-color has-text-color\">Tied\u00e4mme, ett\u00e4 jokainen yritys on erilainen. Riippumatta ainutlaatuisista vaatimuksistasi, Admit One on t\u00e4\u00e4ll\u00e4 tarjotakseen r\u00e4\u00e4t\u00e4l\u00f6idyn myyntipistej\u00e4rjestelm\u00e4n, joka toimii sinulle joka vaiheessa.<\/p>\n\n\n\n<ul class=\"a1_tick-list has-neve-text-color-color has-text-color\">\n<li>Joustava<\/li>\n\n\n\n<li>Edullinen<\/li>\n\n\n\n<li>Skaalautuva<\/li>\n<\/ul>\n\n\n\n<div id=\"wp-block-themeisle-blocks-button-group-5e1b0e52\" class=\"wp-block-themeisle-blocks-button-group wp-block-buttons\">\n<div id=\"wp-block-themeisle-blocks-button-bdaccee1\" class=\"wp-block-themeisle-blocks-button wp-block-button is-style-primary\"><a href=\"https:\/\/admit-one.eu\/fi\/ota-yhteytta\/\" target=\"_self\" rel=\"noopener noreferrer\" class=\"wp-block-button__link\"><span>Puhutaan<\/span><\/a><\/div>\n<\/div>\n<\/div>\n<\/div><\/div>","protected":false},"excerpt":{"rendered":"","protected":false},"author":1,"featured_media":0,"parent":0,"menu_order":0,"comment_status":"closed","ping_status":"closed","template":"","meta":{"om_disable_all_campaigns":false,"_uag_custom_page_level_css":"","_mi_skip_tracking":false,"neve_meta_sidebar":"","neve_meta_container":"full-width","neve_meta_enable_content_width":"","neve_meta_content_width":0,"neve_meta_title_alignment":"","neve_meta_author_avatar":"","neve_post_elements_order":"","neve_meta_disable_header":"","neve_meta_disable_footer":"","neve_meta_disable_title":"on","neve_meta_reading_time":"","_themeisle_gutenberg_block_has_review":false},"categories":[],"tags":[],"folder":[],"aioseo_notices":[],"uagb_featured_image_src":{"full":false,"thumbnail":false,"medium":false,"medium_large":false,"large":false,"1536x1536":false,"2048x2048":false,"trp-custom-language-flag":false,"neve-blog":false,"xl":false,"xxl":false,"xxxl":false,"xxxxl":false,"xxxxxl":false},"uagb_author_info":{"display_name":"James Gibson","author_link":"https:\/\/admit-one.eu\/fi\/blog\/author\/james-gibson\/"},"uagb_comment_info":0,"uagb_excerpt":null,"_links":{"self":[{"href":"https:\/\/admit-one.eu\/fi\/wp-json\/wp\/v2\/pages\/12345"}],"collection":[{"href":"https:\/\/admit-one.eu\/fi\/wp-json\/wp\/v2\/pages"}],"about":[{"href":"https:\/\/admit-one.eu\/fi\/wp-json\/wp\/v2\/types\/page"}],"author":[{"embeddable":true,"href":"https:\/\/admit-one.eu\/fi\/wp-json\/wp\/v2\/users\/1"}],"replies":[{"embeddable":true,"href":"https:\/\/admit-one.eu\/fi\/wp-json\/wp\/v2\/comments?post=12345"}],"version-history":[{"count":5,"href":"https:\/\/admit-one.eu\/fi\/wp-json\/wp\/v2\/pages\/12345\/revisions"}],"predecessor-version":[{"id":15565,"href":"https:\/\/admit-one.eu\/fi\/wp-json\/wp\/v2\/pages\/12345\/revisions\/15565"}],"wp:attachment":[{"href":"https:\/\/admit-one.eu\/fi\/wp-json\/wp\/v2\/media?parent=12345"}],"wp:term":[{"taxonomy":"category","embeddable":true,"href":"https:\/\/admit-one.eu\/fi\/wp-json\/wp\/v2\/categories?post=12345"},{"taxonomy":"post_tag","embeddable":true,"href":"https:\/\/admit-one.eu\/fi\/wp-json\/wp\/v2\/tags?post=12345"},{"taxonomy":"folder","embeddable":true,"href":"https:\/\/admit-one.eu\/fi\/wp-json\/wp\/v2\/folder?post=12345"}],"curies":[{"name":"wp","href":"https:\/\/api.w.org\/{rel}","templated":true}]}}