{"id":11986,"date":"2023-01-09T13:02:04","date_gmt":"2023-01-09T13:02:04","guid":{"rendered":"https:\/\/admit-one.co.uk\/?page_id=11986"},"modified":"2024-02-22T16:31:23","modified_gmt":"2024-02-22T16:31:23","slug":"digital-sales","status":"publish","type":"page","link":"https:\/\/admit-one.eu\/fi\/ratkaisuja\/digitaalinen-myynti\/","title":{"rendered":"Digitaalinen myynti"},"content":{"rendered":"<div id=\"wp-block-themeisle-blocks-advanced-columns-f3534b6f\" class=\"wp-block-themeisle-blocks-advanced-columns has-2-columns has-desktop-twoOne-layout has-tablet-equal-layout has-mobile-collapsedRows-layout has-reverse-columns-mobile has-vertical-unset has-vertical-undefined page-header\"><div class=\"wp-block-themeisle-blocks-advanced-columns-overlay\"><\/div><div class=\"innerblocks-wrap\">\n<div id=\"wp-block-themeisle-blocks-advanced-column-49529f4b\" class=\"wp-block-themeisle-blocks-advanced-column\" data-aos=\"fade\" data-aos-duration=\"1200\">\n<h1 class=\"wp-block-heading\">Digitaalinen myynti<\/h1>\n\n\n\n<p>Kaikki mit\u00e4 tarvitset varmistaaksesi, ett\u00e4 asiakkaasi voivat selata ja ostaa lippuja ja lis\u00e4tarvikkeita helposti, milloin tahansa ja kaikilla digitaalisilla kanavilla. Admit Onen avulla voit maksimoida ennakkomyynnin ulkomailla ja tarjota samalla johdonmukaisen ja saumattoman kokemuksen kaikilla ostoreiteill\u00e4. &nbsp;<\/p>\n\n\n\n<div id=\"wp-block-themeisle-blocks-button-group-74f45ab7\" class=\"wp-block-themeisle-blocks-button-group wp-block-buttons\">\n<div id=\"wp-block-themeisle-blocks-button-6461b3a4\" class=\"wp-block-themeisle-blocks-button wp-block-button is-style-primary\"><a href=\"https:\/\/www.admit-one.co.uk\/request-demo\/\" target=\"_self\" rel=\"noopener noreferrer\" class=\"wp-block-button__link\"><span>Pyyd\u00e4 demo <\/span><\/a><\/div>\n<\/div>\n<\/div>\n\n\n\n<div id=\"wp-block-themeisle-blocks-advanced-column-27c8e090\" class=\"wp-block-themeisle-blocks-advanced-column\" data-aos=\"fade-up\" data-aos-duration=\"1200\"><div class=\"wp-block-image is-style-default\">\n<figure class=\"aligncenter size-full\"><img decoding=\"async\" src=\"https:\/\/admit-one.co.uk\/wp-content\/uploads\/2023\/01\/image_advanced-sales_result-1.webp\" alt=\"Advanced Sales\" class=\"wp-image-12114\"\/><\/figure><\/div><\/div>\n<\/div><\/div>\n\n\n\n<div id=\"wp-block-themeisle-blocks-advanced-columns-2074d916\" class=\"wp-block-themeisle-blocks-advanced-columns has-2-columns has-desktop-equal-layout has-tablet-equal-layout has-mobile-collapsedRows-layout has-vertical-unset feature-block\"><div class=\"wp-block-themeisle-blocks-advanced-columns-overlay\"><\/div><div class=\"innerblocks-wrap\">\n<div id=\"wp-block-themeisle-blocks-advanced-column-945ee192\" class=\"wp-block-themeisle-blocks-advanced-column\" data-aos=\"fade-right\" data-aos-duration=\"1200\"><div class=\"wp-block-image is-style-default\">\n<figure class=\"alignleft size-full\"><img decoding=\"async\" src=\"https:\/\/admit-one.co.uk\/wp-content\/uploads\/2023\\01\/products_advanced-sales_web_result.webp\" alt=\"Web\" class=\"wp-image-12236\"\/><\/figure><\/div><\/div>\n\n\n\n<div id=\"wp-block-themeisle-blocks-advanced-column-03cad4bb\" class=\"wp-block-themeisle-blocks-advanced-column\" data-aos=\"fade\" data-aos-duration=\"1200\">\n<h3 class=\"wp-block-heading\">Verkkosivusto<\/h3>\n\n\n\n<p>Nykyaikainen l\u00e4hestymistapa online-varauksiin, ydinverkkoalustamme tarjoaa yrityksellesi r\u00e4\u00e4t\u00e4l\u00f6idyn, mobiiliresponsiivisen verkkosivuston ja varausmoottorin. Yksinkertainen ja saumaton ostokulku t\u00e4ydellisell\u00e4 tietoturvavarmuudella, integroitu varausmoottori auttaa sinua lis\u00e4\u00e4m\u00e4\u00e4n online-myynti\u00e4 ja s\u00e4\u00e4st\u00e4m\u00e4\u00e4n aikaa ja rahaa 3<sup>rd<\/sup> puolueiden integraatiot. Me huolehdimme kaikesta, joten sinun ei tarvitse.<\/p>\n\n\n\n<div class=\"is-layout-flex wp-container-3 wp-block-columns are-vertically-aligned-top\">\n<div class=\"is-layout-flow wp-block-column is-vertically-aligned-top\">\n<ul class=\"a1_tick-list\">\n<li>Dynaaminen, reaaliaikainen sis\u00e4lt\u00f6 t\u00e4ydellisell\u00e4 mukauttamisella ja ohjauksella<\/li>\n\n\n\n<li>Joustava varauskulku useilla konfigurointivaihtoehdoilla<\/li>\n\n\n\n<li>Istumasuunnitelmat useilla n\u00e4ytt\u00f6- ja mukautusvaihtoehdoilla<\/li>\n\n\n\n<li>Edut \u2013 tarjoa asiakkaille helppoja lis\u00e4myynti\u00e4 ja lis\u00e4\u00e4 kulutustasi henke\u00e4 kohden<\/li>\n<\/ul>\n<\/div>\n\n\n\n<div class=\"is-layout-flow wp-block-column is-vertically-aligned-top\">\n<ul class=\"a1_tick-list\">\n<li>Maksujen k\u00e4sittely, mukaan lukien Payment Redirect ja Card Capture, useiden maksupalveluntarjoajien tuella<\/li>\n\n\n\n<li>Pid\u00e4 asiakkaat yhteydess\u00e4 J\u00e4senyydell\u00e4 \u2013 rohkaise helposti asiakastilej\u00e4 rekister\u00f6itym\u00e4\u00e4n ja kirjautumaan sis\u00e4\u00e4n<\/li>\n\n\n\n<li>Myy lahjakortteja ja kuponkeja tavoittavuuden ja tulojen lis\u00e4\u00e4miseksi<\/li>\n<\/ul>\n<\/div>\n<\/div>\n<\/div>\n<\/div><\/div>\n\n\n\n<div id=\"wp-block-themeisle-blocks-advanced-columns-7c8d14a1\" class=\"wp-block-themeisle-blocks-advanced-columns has-2-columns has-desktop-equal-layout has-tablet-equal-layout has-mobile-collapsedRows-layout has-vertical-unset feature-block\"><div class=\"wp-block-themeisle-blocks-advanced-columns-overlay\"><\/div><div class=\"innerblocks-wrap\">\n<div id=\"wp-block-themeisle-blocks-advanced-column-6480c00f\" class=\"wp-block-themeisle-blocks-advanced-column\" data-aos=\"fade-right\" data-aos-duration=\"1200\"><div class=\"wp-block-image is-style-default\">\n<figure class=\"alignleft size-full\"><img decoding=\"async\" src=\"https:\/\/admit-one.co.uk\/wp-content\/uploads\/2023\\01\/products_advanced-sales_mobile-app_result.webp\" alt=\"Mobiilisovellus\" class=\"wp-image-12235\"\/><\/figure><\/div><\/div>\n\n\n\n<div id=\"wp-block-themeisle-blocks-advanced-column-ed341c03\" class=\"wp-block-themeisle-blocks-advanced-column\" data-aos=\"fade\" data-aos-duration=\"1200\">\n<h3 class=\"wp-block-heading\">Mobiilisovellus<\/h3>\n\n\n\n<p>Kasvata k\u00e4ytt\u00e4j\u00e4kuntaasi \u00e4\u00e4rimm\u00e4isen mobiilikokemuksen avulla ja anna asiakkaiden suunnitella seuraavaa ison n\u00e4yt\u00f6n matkaansa mist\u00e4 tahansa. katso trailereita, selaa esitysaikoja, varaa ja k\u00e4yt\u00e4 lippuja ja lis\u00e4tarvikkeita oman Circuitin r\u00e4\u00e4t\u00e4l\u00f6idyn sovelluksen kautta. &nbsp;<\/p>\n\n\n\n<div class=\"is-layout-flex wp-container-6 wp-block-columns are-vertically-aligned-top\">\n<div class=\"is-layout-flow wp-block-column is-vertically-aligned-top\">\n<ul class=\"a1_tick-list\">\n<li>Android- ja Apple-kohtaiset sovellukset<\/li>\n\n\n\n<li>Saumaton ja johdonmukainen k\u00e4ytt\u00f6kokemus verkossa ja sovelluksissa<\/li>\n\n\n\n<li>Liput ja j\u00e4senyys\/uskollisuus-s\u00e4ilytys k\u00e4tev\u00e4n sovelluksen sis\u00e4isen lompakon kautta<\/li>\n\n\n\n<li>Sis\u00e4\u00e4nrakennetut lis\u00e4myyntimahdollisuudet, joissa on ennakkotilausruokia ja juomia<\/li>\n<\/ul>\n<\/div>\n\n\n\n<div class=\"is-layout-flow wp-block-column is-vertically-aligned-top\">\n<ul class=\"a1_tick-list\">\n<li>E-lippujen viivakoodit kosketuksettomaan sis\u00e4\u00e4np\u00e4\u00e4syyn<\/li>\n\n\n\n<li>Push-ilmoitukset sovelluksen sis\u00e4iseen viestiin ja markkinointiin<\/li>\n\n\n\n<li>Analytics-raportointi<\/li>\n<\/ul>\n<\/div>\n<\/div>\n<\/div>\n<\/div><\/div>\n\n\n\n<div id=\"wp-block-themeisle-blocks-advanced-columns-adedf2b1\" class=\"wp-block-themeisle-blocks-advanced-columns has-2-columns has-desktop-equal-layout has-tablet-equal-layout has-mobile-collapsedRows-layout has-vertical-unset feature-block\"><div class=\"wp-block-themeisle-blocks-advanced-columns-overlay\"><\/div><div class=\"innerblocks-wrap\">\n<div id=\"wp-block-themeisle-blocks-advanced-column-c85a1b5a\" class=\"wp-block-themeisle-blocks-advanced-column\" data-aos=\"fade-right\" data-aos-duration=\"1200\"><div class=\"wp-block-image is-style-default\">\n<figure class=\"alignleft size-full\"><img decoding=\"async\" src=\"https:\/\/admit-one.co.uk\/wp-content\/uploads\/2023\/01\/products_advanced-sales_api_result.webp\" alt=\"API\" class=\"wp-image-12265\"\/><\/figure><\/div><\/div>\n\n\n\n<div id=\"wp-block-themeisle-blocks-advanced-column-d67ecbfb\" class=\"wp-block-themeisle-blocks-advanced-column\" data-aos=\"fade\" data-aos-duration=\"1200\">\n<h3 class=\"wp-block-heading\">Kolmannen osapuolen sivustojen sovellusliittym\u00e4t<\/h3>\n\n\n\n<p>Varmista, ett\u00e4 maksimoit kaikki lipunostokanavat ja tarjoat asiakkaille saumattoman kokemuksen Admit One&#039;s 3:n avulla<sup>rd<\/sup> puolueiden verkkosivujen integraatiot. Reaaliaikaisen palautuksen avulla voit varmistaa lippujen saatavuuden ja istumavaihtoehdot ajan tasalla.&nbsp;<\/p>\n\n\n\n<div class=\"is-layout-flex wp-container-9 wp-block-columns are-vertically-aligned-top\">\n<div class=\"is-layout-flow wp-block-column is-vertically-aligned-top\">\n<ul class=\"a1_tick-list\">\n<li>Meerkat-elokuvat&nbsp;&nbsp;<\/li>\n\n\n\n<li>Viator&nbsp;<\/li>\n<\/ul>\n<\/div>\n\n\n\n<div class=\"is-layout-flow wp-block-column is-vertically-aligned-top\">\n<ul class=\"a1_tick-list\">\n<li>Qubica&nbsp;<\/li>\n\n\n\n<li>Fandango<\/li>\n<\/ul>\n<\/div>\n<\/div>\n<\/div>\n<\/div><\/div>\n\n\n\n<div id=\"wp-block-themeisle-blocks-advanced-columns-01c14de9\" class=\"wp-block-themeisle-blocks-advanced-columns has-2-columns has-desktop-equal-layout has-tablet-collapsedRows-layout has-mobile-collapsedRows-layout has-vertical-unset call-to-action has-dark-bg\" data-aos=\"fade\" data-aos-duration=\"1200\"><div class=\"wp-block-themeisle-blocks-advanced-columns-overlay\"><\/div><div class=\"innerblocks-wrap\">\n<div id=\"wp-block-themeisle-blocks-advanced-column-aed9b021\" class=\"wp-block-themeisle-blocks-advanced-column\">\n<h2 class=\"wp-block-heading has-nv-site-bg-color has-text-color\">Oletko valmis aloittamaan Admit Onen k\u00e4yt\u00f6n?<\/h2>\n\n\n\n<p class=\"has-nv-site-bg-color has-text-color\">Aloitetaan&nbsp;<i class=\"icon-forward\"><\/i><\/p>\n<\/div>\n\n\n\n<div id=\"wp-block-themeisle-blocks-advanced-column-01e8791e\" class=\"wp-block-themeisle-blocks-advanced-column column-right\">\n<h4 class=\"wp-block-heading has-neve-text-color-color has-text-color\">Auta meit\u00e4 ymm\u00e4rt\u00e4m\u00e4\u00e4n tarpeesi<\/h4>\n\n\n\n<p class=\"has-neve-text-color-color has-text-color\">Tied\u00e4mme, ett\u00e4 jokainen yritys on erilainen. Riippumatta ainutlaatuisista vaatimuksistasi, Admit One on t\u00e4\u00e4ll\u00e4 tarjotakseen r\u00e4\u00e4t\u00e4l\u00f6idyn myyntipistej\u00e4rjestelm\u00e4n, joka toimii sinulle joka vaiheessa.<\/p>\n\n\n\n<ul class=\"a1_tick-list has-neve-text-color-color has-text-color\">\n<li>Joustava<\/li>\n\n\n\n<li>Edullinen<\/li>\n\n\n\n<li>Skaalautuva<\/li>\n<\/ul>\n\n\n\n<div id=\"wp-block-themeisle-blocks-button-group-5e1b0e52\" class=\"wp-block-themeisle-blocks-button-group wp-block-buttons\">\n<div id=\"wp-block-themeisle-blocks-button-bdaccee1\" class=\"wp-block-themeisle-blocks-button wp-block-button is-style-primary\"><a href=\"https:\/\/admit-one.eu\/fi\/ota-yhteytta\/\" target=\"_self\" rel=\"noopener noreferrer\" class=\"wp-block-button__link\"><span>Puhutaan<\/span><\/a><\/div>\n<\/div>\n<\/div>\n<\/div><\/div>","protected":false},"excerpt":{"rendered":"","protected":false},"author":1,"featured_media":0,"parent":14814,"menu_order":0,"comment_status":"closed","ping_status":"closed","template":"","meta":{"om_disable_all_campaigns":false,"_uag_custom_page_level_css":"","_mi_skip_tracking":false,"neve_meta_sidebar":"default","neve_meta_container":"full-width","neve_meta_enable_content_width":"","neve_meta_content_width":0,"neve_meta_title_alignment":"center","neve_meta_author_avatar":"","neve_post_elements_order":"","neve_meta_disable_header":"","neve_meta_disable_footer":"","neve_meta_disable_title":"on","neve_meta_reading_time":"","_themeisle_gutenberg_block_has_review":false},"categories":[],"tags":[],"folder":[90],"aioseo_notices":[],"uagb_featured_image_src":{"full":false,"thumbnail":false,"medium":false,"medium_large":false,"large":false,"1536x1536":false,"2048x2048":false,"trp-custom-language-flag":false,"neve-blog":false,"xl":false,"xxl":false,"xxxl":false,"xxxxl":false,"xxxxxl":false},"uagb_author_info":{"display_name":"James Gibson","author_link":"https:\/\/admit-one.eu\/fi\/blog\/author\/james-gibson\/"},"uagb_comment_info":0,"uagb_excerpt":null,"_links":{"self":[{"href":"https:\/\/admit-one.eu\/fi\/wp-json\/wp\/v2\/pages\/11986"}],"collection":[{"href":"https:\/\/admit-one.eu\/fi\/wp-json\/wp\/v2\/pages"}],"about":[{"href":"https:\/\/admit-one.eu\/fi\/wp-json\/wp\/v2\/types\/page"}],"author":[{"embeddable":true,"href":"https:\/\/admit-one.eu\/fi\/wp-json\/wp\/v2\/users\/1"}],"replies":[{"embeddable":true,"href":"https:\/\/admit-one.eu\/fi\/wp-json\/wp\/v2\/comments?post=11986"}],"version-history":[{"count":7,"href":"https:\/\/admit-one.eu\/fi\/wp-json\/wp\/v2\/pages\/11986\/revisions"}],"predecessor-version":[{"id":15114,"href":"https:\/\/admit-one.eu\/fi\/wp-json\/wp\/v2\/pages\/11986\/revisions\/15114"}],"up":[{"embeddable":true,"href":"https:\/\/admit-one.eu\/fi\/wp-json\/wp\/v2\/pages\/14814"}],"wp:attachment":[{"href":"https:\/\/admit-one.eu\/fi\/wp-json\/wp\/v2\/media?parent=11986"}],"wp:term":[{"taxonomy":"category","embeddable":true,"href":"https:\/\/admit-one.eu\/fi\/wp-json\/wp\/v2\/categories?post=11986"},{"taxonomy":"post_tag","embeddable":true,"href":"https:\/\/admit-one.eu\/fi\/wp-json\/wp\/v2\/tags?post=11986"},{"taxonomy":"folder","embeddable":true,"href":"https:\/\/admit-one.eu\/fi\/wp-json\/wp\/v2\/folder?post=11986"}],"curies":[{"name":"wp","href":"https:\/\/api.w.org\/{rel}","templated":true}]}}