{"id":11912,"date":"2023-01-05T15:21:58","date_gmt":"2023-01-05T15:21:58","guid":{"rendered":"https:\/\/admit-one.co.uk\/?page_id=11912"},"modified":"2024-02-22T16:31:25","modified_gmt":"2024-02-22T16:31:25","slug":"food-and-beverage","status":"publish","type":"page","link":"https:\/\/admit-one.eu\/fi\/ratkaisuja\/ruoka-ja-juoma\/","title":{"rendered":"Ruoka ja juoma"},"content":{"rendered":"<div id=\"wp-block-themeisle-blocks-advanced-columns-f3534b6f\" class=\"wp-block-themeisle-blocks-advanced-columns has-2-columns has-desktop-twoOne-layout has-tablet-equal-layout has-mobile-collapsedRows-layout has-reverse-columns-mobile has-vertical-unset has-vertical-undefined page-header\"><div class=\"wp-block-themeisle-blocks-advanced-columns-overlay\"><\/div><div class=\"innerblocks-wrap\">\n<div id=\"wp-block-themeisle-blocks-advanced-column-49529f4b\" class=\"wp-block-themeisle-blocks-advanced-column\" data-aos=\"fade\" data-aos-duration=\"1200\">\n<h1 class=\"wp-block-heading\">Ruoka ja juoma<\/h1>\n\n\n\n<p>Monipuoliset t\u00e4ysin integroidut ruoka- ja juomaj\u00e4rjestelm\u00e4mme on suunniteltu antamaan sinulle t\u00e4ydellinen hallinta, samalla kun luot henkil\u00f6st\u00f6llesi virtaviivaisen kokemuksen ja tarjoamme asiakkaillesi poikkeuksellista palvelua.<\/p>\n\n\n\n<p>Ty\u00f6kalumme tarjoavat sujuvan ja tehokkaan tavan myyd\u00e4, hallita ja seurata kaikkia ruoka- ja juomatilauksiasi koosta ja kokoonpanosta riippumatta. Saumattomasti integroitu, helppo m\u00e4\u00e4ritt\u00e4\u00e4 ja helposti hallita, j\u00e4rjestelm\u00e4mme on suunniteltu vastaamaan kaikkiin ruoka- ja juomatarpeisiisi.<\/p>\n\n\n\n<div id=\"wp-block-themeisle-blocks-button-group-74f45ab7\" class=\"wp-block-themeisle-blocks-button-group wp-block-buttons\">\n<div id=\"wp-block-themeisle-blocks-button-6461b3a4\" class=\"wp-block-themeisle-blocks-button wp-block-button is-style-primary\"><a href=\"https:\/\/www.admit-one.co.uk\/request-demo\/\" target=\"_self\" rel=\"noopener noreferrer\" class=\"wp-block-button__link\"><span>Pyyd\u00e4 demo <\/span><\/a><\/div>\n<\/div>\n<\/div>\n\n\n\n<div id=\"wp-block-themeisle-blocks-advanced-column-27c8e090\" class=\"wp-block-themeisle-blocks-advanced-column\" data-aos=\"fade-up\" data-aos-duration=\"1200\"><div class=\"wp-block-image is-style-default\">\n<figure class=\"aligncenter size-full\"><img decoding=\"async\" src=\"https:\/\/admit-one.co.uk\/wp-content\/uploads\/2023\/01\/image_f-and-b_result.webp\" alt=\"F&amp;B\" class=\"wp-image-12115\"\/><\/figure><\/div><\/div>\n<\/div><\/div>\n\n\n\n<div id=\"wp-block-themeisle-blocks-advanced-columns-2074d916\" class=\"wp-block-themeisle-blocks-advanced-columns has-2-columns has-desktop-equal-layout has-tablet-equal-layout has-mobile-collapsedRows-layout has-vertical-unset feature-block\"><div class=\"wp-block-themeisle-blocks-advanced-columns-overlay\"><\/div><div class=\"innerblocks-wrap\">\n<div id=\"wp-block-themeisle-blocks-advanced-column-945ee192\" class=\"wp-block-themeisle-blocks-advanced-column\" data-aos=\"fade-right\" data-aos-duration=\"1200\"><div class=\"wp-block-image is-style-default\">\n<figure class=\"alignleft size-full\"><img decoding=\"async\" loading=\"lazy\" width=\"600\" height=\"600\" src=\"https:\/\/admit-one.co.uk\/wp-content\/uploads\/2023\/01\/products_f-and-b_traditional-restaurant_result.webp\" alt=\"Perinteinen ravintola\" class=\"wp-image-12241\" srcset=\"https:\/\/admit-one.eu\/wp-content\/uploads\/2023\/01\/products_f-and-b_traditional-restaurant_result.webp 600w, https:\/\/admit-one.eu\/wp-content\/uploads\/2023\/01\/products_f-and-b_traditional-restaurant_result-300x300.webp 300w, https:\/\/admit-one.eu\/wp-content\/uploads\/2023\/01\/products_f-and-b_traditional-restaurant_result-150x150.webp 150w, https:\/\/admit-one.eu\/wp-content\/uploads\/2023\/01\/products_f-and-b_traditional-restaurant_result-12x12.webp 12w, https:\/\/admit-one.eu\/wp-content\/uploads\/2023\/01\/products_f-and-b_traditional-restaurant_result-400x400.webp 400w\" sizes=\"(max-width: 600px) 100vw, 600px\" \/><\/figure><\/div><\/div>\n\n\n\n<div id=\"wp-block-themeisle-blocks-advanced-column-03cad4bb\" class=\"wp-block-themeisle-blocks-advanced-column\" data-aos=\"fade\" data-aos-duration=\"1200\">\n<h3 class=\"wp-block-heading\"><strong>Perinteinen ravintola<\/strong><\/h3>\n\n\n\n<p>Virtaviivaista ravintolasi tilausprosessin jokaista osaa yhdell\u00e4 integroidulla j\u00e4rjestelm\u00e4ll\u00e4, olitpa sitten oma ravintola tai elokuvateatteri tai viihdepaikka, joka tarjoaa ruokailutiloja.<\/p>\n\n\n\n<div class=\"is-layout-flex wp-container-3 wp-block-columns are-vertically-aligned-top\">\n<div class=\"is-layout-flow wp-block-column is-vertically-aligned-top\">\n<ul class=\"a1_tick-list\">\n<li>Ravintolan p\u00f6yt\u00e4suunnitelmat<\/li>\n\n\n\n<li>Tarjoilijan n\u00e4yt\u00f6t, jotta asiakkaat saavat tilaukset nopeasti ja tehokkaasti<\/li>\n<\/ul>\n<\/div>\n\n\n\n<div class=\"is-layout-flow wp-block-column is-vertically-aligned-top\">\n<ul class=\"a1_tick-list\">\n<li>V\u00e4lilehdet ja jaetut laskut<\/li>\n\n\n\n<li>P\u00f6yt\u00e4palvelu QR-koodeilla, joiden avulla asiakkaat voivat tilata odottamatta henkil\u00f6kuntaa&nbsp;<\/li>\n<\/ul>\n<\/div>\n<\/div>\n<\/div>\n<\/div><\/div>\n\n\n\n<div id=\"wp-block-themeisle-blocks-advanced-columns-cc15f29f\" class=\"wp-block-themeisle-blocks-advanced-columns has-2-columns has-desktop-equal-layout has-tablet-equal-layout has-mobile-collapsedRows-layout has-vertical-unset feature-block\"><div class=\"wp-block-themeisle-blocks-advanced-columns-overlay\"><\/div><div class=\"innerblocks-wrap\">\n<div id=\"wp-block-themeisle-blocks-advanced-column-56efa89b\" class=\"wp-block-themeisle-blocks-advanced-column\" data-aos=\"fade-right\" data-aos-duration=\"1200\"><div class=\"wp-block-image is-style-default\">\n<figure class=\"alignleft size-full\"><img decoding=\"async\" src=\"https:\/\/admit-one.co.uk\/wp-content\/uploads\/2023\\01\/products_f-and-b_kitchen_result.webp\" alt=\"Keitti\u00f6\" class=\"wp-image-12240\"\/><\/figure><\/div><\/div>\n\n\n\n<div id=\"wp-block-themeisle-blocks-advanced-column-701410c9\" class=\"wp-block-themeisle-blocks-advanced-column\" data-aos=\"fade\" data-aos-duration=\"1200\">\n<h3 class=\"wp-block-heading\"><strong>Keitti\u00f6<\/strong> Manager<\/h3>\n\n\n\n<p>Perustilausvaatimuksista t\u00e4ysin varusteltuihin monin\u00e4ytt\u00f6isiin skenaarioihin, Admit One on mukautettu ty\u00f6nkulkuihisi ruokien ja juomien valmistuksessa, jakelussa ja palvelussa samalla, kun se tarjoaa t\u00e4ydellisen hallinnan myyntipiste-, kioski-, henkil\u00f6st\u00f6- ja asiakastieton\u00e4yt\u00f6n kokoonpanoista.<\/p>\n\n\n\n<div class=\"is-layout-flex wp-container-6 wp-block-columns are-vertically-aligned-top\">\n<div class=\"is-layout-flow wp-block-column is-vertically-aligned-top\">\n<ul class=\"a1_tick-list\">\n<li>Saumaton integrointi kaikkiin myyntikanaviin (POS, pankkiautomaatti, A1Shop ja Web), jotta pysyt ajan tasalla tilauksesi toteutumisesta, ja kyky integroida 3:een<sup>rd<\/sup> party takeaway -j\u00e4rjestelm\u00e4t<\/li>\n\n\n\n<li>L\u00e4het\u00e4 tilaukset suoraan keitti\u00f6n tulostimille ja\/tai ravintolan n\u00e4yt\u00f6ille<\/li>\n\n\n\n<li>Valmistelun\u00e4yt\u00f6t antavat henkil\u00f6st\u00f6llesi kaikki tiedot, joita he tarvitsevat tilausten nopeaan toteuttamiseen.<\/li>\n<\/ul>\n<\/div>\n\n\n\n<div class=\"is-layout-flow wp-block-column is-vertically-aligned-top\">\n<ul class=\"a1_tick-list\">\n<li>K\u00e4yt\u00e4 &#039;View Kitchen Orders&#039; -toimintopainiketta myyntipisteess\u00e4, jotta myyntipisteesi voi toimia erillisen\u00e4 valmistelun\u00e4yt\u00f6n\u00e4 sen sijaan, ett\u00e4 luottaisi vain tulostettuihin tilauskuitteihin.<\/li>\n\n\n\n<li>Integroi hakuj\u00e4rjestelmiin, kun tarjoilijapalvelua k\u00e4ytet\u00e4\u00e4n<\/li>\n\n\n\n<li>Asiakkaille suunnatut tilausten tilan\u00e4yt\u00f6t pit\u00e4v\u00e4t jonot liikkeess\u00e4 ja asiakkaasi ajan tasalla<\/li>\n<\/ul>\n<\/div>\n<\/div>\n<\/div>\n<\/div><\/div>\n\n\n\n<div id=\"wp-block-themeisle-blocks-advanced-columns-a8614765\" class=\"wp-block-themeisle-blocks-advanced-columns has-2-columns has-desktop-equal-layout has-tablet-equal-layout has-mobile-collapsedRows-layout has-vertical-unset feature-block\"><div class=\"wp-block-themeisle-blocks-advanced-columns-overlay\"><\/div><div class=\"innerblocks-wrap\">\n<div id=\"wp-block-themeisle-blocks-advanced-column-a46e52cf\" class=\"wp-block-themeisle-blocks-advanced-column\" data-aos=\"fade-right\" data-aos-duration=\"1200\"><div class=\"wp-block-image is-style-default\">\n<figure class=\"alignleft size-full\"><img decoding=\"async\" src=\"https:\/\/admit-one.co.uk\/wp-content\/uploads\/2023\\01\/products_f-and-b_click-and-collect_result.webp\" alt=\"Napsauta ja ker\u00e4\u00e4\" class=\"wp-image-12238\"\/><\/figure><\/div><\/div>\n\n\n\n<div id=\"wp-block-themeisle-blocks-advanced-column-ca27a924\" class=\"wp-block-themeisle-blocks-advanced-column\" data-aos=\"fade\" data-aos-duration=\"1200\">\n<h3 class=\"wp-block-heading\"><strong>Napsauta ja ker\u00e4\u00e4<\/strong><\/h3>\n\n\n\n<p>Luo nopea ja helppo kokemus asiakkaille ja henkil\u00f6kunnalle k\u00e4tev\u00e4ll\u00e4 ja kontaktittomalla ruokien ja juomien ennakkotilauksella mist\u00e4 tahansa, mik\u00e4 v\u00e4hent\u00e4\u00e4 odotusaikoja ja vapauttaa henkil\u00f6kuntaa.<\/p>\n\n\n\n<div class=\"is-layout-flex wp-container-9 wp-block-columns are-vertically-aligned-top\">\n<div class=\"is-layout-flow wp-block-column is-vertically-aligned-top\">\n<ul class=\"a1_tick-list\">\n<li>L\u00e4het\u00e4 tilaukset suoraan linjalle valmistautumiseen verkosta, sovelluksesta, A1-kaupasta, itsepalvelukioskista tai myyntipisteest\u00e4&nbsp;<\/li>\n\n\n\n<li>Tukee sek\u00e4 keitti\u00f6n tulostimia ett\u00e4 n\u00e4ytt\u00f6j\u00e4<\/li>\n<\/ul>\n<\/div>\n\n\n\n<div class=\"is-layout-flow wp-block-column is-vertically-aligned-top\">\n<ul class=\"a1_tick-list\">\n<li>Kasvata lis\u00e4myynti\u00e4 lis\u00e4kehotteilla, kun vieraat tilaavat<\/li>\n\n\n\n<li>Noutopisteet tilausten seurantaa varten reaaliaikaisella tieton\u00e4yt\u00f6ll\u00e4, joka pit\u00e4\u00e4 asiakkaat ajan tasalla<\/li>\n<\/ul>\n<\/div>\n<\/div>\n<\/div>\n<\/div><\/div>\n\n\n\n<div id=\"wp-block-themeisle-blocks-advanced-columns-541a8e0c\" class=\"wp-block-themeisle-blocks-advanced-columns has-2-columns has-desktop-equal-layout has-tablet-equal-layout has-mobile-collapsedRows-layout has-vertical-unset feature-block\"><div class=\"wp-block-themeisle-blocks-advanced-columns-overlay\"><\/div><div class=\"innerblocks-wrap\">\n<div id=\"wp-block-themeisle-blocks-advanced-column-df6c63c8\" class=\"wp-block-themeisle-blocks-advanced-column\" data-aos=\"fade-right\" data-aos-duration=\"1200\"><div class=\"wp-block-image is-style-default\">\n<figure class=\"alignleft size-full\"><img decoding=\"async\" src=\"https:\/\/admit-one.co.uk\/wp-content\/uploads\/2023\\01\/products_f-and-b_in-seat-dining_result.webp\" alt=\"Istumaruokailussa\" class=\"wp-image-12239\"\/><\/figure><\/div><\/div>\n\n\n\n<div id=\"wp-block-themeisle-blocks-advanced-column-033e93b9\" class=\"wp-block-themeisle-blocks-advanced-column\" data-aos=\"fade\" data-aos-duration=\"1200\">\n<h3 class=\"wp-block-heading\"><strong>Istumaruokailussa<\/strong><\/h3>\n\n\n\n<p>Kasvata myyntikanaviasi lis\u00e4\u00e4m\u00e4tt\u00e4 henkil\u00f6st\u00f6m\u00e4\u00e4r\u00e4\u00e4si ja pid\u00e4 asiakkaat tyytyv\u00e4isin\u00e4, kun sinun ei tarvitse odottaa n\u00e4kyviss\u00e4 jonoissa.<\/p>\n\n\n\n<div class=\"is-layout-flex wp-container-12 wp-block-columns are-vertically-aligned-top\">\n<div class=\"is-layout-flow wp-block-column is-vertically-aligned-top\">\n<ul class=\"a1_tick-list\">\n<li>Salli asiakkaiden tilata omalla laitteellaan tai ottaa tilauksensa sinne, miss\u00e4 he istuvat<\/li>\n\n\n\n<li>Valitse, mitk\u00e4 tuotteet asetetaan saataville&nbsp;<\/li>\n<\/ul>\n<\/div>\n\n\n\n<div class=\"is-layout-flow wp-block-column is-vertically-aligned-top\">\n<ul class=\"a1_tick-list\">\n<li>Ruoka toimitetaan istuimellesi&nbsp;<\/li>\n\n\n\n<li>Leikkausajat tilauksille suorituskohtaisesti&nbsp;<\/li>\n<\/ul>\n<\/div>\n<\/div>\n<\/div>\n<\/div><\/div>\n\n\n\n<div id=\"wp-block-themeisle-blocks-advanced-columns-7c8d14a1\" class=\"wp-block-themeisle-blocks-advanced-columns has-2-columns has-desktop-equal-layout has-tablet-equal-layout has-mobile-collapsedRows-layout has-vertical-unset feature-block\"><div class=\"wp-block-themeisle-blocks-advanced-columns-overlay\"><\/div><div class=\"innerblocks-wrap\">\n<div id=\"wp-block-themeisle-blocks-advanced-column-6480c00f\" class=\"wp-block-themeisle-blocks-advanced-column\" data-aos=\"fade-right\" data-aos-duration=\"1200\"><div class=\"wp-block-image is-style-default\">\n<figure class=\"alignleft size-full\"><img decoding=\"async\" src=\"https:\/\/admit-one.co.uk\/wp-content\/uploads\/2023\\01\/products_f-and-b_a1-shop_result.webp\" alt=\"A1 kauppa\" class=\"wp-image-12237\"\/><\/figure><\/div><\/div>\n\n\n\n<div id=\"wp-block-themeisle-blocks-advanced-column-ed341c03\" class=\"wp-block-themeisle-blocks-advanced-column\" data-aos=\"fade\" data-aos-duration=\"1200\">\n<h3 class=\"wp-block-heading\">Mobiilitilaus paikan p\u00e4\u00e4ll\u00e4<\/h3>\n\n\n\n<h5 class=\"wp-block-heading\">Oletko valmis kontaktittomaan ja vaivattomaan tilaamiseen?<\/h5>\n\n\n\n<p>Anna valinnan valta asiakkaidesi k\u00e4siin ja ohjaa ruoka- ja juomamyynti\u00e4si mobiilitilauksen avulla paikan p\u00e4\u00e4ll\u00e4. Nosta asiakastyytyv\u00e4isyytt\u00e4 ja pid\u00e4 henkil\u00f6st\u00f6n taso alhaalla ja tarjoa asiakkaillesi kustannustehokas ja monipuolinen kokemus ostosta toimitukseen.&nbsp;<\/p>\n\n\n\n<div class=\"is-layout-flex wp-container-15 wp-block-columns are-vertically-aligned-top\">\n<div class=\"is-layout-flow wp-block-column is-vertically-aligned-top\">\n<ul class=\"a1_tick-list\">\n<li>Helppo p\u00e4\u00e4sy paikan p\u00e4\u00e4ll\u00e4 joustavilla toimitus- ja noutovaihtoehdoilla<\/li>\n\n\n\n<li>T\u00e4ysin muokattavissa oman br\u00e4ndisi logon ja tyylin mukaan<\/li>\n\n\n\n<li>Verkkopohjainen sovellus, joka on suunniteltu toimimaan kaikissa mobiililaitteissa \u2013 ei vaadi laitteisto-investointeja tai sovelluksen asennusta<\/li>\n<\/ul>\n<\/div>\n\n\n\n<div class=\"is-layout-flow wp-block-column is-vertically-aligned-top\">\n<ul class=\"a1_tick-list\">\n<li>Noutopisteet tilausten seurantaa varten reaaliaikaisella tieton\u00e4yt\u00f6ll\u00e4<\/li>\n\n\n\n<li>P\u00f6yt\u00e4palvelu QR-koodeilla, joiden avulla asiakkaat voivat tilata odottamatta henkil\u00f6kuntaa<\/li>\n\n\n\n<li>In-Screen-tilaus ja toimitus lis\u00e4\u00e4 toimilupamyynti\u00e4 palaamatta jonoon<\/li>\n<\/ul>\n<\/div>\n<\/div>\n<\/div>\n<\/div><\/div>\n\n\n\n<div id=\"wp-block-themeisle-blocks-advanced-columns-01c14de9\" class=\"wp-block-themeisle-blocks-advanced-columns has-2-columns has-desktop-equal-layout has-tablet-collapsedRows-layout has-mobile-collapsedRows-layout has-vertical-unset call-to-action has-dark-bg\" data-aos=\"fade\" data-aos-duration=\"1200\"><div class=\"wp-block-themeisle-blocks-advanced-columns-overlay\"><\/div><div class=\"innerblocks-wrap\">\n<div id=\"wp-block-themeisle-blocks-advanced-column-aed9b021\" class=\"wp-block-themeisle-blocks-advanced-column\">\n<h2 class=\"wp-block-heading has-nv-site-bg-color has-text-color\">Oletko valmis aloittamaan Admit Onen k\u00e4yt\u00f6n?<\/h2>\n\n\n\n<p class=\"has-nv-site-bg-color has-text-color\">Aloitetaan&nbsp;<i class=\"icon-forward\"><\/i><\/p>\n<\/div>\n\n\n\n<div id=\"wp-block-themeisle-blocks-advanced-column-01e8791e\" class=\"wp-block-themeisle-blocks-advanced-column column-right\">\n<h4 class=\"wp-block-heading has-neve-text-color-color has-text-color\">Auta meit\u00e4 ymm\u00e4rt\u00e4m\u00e4\u00e4n tarpeesi<\/h4>\n\n\n\n<p class=\"has-neve-text-color-color has-text-color\">Tied\u00e4mme, ett\u00e4 jokainen yritys on erilainen. Riippumatta ainutlaatuisista vaatimuksistasi, Admit One on t\u00e4\u00e4ll\u00e4 tarjotakseen r\u00e4\u00e4t\u00e4l\u00f6idyn myyntipistej\u00e4rjestelm\u00e4n, joka toimii sinulle joka vaiheessa.<\/p>\n\n\n\n<ul class=\"a1_tick-list has-neve-text-color-color has-text-color\">\n<li>Joustava<\/li>\n\n\n\n<li>Edullinen<\/li>\n\n\n\n<li>Skaalautuva<\/li>\n<\/ul>\n\n\n\n<div id=\"wp-block-themeisle-blocks-button-group-5e1b0e52\" class=\"wp-block-themeisle-blocks-button-group wp-block-buttons\">\n<div id=\"wp-block-themeisle-blocks-button-bdaccee1\" class=\"wp-block-themeisle-blocks-button wp-block-button is-style-primary\"><a href=\"https:\/\/admit-one.eu\/fi\/ota-yhteytta\/\" target=\"_self\" rel=\"noopener noreferrer\" class=\"wp-block-button__link\"><span>Puhutaan<\/span><\/a><\/div>\n<\/div>\n<\/div>\n<\/div><\/div>","protected":false},"excerpt":{"rendered":"","protected":false},"author":1,"featured_media":0,"parent":14814,"menu_order":0,"comment_status":"closed","ping_status":"closed","template":"","meta":{"om_disable_all_campaigns":false,"_uag_custom_page_level_css":"","_mi_skip_tracking":false,"neve_meta_sidebar":"","neve_meta_container":"full-width","neve_meta_enable_content_width":"","neve_meta_content_width":0,"neve_meta_title_alignment":"center","neve_meta_author_avatar":"","neve_post_elements_order":"","neve_meta_disable_header":"","neve_meta_disable_footer":"","neve_meta_disable_title":"on","neve_meta_reading_time":"","_themeisle_gutenberg_block_has_review":false},"categories":[],"tags":[],"folder":[90],"aioseo_notices":[],"uagb_featured_image_src":{"full":false,"thumbnail":false,"medium":false,"medium_large":false,"large":false,"1536x1536":false,"2048x2048":false,"trp-custom-language-flag":false,"neve-blog":false,"xl":false,"xxl":false,"xxxl":false,"xxxxl":false,"xxxxxl":false},"uagb_author_info":{"display_name":"James Gibson","author_link":"https:\/\/admit-one.eu\/fi\/blog\/author\/james-gibson\/"},"uagb_comment_info":0,"uagb_excerpt":null,"_links":{"self":[{"href":"https:\/\/admit-one.eu\/fi\/wp-json\/wp\/v2\/pages\/11912"}],"collection":[{"href":"https:\/\/admit-one.eu\/fi\/wp-json\/wp\/v2\/pages"}],"about":[{"href":"https:\/\/admit-one.eu\/fi\/wp-json\/wp\/v2\/types\/page"}],"author":[{"embeddable":true,"href":"https:\/\/admit-one.eu\/fi\/wp-json\/wp\/v2\/users\/1"}],"replies":[{"embeddable":true,"href":"https:\/\/admit-one.eu\/fi\/wp-json\/wp\/v2\/comments?post=11912"}],"version-history":[{"count":6,"href":"https:\/\/admit-one.eu\/fi\/wp-json\/wp\/v2\/pages\/11912\/revisions"}],"predecessor-version":[{"id":15115,"href":"https:\/\/admit-one.eu\/fi\/wp-json\/wp\/v2\/pages\/11912\/revisions\/15115"}],"up":[{"embeddable":true,"href":"https:\/\/admit-one.eu\/fi\/wp-json\/wp\/v2\/pages\/14814"}],"wp:attachment":[{"href":"https:\/\/admit-one.eu\/fi\/wp-json\/wp\/v2\/media?parent=11912"}],"wp:term":[{"taxonomy":"category","embeddable":true,"href":"https:\/\/admit-one.eu\/fi\/wp-json\/wp\/v2\/categories?post=11912"},{"taxonomy":"post_tag","embeddable":true,"href":"https:\/\/admit-one.eu\/fi\/wp-json\/wp\/v2\/tags?post=11912"},{"taxonomy":"folder","embeddable":true,"href":"https:\/\/admit-one.eu\/fi\/wp-json\/wp\/v2\/folder?post=11912"}],"curies":[{"name":"wp","href":"https:\/\/api.w.org\/{rel}","templated":true}]}}