{"id":9308,"date":"2022-05-30T10:50:19","date_gmt":"2022-05-30T09:50:19","guid":{"rendered":"https:\/\/admit-one.co.uk\/?page_id=9308"},"modified":"2025-11-13T09:36:30","modified_gmt":"2025-11-13T09:36:30","slug":"cookie-policy","status":"publish","type":"page","link":"https:\/\/admit-one.eu\/es_mx\/politica-de-cookies\/","title":{"rendered":"Pol\u00edtica de cookies"},"content":{"rendered":"<section id=\"wp-block-themeisle-blocks-advanced-columns-faf6acdf\" class=\"wp-block-themeisle-blocks-advanced-columns alignfull has-1-columns has-desktop-equal-layout has-tablet-equal-layout has-mobile-equal-layout has-vertical-center clip-btm-up has-dark-bg\"><div class=\"wp-block-themeisle-blocks-advanced-columns-overlay\"><\/div><div class=\"innerblocks-wrap\">\n<div id=\"wp-block-themeisle-blocks-advanced-column-7ec5acd4\" class=\"wp-block-themeisle-blocks-advanced-column\">\n<h1 id=\"wp-block-themeisle-blocks-advanced-heading-13ce2b13\" class=\"wp-block-themeisle-blocks-advanced-heading wp-block-themeisle-blocks-advanced-heading-13ce2b13\">Pol\u00edtica de cookies<\/h1>\n<\/div>\n<\/div><\/section>\n\n\n\n<div style=\"height:20px\" aria-hidden=\"true\" class=\"wp-block-spacer\"><\/div>\n\n\n\n<p>Esta pol\u00edtica de cookies explica c\u00f3mo el software colaborativo limita (\u201c<strong>empresa<\/strong>&#8220;, &#8220;<strong>nosotros<\/strong>&#8220;, &#8220;<strong>a nosotros<\/strong>&quot;, y &quot;<strong>nuestro<\/strong>\u201c) utiliza cookies y tecnolog\u00edas similares para reconocerlo cuando visita nuestros sitios web en&nbsp;<a href=\"https:\/\/admit-one.co.uk\/\" target=\"_blank\" rel=\"noreferrer noopener\">https:\/\/admit-one.co.uk<\/a>, (\u201c<strong>sitios web<\/strong>\u201c). Explica qu\u00e9 son estas tecnolog\u00edas y por qu\u00e9 las usamos, as\u00ed como sus derechos para controlar nuestro uso de ellas.<\/p>\n\n\n\n<p>En algunos casos, podemos usar cookies para recopilar informaci\u00f3n personal, o que se convierta en informaci\u00f3n personal si la combinamos con otra informaci\u00f3n.<\/p>\n\n\n\n<h4>\u00bfQu\u00e9 son las cookies?<\/h4>\n\n\n\n<p>Las cookies son peque\u00f1os archivos de datos que se colocan en su computadora o dispositivo m\u00f3vil cuando visita un sitio web. Las cookies son ampliamente utilizadas por los propietarios de sitios web para que sus sitios web funcionen o para que funcionen de manera m\u00e1s eficiente, as\u00ed como para proporcionar informaci\u00f3n de informes.<\/p>\n\n\n\n<p>Las cookies establecidas por el propietario del sitio web (en este caso, software colaborativo limitado) se denominan &quot;cookies de origen&quot;. Las cookies establecidas por terceros que no sean el propietario del sitio web se denominan &quot;cookies de terceros&quot;. Las cookies de terceros permiten que se proporcionen caracter\u00edsticas o funcionalidades de terceros en el sitio web o a trav\u00e9s de este (por ejemplo, publicidad, contenido interactivo y an\u00e1lisis). Las partes que configuran estas cookies de terceros pueden reconocer su computadora tanto cuando visita el sitio web en cuesti\u00f3n como cuando visita otros sitios web.<\/p>\n\n\n\n<h4><strong>\u00bfPor qu\u00e9 usamos cookies?<\/strong><\/h4>\n\n\n\n<p>Utilizamos cookies propias y de terceros por varios motivos. Algunas cookies son necesarias por razones t\u00e9cnicas para que nuestros sitios web funcionen y nos referimos a ellas como cookies &quot;esenciales&quot; o &quot;estrictamente necesarias&quot;. Otras cookies tambi\u00e9n nos permiten rastrear y orientar los intereses de nuestros usuarios para mejorar la experiencia en nuestras propiedades en l\u00ednea. Los terceros sirven cookies a trav\u00e9s de nuestros sitios web para publicidad, an\u00e1lisis y otros fines. Esto se describe en m\u00e1s detalle a continuaci\u00f3n.<\/p>\n\n\n\n<p>Los tipos espec\u00edficos de cookies propias y de terceros que se sirven a trav\u00e9s de nuestros sitios web y los prop\u00f3sitos que cumplen se describen a continuaci\u00f3n (tenga en cuenta que las cookies espec\u00edficas que se sirven pueden variar seg\u00fan las propiedades en l\u00ednea espec\u00edficas que visite):<\/p>\n\n\n\n<h4><strong>\u00bfC\u00f3mo puedo controlar las cookies?<\/strong><\/h4>\n\n\n\n<p>Tiene derecho a decidir si acepta o rechaza las cookies. Puede ejercer sus derechos de cookies configurando sus preferencias en el administrador de consentimiento de cookies. El administrador de consentimiento de cookies le permite seleccionar qu\u00e9 categor\u00edas de cookies acepta o rechaza. Las cookies esenciales no se pueden rechazar ya que son estrictamente necesarias para prestarle servicios.<\/p>\n\n\n\n<p>El administrador de consentimiento de cookies se puede encontrar en el banner de notificaci\u00f3n y en nuestro sitio web. Si elige rechazar las cookies, a\u00fan puede usar nuestro sitio web, aunque su acceso a algunas funciones y \u00e1reas de nuestro sitio web puede estar restringido. Tambi\u00e9n puede configurar o modificar los controles de su navegador web para aceptar o rechazar las cookies. Como los medios por los que puede rechazar las cookies a trav\u00e9s de los controles de su navegador web var\u00edan de un navegador a otro, debe visitar el men\u00fa de ayuda de su navegador para obtener m\u00e1s informaci\u00f3n.<\/p>\n\n\n\n<p>Adem\u00e1s, la mayor\u00eda de las redes publicitarias le ofrecen una forma de optar por no recibir publicidad dirigida. Si desea obtener m\u00e1s informaci\u00f3n, visite&nbsp;<a href=\"http:\/\/www.aboutads.info\/choices\/\" target=\"_blank\" rel=\"noreferrer noopener\">http:\/\/www.aboutads.info\/choices\/<\/a>&nbsp;o&nbsp;<a href=\"http:\/\/www.youronlinechoices.com\/\" target=\"_blank\" rel=\"noreferrer noopener\">http:\/\/www.youronlinechoices.com<\/a>.<\/p>\n\n\n\n<p>Los tipos espec\u00edficos de cookies propias y de terceros que se sirven a trav\u00e9s de nuestros sitios web y los prop\u00f3sitos que cumplen se describen en la siguiente tabla (tenga en cuenta que las cookies espec\u00edficas que se sirven pueden variar seg\u00fan las propiedades en l\u00ednea espec\u00edficas que visite):<strong>cookies esenciales del sitio web:<\/strong><\/p>\n\n\n\n<p>Estas cookies son estrictamente necesarias para brindarle los servicios disponibles a trav\u00e9s de nuestros sitios web y para usar algunas de sus funciones, como el acceso a \u00e1reas seguras.<\/p>\n\n\n\n<h4><strong>Cookies de an\u00e1lisis y personalizaci\u00f3n:<\/strong><\/h4>\n\n\n\n<p>Estas cookies recopilan informaci\u00f3n que se usa en forma agregada para ayudarnos a comprender c\u00f3mo se usan nuestros sitios web o qu\u00e9 tan efectivas son nuestras campa\u00f1as de marketing, o para ayudarnos a personalizar nuestros sitios web para usted.<\/p>\n\n\n\n<figure class=\"wp-block-table\"><table><tbody><tr><td>Nombre:<\/td><td>_Georgia<\/td><\/tr><tr><td>Objetivo:<\/td><td>Registra una identificaci\u00f3n particular utilizada para generar datos sobre el uso del sitio web por parte del usuario. Es una cookie http que caduca a los 2 a\u00f1os.<\/td><\/tr><tr><td>Proveedor:<\/td><td>.admit-one.eu<\/td><\/tr><tr><td>Servicio:<\/td><td>Google analitico&nbsp;<a href=\"https:\/\/policies.google.com\/privacy\" target=\"_blank\" rel=\"noreferrer noopener\">ver pol\u00edtica de privacidad del servicio<\/a>&nbsp;&nbsp;<\/td><\/tr><tr><td>Pa\u00eds:<\/td><td>Reino Unido<\/td><\/tr><tr><td>Escribe:<\/td><td>Http_cookie<\/td><\/tr><tr><td>Expira en:<\/td><td>1 a\u00f1o 11 meses 29 d\u00edas<\/td><\/tr><tr><td>Nombre:<\/td><td>#coleccionar<\/td><\/tr><tr><td>Objetivo:<\/td><td>Env\u00eda datos como el comportamiento del visitante y el dispositivo a Google Analytics. Es capaz de realizar un seguimiento del visitante a trav\u00e9s de los canales y dispositivos de marketing. Es una cookie de tipo rastreador de p\u00edxeles cuya actividad perdura dentro de la sesi\u00f3n de navegaci\u00f3n.<\/td><\/tr><tr><td>Proveedor:<\/td><td>Admit-one.eu<\/td><\/tr><tr><td>Servicio:<\/td><td>Google analitico&nbsp;<a href=\"https:\/\/policies.google.com\/privacy\" target=\"_blank\" rel=\"noreferrer noopener\">ver pol\u00edtica de privacidad del servicio<\/a>&nbsp;&nbsp;<\/td><\/tr><tr><td>Pa\u00eds:<\/td><td>Estados Unidos<\/td><\/tr><tr><td>Escribe:<\/td><td>Rastreador_de_p\u00edxeles<\/td><\/tr><tr><td>Expira en:<\/td><td>Sesi\u00f3n<\/td><\/tr><tr><td><\/td><td><\/td><td><\/td><\/tr><\/tbody><\/table><\/figure>\n\n\n\n<figure class=\"wp-block-table\"><table><tbody><tr><td>Nombre:<\/td><td>_gid<\/td><\/tr><tr><td>Objetivo:<\/td><td>Mantiene una entrada de identificaci\u00f3n \u00fanica que luego se utiliza para generar datos estad\u00edsticos sobre el uso del sitio web por parte de los visitantes. Es un tipo de cookie http y caduca despu\u00e9s de una sesi\u00f3n de navegaci\u00f3n.<\/td><\/tr><tr><td>Proveedor:<\/td><td>.admit-one.eu<\/td><\/tr><tr><td>Servicio:<\/td><td>Google analitico&nbsp;<a href=\"https:\/\/policies.google.com\/privacy\" target=\"_blank\" rel=\"noreferrer noopener\">ver pol\u00edtica de privacidad del servicio<\/a>&nbsp;&nbsp;<\/td><\/tr><tr><td>Pa\u00eds:<\/td><td>Reino Unido<\/td><\/tr><tr><td>Escribe:<\/td><td>Http_cookie<\/td><\/tr><tr><td>Expira en:<\/td><td>1 d\u00eda<\/td><\/tr><tr><td>Nombre:<\/td><td>_gat#<\/td><\/tr><tr><td>Objetivo:<\/td><td>Permite que Google Analytics regule la tasa de solicitud. Es un tipo de cookie http que dura una sesi\u00f3n.<\/td><\/tr><tr><td>Proveedor:<\/td><td>.admit-one.eu<\/td><\/tr><tr><td>Servicio:<\/td><td>Google analitico&nbsp;<a href=\"https:\/\/policies.google.com\/privacy\" target=\"_blank\" rel=\"noreferrer noopener\">ver pol\u00edtica de privacidad del servicio<\/a>&nbsp;&nbsp;<\/td><\/tr><tr><td>Pa\u00eds:<\/td><td>Reino Unido<\/td><\/tr><tr><td>Escribe:<\/td><td>Http_cookie<\/td><\/tr><tr><td>Expira en:<\/td><td>1 minuto<\/td><\/tr><tr><td><\/td><td><\/td><td><\/td><\/tr><\/tbody><\/table><\/figure>\n\n\n\n<h4>Cookies no clasificadas:<\/h4>\n\n\n\n<p>Son cookies que a\u00fan no han sido categorizadas. Estamos en proceso de clasificaci\u00f3n de estas cookies con la ayuda de sus proveedores.<\/p>\n\n\n\n<figure class=\"wp-block-table\"><table><tbody><tr><td>Nombre:<\/td><td>ID de usuario<\/td><\/tr><tr><td>Objetivo:<\/td><td>__________<\/td><\/tr><tr><td>Proveedor:<\/td><td>Sibautomation.com<\/td><\/tr><tr><td>Servicio:<\/td><td>__________ &nbsp;<\/td><\/tr><tr><td>Pa\u00eds:<\/td><td>Estados Unidos<\/td><\/tr><tr><td>Escribe:<\/td><td>Http_cookie<\/td><\/tr><tr><td>Expira en:<\/td><td>1 a\u00f1o 29 d\u00edas<\/td><\/tr><tr><td>Nombre:<\/td><td>Sib_cuid<\/td><\/tr><tr><td>Objetivo:<\/td><td>__________<\/td><\/tr><tr><td>Proveedor:<\/td><td>.admit-one.eu<\/td><\/tr><tr><td>Servicio:<\/td><td>__________ &nbsp;<\/td><\/tr><tr><td>Pa\u00eds:<\/td><td>Reino Unido<\/td><\/tr><tr><td>Escribe:<\/td><td>Http_cookie<\/td><\/tr><tr><td>Expira en:<\/td><td>1 a\u00f1o 29 d\u00edas<\/td><\/tr><\/tbody><\/table><\/figure>\n\n\n\n<h4><strong>\u00bfQu\u00e9 pasa con otras tecnolog\u00edas de seguimiento, como balizas web?<\/strong><\/h4>\n\n\n\n<p>Las cookies no son la \u00fanica forma de reconocer o rastrear a los visitantes de un sitio web. Es posible que utilicemos otras tecnolog\u00edas similares de vez en cuando, como balizas web (a veces denominadas &quot;p\u00edxeles de seguimiento&quot; o &quot;gifs transparentes&quot;). Estos son peque\u00f1os archivos gr\u00e1ficos que contienen un identificador \u00fanico que nos permite reconocer cu\u00e1ndo alguien visit\u00f3 nuestros sitios web o abri\u00f3 un correo electr\u00f3nico que los incluye. Esto nos permite, por ejemplo, monitorear los patrones de tr\u00e1fico de los usuarios de una p\u00e1gina dentro de un sitio web a otra, entregar o comunicarnos con cookies, comprender si ha llegado al sitio web desde un anuncio en l\u00ednea que se muestra en un sitio web de terceros. , para mejorar el rendimiento del sitio y para medir el \u00e9xito de las campa\u00f1as de marketing por correo electr\u00f3nico. En muchos casos, estas tecnolog\u00edas dependen de las cookies para funcionar correctamente, por lo que rechazar las cookies afectar\u00e1 su funcionamiento.<\/p>\n\n\n\n<h4><strong>\u00bfUtiliza cookies flash u objetos locales compartidos?<\/strong><\/h4>\n\n\n\n<p>Los sitios web tambi\u00e9n pueden usar las llamadas &quot;cookies flash&quot; (tambi\u00e9n conocidas como objetos locales compartidos o &quot;lsos&quot;) para, entre otras cosas, recopilar y almacenar informaci\u00f3n sobre el uso que usted hace de nuestros servicios, prevenci\u00f3n de fraude y para otras operaciones del sitio.<\/p>\n\n\n\n<p>Si no desea que se almacenen cookies flash en su computadora, puede ajustar la configuraci\u00f3n de su reproductor flash para bloquear el almacenamiento de cookies flash utilizando las herramientas contenidas en el&nbsp;<a href=\"http:\/\/www.macromedia.com\/support\/documentation\/en\/flashplayer\/help\/settings_manager07.html#_blank\">panel de configuraci\u00f3n de almacenamiento del sitio web<\/a>. Tambi\u00e9n puede controlar las cookies flash yendo a la&nbsp;<a href=\"http:\/\/www.macromedia.com\/support\/documentation\/en\/flashplayer\/help\/settings_manager03.html#_blank\">panel de configuraci\u00f3n de almacenamiento global<\/a>&nbsp;y siguiendo las instrucciones (que pueden incluir instrucciones que expliquen, por ejemplo, c\u00f3mo eliminar las cookies flash existentes (referidas como &quot;informaci\u00f3n&quot; en el sitio de macromedia), c\u00f3mo evitar que se coloquen lsos flash en su computadora sin que usted se lo pida, y (para flash player 8 y posteriores) c\u00f3mo bloquear las cookies flash que no est\u00e1n siendo entregadas por el operador de la p\u00e1gina en la que se encuentra en ese momento).<\/p>\n\n\n\n<p>Tenga en cuenta que configurar el reproductor flash para restringir o limitar la aceptaci\u00f3n de cookies flash puede reducir o impedir la funcionalidad de algunas aplicaciones flash, incluidas, potencialmente, las aplicaciones flash utilizadas en relaci\u00f3n con nuestros servicios o contenido en l\u00ednea.<\/p>\n\n\n\n<h4><strong>\u00bfOfrecen publicidad dirigida?<\/strong><\/h4>\n\n\n\n<p>Los terceros pueden servir cookies en su computadora o dispositivo m\u00f3vil para mostrar publicidad a trav\u00e9s de nuestros sitios web. Estas empresas pueden utilizar informaci\u00f3n sobre sus visitas a este y otros sitios web para proporcionar anuncios relevantes sobre bienes y servicios que le puedan interesar. Tambi\u00e9n pueden emplear tecnolog\u00eda que se utiliza para medir la eficacia de los anuncios. Esto se puede lograr mediante el uso de cookies o balizas web para recopilar informaci\u00f3n sobre sus visitas a este y otros sitios a fin de proporcionar anuncios relevantes sobre bienes y servicios de inter\u00e9s potencial para usted. La informaci\u00f3n recopilada a trav\u00e9s de este proceso no nos permite a nosotros ni a ellos identificar su nombre, detalles de contacto u otros detalles que lo identifiquen directamente a menos que elija proporcionarlos.<\/p>\n\n\n\n<h4><strong>\u00bfCon qu\u00e9 frecuencia actualizar\u00e1 esta pol\u00edtica de cookies?<\/strong><\/h4>\n\n\n\n<p>Podemos actualizar esta pol\u00edtica de cookies de vez en cuando para reflejar, por ejemplo, cambios en las cookies que utilizamos o por otras razones operativas, legales o reglamentarias. Por lo tanto, vuelva a visitar esta pol\u00edtica de cookies regularmente para mantenerse informado sobre nuestro uso de cookies y tecnolog\u00edas relacionadas.<\/p>\n\n\n\n<p>La fecha en la parte superior de esta pol\u00edtica de cookies indica cu\u00e1ndo se actualiz\u00f3 por \u00faltima vez.<\/p>\n\n\n\n<h4><strong>\u00bfD\u00f3nde puedo obtener m\u00e1s informaci\u00f3n?<\/strong><\/h4>\n\n\n\n<p>Si tiene alguna pregunta sobre nuestro uso de cookies u otras tecnolog\u00edas, env\u00edenos un correo electr\u00f3nico a\u00a0<a href=\"mailto:info@admit-one.co.uk.local\">info@admit-one.co.uk<\/a>\u00a0o por correo postal a:<\/p>\n\n\n\n<p>Software colaborativo limitado<br>Unit 9 Albany Park<br>Cabot Lane<br>Poole BH17 7BX<br>Tel\u00e9fono: 01929 551356<\/p>","protected":false},"excerpt":{"rendered":"<p>Esta pol\u00edtica de cookies explica c\u00f3mo el software colaborativo limitado (&quot;compa\u00f1\u00eda&quot;, &quot;nosotros&quot;, &quot;nos&quot; y &quot;nuestro&quot;) utiliza cookies y tecnolog\u00edas similares para reconocerlo cuando visita nuestros sitios web en https:\/\/admit-one.co. uk, (&quot;sitios web&quot;). Explica qu\u00e9 son estas tecnolog\u00edas y por qu\u00e9 las usamos, as\u00ed como sus derechos para controlar nuestro uso de ellas. En algunos casos podemos utilizar cookies para\u2026&nbsp;<a href=\"https:\/\/admit-one.eu\/es_mx\/politica-de-cookies\/\" rel=\"bookmark\">Lee mas &quot;<span class=\"screen-reader-text\">Pol\u00edtica de cookies<\/span><\/a><\/p>","protected":false},"author":1,"featured_media":0,"parent":0,"menu_order":0,"comment_status":"closed","ping_status":"closed","template":"","meta":{"om_disable_all_campaigns":false,"_uag_custom_page_level_css":"","_mi_skip_tracking":false,"neve_meta_sidebar":"","neve_meta_container":"","neve_meta_enable_content_width":"","neve_meta_content_width":0,"neve_meta_title_alignment":"","neve_meta_author_avatar":"","neve_post_elements_order":"","neve_meta_disable_header":"","neve_meta_disable_footer":"","neve_meta_disable_title":"on","neve_meta_reading_time":"","_themeisle_gutenberg_block_has_review":false},"categories":[],"tags":[],"folder":[91],"aioseo_notices":[],"uagb_featured_image_src":{"full":false,"thumbnail":false,"medium":false,"medium_large":false,"large":false,"1536x1536":false,"2048x2048":false,"trp-custom-language-flag":false,"neve-blog":false,"xl":false,"xxl":false,"xxxl":false,"xxxxl":false,"xxxxxl":false},"uagb_author_info":{"display_name":"James Gibson","author_link":"https:\/\/admit-one.eu\/es_mx\/blog\/author\/james-gibson\/"},"uagb_comment_info":0,"uagb_excerpt":"This cookie policy explains how&nbsp;collaborative software limited&nbsp;(&#8220;company&#8220;, &#8220;we&#8220;, &#8220;us&#8220;, and &#8220;our&#8220;) uses cookies and similar technologies to recognize you when you visit our websites at&nbsp;https:\/\/admit-one.co.uk,&nbsp;(&#8220;websites&#8220;). It explains what these technologies are and why we use them, as well as your rights to control our use of them. In some cases we may use cookies to&hellip;&nbsp;Read&hellip;","_links":{"self":[{"href":"https:\/\/admit-one.eu\/es_mx\/wp-json\/wp\/v2\/pages\/9308"}],"collection":[{"href":"https:\/\/admit-one.eu\/es_mx\/wp-json\/wp\/v2\/pages"}],"about":[{"href":"https:\/\/admit-one.eu\/es_mx\/wp-json\/wp\/v2\/types\/page"}],"author":[{"embeddable":true,"href":"https:\/\/admit-one.eu\/es_mx\/wp-json\/wp\/v2\/users\/1"}],"replies":[{"embeddable":true,"href":"https:\/\/admit-one.eu\/es_mx\/wp-json\/wp\/v2\/comments?post=9308"}],"version-history":[{"count":1,"href":"https:\/\/admit-one.eu\/es_mx\/wp-json\/wp\/v2\/pages\/9308\/revisions"}],"predecessor-version":[{"id":15627,"href":"https:\/\/admit-one.eu\/es_mx\/wp-json\/wp\/v2\/pages\/9308\/revisions\/15627"}],"wp:attachment":[{"href":"https:\/\/admit-one.eu\/es_mx\/wp-json\/wp\/v2\/media?parent=9308"}],"wp:term":[{"taxonomy":"category","embeddable":true,"href":"https:\/\/admit-one.eu\/es_mx\/wp-json\/wp\/v2\/categories?post=9308"},{"taxonomy":"post_tag","embeddable":true,"href":"https:\/\/admit-one.eu\/es_mx\/wp-json\/wp\/v2\/tags?post=9308"},{"taxonomy":"folder","embeddable":true,"href":"https:\/\/admit-one.eu\/es_mx\/wp-json\/wp\/v2\/folder?post=9308"}],"curies":[{"name":"wp","href":"https:\/\/api.w.org\/{rel}","templated":true}]}}