{"id":9298,"date":"2022-05-30T10:41:17","date_gmt":"2022-05-30T09:41:17","guid":{"rendered":"https:\/\/admit-one.co.uk\/?page_id=9298"},"modified":"2022-10-27T08:22:56","modified_gmt":"2022-10-27T07:22:56","slug":"faqs","status":"publish","type":"page","link":"https:\/\/admit-one.eu\/es_mx\/preguntas-frecuentes\/","title":{"rendered":"preguntas frecuentes"},"content":{"rendered":"<section id=\"wp-block-themeisle-blocks-advanced-columns-faf6acdf\" class=\"wp-block-themeisle-blocks-advanced-columns alignfull has-1-columns has-desktop-equal-layout has-tablet-equal-layout has-mobile-equal-layout has-vertical-center clip-btm-up\"><div class=\"wp-block-themeisle-blocks-advanced-columns-overlay\"><\/div><div class=\"innerblocks-wrap\">\n<div id=\"wp-block-themeisle-blocks-advanced-column-7ec5acd4\" class=\"wp-block-themeisle-blocks-advanced-column\">\n<h1 id=\"wp-block-themeisle-blocks-advanced-heading-13ce2b13\" class=\"wp-block-themeisle-blocks-advanced-heading wp-block-themeisle-blocks-advanced-heading-13ce2b13\">preguntas frecuentes<\/h1>\n<\/div>\n<\/div><\/section>\n\n\n\n<div id=\"wp-block-themeisle-blocks-accordion-2e85123d\" class=\"wp-block-themeisle-blocks-accordion\">\n<details class=\"wp-block-themeisle-blocks-accordion-item\"><summary class=\"wp-block-themeisle-blocks-accordion-item__title\"><div>\u00bfTengo que comprar cada m\u00f3dulo individualmente?<\/div><\/summary><div class=\"wp-block-themeisle-blocks-accordion-item__content\">\n<p>No, A1 Suite es un paquete completo que creemos que es todo lo que necesita para administrar su lugar con \u00e9xito. Usa tanto o tan poco como quieras.<\/p>\n<\/div><\/details>\n\n\n\n<details class=\"wp-block-themeisle-blocks-accordion-item\"><summary class=\"wp-block-themeisle-blocks-accordion-item__title\"><div>\u00bfCu\u00e1nto cuesta usar A1 Suite?<\/div><\/summary><div class=\"wp-block-themeisle-blocks-accordion-item__content\">\n<p>Se aplica un cargo fijo mensual modesto por sitio por el uso de Al Suite, junto con una tarifa de escalabilidad* que se aplica a cada transacci\u00f3n remota. Nuestra pol\u00edtica de precios est\u00e1 orientada a hacer que Al Suite sea lo m\u00e1s neutral posible en cuanto a costos.<\/p>\n\n\n\n<p>*La tarifa de escalabilidad est\u00e1 dise\u00f1ada para distinguir a los usuarios a gran escala de los operadores m\u00e1s peque\u00f1os y se aplica por transacci\u00f3n contra las transacciones remotas procesadas desde la Web, la aplicaci\u00f3n y las API solo excluyendo Al Shop.<\/p>\n<\/div><\/details>\n\n\n\n<details class=\"wp-block-themeisle-blocks-accordion-item\"><summary class=\"wp-block-themeisle-blocks-accordion-item__title\"><div>\u00bfOfrecen capacitaci\u00f3n?<\/div><\/summary><div class=\"wp-block-themeisle-blocks-accordion-item__content\">\n<p>S\u00ed, la capacitaci\u00f3n dentro o fuera del sitio est\u00e1 disponible a pedido.<\/p>\n<\/div><\/details>\n\n\n\n<details class=\"wp-block-themeisle-blocks-accordion-item\"><summary class=\"wp-block-themeisle-blocks-accordion-item__title\"><div>No vivo en el Reino Unido, \u00bfpuedo seguir usando A1 Suite?<\/div><\/summary><div class=\"wp-block-themeisle-blocks-accordion-item__content\">\n<p>S\u00ed, nuestro equipo de soporte dedicado puede conectarse a su sitio y ayudarlo en cualquier parte del mundo.<\/p>\n<\/div><\/details>\n\n\n\n<details class=\"wp-block-themeisle-blocks-accordion-item\"><summary class=\"wp-block-themeisle-blocks-accordion-item__title\"><div>Si tengo una consulta, \u00bfpuedo hablar con alguien?<\/div><\/summary><div class=\"wp-block-themeisle-blocks-accordion-item__content\">\n<p>S\u00ed, a veces entendemos que solo necesita hablar con alguien, nuestro equipo est\u00e1 aqu\u00ed para ayudarlo.<\/p>\n<\/div><\/details>\n\n\n\n<details class=\"wp-block-themeisle-blocks-accordion-item\"><summary class=\"wp-block-themeisle-blocks-accordion-item__title\"><div>\u00bfQu\u00e9 sucede si nos encontramos con problemas t\u00e9cnicos?<\/div><\/summary><div class=\"wp-block-themeisle-blocks-accordion-item__content\">\n<p>Nuestro equipo siempre est\u00e1 monitoreando una serie de telem\u00e1tica en segundo plano para garantizar que todo funcione correctamente para usted.<\/p>\n<\/div><\/details>\n<\/div>","protected":false},"excerpt":{"rendered":"","protected":false},"author":1,"featured_media":0,"parent":0,"menu_order":0,"comment_status":"closed","ping_status":"closed","template":"","meta":{"om_disable_all_campaigns":false,"_uag_custom_page_level_css":"","_mi_skip_tracking":false,"neve_meta_sidebar":"","neve_meta_container":"","neve_meta_enable_content_width":"","neve_meta_content_width":0,"neve_meta_title_alignment":"","neve_meta_author_avatar":"","neve_post_elements_order":"","neve_meta_disable_header":"","neve_meta_disable_footer":"","neve_meta_disable_title":"on","neve_meta_reading_time":"","_themeisle_gutenberg_block_has_review":false},"categories":[],"tags":[],"folder":[],"aioseo_notices":[],"uagb_featured_image_src":{"full":false,"thumbnail":false,"medium":false,"medium_large":false,"large":false,"1536x1536":false,"2048x2048":false,"trp-custom-language-flag":false,"neve-blog":false,"xl":false,"xxl":false,"xxxl":false,"xxxxl":false,"xxxxxl":false},"uagb_author_info":{"display_name":"James Gibson","author_link":"https:\/\/admit-one.eu\/es_mx\/blog\/author\/james-gibson\/"},"uagb_comment_info":0,"uagb_excerpt":null,"_links":{"self":[{"href":"https:\/\/admit-one.eu\/es_mx\/wp-json\/wp\/v2\/pages\/9298"}],"collection":[{"href":"https:\/\/admit-one.eu\/es_mx\/wp-json\/wp\/v2\/pages"}],"about":[{"href":"https:\/\/admit-one.eu\/es_mx\/wp-json\/wp\/v2\/types\/page"}],"author":[{"embeddable":true,"href":"https:\/\/admit-one.eu\/es_mx\/wp-json\/wp\/v2\/users\/1"}],"replies":[{"embeddable":true,"href":"https:\/\/admit-one.eu\/es_mx\/wp-json\/wp\/v2\/comments?post=9298"}],"version-history":[{"count":0,"href":"https:\/\/admit-one.eu\/es_mx\/wp-json\/wp\/v2\/pages\/9298\/revisions"}],"wp:attachment":[{"href":"https:\/\/admit-one.eu\/es_mx\/wp-json\/wp\/v2\/media?parent=9298"}],"wp:term":[{"taxonomy":"category","embeddable":true,"href":"https:\/\/admit-one.eu\/es_mx\/wp-json\/wp\/v2\/categories?post=9298"},{"taxonomy":"post_tag","embeddable":true,"href":"https:\/\/admit-one.eu\/es_mx\/wp-json\/wp\/v2\/tags?post=9298"},{"taxonomy":"folder","embeddable":true,"href":"https:\/\/admit-one.eu\/es_mx\/wp-json\/wp\/v2\/folder?post=9298"}],"curies":[{"name":"wp","href":"https:\/\/api.w.org\/{rel}","templated":true}]}}