{"id":12338,"date":"2023-01-23T12:01:18","date_gmt":"2023-01-23T12:01:18","guid":{"rendered":"https:\/\/admit-one.co.uk\/?page_id=12338"},"modified":"2024-02-22T16:28:39","modified_gmt":"2024-02-22T16:28:39","slug":"about-us","status":"publish","type":"page","link":"https:\/\/admit-one.eu\/es_mx\/sobre-nosotros\/","title":{"rendered":"Sobre nosotros"},"content":{"rendered":"<div id=\"wp-block-themeisle-blocks-advanced-columns-dff4b542\" class=\"wp-block-themeisle-blocks-advanced-columns alignfull has-1-columns has-desktop-twoOne-layout has-tablet-equal-layout has-mobile-collapsedRows-layout has-reverse-columns-mobile has-vertical-unset has-vertical-undefined\"><div class=\"wp-block-themeisle-blocks-advanced-columns-overlay\"><\/div><div class=\"innerblocks-wrap\">\n<div id=\"wp-block-themeisle-blocks-advanced-column-eee0d37b\" class=\"wp-block-themeisle-blocks-advanced-column\" data-aos=\"fade\" data-aos-duration=\"1200\">\n<h1 class=\"has-text-align-center wp-block-heading\">Sobre nosotros<\/h1>\n\n\n\n<h3 class=\"has-text-align-center wp-block-heading\">25 a\u00f1os proporcionando TPV a los principales circuitos europeos y a los principales recintos y atracciones tur\u00edsticas<\/h3>\n<\/div>\n<\/div><\/div>\n\n\n\n<div id=\"wp-block-themeisle-blocks-advanced-columns-76e9b26c\" class=\"wp-block-themeisle-blocks-advanced-columns alignfull has-2-columns has-desktop-oneTwo-layout has-tablet-oneTwo-layout has-mobile-collapsedRows-layout has-reverse-columns-mobile has-vertical-unset has-vertical-undefined\"><div class=\"wp-block-themeisle-blocks-advanced-columns-overlay\"><\/div><div class=\"innerblocks-wrap\">\n<div id=\"wp-block-themeisle-blocks-advanced-column-d2e3e2dd\" class=\"wp-block-themeisle-blocks-advanced-column\" data-aos=\"fade-right\" data-aos-duration=\"1200\"><div class=\"wp-block-image\">\n<figure class=\"aligncenter size-full is-resized\"><img decoding=\"async\" loading=\"lazy\" src=\"https:\/\/admit-one.co.uk\/wp-content\/uploads\/2023\/01\/image_f-and-b_result.webp\" alt=\"\" class=\"wp-image-12260\" width=\"300\" height=\"300\" srcset=\"https:\/\/admit-one.eu\/wp-content\/uploads\/2023\/01\/image_f-and-b_result.webp 400w, https:\/\/admit-one.eu\/wp-content\/uploads\/2023\/01\/image_f-and-b_result-300x300.webp 300w, https:\/\/admit-one.eu\/wp-content\/uploads\/2023\/01\/image_f-and-b_result-150x150.webp 150w, https:\/\/admit-one.eu\/wp-content\/uploads\/2023\/01\/image_f-and-b_result-12x12.webp 12w\" sizes=\"(max-width: 300px) 100vw, 300px\" \/><\/figure><\/div><\/div>\n\n\n\n<div id=\"wp-block-themeisle-blocks-advanced-column-0efe64cf\" class=\"wp-block-themeisle-blocks-advanced-column\" data-aos=\"fade\" data-aos-duration=\"1200\">\n<h4 class=\"has-text-align-left wp-block-heading\">Construido por expositores para expositores<\/h4>\n\n\n\n<p>Tenemos una larga trayectoria como operadores de exposiciones, lo que nos brinda una capacidad \u00fanica para comprender sus necesidades como expositor y construir soluciones en conjunto para satisfacer sus necesidades estrat\u00e9gicas.<\/p>\n\n\n\n<p>Sabemos la importancia de contar con tecnolog\u00eda confiable que le permita administrar su negocio y atender a sus clientes, por lo que nuestra misi\u00f3n siempre ha sido brindar a nuestros clientes herramientas confiables, intuitivas y flexibles para administrar su entorno en constante cambio.<\/p>\n\n\n\n<p>Con sede en el Reino Unido y oficinas en Europa, nuestro talentoso e innovador equipo est\u00e1 constantemente desarrollando ideas para garantizar que cumplimos con esta visi\u00f3n. Despu\u00e9s de 25 a\u00f1os en el mercado europeo, tomamos la decisi\u00f3n en 2021 de llevar nuestra tecnolog\u00eda y modelo operativo a los mercados de EE. UU. y LATAM. Con una inversi\u00f3n de 7 cifras y un nuevo equipo empresarial en el terreno, nuestra expansi\u00f3n global significa que podemos brindar soporte, desarrollo e implementaciones locales las 24 horas del d\u00eda, los 7 d\u00edas de la semana a nuestros nuevos clientes nacionales.<\/p>\n<\/div>\n<\/div><div class=\"wp-block-themeisle-blocks-advanced-columns-separators bottom\"><svg id=\"slant\" fill=\"var(--nv-text-dark-bg)\" viewbox=\"0 0 100 100\" width=\"100%\" height=\"100\" preserveaspectratio=\"none\" xmlns=\"http:\/\/www.w3.org\/2000\/svg\" class=\"rotate\"><path d=\"M0 0 L0 100 L100 0 Z\"><\/path><\/svg><\/div><\/div>\n\n\n\n<div id=\"wp-block-themeisle-blocks-advanced-columns-0d911272\" class=\"wp-block-themeisle-blocks-advanced-columns has-1-columns has-desktop-equal-layout has-tablet-equal-layout has-mobile-equal-layout has-vertical-unset\"><div class=\"wp-block-themeisle-blocks-advanced-columns-overlay\"><\/div><div class=\"innerblocks-wrap\">\n<div id=\"wp-block-themeisle-blocks-advanced-column-c826e310\" class=\"wp-block-themeisle-blocks-advanced-column\" data-aos=\"fade\" data-aos-duration=\"1200\">\n<h2 class=\"has-text-align-center wp-block-heading\"><strong>Conozca al equipo de liderazgo<\/strong><\/h2>\n<\/div>\n<\/div><\/div>\n\n\n\n<section id=\"wp-block-themeisle-blocks-advanced-columns-b06ccfb5\" class=\"wp-block-themeisle-blocks-advanced-columns alignfull has-2-columns has-desktop-equal-layout has-tablet-equal-layout has-mobile-collapsedRows-layout has-vertical-center panels-overlay\"><div class=\"wp-block-themeisle-blocks-advanced-columns-overlay\"><\/div><div class=\"wp-block-themeisle-blocks-advanced-columns-separators top\"><svg id=\"slant\" fill=\"var(--nv-text-dark-bg)\" viewbox=\"0 0 100 100\" width=\"100%\" height=\"100\" preserveaspectratio=\"none\" xmlns=\"http:\/\/www.w3.org\/2000\/svg\" class=\"\"><path d=\"M0 0 L0 100 L100 0 Z\"><\/path><\/svg><\/div><div class=\"innerblocks-wrap\">\n<div id=\"wp-block-themeisle-blocks-advanced-column-3125067c\" class=\"wp-block-themeisle-blocks-advanced-column\" data-aos=\"fade-right\" data-aos-duration=\"1200\"><div class=\"wp-block-image is-style-rounded\">\n<figure class=\"aligncenter size-full is-resized\"><img decoding=\"async\" loading=\"lazy\" src=\"https:\/\/admit-one.co.uk\/wp-content\/uploads\/2023\/01\/Pete_result.webp\" alt=\"Pedro Morton\" class=\"wp-image-12607\" width=\"180\" height=\"180\" srcset=\"https:\/\/admit-one.eu\/wp-content\/uploads\/2023\/01\/Pete_result.webp 240w, https:\/\/admit-one.eu\/wp-content\/uploads\/2023\/01\/Pete_result-150x150.webp 150w, https:\/\/admit-one.eu\/wp-content\/uploads\/2023\/01\/Pete_result-12x12.webp 12w\" sizes=\"(max-width: 180px) 100vw, 180px\" \/><\/figure><\/div>\n\n\n<div style=\"height:20px\" aria-hidden=\"true\" class=\"wp-block-spacer\"><\/div>\n\n\n\n<div class=\"is-layout-constrained wp-block-group noTranslate\" data-no-translation=\"\"><div class=\"wp-block-group__inner-container\">\n<h4 class=\"has-text-align-center wp-block-heading noTranslate\" data-no-translation=\"\">Peter Morton<\/h4>\n\n\n\n<h5 class=\"has-text-align-center wp-block-heading\">Founder &amp; CEO<\/h5>\n<\/div><\/div>\n\n\n\n<p>Fundado por Peter Morton, el director ejecutivo de Admit One es responsable de la gesti\u00f3n general de la empresa, as\u00ed como de influir en la direcci\u00f3n del producto. Con m\u00e1s de 35 a\u00f1os de experiencia en el desarrollo de software, con m\u00e1s de 25 de ellos relacionados espec\u00edficamente con la aplicaci\u00f3n de tecnolog\u00eda al mercado de exhibici\u00f3n, est\u00e1 bien versado en traducir los objetivos y necesidades del cliente en soluciones confiables y s\u00f3lidas que cumplen sus objetivos.<\/p>\n<\/div>\n\n\n\n<div id=\"wp-block-themeisle-blocks-advanced-column-148ce39f\" class=\"wp-block-themeisle-blocks-advanced-column\" data-aos=\"fade-left\" data-aos-duration=\"1200\"><div class=\"wp-block-image is-style-rounded\">\n<figure class=\"aligncenter size-full is-resized\"><img decoding=\"async\" loading=\"lazy\" src=\"https:\/\/admit-one.co.uk\/wp-content\/uploads\/2023\/01\/matt_result.webp\" alt=\"Mateo Voss\" class=\"wp-image-12609\" width=\"180\" height=\"180\" srcset=\"https:\/\/admit-one.eu\/wp-content\/uploads\/2023\/01\/matt_result.webp 240w, https:\/\/admit-one.eu\/wp-content\/uploads\/2023\/01\/matt_result-150x150.webp 150w, https:\/\/admit-one.eu\/wp-content\/uploads\/2023\/01\/matt_result-12x12.webp 12w\" sizes=\"(max-width: 180px) 100vw, 180px\" \/><\/figure><\/div>\n\n\n<div style=\"height:20px\" aria-hidden=\"true\" class=\"wp-block-spacer\"><\/div>\n\n\n\n<div class=\"is-layout-constrained wp-block-group noTranslate\" data-no-translation=\"\"><div class=\"wp-block-group__inner-container\">\n<h4 class=\"has-text-align-center wp-block-heading noTranslate\" data-no-translation=\"\">Matthew Voss<\/h4>\n\n\n\n<h5 class=\"has-text-align-center wp-block-heading\">CTO<\/h5>\n<\/div><\/div>\n\n\n\n<p class=\"has-text-align-left\">Un veterano de Admit One con m\u00e1s de 10 a\u00f1os en su haber, Matt es responsable de la calidad y el enfoque t\u00e9cnico adoptado por los miembros del equipo, asegurando que sus proyectos se entreguen a tiempo y dentro del presupuesto. Su gran conocimiento sobre nuestros sistemas centrales es invaluable para nuestros clientes, tanto nuevos como existentes, cuando requieren una funcionalidad a medida.<\/p>\n<\/div>\n<\/div><\/section>\n\n\n\n<section id=\"wp-block-themeisle-blocks-advanced-columns-90947d6e\" class=\"wp-block-themeisle-blocks-advanced-columns alignfull has-2-columns has-desktop-equal-layout has-tablet-equal-layout has-mobile-collapsedRows-layout has-vertical-center panels-overlay\"><div class=\"wp-block-themeisle-blocks-advanced-columns-overlay\"><\/div><div class=\"innerblocks-wrap\">\n<div id=\"wp-block-themeisle-blocks-advanced-column-824d6b28\" class=\"wp-block-themeisle-blocks-advanced-column\" data-aos=\"fade-right\" data-aos-duration=\"1200\"><div class=\"wp-block-image is-style-rounded\">\n<figure class=\"aligncenter size-full is-resized\"><img decoding=\"async\" loading=\"lazy\" src=\"https:\/\/admit-one.co.uk\/wp-content\/uploads\/2023\/01\/paul_result.webp\" alt=\"paul ternera\" class=\"wp-image-12610\" width=\"180\" height=\"180\" srcset=\"https:\/\/admit-one.eu\/wp-content\/uploads\/2023\/01\/paul_result.webp 240w, https:\/\/admit-one.eu\/wp-content\/uploads\/2023\/01\/paul_result-150x150.webp 150w, https:\/\/admit-one.eu\/wp-content\/uploads\/2023\/01\/paul_result-12x12.webp 12w\" sizes=\"(max-width: 180px) 100vw, 180px\" \/><\/figure><\/div>\n\n\n<div style=\"height:20px\" aria-hidden=\"true\" class=\"wp-block-spacer\"><\/div>\n\n\n\n<div class=\"is-layout-constrained wp-block-group noTranslate\" data-no-translation=\"\"><div class=\"wp-block-group__inner-container\">\n<h4 class=\"has-text-align-center wp-block-heading noTranslate\" data-no-translation=\"\">Paul Veal<\/h4>\n\n\n\n<h5 class=\"has-text-align-center wp-block-heading\">COO<\/h5>\n<\/div><\/div>\n\n\n\n<p class=\"has-text-align-left\">Desde que se uni\u00f3 a Admit One en 2014, Paul se ha convertido en el eje entre los departamentos, mejorando las pr\u00e1cticas laborales y manteniendo la armon\u00eda del equipo. Con su profundo conocimiento de la industria, tambi\u00e9n es responsable de supervisar la funci\u00f3n de marketing de la empresa, donde sus a\u00f1os de experiencia se han vuelto invaluables para comunicar la oferta de valor de Admit One a nuestros clientes y posibles clientes.<\/p>\n<\/div>\n\n\n\n<div id=\"wp-block-themeisle-blocks-advanced-column-e491dd6f\" class=\"wp-block-themeisle-blocks-advanced-column\" data-aos=\"fade-left\" data-aos-duration=\"1200\"><div class=\"wp-block-image is-style-rounded\">\n<figure class=\"aligncenter size-full is-resized\"><img decoding=\"async\" loading=\"lazy\" src=\"https:\/\/admit-one.co.uk\/wp-content\/uploads\/2023\/01\/daniel_result.webp\" alt=\"Daniel Trist\u00e1n\" class=\"wp-image-12608\" width=\"180\" height=\"180\" srcset=\"https:\/\/admit-one.eu\/wp-content\/uploads\/2023\/01\/daniel_result.webp 240w, https:\/\/admit-one.eu\/wp-content\/uploads\/2023\/01\/daniel_result-150x150.webp 150w, https:\/\/admit-one.eu\/wp-content\/uploads\/2023\/01\/daniel_result-12x12.webp 12w\" sizes=\"(max-width: 180px) 100vw, 180px\" \/><\/figure><\/div>\n\n\n<div style=\"height:20px\" aria-hidden=\"true\" class=\"wp-block-spacer\"><\/div>\n\n\n\n<div class=\"is-layout-constrained wp-block-group noTranslate\" data-no-translation=\"\"><div class=\"wp-block-group__inner-container\">\n<h4 class=\"has-text-align-center wp-block-heading\">Daniel Tristan<\/h4>\n\n\n\n<h5 class=\"has-text-align-center wp-block-heading\">CTO US &amp; LATAM<\/h5>\n<\/div><\/div>\n\n\n\n<p class=\"has-text-align-left\">Como ex Gerente de TI de Cinemex, una de las 5 principales cadenas de multiplexaci\u00f3n a nivel mundial con m\u00e1s de 380 sitios en M\u00e9xico y los EE. Industrias del entretenimiento, Daniel es responsable de nuestro nuevo equipo empresarial dedicado en los EE. UU. y Am\u00e9rica Latina, que cubre todos los cines tradicionales y lugares de usos m\u00faltiples.<\/p>\n<\/div>\n<\/div><\/section>\n\n\n\n<div id=\"wp-block-themeisle-blocks-advanced-columns-01c14de9\" class=\"wp-block-themeisle-blocks-advanced-columns has-2-columns has-desktop-equal-layout has-tablet-collapsedRows-layout has-mobile-collapsedRows-layout has-vertical-unset call-to-action has-dark-bg\" data-aos=\"fade\" data-aos-duration=\"1200\"><div class=\"wp-block-themeisle-blocks-advanced-columns-overlay\"><\/div><div class=\"innerblocks-wrap\">\n<div id=\"wp-block-themeisle-blocks-advanced-column-aed9b021\" class=\"wp-block-themeisle-blocks-advanced-column\">\n<h2 class=\"wp-block-heading has-nv-site-bg-color has-text-color\">\u00bfListo para comenzar con Admit One?<\/h2>\n\n\n\n<p class=\"has-nv-site-bg-color has-text-color\">Empecemos&nbsp;<i class=\"icon-forward\"><\/i><\/p>\n<\/div>\n\n\n\n<div id=\"wp-block-themeisle-blocks-advanced-column-01e8791e\" class=\"wp-block-themeisle-blocks-advanced-column column-right\">\n<h4 class=\"wp-block-heading has-neve-text-color-color has-text-color\">Ay\u00fadanos a entender tus necesidades<\/h4>\n\n\n\n<p class=\"has-neve-text-color-color has-text-color\">Sabemos que cada negocio es diferente. Sean cuales sean sus requisitos \u00fanicos, Admit One est\u00e1 aqu\u00ed para ofrecerle un sistema POS personalizado que funcione para usted, en cada paso del camino.<\/p>\n\n\n\n<ul class=\"a1_tick-list has-neve-text-color-color has-text-color\">\n<li>Flexible<\/li>\n\n\n\n<li>Asequible<\/li>\n\n\n\n<li>Escalable<\/li>\n<\/ul>\n\n\n\n<div id=\"wp-block-themeisle-blocks-button-group-5e1b0e52\" class=\"wp-block-themeisle-blocks-button-group wp-block-buttons\">\n<div id=\"wp-block-themeisle-blocks-button-bdaccee1\" class=\"wp-block-themeisle-blocks-button wp-block-button is-style-primary\"><a href=\"https:\/\/admit-one.eu\/es_mx\/ponerse-en-contacto\/\" target=\"_self\" rel=\"noopener noreferrer\" class=\"wp-block-button__link\"><span>Hablemos<\/span><\/a><\/div>\n<\/div>\n<\/div>\n<\/div><\/div>","protected":false},"excerpt":{"rendered":"","protected":false},"author":1,"featured_media":0,"parent":0,"menu_order":0,"comment_status":"closed","ping_status":"closed","template":"","meta":{"om_disable_all_campaigns":false,"_uag_custom_page_level_css":"","_mi_skip_tracking":false,"neve_meta_sidebar":"","neve_meta_container":"full-width","neve_meta_enable_content_width":"","neve_meta_content_width":0,"neve_meta_title_alignment":"","neve_meta_author_avatar":"","neve_post_elements_order":"","neve_meta_disable_header":"","neve_meta_disable_footer":"","neve_meta_disable_title":"on","neve_meta_reading_time":"","_themeisle_gutenberg_block_has_review":false},"categories":[],"tags":[],"folder":[],"aioseo_notices":[],"uagb_featured_image_src":{"full":false,"thumbnail":false,"medium":false,"medium_large":false,"large":false,"1536x1536":false,"2048x2048":false,"trp-custom-language-flag":false,"neve-blog":false,"xl":false,"xxl":false,"xxxl":false,"xxxxl":false,"xxxxxl":false},"uagb_author_info":{"display_name":"James Gibson","author_link":"https:\/\/admit-one.eu\/es_mx\/blog\/author\/james-gibson\/"},"uagb_comment_info":0,"uagb_excerpt":null,"_links":{"self":[{"href":"https:\/\/admit-one.eu\/es_mx\/wp-json\/wp\/v2\/pages\/12338"}],"collection":[{"href":"https:\/\/admit-one.eu\/es_mx\/wp-json\/wp\/v2\/pages"}],"about":[{"href":"https:\/\/admit-one.eu\/es_mx\/wp-json\/wp\/v2\/types\/page"}],"author":[{"embeddable":true,"href":"https:\/\/admit-one.eu\/es_mx\/wp-json\/wp\/v2\/users\/1"}],"replies":[{"embeddable":true,"href":"https:\/\/admit-one.eu\/es_mx\/wp-json\/wp\/v2\/comments?post=12338"}],"version-history":[{"count":3,"href":"https:\/\/admit-one.eu\/es_mx\/wp-json\/wp\/v2\/pages\/12338\/revisions"}],"predecessor-version":[{"id":15106,"href":"https:\/\/admit-one.eu\/es_mx\/wp-json\/wp\/v2\/pages\/12338\/revisions\/15106"}],"wp:attachment":[{"href":"https:\/\/admit-one.eu\/es_mx\/wp-json\/wp\/v2\/media?parent=12338"}],"wp:term":[{"taxonomy":"category","embeddable":true,"href":"https:\/\/admit-one.eu\/es_mx\/wp-json\/wp\/v2\/categories?post=12338"},{"taxonomy":"post_tag","embeddable":true,"href":"https:\/\/admit-one.eu\/es_mx\/wp-json\/wp\/v2\/tags?post=12338"},{"taxonomy":"folder","embeddable":true,"href":"https:\/\/admit-one.eu\/es_mx\/wp-json\/wp\/v2\/folder?post=12338"}],"curies":[{"name":"wp","href":"https:\/\/api.w.org\/{rel}","templated":true}]}}