{"id":11808,"date":"2023-01-04T15:33:17","date_gmt":"2023-01-04T15:33:17","guid":{"rendered":"https:\/\/admit-one.co.uk\/?page_id=11808"},"modified":"2026-03-12T15:35:55","modified_gmt":"2026-03-12T15:35:55","slug":"lobby","status":"publish","type":"page","link":"https:\/\/admit-one.eu\/es_mx\/soluciones\/vestibulo\/","title":{"rendered":"Vest\u00edbulo"},"content":{"rendered":"<div id=\"wp-block-themeisle-blocks-advanced-columns-f3534b6f\" class=\"wp-block-themeisle-blocks-advanced-columns has-2-columns has-desktop-twoOne-layout has-tablet-equal-layout has-mobile-collapsedRows-layout has-reverse-columns-mobile has-vertical-unset has-vertical-undefined page-header\"><div class=\"wp-block-themeisle-blocks-advanced-columns-overlay\"><\/div><div class=\"innerblocks-wrap\">\n<div id=\"wp-block-themeisle-blocks-advanced-column-49529f4b\" class=\"wp-block-themeisle-blocks-advanced-column\" data-aos=\"fade\" data-aos-duration=\"1200\">\n<h1 class=\"wp-block-heading\">Vest\u00edbulo<\/h1>\n\n\n\n<p>Ofrezca la mejor experiencia al cliente con su propio lobby automatizado. F\u00e1cil autoservicio para los clientes y herramientas operativas intuitivas para el personal, Admit One le brinda total flexibilidad en el dise\u00f1o del lugar y la gesti\u00f3n de clientes.<\/p>\n\n\n\n<div id=\"wp-block-themeisle-blocks-button-group-74f45ab7\" class=\"wp-block-themeisle-blocks-button-group wp-block-buttons\">\n<div id=\"wp-block-themeisle-blocks-button-6461b3a4\" class=\"wp-block-themeisle-blocks-button wp-block-button is-style-primary\"><a href=\"https:\/\/www.admit-one.co.uk\/request-demo\/\" target=\"_self\" rel=\"noopener noreferrer\" class=\"wp-block-button__link\"><span>Solicite una demostraci\u00f3n <\/span><\/a><\/div>\n<\/div>\n<\/div>\n\n\n\n<div id=\"wp-block-themeisle-blocks-advanced-column-27c8e090\" class=\"wp-block-themeisle-blocks-advanced-column\" data-aos=\"fade-up\" data-aos-duration=\"1200\"><div class=\"wp-block-image is-style-default\">\n<figure class=\"aligncenter size-full\"><img decoding=\"async\" src=\"https:\/\/admit-one.co.uk\/wp-content\/uploads\/2023\/01\/image_lobby_result-1.webp\" alt=\"Vest\u00edbulo\" class=\"wp-image-12117\"\/><\/figure><\/div><\/div>\n<\/div><\/div>\n\n\n\n<div id=\"wp-block-themeisle-blocks-advanced-columns-1fb622c0\" class=\"wp-block-themeisle-blocks-advanced-columns has-1-columns has-desktop-equal-layout has-tablet-equal-layout has-mobile-equal-layout has-vertical-unset\"><div class=\"wp-block-themeisle-blocks-advanced-columns-overlay\"><\/div><div class=\"innerblocks-wrap\">\n<div id=\"wp-block-themeisle-blocks-advanced-column-3cab767c\" class=\"wp-block-themeisle-blocks-advanced-column\">\n<div style=\"height:1px\" aria-hidden=\"true\" id=\"self-service-kiosks\" class=\"wp-block-spacer id-spacer\"><\/div>\n<\/div>\n<\/div><\/div>\n\n\n\n<div id=\"wp-block-themeisle-blocks-advanced-columns-2074d916\" class=\"wp-block-themeisle-blocks-advanced-columns has-2-columns has-desktop-equal-layout has-tablet-oneTwo-layout has-mobile-collapsedRows-layout has-vertical-unset feature-block\"><div class=\"wp-block-themeisle-blocks-advanced-columns-overlay\"><\/div><div class=\"innerblocks-wrap\">\n<div id=\"wp-block-themeisle-blocks-advanced-column-945ee192\" class=\"wp-block-themeisle-blocks-advanced-column\" data-aos=\"fade-right\" data-aos-duration=\"1200\"><div class=\"wp-block-image is-style-default\">\n<figure class=\"alignleft size-full\"><img decoding=\"async\" src=\"https:\/\/admit-one.co.uk\/wp-content\/uploads\/2023\\01\/products_lobby_kiosk_result.webp\" alt=\"Quiosco\" class=\"wp-image-12103\"\/><\/figure><\/div><\/div>\n\n\n\n<div id=\"wp-block-themeisle-blocks-advanced-column-03cad4bb\" class=\"wp-block-themeisle-blocks-advanced-column\" data-aos=\"fade\" data-aos-duration=\"1200\">\n<h3 class=\"wp-block-heading\">Quioscos de autoservicio<\/h3>\n\n\n\n<p>Optimice el flujo de tr\u00e1fico e impulse la venta eficiente de boletos y concesiones con nuestros quioscos de autoservicio.<\/p>\n\n\n\n<div class=\"is-layout-flex wp-container-3 wp-block-columns are-vertically-aligned-top\">\n<div class=\"is-layout-flow wp-block-column is-vertically-aligned-top\">\n<ul class=\"a1_tick-list\">\n<li>Compra de boletos y concesiones en el sitio<\/li>\n\n\n\n<li>Recogida de entradas y concesiones con reserva previa<\/li>\n\n\n\n<li>In-built pin pad and scanner supporting gift cards, QR codes or barcodes<\/li>\n<\/ul>\n<\/div>\n\n\n\n<div class=\"is-layout-flow wp-block-column is-vertically-aligned-top\">\n<ul class=\"a1_tick-list\">\n<li>Horarios de espect\u00e1culos en vivo y visualizaci\u00f3n de im\u00e1genes de carteles<\/li>\n\n\n\n<li>Gama de hardware basado en Windows, incluidos quioscos independientes a gran escala y m\u00e1quinas de autoservicio m\u00e1s peque\u00f1as basadas en mesas<\/li>\n\n\n\n<li>Experiencia uniforme y fluida en todos los canales de compra de boletos, incluidos quiosco, web, aplicaciones, autoservicio<\/li>\n<\/ul>\n<\/div>\n<\/div>\n<\/div>\n<\/div><\/div>\n\n\n\n<div id=\"wp-block-themeisle-blocks-advanced-columns-c05b25a2\" class=\"wp-block-themeisle-blocks-advanced-columns has-1-columns has-desktop-equal-layout has-tablet-equal-layout has-mobile-equal-layout has-vertical-unset\"><div class=\"wp-block-themeisle-blocks-advanced-columns-overlay\"><\/div><div class=\"innerblocks-wrap\">\n<div id=\"wp-block-themeisle-blocks-advanced-column-3a15c499\" class=\"wp-block-themeisle-blocks-advanced-column\">\n<div style=\"height:1px\" aria-hidden=\"true\" id=\"point-of-sale\" class=\"wp-block-spacer id-spacer\"><\/div>\n<\/div>\n<\/div><\/div>\n\n\n\n<div id=\"wp-block-themeisle-blocks-advanced-columns-c27efc0f\" class=\"wp-block-themeisle-blocks-advanced-columns has-2-columns has-desktop-equal-layout has-tablet-oneTwo-layout has-mobile-collapsedRows-layout has-vertical-unset feature-block\"><div class=\"wp-block-themeisle-blocks-advanced-columns-overlay\"><\/div><div class=\"innerblocks-wrap\">\n<div id=\"wp-block-themeisle-blocks-advanced-column-9b4ef16b\" class=\"wp-block-themeisle-blocks-advanced-column\" data-aos=\"fade-right\" data-aos-duration=\"1200\"><div class=\"wp-block-image is-style-default\">\n<figure class=\"alignleft size-full\"><img decoding=\"async\" src=\"https:\/\/admit-one.co.uk\/wp-content\/uploads\/2023\/01\/products_lobby_pos_result.webp\" alt=\"Punto de venta\" class=\"wp-image-12104\"\/><\/figure><\/div><\/div>\n\n\n\n<div id=\"wp-block-themeisle-blocks-advanced-column-ed341c03\" class=\"wp-block-themeisle-blocks-advanced-column\" data-aos=\"fade\" data-aos-duration=\"1200\">\n<h3 class=\"wp-block-heading\">Punto de venta<\/h3>\n\n\n\n<p>Nuestro Punto de Venta (POS) es su principal canal de venta a sus clientes. Con un software confiable y rico en funciones combinado con un hardware moderno y robusto, nuestra soluci\u00f3n personalizable le brinda un sistema fluido e intuitivo de extremo a extremo para un servicio al cliente superior.<\/p>\n\n\n\n<div class=\"is-layout-flex wp-container-6 wp-block-columns are-vertically-aligned-top\">\n<div class=\"is-layout-flow wp-block-column is-vertically-aligned-top\">\n<ul class=\"a1_tick-list\">\n<li>Venta de boletos r\u00e1pidos y concesiones<\/li>\n\n\n\n<li>Gesti\u00f3n de stock integrada para la eficiencia operativa<\/li>\n\n\n\n<li>Seamless integration with Membership\/Loyalty schemes facilitating Gift Cards, Vouchers, Discounts and Complimentary Tickets<\/li>\n<\/ul>\n<\/div>\n\n\n\n<div class=\"is-layout-flow wp-block-column is-vertically-aligned-top\">\n<ul class=\"a1_tick-list\">\n<li>Potencie su servicio en el sitio con opciones de pago extendidas como Split-Bill, Bar Tab y Exchange Order<\/li>\n\n\n\n<li>Administre el personal y optimice la eficiencia del cajero con el modo de capacitaci\u00f3n completamente funcional, el administrador de descansos y los perfiles de roles<\/li>\n\n\n\n<li>Amplia gama de opciones de hardware, incluidas nuevas y reacondicionadas<\/li>\n<\/ul>\n<\/div>\n<\/div>\n<\/div>\n<\/div><\/div>\n\n\n\n<div id=\"wp-block-themeisle-blocks-advanced-columns-2fdd48c5\" class=\"wp-block-themeisle-blocks-advanced-columns has-2-columns has-desktop-equal-layout has-tablet-oneTwo-layout has-mobile-collapsedRows-layout has-vertical-unset feature-block\"><div class=\"wp-block-themeisle-blocks-advanced-columns-overlay\"><\/div><div class=\"innerblocks-wrap\">\n<div id=\"wp-block-themeisle-blocks-advanced-column-16b7b8fc\" class=\"wp-block-themeisle-blocks-advanced-column\" data-aos=\"fade-right\" data-aos-duration=\"1200\"><div class=\"wp-block-image is-style-default\">\n<figure class=\"alignleft size-full\"><img decoding=\"async\" src=\"https:\/\/admit-one.co.uk\/wp-content\/uploads\/2023\\01\/products_lobby_digital-signage_result.webp\" alt=\"Se\u00f1alizaci\u00f3n digital\" class=\"wp-image-12101\"\/><\/figure><\/div><\/div>\n\n\n\n<div id=\"wp-block-themeisle-blocks-advanced-column-4cd9b594\" class=\"wp-block-themeisle-blocks-advanced-column\" data-aos=\"fade\" data-aos-duration=\"1200\">\n<h3 class=\"wp-block-heading\">Se\u00f1alizaci\u00f3n digital<\/h3>\n\n\n\n<p>Atraiga a los clientes con impresionantes visualizaciones en todos los puntos de se\u00f1alizaci\u00f3n digital, con contenido totalmente personalizable, informaci\u00f3n en tiempo real y medios din\u00e1micos. Ya sea que use la soluci\u00f3n lista para usar de Admit One o se conecte a sus herramientas de se\u00f1alizaci\u00f3n digital existentes a trav\u00e9s de nuestras API avanzadas, lo cubrimos para todos los escenarios.&nbsp;<\/p>\n\n\n\n<div class=\"is-layout-flex wp-container-9 wp-block-columns are-vertically-aligned-top\">\n<div class=\"is-layout-flow wp-block-column is-vertically-aligned-top\">\n<ul class=\"a1_tick-list\">\n<li>Showtimes, Trailers, Countdowns, Takeovers, Menu Boards, Order Status y m\u00e1s<\/li>\n\n\n\n<li>Personalice el contenido para que se adapte a cualquier pantalla digital de su cine<\/li>\n<\/ul>\n<\/div>\n\n\n\n<div class=\"is-layout-flow wp-block-column is-vertically-aligned-top\">\n<ul class=\"a1_tick-list\">\n<li>Precios din\u00e1micos de productos a trav\u00e9s de la integraci\u00f3n con A1 Stock<\/li>\n\n\n\n<li>Recuperaci\u00f3n autom\u00e1tica de contenido, lo que significa que no m\u00e1s actualizaciones manuales<\/li>\n<\/ul>\n<\/div>\n<\/div>\n<\/div>\n<\/div><\/div>\n\n\n\n<div id=\"wp-block-themeisle-blocks-advanced-columns-44fa43b9\" class=\"wp-block-themeisle-blocks-advanced-columns has-2-columns has-desktop-equal-layout has-tablet-oneTwo-layout has-mobile-collapsedRows-layout has-vertical-unset feature-block\"><div class=\"wp-block-themeisle-blocks-advanced-columns-overlay\"><\/div><div class=\"innerblocks-wrap\">\n<div id=\"wp-block-themeisle-blocks-advanced-column-55f282f4\" class=\"wp-block-themeisle-blocks-advanced-column\" data-aos=\"fade-right\" data-aos-duration=\"1200\"><div class=\"wp-block-image is-style-default\">\n<figure class=\"alignleft size-full\"><img decoding=\"async\" src=\"https:\/\/admit-one.co.uk\/wp-content\/uploads\/2023\/01\/products_lobby_usher-tools_result.webp\" alt=\"Ujier herramientas\" class=\"wp-image-12105\"\/><\/figure><\/div><\/div>\n\n\n\n<div id=\"wp-block-themeisle-blocks-advanced-column-01f29e66\" class=\"wp-block-themeisle-blocks-advanced-column\" data-aos=\"fade\" data-aos-duration=\"1200\">\n<h3 class=\"wp-block-heading\">Ujier herramientas<\/h3>\n\n\n\n<p>Ofrezca un servicio m\u00e1s r\u00e1pido y seguro y mantenga a sus ujieres actualizados con la aplicaci\u00f3n A1 Usher &#039;Scan and Go&#039;. Esta aplicaci\u00f3n basada en Android est\u00e1 disponible para su uso en la mayor\u00eda de los tel\u00e9fonos y tabletas con Android, lo que significa que no est\u00e1 restringido a los mejores dispositivos Datalogic\/Honeywell.<\/p>\n\n\n\n<div class=\"is-layout-flex wp-container-12 wp-block-columns are-vertically-aligned-top\">\n<div class=\"is-layout-flow wp-block-column is-vertically-aligned-top\">\n<ul class=\"a1_tick-list\">\n<li>Validaci\u00f3n de boletos<\/li>\n\n\n\n<li>Informaci\u00f3n del sal\u00f3n y del espect\u00e1culo<\/li>\n\n\n\n<li>Admite QR y c\u00f3digos de barras<\/li>\n<\/ul>\n<\/div>\n\n\n\n<div class=\"is-layout-flow wp-block-column is-vertically-aligned-top\">\n<ul class=\"a1_tick-list\">\n<li>Ajustes de ujier<\/li>\n\n\n\n<li>Generar archivos de registro<\/li>\n\n\n\n<li>Facilidad de inicio\/cierre de sesi\u00f3n y perfiles de usuario para mayor seguridad<\/li>\n<\/ul>\n<\/div>\n<\/div>\n<\/div>\n<\/div><\/div>\n\n\n\n<div id=\"wp-block-themeisle-blocks-advanced-columns-3ecc4437\" class=\"wp-block-themeisle-blocks-advanced-columns has-2-columns has-desktop-equal-layout has-tablet-oneTwo-layout has-mobile-collapsedRows-layout has-vertical-unset feature-block\"><div class=\"wp-block-themeisle-blocks-advanced-columns-overlay\"><\/div><div class=\"innerblocks-wrap\">\n<div id=\"wp-block-themeisle-blocks-advanced-column-d81315e0\" class=\"wp-block-themeisle-blocks-advanced-column\" data-aos=\"fade-right\" data-aos-duration=\"1200\"><div class=\"wp-block-image is-style-default\">\n<figure class=\"alignleft size-full\"><img decoding=\"async\" loading=\"lazy\" width=\"600\" height=\"600\" src=\"https:\/\/admit-one.co.uk\/wp-content\/uploads\/2023\/01\/products_lobby_gates_result.webp\" alt=\"puertas\" class=\"wp-image-12247\" srcset=\"https:\/\/admit-one.eu\/wp-content\/uploads\/2023\/01\/products_lobby_gates_result.webp 600w, https:\/\/admit-one.eu\/wp-content\/uploads\/2023\/01\/products_lobby_gates_result-300x300.webp 300w, https:\/\/admit-one.eu\/wp-content\/uploads\/2023\/01\/products_lobby_gates_result-150x150.webp 150w, https:\/\/admit-one.eu\/wp-content\/uploads\/2023\/01\/products_lobby_gates_result-12x12.webp 12w, https:\/\/admit-one.eu\/wp-content\/uploads\/2023\/01\/products_lobby_gates_result-400x400.webp 400w\" sizes=\"(max-width: 600px) 100vw, 600px\" \/><\/figure><\/div><\/div>\n\n\n\n<div id=\"wp-block-themeisle-blocks-advanced-column-bb795422\" class=\"wp-block-themeisle-blocks-advanced-column\" data-aos=\"fade\" data-aos-duration=\"1200\">\n<h3 class=\"wp-block-heading\">Entrada automatizada<\/h3>\n\n\n\n<p>La libertad de controlar el flujo de clientes alrededor de su lugar, ofreciendo una entrada r\u00e1pida y f\u00e1cil sin fricci\u00f3n mientras reduce los gastos generales de su personal. Ya sea que desee utilizar sus puertas existentes con nuestro software integrado, o necesite implementar una soluci\u00f3n de hardware y software de extremo a extremo, Admit One lo tiene cubierto.<strong>&nbsp;<\/strong><\/p>\n\n\n\n<div class=\"is-layout-flex wp-container-15 wp-block-columns are-vertically-aligned-top\">\n<div class=\"is-layout-flow wp-block-column is-vertically-aligned-top\">\n<ul class=\"a1_tick-list\">\n<li>Software de automatizaci\u00f3n para controlar y gestionar el acceso, ya sea con inmuebles existentes o con suministro completo de hardware<\/li>\n\n\n\n<li>Puertas de uno o dos carriles<\/li>\n\n\n\n<li>Dise\u00f1o elegante y moderno con frente de vidrio.&nbsp;&nbsp;<\/li>\n<\/ul>\n<\/div>\n\n\n\n<div class=\"is-layout-flow wp-block-column is-vertically-aligned-top\">\n<ul class=\"a1_tick-list\">\n<li>Luces LED codificadas por colores para diferenciar los tipos de boletos<\/li>\n\n\n\n<li>Consultor\u00eda de plano de sitio arquitect\u00f3nico para maximizar el flujo&nbsp;<\/li>\n<\/ul>\n<\/div>\n<\/div>\n<\/div>\n<\/div><\/div>\n\n\n\n<div id=\"wp-block-themeisle-blocks-advanced-columns-01c14de9\" class=\"wp-block-themeisle-blocks-advanced-columns has-2-columns has-desktop-equal-layout has-tablet-collapsedRows-layout has-mobile-collapsedRows-layout has-vertical-unset call-to-action has-dark-bg\" data-aos=\"fade\" data-aos-duration=\"1200\"><div class=\"wp-block-themeisle-blocks-advanced-columns-overlay\"><\/div><div class=\"innerblocks-wrap\">\n<div id=\"wp-block-themeisle-blocks-advanced-column-aed9b021\" class=\"wp-block-themeisle-blocks-advanced-column\">\n<h2 class=\"wp-block-heading has-nv-site-bg-color has-text-color\">\u00bfListo para comenzar con Admit One?<\/h2>\n\n\n\n<p class=\"has-nv-site-bg-color has-text-color\">Empecemos&nbsp;<i class=\"icon-forward\"><\/i><\/p>\n<\/div>\n\n\n\n<div id=\"wp-block-themeisle-blocks-advanced-column-01e8791e\" class=\"wp-block-themeisle-blocks-advanced-column column-right\">\n<h4 class=\"wp-block-heading has-neve-text-color-color has-text-color\">Ay\u00fadanos a entender tus necesidades<\/h4>\n\n\n\n<p class=\"has-neve-text-color-color has-text-color\">Sabemos que cada negocio es diferente. Sean cuales sean sus requisitos \u00fanicos, Admit One est\u00e1 aqu\u00ed para ofrecerle un sistema POS personalizado que funcione para usted, en cada paso del camino.<\/p>\n\n\n\n<ul class=\"a1_tick-list has-neve-text-color-color has-text-color\">\n<li>Flexible<\/li>\n\n\n\n<li>Asequible<\/li>\n\n\n\n<li>Escalable<\/li>\n<\/ul>\n\n\n\n<div id=\"wp-block-themeisle-blocks-button-group-5e1b0e52\" class=\"wp-block-themeisle-blocks-button-group wp-block-buttons\">\n<div id=\"wp-block-themeisle-blocks-button-bdaccee1\" class=\"wp-block-themeisle-blocks-button wp-block-button is-style-primary\"><a href=\"https:\/\/admit-one.eu\/es_mx\/ponerse-en-contacto\/\" target=\"_self\" rel=\"noopener noreferrer\" class=\"wp-block-button__link\"><span>Hablemos<\/span><\/a><\/div>\n<\/div>\n<\/div>\n<\/div><\/div>","protected":false},"excerpt":{"rendered":"","protected":false},"author":1,"featured_media":0,"parent":14814,"menu_order":0,"comment_status":"closed","ping_status":"closed","template":"","meta":{"om_disable_all_campaigns":false,"_uag_custom_page_level_css":"","_mi_skip_tracking":false,"neve_meta_sidebar":"","neve_meta_container":"full-width","neve_meta_enable_content_width":"on","neve_meta_content_width":100,"neve_meta_title_alignment":"","neve_meta_author_avatar":"","neve_post_elements_order":"","neve_meta_disable_header":"","neve_meta_disable_footer":"","neve_meta_disable_title":"on","neve_meta_reading_time":"","_themeisle_gutenberg_block_has_review":false},"categories":[],"tags":[],"folder":[90],"aioseo_notices":[],"uagb_featured_image_src":{"full":false,"thumbnail":false,"medium":false,"medium_large":false,"large":false,"1536x1536":false,"2048x2048":false,"trp-custom-language-flag":false,"neve-blog":false,"xl":false,"xxl":false,"xxxl":false,"xxxxl":false,"xxxxxl":false},"uagb_author_info":{"display_name":"James Gibson","author_link":"https:\/\/admit-one.eu\/es_mx\/blog\/author\/james-gibson\/"},"uagb_comment_info":0,"uagb_excerpt":null,"_links":{"self":[{"href":"https:\/\/admit-one.eu\/es_mx\/wp-json\/wp\/v2\/pages\/11808"}],"collection":[{"href":"https:\/\/admit-one.eu\/es_mx\/wp-json\/wp\/v2\/pages"}],"about":[{"href":"https:\/\/admit-one.eu\/es_mx\/wp-json\/wp\/v2\/types\/page"}],"author":[{"embeddable":true,"href":"https:\/\/admit-one.eu\/es_mx\/wp-json\/wp\/v2\/users\/1"}],"replies":[{"embeddable":true,"href":"https:\/\/admit-one.eu\/es_mx\/wp-json\/wp\/v2\/comments?post=11808"}],"version-history":[{"count":10,"href":"https:\/\/admit-one.eu\/es_mx\/wp-json\/wp\/v2\/pages\/11808\/revisions"}],"predecessor-version":[{"id":15729,"href":"https:\/\/admit-one.eu\/es_mx\/wp-json\/wp\/v2\/pages\/11808\/revisions\/15729"}],"up":[{"embeddable":true,"href":"https:\/\/admit-one.eu\/es_mx\/wp-json\/wp\/v2\/pages\/14814"}],"wp:attachment":[{"href":"https:\/\/admit-one.eu\/es_mx\/wp-json\/wp\/v2\/media?parent=11808"}],"wp:term":[{"taxonomy":"category","embeddable":true,"href":"https:\/\/admit-one.eu\/es_mx\/wp-json\/wp\/v2\/categories?post=11808"},{"taxonomy":"post_tag","embeddable":true,"href":"https:\/\/admit-one.eu\/es_mx\/wp-json\/wp\/v2\/tags?post=11808"},{"taxonomy":"folder","embeddable":true,"href":"https:\/\/admit-one.eu\/es_mx\/wp-json\/wp\/v2\/folder?post=11808"}],"curies":[{"name":"wp","href":"https:\/\/api.w.org\/{rel}","templated":true}]}}