{"id":8619,"date":"2022-03-09T13:56:11","date_gmt":"2022-03-09T13:56:11","guid":{"rendered":"https:\/\/admit-one.co.uk\/?page_id=8619"},"modified":"2025-11-13T09:20:39","modified_gmt":"2025-11-13T09:20:39","slug":"get-in-touch","status":"publish","type":"page","link":"https:\/\/admit-one.eu\/es\/ponerse-en-contacto\/","title":{"rendered":"Ponerse en contacto"},"content":{"rendered":"<section id=\"wp-block-themeisle-blocks-advanced-columns-faf6acdf\" class=\"wp-block-themeisle-blocks-advanced-columns alignfull has-1-columns has-desktop-equal-layout has-tablet-equal-layout has-mobile-equal-layout has-vertical-center clip-btm-up\"><div class=\"wp-block-themeisle-blocks-advanced-columns-overlay\"><\/div><div class=\"innerblocks-wrap\">\n<div id=\"wp-block-themeisle-blocks-advanced-column-7ec5acd4\" class=\"wp-block-themeisle-blocks-advanced-column\">\n<h1 id=\"wp-block-themeisle-blocks-advanced-heading-13ce2b13\" class=\"wp-block-themeisle-blocks-advanced-heading wp-block-themeisle-blocks-advanced-heading-13ce2b13\" data-aos=\"fade\" data-aos-duration=\"1200\">Ponerse en contacto<\/h1>\n<\/div>\n<\/div><\/section>\n\n\n\n<section id=\"wp-block-themeisle-blocks-advanced-columns-a241f2a5\" class=\"wp-block-themeisle-blocks-advanced-columns alignfull has-2-columns has-desktop-oneTwo-layout has-tablet-equal-layout has-mobile-collapsedRows-layout has-vertical-top\"><div class=\"wp-block-themeisle-blocks-advanced-columns-overlay\"><\/div><div class=\"innerblocks-wrap\">\n<div id=\"wp-block-themeisle-blocks-advanced-column-c279d8ea\" class=\"wp-block-themeisle-blocks-advanced-column\" data-aos=\"fade\" data-aos-duration=\"1200\">\n<h6>Si quieres saber m\u00e1s sobre Admit One o cualquiera de nuestros servicios env\u00edanos un mensaje a trav\u00e9s del formulario de al lado y charlamos.<\/h6>\n\n\n\n<p><strong>a:<\/strong> Unit 9 Albany Park Cabot Lane, Poole, Dorset BH17 7BX<\/p>\n\n\n\n<p><strong>t:<\/strong> 01929 551356<\/p>\n\n\n\n<p><\/p>\n<\/div>\n\n\n\n<div id=\"wp-block-themeisle-blocks-advanced-column-4566828b\" class=\"wp-block-themeisle-blocks-advanced-column\" data-aos=\"fade\" data-aos-duration=\"1200\"><div class=\"wpforms-container wpforms-container-full a1_contactForm wpforms-block wpforms-block-e092d79e-f24d-47d8-afbd-5dbc22b08cf1\" id=\"wpforms-9572\"><form id=\"wpforms-form-9572\" class=\"wpforms-validate wpforms-form wpforms-ajax-form\" data-formid=\"9572\" method=\"post\" enctype=\"multipart\/form-data\" action=\"\/es\/wp-json\/wp\/v2\/pages\/8619\" data-token=\"d5262e46a425e788bb4fe72cdbc086e1\" data-token-time=\"1775398063\" data-trp-original-action=\"\/es\/wp-json\/wp\/v2\/pages\/8619\"><noscript class=\"wpforms-error-noscript\">Por favor, activa JavaScript en tu navegador para completar este formulario.<\/noscript><div class=\"wpforms-field-container\"><div id=\"wpforms-9572-field_6-container\" class=\"wpforms-field wpforms-field-name\" data-field-id=\"6\"><label class=\"wpforms-field-label\">Nombre <span class=\"wpforms-required-label\">*<\/span><\/label><div class=\"wpforms-field-row wpforms-field-large\"><div class=\"wpforms-field-row-block wpforms-first wpforms-one-half\"><input type=\"text\" id=\"wpforms-9572-field_6\" class=\"wpforms-field-name-first wpforms-field-required\" name=\"wpforms[fields][6][first]\" placeholder=\"Ponga su primer nombre\" required><label for=\"wpforms-9572-field_6\" class=\"wpforms-field-sublabel after\">Nombre<\/label><\/div><div class=\"wpforms-field-row-block wpforms-one-half\"><input type=\"text\" id=\"wpforms-9572-field_6-last\" class=\"wpforms-field-name-last wpforms-field-required\" name=\"wpforms[fields][6][last]\" placeholder=\"Ingresa tu apellido\" required><label for=\"wpforms-9572-field_6-last\" class=\"wpforms-field-sublabel after\">Apellidos<\/label><\/div><\/div><\/div><div id=\"wpforms-9572-field_13-container\" class=\"wpforms-field wpforms-field-text\" data-field-id=\"13\"><label class=\"wpforms-field-label\" for=\"wpforms-9572-field_13\">Compa\u00f1\u00eda <span class=\"wpforms-required-label\">*<\/span><\/label><input type=\"text\" id=\"wpforms-9572-field_13\" class=\"wpforms-field-large wpforms-field-required\" name=\"wpforms[fields][13]\" placeholder=\"Introduzca el nombre de su empresa\" required><\/div><div id=\"wpforms-9572-field_14-container\" class=\"wpforms-field wpforms-field-text\" data-field-id=\"14\"><label class=\"wpforms-field-label\" for=\"wpforms-9572-field_14\">Posici\u00f3n <span class=\"wpforms-required-label\">*<\/span><\/label><input type=\"text\" id=\"wpforms-9572-field_14\" class=\"wpforms-field-large wpforms-field-required\" name=\"wpforms[fields][14]\" placeholder=\"Ingrese su puesto en la empresa\" required><\/div><div id=\"wpforms-9572-field_1-container\" class=\"wpforms-field wpforms-field-email\" data-field-id=\"1\"><label class=\"wpforms-field-label\">Correo electr\u00f3nico <span class=\"wpforms-required-label\">*<\/span><\/label><div class=\"wpforms-field-row wpforms-field-large\"><div class=\"wpforms-field-row-block wpforms-one-half wpforms-first\"><input type=\"email\" id=\"wpforms-9572-field_1\" class=\"wpforms-field-required wpforms-field-email-primary\" name=\"wpforms[fields][1][primary]\" placeholder=\"Introduce tu correo electr\u00f3nico\" spellcheck=\"false\" required><label for=\"wpforms-9572-field_1\" class=\"wpforms-field-sublabel after\">Correo electr\u00f3nico<\/label><\/div><div class=\"wpforms-field-row-block wpforms-one-half\"><input type=\"email\" id=\"wpforms-9572-field_1-secondary\" class=\"wpforms-field-email-secondary wpforms-field-required\" data-rule-confirm=\"#wpforms-9572-field_1\" name=\"wpforms[fields][1][secondary]\" spellcheck=\"false\" required><label for=\"wpforms-9572-field_1-secondary\" class=\"wpforms-field-sublabel after\">Confirmar el correo electronico<\/label><\/div><\/div><\/div><div id=\"wpforms-9572-field_8-container\" class=\"wpforms-field wpforms-field-checkbox wpforms-list-inline\" data-field-id=\"8\"><label class=\"wpforms-field-label\">I am interested in&#8230; <span class=\"wpforms-required-label\">*<\/span><\/label><ul id=\"wpforms-9572-field_8\" class=\"wpforms-field-required\"><li class=\"choice-1 depth-1\"><input type=\"checkbox\" id=\"wpforms-9572-field_8_1\" name=\"wpforms[fields][8][]\" value=\"Lobby\" required><label class=\"wpforms-field-label-inline\" for=\"wpforms-9572-field_8_1\">Vest\u00edbulo<\/label><\/li><li class=\"choice-2 depth-1\"><input type=\"checkbox\" id=\"wpforms-9572-field_8_2\" name=\"wpforms[fields][8][]\" value=\"F &amp; B\" required><label class=\"wpforms-field-label-inline\" for=\"wpforms-9572-field_8_2\">alimentos y bebidas<\/label><\/li><li class=\"choice-3 depth-1\"><input type=\"checkbox\" id=\"wpforms-9572-field_8_3\" name=\"wpforms[fields][8][]\" value=\"Digital Sales\" required><label class=\"wpforms-field-label-inline\" for=\"wpforms-9572-field_8_3\">Ventas Digitales<\/label><\/li><li class=\"choice-4 depth-1\"><input type=\"checkbox\" id=\"wpforms-9572-field_8_4\" name=\"wpforms[fields][8][]\" value=\"Back Office\" required><label class=\"wpforms-field-label-inline\" for=\"wpforms-9572-field_8_4\">Oficina interna<\/label><\/li><li class=\"choice-5 depth-1\"><input type=\"checkbox\" id=\"wpforms-9572-field_8_5\" name=\"wpforms[fields][8][]\" value=\"Guest Experience\" required><label class=\"wpforms-field-label-inline\" for=\"wpforms-9572-field_8_5\">Experiencia del hu\u00e9sped<\/label><\/li><li class=\"choice-6 depth-1\"><input type=\"checkbox\" id=\"wpforms-9572-field_8_6\" name=\"wpforms[fields][8][]\" value=\"A1 Edge\" required><label class=\"wpforms-field-label-inline\" for=\"wpforms-9572-field_8_6\">Borde A1<\/label><\/li><li class=\"choice-7 depth-1\"><input type=\"checkbox\" id=\"wpforms-9572-field_8_7\" name=\"wpforms[fields][8][]\" value=\"A1 Design\" required><label class=\"wpforms-field-label-inline\" for=\"wpforms-9572-field_8_7\">Dise\u00f1o A1<\/label><\/li><li class=\"choice-8 depth-1\"><input type=\"checkbox\" id=\"wpforms-9572-field_8_8\" name=\"wpforms[fields][8][]\" value=\"A1 Support\" required><label class=\"wpforms-field-label-inline\" for=\"wpforms-9572-field_8_8\">Soporte A1<\/label><\/li><li class=\"choice-9 depth-1\"><input type=\"checkbox\" id=\"wpforms-9572-field_8_9\" name=\"wpforms[fields][8][]\" value=\"Other\" required><label class=\"wpforms-field-label-inline\" for=\"wpforms-9572-field_8_9\">Otro<\/label><\/li><\/ul><\/div>\t\t<div id=\"wpforms-9572-field_3-container\"\n\t\t\tclass=\"wpforms-field wpforms-field-text\"\n\t\t\tdata-field-type=\"text\"\n\t\t\tdata-field-id=\"3\"\n\t\t\t>\n\t\t\t<label class=\"wpforms-field-label\" for=\"wpforms-9572-field_3\" >Message in&#8230; Position<\/label>\n\t\t\t<input type=\"text\" id=\"wpforms-9572-field_3\" class=\"wpforms-field-medium\" name=\"wpforms[fields][3]\" >\n\t\t<\/div>\n\t\t<div id=\"wpforms-9572-field_2-container\" class=\"wpforms-field wpforms-field-textarea\" data-field-id=\"2\"><label class=\"wpforms-field-label\" for=\"wpforms-9572-field_2\">Mensaje<\/label><textarea id=\"wpforms-9572-field_2\" class=\"wpforms-field-medium\" name=\"wpforms[fields][2]\" ><\/textarea><\/div><script>\n\t\t\t\t( function() {\n\t\t\t\t\tconst style = document.createElement( 'style' );\n\t\t\t\t\tstyle.appendChild( document.createTextNode( '#wpforms-9572-field_3-container { position: absolute !important; overflow: hidden !important; display: inline !important; height: 1px !important; width: 1px !important; z-index: -1000 !important; padding: 0 !important; } #wpforms-9572-field_3-container input { visibility: hidden; } #wpforms-conversational-form-page #wpforms-9572-field_3-container label { counter-increment: none; }' ) );\n\t\t\t\t\tdocument.head.appendChild( style );\n\t\t\t\t\tdocument.currentScript?.remove();\n\t\t\t\t} )();\n\t\t\t<\/script><\/div><!-- .wpforms-field-container --><div class=\"wpforms-recaptcha-container wpforms-is-recaptcha wpforms-is-recaptcha-type-v2\" ><div class=\"g-recaptcha\" data-sitekey=\"6LcWhlkUAAAAAH9Gd5O9xC1uLD0ZS3mLRtlrNNSV\"><\/div><input type=\"text\" name=\"g-recaptcha-hidden\" class=\"wpforms-recaptcha-hidden\" style=\"position:absolute!important;clip:rect(0,0,0,0)!important;height:1px!important;width:1px!important;border:0!important;overflow:hidden!important;padding:0!important;margin:0!important;\" data-rule-recaptcha=\"1\"><\/div><div class=\"wpforms-submit-container\" ><input type=\"hidden\" name=\"wpforms[id]\" value=\"9572\"><input type=\"hidden\" name=\"page_title\" value=\"\"><input type=\"hidden\" name=\"page_url\" value=\"https:\/\/admit-one.eu\/es\/wp-json\/wp\/v2\/pages\/8619\"><button type=\"submit\" name=\"wpforms[submit]\" id=\"wpforms-submit-9572\" class=\"wpforms-submit\" data-alt-text=\"Sending...\" data-submit-text=\"Send Message\" aria-live=\"assertive\" value=\"wpforms-submit\">Enviar mensaje<\/button><img decoding=\"async\" loading=\"lazy\" src=\"https:\/\/admit-one.eu\/wp-content\/plugins\/wpforms\/assets\/images\/submit-spin.svg\" class=\"wpforms-submit-spinner\" style=\"display: none;\" width=\"26\" height=\"26\" alt=\"Cargando\"><\/div><input type=\"hidden\" name=\"trp-form-language\" value=\"es\"\/><\/form><\/div>  <!-- .wpforms-container --><\/div>\n<\/div><\/section>","protected":false},"excerpt":{"rendered":"","protected":false},"author":1,"featured_media":0,"parent":0,"menu_order":0,"comment_status":"closed","ping_status":"closed","template":"","meta":{"om_disable_all_campaigns":false,"_uag_custom_page_level_css":"","_mi_skip_tracking":false,"neve_meta_sidebar":"default","neve_meta_container":"contained","neve_meta_enable_content_width":"on","neve_meta_content_width":100,"neve_meta_title_alignment":"","neve_meta_author_avatar":"","neve_post_elements_order":"","neve_meta_disable_header":"","neve_meta_disable_footer":"","neve_meta_disable_title":"on","neve_meta_reading_time":"","_themeisle_gutenberg_block_has_review":false},"categories":[],"tags":[],"folder":[],"aioseo_notices":[],"uagb_featured_image_src":{"full":false,"thumbnail":false,"medium":false,"medium_large":false,"large":false,"1536x1536":false,"2048x2048":false,"trp-custom-language-flag":false,"neve-blog":false,"xl":false,"xxl":false,"xxxl":false,"xxxxl":false,"xxxxxl":false},"uagb_author_info":{"display_name":"James Gibson","author_link":"https:\/\/admit-one.eu\/es\/blog\/author\/james-gibson\/"},"uagb_comment_info":0,"uagb_excerpt":null,"_links":{"self":[{"href":"https:\/\/admit-one.eu\/es\/wp-json\/wp\/v2\/pages\/8619"}],"collection":[{"href":"https:\/\/admit-one.eu\/es\/wp-json\/wp\/v2\/pages"}],"about":[{"href":"https:\/\/admit-one.eu\/es\/wp-json\/wp\/v2\/types\/page"}],"author":[{"embeddable":true,"href":"https:\/\/admit-one.eu\/es\/wp-json\/wp\/v2\/users\/1"}],"replies":[{"embeddable":true,"href":"https:\/\/admit-one.eu\/es\/wp-json\/wp\/v2\/comments?post=8619"}],"version-history":[{"count":3,"href":"https:\/\/admit-one.eu\/es\/wp-json\/wp\/v2\/pages\/8619\/revisions"}],"predecessor-version":[{"id":15621,"href":"https:\/\/admit-one.eu\/es\/wp-json\/wp\/v2\/pages\/8619\/revisions\/15621"}],"wp:attachment":[{"href":"https:\/\/admit-one.eu\/es\/wp-json\/wp\/v2\/media?parent=8619"}],"wp:term":[{"taxonomy":"category","embeddable":true,"href":"https:\/\/admit-one.eu\/es\/wp-json\/wp\/v2\/categories?post=8619"},{"taxonomy":"post_tag","embeddable":true,"href":"https:\/\/admit-one.eu\/es\/wp-json\/wp\/v2\/tags?post=8619"},{"taxonomy":"folder","embeddable":true,"href":"https:\/\/admit-one.eu\/es\/wp-json\/wp\/v2\/folder?post=8619"}],"curies":[{"name":"wp","href":"https:\/\/api.w.org\/{rel}","templated":true}]}}