{"id":11988,"date":"2023-01-09T13:02:38","date_gmt":"2023-01-09T13:02:38","guid":{"rendered":"https:\/\/admit-one.co.uk\/?page_id=11988"},"modified":"2024-02-22T16:31:45","modified_gmt":"2024-02-22T16:31:45","slug":"guest-experience","status":"publish","type":"page","link":"https:\/\/admit-one.eu\/es\/soluciones\/experiencia-del-huesped\/","title":{"rendered":"Experiencia del hu\u00e9sped"},"content":{"rendered":"<div id=\"wp-block-themeisle-blocks-advanced-columns-f3534b6f\" class=\"wp-block-themeisle-blocks-advanced-columns has-2-columns has-desktop-twoOne-layout has-tablet-equal-layout has-mobile-collapsedRows-layout has-reverse-columns-mobile has-vertical-unset has-vertical-undefined page-header\"><div class=\"wp-block-themeisle-blocks-advanced-columns-overlay\"><\/div><div class=\"innerblocks-wrap\">\n<div id=\"wp-block-themeisle-blocks-advanced-column-49529f4b\" class=\"wp-block-themeisle-blocks-advanced-column\" data-aos=\"fade\" data-aos-duration=\"1200\">\n<h1>Experiencia del hu\u00e9sped<\/h1>\n\n\n\n<p>Haga que sus clientes regresen con programas de recompensas personalizables e incentivos personalizados, dise\u00f1ados para hacer crecer su negocio y deleitar a sus clientes.<\/p>\n\n\n\n<div id=\"wp-block-themeisle-blocks-button-group-74f45ab7\" class=\"wp-block-themeisle-blocks-button-group wp-block-buttons\">\n<div id=\"wp-block-themeisle-blocks-button-6461b3a4\" class=\"wp-block-themeisle-blocks-button wp-block-button is-style-primary\"><a href=\"https:\/\/www.admit-one.co.uk\/request-demo\/\" target=\"_self\" rel=\"noopener noreferrer\" class=\"wp-block-button__link\"><span>Solicite una demostraci\u00f3n <\/span><\/a><\/div>\n<\/div>\n<\/div>\n\n\n\n<div id=\"wp-block-themeisle-blocks-advanced-column-27c8e090\" class=\"wp-block-themeisle-blocks-advanced-column\" data-aos=\"fade-up\" data-aos-duration=\"1200\"><div class=\"wp-block-image is-style-default\">\n<figure class=\"aligncenter size-full\"><img decoding=\"async\" src=\"https:\/\/admit-one.co.uk\/wp-content\/uploads\/2023\/01\/image_guest-experience_result-1.webp\" alt=\"Experiencia del hu\u00e9sped\" class=\"wp-image-12116\"\/><\/figure><\/div><\/div>\n<\/div><\/div>\n\n\n\n<div id=\"wp-block-themeisle-blocks-advanced-columns-2074d916\" class=\"wp-block-themeisle-blocks-advanced-columns has-2-columns has-desktop-equal-layout has-tablet-equal-layout has-mobile-collapsedRows-layout has-vertical-unset feature-block\"><div class=\"wp-block-themeisle-blocks-advanced-columns-overlay\"><\/div><div class=\"innerblocks-wrap\">\n<div id=\"wp-block-themeisle-blocks-advanced-column-945ee192\" class=\"wp-block-themeisle-blocks-advanced-column\" data-aos=\"fade-right\" data-aos-duration=\"1200\"><div class=\"wp-block-image is-style-default\">\n<figure class=\"alignleft size-full\"><img decoding=\"async\" src=\"https:\/\/admit-one.co.uk\/wp-content\/uploads\/2023\\01\/products_guest-experience_loyalty-membership_result.webp\" alt=\"Lealtad y Membres\u00eda\" class=\"wp-image-12243\"\/><\/figure><\/div><\/div>\n\n\n\n<div id=\"wp-block-themeisle-blocks-advanced-column-03cad4bb\" class=\"wp-block-themeisle-blocks-advanced-column\" data-aos=\"fade\" data-aos-duration=\"1200\">\n<h3>Lealtad y Membres\u00eda<\/h3>\n\n\n\n<p>Ya sea que desarrolle un nuevo programa o integre uno existente, recompensar a sus clientes nunca ha sido tan f\u00e1cil con nuestros m\u00f3dulos flexibles de lealtad y membres\u00eda ricos en funciones. Aumente la frecuencia de los hu\u00e9spedes y gaste con un programa de fidelizaci\u00f3n hecho a medida para su negocio, desde lo b\u00e1sico hasta lo personalizado y todo lo dem\u00e1s.<\/p>\n\n\n\n<div class=\"is-layout-flex wp-container-3 wp-block-columns are-vertically-aligned-top\">\n<div class=\"is-layout-flow wp-block-column is-vertically-aligned-top\">\n<ul class=\"a1_tick-list\">\n<li>Puntos, descuentos, ofertas basadas en dinero<\/li>\n\n\n\n<li>Programas de varios niveles con recompensas flexibles<\/li>\n\n\n\n<li>Integraci\u00f3n con 3 existentes<sup>rd<\/sup> sistemas de partidos<\/li>\n\n\n\n<li>Acceso a la cuenta del cliente para revisar el estado de la membres\u00eda, saldos de puntos y promociones<\/li>\n\n\n\n<li>Asociaci\u00f3n transaccional completa en todos los canales<\/li>\n<\/ul>\n<\/div>\n\n\n\n<div class=\"is-layout-flow wp-block-column is-vertically-aligned-top\">\n<ul class=\"a1_tick-list\">\n<li>Tarjetas de membres\u00eda y fidelizaci\u00f3n digitales y f\u00edsicas<\/li>\n\n\n\n<li>Datos de membres\u00eda y lealtad sincronizados con su herramienta de marketing con nuestra API avanzada, lo que le permite activar campa\u00f1as basadas en datos en tiempo real<\/li>\n\n\n\n<li>Cierre el ciclo con sus clientes con la reescritura de herramientas de marketing a POS, incluidas transacciones, saldos de puntos y estado de marketing.<\/li>\n<\/ul>\n<\/div>\n<\/div>\n<\/div>\n<\/div><\/div>\n\n\n\n<div id=\"wp-block-themeisle-blocks-advanced-columns-adedf2b1\" class=\"wp-block-themeisle-blocks-advanced-columns has-2-columns has-desktop-equal-layout has-tablet-equal-layout has-mobile-collapsedRows-layout has-vertical-unset feature-block\"><div class=\"wp-block-themeisle-blocks-advanced-columns-overlay\"><\/div><div class=\"innerblocks-wrap\">\n<div id=\"wp-block-themeisle-blocks-advanced-column-c85a1b5a\" class=\"wp-block-themeisle-blocks-advanced-column\" data-aos=\"fade-right\" data-aos-duration=\"1200\"><div class=\"wp-block-image is-style-default\">\n<figure class=\"alignleft size-full\"><img decoding=\"async\" src=\"https:\/\/admit-one.co.uk\/wp-content\/uploads\/2023\\01\/products_guest-experience_gift-cards-vouchers_result.webp\" alt=\"Tarjetas de regalo y vales\" class=\"wp-image-12242\"\/><\/figure><\/div><\/div>\n\n\n\n<div id=\"wp-block-themeisle-blocks-advanced-column-d67ecbfb\" class=\"wp-block-themeisle-blocks-advanced-column\" data-aos=\"fade\" data-aos-duration=\"1200\">\n<h3>Tarjetas de regalo y vales<\/h3>\n\n\n\n<p>Vender tarjetas de regalo y cupones es una excelente manera para que sus clientes inviten a amigos y familiares a su cine y para que usted aumente sus ingresos, su base de clientes y promueva su marca.<\/p>\n\n\n\n<div class=\"is-layout-flex wp-container-6 wp-block-columns are-vertically-aligned-top\">\n<div class=\"is-layout-flow wp-block-column is-vertically-aligned-top\">\n<ul class=\"a1_tick-list\">\n<li>Admite cupones digitales y f\u00edsicos y tarjetas de regalo.<\/li>\n\n\n\n<li>Canje f\u00e1cil para los clientes al reservar a trav\u00e9s de cualquier canal de venta<\/li>\n<\/ul>\n<\/div>\n\n\n\n<div class=\"is-layout-flow wp-block-column is-vertically-aligned-top\">\n<ul class=\"a1_tick-list\">\n<li>Los clientes pueden consultar el saldo de su tarjeta de regalo electr\u00f3nica f\u00e1cilmente en l\u00ednea, desde su sitio web o desde su aplicaci\u00f3n<\/li>\n\n\n\n<li>Realice un seguimiento de todas las ventas de cupones y tarjetas de regalo a trav\u00e9s de la oficina central con visibilidad completa y gesti\u00f3n de tokens vencidos y no canjeados<\/li>\n<\/ul>\n<\/div>\n<\/div>\n<\/div>\n<\/div><\/div>\n\n\n\n<div id=\"wp-block-themeisle-blocks-advanced-columns-f87949f2\" class=\"wp-block-themeisle-blocks-advanced-columns has-2-columns has-desktop-equal-layout has-tablet-equal-layout has-mobile-collapsedRows-layout has-vertical-unset feature-block\"><div class=\"wp-block-themeisle-blocks-advanced-columns-overlay\"><\/div><div class=\"innerblocks-wrap\">\n<div id=\"wp-block-themeisle-blocks-advanced-column-03609fad\" class=\"wp-block-themeisle-blocks-advanced-column\" data-aos=\"fade-right\" data-aos-duration=\"1200\"><div class=\"wp-block-image is-style-default\">\n<figure class=\"alignleft size-full\"><img decoding=\"async\" src=\"https:\/\/admit-one.co.uk\/wp-content\/uploads\/2023\\01\/products_guest-experience_promos-discounts_result.webp\" alt=\"Promociones y Descuentos\" class=\"wp-image-12245\"\/><\/figure><\/div><\/div>\n\n\n\n<div id=\"wp-block-themeisle-blocks-advanced-column-968956cf\" class=\"wp-block-themeisle-blocks-advanced-column\" data-aos=\"fade\" data-aos-duration=\"1200\">\n<h3>Promociones y Descuentos<\/h3>\n\n\n\n<p>Nuestro sistema le permite aplicar y administrar f\u00e1cilmente promociones y descuentos para generar reservas adicionales y ventas adicionales.<\/p>\n\n\n\n<div class=\"is-layout-flex wp-container-9 wp-block-columns are-vertically-aligned-top\">\n<div class=\"is-layout-flow wp-block-column is-vertically-aligned-top\">\n<ul class=\"a1_tick-list\">\n<li>C\u00f3digos de oferta \u00fanica y multioferta<\/li>\n\n\n\n<li>Ofrezca descuentos, complementos gratuitos o desbloquee promociones especiales con c\u00f3digos<\/li>\n<\/ul>\n<\/div>\n\n\n\n<div class=\"is-layout-flow wp-block-column is-vertically-aligned-top\">\n<ul class=\"a1_tick-list\">\n<li>Establecer reglas de ubicaci\u00f3n y caducidad&nbsp;<\/li>\n\n\n\n<li>Establezca reglas personalizadas para generar recompensas para sus clientes, como en aniversarios de renovaci\u00f3n o cumplea\u00f1os<\/li>\n<\/ul>\n<\/div>\n<\/div>\n<\/div>\n<\/div><\/div>\n\n\n\n<div id=\"wp-block-themeisle-blocks-advanced-columns-64c1c2f4\" class=\"wp-block-themeisle-blocks-advanced-columns has-2-columns has-desktop-equal-layout has-tablet-equal-layout has-mobile-collapsedRows-layout has-vertical-unset feature-block\"><div class=\"wp-block-themeisle-blocks-advanced-columns-overlay\"><\/div><div class=\"innerblocks-wrap\">\n<div id=\"wp-block-themeisle-blocks-advanced-column-6c41a377\" class=\"wp-block-themeisle-blocks-advanced-column\" data-aos=\"fade-right\" data-aos-duration=\"1200\"><div class=\"wp-block-image is-style-default\">\n<figure class=\"alignleft size-full\"><img decoding=\"async\" loading=\"lazy\" width=\"600\" height=\"600\" src=\"https:\/\/admit-one.co.uk\/wp-content\/uploads\/2023\/01\/products_guest-experience_marketing-integrations_result-1.webp\" alt=\"Integraciones de marketing\" class=\"wp-image-12494\" srcset=\"https:\/\/admit-one.eu\/wp-content\/uploads\/2023\/01\/products_guest-experience_marketing-integrations_result-1.webp 600w, https:\/\/admit-one.eu\/wp-content\/uploads\/2023\/01\/products_guest-experience_marketing-integrations_result-1-300x300.webp 300w, https:\/\/admit-one.eu\/wp-content\/uploads\/2023\/01\/products_guest-experience_marketing-integrations_result-1-150x150.webp 150w, https:\/\/admit-one.eu\/wp-content\/uploads\/2023\/01\/products_guest-experience_marketing-integrations_result-1-12x12.webp 12w, https:\/\/admit-one.eu\/wp-content\/uploads\/2023\/01\/products_guest-experience_marketing-integrations_result-1-400x400.webp 400w\" sizes=\"(max-width: 600px) 100vw, 600px\" \/><\/figure><\/div><\/div>\n\n\n\n<div id=\"wp-block-themeisle-blocks-advanced-column-d3e90953\" class=\"wp-block-themeisle-blocks-advanced-column\" data-aos=\"fade\" data-aos-duration=\"1200\">\n<h3>Integraciones de marketing<\/h3>\n\n\n\n<p>Nuestra API flexible le garantiza la libertad de integrarse con su CRM y la plataforma de marketing digital de su elecci\u00f3n, lo que garantiza una experiencia fluida y de ciclo cerrado para todos. Como alternativa, puede aprovechar al m\u00e1ximo nuestra integraci\u00f3n profunda con Engage de los l\u00edderes de la industria Showtime Analytics y activar a su audiencia a trav\u00e9s de modelos de datos de comportamiento que generan experiencias personalizadas, automatizadas y atractivas.<\/p>\n\n\n\n<div class=\"is-layout-flex wp-container-12 wp-block-columns are-vertically-aligned-top\">\n<div class=\"is-layout-flow wp-block-column is-vertically-aligned-top\">\n<ul class=\"a1_tick-list\">\n<li>Todos los comportamientos individuales de los clientes, los puntos de contacto y la actividad de compra se integraron para crear una vista \u00fanica del cliente de sus espectadores identificables.<\/li>\n\n\n\n<li>La herramienta de segmentaci\u00f3n de clientes f\u00e1cil de usar le permite identificar grupos de espectadores que comparten comportamientos comunes<\/li>\n\n\n\n<li>Informes de campa\u00f1a integrales en tiempo real y aumento del ROI<\/li>\n<\/ul>\n<\/div>\n\n\n\n<div class=\"is-layout-flow wp-block-column is-vertically-aligned-top\">\n<ul class=\"a1_tick-list\">\n<li>Segmente seg\u00fan: datos demogr\u00e1ficos de los clientes, pel\u00edculas vistas, concesiones compradas, avances vistos, sitio visitado, tipos de boletos comprados y muchos m\u00e1s atributos para identificar su audiencia perfecta para una campa\u00f1a.<\/li>\n\n\n\n<li>Generador de creaci\u00f3n de campa\u00f1as para un dise\u00f1o de contenido simple, atractivo y personalizado<\/li>\n\n\n\n<li>An\u00e1lisis de Actualidad, Frecuencia y Valor Monetario de su base de clientes<\/li>\n<\/ul>\n<\/div>\n<\/div>\n<\/div>\n<\/div><\/div>\n\n\n\n<div id=\"wp-block-themeisle-blocks-advanced-columns-01c14de9\" class=\"wp-block-themeisle-blocks-advanced-columns has-2-columns has-desktop-equal-layout has-tablet-collapsedRows-layout has-mobile-collapsedRows-layout has-vertical-unset call-to-action has-dark-bg\" data-aos=\"fade\" data-aos-duration=\"1200\"><div class=\"wp-block-themeisle-blocks-advanced-columns-overlay\"><\/div><div class=\"innerblocks-wrap\">\n<div id=\"wp-block-themeisle-blocks-advanced-column-aed9b021\" class=\"wp-block-themeisle-blocks-advanced-column\">\n<h2 class=\"wp-block-heading has-nv-site-bg-color has-text-color\">\u00bfListo para comenzar con Admit One?<\/h2>\n\n\n\n<p class=\"has-nv-site-bg-color has-text-color\">Empecemos&nbsp;<i class=\"icon-forward\"><\/i><\/p>\n<\/div>\n\n\n\n<div id=\"wp-block-themeisle-blocks-advanced-column-01e8791e\" class=\"wp-block-themeisle-blocks-advanced-column column-right\">\n<h4 class=\"wp-block-heading has-neve-text-color-color has-text-color\">Ay\u00fadanos a entender tus necesidades<\/h4>\n\n\n\n<p class=\"has-neve-text-color-color has-text-color\">Sabemos que cada negocio es diferente. Sean cuales sean sus requisitos \u00fanicos, Admit One est\u00e1 aqu\u00ed para ofrecerle un sistema POS personalizado que funcione para usted, en cada paso del camino.<\/p>\n\n\n\n<ul class=\"a1_tick-list has-neve-text-color-color has-text-color\">\n<li>Flexible<\/li>\n\n\n\n<li>Asequible<\/li>\n\n\n\n<li>Escalable<\/li>\n<\/ul>\n\n\n\n<div id=\"wp-block-themeisle-blocks-button-group-5e1b0e52\" class=\"wp-block-themeisle-blocks-button-group wp-block-buttons\">\n<div id=\"wp-block-themeisle-blocks-button-bdaccee1\" class=\"wp-block-themeisle-blocks-button wp-block-button is-style-primary\"><a href=\"https:\/\/admit-one.eu\/es\/ponerse-en-contacto\/\" target=\"_self\" rel=\"noopener noreferrer\" class=\"wp-block-button__link\"><span>Hablemos<\/span><\/a><\/div>\n<\/div>\n<\/div>\n<\/div><\/div>","protected":false},"excerpt":{"rendered":"","protected":false},"author":1,"featured_media":0,"parent":14814,"menu_order":0,"comment_status":"closed","ping_status":"closed","template":"","meta":{"om_disable_all_campaigns":false,"_uag_custom_page_level_css":"","_mi_skip_tracking":false,"neve_meta_sidebar":"","neve_meta_container":"full-width","neve_meta_enable_content_width":"","neve_meta_content_width":0,"neve_meta_title_alignment":"center","neve_meta_author_avatar":"","neve_post_elements_order":"","neve_meta_disable_header":"off","neve_meta_disable_footer":"","neve_meta_disable_title":"on","neve_meta_reading_time":"","_themeisle_gutenberg_block_has_review":false},"categories":[],"tags":[],"folder":[90],"aioseo_notices":[],"uagb_featured_image_src":{"full":false,"thumbnail":false,"medium":false,"medium_large":false,"large":false,"1536x1536":false,"2048x2048":false,"trp-custom-language-flag":false,"neve-blog":false,"xl":false,"xxl":false,"xxxl":false,"xxxxl":false,"xxxxxl":false},"uagb_author_info":{"display_name":"James Gibson","author_link":"https:\/\/admit-one.eu\/es\/blog\/author\/james-gibson\/"},"uagb_comment_info":0,"uagb_excerpt":null,"_links":{"self":[{"href":"https:\/\/admit-one.eu\/es\/wp-json\/wp\/v2\/pages\/11988"}],"collection":[{"href":"https:\/\/admit-one.eu\/es\/wp-json\/wp\/v2\/pages"}],"about":[{"href":"https:\/\/admit-one.eu\/es\/wp-json\/wp\/v2\/types\/page"}],"author":[{"embeddable":true,"href":"https:\/\/admit-one.eu\/es\/wp-json\/wp\/v2\/users\/1"}],"replies":[{"embeddable":true,"href":"https:\/\/admit-one.eu\/es\/wp-json\/wp\/v2\/comments?post=11988"}],"version-history":[{"count":6,"href":"https:\/\/admit-one.eu\/es\/wp-json\/wp\/v2\/pages\/11988\/revisions"}],"predecessor-version":[{"id":15116,"href":"https:\/\/admit-one.eu\/es\/wp-json\/wp\/v2\/pages\/11988\/revisions\/15116"}],"up":[{"embeddable":true,"href":"https:\/\/admit-one.eu\/es\/wp-json\/wp\/v2\/pages\/14814"}],"wp:attachment":[{"href":"https:\/\/admit-one.eu\/es\/wp-json\/wp\/v2\/media?parent=11988"}],"wp:term":[{"taxonomy":"category","embeddable":true,"href":"https:\/\/admit-one.eu\/es\/wp-json\/wp\/v2\/categories?post=11988"},{"taxonomy":"post_tag","embeddable":true,"href":"https:\/\/admit-one.eu\/es\/wp-json\/wp\/v2\/tags?post=11988"},{"taxonomy":"folder","embeddable":true,"href":"https:\/\/admit-one.eu\/es\/wp-json\/wp\/v2\/folder?post=11988"}],"curies":[{"name":"wp","href":"https:\/\/api.w.org\/{rel}","templated":true}]}}