{"id":9308,"date":"2022-05-30T10:50:19","date_gmt":"2022-05-30T09:50:19","guid":{"rendered":"https:\/\/admit-one.co.uk\/?page_id=9308"},"modified":"2025-11-13T09:36:30","modified_gmt":"2025-11-13T09:36:30","slug":"cookie-policy","status":"publish","type":"page","link":"https:\/\/admit-one.eu\/de\/cookie-richtlinie\/","title":{"rendered":"Cookie-Richtlinie"},"content":{"rendered":"<section id=\"wp-block-themeisle-blocks-advanced-columns-faf6acdf\" class=\"wp-block-themeisle-blocks-advanced-columns alignfull has-1-columns has-desktop-equal-layout has-tablet-equal-layout has-mobile-equal-layout has-vertical-center clip-btm-up has-dark-bg\"><div class=\"wp-block-themeisle-blocks-advanced-columns-overlay\"><\/div><div class=\"innerblocks-wrap\">\n<div id=\"wp-block-themeisle-blocks-advanced-column-7ec5acd4\" class=\"wp-block-themeisle-blocks-advanced-column\">\n<h1 id=\"wp-block-themeisle-blocks-advanced-heading-13ce2b13\" class=\"wp-block-themeisle-blocks-advanced-heading wp-block-themeisle-blocks-advanced-heading-13ce2b13\">Cookie-Richtlinie<\/h1>\n<\/div>\n<\/div><\/section>\n\n\n\n<div style=\"height:20px\" aria-hidden=\"true\" class=\"wp-block-spacer\"><\/div>\n\n\n\n<p>Diese Cookie-Richtlinie erl\u00e4utert, wie kollaborative Software eingeschr\u00e4nkt wird (\u201e<strong>Gesellschaft<\/strong>&#8220;, &#8220;<strong>wir<\/strong>&#8220;, &#8220;<strong>uns<\/strong>&quot;, und &quot;<strong>unser<\/strong>\u201c) verwendet Cookies und \u00e4hnliche Technologien, um Sie wiederzuerkennen, wenn Sie unsere Websites besuchen&nbsp;<a href=\"https:\/\/admit-one.co.uk\/\" target=\"_blank\" rel=\"noreferrer noopener\">https:\/\/admit-one.co.uk<\/a>, (\u201e<strong>Webseiten<\/strong>\u201c). Es erkl\u00e4rt, was diese Technologien sind und warum wir sie verwenden, sowie Ihre Rechte, unsere Verwendung von ihnen zu kontrollieren.<\/p>\n\n\n\n<p>In einigen F\u00e4llen k\u00f6nnen wir Cookies verwenden, um pers\u00f6nliche Informationen zu sammeln, oder die zu pers\u00f6nlichen Informationen werden, wenn wir sie mit anderen Informationen kombinieren.<\/p>\n\n\n\n<h4>Was sind Cookies?<\/h4>\n\n\n\n<p>Cookies sind kleine Datendateien, die auf Ihrem Computer oder Mobilger\u00e4t abgelegt werden, wenn Sie eine Website besuchen. Cookies werden h\u00e4ufig von Website-Eigent\u00fcmern verwendet, damit ihre Websites funktionieren oder effizienter arbeiten und um Berichtsinformationen bereitzustellen.<\/p>\n\n\n\n<p>Vom Eigent\u00fcmer der Website gesetzte Cookies (in diesem Fall Collaborative Software Limited) werden als \u201eErstanbieter-Cookies\u201c bezeichnet. Cookies, die von anderen Parteien als dem Eigent\u00fcmer der Website gesetzt werden, werden als \u201eDrittanbieter-Cookies\u201c bezeichnet. Cookies von Drittanbietern erm\u00f6glichen die Bereitstellung von Funktionen oder Funktionalit\u00e4ten von Drittanbietern auf oder \u00fcber die Website (z. B. Werbung, interaktive Inhalte und Analysen). Die Parteien, die diese Drittanbieter-Cookies setzen, k\u00f6nnen Ihren Computer sowohl beim Besuch der betreffenden Website als auch beim Besuch bestimmter anderer Websites erkennen.<\/p>\n\n\n\n<h4><strong>Warum verwenden wir Cookies?<\/strong><\/h4>\n\n\n\n<p>Wir verwenden aus mehreren Gr\u00fcnden Erst- und Drittanbieter-Cookies. Einige Cookies sind aus technischen Gr\u00fcnden erforderlich, damit unsere Websites funktionieren, und wir bezeichnen diese als \u201ewesentliche\u201c oder \u201eunbedingt erforderliche\u201c Cookies. Andere Cookies erm\u00f6glichen es uns auch, die Interessen unserer Benutzer zu verfolgen und gezielt einzusetzen, um das Erlebnis auf unseren Online-Eigenschaften zu verbessern. Drittanbieter setzen Cookies \u00fcber unsere Websites f\u00fcr Werbung, Analysen und andere Zwecke ein. Dies wird weiter unten ausf\u00fchrlicher beschrieben.<\/p>\n\n\n\n<p>Die spezifischen Arten von Erst- und Drittanbieter-Cookies, die \u00fcber unsere Websites bereitgestellt werden, und die Zwecke, die sie erf\u00fcllen, werden unten beschrieben (bitte beachten Sie, dass die spezifischen Cookies, die bereitgestellt werden, je nach den von Ihnen besuchten spezifischen Online-Eigenschaften variieren k\u00f6nnen):<\/p>\n\n\n\n<h4><strong>Wie kann ich Cookies kontrollieren?<\/strong><\/h4>\n\n\n\n<p>Sie haben das Recht zu entscheiden, ob Sie Cookies akzeptieren oder ablehnen. Sie k\u00f6nnen Ihre Cookie-Rechte aus\u00fcben, indem Sie Ihre Einstellungen im Cookie-Consent-Manager festlegen. Der Cookie Consent Manager erm\u00f6glicht es Ihnen, auszuw\u00e4hlen, welche Kategorien von Cookies Sie akzeptieren oder ablehnen. Essenzielle Cookies k\u00f6nnen nicht abgelehnt werden, da sie unbedingt erforderlich sind, um Ihnen Dienste bereitzustellen.<\/p>\n\n\n\n<p>Den Cookie-Consent-Manager finden Sie im Benachrichtigungsbanner und auf unserer Website. Wenn Sie sich daf\u00fcr entscheiden, Cookies abzulehnen, k\u00f6nnen Sie unsere Website trotzdem nutzen, obwohl Ihr Zugriff auf einige Funktionen und Bereiche unserer Website m\u00f6glicherweise eingeschr\u00e4nkt ist. Sie k\u00f6nnen auch die Steuerelemente Ihres Webbrowsers so einstellen oder \u00e4ndern, dass Cookies akzeptiert oder abgelehnt werden. Da die Mittel, mit denen Sie Cookies \u00fcber die Steuerelemente Ihres Webbrowsers ablehnen k\u00f6nnen, von Browser zu Browser unterschiedlich sind, sollten Sie das Hilfemen\u00fc Ihres Browsers besuchen, um weitere Informationen zu erhalten.<\/p>\n\n\n\n<p>Dar\u00fcber hinaus bieten Ihnen die meisten Werbenetzwerke die M\u00f6glichkeit, gezielte Werbung abzulehnen. Wenn Sie weitere Informationen erhalten m\u00f6chten, besuchen Sie bitte&nbsp;<a href=\"http:\/\/www.aboutads.info\/choices\/\" target=\"_blank\" rel=\"noreferrer noopener\">http:\/\/www.aboutads.info\/choices\/<\/a>&nbsp;oder&nbsp;<a href=\"http:\/\/www.youronlinechoices.com\/\" target=\"_blank\" rel=\"noreferrer noopener\">http:\/\/www.youronlinechoices.com<\/a>.<\/p>\n\n\n\n<p>Die spezifischen Arten von Erst- und Drittanbieter-Cookies, die \u00fcber unsere Websites bereitgestellt werden, und die Zwecke, die sie erf\u00fcllen, sind in der folgenden Tabelle beschrieben (bitte beachten Sie, dass die spezifischen Cookies, die bereitgestellt werden, je nach den von Ihnen besuchten spezifischen Online-Eigenschaften variieren k\u00f6nnen):<strong>wesentliche Website-Cookies:<\/strong><\/p>\n\n\n\n<p>Diese Cookies sind unbedingt erforderlich, um Ihnen die \u00fcber unsere Websites verf\u00fcgbaren Dienste bereitzustellen und einige ihrer Funktionen zu nutzen, wie z. B. den Zugriff auf sichere Bereiche.<\/p>\n\n\n\n<h4><strong>Analyse- und Anpassungs-Cookies:<\/strong><\/h4>\n\n\n\n<p>Diese Cookies sammeln Informationen, die entweder in aggregierter Form verwendet werden, um uns zu helfen, zu verstehen, wie unsere Websites verwendet werden oder wie effektiv unsere Marketingkampagnen sind, oder um uns zu helfen, unsere Websites f\u00fcr Sie anzupassen.<\/p>\n\n\n\n<figure class=\"wp-block-table\"><table><tbody><tr><td>Name:<\/td><td>_ga<\/td><\/tr><tr><td>Zweck:<\/td><td>Es zeichnet eine bestimmte ID auf, die verwendet wird, um Daten \u00fcber die Nutzung der Website durch den Benutzer zu erhalten. Es ist ein http-Cookie, das nach 2 Jahren abl\u00e4uft.<\/td><\/tr><tr><td>Anbieter:<\/td><td>.admit-one.eu<\/td><\/tr><tr><td>Service:<\/td><td>Google Analytics&nbsp;<a href=\"https:\/\/policies.google.com\/privacy\" target=\"_blank\" rel=\"noreferrer noopener\">Datenschutzrichtlinie des Dienstes anzeigen<\/a>&nbsp;&nbsp;<\/td><\/tr><tr><td>Land:<\/td><td>Vereinigtes K\u00f6nigreich<\/td><\/tr><tr><td>Typ:<\/td><td>Http_cookie<\/td><\/tr><tr><td>L\u00e4uft ab in:<\/td><td>1 Jahr 11 Monate 29 Tage<\/td><\/tr><tr><td>Name:<\/td><td>#sammeln<\/td><\/tr><tr><td>Zweck:<\/td><td>Sendet Daten wie Besucherverhalten und Ger\u00e4t an Google Analytics. Es ist in der Lage, den Besucher \u00fcber Marketingkan\u00e4le und Ger\u00e4te hinweg zu verfolgen. Es ist ein Cookie vom Typ Pixeltracker, dessen Aktivit\u00e4t w\u00e4hrend der Browsersitzung andauert.<\/td><\/tr><tr><td>Anbieter:<\/td><td>Admit-one.eu<\/td><\/tr><tr><td>Service:<\/td><td>Google Analytics&nbsp;<a href=\"https:\/\/policies.google.com\/privacy\" target=\"_blank\" rel=\"noreferrer noopener\">Datenschutzrichtlinie des Dienstes anzeigen<\/a>&nbsp;&nbsp;<\/td><\/tr><tr><td>Land:<\/td><td>Vereinigte Staaten<\/td><\/tr><tr><td>Typ:<\/td><td>Pixel_tracker<\/td><\/tr><tr><td>L\u00e4uft ab in:<\/td><td>Sitzung<\/td><\/tr><tr><td><\/td><td><\/td><td><\/td><\/tr><\/tbody><\/table><\/figure>\n\n\n\n<figure class=\"wp-block-table\"><table><tbody><tr><td>Name:<\/td><td>_gid<\/td><\/tr><tr><td>Zweck:<\/td><td>Beh\u00e4lt einen Eintrag mit einer eindeutigen ID bei, die dann verwendet wird, um statistische Daten \u00fcber die Website-Nutzung durch Besucher zu erhalten. Es ist ein HTTP-Cookie-Typ und l\u00e4uft nach einer Browsersitzung ab.<\/td><\/tr><tr><td>Anbieter:<\/td><td>.admit-one.eu<\/td><\/tr><tr><td>Service:<\/td><td>Google Analytics&nbsp;<a href=\"https:\/\/policies.google.com\/privacy\" target=\"_blank\" rel=\"noreferrer noopener\">Datenschutzrichtlinie des Dienstes anzeigen<\/a>&nbsp;&nbsp;<\/td><\/tr><tr><td>Land:<\/td><td>Vereinigtes K\u00f6nigreich<\/td><\/tr><tr><td>Typ:<\/td><td>Http_cookie<\/td><\/tr><tr><td>L\u00e4uft ab in:<\/td><td>1 Tag<\/td><\/tr><tr><td>Name:<\/td><td>_gat#<\/td><\/tr><tr><td>Zweck:<\/td><td>Erm\u00f6glicht Google Analytics, die Anforderungsrate zu regulieren. Es handelt sich um einen HTTP-Cookie-Typ, der eine Sitzung dauert.<\/td><\/tr><tr><td>Anbieter:<\/td><td>.admit-one.eu<\/td><\/tr><tr><td>Service:<\/td><td>Google Analytics&nbsp;<a href=\"https:\/\/policies.google.com\/privacy\" target=\"_blank\" rel=\"noreferrer noopener\">Datenschutzrichtlinie des Dienstes anzeigen<\/a>&nbsp;&nbsp;<\/td><\/tr><tr><td>Land:<\/td><td>Vereinigtes K\u00f6nigreich<\/td><\/tr><tr><td>Typ:<\/td><td>Http_cookie<\/td><\/tr><tr><td>L\u00e4uft ab in:<\/td><td>1 Minute<\/td><\/tr><tr><td><\/td><td><\/td><td><\/td><\/tr><\/tbody><\/table><\/figure>\n\n\n\n<h4>Nicht klassifizierte Cookies:<\/h4>\n\n\n\n<p>Dies sind Cookies, die noch nicht kategorisiert wurden. Wir sind dabei, diese Cookies mit Hilfe ihrer Anbieter zu klassifizieren.<\/p>\n\n\n\n<figure class=\"wp-block-table\"><table><tbody><tr><td>Name:<\/td><td>UUID<\/td><\/tr><tr><td>Zweck:<\/td><td>__________<\/td><\/tr><tr><td>Anbieter:<\/td><td>Sibautomation.com<\/td><\/tr><tr><td>Service:<\/td><td>__________ &nbsp;<\/td><\/tr><tr><td>Land:<\/td><td>Vereinigte Staaten<\/td><\/tr><tr><td>Typ:<\/td><td>Http_cookie<\/td><\/tr><tr><td>L\u00e4uft ab in:<\/td><td>1 Jahr 29 Tage<\/td><\/tr><tr><td>Name:<\/td><td>Sib_cuid<\/td><\/tr><tr><td>Zweck:<\/td><td>__________<\/td><\/tr><tr><td>Anbieter:<\/td><td>.admit-one.eu<\/td><\/tr><tr><td>Service:<\/td><td>__________ &nbsp;<\/td><\/tr><tr><td>Land:<\/td><td>Vereinigtes K\u00f6nigreich<\/td><\/tr><tr><td>Typ:<\/td><td>Http_cookie<\/td><\/tr><tr><td>L\u00e4uft ab in:<\/td><td>1 Jahr 29 Tage<\/td><\/tr><\/tbody><\/table><\/figure>\n\n\n\n<h4><strong>Was ist mit anderen Tracking-Technologien wie Web Beacons?<\/strong><\/h4>\n\n\n\n<p>Cookies sind nicht die einzige M\u00f6glichkeit, Besucher einer Website zu erkennen oder zu verfolgen. Wir k\u00f6nnen von Zeit zu Zeit andere, \u00e4hnliche Technologien verwenden, wie z. B. Web Beacons (manchmal als \u201eTracking-Pixel\u201c oder \u201eClear Gifs\u201c bezeichnet). Dies sind winzige Grafikdateien, die eine eindeutige Kennung enthalten, die es uns erm\u00f6glicht zu erkennen, wenn jemand unsere Websites besucht oder eine E-Mail mit diesen ge\u00f6ffnet hat. Dies erm\u00f6glicht uns beispielsweise, die Verkehrsmuster von Benutzern von einer Seite innerhalb einer Website zu einer anderen zu \u00fcberwachen, Cookies bereitzustellen oder mit ihnen zu kommunizieren, um zu verstehen, ob Sie \u00fcber eine Online-Werbung auf einer Website eines Drittanbieters auf die Website gelangt sind , um die Leistung der Website zu verbessern und den Erfolg von E-Mail-Marketingkampagnen zu messen. In vielen F\u00e4llen sind diese Technologien auf Cookies angewiesen, um richtig zu funktionieren, und daher wird die Ablehnung von Cookies ihre Funktion beeintr\u00e4chtigen.<\/p>\n\n\n\n<h4><strong>Verwenden Sie Flash-Cookies oder lokal freigegebene Objekte?<\/strong><\/h4>\n\n\n\n<p>Websites k\u00f6nnen auch sogenannte \u201eFlash-Cookies\u201c (auch bekannt als Local Shared Objects oder \u201elsos\u201c) verwenden, um unter anderem Informationen \u00fcber Ihre Nutzung unserer Dienste, zur Betrugspr\u00e4vention und f\u00fcr andere Website-Operationen zu sammeln und zu speichern.<\/p>\n\n\n\n<p>Wenn Sie nicht m\u00f6chten, dass Flash-Cookies auf Ihrem Computer gespeichert werden, k\u00f6nnen Sie die Einstellungen Ihres Flash-Players anpassen, um die Speicherung von Flash-Cookies mit den in der enthaltenen Tools zu blockieren&nbsp;<a href=\"http:\/\/www.macromedia.com\/support\/documentation\/en\/flashplayer\/help\/settings_manager07.html#_blank\">Einstellungsfeld f\u00fcr den Website-Speicher<\/a>. Sie k\u00f6nnen Flash-Cookies auch steuern, indem Sie zu gehen&nbsp;<a href=\"http:\/\/www.macromedia.com\/support\/documentation\/en\/flashplayer\/help\/settings_manager03.html#_blank\">globales Speichereinstellungsfenster<\/a>&nbsp;und befolgen Sie die Anweisungen (einschlie\u00dflich Anweisungen, die beispielsweise erkl\u00e4ren, wie Sie vorhandene Flash-Cookies l\u00f6schen (auf der Macromedia-Website als \u201eInformationen\u201c bezeichnet), wie Sie verhindern k\u00f6nnen, dass Flash-Lsos ungefragt auf Ihrem Computer abgelegt werden, und (f\u00fcr Flash Player 8 und h\u00f6her) wie man Flash-Cookies blockiert, die nicht vom Betreiber der Seite geliefert werden, auf der man sich gerade befindet).<\/p>\n\n\n\n<p>Bitte beachten Sie, dass die Einstellung des Flash-Players zum Einschr\u00e4nken oder Einschr\u00e4nken der Annahme von Flash-Cookies die Funktionalit\u00e4t einiger Flash-Anwendungen reduzieren oder behindern kann, einschlie\u00dflich m\u00f6glicherweise Flash-Anwendungen, die in Verbindung mit unseren Diensten oder Online-Inhalten verwendet werden.<\/p>\n\n\n\n<h4><strong>Bieten Sie gezielte Werbung an?<\/strong><\/h4>\n\n\n\n<p>Dritte k\u00f6nnen Cookies auf Ihrem Computer oder Mobilger\u00e4t platzieren, um Werbung \u00fcber unsere Websites zu schalten. Diese Unternehmen k\u00f6nnen Informationen \u00fcber Ihre Besuche auf dieser und anderen Websites verwenden, um relevante Werbung f\u00fcr Waren und Dienstleistungen bereitzustellen, an denen Sie interessiert sein k\u00f6nnten. Sie k\u00f6nnen auch Technologien einsetzen, die verwendet werden, um die Wirksamkeit von Werbung zu messen. Dies kann dadurch erreicht werden, dass sie Cookies oder Web-Beacons verwenden, um Informationen \u00fcber Ihre Besuche auf dieser und anderen Websites zu sammeln, um relevante Werbung f\u00fcr Waren und Dienstleistungen bereitzustellen, die Sie m\u00f6glicherweise interessieren. Die durch diesen Prozess gesammelten Informationen erm\u00f6glichen es uns oder ihnen nicht, Ihren Namen, Ihre Kontaktdaten oder andere Details zu identifizieren, die Sie direkt identifizieren, es sei denn, Sie geben diese an.<\/p>\n\n\n\n<h4><strong>Wie oft werden Sie diese Cookie-Richtlinie aktualisieren?<\/strong><\/h4>\n\n\n\n<p>Wir k\u00f6nnen diese Cookie-Richtlinie von Zeit zu Zeit aktualisieren, um beispielsweise \u00c4nderungen an den von uns verwendeten Cookies widerzuspiegeln oder aus anderen betrieblichen, rechtlichen oder regulatorischen Gr\u00fcnden. Bitte besuchen Sie diese Cookie-Richtlinie daher regelm\u00e4\u00dfig, um \u00fcber unsere Verwendung von Cookies und verwandten Technologien auf dem Laufenden zu bleiben.<\/p>\n\n\n\n<p>Das Datum oben in dieser Cookie-Richtlinie gibt an, wann sie zuletzt aktualisiert wurde.<\/p>\n\n\n\n<h4><strong>Wo erhalte ich weitere Informationen?<\/strong><\/h4>\n\n\n\n<p>Wenn Sie Fragen zu unserer Verwendung von Cookies oder anderen Technologien haben, senden Sie uns bitte eine E-Mail an\u00a0<a href=\"mailto:info@admit-one.co.uk.local\">info@admit-one.co.uk<\/a>\u00a0oder per Post an:<\/p>\n\n\n\n<p>Collaborative Software Limited<br>Unit 9 Albany Park<br>Cabot Lane<br>Poole BH17 7BX<br>Telefon: 01929 551356<\/p>","protected":false},"excerpt":{"rendered":"<p>Diese Cookie-Richtlinie erl\u00e4utert, wie Collaborative Software Limited (\u201eUnternehmen\u201c, \u201ewir\u201c, \u201euns\u201c und \u201eunser\u201c) Cookies und \u00e4hnliche Technologien verwendet, um Sie wiederzuerkennen, wenn Sie unsere Websites unter https:\/\/admit-one.co besuchen. uk, (\u201eWebsites\u201c). Es erkl\u00e4rt, was diese Technologien sind und warum wir sie verwenden, sowie Ihre Rechte, unsere Verwendung von ihnen zu kontrollieren. In einigen F\u00e4llen k\u00f6nnen wir Cookies verwenden, um \u2026&nbsp;<a href=\"https:\/\/admit-one.eu\/de\/cookie-richtlinie\/\" rel=\"bookmark\">Weiterlesen \u00bb<span class=\"screen-reader-text\">Cookie-Richtlinie<\/span><\/a><\/p>","protected":false},"author":1,"featured_media":0,"parent":0,"menu_order":0,"comment_status":"closed","ping_status":"closed","template":"","meta":{"om_disable_all_campaigns":false,"_uag_custom_page_level_css":"","_mi_skip_tracking":false,"neve_meta_sidebar":"","neve_meta_container":"","neve_meta_enable_content_width":"","neve_meta_content_width":0,"neve_meta_title_alignment":"","neve_meta_author_avatar":"","neve_post_elements_order":"","neve_meta_disable_header":"","neve_meta_disable_footer":"","neve_meta_disable_title":"on","neve_meta_reading_time":"","_themeisle_gutenberg_block_has_review":false},"categories":[],"tags":[],"folder":[91],"aioseo_notices":[],"uagb_featured_image_src":{"full":false,"thumbnail":false,"medium":false,"medium_large":false,"large":false,"1536x1536":false,"2048x2048":false,"trp-custom-language-flag":false,"neve-blog":false,"xl":false,"xxl":false,"xxxl":false,"xxxxl":false,"xxxxxl":false},"uagb_author_info":{"display_name":"James Gibson","author_link":"https:\/\/admit-one.eu\/de\/blog\/author\/james-gibson\/"},"uagb_comment_info":0,"uagb_excerpt":"This cookie policy explains how&nbsp;collaborative software limited&nbsp;(&#8220;company&#8220;, &#8220;we&#8220;, &#8220;us&#8220;, and &#8220;our&#8220;) uses cookies and similar technologies to recognize you when you visit our websites at&nbsp;https:\/\/admit-one.co.uk,&nbsp;(&#8220;websites&#8220;). It explains what these technologies are and why we use them, as well as your rights to control our use of them. In some cases we may use cookies to&hellip;&nbsp;Weiterlesen&hellip;","_links":{"self":[{"href":"https:\/\/admit-one.eu\/de\/wp-json\/wp\/v2\/pages\/9308"}],"collection":[{"href":"https:\/\/admit-one.eu\/de\/wp-json\/wp\/v2\/pages"}],"about":[{"href":"https:\/\/admit-one.eu\/de\/wp-json\/wp\/v2\/types\/page"}],"author":[{"embeddable":true,"href":"https:\/\/admit-one.eu\/de\/wp-json\/wp\/v2\/users\/1"}],"replies":[{"embeddable":true,"href":"https:\/\/admit-one.eu\/de\/wp-json\/wp\/v2\/comments?post=9308"}],"version-history":[{"count":1,"href":"https:\/\/admit-one.eu\/de\/wp-json\/wp\/v2\/pages\/9308\/revisions"}],"predecessor-version":[{"id":15627,"href":"https:\/\/admit-one.eu\/de\/wp-json\/wp\/v2\/pages\/9308\/revisions\/15627"}],"wp:attachment":[{"href":"https:\/\/admit-one.eu\/de\/wp-json\/wp\/v2\/media?parent=9308"}],"wp:term":[{"taxonomy":"category","embeddable":true,"href":"https:\/\/admit-one.eu\/de\/wp-json\/wp\/v2\/categories?post=9308"},{"taxonomy":"post_tag","embeddable":true,"href":"https:\/\/admit-one.eu\/de\/wp-json\/wp\/v2\/tags?post=9308"},{"taxonomy":"folder","embeddable":true,"href":"https:\/\/admit-one.eu\/de\/wp-json\/wp\/v2\/folder?post=9308"}],"curies":[{"name":"wp","href":"https:\/\/api.w.org\/{rel}","templated":true}]}}