{"id":9298,"date":"2022-05-30T10:41:17","date_gmt":"2022-05-30T09:41:17","guid":{"rendered":"https:\/\/admit-one.co.uk\/?page_id=9298"},"modified":"2022-10-27T08:22:56","modified_gmt":"2022-10-27T07:22:56","slug":"faqs","status":"publish","type":"page","link":"https:\/\/admit-one.eu\/de\/faqs\/","title":{"rendered":"H\u00e4ufig gestellte Fragen"},"content":{"rendered":"<section id=\"wp-block-themeisle-blocks-advanced-columns-faf6acdf\" class=\"wp-block-themeisle-blocks-advanced-columns alignfull has-1-columns has-desktop-equal-layout has-tablet-equal-layout has-mobile-equal-layout has-vertical-center clip-btm-up\"><div class=\"wp-block-themeisle-blocks-advanced-columns-overlay\"><\/div><div class=\"innerblocks-wrap\">\n<div id=\"wp-block-themeisle-blocks-advanced-column-7ec5acd4\" class=\"wp-block-themeisle-blocks-advanced-column\">\n<h1 id=\"wp-block-themeisle-blocks-advanced-heading-13ce2b13\" class=\"wp-block-themeisle-blocks-advanced-heading wp-block-themeisle-blocks-advanced-heading-13ce2b13\">H\u00e4ufig gestellte Fragen<\/h1>\n<\/div>\n<\/div><\/section>\n\n\n\n<div id=\"wp-block-themeisle-blocks-accordion-2e85123d\" class=\"wp-block-themeisle-blocks-accordion\">\n<details class=\"wp-block-themeisle-blocks-accordion-item\"><summary class=\"wp-block-themeisle-blocks-accordion-item__title\"><div>Muss ich jedes Modul einzeln kaufen?<\/div><\/summary><div class=\"wp-block-themeisle-blocks-accordion-item__content\">\n<p>Nein, A1 Suite ist ein Komplettpaket, von dem wir glauben, dass es alles enth\u00e4lt, was Sie f\u00fcr den erfolgreichen Betrieb Ihres Veranstaltungsortes ben\u00f6tigen. Verwenden Sie so viel oder so wenig, wie Sie m\u00f6chten.<\/p>\n<\/div><\/details>\n\n\n\n<details class=\"wp-block-themeisle-blocks-accordion-item\"><summary class=\"wp-block-themeisle-blocks-accordion-item__title\"><div>Was kostet die Nutzung der A1 Suite?<\/div><\/summary><div class=\"wp-block-themeisle-blocks-accordion-item__content\">\n<p>F\u00fcr die Nutzung von Al Suite wird pro Standort eine bescheidene monatliche Grundgeb\u00fchr erhoben, gekoppelt mit einer Skalierbarkeitsgeb\u00fchr*, die f\u00fcr jede Remote-Transaktion erhoben wird. Unsere Preispolitik ist darauf ausgerichtet, Al Suite m\u00f6glichst kostenneutral zu gestalten.<\/p>\n\n\n\n<p>*Die Skalierbarkeitsgeb\u00fchr soll Gro\u00dfbenutzer von kleineren Betreibern unterscheiden und wird pro Transaktion auf Remote-Transaktionen erhoben, die \u00fcber das Web, die App und den einzigen Exduding-Al-Shop von API verarbeitet werden.<\/p>\n<\/div><\/details>\n\n\n\n<details class=\"wp-block-themeisle-blocks-accordion-item\"><summary class=\"wp-block-themeisle-blocks-accordion-item__title\"><div>Bieten Sie Schulungen an?<\/div><\/summary><div class=\"wp-block-themeisle-blocks-accordion-item__content\">\n<p>Ja, Schulungen vor Ort oder au\u00dferhalb sind auf Anfrage verf\u00fcgbar.<\/p>\n<\/div><\/details>\n\n\n\n<details class=\"wp-block-themeisle-blocks-accordion-item\"><summary class=\"wp-block-themeisle-blocks-accordion-item__title\"><div>Ich lebe nicht in Gro\u00dfbritannien, kann ich die A1 Suite trotzdem nutzen?<\/div><\/summary><div class=\"wp-block-themeisle-blocks-accordion-item__content\">\n<p>Ja, unser engagiertes Support-Team kann sich mit Ihrer Website verbinden und Ihnen \u00fcberall auf der Welt helfen.<\/p>\n<\/div><\/details>\n\n\n\n<details class=\"wp-block-themeisle-blocks-accordion-item\"><summary class=\"wp-block-themeisle-blocks-accordion-item__title\"><div>Wenn ich eine Frage habe, kann ich mit jemandem sprechen?<\/div><\/summary><div class=\"wp-block-themeisle-blocks-accordion-item__content\">\n<p>Ja, manchmal verstehen wir, dass Sie nur mit jemandem sprechen m\u00fcssen, unser Team ist f\u00fcr Sie da.<\/p>\n<\/div><\/details>\n\n\n\n<details class=\"wp-block-themeisle-blocks-accordion-item\"><summary class=\"wp-block-themeisle-blocks-accordion-item__title\"><div>Was passiert, wenn wir auf technische Probleme sto\u00dfen?<\/div><\/summary><div class=\"wp-block-themeisle-blocks-accordion-item__content\">\n<p>Unser Team \u00fcberwacht immer eine Reihe von Telematikger\u00e4ten im Hintergrund, um sicherzustellen, dass alles f\u00fcr Sie richtig funktioniert.<\/p>\n<\/div><\/details>\n<\/div>","protected":false},"excerpt":{"rendered":"","protected":false},"author":1,"featured_media":0,"parent":0,"menu_order":0,"comment_status":"closed","ping_status":"closed","template":"","meta":{"om_disable_all_campaigns":false,"_uag_custom_page_level_css":"","_mi_skip_tracking":false,"neve_meta_sidebar":"","neve_meta_container":"","neve_meta_enable_content_width":"","neve_meta_content_width":0,"neve_meta_title_alignment":"","neve_meta_author_avatar":"","neve_post_elements_order":"","neve_meta_disable_header":"","neve_meta_disable_footer":"","neve_meta_disable_title":"on","neve_meta_reading_time":"","_themeisle_gutenberg_block_has_review":false},"categories":[],"tags":[],"folder":[],"aioseo_notices":[],"uagb_featured_image_src":{"full":false,"thumbnail":false,"medium":false,"medium_large":false,"large":false,"1536x1536":false,"2048x2048":false,"trp-custom-language-flag":false,"neve-blog":false,"xl":false,"xxl":false,"xxxl":false,"xxxxl":false,"xxxxxl":false},"uagb_author_info":{"display_name":"James Gibson","author_link":"https:\/\/admit-one.eu\/de\/blog\/author\/james-gibson\/"},"uagb_comment_info":0,"uagb_excerpt":null,"_links":{"self":[{"href":"https:\/\/admit-one.eu\/de\/wp-json\/wp\/v2\/pages\/9298"}],"collection":[{"href":"https:\/\/admit-one.eu\/de\/wp-json\/wp\/v2\/pages"}],"about":[{"href":"https:\/\/admit-one.eu\/de\/wp-json\/wp\/v2\/types\/page"}],"author":[{"embeddable":true,"href":"https:\/\/admit-one.eu\/de\/wp-json\/wp\/v2\/users\/1"}],"replies":[{"embeddable":true,"href":"https:\/\/admit-one.eu\/de\/wp-json\/wp\/v2\/comments?post=9298"}],"version-history":[{"count":0,"href":"https:\/\/admit-one.eu\/de\/wp-json\/wp\/v2\/pages\/9298\/revisions"}],"wp:attachment":[{"href":"https:\/\/admit-one.eu\/de\/wp-json\/wp\/v2\/media?parent=9298"}],"wp:term":[{"taxonomy":"category","embeddable":true,"href":"https:\/\/admit-one.eu\/de\/wp-json\/wp\/v2\/categories?post=9298"},{"taxonomy":"post_tag","embeddable":true,"href":"https:\/\/admit-one.eu\/de\/wp-json\/wp\/v2\/tags?post=9298"},{"taxonomy":"folder","embeddable":true,"href":"https:\/\/admit-one.eu\/de\/wp-json\/wp\/v2\/folder?post=9298"}],"curies":[{"name":"wp","href":"https:\/\/api.w.org\/{rel}","templated":true}]}}