{"id":12338,"date":"2023-01-23T12:01:18","date_gmt":"2023-01-23T12:01:18","guid":{"rendered":"https:\/\/admit-one.co.uk\/?page_id=12338"},"modified":"2024-02-22T16:28:39","modified_gmt":"2024-02-22T16:28:39","slug":"about-us","status":"publish","type":"page","link":"https:\/\/admit-one.eu\/de\/uber-uns\/","title":{"rendered":"\u00dcber uns"},"content":{"rendered":"<div id=\"wp-block-themeisle-blocks-advanced-columns-dff4b542\" class=\"wp-block-themeisle-blocks-advanced-columns alignfull has-1-columns has-desktop-twoOne-layout has-tablet-equal-layout has-mobile-collapsedRows-layout has-reverse-columns-mobile has-vertical-unset has-vertical-undefined\"><div class=\"wp-block-themeisle-blocks-advanced-columns-overlay\"><\/div><div class=\"innerblocks-wrap\">\n<div id=\"wp-block-themeisle-blocks-advanced-column-eee0d37b\" class=\"wp-block-themeisle-blocks-advanced-column\" data-aos=\"fade\" data-aos-duration=\"1200\">\n<h1 class=\"has-text-align-center wp-block-heading\">\u00dcber uns<\/h1>\n\n\n\n<h3 class=\"has-text-align-center wp-block-heading\">25 Jahre Bereitstellung von POS f\u00fcr f\u00fchrende europ\u00e4ische Rennstrecken und wichtige Veranstaltungsorte und Touristenattraktionen<\/h3>\n<\/div>\n<\/div><\/div>\n\n\n\n<div id=\"wp-block-themeisle-blocks-advanced-columns-76e9b26c\" class=\"wp-block-themeisle-blocks-advanced-columns alignfull has-2-columns has-desktop-oneTwo-layout has-tablet-oneTwo-layout has-mobile-collapsedRows-layout has-reverse-columns-mobile has-vertical-unset has-vertical-undefined\"><div class=\"wp-block-themeisle-blocks-advanced-columns-overlay\"><\/div><div class=\"innerblocks-wrap\">\n<div id=\"wp-block-themeisle-blocks-advanced-column-d2e3e2dd\" class=\"wp-block-themeisle-blocks-advanced-column\" data-aos=\"fade-right\" data-aos-duration=\"1200\"><div class=\"wp-block-image\">\n<figure class=\"aligncenter size-full is-resized\"><img decoding=\"async\" loading=\"lazy\" src=\"https:\/\/admit-one.co.uk\/wp-content\/uploads\/2023\/01\/image_f-and-b_result.webp\" alt=\"\" class=\"wp-image-12260\" width=\"300\" height=\"300\" srcset=\"https:\/\/admit-one.eu\/wp-content\/uploads\/2023\/01\/image_f-and-b_result.webp 400w, https:\/\/admit-one.eu\/wp-content\/uploads\/2023\/01\/image_f-and-b_result-300x300.webp 300w, https:\/\/admit-one.eu\/wp-content\/uploads\/2023\/01\/image_f-and-b_result-150x150.webp 150w, https:\/\/admit-one.eu\/wp-content\/uploads\/2023\/01\/image_f-and-b_result-12x12.webp 12w\" sizes=\"(max-width: 300px) 100vw, 300px\" \/><\/figure><\/div><\/div>\n\n\n\n<div id=\"wp-block-themeisle-blocks-advanced-column-0efe64cf\" class=\"wp-block-themeisle-blocks-advanced-column\" data-aos=\"fade\" data-aos-duration=\"1200\">\n<h4 class=\"has-text-align-left wp-block-heading\">Gebaut von Ausstellern f\u00fcr Aussteller<\/h4>\n\n\n\n<p>Wir haben eine lange Geschichte als Messebetreiber, was uns die einzigartige F\u00e4higkeit gibt, die Bed\u00fcrfnisse von Ihnen als Aussteller zu verstehen und gemeinsam L\u00f6sungen zu entwickeln, um Ihre strategischen Bed\u00fcrfnisse zu erf\u00fcllen.<\/p>\n\n\n\n<p>Wir wissen, wie wichtig zuverl\u00e4ssige Technologie ist, die es Ihnen erm\u00f6glicht, Ihr Gesch\u00e4ft zu f\u00fchren und Ihre Kunden zu bedienen. Aus diesem Grund war es immer unsere Mission, unsere Kunden mit zuverl\u00e4ssigen, intuitiven und flexiblen Tools auszustatten, um ihre sich st\u00e4ndig \u00e4ndernde Umgebung zu verwalten.<\/p>\n\n\n\n<p>Unser talentiertes und innovatives Team mit Hauptsitz in Gro\u00dfbritannien und Niederlassungen in Europa entwickelt st\u00e4ndig Ideen, um sicherzustellen, dass wir diese Vision verwirklichen. Nach 25 Jahren auf dem europ\u00e4ischen Markt haben wir 2021 die Entscheidung getroffen, unsere Technologie und unser Betriebsmodell auf die M\u00e4rkte in den USA und Lateinamerika zu bringen. Mit einer 7-stelligen Investition und einem neuen Unternehmensteam vor Ort bedeutet unsere globale Expansion, dass wir unseren neuen inl\u00e4ndischen Kunden rund um die Uhr Support, Entwicklung und Rollouts vor Ort anbieten k\u00f6nnen.<\/p>\n<\/div>\n<\/div><div class=\"wp-block-themeisle-blocks-advanced-columns-separators bottom\"><svg id=\"slant\" fill=\"var(--nv-text-dark-bg)\" viewbox=\"0 0 100 100\" width=\"100%\" height=\"100\" preserveaspectratio=\"none\" xmlns=\"http:\/\/www.w3.org\/2000\/svg\" class=\"rotate\"><path d=\"M0 0 L0 100 L100 0 Z\"><\/path><\/svg><\/div><\/div>\n\n\n\n<div id=\"wp-block-themeisle-blocks-advanced-columns-0d911272\" class=\"wp-block-themeisle-blocks-advanced-columns has-1-columns has-desktop-equal-layout has-tablet-equal-layout has-mobile-equal-layout has-vertical-unset\"><div class=\"wp-block-themeisle-blocks-advanced-columns-overlay\"><\/div><div class=\"innerblocks-wrap\">\n<div id=\"wp-block-themeisle-blocks-advanced-column-c826e310\" class=\"wp-block-themeisle-blocks-advanced-column\" data-aos=\"fade\" data-aos-duration=\"1200\">\n<h2 class=\"has-text-align-center wp-block-heading\"><strong>Lernen Sie das F\u00fchrungsteam kennen<\/strong><\/h2>\n<\/div>\n<\/div><\/div>\n\n\n\n<section id=\"wp-block-themeisle-blocks-advanced-columns-b06ccfb5\" class=\"wp-block-themeisle-blocks-advanced-columns alignfull has-2-columns has-desktop-equal-layout has-tablet-equal-layout has-mobile-collapsedRows-layout has-vertical-center panels-overlay\"><div class=\"wp-block-themeisle-blocks-advanced-columns-overlay\"><\/div><div class=\"wp-block-themeisle-blocks-advanced-columns-separators top\"><svg id=\"slant\" fill=\"var(--nv-text-dark-bg)\" viewbox=\"0 0 100 100\" width=\"100%\" height=\"100\" preserveaspectratio=\"none\" xmlns=\"http:\/\/www.w3.org\/2000\/svg\" class=\"\"><path d=\"M0 0 L0 100 L100 0 Z\"><\/path><\/svg><\/div><div class=\"innerblocks-wrap\">\n<div id=\"wp-block-themeisle-blocks-advanced-column-3125067c\" class=\"wp-block-themeisle-blocks-advanced-column\" data-aos=\"fade-right\" data-aos-duration=\"1200\"><div class=\"wp-block-image is-style-rounded\">\n<figure class=\"aligncenter size-full is-resized\"><img decoding=\"async\" loading=\"lazy\" src=\"https:\/\/admit-one.co.uk\/wp-content\/uploads\/2023\/01\/Pete_result.webp\" alt=\"Peter Morton\" class=\"wp-image-12607\" width=\"180\" height=\"180\" srcset=\"https:\/\/admit-one.eu\/wp-content\/uploads\/2023\/01\/Pete_result.webp 240w, https:\/\/admit-one.eu\/wp-content\/uploads\/2023\/01\/Pete_result-150x150.webp 150w, https:\/\/admit-one.eu\/wp-content\/uploads\/2023\/01\/Pete_result-12x12.webp 12w\" sizes=\"(max-width: 180px) 100vw, 180px\" \/><\/figure><\/div>\n\n\n<div style=\"height:20px\" aria-hidden=\"true\" class=\"wp-block-spacer\"><\/div>\n\n\n\n<div class=\"is-layout-constrained wp-block-group noTranslate\" data-no-translation=\"\"><div class=\"wp-block-group__inner-container\">\n<h4 class=\"has-text-align-center wp-block-heading noTranslate\" data-no-translation=\"\">Peter Morton<\/h4>\n\n\n\n<h5 class=\"has-text-align-center wp-block-heading\">Founder &amp; CEO<\/h5>\n<\/div><\/div>\n\n\n\n<p>Der Chief Executive Officer von Admit One wurde von Peter Morton gegr\u00fcndet und ist f\u00fcr die Gesamtleitung des Unternehmens sowie f\u00fcr die Beeinflussung der Produktausrichtung verantwortlich. Mit \u00fcber 35 Jahren Erfahrung in der Softwareentwicklung, von denen sich \u00fcber 25 Jahre speziell auf die Anwendung von Technologie auf dem Ausstellungsmarkt beziehen, ist er sehr versiert darin, Kundenziele und -bed\u00fcrfnisse in zuverl\u00e4ssige, robuste L\u00f6sungen umzusetzen, die ihre Ziele erreichen.<\/p>\n<\/div>\n\n\n\n<div id=\"wp-block-themeisle-blocks-advanced-column-148ce39f\" class=\"wp-block-themeisle-blocks-advanced-column\" data-aos=\"fade-left\" data-aos-duration=\"1200\"><div class=\"wp-block-image is-style-rounded\">\n<figure class=\"aligncenter size-full is-resized\"><img decoding=\"async\" loading=\"lazy\" src=\"https:\/\/admit-one.co.uk\/wp-content\/uploads\/2023\/01\/matt_result.webp\" alt=\"Matth\u00e4us Voss\" class=\"wp-image-12609\" width=\"180\" height=\"180\" srcset=\"https:\/\/admit-one.eu\/wp-content\/uploads\/2023\/01\/matt_result.webp 240w, https:\/\/admit-one.eu\/wp-content\/uploads\/2023\/01\/matt_result-150x150.webp 150w, https:\/\/admit-one.eu\/wp-content\/uploads\/2023\/01\/matt_result-12x12.webp 12w\" sizes=\"(max-width: 180px) 100vw, 180px\" \/><\/figure><\/div>\n\n\n<div style=\"height:20px\" aria-hidden=\"true\" class=\"wp-block-spacer\"><\/div>\n\n\n\n<div class=\"is-layout-constrained wp-block-group noTranslate\" data-no-translation=\"\"><div class=\"wp-block-group__inner-container\">\n<h4 class=\"has-text-align-center wp-block-heading noTranslate\" data-no-translation=\"\">Matthew Voss<\/h4>\n\n\n\n<h5 class=\"has-text-align-center wp-block-heading\">CTO<\/h5>\n<\/div><\/div>\n\n\n\n<p class=\"has-text-align-left\">Als Admit One-Veteran mit \u00fcber 10 Jahren Erfahrung ist Matt f\u00fcr die Qualit\u00e4t und den technischen Ansatz der Teammitglieder verantwortlich und stellt sicher, dass ihre Projekte p\u00fcnktlich und im Rahmen des Budgets geliefert werden. Sein umfangreiches Wissen \u00fcber unsere Kernsysteme ist f\u00fcr unsere neuen und bestehenden Kunden von unsch\u00e4tzbarem Wert, wenn sie ma\u00dfgeschneiderte Funktionen ben\u00f6tigen.<\/p>\n<\/div>\n<\/div><\/section>\n\n\n\n<section id=\"wp-block-themeisle-blocks-advanced-columns-90947d6e\" class=\"wp-block-themeisle-blocks-advanced-columns alignfull has-2-columns has-desktop-equal-layout has-tablet-equal-layout has-mobile-collapsedRows-layout has-vertical-center panels-overlay\"><div class=\"wp-block-themeisle-blocks-advanced-columns-overlay\"><\/div><div class=\"innerblocks-wrap\">\n<div id=\"wp-block-themeisle-blocks-advanced-column-824d6b28\" class=\"wp-block-themeisle-blocks-advanced-column\" data-aos=\"fade-right\" data-aos-duration=\"1200\"><div class=\"wp-block-image is-style-rounded\">\n<figure class=\"aligncenter size-full is-resized\"><img decoding=\"async\" loading=\"lazy\" src=\"https:\/\/admit-one.co.uk\/wp-content\/uploads\/2023\/01\/paul_result.webp\" alt=\"Paul Kalb\" class=\"wp-image-12610\" width=\"180\" height=\"180\" srcset=\"https:\/\/admit-one.eu\/wp-content\/uploads\/2023\/01\/paul_result.webp 240w, https:\/\/admit-one.eu\/wp-content\/uploads\/2023\/01\/paul_result-150x150.webp 150w, https:\/\/admit-one.eu\/wp-content\/uploads\/2023\/01\/paul_result-12x12.webp 12w\" sizes=\"(max-width: 180px) 100vw, 180px\" \/><\/figure><\/div>\n\n\n<div style=\"height:20px\" aria-hidden=\"true\" class=\"wp-block-spacer\"><\/div>\n\n\n\n<div class=\"is-layout-constrained wp-block-group noTranslate\" data-no-translation=\"\"><div class=\"wp-block-group__inner-container\">\n<h4 class=\"has-text-align-center wp-block-heading noTranslate\" data-no-translation=\"\">Paul Veal<\/h4>\n\n\n\n<h5 class=\"has-text-align-center wp-block-heading\">COO<\/h5>\n<\/div><\/div>\n\n\n\n<p class=\"has-text-align-left\">Seit er 2014 zu Admit One kam, ist Paul zum Dreh- und Angelpunkt zwischen den Abteilungen geworden, indem er die Arbeitspraktiken verbessert und die Teamharmonie aufrechterh\u00e4lt. Mit seiner umfassenden Branchenkenntnis ist er auch f\u00fcr die Leitung der Marketingfunktion des Unternehmens verantwortlich, wo seine jahrelange Erfahrung bei der Vermittlung des Wertangebots von Admit One an unsere Kunden und potenziellen Kunden von unsch\u00e4tzbarem Wert ist.<\/p>\n<\/div>\n\n\n\n<div id=\"wp-block-themeisle-blocks-advanced-column-e491dd6f\" class=\"wp-block-themeisle-blocks-advanced-column\" data-aos=\"fade-left\" data-aos-duration=\"1200\"><div class=\"wp-block-image is-style-rounded\">\n<figure class=\"aligncenter size-full is-resized\"><img decoding=\"async\" loading=\"lazy\" src=\"https:\/\/admit-one.co.uk\/wp-content\/uploads\/2023\/01\/daniel_result.webp\" alt=\"Daniel Tristan\" class=\"wp-image-12608\" width=\"180\" height=\"180\" srcset=\"https:\/\/admit-one.eu\/wp-content\/uploads\/2023\/01\/daniel_result.webp 240w, https:\/\/admit-one.eu\/wp-content\/uploads\/2023\/01\/daniel_result-150x150.webp 150w, https:\/\/admit-one.eu\/wp-content\/uploads\/2023\/01\/daniel_result-12x12.webp 12w\" sizes=\"(max-width: 180px) 100vw, 180px\" \/><\/figure><\/div>\n\n\n<div style=\"height:20px\" aria-hidden=\"true\" class=\"wp-block-spacer\"><\/div>\n\n\n\n<div class=\"is-layout-constrained wp-block-group noTranslate\" data-no-translation=\"\"><div class=\"wp-block-group__inner-container\">\n<h4 class=\"has-text-align-center wp-block-heading\">Daniel Tristan<\/h4>\n\n\n\n<h5 class=\"has-text-align-center wp-block-heading\">CTO US &amp; LATAM<\/h5>\n<\/div><\/div>\n\n\n\n<p class=\"has-text-align-left\">Als ehemaliger IT-Manager von Cinemex, einer der Top-5-Multiplex-Ketten weltweit mit \u00fcber 380 Standorten in Mexiko und den USA, und zuletzt Leiter des Integrationsteams bei Showtime Analytics, einem globalen Unternehmensplayer im Bereich Datenanalyse f\u00fcr das Kino und Unterhaltungsindustrie ist Daniel f\u00fcr unser neues engagiertes Enterprise-Team in den USA und Lateinamerika verantwortlich, das alle traditionellen Kino- und Mehrzweck-Veranstaltungsorte abdeckt.<\/p>\n<\/div>\n<\/div><\/section>\n\n\n\n<div id=\"wp-block-themeisle-blocks-advanced-columns-01c14de9\" class=\"wp-block-themeisle-blocks-advanced-columns has-2-columns has-desktop-equal-layout has-tablet-collapsedRows-layout has-mobile-collapsedRows-layout has-vertical-unset call-to-action has-dark-bg\" data-aos=\"fade\" data-aos-duration=\"1200\"><div class=\"wp-block-themeisle-blocks-advanced-columns-overlay\"><\/div><div class=\"innerblocks-wrap\">\n<div id=\"wp-block-themeisle-blocks-advanced-column-aed9b021\" class=\"wp-block-themeisle-blocks-advanced-column\">\n<h2 class=\"wp-block-heading has-nv-site-bg-color has-text-color\">Sind Sie bereit, mit Admit One zu beginnen?<\/h2>\n\n\n\n<p class=\"has-nv-site-bg-color has-text-color\">Lass uns anfangen&nbsp;<i class=\"icon-forward\"><\/i><\/p>\n<\/div>\n\n\n\n<div id=\"wp-block-themeisle-blocks-advanced-column-01e8791e\" class=\"wp-block-themeisle-blocks-advanced-column column-right\">\n<h4 class=\"wp-block-heading has-neve-text-color-color has-text-color\">Helfen Sie uns, Ihre Bed\u00fcrfnisse zu verstehen<\/h4>\n\n\n\n<p class=\"has-neve-text-color-color has-text-color\">Wir wissen, dass jedes Unternehmen anders ist. Was auch immer Ihre individuellen Anforderungen sind, Admit One ist hier, um ein ma\u00dfgeschneidertes POS-System anzubieten, das bei jedem Schritt f\u00fcr Sie funktioniert.<\/p>\n\n\n\n<ul class=\"a1_tick-list has-neve-text-color-color has-text-color\">\n<li>Flexibel<\/li>\n\n\n\n<li>Erschwinglich<\/li>\n\n\n\n<li>Skalierbar<\/li>\n<\/ul>\n\n\n\n<div id=\"wp-block-themeisle-blocks-button-group-5e1b0e52\" class=\"wp-block-themeisle-blocks-button-group wp-block-buttons\">\n<div id=\"wp-block-themeisle-blocks-button-bdaccee1\" class=\"wp-block-themeisle-blocks-button wp-block-button is-style-primary\"><a href=\"https:\/\/admit-one.eu\/de\/in-kontakt-kommen\/\" target=\"_self\" rel=\"noopener noreferrer\" class=\"wp-block-button__link\"><span>Lass uns reden<\/span><\/a><\/div>\n<\/div>\n<\/div>\n<\/div><\/div>","protected":false},"excerpt":{"rendered":"","protected":false},"author":1,"featured_media":0,"parent":0,"menu_order":0,"comment_status":"closed","ping_status":"closed","template":"","meta":{"om_disable_all_campaigns":false,"_uag_custom_page_level_css":"","_mi_skip_tracking":false,"neve_meta_sidebar":"","neve_meta_container":"full-width","neve_meta_enable_content_width":"","neve_meta_content_width":0,"neve_meta_title_alignment":"","neve_meta_author_avatar":"","neve_post_elements_order":"","neve_meta_disable_header":"","neve_meta_disable_footer":"","neve_meta_disable_title":"on","neve_meta_reading_time":"","_themeisle_gutenberg_block_has_review":false},"categories":[],"tags":[],"folder":[],"aioseo_notices":[],"uagb_featured_image_src":{"full":false,"thumbnail":false,"medium":false,"medium_large":false,"large":false,"1536x1536":false,"2048x2048":false,"trp-custom-language-flag":false,"neve-blog":false,"xl":false,"xxl":false,"xxxl":false,"xxxxl":false,"xxxxxl":false},"uagb_author_info":{"display_name":"James Gibson","author_link":"https:\/\/admit-one.eu\/de\/blog\/author\/james-gibson\/"},"uagb_comment_info":0,"uagb_excerpt":null,"_links":{"self":[{"href":"https:\/\/admit-one.eu\/de\/wp-json\/wp\/v2\/pages\/12338"}],"collection":[{"href":"https:\/\/admit-one.eu\/de\/wp-json\/wp\/v2\/pages"}],"about":[{"href":"https:\/\/admit-one.eu\/de\/wp-json\/wp\/v2\/types\/page"}],"author":[{"embeddable":true,"href":"https:\/\/admit-one.eu\/de\/wp-json\/wp\/v2\/users\/1"}],"replies":[{"embeddable":true,"href":"https:\/\/admit-one.eu\/de\/wp-json\/wp\/v2\/comments?post=12338"}],"version-history":[{"count":3,"href":"https:\/\/admit-one.eu\/de\/wp-json\/wp\/v2\/pages\/12338\/revisions"}],"predecessor-version":[{"id":15106,"href":"https:\/\/admit-one.eu\/de\/wp-json\/wp\/v2\/pages\/12338\/revisions\/15106"}],"wp:attachment":[{"href":"https:\/\/admit-one.eu\/de\/wp-json\/wp\/v2\/media?parent=12338"}],"wp:term":[{"taxonomy":"category","embeddable":true,"href":"https:\/\/admit-one.eu\/de\/wp-json\/wp\/v2\/categories?post=12338"},{"taxonomy":"post_tag","embeddable":true,"href":"https:\/\/admit-one.eu\/de\/wp-json\/wp\/v2\/tags?post=12338"},{"taxonomy":"folder","embeddable":true,"href":"https:\/\/admit-one.eu\/de\/wp-json\/wp\/v2\/folder?post=12338"}],"curies":[{"name":"wp","href":"https:\/\/api.w.org\/{rel}","templated":true}]}}