{"id":11988,"date":"2023-01-09T13:02:38","date_gmt":"2023-01-09T13:02:38","guid":{"rendered":"https:\/\/admit-one.co.uk\/?page_id=11988"},"modified":"2024-02-22T16:31:45","modified_gmt":"2024-02-22T16:31:45","slug":"guest-experience","status":"publish","type":"page","link":"https:\/\/admit-one.eu\/de\/losungen\/gasteerlebnis\/","title":{"rendered":"G\u00e4steerlebnis"},"content":{"rendered":"<div id=\"wp-block-themeisle-blocks-advanced-columns-f3534b6f\" class=\"wp-block-themeisle-blocks-advanced-columns has-2-columns has-desktop-twoOne-layout has-tablet-equal-layout has-mobile-collapsedRows-layout has-reverse-columns-mobile has-vertical-unset has-vertical-undefined page-header\"><div class=\"wp-block-themeisle-blocks-advanced-columns-overlay\"><\/div><div class=\"innerblocks-wrap\">\n<div id=\"wp-block-themeisle-blocks-advanced-column-49529f4b\" class=\"wp-block-themeisle-blocks-advanced-column\" data-aos=\"fade\" data-aos-duration=\"1200\">\n<h1>G\u00e4steerlebnis<\/h1>\n\n\n\n<p>Sorgen Sie daf\u00fcr, dass Ihre Kunden mit anpassbaren Pr\u00e4mienprogrammen und personalisierten Anreizen zur\u00fcckkehren, die darauf ausgelegt sind, Ihr Gesch\u00e4ft auszubauen und Ihre Kunden zu begeistern.<\/p>\n\n\n\n<div id=\"wp-block-themeisle-blocks-button-group-74f45ab7\" class=\"wp-block-themeisle-blocks-button-group wp-block-buttons\">\n<div id=\"wp-block-themeisle-blocks-button-6461b3a4\" class=\"wp-block-themeisle-blocks-button wp-block-button is-style-primary\"><a href=\"https:\/\/www.admit-one.co.uk\/request-demo\/\" target=\"_self\" rel=\"noopener noreferrer\" class=\"wp-block-button__link\"><span>Eine Demo anfordern <\/span><\/a><\/div>\n<\/div>\n<\/div>\n\n\n\n<div id=\"wp-block-themeisle-blocks-advanced-column-27c8e090\" class=\"wp-block-themeisle-blocks-advanced-column\" data-aos=\"fade-up\" data-aos-duration=\"1200\"><div class=\"wp-block-image is-style-default\">\n<figure class=\"aligncenter size-full\"><img decoding=\"async\" src=\"https:\/\/admit-one.co.uk\/wp-content\/uploads\/2023\/01\/image_guest-experience_result-1.webp\" alt=\"G\u00e4steerlebnis\" class=\"wp-image-12116\"\/><\/figure><\/div><\/div>\n<\/div><\/div>\n\n\n\n<div id=\"wp-block-themeisle-blocks-advanced-columns-2074d916\" class=\"wp-block-themeisle-blocks-advanced-columns has-2-columns has-desktop-equal-layout has-tablet-equal-layout has-mobile-collapsedRows-layout has-vertical-unset feature-block\"><div class=\"wp-block-themeisle-blocks-advanced-columns-overlay\"><\/div><div class=\"innerblocks-wrap\">\n<div id=\"wp-block-themeisle-blocks-advanced-column-945ee192\" class=\"wp-block-themeisle-blocks-advanced-column\" data-aos=\"fade-right\" data-aos-duration=\"1200\"><div class=\"wp-block-image is-style-default\">\n<figure class=\"alignleft size-full\"><img decoding=\"async\" src=\"https:\/\/admit-one.co.uk\/wp-content\/uploads\/2023\\01\/products_guest-experience_loyalty-membership_result.webp\" alt=\"Loyalit\u00e4t und Mitgliedschaft\" class=\"wp-image-12243\"\/><\/figure><\/div><\/div>\n\n\n\n<div id=\"wp-block-themeisle-blocks-advanced-column-03cad4bb\" class=\"wp-block-themeisle-blocks-advanced-column\" data-aos=\"fade\" data-aos-duration=\"1200\">\n<h3>Loyalit\u00e4t &amp; Mitgliedschaft<\/h3>\n\n\n\n<p>Ob Sie ein neues Programm entwickeln oder ein bestehendes integrieren, es war noch nie so einfach, Ihre Kunden mit unseren flexiblen, funktionsreichen Treue- und Mitgliedschaftsmodulen zu belohnen. Erh\u00f6hen Sie die G\u00e4stefrequenz und Ausgaben mit einem Treueprogramm, das auf Ihr Unternehmen zugeschnitten ist, von einfach bis ma\u00dfgeschneidert und alles dazwischen.<\/p>\n\n\n\n<div class=\"is-layout-flex wp-container-3 wp-block-columns are-vertically-aligned-top\">\n<div class=\"is-layout-flow wp-block-column is-vertically-aligned-top\">\n<ul class=\"a1_tick-list\">\n<li>Punkte, Rabatte, geldbasierte Angebote<\/li>\n\n\n\n<li>Mehrstufige Programme mit flexiblen Pr\u00e4mien<\/li>\n\n\n\n<li>Integration in bestehende 3<sup>rd<\/sup> Parteiensysteme<\/li>\n\n\n\n<li>Zugriff auf das Kundenkonto, um den Mitgliedsstatus, Punktestand und Werbeaktionen zu \u00fcberpr\u00fcfen<\/li>\n\n\n\n<li>Vollst\u00e4ndige Transaktionszuordnung \u00fcber alle Kan\u00e4le<\/li>\n<\/ul>\n<\/div>\n\n\n\n<div class=\"is-layout-flow wp-block-column is-vertically-aligned-top\">\n<ul class=\"a1_tick-list\">\n<li>Digitale und physische Mitglieds- und Treuekarten<\/li>\n\n\n\n<li>Mitgliedschafts- und Treuedaten, die mit unserer fortschrittlichen API mit Ihrem Marketingtool synchronisiert werden, sodass Sie Kampagnen basierend auf Echtzeitdaten ausl\u00f6sen k\u00f6nnen<\/li>\n\n\n\n<li>Schlie\u00dfen Sie den Kreislauf mit Ihren Kunden, indem Sie von Marketing-Tools zum POS zur\u00fcckschreiben, einschlie\u00dflich Transaktionen, Punktesalden und Marketingstatus<\/li>\n<\/ul>\n<\/div>\n<\/div>\n<\/div>\n<\/div><\/div>\n\n\n\n<div id=\"wp-block-themeisle-blocks-advanced-columns-adedf2b1\" class=\"wp-block-themeisle-blocks-advanced-columns has-2-columns has-desktop-equal-layout has-tablet-equal-layout has-mobile-collapsedRows-layout has-vertical-unset feature-block\"><div class=\"wp-block-themeisle-blocks-advanced-columns-overlay\"><\/div><div class=\"innerblocks-wrap\">\n<div id=\"wp-block-themeisle-blocks-advanced-column-c85a1b5a\" class=\"wp-block-themeisle-blocks-advanced-column\" data-aos=\"fade-right\" data-aos-duration=\"1200\"><div class=\"wp-block-image is-style-default\">\n<figure class=\"alignleft size-full\"><img decoding=\"async\" src=\"https:\/\/admit-one.co.uk\/wp-content\/uploads\/2023\\01\/products_guest-experience_gift-cards-vouchers_result.webp\" alt=\"Geschenkkarten &amp; Gutscheine\" class=\"wp-image-12242\"\/><\/figure><\/div><\/div>\n\n\n\n<div id=\"wp-block-themeisle-blocks-advanced-column-d67ecbfb\" class=\"wp-block-themeisle-blocks-advanced-column\" data-aos=\"fade\" data-aos-duration=\"1200\">\n<h3>Geschenkkarten &amp; Gutscheine<\/h3>\n\n\n\n<p>Der Verkauf von Geschenkkarten und Gutscheinen ist eine gro\u00dfartige M\u00f6glichkeit f\u00fcr Ihre Kunden, Freunde und Familie in Ihr Kino einzuladen, und f\u00fcr Sie, um Ihre Einnahmen und Ihren Kundenstamm zu steigern und Ihre Marke zu f\u00f6rdern.<\/p>\n\n\n\n<div class=\"is-layout-flex wp-container-6 wp-block-columns are-vertically-aligned-top\">\n<div class=\"is-layout-flow wp-block-column is-vertically-aligned-top\">\n<ul class=\"a1_tick-list\">\n<li>Unterst\u00fctzt digitale und physische Gutscheine und Geschenkkarten<\/li>\n\n\n\n<li>Einfache Einl\u00f6sung f\u00fcr Kunden bei Buchung \u00fcber einen beliebigen Vertriebskanal<\/li>\n<\/ul>\n<\/div>\n\n\n\n<div class=\"is-layout-flow wp-block-column is-vertically-aligned-top\">\n<ul class=\"a1_tick-list\">\n<li>Kunden k\u00f6nnen ihren E-Geschenkkarten-Saldo ganz einfach online, auf Ihrer Website oder in Ihrer App \u00fcberpr\u00fcfen<\/li>\n\n\n\n<li>Verfolgen Sie alle Gutschein- und Geschenkkartenverk\u00e4ufe \u00fcber die Zentrale mit vollst\u00e4ndiger Transparenz und Verwaltung nicht eingel\u00f6ster und abgelaufener Token<\/li>\n<\/ul>\n<\/div>\n<\/div>\n<\/div>\n<\/div><\/div>\n\n\n\n<div id=\"wp-block-themeisle-blocks-advanced-columns-f87949f2\" class=\"wp-block-themeisle-blocks-advanced-columns has-2-columns has-desktop-equal-layout has-tablet-equal-layout has-mobile-collapsedRows-layout has-vertical-unset feature-block\"><div class=\"wp-block-themeisle-blocks-advanced-columns-overlay\"><\/div><div class=\"innerblocks-wrap\">\n<div id=\"wp-block-themeisle-blocks-advanced-column-03609fad\" class=\"wp-block-themeisle-blocks-advanced-column\" data-aos=\"fade-right\" data-aos-duration=\"1200\"><div class=\"wp-block-image is-style-default\">\n<figure class=\"alignleft size-full\"><img decoding=\"async\" src=\"https:\/\/admit-one.co.uk\/wp-content\/uploads\/2023\\01\/products_guest-experience_promos-discounts_result.webp\" alt=\"Aktionen &amp; Rabatte\" class=\"wp-image-12245\"\/><\/figure><\/div><\/div>\n\n\n\n<div id=\"wp-block-themeisle-blocks-advanced-column-968956cf\" class=\"wp-block-themeisle-blocks-advanced-column\" data-aos=\"fade\" data-aos-duration=\"1200\">\n<h3>Aktionen &amp; Rabatte<\/h3>\n\n\n\n<p>Unser System erm\u00f6glicht es Ihnen, Werbeaktionen und Rabatte einfach anzuwenden und zu verwalten, um zus\u00e4tzliche Buchungen und Upsells zu f\u00f6rdern.<\/p>\n\n\n\n<div class=\"is-layout-flex wp-container-9 wp-block-columns are-vertically-aligned-top\">\n<div class=\"is-layout-flow wp-block-column is-vertically-aligned-top\">\n<ul class=\"a1_tick-list\">\n<li>Einmal- und Mehrfachangebotscodes<\/li>\n\n\n\n<li>Bieten Sie Rabatte, kostenlose Add-Ons an oder schalten Sie Sonderaktionen mit Codes frei<\/li>\n<\/ul>\n<\/div>\n\n\n\n<div class=\"is-layout-flow wp-block-column is-vertically-aligned-top\">\n<ul class=\"a1_tick-list\">\n<li>Legen Sie Standort- und Ablaufregeln fest&nbsp;<\/li>\n\n\n\n<li>Legen Sie ma\u00dfgeschneiderte Regeln fest, um Pr\u00e4mien f\u00fcr Ihre Kunden auszul\u00f6sen, z. B. an Verl\u00e4ngerungsjubil\u00e4en oder Geburtstagen<\/li>\n<\/ul>\n<\/div>\n<\/div>\n<\/div>\n<\/div><\/div>\n\n\n\n<div id=\"wp-block-themeisle-blocks-advanced-columns-64c1c2f4\" class=\"wp-block-themeisle-blocks-advanced-columns has-2-columns has-desktop-equal-layout has-tablet-equal-layout has-mobile-collapsedRows-layout has-vertical-unset feature-block\"><div class=\"wp-block-themeisle-blocks-advanced-columns-overlay\"><\/div><div class=\"innerblocks-wrap\">\n<div id=\"wp-block-themeisle-blocks-advanced-column-6c41a377\" class=\"wp-block-themeisle-blocks-advanced-column\" data-aos=\"fade-right\" data-aos-duration=\"1200\"><div class=\"wp-block-image is-style-default\">\n<figure class=\"alignleft size-full\"><img decoding=\"async\" loading=\"lazy\" width=\"600\" height=\"600\" src=\"https:\/\/admit-one.co.uk\/wp-content\/uploads\/2023\/01\/products_guest-experience_marketing-integrations_result-1.webp\" alt=\"Marketing-Integrationen\" class=\"wp-image-12494\" srcset=\"https:\/\/admit-one.eu\/wp-content\/uploads\/2023\/01\/products_guest-experience_marketing-integrations_result-1.webp 600w, https:\/\/admit-one.eu\/wp-content\/uploads\/2023\/01\/products_guest-experience_marketing-integrations_result-1-300x300.webp 300w, https:\/\/admit-one.eu\/wp-content\/uploads\/2023\/01\/products_guest-experience_marketing-integrations_result-1-150x150.webp 150w, https:\/\/admit-one.eu\/wp-content\/uploads\/2023\/01\/products_guest-experience_marketing-integrations_result-1-12x12.webp 12w, https:\/\/admit-one.eu\/wp-content\/uploads\/2023\/01\/products_guest-experience_marketing-integrations_result-1-400x400.webp 400w\" sizes=\"(max-width: 600px) 100vw, 600px\" \/><\/figure><\/div><\/div>\n\n\n\n<div id=\"wp-block-themeisle-blocks-advanced-column-d3e90953\" class=\"wp-block-themeisle-blocks-advanced-column\" data-aos=\"fade\" data-aos-duration=\"1200\">\n<h3>Marketing-Integrationen<\/h3>\n\n\n\n<p>Unsere flexible API stellt sicher, dass Sie die Freiheit haben, sich in Ihr CRM und Ihre digitale Marketingplattform Ihrer Wahl zu integrieren, um ein nahtloses, geschlossenes Erlebnis f\u00fcr alle zu gew\u00e4hrleisten. Alternativ k\u00f6nnen Sie unsere tiefe Integration mit Engage vom Branchenf\u00fchrer Showtime Analytics voll ausnutzen und Ihr Publikum durch Verhaltensdatenmodelle aktivieren, die personalisierte, automatisierte und ansprechende Erlebnisse erm\u00f6glichen.<\/p>\n\n\n\n<div class=\"is-layout-flex wp-container-12 wp-block-columns are-vertically-aligned-top\">\n<div class=\"is-layout-flow wp-block-column is-vertically-aligned-top\">\n<ul class=\"a1_tick-list\">\n<li>Alle individuellen Kundenverhalten, Ber\u00fchrungspunkte und Kaufaktivit\u00e4ten werden zusammengef\u00fchrt, um eine einzige Kundenansicht Ihrer identifizierbaren Kinobesucher zu erstellen<\/li>\n\n\n\n<li>Mit dem benutzerfreundlichen Tool zur Kundensegmentierung k\u00f6nnen Sie Gruppen von Kinobesuchern mit gemeinsamen Verhaltensweisen identifizieren<\/li>\n\n\n\n<li>End-to-End-Kampagnenberichte in Echtzeit und Steigerung des ROI<\/li>\n<\/ul>\n<\/div>\n\n\n\n<div class=\"is-layout-flow wp-block-column is-vertically-aligned-top\">\n<ul class=\"a1_tick-list\">\n<li>Segmentieren Sie basierend auf: Kundendemografie, gesehene Filme, gekaufte Konzessionen, gesehene Trailer, besuchte Website, gekaufte Tickettypen und viele weitere Attribute, um Ihre perfekte Zielgruppe f\u00fcr eine Kampagne zu identifizieren<\/li>\n\n\n\n<li>Campaign Creation Builder f\u00fcr einfaches, sch\u00f6nes, personalisiertes Content-Design<\/li>\n\n\n\n<li>Analyse von Aktualit\u00e4t, H\u00e4ufigkeit und Geldwert Ihres Kundenstamms<\/li>\n<\/ul>\n<\/div>\n<\/div>\n<\/div>\n<\/div><\/div>\n\n\n\n<div id=\"wp-block-themeisle-blocks-advanced-columns-01c14de9\" class=\"wp-block-themeisle-blocks-advanced-columns has-2-columns has-desktop-equal-layout has-tablet-collapsedRows-layout has-mobile-collapsedRows-layout has-vertical-unset call-to-action has-dark-bg\" data-aos=\"fade\" data-aos-duration=\"1200\"><div class=\"wp-block-themeisle-blocks-advanced-columns-overlay\"><\/div><div class=\"innerblocks-wrap\">\n<div id=\"wp-block-themeisle-blocks-advanced-column-aed9b021\" class=\"wp-block-themeisle-blocks-advanced-column\">\n<h2 class=\"wp-block-heading has-nv-site-bg-color has-text-color\">Sind Sie bereit, mit Admit One zu beginnen?<\/h2>\n\n\n\n<p class=\"has-nv-site-bg-color has-text-color\">Lass uns anfangen&nbsp;<i class=\"icon-forward\"><\/i><\/p>\n<\/div>\n\n\n\n<div id=\"wp-block-themeisle-blocks-advanced-column-01e8791e\" class=\"wp-block-themeisle-blocks-advanced-column column-right\">\n<h4 class=\"wp-block-heading has-neve-text-color-color has-text-color\">Helfen Sie uns, Ihre Bed\u00fcrfnisse zu verstehen<\/h4>\n\n\n\n<p class=\"has-neve-text-color-color has-text-color\">Wir wissen, dass jedes Unternehmen anders ist. Was auch immer Ihre individuellen Anforderungen sind, Admit One ist hier, um ein ma\u00dfgeschneidertes POS-System anzubieten, das bei jedem Schritt f\u00fcr Sie funktioniert.<\/p>\n\n\n\n<ul class=\"a1_tick-list has-neve-text-color-color has-text-color\">\n<li>Flexibel<\/li>\n\n\n\n<li>Erschwinglich<\/li>\n\n\n\n<li>Skalierbar<\/li>\n<\/ul>\n\n\n\n<div id=\"wp-block-themeisle-blocks-button-group-5e1b0e52\" class=\"wp-block-themeisle-blocks-button-group wp-block-buttons\">\n<div id=\"wp-block-themeisle-blocks-button-bdaccee1\" class=\"wp-block-themeisle-blocks-button wp-block-button is-style-primary\"><a href=\"https:\/\/admit-one.eu\/de\/in-kontakt-kommen\/\" target=\"_self\" rel=\"noopener noreferrer\" class=\"wp-block-button__link\"><span>Lass uns reden<\/span><\/a><\/div>\n<\/div>\n<\/div>\n<\/div><\/div>","protected":false},"excerpt":{"rendered":"","protected":false},"author":1,"featured_media":0,"parent":14814,"menu_order":0,"comment_status":"closed","ping_status":"closed","template":"","meta":{"om_disable_all_campaigns":false,"_uag_custom_page_level_css":"","_mi_skip_tracking":false,"neve_meta_sidebar":"","neve_meta_container":"full-width","neve_meta_enable_content_width":"","neve_meta_content_width":0,"neve_meta_title_alignment":"center","neve_meta_author_avatar":"","neve_post_elements_order":"","neve_meta_disable_header":"off","neve_meta_disable_footer":"","neve_meta_disable_title":"on","neve_meta_reading_time":"","_themeisle_gutenberg_block_has_review":false},"categories":[],"tags":[],"folder":[90],"aioseo_notices":[],"uagb_featured_image_src":{"full":false,"thumbnail":false,"medium":false,"medium_large":false,"large":false,"1536x1536":false,"2048x2048":false,"trp-custom-language-flag":false,"neve-blog":false,"xl":false,"xxl":false,"xxxl":false,"xxxxl":false,"xxxxxl":false},"uagb_author_info":{"display_name":"James Gibson","author_link":"https:\/\/admit-one.eu\/de\/blog\/author\/james-gibson\/"},"uagb_comment_info":0,"uagb_excerpt":null,"_links":{"self":[{"href":"https:\/\/admit-one.eu\/de\/wp-json\/wp\/v2\/pages\/11988"}],"collection":[{"href":"https:\/\/admit-one.eu\/de\/wp-json\/wp\/v2\/pages"}],"about":[{"href":"https:\/\/admit-one.eu\/de\/wp-json\/wp\/v2\/types\/page"}],"author":[{"embeddable":true,"href":"https:\/\/admit-one.eu\/de\/wp-json\/wp\/v2\/users\/1"}],"replies":[{"embeddable":true,"href":"https:\/\/admit-one.eu\/de\/wp-json\/wp\/v2\/comments?post=11988"}],"version-history":[{"count":6,"href":"https:\/\/admit-one.eu\/de\/wp-json\/wp\/v2\/pages\/11988\/revisions"}],"predecessor-version":[{"id":15116,"href":"https:\/\/admit-one.eu\/de\/wp-json\/wp\/v2\/pages\/11988\/revisions\/15116"}],"up":[{"embeddable":true,"href":"https:\/\/admit-one.eu\/de\/wp-json\/wp\/v2\/pages\/14814"}],"wp:attachment":[{"href":"https:\/\/admit-one.eu\/de\/wp-json\/wp\/v2\/media?parent=11988"}],"wp:term":[{"taxonomy":"category","embeddable":true,"href":"https:\/\/admit-one.eu\/de\/wp-json\/wp\/v2\/categories?post=11988"},{"taxonomy":"post_tag","embeddable":true,"href":"https:\/\/admit-one.eu\/de\/wp-json\/wp\/v2\/tags?post=11988"},{"taxonomy":"folder","embeddable":true,"href":"https:\/\/admit-one.eu\/de\/wp-json\/wp\/v2\/folder?post=11988"}],"curies":[{"name":"wp","href":"https:\/\/api.w.org\/{rel}","templated":true}]}}