{"id":11986,"date":"2023-01-09T13:02:04","date_gmt":"2023-01-09T13:02:04","guid":{"rendered":"https:\/\/admit-one.co.uk\/?page_id=11986"},"modified":"2024-02-22T16:31:23","modified_gmt":"2024-02-22T16:31:23","slug":"digital-sales","status":"publish","type":"page","link":"https:\/\/admit-one.eu\/de\/losungen\/digitaler-vertrieb\/","title":{"rendered":"Digitaler Vertrieb"},"content":{"rendered":"<div id=\"wp-block-themeisle-blocks-advanced-columns-f3534b6f\" class=\"wp-block-themeisle-blocks-advanced-columns has-2-columns has-desktop-twoOne-layout has-tablet-equal-layout has-mobile-collapsedRows-layout has-reverse-columns-mobile has-vertical-unset has-vertical-undefined page-header\"><div class=\"wp-block-themeisle-blocks-advanced-columns-overlay\"><\/div><div class=\"innerblocks-wrap\">\n<div id=\"wp-block-themeisle-blocks-advanced-column-49529f4b\" class=\"wp-block-themeisle-blocks-advanced-column\" data-aos=\"fade\" data-aos-duration=\"1200\">\n<h1 class=\"wp-block-heading\">Digitaler Vertrieb<\/h1>\n\n\n\n<p>Alles, was Sie brauchen, um sicherzustellen, dass Ihre Kunden Tickets und Extras einfach durchsuchen und kaufen k\u00f6nnen, wann immer sie m\u00f6chten und \u00fcber alle digitalen Kan\u00e4le. Mit Admit One k\u00f6nnen Sie den Vorabverkauf au\u00dferhalb der Gesch\u00e4ftsr\u00e4ume maximieren und gleichzeitig ein konsistentes und nahtloses Erlebnis \u00fcber alle Einkaufswege hinweg bieten. &nbsp;<\/p>\n\n\n\n<div id=\"wp-block-themeisle-blocks-button-group-74f45ab7\" class=\"wp-block-themeisle-blocks-button-group wp-block-buttons\">\n<div id=\"wp-block-themeisle-blocks-button-6461b3a4\" class=\"wp-block-themeisle-blocks-button wp-block-button is-style-primary\"><a href=\"https:\/\/www.admit-one.co.uk\/request-demo\/\" target=\"_self\" rel=\"noopener noreferrer\" class=\"wp-block-button__link\"><span>Eine Demo anfordern <\/span><\/a><\/div>\n<\/div>\n<\/div>\n\n\n\n<div id=\"wp-block-themeisle-blocks-advanced-column-27c8e090\" class=\"wp-block-themeisle-blocks-advanced-column\" data-aos=\"fade-up\" data-aos-duration=\"1200\"><div class=\"wp-block-image is-style-default\">\n<figure class=\"aligncenter size-full\"><img decoding=\"async\" src=\"https:\/\/admit-one.co.uk\/wp-content\/uploads\/2023\/01\/image_advanced-sales_result-1.webp\" alt=\"Erweiterter Vertrieb\" class=\"wp-image-12114\"\/><\/figure><\/div><\/div>\n<\/div><\/div>\n\n\n\n<div id=\"wp-block-themeisle-blocks-advanced-columns-2074d916\" class=\"wp-block-themeisle-blocks-advanced-columns has-2-columns has-desktop-equal-layout has-tablet-equal-layout has-mobile-collapsedRows-layout has-vertical-unset feature-block\"><div class=\"wp-block-themeisle-blocks-advanced-columns-overlay\"><\/div><div class=\"innerblocks-wrap\">\n<div id=\"wp-block-themeisle-blocks-advanced-column-945ee192\" class=\"wp-block-themeisle-blocks-advanced-column\" data-aos=\"fade-right\" data-aos-duration=\"1200\"><div class=\"wp-block-image is-style-default\">\n<figure class=\"alignleft size-full\"><img decoding=\"async\" src=\"https:\/\/admit-one.co.uk\/wp-content\/uploads\/2023\\01\/products_advanced-sales_web_result.webp\" alt=\"Netz\" class=\"wp-image-12236\"\/><\/figure><\/div><\/div>\n\n\n\n<div id=\"wp-block-themeisle-blocks-advanced-column-03cad4bb\" class=\"wp-block-themeisle-blocks-advanced-column\" data-aos=\"fade\" data-aos-duration=\"1200\">\n<h3 class=\"wp-block-heading\">Webseite<\/h3>\n\n\n\n<p>Unsere zentrale Webplattform ist ein moderner Ansatz f\u00fcr Online-Buchungen und bietet Ihrem Unternehmen eine ma\u00dfgeschneiderte, auf Mobilger\u00e4te reagierende Website und Buchungsmaschine. Einfacher und nahtloser Einkaufsablauf mit absoluter Sicherheit, die integrierte Buchungsmaschine hilft Ihnen, Online-Verk\u00e4ufe zu steigern und Zeit und Geld zu sparen 3<sup>rd<\/sup> Parteiintegrationen. Wir k\u00fcmmern uns um alles, damit Sie es nicht m\u00fcssen.<\/p>\n\n\n\n<div class=\"is-layout-flex wp-container-3 wp-block-columns are-vertically-aligned-top\">\n<div class=\"is-layout-flow wp-block-column is-vertically-aligned-top\">\n<ul class=\"a1_tick-list\">\n<li>Dynamische Echtzeitinhalte mit vollst\u00e4ndiger Anpassung und Kontrolle<\/li>\n\n\n\n<li>Flexibler Buchungsablauf mit mehreren Konfigurationsoptionen<\/li>\n\n\n\n<li>Sitzpl\u00e4ne mit mehreren Anzeige- und Anpassungsoptionen<\/li>\n\n\n\n<li>Konzessionen \u2013 Bieten Sie einfache Upsells f\u00fcr Kunden an und erh\u00f6hen Sie Ihre Ausgaben pro Kopf<\/li>\n<\/ul>\n<\/div>\n\n\n\n<div class=\"is-layout-flow wp-block-column is-vertically-aligned-top\">\n<ul class=\"a1_tick-list\">\n<li>Zahlungsabwicklung einschlie\u00dflich Zahlungsumleitung und Kartenerfassung mit Unterst\u00fctzung mehrerer Zahlungsanbieter<\/li>\n\n\n\n<li>Halten Sie Kunden mit der Mitgliedschaft in Verbindung \u2013 f\u00f6rdern Sie ganz einfach die Registrierung und Anmeldung von Kundenkonten<\/li>\n\n\n\n<li>Verkaufen Sie Geschenkkarten und Gutscheine, um Ihre Reichweite und Ihren Umsatz zu steigern<\/li>\n<\/ul>\n<\/div>\n<\/div>\n<\/div>\n<\/div><\/div>\n\n\n\n<div id=\"wp-block-themeisle-blocks-advanced-columns-7c8d14a1\" class=\"wp-block-themeisle-blocks-advanced-columns has-2-columns has-desktop-equal-layout has-tablet-equal-layout has-mobile-collapsedRows-layout has-vertical-unset feature-block\"><div class=\"wp-block-themeisle-blocks-advanced-columns-overlay\"><\/div><div class=\"innerblocks-wrap\">\n<div id=\"wp-block-themeisle-blocks-advanced-column-6480c00f\" class=\"wp-block-themeisle-blocks-advanced-column\" data-aos=\"fade-right\" data-aos-duration=\"1200\"><div class=\"wp-block-image is-style-default\">\n<figure class=\"alignleft size-full\"><img decoding=\"async\" src=\"https:\/\/admit-one.co.uk\/wp-content\/uploads\/2023\\01\/products_advanced-sales_mobile-app_result.webp\" alt=\"App\" class=\"wp-image-12235\"\/><\/figure><\/div><\/div>\n\n\n\n<div id=\"wp-block-themeisle-blocks-advanced-column-ed341c03\" class=\"wp-block-themeisle-blocks-advanced-column\" data-aos=\"fade\" data-aos-duration=\"1200\">\n<h3 class=\"wp-block-heading\">App<\/h3>\n\n\n\n<p>Erweitern Sie Ihre Benutzerbasis mit dem ultimativen mobilen Erlebnis und lassen Sie Ihre Kunden ihre n\u00e4chste Gro\u00dfbildreise von \u00fcberall aus planen; Sehen Sie sich Trailer an, durchsuchen Sie die Spielzeiten und buchen und greifen Sie auf Tickets und Extras zu, alles \u00fcber die angepasste App Ihres eigenen Circuit. &nbsp;<\/p>\n\n\n\n<div class=\"is-layout-flex wp-container-6 wp-block-columns are-vertically-aligned-top\">\n<div class=\"is-layout-flow wp-block-column is-vertically-aligned-top\">\n<ul class=\"a1_tick-list\">\n<li>Android- und Apple-spezifische Apps<\/li>\n\n\n\n<li>Nahtlose und konsistente Benutzererfahrung im Web und in der App<\/li>\n\n\n\n<li>Ticket- und Mitgliedschafts-\/Treuespeicherung \u00fcber eine praktische In-App-Brieftasche<\/li>\n\n\n\n<li>Eingebaute Upselling-M\u00f6glichkeiten mit Vorbestellung von F&amp;B-Optionen<\/li>\n<\/ul>\n<\/div>\n\n\n\n<div class=\"is-layout-flow wp-block-column is-vertically-aligned-top\">\n<ul class=\"a1_tick-list\">\n<li>E-Ticket-Barcodes f\u00fcr kontaktlosen Eintritt<\/li>\n\n\n\n<li>Push-Benachrichtigungen f\u00fcr In-App-Messaging und -Marketing<\/li>\n\n\n\n<li>Analytics-Berichte<\/li>\n<\/ul>\n<\/div>\n<\/div>\n<\/div>\n<\/div><\/div>\n\n\n\n<div id=\"wp-block-themeisle-blocks-advanced-columns-adedf2b1\" class=\"wp-block-themeisle-blocks-advanced-columns has-2-columns has-desktop-equal-layout has-tablet-equal-layout has-mobile-collapsedRows-layout has-vertical-unset feature-block\"><div class=\"wp-block-themeisle-blocks-advanced-columns-overlay\"><\/div><div class=\"innerblocks-wrap\">\n<div id=\"wp-block-themeisle-blocks-advanced-column-c85a1b5a\" class=\"wp-block-themeisle-blocks-advanced-column\" data-aos=\"fade-right\" data-aos-duration=\"1200\"><div class=\"wp-block-image is-style-default\">\n<figure class=\"alignleft size-full\"><img decoding=\"async\" src=\"https:\/\/admit-one.co.uk\/wp-content\/uploads\/2023\/01\/products_advanced-sales_api_result.webp\" alt=\"API\" class=\"wp-image-12265\"\/><\/figure><\/div><\/div>\n\n\n\n<div id=\"wp-block-themeisle-blocks-advanced-column-d67ecbfb\" class=\"wp-block-themeisle-blocks-advanced-column\" data-aos=\"fade\" data-aos-duration=\"1200\">\n<h3 class=\"wp-block-heading\">Website-APIs von Drittanbietern<\/h3>\n\n\n\n<p>Stellen Sie sicher, dass Sie alle Ticketkaufkan\u00e4le maximieren und Ihren Kunden mit Admit One&#039;s 3 ein nahtloses Erlebnis bieten<sup>rd<\/sup> Party-Website-Integrationen. Durch das Zur\u00fcckschreiben in Echtzeit an Ihren POS k\u00f6nnen Sie sicherstellen, dass die Ticketverf\u00fcgbarkeit und die Sitzplatzoptionen auf dem neuesten Stand sind.&nbsp;<\/p>\n\n\n\n<div class=\"is-layout-flex wp-container-9 wp-block-columns are-vertically-aligned-top\">\n<div class=\"is-layout-flow wp-block-column is-vertically-aligned-top\">\n<ul class=\"a1_tick-list\">\n<li>Erdm\u00e4nnchen Filme&nbsp;&nbsp;<\/li>\n\n\n\n<li>Viator&nbsp;<\/li>\n<\/ul>\n<\/div>\n\n\n\n<div class=\"is-layout-flow wp-block-column is-vertically-aligned-top\">\n<ul class=\"a1_tick-list\">\n<li>Qubica&nbsp;<\/li>\n\n\n\n<li>Fandango<\/li>\n<\/ul>\n<\/div>\n<\/div>\n<\/div>\n<\/div><\/div>\n\n\n\n<div id=\"wp-block-themeisle-blocks-advanced-columns-01c14de9\" class=\"wp-block-themeisle-blocks-advanced-columns has-2-columns has-desktop-equal-layout has-tablet-collapsedRows-layout has-mobile-collapsedRows-layout has-vertical-unset call-to-action has-dark-bg\" data-aos=\"fade\" data-aos-duration=\"1200\"><div class=\"wp-block-themeisle-blocks-advanced-columns-overlay\"><\/div><div class=\"innerblocks-wrap\">\n<div id=\"wp-block-themeisle-blocks-advanced-column-aed9b021\" class=\"wp-block-themeisle-blocks-advanced-column\">\n<h2 class=\"wp-block-heading has-nv-site-bg-color has-text-color\">Sind Sie bereit, mit Admit One zu beginnen?<\/h2>\n\n\n\n<p class=\"has-nv-site-bg-color has-text-color\">Lass uns anfangen&nbsp;<i class=\"icon-forward\"><\/i><\/p>\n<\/div>\n\n\n\n<div id=\"wp-block-themeisle-blocks-advanced-column-01e8791e\" class=\"wp-block-themeisle-blocks-advanced-column column-right\">\n<h4 class=\"wp-block-heading has-neve-text-color-color has-text-color\">Helfen Sie uns, Ihre Bed\u00fcrfnisse zu verstehen<\/h4>\n\n\n\n<p class=\"has-neve-text-color-color has-text-color\">Wir wissen, dass jedes Unternehmen anders ist. Was auch immer Ihre individuellen Anforderungen sind, Admit One ist hier, um ein ma\u00dfgeschneidertes POS-System anzubieten, das bei jedem Schritt f\u00fcr Sie funktioniert.<\/p>\n\n\n\n<ul class=\"a1_tick-list has-neve-text-color-color has-text-color\">\n<li>Flexibel<\/li>\n\n\n\n<li>Erschwinglich<\/li>\n\n\n\n<li>Skalierbar<\/li>\n<\/ul>\n\n\n\n<div id=\"wp-block-themeisle-blocks-button-group-5e1b0e52\" class=\"wp-block-themeisle-blocks-button-group wp-block-buttons\">\n<div id=\"wp-block-themeisle-blocks-button-bdaccee1\" class=\"wp-block-themeisle-blocks-button wp-block-button is-style-primary\"><a href=\"https:\/\/admit-one.eu\/de\/in-kontakt-kommen\/\" target=\"_self\" rel=\"noopener noreferrer\" class=\"wp-block-button__link\"><span>Lass uns reden<\/span><\/a><\/div>\n<\/div>\n<\/div>\n<\/div><\/div>","protected":false},"excerpt":{"rendered":"","protected":false},"author":1,"featured_media":0,"parent":14814,"menu_order":0,"comment_status":"closed","ping_status":"closed","template":"","meta":{"om_disable_all_campaigns":false,"_uag_custom_page_level_css":"","_mi_skip_tracking":false,"neve_meta_sidebar":"default","neve_meta_container":"full-width","neve_meta_enable_content_width":"","neve_meta_content_width":0,"neve_meta_title_alignment":"center","neve_meta_author_avatar":"","neve_post_elements_order":"","neve_meta_disable_header":"","neve_meta_disable_footer":"","neve_meta_disable_title":"on","neve_meta_reading_time":"","_themeisle_gutenberg_block_has_review":false},"categories":[],"tags":[],"folder":[90],"aioseo_notices":[],"uagb_featured_image_src":{"full":false,"thumbnail":false,"medium":false,"medium_large":false,"large":false,"1536x1536":false,"2048x2048":false,"trp-custom-language-flag":false,"neve-blog":false,"xl":false,"xxl":false,"xxxl":false,"xxxxl":false,"xxxxxl":false},"uagb_author_info":{"display_name":"James Gibson","author_link":"https:\/\/admit-one.eu\/de\/blog\/author\/james-gibson\/"},"uagb_comment_info":0,"uagb_excerpt":null,"_links":{"self":[{"href":"https:\/\/admit-one.eu\/de\/wp-json\/wp\/v2\/pages\/11986"}],"collection":[{"href":"https:\/\/admit-one.eu\/de\/wp-json\/wp\/v2\/pages"}],"about":[{"href":"https:\/\/admit-one.eu\/de\/wp-json\/wp\/v2\/types\/page"}],"author":[{"embeddable":true,"href":"https:\/\/admit-one.eu\/de\/wp-json\/wp\/v2\/users\/1"}],"replies":[{"embeddable":true,"href":"https:\/\/admit-one.eu\/de\/wp-json\/wp\/v2\/comments?post=11986"}],"version-history":[{"count":7,"href":"https:\/\/admit-one.eu\/de\/wp-json\/wp\/v2\/pages\/11986\/revisions"}],"predecessor-version":[{"id":15114,"href":"https:\/\/admit-one.eu\/de\/wp-json\/wp\/v2\/pages\/11986\/revisions\/15114"}],"up":[{"embeddable":true,"href":"https:\/\/admit-one.eu\/de\/wp-json\/wp\/v2\/pages\/14814"}],"wp:attachment":[{"href":"https:\/\/admit-one.eu\/de\/wp-json\/wp\/v2\/media?parent=11986"}],"wp:term":[{"taxonomy":"category","embeddable":true,"href":"https:\/\/admit-one.eu\/de\/wp-json\/wp\/v2\/categories?post=11986"},{"taxonomy":"post_tag","embeddable":true,"href":"https:\/\/admit-one.eu\/de\/wp-json\/wp\/v2\/tags?post=11986"},{"taxonomy":"folder","embeddable":true,"href":"https:\/\/admit-one.eu\/de\/wp-json\/wp\/v2\/folder?post=11986"}],"curies":[{"name":"wp","href":"https:\/\/api.w.org\/{rel}","templated":true}]}}