{"id":11912,"date":"2023-01-05T15:21:58","date_gmt":"2023-01-05T15:21:58","guid":{"rendered":"https:\/\/admit-one.co.uk\/?page_id=11912"},"modified":"2024-02-22T16:31:25","modified_gmt":"2024-02-22T16:31:25","slug":"food-and-beverage","status":"publish","type":"page","link":"https:\/\/admit-one.eu\/de\/losungen\/nahrungsmittel-und-getranke\/","title":{"rendered":"Essen &amp; Getr\u00e4nke"},"content":{"rendered":"<div id=\"wp-block-themeisle-blocks-advanced-columns-f3534b6f\" class=\"wp-block-themeisle-blocks-advanced-columns has-2-columns has-desktop-twoOne-layout has-tablet-equal-layout has-mobile-collapsedRows-layout has-reverse-columns-mobile has-vertical-unset has-vertical-undefined page-header\"><div class=\"wp-block-themeisle-blocks-advanced-columns-overlay\"><\/div><div class=\"innerblocks-wrap\">\n<div id=\"wp-block-themeisle-blocks-advanced-column-49529f4b\" class=\"wp-block-themeisle-blocks-advanced-column\" data-aos=\"fade\" data-aos-duration=\"1200\">\n<h1 class=\"wp-block-heading\">Essen &amp; Getr\u00e4nke<\/h1>\n\n\n\n<p>Unsere funktionsreichen, vollst\u00e4ndig integrierten Lebensmittel- und Getr\u00e4nkesysteme sind so konzipiert, dass sie Ihnen die vollst\u00e4ndige Kontrolle geben, w\u00e4hrend Sie gleichzeitig ein optimiertes Erlebnis f\u00fcr Ihre Mitarbeiter schaffen und Ihren Kunden einen au\u00dfergew\u00f6hnlichen Service bieten.<\/p>\n\n\n\n<p>Unsere Tools bieten eine reibungslose und effiziente M\u00f6glichkeit, alle Ihre Lebensmittel- und Getr\u00e4nkebestellungen zu verkaufen, zu verwalten und zu verfolgen, unabh\u00e4ngig von Ihrer Gr\u00f6\u00dfe und Einrichtung. Unser System ist nahtlos integriert, einfach zu konfigurieren und zu verwalten und wurde entwickelt, um alle Ihre Lebensmittel- und Getr\u00e4nkeanforderungen zu erf\u00fcllen.<\/p>\n\n\n\n<div id=\"wp-block-themeisle-blocks-button-group-74f45ab7\" class=\"wp-block-themeisle-blocks-button-group wp-block-buttons\">\n<div id=\"wp-block-themeisle-blocks-button-6461b3a4\" class=\"wp-block-themeisle-blocks-button wp-block-button is-style-primary\"><a href=\"https:\/\/www.admit-one.co.uk\/request-demo\/\" target=\"_self\" rel=\"noopener noreferrer\" class=\"wp-block-button__link\"><span>Eine Demo anfordern <\/span><\/a><\/div>\n<\/div>\n<\/div>\n\n\n\n<div id=\"wp-block-themeisle-blocks-advanced-column-27c8e090\" class=\"wp-block-themeisle-blocks-advanced-column\" data-aos=\"fade-up\" data-aos-duration=\"1200\"><div class=\"wp-block-image is-style-default\">\n<figure class=\"aligncenter size-full\"><img decoding=\"async\" src=\"https:\/\/admit-one.co.uk\/wp-content\/uploads\/2023\/01\/image_f-and-b_result.webp\" alt=\"F&amp;B\" class=\"wp-image-12115\"\/><\/figure><\/div><\/div>\n<\/div><\/div>\n\n\n\n<div id=\"wp-block-themeisle-blocks-advanced-columns-2074d916\" class=\"wp-block-themeisle-blocks-advanced-columns has-2-columns has-desktop-equal-layout has-tablet-equal-layout has-mobile-collapsedRows-layout has-vertical-unset feature-block\"><div class=\"wp-block-themeisle-blocks-advanced-columns-overlay\"><\/div><div class=\"innerblocks-wrap\">\n<div id=\"wp-block-themeisle-blocks-advanced-column-945ee192\" class=\"wp-block-themeisle-blocks-advanced-column\" data-aos=\"fade-right\" data-aos-duration=\"1200\"><div class=\"wp-block-image is-style-default\">\n<figure class=\"alignleft size-full\"><img decoding=\"async\" loading=\"lazy\" width=\"600\" height=\"600\" src=\"https:\/\/admit-one.co.uk\/wp-content\/uploads\/2023\/01\/products_f-and-b_traditional-restaurant_result.webp\" alt=\"Traditionelles Restaurant\" class=\"wp-image-12241\" srcset=\"https:\/\/admit-one.eu\/wp-content\/uploads\/2023\/01\/products_f-and-b_traditional-restaurant_result.webp 600w, https:\/\/admit-one.eu\/wp-content\/uploads\/2023\/01\/products_f-and-b_traditional-restaurant_result-300x300.webp 300w, https:\/\/admit-one.eu\/wp-content\/uploads\/2023\/01\/products_f-and-b_traditional-restaurant_result-150x150.webp 150w, https:\/\/admit-one.eu\/wp-content\/uploads\/2023\/01\/products_f-and-b_traditional-restaurant_result-12x12.webp 12w, https:\/\/admit-one.eu\/wp-content\/uploads\/2023\/01\/products_f-and-b_traditional-restaurant_result-400x400.webp 400w\" sizes=\"(max-width: 600px) 100vw, 600px\" \/><\/figure><\/div><\/div>\n\n\n\n<div id=\"wp-block-themeisle-blocks-advanced-column-03cad4bb\" class=\"wp-block-themeisle-blocks-advanced-column\" data-aos=\"fade\" data-aos-duration=\"1200\">\n<h3 class=\"wp-block-heading\"><strong>Traditionelles Restaurant<\/strong><\/h3>\n\n\n\n<p>Optimieren Sie jeden Teil Ihres Restaurantbestellvorgangs mit einem integrierten System, egal ob Sie ein spezielles Restaurant oder ein Kino oder einen Unterhaltungsort mit Speisem\u00f6glichkeiten sind.<\/p>\n\n\n\n<div class=\"is-layout-flex wp-container-3 wp-block-columns are-vertically-aligned-top\">\n<div class=\"is-layout-flow wp-block-column is-vertically-aligned-top\">\n<ul class=\"a1_tick-list\">\n<li>Restaurant-Tischpl\u00e4ne<\/li>\n\n\n\n<li>Kellnerbildschirme, damit Kunden Bestellungen schnell und effizient erhalten<\/li>\n<\/ul>\n<\/div>\n\n\n\n<div class=\"is-layout-flow wp-block-column is-vertically-aligned-top\">\n<ul class=\"a1_tick-list\">\n<li>Registerkarten und geteilte Rechnungen<\/li>\n\n\n\n<li>Tischservice mit QR-Codes, mit denen Kunden bestellen k\u00f6nnen, ohne auf das Personal warten zu m\u00fcssen&nbsp;<\/li>\n<\/ul>\n<\/div>\n<\/div>\n<\/div>\n<\/div><\/div>\n\n\n\n<div id=\"wp-block-themeisle-blocks-advanced-columns-cc15f29f\" class=\"wp-block-themeisle-blocks-advanced-columns has-2-columns has-desktop-equal-layout has-tablet-equal-layout has-mobile-collapsedRows-layout has-vertical-unset feature-block\"><div class=\"wp-block-themeisle-blocks-advanced-columns-overlay\"><\/div><div class=\"innerblocks-wrap\">\n<div id=\"wp-block-themeisle-blocks-advanced-column-56efa89b\" class=\"wp-block-themeisle-blocks-advanced-column\" data-aos=\"fade-right\" data-aos-duration=\"1200\"><div class=\"wp-block-image is-style-default\">\n<figure class=\"alignleft size-full\"><img decoding=\"async\" src=\"https:\/\/admit-one.co.uk\/wp-content\/uploads\/2023\\01\/products_f-and-b_kitchen_result.webp\" alt=\"K\u00fcche\" class=\"wp-image-12240\"\/><\/figure><\/div><\/div>\n\n\n\n<div id=\"wp-block-themeisle-blocks-advanced-column-701410c9\" class=\"wp-block-themeisle-blocks-advanced-column\" data-aos=\"fade\" data-aos-duration=\"1200\">\n<h3 class=\"wp-block-heading\"><strong>K\u00fcche<\/strong> Manager<\/h3>\n\n\n\n<p>Von grundlegenden Bestellanforderungen bis hin zu voll ausgestatteten, auf mehreren Bildschirmen basierenden Szenarien ist Admit One an Ihre Arbeitsabl\u00e4ufe bei der Zubereitung, Verteilung und dem Service von Speisen und Getr\u00e4nken angepasst und bietet gleichzeitig die vollst\u00e4ndige Kontrolle \u00fcber Ihre POS-, Kiosk-, Personal- und Kundeninformationsbildschirmkonfigurationen.<\/p>\n\n\n\n<div class=\"is-layout-flex wp-container-6 wp-block-columns are-vertically-aligned-top\">\n<div class=\"is-layout-flow wp-block-column is-vertically-aligned-top\">\n<ul class=\"a1_tick-list\">\n<li>Nahtlose Integration mit allen Vertriebskan\u00e4len (POS, ATM, A1Shop und Web), um Ihre Auftragsabwicklung im Auge zu behalten, und Integrationsf\u00e4higkeit mit 3<sup>rd<\/sup> Party-Imbisssysteme<\/li>\n\n\n\n<li>Senden Sie Bestellungen direkt an K\u00fcchendrucker und\/oder spezielle Restaurantbildschirme<\/li>\n\n\n\n<li>Vorbereitungsbildschirme geben Ihren Mitarbeitern alle Informationen, die sie ben\u00f6tigen, um Bestellungen schnell auszuf\u00fchren.<\/li>\n<\/ul>\n<\/div>\n\n\n\n<div class=\"is-layout-flow wp-block-column is-vertically-aligned-top\">\n<ul class=\"a1_tick-list\">\n<li>Verwenden Sie die Funktionsschaltfl\u00e4che \u201eK\u00fcchenbestellungen anzeigen\u201c an einem POS, damit Ihr POS als dedizierter Vorbereitungsbildschirm fungiert, anstatt sich nur auf gedruckte Bestellbelege zu verlassen<\/li>\n\n\n\n<li>Integration mit Pager-Systemen, wenn der Kellnerservice genutzt wird<\/li>\n\n\n\n<li>Kundenseitige Auftragsstatusbildschirme halten die Warteschlangen am Laufen und Ihre Kunden auf dem Laufenden<\/li>\n<\/ul>\n<\/div>\n<\/div>\n<\/div>\n<\/div><\/div>\n\n\n\n<div id=\"wp-block-themeisle-blocks-advanced-columns-a8614765\" class=\"wp-block-themeisle-blocks-advanced-columns has-2-columns has-desktop-equal-layout has-tablet-equal-layout has-mobile-collapsedRows-layout has-vertical-unset feature-block\"><div class=\"wp-block-themeisle-blocks-advanced-columns-overlay\"><\/div><div class=\"innerblocks-wrap\">\n<div id=\"wp-block-themeisle-blocks-advanced-column-a46e52cf\" class=\"wp-block-themeisle-blocks-advanced-column\" data-aos=\"fade-right\" data-aos-duration=\"1200\"><div class=\"wp-block-image is-style-default\">\n<figure class=\"alignleft size-full\"><img decoding=\"async\" src=\"https:\/\/admit-one.co.uk\/wp-content\/uploads\/2023\\01\/products_f-and-b_click-and-collect_result.webp\" alt=\"Klicken und sammeln\" class=\"wp-image-12238\"\/><\/figure><\/div><\/div>\n\n\n\n<div id=\"wp-block-themeisle-blocks-advanced-column-ca27a924\" class=\"wp-block-themeisle-blocks-advanced-column\" data-aos=\"fade\" data-aos-duration=\"1200\">\n<h3 class=\"wp-block-heading\"><strong>Klicken &amp; Sammeln<\/strong><\/h3>\n\n\n\n<p>Schaffen Sie ein schnelles und einfaches Erlebnis f\u00fcr Kunden und Mitarbeiter mit bequemer und kontaktloser Vorbestellung von Speisen und Getr\u00e4nken von \u00fcberall aus, reduzieren Sie Wartezeiten und entlasten Sie Ihr Personal.<\/p>\n\n\n\n<div class=\"is-layout-flex wp-container-9 wp-block-columns are-vertically-aligned-top\">\n<div class=\"is-layout-flow wp-block-column is-vertically-aligned-top\">\n<ul class=\"a1_tick-list\">\n<li>Senden Sie Bestellungen von Web, App, A1 Shop, Selbstbedienungskiosken oder POS direkt an die Linie zur Vorbereitung&nbsp;<\/li>\n\n\n\n<li>Unterst\u00fctzt sowohl K\u00fcchendrucker als auch Bildschirme<\/li>\n<\/ul>\n<\/div>\n\n\n\n<div class=\"is-layout-flow wp-block-column is-vertically-aligned-top\">\n<ul class=\"a1_tick-list\">\n<li>Steigern Sie Upsells mit zus\u00e4tzlichen Aufforderungen, wenn G\u00e4ste bestellen<\/li>\n\n\n\n<li>Sammelpunkte f\u00fcr die Auftragsverfolgung mit Echtzeit-Informationsanzeige, um Kunden auf dem Laufenden zu halten<\/li>\n<\/ul>\n<\/div>\n<\/div>\n<\/div>\n<\/div><\/div>\n\n\n\n<div id=\"wp-block-themeisle-blocks-advanced-columns-541a8e0c\" class=\"wp-block-themeisle-blocks-advanced-columns has-2-columns has-desktop-equal-layout has-tablet-equal-layout has-mobile-collapsedRows-layout has-vertical-unset feature-block\"><div class=\"wp-block-themeisle-blocks-advanced-columns-overlay\"><\/div><div class=\"innerblocks-wrap\">\n<div id=\"wp-block-themeisle-blocks-advanced-column-df6c63c8\" class=\"wp-block-themeisle-blocks-advanced-column\" data-aos=\"fade-right\" data-aos-duration=\"1200\"><div class=\"wp-block-image is-style-default\">\n<figure class=\"alignleft size-full\"><img decoding=\"async\" src=\"https:\/\/admit-one.co.uk\/wp-content\/uploads\/2023\\01\/products_f-and-b_in-seat-dining_result.webp\" alt=\"In Seat Dining\" class=\"wp-image-12239\"\/><\/figure><\/div><\/div>\n\n\n\n<div id=\"wp-block-themeisle-blocks-advanced-column-033e93b9\" class=\"wp-block-themeisle-blocks-advanced-column\" data-aos=\"fade\" data-aos-duration=\"1200\">\n<h3 class=\"wp-block-heading\"><strong>In Seat Dining<\/strong><\/h3>\n\n\n\n<p>Erweitern Sie Ihre Vertriebskan\u00e4le, ohne Ihren Personalbestand zu erh\u00f6hen, und sorgen Sie f\u00fcr zufriedene Kunden, indem Sie nicht in sichtbaren Warteschlangen warten m\u00fcssen.<\/p>\n\n\n\n<div class=\"is-layout-flex wp-container-12 wp-block-columns are-vertically-aligned-top\">\n<div class=\"is-layout-flow wp-block-column is-vertically-aligned-top\">\n<ul class=\"a1_tick-list\">\n<li>Erm\u00f6glichen Sie Kunden, von ihrem eigenen Ger\u00e4t aus zu bestellen oder ihre Bestellungen dort entgegenzunehmen, wo sie sitzen<\/li>\n\n\n\n<li>W\u00e4hlen Sie aus, welche Artikel verf\u00fcgbar gemacht werden sollen&nbsp;<\/li>\n<\/ul>\n<\/div>\n\n\n\n<div class=\"is-layout-flow wp-block-column is-vertically-aligned-top\">\n<ul class=\"a1_tick-list\">\n<li>Essen an Ihren Platz geliefert&nbsp;<\/li>\n\n\n\n<li>Annahmeschlusszeiten f\u00fcr Bestellungen pro Vorstellung&nbsp;<\/li>\n<\/ul>\n<\/div>\n<\/div>\n<\/div>\n<\/div><\/div>\n\n\n\n<div id=\"wp-block-themeisle-blocks-advanced-columns-7c8d14a1\" class=\"wp-block-themeisle-blocks-advanced-columns has-2-columns has-desktop-equal-layout has-tablet-equal-layout has-mobile-collapsedRows-layout has-vertical-unset feature-block\"><div class=\"wp-block-themeisle-blocks-advanced-columns-overlay\"><\/div><div class=\"innerblocks-wrap\">\n<div id=\"wp-block-themeisle-blocks-advanced-column-6480c00f\" class=\"wp-block-themeisle-blocks-advanced-column\" data-aos=\"fade-right\" data-aos-duration=\"1200\"><div class=\"wp-block-image is-style-default\">\n<figure class=\"alignleft size-full\"><img decoding=\"async\" src=\"https:\/\/admit-one.co.uk\/wp-content\/uploads\/2023\\01\/products_f-and-b_a1-shop_result.webp\" alt=\"A1-Shop\" class=\"wp-image-12237\"\/><\/figure><\/div><\/div>\n\n\n\n<div id=\"wp-block-themeisle-blocks-advanced-column-ed341c03\" class=\"wp-block-themeisle-blocks-advanced-column\" data-aos=\"fade\" data-aos-duration=\"1200\">\n<h3 class=\"wp-block-heading\">Mobile Vor-Ort-Bestellung<\/h3>\n\n\n\n<h5 class=\"wp-block-heading\">Bereit f\u00fcr kontaktloses, problemloses Bestellen?<\/h5>\n\n\n\n<p>\u00dcberlassen Sie Ihren Kunden die Entscheidungsfreiheit und steigern Sie Ihren F&amp;B-Umsatz mit mobiler Vor-Ort-Bestellung. Steigern Sie die Kundenzufriedenheit, w\u00e4hrend Sie den Personalaufwand reduzieren, und bieten Sie Ihren Kunden vom Kauf bis zur Lieferung ein kosteng\u00fcnstiges, funktionsreiches Erlebnis.&nbsp;<\/p>\n\n\n\n<div class=\"is-layout-flex wp-container-15 wp-block-columns are-vertically-aligned-top\">\n<div class=\"is-layout-flow wp-block-column is-vertically-aligned-top\">\n<ul class=\"a1_tick-list\">\n<li>Einfacher Zugang vor Ort mit flexiblen Liefer- und Abholoptionen<\/li>\n\n\n\n<li>Vollst\u00e4ndig anpassbar an Ihr eigenes Markenlogo und Ihren eigenen Stil<\/li>\n\n\n\n<li>Webbasierte App, die auf allen mobilen Ger\u00e4ten funktioniert \u2013 keine Hardwareinvestition oder App-Installation erforderlich<\/li>\n<\/ul>\n<\/div>\n\n\n\n<div class=\"is-layout-flow wp-block-column is-vertically-aligned-top\">\n<ul class=\"a1_tick-list\">\n<li>Sammelpunkte zur Auftragsverfolgung mit Echtzeit-Informationsanzeige<\/li>\n\n\n\n<li>Tischservice mit QR-Codes, mit denen Kunden bestellen k\u00f6nnen, ohne auf das Personal warten zu m\u00fcssen<\/li>\n\n\n\n<li>In-Screen-Bestellung und -Lieferung f\u00f6rdern zus\u00e4tzliche Konzessionsverk\u00e4ufe, ohne zur Warteschlange zur\u00fcckkehren zu m\u00fcssen<\/li>\n<\/ul>\n<\/div>\n<\/div>\n<\/div>\n<\/div><\/div>\n\n\n\n<div id=\"wp-block-themeisle-blocks-advanced-columns-01c14de9\" class=\"wp-block-themeisle-blocks-advanced-columns has-2-columns has-desktop-equal-layout has-tablet-collapsedRows-layout has-mobile-collapsedRows-layout has-vertical-unset call-to-action has-dark-bg\" data-aos=\"fade\" data-aos-duration=\"1200\"><div class=\"wp-block-themeisle-blocks-advanced-columns-overlay\"><\/div><div class=\"innerblocks-wrap\">\n<div id=\"wp-block-themeisle-blocks-advanced-column-aed9b021\" class=\"wp-block-themeisle-blocks-advanced-column\">\n<h2 class=\"wp-block-heading has-nv-site-bg-color has-text-color\">Sind Sie bereit, mit Admit One zu beginnen?<\/h2>\n\n\n\n<p class=\"has-nv-site-bg-color has-text-color\">Lass uns anfangen&nbsp;<i class=\"icon-forward\"><\/i><\/p>\n<\/div>\n\n\n\n<div id=\"wp-block-themeisle-blocks-advanced-column-01e8791e\" class=\"wp-block-themeisle-blocks-advanced-column column-right\">\n<h4 class=\"wp-block-heading has-neve-text-color-color has-text-color\">Helfen Sie uns, Ihre Bed\u00fcrfnisse zu verstehen<\/h4>\n\n\n\n<p class=\"has-neve-text-color-color has-text-color\">Wir wissen, dass jedes Unternehmen anders ist. Was auch immer Ihre individuellen Anforderungen sind, Admit One ist hier, um ein ma\u00dfgeschneidertes POS-System anzubieten, das bei jedem Schritt f\u00fcr Sie funktioniert.<\/p>\n\n\n\n<ul class=\"a1_tick-list has-neve-text-color-color has-text-color\">\n<li>Flexibel<\/li>\n\n\n\n<li>Erschwinglich<\/li>\n\n\n\n<li>Skalierbar<\/li>\n<\/ul>\n\n\n\n<div id=\"wp-block-themeisle-blocks-button-group-5e1b0e52\" class=\"wp-block-themeisle-blocks-button-group wp-block-buttons\">\n<div id=\"wp-block-themeisle-blocks-button-bdaccee1\" class=\"wp-block-themeisle-blocks-button wp-block-button is-style-primary\"><a href=\"https:\/\/admit-one.eu\/de\/in-kontakt-kommen\/\" target=\"_self\" rel=\"noopener noreferrer\" class=\"wp-block-button__link\"><span>Lass uns reden<\/span><\/a><\/div>\n<\/div>\n<\/div>\n<\/div><\/div>","protected":false},"excerpt":{"rendered":"","protected":false},"author":1,"featured_media":0,"parent":14814,"menu_order":0,"comment_status":"closed","ping_status":"closed","template":"","meta":{"om_disable_all_campaigns":false,"_uag_custom_page_level_css":"","_mi_skip_tracking":false,"neve_meta_sidebar":"","neve_meta_container":"full-width","neve_meta_enable_content_width":"","neve_meta_content_width":0,"neve_meta_title_alignment":"center","neve_meta_author_avatar":"","neve_post_elements_order":"","neve_meta_disable_header":"","neve_meta_disable_footer":"","neve_meta_disable_title":"on","neve_meta_reading_time":"","_themeisle_gutenberg_block_has_review":false},"categories":[],"tags":[],"folder":[90],"aioseo_notices":[],"uagb_featured_image_src":{"full":false,"thumbnail":false,"medium":false,"medium_large":false,"large":false,"1536x1536":false,"2048x2048":false,"trp-custom-language-flag":false,"neve-blog":false,"xl":false,"xxl":false,"xxxl":false,"xxxxl":false,"xxxxxl":false},"uagb_author_info":{"display_name":"James Gibson","author_link":"https:\/\/admit-one.eu\/de\/blog\/author\/james-gibson\/"},"uagb_comment_info":0,"uagb_excerpt":null,"_links":{"self":[{"href":"https:\/\/admit-one.eu\/de\/wp-json\/wp\/v2\/pages\/11912"}],"collection":[{"href":"https:\/\/admit-one.eu\/de\/wp-json\/wp\/v2\/pages"}],"about":[{"href":"https:\/\/admit-one.eu\/de\/wp-json\/wp\/v2\/types\/page"}],"author":[{"embeddable":true,"href":"https:\/\/admit-one.eu\/de\/wp-json\/wp\/v2\/users\/1"}],"replies":[{"embeddable":true,"href":"https:\/\/admit-one.eu\/de\/wp-json\/wp\/v2\/comments?post=11912"}],"version-history":[{"count":6,"href":"https:\/\/admit-one.eu\/de\/wp-json\/wp\/v2\/pages\/11912\/revisions"}],"predecessor-version":[{"id":15115,"href":"https:\/\/admit-one.eu\/de\/wp-json\/wp\/v2\/pages\/11912\/revisions\/15115"}],"up":[{"embeddable":true,"href":"https:\/\/admit-one.eu\/de\/wp-json\/wp\/v2\/pages\/14814"}],"wp:attachment":[{"href":"https:\/\/admit-one.eu\/de\/wp-json\/wp\/v2\/media?parent=11912"}],"wp:term":[{"taxonomy":"category","embeddable":true,"href":"https:\/\/admit-one.eu\/de\/wp-json\/wp\/v2\/categories?post=11912"},{"taxonomy":"post_tag","embeddable":true,"href":"https:\/\/admit-one.eu\/de\/wp-json\/wp\/v2\/tags?post=11912"},{"taxonomy":"folder","embeddable":true,"href":"https:\/\/admit-one.eu\/de\/wp-json\/wp\/v2\/folder?post=11912"}],"curies":[{"name":"wp","href":"https:\/\/api.w.org\/{rel}","templated":true}]}}