{"id":9308,"date":"2022-05-30T10:50:19","date_gmt":"2022-05-30T09:50:19","guid":{"rendered":"https:\/\/admit-one.co.uk\/?page_id=9308"},"modified":"2025-11-13T09:36:30","modified_gmt":"2025-11-13T09:36:30","slug":"cookie-policy","status":"publish","type":"page","link":"https:\/\/admit-one.eu\/ca\/politica-de-cookies\/","title":{"rendered":"Pol\u00edtica de cookies"},"content":{"rendered":"<section id=\"wp-block-themeisle-blocks-advanced-columns-faf6acdf\" class=\"wp-block-themeisle-blocks-advanced-columns alignfull has-1-columns has-desktop-equal-layout has-tablet-equal-layout has-mobile-equal-layout has-vertical-center clip-btm-up has-dark-bg\"><div class=\"wp-block-themeisle-blocks-advanced-columns-overlay\"><\/div><div class=\"innerblocks-wrap\">\n<div id=\"wp-block-themeisle-blocks-advanced-column-7ec5acd4\" class=\"wp-block-themeisle-blocks-advanced-column\">\n<h1 id=\"wp-block-themeisle-blocks-advanced-heading-13ce2b13\" class=\"wp-block-themeisle-blocks-advanced-heading wp-block-themeisle-blocks-advanced-heading-13ce2b13\">Pol\u00edtica de cookies<\/h1>\n<\/div>\n<\/div><\/section>\n\n\n\n<div style=\"height:20px\" aria-hidden=\"true\" class=\"wp-block-spacer\"><\/div>\n\n\n\n<p>Aquesta pol\u00edtica de cookies explica com limita el programari col\u00b7laboratiu (\u201c<strong>empresa<\/strong>&#8220;, &#8220;<strong>nosaltres<\/strong>&#8220;, &#8220;<strong>nosaltres<\/strong>&quot;, i &quot;<strong>nostre<\/strong>\u201c) utilitza cookies i tecnologies similars per recon\u00e8ixer-te quan visites els nostres llocs web a&nbsp;<a href=\"https:\/\/admit-one.co.uk\/\" target=\"_blank\" rel=\"noreferrer noopener\">https:\/\/admit-one.co.uk<\/a>, (&quot;<strong>llocs web<\/strong>\u201c). S&#039;explica qu\u00e8 s\u00f3n aquestes tecnologies i per qu\u00e8 les fem servir, aix\u00ed com els vostres drets per controlar-ne l&#039;\u00fas.<\/p>\n\n\n\n<p>En alguns casos, podem utilitzar galetes per recollir informaci\u00f3 personal, o que es converteix en informaci\u00f3 personal si la combinem amb una altra informaci\u00f3.<\/p>\n\n\n\n<h4>Qu\u00e8 s\u00f3n les galetes?<\/h4>\n\n\n\n<p>Les cookies s\u00f3n petits fitxers de dades que es col\u00b7loquen al vostre ordinador o dispositiu m\u00f2bil quan visiteu un lloc web. Les galetes s\u00f3n \u00e0mpliament utilitzades pels propietaris de llocs web per tal que els seus llocs web funcionin o funcionin de manera m\u00e9s eficient, aix\u00ed com per proporcionar informaci\u00f3 d&#039;informes.<\/p>\n\n\n\n<p>Les cookies establertes pel propietari del lloc web (en aquest cas, programari col\u00b7laboratiu limitat) s&#039;anomenen &quot;cookies pr\u00f2pies&quot;. Les cookies establertes per parts diferents del propietari del lloc web s&#039;anomenen &quot;cookies de tercers&quot;. Les galetes de tercers permeten oferir caracter\u00edstiques o funcionalitats de tercers al lloc web o a trav\u00e9s del mateix (per exemple, com la publicitat, el contingut interactiu i les an\u00e0lisis). Les parts que configuren aquestes cookies de tercers poden recon\u00e8ixer el vostre ordinador tant quan visita el lloc web en q\u00fcesti\u00f3 com tamb\u00e9 quan visita altres llocs web determinats.<\/p>\n\n\n\n<h4><strong>Per qu\u00e8 fem servir cookies?<\/strong><\/h4>\n\n\n\n<p>Utilitzem cookies pr\u00f2pies i de tercers per diversos motius. Algunes galetes s\u00f3n necess\u00e0ries per motius t\u00e8cnics perqu\u00e8 els nostres llocs web funcionin, i ens referim a aquestes com a galetes &quot;essencials&quot; o &quot;estrictament necess\u00e0ries&quot;. Altres galetes tamb\u00e9 ens permeten fer un seguiment i orientar els interessos dels nostres usuaris per millorar l&#039;experi\u00e8ncia a les nostres propietats en l\u00ednia. Els tercers serveixen galetes a trav\u00e9s dels nostres llocs web amb finalitats publicit\u00e0ries, anal\u00edtiques i altres. Aix\u00f2 es descriu amb m\u00e9s detall a continuaci\u00f3.<\/p>\n\n\n\n<p>A continuaci\u00f3 es descriuen els tipus espec\u00edfics de galetes pr\u00f2pies i de tercers que es serveixen a trav\u00e9s dels nostres llocs web i les finalitats que realitzen (tingueu en compte que les galetes espec\u00edfiques que es serveixen poden variar en funci\u00f3 de les propietats en l\u00ednia espec\u00edfiques que visiteu):<\/p>\n\n\n\n<h4><strong>Com puc controlar les cookies?<\/strong><\/h4>\n\n\n\n<p>Teniu dret a decidir si voleu acceptar o rebutjar les cookies. Pots exercir els teus drets de galetes configurant les teves prefer\u00e8ncies al gestor de consentiment de galetes. El gestor de consentiment de galetes us permet seleccionar quines categories de galetes accepteu o rebutgeu. Les cookies essencials no es poden rebutjar, ja que s\u00f3n estrictament necess\u00e0ries per oferir-vos serveis.<\/p>\n\n\n\n<p>El gestor de consentiment de galetes es pot trobar al b\u00e0ner de notificaci\u00f3 i al nostre lloc web. Si opteu per rebutjar les galetes, encara podeu utilitzar el nostre lloc web, tot i que el vostre acc\u00e9s a algunes funcionalitats i \u00e0rees del nostre lloc web pot estar restringit. Tamb\u00e9 podeu configurar o modificar els controls del vostre navegador web per acceptar o rebutjar les galetes. Com que els mitjans per rebutjar les galetes mitjan\u00e7ant els controls del navegador web varien d&#039;un navegador a un altre, haur\u00edeu de visitar el men\u00fa d&#039;ajuda del navegador per obtenir m\u00e9s informaci\u00f3.<\/p>\n\n\n\n<p>A m\u00e9s, la majoria de xarxes de publicitat us ofereixen una manera de desactivar la publicitat dirigida. Si voleu obtenir m\u00e9s informaci\u00f3, visiteu-lo&nbsp;<a href=\"http:\/\/www.aboutads.info\/choices\/\" target=\"_blank\" rel=\"noreferrer noopener\">http:\/\/www.aboutads.info\/choices\/<\/a>&nbsp;o&nbsp;<a href=\"http:\/\/www.youronlinechoices.com\/\" target=\"_blank\" rel=\"noreferrer noopener\">http:\/\/www.youronlinechoices.com<\/a>.<\/p>\n\n\n\n<p>Els tipus espec\u00edfics de cookies pr\u00f2pies i de tercers que es serveixen a trav\u00e9s dels nostres llocs web i les finalitats que realitzen es descriuen a la taula seg\u00fcent (tingui en compte que les cookies espec\u00edfiques que es serveixen poden variar en funci\u00f3 de les propietats en l\u00ednia espec\u00edfiques que visiteu):<strong>galetes essencials del lloc web:<\/strong><\/p>\n\n\n\n<p>Aquestes cookies s\u00f3n estrictament necess\u00e0ries per oferir-vos serveis disponibles a trav\u00e9s dels nostres llocs web i utilitzar algunes de les seves funcions, com ara l&#039;acc\u00e9s a zones segures.<\/p>\n\n\n\n<h4><strong>Cookies d&#039;an\u00e0lisi i personalitzaci\u00f3:<\/strong><\/h4>\n\n\n\n<p>Aquestes galetes recullen informaci\u00f3 que s&#039;utilitza de forma agregada per ajudar-nos a entendre com s&#039;utilitzen els nostres llocs web o l&#039;efic\u00e0cia de les nostres campanyes de m\u00e0rqueting, o per ajudar-nos a personalitzar els nostres llocs web per a vost\u00e8.<\/p>\n\n\n\n<figure class=\"wp-block-table\"><table><tbody><tr><td>Nom:<\/td><td>_ga<\/td><\/tr><tr><td>Prop\u00f2sit:<\/td><td>Registra un identificador particular que s&#039;utilitza per obtenir dades sobre l&#039;\u00fas del lloc web per part de l&#039;usuari. \u00c9s una galeta http que caduca al cap de 2 anys.<\/td><\/tr><tr><td>Prove\u00efdor:<\/td><td>.admit-one.eu<\/td><\/tr><tr><td>Servei:<\/td><td>An\u00e0lisis de Google&nbsp;<a href=\"https:\/\/policies.google.com\/privacy\" target=\"_blank\" rel=\"noreferrer noopener\">veure la pol\u00edtica de privadesa del servei<\/a>&nbsp;&nbsp;<\/td><\/tr><tr><td>Pa\u00eds:<\/td><td>Regne Unit<\/td><\/tr><tr><td>Tipus:<\/td><td>Http_cookie<\/td><\/tr><tr><td>Caduca en:<\/td><td>1 any 11 mesos 29 dies<\/td><\/tr><tr><td>Nom:<\/td><td>#collect<\/td><\/tr><tr><td>Prop\u00f2sit:<\/td><td>Envia dades com ara el comportament del visitant i el dispositiu a Google Analytics. \u00c9s capa\u00e7 de fer un seguiment del visitant a trav\u00e9s dels canals i dispositius de m\u00e0rqueting. \u00c9s una galeta tipus rastrejador de p\u00edxels l&#039;activitat de la qual dura dins de la sessi\u00f3 de navegaci\u00f3.<\/td><\/tr><tr><td>Prove\u00efdor:<\/td><td>Admit-one.eu<\/td><\/tr><tr><td>Servei:<\/td><td>An\u00e0lisis de Google&nbsp;<a href=\"https:\/\/policies.google.com\/privacy\" target=\"_blank\" rel=\"noreferrer noopener\">veure la pol\u00edtica de privadesa del servei<\/a>&nbsp;&nbsp;<\/td><\/tr><tr><td>Pa\u00eds:<\/td><td>Estats Units<\/td><\/tr><tr><td>Tipus:<\/td><td>Pixel_tracker<\/td><\/tr><tr><td>Caduca en:<\/td><td>Sessi\u00f3<\/td><\/tr><tr><td><\/td><td><\/td><td><\/td><\/tr><\/tbody><\/table><\/figure>\n\n\n\n<figure class=\"wp-block-table\"><table><tbody><tr><td>Nom:<\/td><td>_gid<\/td><\/tr><tr><td>Prop\u00f2sit:<\/td><td>Mant\u00e9 una entrada d&#039;identificador \u00fanic que despr\u00e9s s&#039;utilitza per obtenir dades estad\u00edstiques sobre l&#039;\u00fas del lloc web per part dels visitants. \u00c9s un tipus de galeta http i caduca despr\u00e9s d&#039;una sessi\u00f3 de navegaci\u00f3.<\/td><\/tr><tr><td>Prove\u00efdor:<\/td><td>.admit-one.eu<\/td><\/tr><tr><td>Servei:<\/td><td>An\u00e0lisis de Google&nbsp;<a href=\"https:\/\/policies.google.com\/privacy\" target=\"_blank\" rel=\"noreferrer noopener\">veure la pol\u00edtica de privadesa del servei<\/a>&nbsp;&nbsp;<\/td><\/tr><tr><td>Pa\u00eds:<\/td><td>Regne Unit<\/td><\/tr><tr><td>Tipus:<\/td><td>Http_cookie<\/td><\/tr><tr><td>Caduca en:<\/td><td>1 dia<\/td><\/tr><tr><td>Nom:<\/td><td>_gat#<\/td><\/tr><tr><td>Prop\u00f2sit:<\/td><td>Habilita Google Analytics per regular la taxa de sol\u00b7licitud. \u00c9s un tipus de galeta http que dura una sessi\u00f3.<\/td><\/tr><tr><td>Prove\u00efdor:<\/td><td>.admit-one.eu<\/td><\/tr><tr><td>Servei:<\/td><td>An\u00e0lisis de Google&nbsp;<a href=\"https:\/\/policies.google.com\/privacy\" target=\"_blank\" rel=\"noreferrer noopener\">veure la pol\u00edtica de privadesa del servei<\/a>&nbsp;&nbsp;<\/td><\/tr><tr><td>Pa\u00eds:<\/td><td>Regne Unit<\/td><\/tr><tr><td>Tipus:<\/td><td>Http_cookie<\/td><\/tr><tr><td>Caduca en:<\/td><td>1 minut<\/td><\/tr><tr><td><\/td><td><\/td><td><\/td><\/tr><\/tbody><\/table><\/figure>\n\n\n\n<h4>Cookies no classificades:<\/h4>\n\n\n\n<p>S\u00f3n cookies que encara no s&#039;han classificat. Estem en proc\u00e9s de classificar aquestes cookies amb l&#039;ajuda dels seus prove\u00efdors.<\/p>\n\n\n\n<figure class=\"wp-block-table\"><table><tbody><tr><td>Nom:<\/td><td>Uuid<\/td><\/tr><tr><td>Prop\u00f2sit:<\/td><td>__________<\/td><\/tr><tr><td>Prove\u00efdor:<\/td><td>Sibautomatisation.com<\/td><\/tr><tr><td>Servei:<\/td><td>__________ &nbsp;<\/td><\/tr><tr><td>Pa\u00eds:<\/td><td>Estats Units<\/td><\/tr><tr><td>Tipus:<\/td><td>Http_cookie<\/td><\/tr><tr><td>Caduca en:<\/td><td>1 any 29 dies<\/td><\/tr><tr><td>Nom:<\/td><td>Sib_cuid<\/td><\/tr><tr><td>Prop\u00f2sit:<\/td><td>__________<\/td><\/tr><tr><td>Prove\u00efdor:<\/td><td>.admit-one.eu<\/td><\/tr><tr><td>Servei:<\/td><td>__________ &nbsp;<\/td><\/tr><tr><td>Pa\u00eds:<\/td><td>Regne Unit<\/td><\/tr><tr><td>Tipus:<\/td><td>Http_cookie<\/td><\/tr><tr><td>Caduca en:<\/td><td>1 any 29 dies<\/td><\/tr><\/tbody><\/table><\/figure>\n\n\n\n<h4><strong>Qu\u00e8 passa amb altres tecnologies de seguiment, com ara balises web?<\/strong><\/h4>\n\n\n\n<p>Les galetes no s\u00f3n l&#039;\u00fanica manera de recon\u00e8ixer o fer un seguiment dels visitants d&#039;un lloc web. De tant en tant, podem utilitzar altres tecnologies similars, com ara balises web (de vegades anomenades &quot;p\u00edxels de seguiment&quot; o &quot;gifs clars&quot;). Aquests s\u00f3n petits fitxers gr\u00e0fics que contenen un identificador \u00fanic que ens permet recon\u00e8ixer quan alg\u00fa ha visitat els nostres llocs web o ha obert un correu electr\u00f2nic que els inclou. Aix\u00f2 ens permet, per exemple, controlar els patrons de tr\u00e0nsit dels usuaris d&#039;una p\u00e0gina d&#039;un lloc web a una altra, lliurar o comunicar-nos amb galetes, entendre si heu arribat al lloc web des d&#039;un anunci en l\u00ednia que es mostra en un lloc web de tercers. , per millorar el rendiment del lloc i per mesurar l&#039;\u00e8xit de les campanyes de m\u00e0rqueting per correu electr\u00f2nic. En molts casos, aquestes tecnologies depenen de les galetes per funcionar correctament, de manera que la declinaci\u00f3 de les galetes afectar\u00e0 el seu funcionament.<\/p>\n\n\n\n<h4><strong>Utilitzeu galetes flash o objectes locals compartits?<\/strong><\/h4>\n\n\n\n<p>Els llocs web tamb\u00e9 poden utilitzar les anomenades &quot;galetes flash&quot; (tamb\u00e9 conegudes com a objectes locals compartits o &quot;lsos&quot;) per, entre altres coses, recopilar i emmagatzemar informaci\u00f3 sobre l&#039;\u00fas que feu dels nostres serveis, la prevenci\u00f3 de fraus i per a altres operacions del lloc.<\/p>\n\n\n\n<p>Si no voleu que s&#039;emmagatzemin galetes flash al vostre ordinador, podeu ajustar la configuraci\u00f3 del vostre reproductor flash per bloquejar l&#039;emmagatzematge de galetes flash utilitzant les eines incloses al&nbsp;<a href=\"http:\/\/www.macromedia.com\/support\/documentation\/en\/flashplayer\/help\/settings_manager07.html#_blank\">tauler de configuraci\u00f3 d&#039;emmagatzematge del lloc web<\/a>. Tamb\u00e9 podeu controlar les galetes flash si aneu a&nbsp;<a href=\"http:\/\/www.macromedia.com\/support\/documentation\/en\/flashplayer\/help\/settings_manager03.html#_blank\">tauler de configuraci\u00f3 d&#039;emmagatzematge global<\/a>&nbsp;i seguint les instruccions (que poden incloure instruccions que expliquen, per exemple, com eliminar les galetes flash existents (es refereix a &quot;informaci\u00f3&quot; al lloc de macromedia), com evitar que es col\u00b7loquin flash lsos a l&#039;ordinador sense que se us demani, i (per a Flash Player 8 i posteriors) com bloquejar les galetes flash que l&#039;operador de la p\u00e0gina on us trobeu no l&#039;envi\u00ef en aquell moment).<\/p>\n\n\n\n<p>Tingueu en compte que configurar el reproductor flash per restringir o limitar l&#039;acceptaci\u00f3 de galetes flash pot reduir o impedir la funcionalitat d&#039;algunes aplicacions flash, incloses, potencialment, les aplicacions flash utilitzades en relaci\u00f3 amb els nostres serveis o contingut en l\u00ednia.<\/p>\n\n\n\n<h4><strong>Doneu publicitat dirigida?<\/strong><\/h4>\n\n\n\n<p>Els tercers poden servir galetes al vostre ordinador o dispositiu m\u00f2bil per publicar publicitat a trav\u00e9s dels nostres llocs web. Aquestes empreses poden utilitzar informaci\u00f3 sobre les vostres visites a aquest i altres llocs web per oferir anuncis rellevants sobre b\u00e9ns i serveis que us puguin interessar. Tamb\u00e9 poden utilitzar tecnologia que s&#039;utilitza per mesurar l&#039;efic\u00e0cia dels anuncis. Aix\u00f2 ho poden aconseguir mitjan\u00e7ant galetes o balises web per recopilar informaci\u00f3 sobre les vostres visites a aquest i altres llocs per tal de proporcionar anuncis rellevants sobre b\u00e9ns i serveis que us puguin interessar. La informaci\u00f3 recopilada a trav\u00e9s d&#039;aquest proc\u00e9s no ens permet identificar el vostre nom, dades de contacte o altres dades que us identifiquin directament, tret que decidiu proporcionar-los.<\/p>\n\n\n\n<h4><strong>Amb quina freq\u00fc\u00e8ncia actualitzareu aquesta pol\u00edtica de cookies?<\/strong><\/h4>\n\n\n\n<p>\u00c9s possible que actualitzem aquesta pol\u00edtica de galetes de tant en tant per reflectir, per exemple, canvis a les galetes que utilitzem o per altres motius operatius, legals o reglamentaris. Per tant, torneu a visitar aquesta pol\u00edtica de galetes peri\u00f2dicament per mantenir-vos informat sobre el nostre \u00fas de galetes i tecnologies relacionades.<\/p>\n\n\n\n<p>La data a la part superior d&#039;aquesta pol\u00edtica de cookies indica quan es va actualitzar per \u00faltima vegada.<\/p>\n\n\n\n<h4><strong>On puc obtenir m\u00e9s informaci\u00f3?<\/strong><\/h4>\n\n\n\n<p>Si teniu cap pregunta sobre el nostre \u00fas de cookies o altres tecnologies, envieu-nos un correu electr\u00f2nic a\u00a0<a href=\"mailto:info@admit-one.co.uk.local\">info@admit-one.co.uk<\/a>\u00a0o per correu postal a:<\/p>\n\n\n\n<p>Programari col\u00b7laboratiu limitat<br>Unit 9 Albany Park<br>Cabot Lane<br>Poole BH17 7BX<br>Tel\u00e8fon: 01929 551356<\/p>","protected":false},"excerpt":{"rendered":"<p>Aquesta pol\u00edtica de galetes explica com el programari col\u00b7laboratiu limitat (&quot;empresa&quot;, &quot;nosaltres&quot;, &quot;nosaltres&quot; i &quot;nostre&quot;) utilitza galetes i tecnologies similars per recon\u00e8ixer-vos quan visiteu els nostres llocs web a https:\/\/admit-one.co. uk, (&quot;llocs web&quot;). S&#039;explica qu\u00e8 s\u00f3n aquestes tecnologies i per qu\u00e8 les fem servir, aix\u00ed com els vostres drets per controlar-ne l&#039;\u00fas. En alguns casos podem utilitzar cookies per...&nbsp;<a href=\"https:\/\/admit-one.eu\/ca\/politica-de-cookies\/\" rel=\"bookmark\">Llegeix m\u00e9s &quot;<span class=\"screen-reader-text\">Pol\u00edtica de cookies<\/span><\/a><\/p>","protected":false},"author":1,"featured_media":0,"parent":0,"menu_order":0,"comment_status":"closed","ping_status":"closed","template":"","meta":{"om_disable_all_campaigns":false,"_uag_custom_page_level_css":"","_mi_skip_tracking":false,"neve_meta_sidebar":"","neve_meta_container":"","neve_meta_enable_content_width":"","neve_meta_content_width":0,"neve_meta_title_alignment":"","neve_meta_author_avatar":"","neve_post_elements_order":"","neve_meta_disable_header":"","neve_meta_disable_footer":"","neve_meta_disable_title":"on","neve_meta_reading_time":"","_themeisle_gutenberg_block_has_review":false},"categories":[],"tags":[],"folder":[91],"aioseo_notices":[],"uagb_featured_image_src":{"full":false,"thumbnail":false,"medium":false,"medium_large":false,"large":false,"1536x1536":false,"2048x2048":false,"trp-custom-language-flag":false,"neve-blog":false,"xl":false,"xxl":false,"xxxl":false,"xxxxl":false,"xxxxxl":false},"uagb_author_info":{"display_name":"James Gibson","author_link":"https:\/\/admit-one.eu\/ca\/blog\/author\/james-gibson\/"},"uagb_comment_info":0,"uagb_excerpt":"This cookie policy explains how&nbsp;collaborative software limited&nbsp;(&#8220;company&#8220;, &#8220;we&#8220;, &#8220;us&#8220;, and &#8220;our&#8220;) uses cookies and similar technologies to recognize you when you visit our websites at&nbsp;https:\/\/admit-one.co.uk,&nbsp;(&#8220;websites&#8220;). It explains what these technologies are and why we use them, as well as your rights to control our use of them. In some cases we may use cookies to&hellip;&nbsp;Read&hellip;","_links":{"self":[{"href":"https:\/\/admit-one.eu\/ca\/wp-json\/wp\/v2\/pages\/9308"}],"collection":[{"href":"https:\/\/admit-one.eu\/ca\/wp-json\/wp\/v2\/pages"}],"about":[{"href":"https:\/\/admit-one.eu\/ca\/wp-json\/wp\/v2\/types\/page"}],"author":[{"embeddable":true,"href":"https:\/\/admit-one.eu\/ca\/wp-json\/wp\/v2\/users\/1"}],"replies":[{"embeddable":true,"href":"https:\/\/admit-one.eu\/ca\/wp-json\/wp\/v2\/comments?post=9308"}],"version-history":[{"count":1,"href":"https:\/\/admit-one.eu\/ca\/wp-json\/wp\/v2\/pages\/9308\/revisions"}],"predecessor-version":[{"id":15627,"href":"https:\/\/admit-one.eu\/ca\/wp-json\/wp\/v2\/pages\/9308\/revisions\/15627"}],"wp:attachment":[{"href":"https:\/\/admit-one.eu\/ca\/wp-json\/wp\/v2\/media?parent=9308"}],"wp:term":[{"taxonomy":"category","embeddable":true,"href":"https:\/\/admit-one.eu\/ca\/wp-json\/wp\/v2\/categories?post=9308"},{"taxonomy":"post_tag","embeddable":true,"href":"https:\/\/admit-one.eu\/ca\/wp-json\/wp\/v2\/tags?post=9308"},{"taxonomy":"folder","embeddable":true,"href":"https:\/\/admit-one.eu\/ca\/wp-json\/wp\/v2\/folder?post=9308"}],"curies":[{"name":"wp","href":"https:\/\/api.w.org\/{rel}","templated":true}]}}