{"id":12763,"date":"2023-03-06T14:02:22","date_gmt":"2023-03-06T14:02:22","guid":{"rendered":"https:\/\/admit-one.co.uk\/?page_id=12763"},"modified":"2026-02-11T12:17:39","modified_gmt":"2026-02-11T12:17:39","slug":"careers","status":"publish","type":"page","link":"https:\/\/admit-one.eu\/ca\/carreres\/","title":{"rendered":"Carreres professionals"},"content":{"rendered":"<div id=\"wp-block-themeisle-blocks-advanced-columns-f3534b6f\" class=\"wp-block-themeisle-blocks-advanced-columns alignfull has-1-columns has-desktop-twoOne-layout has-tablet-equal-layout has-mobile-collapsedRows-layout has-reverse-columns-mobile has-vertical-unset has-vertical-undefined\"><div class=\"wp-block-themeisle-blocks-advanced-columns-overlay\"><\/div><div class=\"innerblocks-wrap\">\n<div id=\"wp-block-themeisle-blocks-advanced-column-49529f4b\" class=\"wp-block-themeisle-blocks-advanced-column\" data-aos=\"fade\" data-aos-duration=\"1200\">\n<h1 class=\"has-text-align-center\">Carreres professionals<\/h1>\n\n\n\n<h3 class=\"has-text-align-center\">Vols unir-te a una empresa de tecnologia vibrant i de r\u00e0pid creixement amb seu a Dorset, Regne Unit?<\/h3>\n\n\n\n<p class=\"has-text-align-center\">Ens encantaria saber de vosaltres... <\/p>\n\n\n\n<p class=\"has-text-align-center\">A continuaci\u00f3 es mostren les nostres posicions disponibles actuals. Si creieu que seria adequat per a una funci\u00f3, envieu un correu electr\u00f2nic <a href=\"mailto:recruitment@admit-one.co.uk\" rel=\"nofollow\" title=\"\">recruitment@admit-one.co.uk<\/a> i adjunta el teu curr\u00edculum vitae i carta de presentaci\u00f3 indicant a quina posici\u00f3 est\u00e0s sol\u00b7licitant.<\/p>\n<\/div>\n<\/div><div class=\"wp-block-themeisle-blocks-advanced-columns-separators bottom\"><svg id=\"slant\" fill=\"var(--nv-light-bg)\" viewbox=\"0 0 100 100\" width=\"100%\" height=\"100\" preserveaspectratio=\"none\" xmlns=\"http:\/\/www.w3.org\/2000\/svg\" class=\"rotate\"><path d=\"M0 0 L0 100 L100 0 Z\"><\/path><\/svg><\/div><\/div>\n\n\n\n<div class=\"is-layout-constrained wp-block-group alignwide panels-overlay\"><div class=\"wp-block-group__inner-container\"><\/div><\/div>","protected":false},"excerpt":{"rendered":"","protected":false},"author":1,"featured_media":0,"parent":0,"menu_order":0,"comment_status":"closed","ping_status":"closed","template":"","meta":{"om_disable_all_campaigns":false,"_uag_custom_page_level_css":"","_mi_skip_tracking":false,"neve_meta_sidebar":"","neve_meta_container":"full-width","neve_meta_enable_content_width":"","neve_meta_content_width":0,"neve_meta_title_alignment":"","neve_meta_author_avatar":"","neve_post_elements_order":"","neve_meta_disable_header":"off","neve_meta_disable_footer":"","neve_meta_disable_title":"on","neve_meta_reading_time":"","_themeisle_gutenberg_block_has_review":false},"categories":[],"tags":[],"folder":[],"aioseo_notices":[],"uagb_featured_image_src":{"full":false,"thumbnail":false,"medium":false,"medium_large":false,"large":false,"1536x1536":false,"2048x2048":false,"trp-custom-language-flag":false,"neve-blog":false,"xl":false,"xxl":false,"xxxl":false,"xxxxl":false,"xxxxxl":false},"uagb_author_info":{"display_name":"James Gibson","author_link":"https:\/\/admit-one.eu\/ca\/blog\/author\/james-gibson\/"},"uagb_comment_info":0,"uagb_excerpt":null,"_links":{"self":[{"href":"https:\/\/admit-one.eu\/ca\/wp-json\/wp\/v2\/pages\/12763"}],"collection":[{"href":"https:\/\/admit-one.eu\/ca\/wp-json\/wp\/v2\/pages"}],"about":[{"href":"https:\/\/admit-one.eu\/ca\/wp-json\/wp\/v2\/types\/page"}],"author":[{"embeddable":true,"href":"https:\/\/admit-one.eu\/ca\/wp-json\/wp\/v2\/users\/1"}],"replies":[{"embeddable":true,"href":"https:\/\/admit-one.eu\/ca\/wp-json\/wp\/v2\/comments?post=12763"}],"version-history":[{"count":52,"href":"https:\/\/admit-one.eu\/ca\/wp-json\/wp\/v2\/pages\/12763\/revisions"}],"predecessor-version":[{"id":15699,"href":"https:\/\/admit-one.eu\/ca\/wp-json\/wp\/v2\/pages\/12763\/revisions\/15699"}],"wp:attachment":[{"href":"https:\/\/admit-one.eu\/ca\/wp-json\/wp\/v2\/media?parent=12763"}],"wp:term":[{"taxonomy":"category","embeddable":true,"href":"https:\/\/admit-one.eu\/ca\/wp-json\/wp\/v2\/categories?post=12763"},{"taxonomy":"post_tag","embeddable":true,"href":"https:\/\/admit-one.eu\/ca\/wp-json\/wp\/v2\/tags?post=12763"},{"taxonomy":"folder","embeddable":true,"href":"https:\/\/admit-one.eu\/ca\/wp-json\/wp\/v2\/folder?post=12763"}],"curies":[{"name":"wp","href":"https:\/\/api.w.org\/{rel}","templated":true}]}}