{"id":12338,"date":"2023-01-23T12:01:18","date_gmt":"2023-01-23T12:01:18","guid":{"rendered":"https:\/\/admit-one.co.uk\/?page_id=12338"},"modified":"2024-02-22T16:28:39","modified_gmt":"2024-02-22T16:28:39","slug":"about-us","status":"publish","type":"page","link":"https:\/\/admit-one.eu\/ca\/sobre-nosaltres\/","title":{"rendered":"Sobre nosaltres"},"content":{"rendered":"<div id=\"wp-block-themeisle-blocks-advanced-columns-dff4b542\" class=\"wp-block-themeisle-blocks-advanced-columns alignfull has-1-columns has-desktop-twoOne-layout has-tablet-equal-layout has-mobile-collapsedRows-layout has-reverse-columns-mobile has-vertical-unset has-vertical-undefined\"><div class=\"wp-block-themeisle-blocks-advanced-columns-overlay\"><\/div><div class=\"innerblocks-wrap\">\n<div id=\"wp-block-themeisle-blocks-advanced-column-eee0d37b\" class=\"wp-block-themeisle-blocks-advanced-column\" data-aos=\"fade\" data-aos-duration=\"1200\">\n<h1 class=\"has-text-align-center wp-block-heading\">Sobre nosaltres<\/h1>\n\n\n\n<h3 class=\"has-text-align-center wp-block-heading\">25 anys proporcionant TPV a circuits europeus l\u00edders i grans llocs i atraccions tur\u00edstiques<\/h3>\n<\/div>\n<\/div><\/div>\n\n\n\n<div id=\"wp-block-themeisle-blocks-advanced-columns-76e9b26c\" class=\"wp-block-themeisle-blocks-advanced-columns alignfull has-2-columns has-desktop-oneTwo-layout has-tablet-oneTwo-layout has-mobile-collapsedRows-layout has-reverse-columns-mobile has-vertical-unset has-vertical-undefined\"><div class=\"wp-block-themeisle-blocks-advanced-columns-overlay\"><\/div><div class=\"innerblocks-wrap\">\n<div id=\"wp-block-themeisle-blocks-advanced-column-d2e3e2dd\" class=\"wp-block-themeisle-blocks-advanced-column\" data-aos=\"fade-right\" data-aos-duration=\"1200\"><div class=\"wp-block-image\">\n<figure class=\"aligncenter size-full is-resized\"><img decoding=\"async\" loading=\"lazy\" src=\"https:\/\/admit-one.co.uk\/wp-content\/uploads\/2023\/01\/image_f-and-b_result.webp\" alt=\"\" class=\"wp-image-12260\" width=\"300\" height=\"300\" srcset=\"https:\/\/admit-one.eu\/wp-content\/uploads\/2023\/01\/image_f-and-b_result.webp 400w, https:\/\/admit-one.eu\/wp-content\/uploads\/2023\/01\/image_f-and-b_result-300x300.webp 300w, https:\/\/admit-one.eu\/wp-content\/uploads\/2023\/01\/image_f-and-b_result-150x150.webp 150w, https:\/\/admit-one.eu\/wp-content\/uploads\/2023\/01\/image_f-and-b_result-12x12.webp 12w\" sizes=\"(max-width: 300px) 100vw, 300px\" \/><\/figure><\/div><\/div>\n\n\n\n<div id=\"wp-block-themeisle-blocks-advanced-column-0efe64cf\" class=\"wp-block-themeisle-blocks-advanced-column\" data-aos=\"fade\" data-aos-duration=\"1200\">\n<h4 class=\"has-text-align-left wp-block-heading\">Constru\u00eft per expositors per a expositors<\/h4>\n\n\n\n<p>Tenim una profunda hist\u00f2ria com a operadors d&#039;exposicions, cosa que ens ofereix una capacitat \u00fanica per entendre les vostres necessitats com a expositor i per construir solucions junts per satisfer les vostres necessitats estrat\u00e8giques.<\/p>\n\n\n\n<p>Sabem la import\u00e0ncia de disposar de tecnologia fiable que us permeti dirigir el vostre negoci i servir als vostres clients, per aix\u00f2 la nostra missi\u00f3 sempre ha estat dotar als nostres clients d&#039;eines fiables, intu\u00eftives i flexibles per gestionar el seu entorn en constant canvi.<\/p>\n\n\n\n<p>Amb seu al Regne Unit i oficines a Europa, el nostre equip innovador i talent\u00f3s est\u00e0 desenvolupant idees constantment per garantir que complim aquesta visi\u00f3. Despr\u00e9s de 25 anys al mercat europeu, vam prendre la decisi\u00f3 el 2021 de portar la nostra tecnologia i model operatiu als mercats dels EUA i LATAM. Amb una inversi\u00f3 de 7 xifres i un nou equip empresarial sobre el terreny, la nostra expansi\u00f3 global significa que podem oferir suport local, desenvolupament i llan\u00e7aments les 24 hores del dia als nostres nous clients nacionals.<\/p>\n<\/div>\n<\/div><div class=\"wp-block-themeisle-blocks-advanced-columns-separators bottom\"><svg id=\"slant\" fill=\"var(--nv-text-dark-bg)\" viewbox=\"0 0 100 100\" width=\"100%\" height=\"100\" preserveaspectratio=\"none\" xmlns=\"http:\/\/www.w3.org\/2000\/svg\" class=\"rotate\"><path d=\"M0 0 L0 100 L100 0 Z\"><\/path><\/svg><\/div><\/div>\n\n\n\n<div id=\"wp-block-themeisle-blocks-advanced-columns-0d911272\" class=\"wp-block-themeisle-blocks-advanced-columns has-1-columns has-desktop-equal-layout has-tablet-equal-layout has-mobile-equal-layout has-vertical-unset\"><div class=\"wp-block-themeisle-blocks-advanced-columns-overlay\"><\/div><div class=\"innerblocks-wrap\">\n<div id=\"wp-block-themeisle-blocks-advanced-column-c826e310\" class=\"wp-block-themeisle-blocks-advanced-column\" data-aos=\"fade\" data-aos-duration=\"1200\">\n<h2 class=\"has-text-align-center wp-block-heading\"><strong>Coneix l&#039;equip de lideratge<\/strong><\/h2>\n<\/div>\n<\/div><\/div>\n\n\n\n<section id=\"wp-block-themeisle-blocks-advanced-columns-b06ccfb5\" class=\"wp-block-themeisle-blocks-advanced-columns alignfull has-2-columns has-desktop-equal-layout has-tablet-equal-layout has-mobile-collapsedRows-layout has-vertical-center panels-overlay\"><div class=\"wp-block-themeisle-blocks-advanced-columns-overlay\"><\/div><div class=\"wp-block-themeisle-blocks-advanced-columns-separators top\"><svg id=\"slant\" fill=\"var(--nv-text-dark-bg)\" viewbox=\"0 0 100 100\" width=\"100%\" height=\"100\" preserveaspectratio=\"none\" xmlns=\"http:\/\/www.w3.org\/2000\/svg\" class=\"\"><path d=\"M0 0 L0 100 L100 0 Z\"><\/path><\/svg><\/div><div class=\"innerblocks-wrap\">\n<div id=\"wp-block-themeisle-blocks-advanced-column-3125067c\" class=\"wp-block-themeisle-blocks-advanced-column\" data-aos=\"fade-right\" data-aos-duration=\"1200\"><div class=\"wp-block-image is-style-rounded\">\n<figure class=\"aligncenter size-full is-resized\"><img decoding=\"async\" loading=\"lazy\" src=\"https:\/\/admit-one.co.uk\/wp-content\/uploads\/2023\/01\/Pete_result.webp\" alt=\"Pere Morton\" class=\"wp-image-12607\" width=\"180\" height=\"180\" srcset=\"https:\/\/admit-one.eu\/wp-content\/uploads\/2023\/01\/Pete_result.webp 240w, https:\/\/admit-one.eu\/wp-content\/uploads\/2023\/01\/Pete_result-150x150.webp 150w, https:\/\/admit-one.eu\/wp-content\/uploads\/2023\/01\/Pete_result-12x12.webp 12w\" sizes=\"(max-width: 180px) 100vw, 180px\" \/><\/figure><\/div>\n\n\n<div style=\"height:20px\" aria-hidden=\"true\" class=\"wp-block-spacer\"><\/div>\n\n\n\n<div class=\"is-layout-constrained wp-block-group noTranslate\" data-no-translation=\"\"><div class=\"wp-block-group__inner-container\">\n<h4 class=\"has-text-align-center wp-block-heading noTranslate\" data-no-translation=\"\">Peter Morton<\/h4>\n\n\n\n<h5 class=\"has-text-align-center wp-block-heading\">Founder &amp; CEO<\/h5>\n<\/div><\/div>\n\n\n\n<p>Fundat per Peter Morton, el conseller delegat d&#039;Admit One \u00e9s responsable de la gesti\u00f3 general de l&#039;empresa, aix\u00ed com d&#039;influir en la direcci\u00f3 del producte. Amb m\u00e9s de 35 anys d&#039;experi\u00e8ncia en desenvolupament de programari, amb m\u00e9s de 25 d&#039;aquests relacionats espec\u00edficament amb l&#039;aplicaci\u00f3 de la tecnologia al mercat d&#039;exhibicions, est\u00e0 molt versat en traduir els objectius i necessitats dels clients en solucions fiables i robustes que compleixin els seus objectius.<\/p>\n<\/div>\n\n\n\n<div id=\"wp-block-themeisle-blocks-advanced-column-148ce39f\" class=\"wp-block-themeisle-blocks-advanced-column\" data-aos=\"fade-left\" data-aos-duration=\"1200\"><div class=\"wp-block-image is-style-rounded\">\n<figure class=\"aligncenter size-full is-resized\"><img decoding=\"async\" loading=\"lazy\" src=\"https:\/\/admit-one.co.uk\/wp-content\/uploads\/2023\/01\/matt_result.webp\" alt=\"Matthew Voss\" class=\"wp-image-12609\" width=\"180\" height=\"180\" srcset=\"https:\/\/admit-one.eu\/wp-content\/uploads\/2023\/01\/matt_result.webp 240w, https:\/\/admit-one.eu\/wp-content\/uploads\/2023\/01\/matt_result-150x150.webp 150w, https:\/\/admit-one.eu\/wp-content\/uploads\/2023\/01\/matt_result-12x12.webp 12w\" sizes=\"(max-width: 180px) 100vw, 180px\" \/><\/figure><\/div>\n\n\n<div style=\"height:20px\" aria-hidden=\"true\" class=\"wp-block-spacer\"><\/div>\n\n\n\n<div class=\"is-layout-constrained wp-block-group noTranslate\" data-no-translation=\"\"><div class=\"wp-block-group__inner-container\">\n<h4 class=\"has-text-align-center wp-block-heading noTranslate\" data-no-translation=\"\">Matthew Voss<\/h4>\n\n\n\n<h5 class=\"has-text-align-center wp-block-heading\">CTO<\/h5>\n<\/div><\/div>\n\n\n\n<p class=\"has-text-align-left\">Matt, un veter\u00e0 d&#039;Admit One amb m\u00e9s de 10 anys a la seva acci\u00f3, \u00e9s responsable de la qualitat i l&#039;enfocament t\u00e8cnic dels membres de l&#039;equip, assegurant que els seus projectes es lliuren a temps i amb el pressupost. La seva riquesa de coneixements sobre els nostres sistemes b\u00e0sics \u00e9s inestimable per als nostres clients, tant nous com existents, quan requereixen una funcionalitat a mida.<\/p>\n<\/div>\n<\/div><\/section>\n\n\n\n<section id=\"wp-block-themeisle-blocks-advanced-columns-90947d6e\" class=\"wp-block-themeisle-blocks-advanced-columns alignfull has-2-columns has-desktop-equal-layout has-tablet-equal-layout has-mobile-collapsedRows-layout has-vertical-center panels-overlay\"><div class=\"wp-block-themeisle-blocks-advanced-columns-overlay\"><\/div><div class=\"innerblocks-wrap\">\n<div id=\"wp-block-themeisle-blocks-advanced-column-824d6b28\" class=\"wp-block-themeisle-blocks-advanced-column\" data-aos=\"fade-right\" data-aos-duration=\"1200\"><div class=\"wp-block-image is-style-rounded\">\n<figure class=\"aligncenter size-full is-resized\"><img decoding=\"async\" loading=\"lazy\" src=\"https:\/\/admit-one.co.uk\/wp-content\/uploads\/2023\/01\/paul_result.webp\" alt=\"Pau de vedella\" class=\"wp-image-12610\" width=\"180\" height=\"180\" srcset=\"https:\/\/admit-one.eu\/wp-content\/uploads\/2023\/01\/paul_result.webp 240w, https:\/\/admit-one.eu\/wp-content\/uploads\/2023\/01\/paul_result-150x150.webp 150w, https:\/\/admit-one.eu\/wp-content\/uploads\/2023\/01\/paul_result-12x12.webp 12w\" sizes=\"(max-width: 180px) 100vw, 180px\" \/><\/figure><\/div>\n\n\n<div style=\"height:20px\" aria-hidden=\"true\" class=\"wp-block-spacer\"><\/div>\n\n\n\n<div class=\"is-layout-constrained wp-block-group noTranslate\" data-no-translation=\"\"><div class=\"wp-block-group__inner-container\">\n<h4 class=\"has-text-align-center wp-block-heading noTranslate\" data-no-translation=\"\">Paul Veal<\/h4>\n\n\n\n<h5 class=\"has-text-align-center wp-block-heading\">COO<\/h5>\n<\/div><\/div>\n\n\n\n<p class=\"has-text-align-left\">Des que es va incorporar a Admit One l&#039;any 2014, Paul s&#039;ha convertit en l&#039;eix central entre departaments, millorant les pr\u00e0ctiques de treball i mantenint l&#039;harmonia de l&#039;equip. Amb el seu profund coneixement del sector, tamb\u00e9 \u00e9s responsable de supervisar la funci\u00f3 de m\u00e0rqueting de l&#039;empresa, on els seus anys d&#039;experi\u00e8ncia s&#039;han convertit en inestimables a l&#039;hora de comunicar l&#039;oferta de valor d&#039;Admit One als nostres clients i potencials clients.<\/p>\n<\/div>\n\n\n\n<div id=\"wp-block-themeisle-blocks-advanced-column-e491dd6f\" class=\"wp-block-themeisle-blocks-advanced-column\" data-aos=\"fade-left\" data-aos-duration=\"1200\"><div class=\"wp-block-image is-style-rounded\">\n<figure class=\"aligncenter size-full is-resized\"><img decoding=\"async\" loading=\"lazy\" src=\"https:\/\/admit-one.co.uk\/wp-content\/uploads\/2023\/01\/daniel_result.webp\" alt=\"Daniel Tristany\" class=\"wp-image-12608\" width=\"180\" height=\"180\" srcset=\"https:\/\/admit-one.eu\/wp-content\/uploads\/2023\/01\/daniel_result.webp 240w, https:\/\/admit-one.eu\/wp-content\/uploads\/2023\/01\/daniel_result-150x150.webp 150w, https:\/\/admit-one.eu\/wp-content\/uploads\/2023\/01\/daniel_result-12x12.webp 12w\" sizes=\"(max-width: 180px) 100vw, 180px\" \/><\/figure><\/div>\n\n\n<div style=\"height:20px\" aria-hidden=\"true\" class=\"wp-block-spacer\"><\/div>\n\n\n\n<div class=\"is-layout-constrained wp-block-group noTranslate\" data-no-translation=\"\"><div class=\"wp-block-group__inner-container\">\n<h4 class=\"has-text-align-center wp-block-heading\">Daniel Tristan<\/h4>\n\n\n\n<h5 class=\"has-text-align-center wp-block-heading\">CTO US &amp; LATAM<\/h5>\n<\/div><\/div>\n\n\n\n<p class=\"has-text-align-left\">Com a ex-gerent de TI de Cinemex, una de les 5 cadenes multiplex m\u00e9s importants del m\u00f3n amb m\u00e9s de 380 llocs a M\u00e8xic i els EUA, i m\u00e9s recentment cap de l&#039;equip d&#039;integracions de Showtime Analytics, un actor empresarial global en an\u00e0lisi de dades per al cinema i Ind\u00fastries de l&#039;entreteniment, Daniel \u00e9s responsable del nostre nou equip empresarial dedicat als EUA i Am\u00e8rica Llatina, que cobreix tots els cinema tradicionals i els espais polivalents.<\/p>\n<\/div>\n<\/div><\/section>\n\n\n\n<div id=\"wp-block-themeisle-blocks-advanced-columns-01c14de9\" class=\"wp-block-themeisle-blocks-advanced-columns has-2-columns has-desktop-equal-layout has-tablet-collapsedRows-layout has-mobile-collapsedRows-layout has-vertical-unset call-to-action has-dark-bg\" data-aos=\"fade\" data-aos-duration=\"1200\"><div class=\"wp-block-themeisle-blocks-advanced-columns-overlay\"><\/div><div class=\"innerblocks-wrap\">\n<div id=\"wp-block-themeisle-blocks-advanced-column-aed9b021\" class=\"wp-block-themeisle-blocks-advanced-column\">\n<h2 class=\"wp-block-heading has-nv-site-bg-color has-text-color\">Est\u00e0s preparat per comen\u00e7ar amb Admit One?<\/h2>\n\n\n\n<p class=\"has-nv-site-bg-color has-text-color\">Comencem&nbsp;<i class=\"icon-forward\"><\/i><\/p>\n<\/div>\n\n\n\n<div id=\"wp-block-themeisle-blocks-advanced-column-01e8791e\" class=\"wp-block-themeisle-blocks-advanced-column column-right\">\n<h4 class=\"wp-block-heading has-neve-text-color-color has-text-color\">Ajuda&#039;ns a entendre les teves necessitats<\/h4>\n\n\n\n<p class=\"has-neve-text-color-color has-text-color\">Sabem que cada negoci \u00e9s diferent. Siguin quins siguin els vostres requisits \u00fanics, Admit One est\u00e0 aqu\u00ed per oferir-vos un sistema de TPV personalitzat que us funcioni a cada pas del cam\u00ed.<\/p>\n\n\n\n<ul class=\"a1_tick-list has-neve-text-color-color has-text-color\">\n<li>Flexible<\/li>\n\n\n\n<li>Assequible<\/li>\n\n\n\n<li>Escalable<\/li>\n<\/ul>\n\n\n\n<div id=\"wp-block-themeisle-blocks-button-group-5e1b0e52\" class=\"wp-block-themeisle-blocks-button-group wp-block-buttons\">\n<div id=\"wp-block-themeisle-blocks-button-bdaccee1\" class=\"wp-block-themeisle-blocks-button wp-block-button is-style-primary\"><a href=\"https:\/\/admit-one.eu\/ca\/posar-se-en-contacte\/\" target=\"_self\" rel=\"noopener noreferrer\" class=\"wp-block-button__link\"><span>Parlem<\/span><\/a><\/div>\n<\/div>\n<\/div>\n<\/div><\/div>","protected":false},"excerpt":{"rendered":"","protected":false},"author":1,"featured_media":0,"parent":0,"menu_order":0,"comment_status":"closed","ping_status":"closed","template":"","meta":{"om_disable_all_campaigns":false,"_uag_custom_page_level_css":"","_mi_skip_tracking":false,"neve_meta_sidebar":"","neve_meta_container":"full-width","neve_meta_enable_content_width":"","neve_meta_content_width":0,"neve_meta_title_alignment":"","neve_meta_author_avatar":"","neve_post_elements_order":"","neve_meta_disable_header":"","neve_meta_disable_footer":"","neve_meta_disable_title":"on","neve_meta_reading_time":"","_themeisle_gutenberg_block_has_review":false},"categories":[],"tags":[],"folder":[],"aioseo_notices":[],"uagb_featured_image_src":{"full":false,"thumbnail":false,"medium":false,"medium_large":false,"large":false,"1536x1536":false,"2048x2048":false,"trp-custom-language-flag":false,"neve-blog":false,"xl":false,"xxl":false,"xxxl":false,"xxxxl":false,"xxxxxl":false},"uagb_author_info":{"display_name":"James Gibson","author_link":"https:\/\/admit-one.eu\/ca\/blog\/author\/james-gibson\/"},"uagb_comment_info":0,"uagb_excerpt":null,"_links":{"self":[{"href":"https:\/\/admit-one.eu\/ca\/wp-json\/wp\/v2\/pages\/12338"}],"collection":[{"href":"https:\/\/admit-one.eu\/ca\/wp-json\/wp\/v2\/pages"}],"about":[{"href":"https:\/\/admit-one.eu\/ca\/wp-json\/wp\/v2\/types\/page"}],"author":[{"embeddable":true,"href":"https:\/\/admit-one.eu\/ca\/wp-json\/wp\/v2\/users\/1"}],"replies":[{"embeddable":true,"href":"https:\/\/admit-one.eu\/ca\/wp-json\/wp\/v2\/comments?post=12338"}],"version-history":[{"count":3,"href":"https:\/\/admit-one.eu\/ca\/wp-json\/wp\/v2\/pages\/12338\/revisions"}],"predecessor-version":[{"id":15106,"href":"https:\/\/admit-one.eu\/ca\/wp-json\/wp\/v2\/pages\/12338\/revisions\/15106"}],"wp:attachment":[{"href":"https:\/\/admit-one.eu\/ca\/wp-json\/wp\/v2\/media?parent=12338"}],"wp:term":[{"taxonomy":"category","embeddable":true,"href":"https:\/\/admit-one.eu\/ca\/wp-json\/wp\/v2\/categories?post=12338"},{"taxonomy":"post_tag","embeddable":true,"href":"https:\/\/admit-one.eu\/ca\/wp-json\/wp\/v2\/tags?post=12338"},{"taxonomy":"folder","embeddable":true,"href":"https:\/\/admit-one.eu\/ca\/wp-json\/wp\/v2\/folder?post=12338"}],"curies":[{"name":"wp","href":"https:\/\/api.w.org\/{rel}","templated":true}]}}