{"id":11986,"date":"2023-01-09T13:02:04","date_gmt":"2023-01-09T13:02:04","guid":{"rendered":"https:\/\/admit-one.co.uk\/?page_id=11986"},"modified":"2024-02-22T16:31:23","modified_gmt":"2024-02-22T16:31:23","slug":"digital-sales","status":"publish","type":"page","link":"https:\/\/admit-one.eu\/ca\/solucions\/vendes-digitals\/","title":{"rendered":"Venda digital"},"content":{"rendered":"<div id=\"wp-block-themeisle-blocks-advanced-columns-f3534b6f\" class=\"wp-block-themeisle-blocks-advanced-columns has-2-columns has-desktop-twoOne-layout has-tablet-equal-layout has-mobile-collapsedRows-layout has-reverse-columns-mobile has-vertical-unset has-vertical-undefined page-header\"><div class=\"wp-block-themeisle-blocks-advanced-columns-overlay\"><\/div><div class=\"innerblocks-wrap\">\n<div id=\"wp-block-themeisle-blocks-advanced-column-49529f4b\" class=\"wp-block-themeisle-blocks-advanced-column\" data-aos=\"fade\" data-aos-duration=\"1200\">\n<h1 class=\"wp-block-heading\">Venda digital<\/h1>\n\n\n\n<p>Tot el que necessiteu perqu\u00e8 els vostres clients puguin navegar i comprar entrades i extres amb facilitat, sempre que ho desitgin i a trav\u00e9s de tots els canals digitals. Admit One us permet maximitzar les vendes avan\u00e7ades fora de les instal\u00b7lacions alhora que ofereix una experi\u00e8ncia coherent i perfecta en totes les rutes de compra. &nbsp;<\/p>\n\n\n\n<div id=\"wp-block-themeisle-blocks-button-group-74f45ab7\" class=\"wp-block-themeisle-blocks-button-group wp-block-buttons\">\n<div id=\"wp-block-themeisle-blocks-button-6461b3a4\" class=\"wp-block-themeisle-blocks-button wp-block-button is-style-primary\"><a href=\"https:\/\/www.admit-one.co.uk\/request-demo\/\" target=\"_self\" rel=\"noopener noreferrer\" class=\"wp-block-button__link\"><span>Demana una demostraci\u00f3 <\/span><\/a><\/div>\n<\/div>\n<\/div>\n\n\n\n<div id=\"wp-block-themeisle-blocks-advanced-column-27c8e090\" class=\"wp-block-themeisle-blocks-advanced-column\" data-aos=\"fade-up\" data-aos-duration=\"1200\"><div class=\"wp-block-image is-style-default\">\n<figure class=\"aligncenter size-full\"><img decoding=\"async\" src=\"https:\/\/admit-one.co.uk\/wp-content\/uploads\/2023\/01\/image_advanced-sales_result-1.webp\" alt=\"Vendes avan\u00e7ades\" class=\"wp-image-12114\"\/><\/figure><\/div><\/div>\n<\/div><\/div>\n\n\n\n<div id=\"wp-block-themeisle-blocks-advanced-columns-2074d916\" class=\"wp-block-themeisle-blocks-advanced-columns has-2-columns has-desktop-equal-layout has-tablet-equal-layout has-mobile-collapsedRows-layout has-vertical-unset feature-block\"><div class=\"wp-block-themeisle-blocks-advanced-columns-overlay\"><\/div><div class=\"innerblocks-wrap\">\n<div id=\"wp-block-themeisle-blocks-advanced-column-945ee192\" class=\"wp-block-themeisle-blocks-advanced-column\" data-aos=\"fade-right\" data-aos-duration=\"1200\"><div class=\"wp-block-image is-style-default\">\n<figure class=\"alignleft size-full\"><img decoding=\"async\" src=\"https:\/\/admit-one.co.uk\/wp-content\/uploads\/2023\\01\/products_advanced-sales_web_result.webp\" alt=\"Web\" class=\"wp-image-12236\"\/><\/figure><\/div><\/div>\n\n\n\n<div id=\"wp-block-themeisle-blocks-advanced-column-03cad4bb\" class=\"wp-block-themeisle-blocks-advanced-column\" data-aos=\"fade\" data-aos-duration=\"1200\">\n<h3 class=\"wp-block-heading\">Lloc web<\/h3>\n\n\n\n<p>Un enfocament modern de les reserves en l\u00ednia, la nostra plataforma web b\u00e0sica ofereix a la vostra empresa un lloc web i un motor de reserves personalitzats i sensibles als m\u00f2bils. Flux de compres senzill i sense problemes amb total confian\u00e7a en la seguretat, el motor de reserves integrat us ajuda a augmentar les vendes en l\u00ednia i estalviar temps i diners en 3<sup>rd<\/sup> integracions de partits. Nosaltres ens encarreguem de tot, perqu\u00e8 no calgui.<\/p>\n\n\n\n<div class=\"is-layout-flex wp-container-3 wp-block-columns are-vertically-aligned-top\">\n<div class=\"is-layout-flow wp-block-column is-vertically-aligned-top\">\n<ul class=\"a1_tick-list\">\n<li>Contingut din\u00e0mic i en temps real amb personalitzaci\u00f3 i control complets<\/li>\n\n\n\n<li>Flux de reserves flexible amb m\u00faltiples opcions de configuraci\u00f3<\/li>\n\n\n\n<li>Plans de seients amb m\u00faltiples opcions de personalitzaci\u00f3 i visualitzaci\u00f3<\/li>\n\n\n\n<li>Concessions: ofereix vendes addicionals f\u00e0cils per als clients i augmenta la despesa per cap<\/li>\n<\/ul>\n<\/div>\n\n\n\n<div class=\"is-layout-flow wp-block-column is-vertically-aligned-top\">\n<ul class=\"a1_tick-list\">\n<li>Processament de pagaments, inclosa la redirecci\u00f3 de pagaments i la captura de targeta, amb suport per a diversos prove\u00efdors de pagament<\/li>\n\n\n\n<li>Mantingueu els clients connectats amb l&#039;afiliaci\u00f3: animeu f\u00e0cilment les inscripcions i els inicis de sessi\u00f3 al compte dels clients<\/li>\n\n\n\n<li>Veniu targetes regal i vals per augmentar el vostre abast i els vostres ingressos<\/li>\n<\/ul>\n<\/div>\n<\/div>\n<\/div>\n<\/div><\/div>\n\n\n\n<div id=\"wp-block-themeisle-blocks-advanced-columns-7c8d14a1\" class=\"wp-block-themeisle-blocks-advanced-columns has-2-columns has-desktop-equal-layout has-tablet-equal-layout has-mobile-collapsedRows-layout has-vertical-unset feature-block\"><div class=\"wp-block-themeisle-blocks-advanced-columns-overlay\"><\/div><div class=\"innerblocks-wrap\">\n<div id=\"wp-block-themeisle-blocks-advanced-column-6480c00f\" class=\"wp-block-themeisle-blocks-advanced-column\" data-aos=\"fade-right\" data-aos-duration=\"1200\"><div class=\"wp-block-image is-style-default\">\n<figure class=\"alignleft size-full\"><img decoding=\"async\" src=\"https:\/\/admit-one.co.uk\/wp-content\/uploads\/2023\\01\/products_advanced-sales_mobile-app_result.webp\" alt=\"Aplicaci\u00f3 m\u00f2bil\" class=\"wp-image-12235\"\/><\/figure><\/div><\/div>\n\n\n\n<div id=\"wp-block-themeisle-blocks-advanced-column-ed341c03\" class=\"wp-block-themeisle-blocks-advanced-column\" data-aos=\"fade\" data-aos-duration=\"1200\">\n<h3 class=\"wp-block-heading\">Aplicaci\u00f3 m\u00f2bil<\/h3>\n\n\n\n<p>Augmenta la teva base d&#039;usuaris amb l&#039;experi\u00e8ncia m\u00f2bil definitiva i deixa que els teus clients planifiquen el seu proper viatge a la pantalla gran des de qualsevol lloc; mireu tr\u00e0ilers, consulteu els horaris i reserveu i accediu a entrades i extres des de l&#039;aplicaci\u00f3 personalitzada del vostre circuit. &nbsp;<\/p>\n\n\n\n<div class=\"is-layout-flex wp-container-6 wp-block-columns are-vertically-aligned-top\">\n<div class=\"is-layout-flow wp-block-column is-vertically-aligned-top\">\n<ul class=\"a1_tick-list\">\n<li>Aplicacions espec\u00edfiques d&#039;Android i Apple<\/li>\n\n\n\n<li>Experi\u00e8ncia d&#039;usuari perfecta i coherent al web i a l&#039;aplicaci\u00f3<\/li>\n\n\n\n<li>Emmagatzematge d&#039;entrades i membres\/fidelitat mitjan\u00e7ant una pr\u00e0ctica cartera dins de l&#039;aplicaci\u00f3<\/li>\n\n\n\n<li>Oportunitats de venda addicional integrades amb opcions de pre-comanda de menjar i beguda<\/li>\n<\/ul>\n<\/div>\n\n\n\n<div class=\"is-layout-flow wp-block-column is-vertically-aligned-top\">\n<ul class=\"a1_tick-list\">\n<li>Codis de barres de bitllet electr\u00f2nic per a l&#039;entrada sense contacte<\/li>\n\n\n\n<li>Notificacions push per a missatgeria i m\u00e0rqueting a l&#039;aplicaci\u00f3<\/li>\n\n\n\n<li>Informes anal\u00edtics<\/li>\n<\/ul>\n<\/div>\n<\/div>\n<\/div>\n<\/div><\/div>\n\n\n\n<div id=\"wp-block-themeisle-blocks-advanced-columns-adedf2b1\" class=\"wp-block-themeisle-blocks-advanced-columns has-2-columns has-desktop-equal-layout has-tablet-equal-layout has-mobile-collapsedRows-layout has-vertical-unset feature-block\"><div class=\"wp-block-themeisle-blocks-advanced-columns-overlay\"><\/div><div class=\"innerblocks-wrap\">\n<div id=\"wp-block-themeisle-blocks-advanced-column-c85a1b5a\" class=\"wp-block-themeisle-blocks-advanced-column\" data-aos=\"fade-right\" data-aos-duration=\"1200\"><div class=\"wp-block-image is-style-default\">\n<figure class=\"alignleft size-full\"><img decoding=\"async\" src=\"https:\/\/admit-one.co.uk\/wp-content\/uploads\/2023\/01\/products_advanced-sales_api_result.webp\" alt=\"API\" class=\"wp-image-12265\"\/><\/figure><\/div><\/div>\n\n\n\n<div id=\"wp-block-themeisle-blocks-advanced-column-d67ecbfb\" class=\"wp-block-themeisle-blocks-advanced-column\" data-aos=\"fade\" data-aos-duration=\"1200\">\n<h3 class=\"wp-block-heading\">API de llocs de tercers<\/h3>\n\n\n\n<p>Assegureu-vos que maximitzeu tots els canals de compra d&#039;entrades i que proporcioneu una experi\u00e8ncia perfecta als clients amb Admit One&#039;s 3<sup>rd<\/sup> integracions del lloc web del partit. Amb l&#039;escriptura en temps real al vostre TPV, podeu assegurar-vos que la disponibilitat d&#039;entrades i les opcions de seients es mantenen actualitzades.&nbsp;<\/p>\n\n\n\n<div class=\"is-layout-flex wp-container-9 wp-block-columns are-vertically-aligned-top\">\n<div class=\"is-layout-flow wp-block-column is-vertically-aligned-top\">\n<ul class=\"a1_tick-list\">\n<li>Pel\u00b7l\u00edcules de suricates&nbsp;&nbsp;<\/li>\n\n\n\n<li>Viator&nbsp;<\/li>\n<\/ul>\n<\/div>\n\n\n\n<div class=\"is-layout-flow wp-block-column is-vertically-aligned-top\">\n<ul class=\"a1_tick-list\">\n<li>Qubica&nbsp;<\/li>\n\n\n\n<li>Fandango<\/li>\n<\/ul>\n<\/div>\n<\/div>\n<\/div>\n<\/div><\/div>\n\n\n\n<div id=\"wp-block-themeisle-blocks-advanced-columns-01c14de9\" class=\"wp-block-themeisle-blocks-advanced-columns has-2-columns has-desktop-equal-layout has-tablet-collapsedRows-layout has-mobile-collapsedRows-layout has-vertical-unset call-to-action has-dark-bg\" data-aos=\"fade\" data-aos-duration=\"1200\"><div class=\"wp-block-themeisle-blocks-advanced-columns-overlay\"><\/div><div class=\"innerblocks-wrap\">\n<div id=\"wp-block-themeisle-blocks-advanced-column-aed9b021\" class=\"wp-block-themeisle-blocks-advanced-column\">\n<h2 class=\"wp-block-heading has-nv-site-bg-color has-text-color\">Est\u00e0s preparat per comen\u00e7ar amb Admit One?<\/h2>\n\n\n\n<p class=\"has-nv-site-bg-color has-text-color\">Comencem&nbsp;<i class=\"icon-forward\"><\/i><\/p>\n<\/div>\n\n\n\n<div id=\"wp-block-themeisle-blocks-advanced-column-01e8791e\" class=\"wp-block-themeisle-blocks-advanced-column column-right\">\n<h4 class=\"wp-block-heading has-neve-text-color-color has-text-color\">Ajuda&#039;ns a entendre les teves necessitats<\/h4>\n\n\n\n<p class=\"has-neve-text-color-color has-text-color\">Sabem que cada negoci \u00e9s diferent. Siguin quins siguin els vostres requisits \u00fanics, Admit One est\u00e0 aqu\u00ed per oferir-vos un sistema de TPV personalitzat que us funcioni a cada pas del cam\u00ed.<\/p>\n\n\n\n<ul class=\"a1_tick-list has-neve-text-color-color has-text-color\">\n<li>Flexible<\/li>\n\n\n\n<li>Assequible<\/li>\n\n\n\n<li>Escalable<\/li>\n<\/ul>\n\n\n\n<div id=\"wp-block-themeisle-blocks-button-group-5e1b0e52\" class=\"wp-block-themeisle-blocks-button-group wp-block-buttons\">\n<div id=\"wp-block-themeisle-blocks-button-bdaccee1\" class=\"wp-block-themeisle-blocks-button wp-block-button is-style-primary\"><a href=\"https:\/\/admit-one.eu\/ca\/posar-se-en-contacte\/\" target=\"_self\" rel=\"noopener noreferrer\" class=\"wp-block-button__link\"><span>Parlem<\/span><\/a><\/div>\n<\/div>\n<\/div>\n<\/div><\/div>","protected":false},"excerpt":{"rendered":"","protected":false},"author":1,"featured_media":0,"parent":14814,"menu_order":0,"comment_status":"closed","ping_status":"closed","template":"","meta":{"om_disable_all_campaigns":false,"_uag_custom_page_level_css":"","_mi_skip_tracking":false,"neve_meta_sidebar":"default","neve_meta_container":"full-width","neve_meta_enable_content_width":"","neve_meta_content_width":0,"neve_meta_title_alignment":"center","neve_meta_author_avatar":"","neve_post_elements_order":"","neve_meta_disable_header":"","neve_meta_disable_footer":"","neve_meta_disable_title":"on","neve_meta_reading_time":"","_themeisle_gutenberg_block_has_review":false},"categories":[],"tags":[],"folder":[90],"aioseo_notices":[],"uagb_featured_image_src":{"full":false,"thumbnail":false,"medium":false,"medium_large":false,"large":false,"1536x1536":false,"2048x2048":false,"trp-custom-language-flag":false,"neve-blog":false,"xl":false,"xxl":false,"xxxl":false,"xxxxl":false,"xxxxxl":false},"uagb_author_info":{"display_name":"James Gibson","author_link":"https:\/\/admit-one.eu\/ca\/blog\/author\/james-gibson\/"},"uagb_comment_info":0,"uagb_excerpt":null,"_links":{"self":[{"href":"https:\/\/admit-one.eu\/ca\/wp-json\/wp\/v2\/pages\/11986"}],"collection":[{"href":"https:\/\/admit-one.eu\/ca\/wp-json\/wp\/v2\/pages"}],"about":[{"href":"https:\/\/admit-one.eu\/ca\/wp-json\/wp\/v2\/types\/page"}],"author":[{"embeddable":true,"href":"https:\/\/admit-one.eu\/ca\/wp-json\/wp\/v2\/users\/1"}],"replies":[{"embeddable":true,"href":"https:\/\/admit-one.eu\/ca\/wp-json\/wp\/v2\/comments?post=11986"}],"version-history":[{"count":7,"href":"https:\/\/admit-one.eu\/ca\/wp-json\/wp\/v2\/pages\/11986\/revisions"}],"predecessor-version":[{"id":15114,"href":"https:\/\/admit-one.eu\/ca\/wp-json\/wp\/v2\/pages\/11986\/revisions\/15114"}],"up":[{"embeddable":true,"href":"https:\/\/admit-one.eu\/ca\/wp-json\/wp\/v2\/pages\/14814"}],"wp:attachment":[{"href":"https:\/\/admit-one.eu\/ca\/wp-json\/wp\/v2\/media?parent=11986"}],"wp:term":[{"taxonomy":"category","embeddable":true,"href":"https:\/\/admit-one.eu\/ca\/wp-json\/wp\/v2\/categories?post=11986"},{"taxonomy":"post_tag","embeddable":true,"href":"https:\/\/admit-one.eu\/ca\/wp-json\/wp\/v2\/tags?post=11986"},{"taxonomy":"folder","embeddable":true,"href":"https:\/\/admit-one.eu\/ca\/wp-json\/wp\/v2\/folder?post=11986"}],"curies":[{"name":"wp","href":"https:\/\/api.w.org\/{rel}","templated":true}]}}